{"id":7506,"date":"2025-07-28T12:57:45","date_gmt":"2025-07-28T12:57:45","guid":{"rendered":"https:\/\/www.jymachinetech.com\/?post_type=product&#038;p=7506"},"modified":"2025-07-28T12:57:45","modified_gmt":"2025-07-28T12:57:45","slug":"automatic-weighting-cfa-adding-station","status":"publish","type":"product","link":"https:\/\/www.jymachinetech.com\/pt\/product\/automatic-weighting-cfa-adding-station\/","title":{"rendered":"Pondera\u00e7\u00e3o autom\u00e1tica e esta\u00e7\u00e3o de adi\u00e7\u00e3o de CFA"},"content":{"rendered":"<p><strong><a href=\"https:\/\/www.jymachinetech.com\/wp-content\/uploads\/2025\/07\/Automatic-Weighting1.jpg\" target=\"_blank\"><img fetchpriority=\"high\" decoding=\"async\" class=\"alignnone size-full wp-image-7507\" src=\"https:\/\/www.jymachinetech.com\/wp-content\/uploads\/2025\/07\/Automatic-Weighting1.jpg\" alt=\"\" width=\"600\" height=\"400\" srcset=\"https:\/\/www.jymachinetech.com\/wp-content\/uploads\/2025\/07\/Automatic-Weighting1.jpg 600w, https:\/\/www.jymachinetech.com\/wp-content\/uploads\/2025\/07\/Automatic-Weighting1-18x12.jpg 18w\" sizes=\"(max-width: 600px) 100vw, 600px\" \/><\/a><br \/>\nAceler\u00f4metro<\/strong><strong> Pesagem<\/strong><br \/>\n\u2013 Tanque de pesagem em a\u00e7o inox montado em tr\u00eas c\u00e9lulas de carga para unidade de cozimento final<br \/>\n\u2013 Precis\u00e3o do sistema \u00b10.1 % por controle de peso l\u00edquido, ajustando automaticamente para a\u00e7\u00facar, glicose, pectina, \u00e1gua, etc.<\/p>\n<p>&nbsp;<\/p>\n<ul>\n<li><strong>Biblioteca de Receitas<\/strong><br \/>\n\u2013 PLC armazena at\u00e9 dez receitas pr\u00e9-definidas; todos os registros de lote s\u00e3o registrados e podem ser exportados para o MES\/ERP da planta.<\/li>\n<li><strong>Alimenta\u00e7\u00e3o Cont\u00ednua<\/strong><br \/>\n\u2013 Ingredientes medidos caem no cozedor revestido com alta velocidade de cisalhamento (dissolve grumos de pectina ou gelatina em &lt;3 min).<br \/>\n\u2013 Xarope final \u00e9 bombeado para o tanque de armazenamento para a pr\u00f3xima etapa.<\/li>\n<li><strong>Adi\u00e7\u00e3o de CFA<\/strong><br \/>\n\u2013 Corantes, sabores e \u00e1cidos s\u00e3o dosados via bombas perist\u00e1lticas com medidores de fluxo para repetibilidade de \u00b11 %.<br \/>\n\u2013 Tanque de CFA opcional permite produtos de duas cores ou listrados.<\/li>\n<li><strong>Design Higi\u00eanico<\/strong><br \/>\n\u2013 Todos em a\u00e7o inox 304\/316, filtros tubulares em todas as tubula\u00e7\u00f5es, bolas de spray prontas para CIP e base autoesgot\u00e1vel.<br \/>\nTroca r\u00e1pida de receita (&lt;5 min) com conex\u00f5es de abra\u00e7adeira r\u00e1pida.<\/li>\n<\/ul>\n<p>Pegada t\u00edpica: 1200 mm \u00d7 900 mm \u00d7 1400 mm, pot\u00eancia 1,45 kW, ar 0,6\u20130,8 MPa<\/p>\n<p>&nbsp;<\/p>","protected":false},"excerpt":{"rendered":"<p><strong>Aceler\u00f4metro<\/strong><strong> Pesagem<\/strong><br \/>\n\u2013 Tanque de pesagem em a\u00e7o inox montado em tr\u00eas c\u00e9lulas de carga para unidade de cozimento final<br \/>\n\u2013 Precis\u00e3o do sistema \u00b10.1 % por controle de peso l\u00edquido, ajustando automaticamente para a\u00e7\u00facar, glicose, pectina, \u00e1gua, etc.<\/p>","protected":false},"featured_media":7507,"comment_status":"closed","ping_status":"closed","template":"","meta":[],"product_brand":[],"product_cat":[16],"product_tag":[],"class_list":{"0":"post-7506","1":"product","2":"type-product","3":"status-publish","4":"has-post-thumbnail","6":"product_cat-candy-machine","8":"first","9":"instock","10":"shipping-taxable","11":"product-type-simple"},"_links":{"self":[{"href":"https:\/\/www.jymachinetech.com\/pt\/wp-json\/wp\/v2\/product\/7506","targetHints":{"allow":["GET"]}}],"collection":[{"href":"https:\/\/www.jymachinetech.com\/pt\/wp-json\/wp\/v2\/product"}],"about":[{"href":"https:\/\/www.jymachinetech.com\/pt\/wp-json\/wp\/v2\/types\/product"}],"replies":[{"embeddable":true,"href":"https:\/\/www.jymachinetech.com\/pt\/wp-json\/wp\/v2\/comments?post=7506"}],"version-history":[{"count":1,"href":"https:\/\/www.jymachinetech.com\/pt\/wp-json\/wp\/v2\/product\/7506\/revisions"}],"predecessor-version":[{"id":7508,"href":"https:\/\/www.jymachinetech.com\/pt\/wp-json\/wp\/v2\/product\/7506\/revisions\/7508"}],"wp:featuredmedia":[{"embeddable":true,"href":"https:\/\/www.jymachinetech.com\/pt\/wp-json\/wp\/v2\/media\/7507"}],"wp:attachment":[{"href":"https:\/\/www.jymachinetech.com\/pt\/wp-json\/wp\/v2\/media?parent=7506"}],"wp:term":[{"taxonomy":"product_brand","embeddable":true,"href":"https:\/\/www.jymachinetech.com\/pt\/wp-json\/wp\/v2\/product_brand?post=7506"},{"taxonomy":"product_cat","embeddable":true,"href":"https:\/\/www.jymachinetech.com\/pt\/wp-json\/wp\/v2\/product_cat?post=7506"},{"taxonomy":"product_tag","embeddable":true,"href":"https:\/\/www.jymachinetech.com\/pt\/wp-json\/wp\/v2\/product_tag?post=7506"}],"curies":[{"name":"wp","href":"https:\/\/api.w.org\/{rel}","templated":true}]}}