{"id":7501,"date":"2025-07-28T12:54:05","date_gmt":"2025-07-28T12:54:05","guid":{"rendered":"https:\/\/www.jymachinetech.com\/?post_type=product&#038;p=7501"},"modified":"2025-07-28T12:55:17","modified_gmt":"2025-07-28T12:55:17","slug":"steam-humidifying-sugar-sanding-machine","status":"publish","type":"product","link":"https:\/\/www.jymachinetech.com\/pt\/product\/steam-humidifying-sugar-sanding-machine\/","title":{"rendered":"M\u00e1quina de umidifica\u00e7\u00e3o a vapor e lixamento de a\u00e7\u00facar"},"content":{"rendered":"<p><a href=\"https:\/\/www.jymachinetech.com\/wp-content\/uploads\/2025\/07\/Sugar-Sanding-Machine1.jpg\" target=\"_blank\"><img fetchpriority=\"high\" decoding=\"async\" class=\"alignnone size-full wp-image-7502\" src=\"https:\/\/www.jymachinetech.com\/wp-content\/uploads\/2025\/07\/Sugar-Sanding-Machine1.jpg\" alt=\"\" width=\"600\" height=\"400\" srcset=\"https:\/\/www.jymachinetech.com\/wp-content\/uploads\/2025\/07\/Sugar-Sanding-Machine1.jpg 600w, https:\/\/www.jymachinetech.com\/wp-content\/uploads\/2025\/07\/Sugar-Sanding-Machine1-18x12.jpg 18w\" sizes=\"(max-width: 600px) 100vw, 600px\" \/><\/a><br \/>\nUmede\u00e7a levemente os doces com vapor e, em seguida, cubra-os uniformemente com a\u00e7\u00facar, glac\u00ea ou tempero para evitar que grudem e melhorar a apar\u00eancia e o sabor.<\/p>\n<p>&nbsp;<\/p>\n<p><strong>Aplicativos<\/strong><br \/>\n- Balas de goma com a\u00e7\u00facar granulado ou flocos de coco.<br \/>\n- Cinto azedo <a href=\"https:\/\/www.jymachinetech.com\/pt\/fruit-of-the-loom-honored-for-energy-efforts\/\" title=\"Que tipos de sabores uma m\u00e1quina de fazer balas de gelatina pode produzir?\"  data-wpil-monitor-id=\"180\" target=\"_blank\">bala com sabor de p\u00f3 azedo<\/a><\/p>\n<p>&nbsp;<\/p>\n<p>Princ\u00edpio de funcionamento<br \/>\n- <strong>Zona de umidifica\u00e7\u00e3o a vapor<\/strong> - O vapor saturado de baixa press\u00e3o (0,2-0,4 MPa) \u00e9 disperso como uma n\u00e9voa fina, aumentando a temperatura da superf\u00edcie em 2-4 \u00b0C e criando uma camada micro\u00famida sem ader\u00eancia.<br \/>\n- <strong>Zona de revestimento<\/strong> - Um tambor rotativo ou panela vibrat\u00f3ria polvilha uniformemente o a\u00e7\u00facar\/tempero; o controle de velocidade VFD garante uma cobertura &gt;95 %.<br \/>\n- <strong>Zona de recupera\u00e7\u00e3o<\/strong> - O excesso de p\u00f3 \u00e9 coletado por meio de um separador de ciclone e devolvido ao funil para reutiliza\u00e7\u00e3o<\/p>\n<ul>\n<li><strong>Fonte de vapor<\/strong>: 0,3 MPa de vapor saturado, 5-15 kg\/h.<br \/>\n- <strong>Controle<\/strong>: V\u00e1lvula proporcional + sensor de umidade para sa\u00edda cont\u00ednua de 4-20 mA, eliminando flutua\u00e7\u00f5es de liga\/desliga.<\/li>\n<\/ul>\n<p>Vantagens<br \/>\n- <strong>Economia de energia<\/strong>: A umidifica\u00e7\u00e3o a vapor usa 30 % menos \u00e1gua do que a n\u00e9voa de \u00e1gua; &gt;90 % de recupera\u00e7\u00e3o de p\u00f3.<br \/>\n- <strong>Higiene<\/strong>: Totalmente inoxid\u00e1vel 304\/316, em conformidade com GMP; porta CIP opcional.<br \/>\n- <strong>Troca r\u00e1pida<\/strong>: Altera\u00e7\u00e3o do sabor ou do p\u00f3 em menos de 10 minutos sem contamina\u00e7\u00e3o cruzada.<\/p>\n<ul>\n<li><strong>Autom\u00e1tico<\/strong><strong>\uff1a<\/strong>A bala vem com revestimento e sa\u00edda autom\u00e1ticos<\/li>\n<\/ul>\n<p>&nbsp;<\/p>","protected":false},"excerpt":{"rendered":"<p>Umede\u00e7a levemente os doces com vapor e, em seguida, cubra-os uniformemente com a\u00e7\u00facar, glac\u00ea ou tempero para evitar que grudem e melhorar a apar\u00eancia e o sabor.<\/p>\n<p>&nbsp;<\/p>","protected":false},"featured_media":7502,"comment_status":"closed","ping_status":"closed","template":"","meta":[],"product_brand":[],"product_cat":[16],"product_tag":[],"class_list":{"0":"post-7501","1":"product","2":"type-product","3":"status-publish","4":"has-post-thumbnail","6":"product_cat-candy-machine","8":"first","9":"instock","10":"shipping-taxable","11":"product-type-simple"},"_links":{"self":[{"href":"https:\/\/www.jymachinetech.com\/pt\/wp-json\/wp\/v2\/product\/7501","targetHints":{"allow":["GET"]}}],"collection":[{"href":"https:\/\/www.jymachinetech.com\/pt\/wp-json\/wp\/v2\/product"}],"about":[{"href":"https:\/\/www.jymachinetech.com\/pt\/wp-json\/wp\/v2\/types\/product"}],"replies":[{"embeddable":true,"href":"https:\/\/www.jymachinetech.com\/pt\/wp-json\/wp\/v2\/comments?post=7501"}],"version-history":[{"count":3,"href":"https:\/\/www.jymachinetech.com\/pt\/wp-json\/wp\/v2\/product\/7501\/revisions"}],"predecessor-version":[{"id":7505,"href":"https:\/\/www.jymachinetech.com\/pt\/wp-json\/wp\/v2\/product\/7501\/revisions\/7505"}],"wp:featuredmedia":[{"embeddable":true,"href":"https:\/\/www.jymachinetech.com\/pt\/wp-json\/wp\/v2\/media\/7502"}],"wp:attachment":[{"href":"https:\/\/www.jymachinetech.com\/pt\/wp-json\/wp\/v2\/media?parent=7501"}],"wp:term":[{"taxonomy":"product_brand","embeddable":true,"href":"https:\/\/www.jymachinetech.com\/pt\/wp-json\/wp\/v2\/product_brand?post=7501"},{"taxonomy":"product_cat","embeddable":true,"href":"https:\/\/www.jymachinetech.com\/pt\/wp-json\/wp\/v2\/product_cat?post=7501"},{"taxonomy":"product_tag","embeddable":true,"href":"https:\/\/www.jymachinetech.com\/pt\/wp-json\/wp\/v2\/product_tag?post=7501"}],"curies":[{"name":"wp","href":"https:\/\/api.w.org\/{rel}","templated":true}]}}