{"id":7496,"date":"2025-07-28T12:50:40","date_gmt":"2025-07-28T12:50:40","guid":{"rendered":"https:\/\/www.jymachinetech.com\/?post_type=product&#038;p=7496"},"modified":"2025-07-28T12:51:10","modified_gmt":"2025-07-28T12:51:10","slug":"candy-gummy-kitchen-cip-cleaning-system","status":"publish","type":"product","link":"https:\/\/www.jymachinetech.com\/pt\/product\/candy-gummy-kitchen-cip-cleaning-system\/","title":{"rendered":"Sistema de limpeza CIP para cozinhas de doces\/gomas"},"content":{"rendered":"<p><strong><a href=\"https:\/\/www.jymachinetech.com\/wp-content\/uploads\/2025\/07\/Gummy-Kitchen-CIP-Cleaning1.jpg\" target=\"_blank\"><img fetchpriority=\"high\" decoding=\"async\" class=\"alignnone size-full wp-image-7497\" src=\"https:\/\/www.jymachinetech.com\/wp-content\/uploads\/2025\/07\/Gummy-Kitchen-CIP-Cleaning1.jpg\" alt=\"\" width=\"600\" height=\"400\" srcset=\"https:\/\/www.jymachinetech.com\/wp-content\/uploads\/2025\/07\/Gummy-Kitchen-CIP-Cleaning1.jpg 600w, https:\/\/www.jymachinetech.com\/wp-content\/uploads\/2025\/07\/Gummy-Kitchen-CIP-Cleaning1-18x12.jpg 18w\" sizes=\"(max-width: 600px) 100vw, 600px\" \/><\/a><br \/>\nO que \u00e9<\/strong><br \/>\nUMA <strong>Sistema de limpeza no local (CIP)<\/strong> limpa as superf\u00edcies internas de chaleiras, tubos, bombas, enchedores, moldes e t\u00faneis de resfriamento de doces <strong>sem desmontagem<\/strong> o equipamento. Agora ele est\u00e1 <a href=\"https:\/\/www.jymachinetech.com\/pt\/biscuit-baking-equipmentbaking-market-expansion-automatic-assembly-line-meets-standardized-production\/\" title=\"Equipamento para assar biscoitos|Expans\u00e3o do mercado de panifica\u00e7\u00e3o, linha de montagem autom\u00e1tica atende \u00e0 produ\u00e7\u00e3o padronizada\"  data-wpil-monitor-id=\"177\" target=\"_blank\">padr\u00e3o na maioria das linhas de doces modernas<\/a> para se reunir <strong>GMP \/ HACCP \/ FDA<\/strong> padr\u00f5es de higiene<\/p>\n<p>&nbsp;<\/p>\n<table width=\"625\">\n<thead>\n<tr>\n<td width=\"177\"><strong>Item<\/strong><\/td>\n<td width=\"449\"><strong>Fun\u00e7\u00e3o<\/strong><\/td>\n<\/tr>\n<\/thead>\n<tbody>\n<tr>\n<td width=\"177\"><strong>Tanques CIP<\/strong><\/td>\n<td width=\"449\">Tanques de \u00e1cido, alcalino, \u00e1gua quente e de enx\u00e1gue de 1.000 a 10.000 L. Com camisa dupla ou com aquecimento por serpentina.<\/td>\n<\/tr>\n<tr>\n<td width=\"177\"><strong>Bombas de circula\u00e7\u00e3o<\/strong><\/td>\n<td width=\"449\">As bombas de avan\u00e7o e retorno criam um fluxo turbulento &gt;1,5 m\/s para a a\u00e7\u00e3o de lavagem.<\/td>\n<\/tr>\n<tr>\n<td width=\"177\"><strong>Trocador de calor<\/strong><\/td>\n<td width=\"449\">Tipo de placa ou tubular para levar o fluido de limpeza a 60-85 \u00b0C automaticamente.<\/td>\n<\/tr>\n<tr>\n<td width=\"177\"><strong>Bombas dosadoras de diafragma<\/strong><\/td>\n<td width=\"449\">Injete \u00e1cido\/\u00e1lcali concentrado para atingir o pH desejado (controlado por PLC).<\/td>\n<\/tr>\n<tr>\n<td width=\"177\"><strong>PLC + HMI<\/strong><\/td>\n<td width=\"449\">A tela colorida sens\u00edvel ao toque define receitas, tempo, temperatura, pH, alarmes de fluxo.<\/td>\n<\/tr>\n<tr>\n<td width=\"177\"><strong>Op\u00e7\u00e3o SIP<\/strong><\/td>\n<td width=\"449\">Ciclo de esteriliza\u00e7\u00e3o a vapor \u2265 121 \u00b0C para gomas farmac\u00eauticas ou probi\u00f3ticas.<\/td>\n<\/tr>\n<\/tbody>\n<\/table>\n<p>&nbsp;<\/p>\n<p><strong>Pr\u00e9-enx\u00e1gue<\/strong> - \u00c1gua fria\/quente para remover os res\u00edduos de a\u00e7\u00facar soltos.<\/p>\n<p><strong>C\u00e1ustico<\/strong> - 1-2 % NaOH a 75 \u00b0C, 5-20 min, remove prote\u00ednas e gorduras.<\/p>\n<p><strong>Enx\u00e1gue intermedi\u00e1rio<\/strong> - Lavar at\u00e9 o pH neutro.<\/p>\n<p><strong>\u00c1cido<\/strong> - 0,5-1 % HNO\u2083 ou \u00e1cido fosf\u00f3rico a 60 \u00b0C, remove a incrusta\u00e7\u00e3o mineral.<\/p>\n<p><strong>Enx\u00e1gue final + desinfec\u00e7\u00e3o<\/strong> - \u00c1gua RO at\u00e9 a condutividade &lt; 10 \u00b5S\/cm; \u00e1cido perac\u00e9tico opcional.<\/p>\n<p>&nbsp;<\/p>\n<p><strong><a href=\"https:\/\/www.jymachinetech.com\/pt\/benefits-of-christmas-xmas-candy-molds\/\" title=\"Benef\u00edcios dos moldes de doces de Natal\"  data-wpil-monitor-id=\"179\" target=\"_blank\">Benef\u00edcios para a Candy<\/a> Plantas<\/strong><br \/>\n- <strong>Tempo de atividade \u2191<\/strong> - Sem desmontagem manual; ciclo &lt; 45 minutos entre os lotes.<br \/>\n- <strong>Consist\u00eancia<\/strong> - A mesma receita validada todas as vezes, eliminando erros do operador.<br \/>\n- <strong>Recurso \u2193<\/strong> - Os loops de recupera\u00e7\u00e3o de \u00e1gua e produtos qu\u00edmicos reduzem os servi\u00e7os p\u00fablicos em 20-30 %.<br \/>\n- <strong>Seguran\u00e7a<\/strong> - A limpeza em circuito fechado reduz a exposi\u00e7\u00e3o a produtos qu\u00edmicos e os riscos de espa\u00e7os confinados<\/p>\n<p><strong>Tamanhos e instala\u00e7\u00e3o<\/strong><\/p>\n<table>\n<thead>\n<tr>\n<td><strong>Tipo<\/strong><\/td>\n<td><strong>Capacidade<\/strong><\/td>\n<td><strong>Pegada ecol\u00f3gica<\/strong><\/td>\n<td><strong>Aplicativo<\/strong><\/td>\n<\/tr>\n<\/thead>\n<tbody>\n<tr>\n<td>Skid CIP m\u00f3vel<\/td>\n<td>500-1 000 L<\/td>\n<td>1.5 m\u00b2<\/td>\n<td>Pequeno <a href=\"https:\/\/www.jymachinetech.com\/pt\/marshmallow-machine-buying-guide\/\" title=\"Guia de compra da m\u00e1quina de marshmallow \u2013 como escolher a m\u00e1quina de marshmallow certa\"  data-wpil-monitor-id=\"176\" target=\"_blank\">linhas de goma ou marshmallow<\/a>.<\/td>\n<\/tr>\n<tr>\n<td>Multi-circuito estacion\u00e1rio<\/td>\n<td>2 000-6 000 L<\/td>\n<td>6-12 m\u00b2<\/td>\n<td>Grande <a href=\"https:\/\/www.jymachinetech.com\/pt\/product\/starch-mogul-tray\/\" title=\"Bandeja magnata de amido | fornecedores de linha mougle de amido\"  data-wpil-monitor-id=\"175\" target=\"_blank\">linhas de amido mogul ou hard-boil<\/a>.<\/td>\n<\/tr>\n<tr>\n<td>Tipo dividido<\/td>\n<td>1 000-10 000 L<\/td>\n<td>Tanques modulares<\/td>\n<td>Retrofit para caldeiras e t\u00faneis existentes.<\/td>\n<\/tr>\n<\/tbody>\n<\/table>\n<p>&nbsp;<\/p>\n<p><strong>Lista de verifica\u00e7\u00e3o r\u00e1pida para compradores<\/strong><br \/>\nConfirme se o volume do tanque cobre de 3 a 5 vezes o volume do circuito.<br \/>\nEscolha HX de placa para sistemas de amido; HX tubular para chocolate.<br \/>\nVerifique se o PLC pode se conectar ao SCADA principal (Modbus \/ Ethernet).<\/p>\n<p>Com um sistema CIP de tamanho adequado, os fabricantes de doces podem trocar de sabores ou cores em minutos e, ao mesmo tempo, permanecer em total conformidade com as normas de higiene<\/p>","protected":false},"excerpt":{"rendered":"<p>UMA <strong>Sistema de limpeza no local (CIP)<\/strong> limpa as superf\u00edcies internas de chaleiras, tubos, bombas, enchedores, moldes e t\u00faneis de resfriamento de doces <strong>sem desmontagem<\/strong> o equipamento. Agora ele est\u00e1 <a href=\"https:\/\/www.jymachinetech.com\/pt\/biscuit-baking-equipmentbaking-market-expansion-automatic-assembly-line-meets-standardized-production\/\" title=\"Equipamento para assar biscoitos|Expans\u00e3o do mercado de panifica\u00e7\u00e3o, linha de montagem autom\u00e1tica atende \u00e0 produ\u00e7\u00e3o padronizada\"  data-wpil-monitor-id=\"178\">padr\u00e3o na maioria das linhas de doces modernas<\/a> para se reunir <strong>GMP \/ HACCP \/ FDA<\/strong> padr\u00f5es de higiene<\/p>\n<p>&nbsp;<\/p>","protected":false},"featured_media":7497,"comment_status":"closed","ping_status":"closed","template":"","meta":[],"product_brand":[],"product_cat":[16],"product_tag":[],"class_list":{"0":"post-7496","1":"product","2":"type-product","3":"status-publish","4":"has-post-thumbnail","6":"product_cat-candy-machine","8":"first","9":"instock","10":"shipping-taxable","11":"product-type-simple"},"_links":{"self":[{"href":"https:\/\/www.jymachinetech.com\/pt\/wp-json\/wp\/v2\/product\/7496","targetHints":{"allow":["GET"]}}],"collection":[{"href":"https:\/\/www.jymachinetech.com\/pt\/wp-json\/wp\/v2\/product"}],"about":[{"href":"https:\/\/www.jymachinetech.com\/pt\/wp-json\/wp\/v2\/types\/product"}],"replies":[{"embeddable":true,"href":"https:\/\/www.jymachinetech.com\/pt\/wp-json\/wp\/v2\/comments?post=7496"}],"version-history":[{"count":3,"href":"https:\/\/www.jymachinetech.com\/pt\/wp-json\/wp\/v2\/product\/7496\/revisions"}],"predecessor-version":[{"id":7500,"href":"https:\/\/www.jymachinetech.com\/pt\/wp-json\/wp\/v2\/product\/7496\/revisions\/7500"}],"wp:featuredmedia":[{"embeddable":true,"href":"https:\/\/www.jymachinetech.com\/pt\/wp-json\/wp\/v2\/media\/7497"}],"wp:attachment":[{"href":"https:\/\/www.jymachinetech.com\/pt\/wp-json\/wp\/v2\/media?parent=7496"}],"wp:term":[{"taxonomy":"product_brand","embeddable":true,"href":"https:\/\/www.jymachinetech.com\/pt\/wp-json\/wp\/v2\/product_brand?post=7496"},{"taxonomy":"product_cat","embeddable":true,"href":"https:\/\/www.jymachinetech.com\/pt\/wp-json\/wp\/v2\/product_cat?post=7496"},{"taxonomy":"product_tag","embeddable":true,"href":"https:\/\/www.jymachinetech.com\/pt\/wp-json\/wp\/v2\/product_tag?post=7496"}],"curies":[{"name":"wp","href":"https:\/\/api.w.org\/{rel}","templated":true}]}}