{"id":7472,"date":"2025-07-28T11:28:00","date_gmt":"2025-07-28T11:28:00","guid":{"rendered":"https:\/\/www.jymachinetech.com\/?post_type=product&#038;p=7472"},"modified":"2025-07-28T11:32:21","modified_gmt":"2025-07-28T11:32:21","slug":"mini-gummy-depositor-lab-scale-big-results","status":"publish","type":"product","link":"https:\/\/www.jymachinetech.com\/pt\/product\/mini-gummy-depositor-lab-scale-big-results\/","title":{"rendered":"Mini Gummy Depositor - Escala de laborat\u00f3rio, grandes resultados"},"content":{"rendered":"<p>Com dosagem precisa, trocas r\u00e1pidas e controles f\u00e1ceis de usar, esses mini dosadores de pequenos lotes s\u00e3o perfeitos para pesquisa, desenvolvimento de produtos e testes de marketing de gomas, gelatinas, balas duras, pirulitos, produtos de cor \u00fanica, produtos de sa\u00fade, como suplementos de goma e muito mais. O design compacto otimiza o espa\u00e7o, enquanto as superf\u00edcies de contato SUS316 e a estrutura SUS304 garantem higiene e durabilidade. Dimensione facilmente sua produ\u00e7\u00e3o com resultados consistentes e esfor\u00e7o m\u00ednimo de configura\u00e7\u00e3o. O mini dosador de gomas \u00e9 ideal para pequenas empresas e iniciantes que desejam expandir seus neg\u00f3cios de confeitaria, suportando uma ampla variedade de moldes e permitindo a personaliza\u00e7\u00e3o do molde, incluindo diferentes designs de goma e dimens\u00f5es de molde de metal para atender \u00e0s dimens\u00f5es e aos requisitos espec\u00edficos do produto. Os principais aspectos a serem considerados na sele\u00e7\u00e3o de um mini dosador de pequenos lotes incluem escala de produ\u00e7\u00e3o, dimens\u00f5es do produto, personaliza\u00e7\u00e3o do molde e facilidade de limpeza.<\/p>\n<p>Transforme a mistura de goma xaroposa em ursos, minhocas ou em seu pr\u00f3prio formato personalizado perfeitamente dosados a uma velocidade de 3.000 a 24.000 unidades por hora, mas compacta o suficiente para caber em uma bancada. A m\u00e1quina pode acomodar outras faixas de peso para gomas e <a title=\"O guia definitivo sobre como os doces s\u00e3o feitos: Dos ingredientes ao processo\" href=\"https:\/\/www.jymachinetech.com\/pt\/the-ultimate-guide-on-how-candy-is-made-from-ingredients-to-process\/\" data-wpil-monitor-id=\"172\" target=\"_blank\">doces<\/a>, e dar suporte a diversos requisitos de produtos.<\/p>\n<table style=\"min-width: 125px;\">\n<colgroup>\n<col style=\"min-width: 25px;\" \/>\n<col style=\"min-width: 25px;\" \/>\n<col style=\"min-width: 25px;\" \/>\n<col style=\"min-width: 25px;\" \/>\n<col style=\"min-width: 25px;\" \/><\/colgroup>\n<tbody>\n<tr>\n<th colspan=\"1\" rowspan=\"1\"><strong>Modelo<\/strong><\/th>\n<th colspan=\"1\" rowspan=\"1\"><strong>20\/20s<\/strong><\/th>\n<th colspan=\"1\" rowspan=\"1\"><strong>30<\/strong><\/th>\n<th colspan=\"1\" rowspan=\"1\"><strong>40\/40s<\/strong><\/th>\n<th colspan=\"1\" rowspan=\"1\"><strong>50s<\/strong><\/th>\n<\/tr>\n<tr>\n<td colspan=\"1\" rowspan=\"1\"><strong>Velocidade<\/strong><\/td>\n<td colspan=\"1\" rowspan=\"1\">10-20pcs\/tempo <strong>\uff08Por manual\uff09<\/strong><\/td>\n<td colspan=\"1\" rowspan=\"1\">10-20pcs\/tempo <strong>\uff08Por manual\uff09<\/strong><\/td>\n<td colspan=\"1\" rowspan=\"1\">10-20pcs\/tempo <strong>\uff08Por Cilindro\uff09<\/strong> 15-20 horas\/minuto<\/td>\n<td colspan=\"1\" rowspan=\"1\">20 unidades por vez <strong>\uff08Por motor\uff09<\/strong> 15-20 horas\/minuto<\/td>\n<\/tr>\n<tr>\n<td colspan=\"1\" rowspan=\"1\"><strong>Tamanho da tremonha<\/strong><\/td>\n<td colspan=\"1\" rowspan=\"1\"><strong>25L<\/strong><\/td>\n<td colspan=\"1\" rowspan=\"1\"><strong>25L<\/strong><\/td>\n<td colspan=\"1\" rowspan=\"1\"><strong>30L<\/strong><\/td>\n<td colspan=\"1\" rowspan=\"1\"><strong>30L<\/strong><\/td>\n<\/tr>\n<tr>\n<td colspan=\"1\" rowspan=\"1\"><strong>Capacidade<\/strong><\/td>\n<td colspan=\"1\" rowspan=\"1\">3000-6000pcs\/h<\/td>\n<td colspan=\"1\" rowspan=\"1\">3000-6000pcs\/h<\/td>\n<td colspan=\"1\" rowspan=\"1\">5000-9000pcs\/h<\/td>\n<td colspan=\"1\" rowspan=\"1\">18000-24000pcs\/h<\/td>\n<\/tr>\n<tr>\n<td colspan=\"1\" rowspan=\"1\"><strong>Tipo de controle<\/strong><\/td>\n<td colspan=\"1\" rowspan=\"1\">Painel de p\u00e9s<\/td>\n<td colspan=\"1\" rowspan=\"1\">Clique em Painel<\/td>\n<td colspan=\"1\" rowspan=\"1\">Controle do cilindro<\/td>\n<td colspan=\"1\" rowspan=\"1\">Controle el\u00e9trico<\/td>\n<\/tr>\n<tr>\n<td colspan=\"1\" rowspan=\"1\"><strong>Tipo de dep\u00f3sito<\/strong><\/td>\n<td colspan=\"1\" rowspan=\"1\">Cilindro\/Servo<\/td>\n<td colspan=\"1\" rowspan=\"1\">Servo<\/td>\n<td colspan=\"1\" rowspan=\"1\">Cilindro\/Servo<\/td>\n<td colspan=\"1\" rowspan=\"1\">Servo<\/td>\n<\/tr>\n<tr>\n<td colspan=\"1\" rowspan=\"1\"><strong>Pre\u00e7o<\/strong><\/td>\n<td colspan=\"1\" rowspan=\"1\">$8xxx<\/td>\n<td colspan=\"1\" rowspan=\"1\">$$10xxx<\/td>\n<td colspan=\"1\" rowspan=\"1\">$1xxxx<\/td>\n<td colspan=\"1\" rowspan=\"1\">$1xxxx<\/td>\n<\/tr>\n<\/tbody>\n<\/table>\n<p><em>Observa\u00e7\u00e3o: a velocidade de dep\u00f3sito \u00e9 uma m\u00e9trica fundamental para avaliar a capacidade e a efici\u00eancia da produ\u00e7\u00e3o.<\/em><\/p>\n<p>Como escolher: 20-30Modelo adequado para desenvolvimento em laborat\u00f3rio e P&amp;D.<\/p>\n<p>40-50Modelo adequado para pequenas empresas e manufaturas mais autom\u00e1ticas e com menor custo de m\u00e3o de obra.<\/p>\n<p><strong>Modelo:20\/20Srevo Lab depositador de doces<\/strong><\/p>\n<p>Capacidade: 3000-6000pcs\/h<\/p>\n<p>Bicos:20pcs<\/p>\n<p>Tamanho da tremonha: 25L<\/p>\n<p>Velocidade:10-20pcs\/time Por painel de p\u00e9<\/p>\n<p>\u00c1rea de cobertura: 35\u201d x 35.5\u201d<\/p>\n<p>Mesa de opera\u00e7\u00e3o dobr\u00e1vel<\/p>\n<p>Operadores: S\u00e3o necess\u00e1rias 1-2 pessoas<br \/>\n<a href=\"https:\/\/www.jymachinetech.com\/wp-content\/uploads\/2025\/07\/Mini-Gummy-Depositor1.jpg\" target=\"_blank\"><img fetchpriority=\"high\" decoding=\"async\" class=\"alignnone size-full wp-image-7479\" src=\"https:\/\/www.jymachinetech.com\/wp-content\/uploads\/2025\/07\/Mini-Gummy-Depositor1.jpg\" alt=\"\" width=\"800\" height=\"800\" srcset=\"https:\/\/www.jymachinetech.com\/wp-content\/uploads\/2025\/07\/Mini-Gummy-Depositor1.jpg 800w, https:\/\/www.jymachinetech.com\/wp-content\/uploads\/2025\/07\/Mini-Gummy-Depositor1-12x12.jpg 12w, https:\/\/www.jymachinetech.com\/wp-content\/uploads\/2025\/07\/Mini-Gummy-Depositor1-300x300.jpg 300w, https:\/\/www.jymachinetech.com\/wp-content\/uploads\/2025\/07\/Mini-Gummy-Depositor1-600x600.jpg 600w, https:\/\/www.jymachinetech.com\/wp-content\/uploads\/2025\/07\/Mini-Gummy-Depositor1-100x100.jpg 100w\" sizes=\"(max-width: 800px) 100vw, 800px\" \/><\/a><\/p>\n<p><strong>Modelo: 30 Servo depositador de doces<br \/>\n<a href=\"https:\/\/www.jymachinetech.com\/wp-content\/uploads\/2025\/07\/Mini-Gummy-Depositor2.jpg\" target=\"_blank\"><img decoding=\"async\" class=\"alignnone size-full wp-image-7480\" src=\"https:\/\/www.jymachinetech.com\/wp-content\/uploads\/2025\/07\/Mini-Gummy-Depositor2.jpg\" alt=\"\" width=\"800\" height=\"800\" srcset=\"https:\/\/www.jymachinetech.com\/wp-content\/uploads\/2025\/07\/Mini-Gummy-Depositor2.jpg 800w, https:\/\/www.jymachinetech.com\/wp-content\/uploads\/2025\/07\/Mini-Gummy-Depositor2-12x12.jpg 12w, https:\/\/www.jymachinetech.com\/wp-content\/uploads\/2025\/07\/Mini-Gummy-Depositor2-300x300.jpg 300w, https:\/\/www.jymachinetech.com\/wp-content\/uploads\/2025\/07\/Mini-Gummy-Depositor2-600x600.jpg 600w, https:\/\/www.jymachinetech.com\/wp-content\/uploads\/2025\/07\/Mini-Gummy-Depositor2-100x100.jpg 100w\" sizes=\"(max-width: 800px) 100vw, 800px\" \/><\/a><br \/>\n<\/strong><\/p>\n<p>Capacidade: 3000-6000pcs\/h<\/p>\n<p>Bicos:20pcs<\/p>\n<p>Tamanho da tremonha: 25L<\/p>\n<p>Velocidade:10-20pcs\/time Por painel de p\u00e9<\/p>\n<p>\u00c1rea de cobertura: 45\u201d x 35.5\u201d<\/p>\n<p>Fun\u00e7\u00e3o de desmoldagem com placa de desmoldagem intercambi\u00e1vel e pino de eje\u00e7\u00e3o, permitindo a libera\u00e7\u00e3o r\u00e1pida de gomas e balas.<\/p>\n<p>Operadores: S\u00e3o necess\u00e1rias 1-2 pessoas<\/p>\n<p><strong>Modelo:40\/40 Srevo <a title=\"Linha de produ\u00e7\u00e3o de pequena m\u00e1quina autom\u00e1tica de dep\u00f3sito de doces para venda\" href=\"https:\/\/www.jymachinetech.com\/pt\/product\/small-automatic-candy-depositing-machine\/\" data-wpil-monitor-id=\"170\" target=\"_blank\">m\u00e1quina de dep\u00f3sito de doces<\/a><\/strong><\/p>\n<p>Capacidade: 5000-9000pcs\/h<\/p>\n<p>Bicos:20pcs<\/p>\n<p>Tamanho da tremonha: 30L<\/p>\n<p>Velocidade: 10-20pcs\/time Por cilindro e dep\u00f3sito de sensor fotoel\u00e9trico<\/p>\n<p>\u00c1rea de cobertura: 105\u201d x 46\u201d<\/p>\n<p>O cilindro de ar com acionamento pneum\u00e1tico \u00e9 usado para manusear os moldes com efici\u00eancia e agilizar o processo de desmoldagem.<\/p>\n<p>Operadores: S\u00e3o necess\u00e1rias 1-2 pessoas<\/p>\n<p><a href=\"https:\/\/www.jymachinetech.com\/wp-content\/uploads\/2025\/07\/Mini-Gummy-Depositor3.jpg\" target=\"_blank\"><img decoding=\"async\" class=\"alignnone size-full wp-image-7481\" src=\"https:\/\/www.jymachinetech.com\/wp-content\/uploads\/2025\/07\/Mini-Gummy-Depositor3.jpg\" alt=\"\" width=\"800\" height=\"800\" srcset=\"https:\/\/www.jymachinetech.com\/wp-content\/uploads\/2025\/07\/Mini-Gummy-Depositor3.jpg 800w, https:\/\/www.jymachinetech.com\/wp-content\/uploads\/2025\/07\/Mini-Gummy-Depositor3-12x12.jpg 12w, https:\/\/www.jymachinetech.com\/wp-content\/uploads\/2025\/07\/Mini-Gummy-Depositor3-300x300.jpg 300w, https:\/\/www.jymachinetech.com\/wp-content\/uploads\/2025\/07\/Mini-Gummy-Depositor3-600x600.jpg 600w, https:\/\/www.jymachinetech.com\/wp-content\/uploads\/2025\/07\/Mini-Gummy-Depositor3-100x100.jpg 100w\" sizes=\"(max-width: 800px) 100vw, 800px\" \/><\/a><\/p>\n<p><strong>Modelo:50M\u00e1quina autom\u00e1tica de dep\u00f3sito de doces<\/strong><\/p>\n<p><a href=\"https:\/\/www.jymachinetech.com\/wp-content\/uploads\/2025\/07\/Mini-Gummy-Depositor4.jpg\" target=\"_blank\"><img loading=\"lazy\" decoding=\"async\" class=\"alignnone size-full wp-image-7482\" src=\"https:\/\/www.jymachinetech.com\/wp-content\/uploads\/2025\/07\/Mini-Gummy-Depositor4.jpg\" alt=\"\" width=\"800\" height=\"800\" srcset=\"https:\/\/www.jymachinetech.com\/wp-content\/uploads\/2025\/07\/Mini-Gummy-Depositor4.jpg 800w, https:\/\/www.jymachinetech.com\/wp-content\/uploads\/2025\/07\/Mini-Gummy-Depositor4-12x12.jpg 12w, https:\/\/www.jymachinetech.com\/wp-content\/uploads\/2025\/07\/Mini-Gummy-Depositor4-300x300.jpg 300w, https:\/\/www.jymachinetech.com\/wp-content\/uploads\/2025\/07\/Mini-Gummy-Depositor4-600x600.jpg 600w, https:\/\/www.jymachinetech.com\/wp-content\/uploads\/2025\/07\/Mini-Gummy-Depositor4-100x100.jpg 100w\" sizes=\"(max-width: 800px) 100vw, 800px\" \/><\/a><\/p>\n<p>Capacidade: 18000-24000pcs\/h<\/p>\n<p>Bicos: 20pcs<\/p>\n<p>Tamanho da tremonha: 30L<\/p>\n<p>Velocidade: moldes de 10 a 20 unidades\/tempo fixados na corrente e dep\u00f3sito do sensor fotoel\u00e9trico<\/p>\n<p>\u00c1rea de cobertura: 135\u201d x 46\u201d<\/p>\n<p>O cilindro de ar com acionamento pneum\u00e1tico \u00e9 usado para manusear os moldes com efici\u00eancia e agilizar o processo de desmoldagem.<\/p>\n<p>Operadores: S\u00e3o necess\u00e1rias 1-2 pessoas<\/p>\n<h3>Introdu\u00e7\u00e3o \u00e0 produ\u00e7\u00e3o de gomas<\/h3>\n<p>A produ\u00e7\u00e3o de gomas \u00e9 um processo especializado no setor de confeitaria, abrangendo uma ampla gama de <a title=\"Qual \u00e9 o papel da gelatina no processo de produ\u00e7\u00e3o de ursinhos de goma?\" href=\"https:\/\/www.jymachinetech.com\/pt\/how-is-biscuit-made-in-factories-7\/\" data-wpil-monitor-id=\"174\" target=\"_blank\">produtos como balas de goma<\/a>, pirulitos e suplementos de goma inovadores. Conseguir uma forma, um tamanho e um peso consistentes para cada pe\u00e7a \u00e9 crucial para o apelo do produto e para a conformidade regulat\u00f3ria. Para as empresas que operam em ambientes de produ\u00e7\u00e3o de baixo rendimento ou que est\u00e3o apenas come\u00e7ando, a precis\u00e3o e a efici\u00eancia s\u00e3o fundamentais. \u00c9 nesse ponto que uma <a title=\"Mini Depositor de Doces: 10-24 kg\/hora 12 kg\/hora 2-8 g\" href=\"https:\/\/www.jymachinetech.com\/pt\/product\/mini-candy-depositor\/\" data-wpil-monitor-id=\"171\" target=\"_blank\">Mini depositador de doces<\/a> torna-se inestim\u00e1vel. Projetadas especificamente para a produ\u00e7\u00e3o de gomas, essas m\u00e1quinas oferecem alta efici\u00eancia de produ\u00e7\u00e3o e s\u00e3o capazes de produzir at\u00e9 18.000 pe\u00e7as por hora, mesmo em configura\u00e7\u00f5es de lotes pequenos. Sua adaptabilidade as torna adequadas para uma variedade de produtos de confeitaria, permitindo que as empresas produzam balas e gomas com a precis\u00e3o e a consist\u00eancia necess\u00e1rias para ter sucesso no mercado competitivo de hoje.<\/p>\n<h3>O Mini Depositor de Gummy: Precis\u00e3o em pequena escala<\/h3>\n<p>O mini dosador de gomas se destaca como uma solu\u00e7\u00e3o compacta e semiautom\u00e1tica para a produ\u00e7\u00e3o precisa de gomas, chocolates e outros produtos de confeitaria. Equipado com uma interface de tela sens\u00edvel ao toque de f\u00e1cil utiliza\u00e7\u00e3o, os operadores podem personalizar e armazenar facilmente at\u00e9 65 receitas, garantindo flexibilidade para diferentes requisitos de produtos. Seja na produ\u00e7\u00e3o de gomas de gelatina ou pectina, doces ou chocolate, os 10 bicos da m\u00e1quina garantem uma distribui\u00e7\u00e3o uniforme e consistente. As configura\u00e7\u00f5es de controle duplo de temperatura otimizam ainda mais o processo, adaptando-se \u00e0s necessidades espec\u00edficas de cada lote. Para pequenas empresas que desejam maximizar o rendimento e manter a qualidade em sua linha de produ\u00e7\u00e3o, o mini dosador de gomas \u00e9 um equipamento essencial que combina controle, efici\u00eancia e versatilidade.<\/p>\n<h3>Principais recursos e benef\u00edcios<\/h3>\n<p>O mini dosador de doces foi projetado para ser eficiente e adapt\u00e1vel, o que o torna um investimento inteligente para empresas com diversas necessidades de produ\u00e7\u00e3o. Seu tamanho compacto e a opera\u00e7\u00e3o semiautom\u00e1tica agilizam o processo de produ\u00e7\u00e3o, reduzindo a m\u00e3o de obra necess\u00e1ria e minimizando o tempo de configura\u00e7\u00e3o. O sistema de dosagem preciso garante um enchimento consistente, o que se traduz em qualidade uniforme do produto e taxas de refugo insignificantes. A versatilidade \u00e9 outro benef\u00edcio decisivo - o dosador acomoda v\u00e1rios tipos de bandejas e tamanhos de shot de 1 a 7 gramas, e o segundo funil opcional (capacidade de 30L) permite a produ\u00e7\u00e3o de produtos com enchimento central ou gomas multicoloridas. Essa flexibilidade permite a troca r\u00e1pida de produtos, ajudando as empresas a atender \u00e0s demandas do mercado em constante evolu\u00e7\u00e3o e, ao mesmo tempo, mantendo a alta efici\u00eancia da produ\u00e7\u00e3o.<\/p>\n<h3>Produ\u00e7\u00e3o de balas duras: Expandindo as possibilidades<\/h3>\n<p>Al\u00e9m da produ\u00e7\u00e3o de gomas, o mini dosador de balas abre novas oportunidades para a cria\u00e7\u00e3o de balas duras, incluindo pirulitos e caramelos. Seu avan\u00e7ado sistema de dosagem e os controles precisos de temperatura garantem a dosagem exata dos ingredientes ativos e o envase consistente, o que \u00e9 essencial para a qualidade e a conformidade. O uso de dimens\u00f5es de molde de metal e moldes de alum\u00ednio revestidos de teflon permite a libera\u00e7\u00e3o r\u00e1pida e o f\u00e1cil manuseio, simplificando o processo de desmoldagem. Com capacidade para produzir at\u00e9 5.000 balas duras por hora, essa m\u00e1quina \u00e9 ideal para a produ\u00e7\u00e3o de pequenos lotes, permitindo que as empresas diversifiquem suas ofertas de produtos com um investimento adicional m\u00ednimo. Seja para produzir pirulitos cl\u00e1ssicos ou guloseimas inovadoras de caramelo, o mini dosador de balas oferece o controle e a efici\u00eancia necess\u00e1rios para o sucesso.<\/p>\n<h3>Integra\u00e7\u00e3o com a linha de produ\u00e7\u00e3o<\/h3>\n<p>Integrando o mini <a title=\"Linha de produ\u00e7\u00e3o de marshmallow | M\u00e1quina e equipamento de produ\u00e7\u00e3o de marshmallow\" href=\"https:\/\/www.jymachinetech.com\/pt\/product\/marshmallow-processing-line\/\" data-wpil-monitor-id=\"173\" target=\"_blank\">depositador de doces em sua linha de produ\u00e7\u00e3o existente<\/a> \u00e9 simples, gra\u00e7as ao seu design compacto e aos recursos flex\u00edveis. O sistema de transporte do transportador e o sistema de carrinho de resfriamento se integram perfeitamente, garantindo um fluxo de trabalho suave e eficiente, desde o dep\u00f3sito at\u00e9 o resfriamento. Os controles avan\u00e7ados do PLC e uma tela HMI intuitiva proporcionam aos operadores controle cont\u00ednuo e dosagem precisa dos ingredientes ativos, garantindo a qualidade consistente do produto em todos os lotes. A capacidade da m\u00e1quina de manusear v\u00e1rios tipos de bandejas e de se adaptar a diferentes necessidades de produ\u00e7\u00e3o faz dela um ativo valioso para as empresas que se concentram em melhorar a efici\u00eancia da produ\u00e7\u00e3o e minimizar o tempo de configura\u00e7\u00e3o. Com esses recursos, o mini dosador de balas ajuda a simplificar as opera\u00e7\u00f5es e apoia o crescimento escal\u00e1vel na fabrica\u00e7\u00e3o de produtos de confeitaria.<\/p>","protected":false},"excerpt":{"rendered":"<p>Com dosagem precisa, trocas r\u00e1pidas e controles f\u00e1ceis de usar, esses mini dosadores de pequenos lotes s\u00e3o perfeitos para pesquisa, desenvolvimento de produtos e testes de marketing de gomas, gelatinas, balas duras, pirulitos, produtos de cor \u00fanica, produtos de sa\u00fade, como suplementos de goma e muito mais. O design compacto otimiza o espa\u00e7o, enquanto as superf\u00edcies de contato SUS316 e a estrutura SUS304 garantem higiene e durabilidade. Dimensione facilmente sua produ\u00e7\u00e3o com resultados consistentes e esfor\u00e7o m\u00ednimo de configura\u00e7\u00e3o. O mini dosador de gomas \u00e9 ideal para pequenas empresas e iniciantes que desejam expandir seus neg\u00f3cios de confeitaria, suportando uma ampla variedade de moldes e permitindo a personaliza\u00e7\u00e3o do molde, incluindo diferentes designs de goma e dimens\u00f5es de molde de metal para atender \u00e0s dimens\u00f5es e aos requisitos espec\u00edficos do produto. Os principais aspectos a serem considerados na sele\u00e7\u00e3o de um mini dosador de pequenos lotes incluem escala de produ\u00e7\u00e3o, dimens\u00f5es do produto, personaliza\u00e7\u00e3o do molde e facilidade de limpeza.<\/p>","protected":false},"featured_media":7481,"comment_status":"closed","ping_status":"closed","template":"","meta":[],"product_brand":[],"product_cat":[16],"product_tag":[201],"class_list":{"0":"post-7472","1":"product","2":"type-product","3":"status-publish","4":"has-post-thumbnail","6":"product_cat-candy-machine","7":"product_tag-mini-gummy-depositor","9":"first","10":"instock","11":"shipping-taxable","12":"product-type-simple"},"_links":{"self":[{"href":"https:\/\/www.jymachinetech.com\/pt\/wp-json\/wp\/v2\/product\/7472","targetHints":{"allow":["GET"]}}],"collection":[{"href":"https:\/\/www.jymachinetech.com\/pt\/wp-json\/wp\/v2\/product"}],"about":[{"href":"https:\/\/www.jymachinetech.com\/pt\/wp-json\/wp\/v2\/types\/product"}],"replies":[{"embeddable":true,"href":"https:\/\/www.jymachinetech.com\/pt\/wp-json\/wp\/v2\/comments?post=7472"}],"version-history":[{"count":6,"href":"https:\/\/www.jymachinetech.com\/pt\/wp-json\/wp\/v2\/product\/7472\/revisions"}],"predecessor-version":[{"id":7486,"href":"https:\/\/www.jymachinetech.com\/pt\/wp-json\/wp\/v2\/product\/7472\/revisions\/7486"}],"wp:featuredmedia":[{"embeddable":true,"href":"https:\/\/www.jymachinetech.com\/pt\/wp-json\/wp\/v2\/media\/7481"}],"wp:attachment":[{"href":"https:\/\/www.jymachinetech.com\/pt\/wp-json\/wp\/v2\/media?parent=7472"}],"wp:term":[{"taxonomy":"product_brand","embeddable":true,"href":"https:\/\/www.jymachinetech.com\/pt\/wp-json\/wp\/v2\/product_brand?post=7472"},{"taxonomy":"product_cat","embeddable":true,"href":"https:\/\/www.jymachinetech.com\/pt\/wp-json\/wp\/v2\/product_cat?post=7472"},{"taxonomy":"product_tag","embeddable":true,"href":"https:\/\/www.jymachinetech.com\/pt\/wp-json\/wp\/v2\/product_tag?post=7472"}],"curies":[{"name":"wp","href":"https:\/\/api.w.org\/{rel}","templated":true}]}}