{"id":7416,"date":"2025-07-28T01:51:30","date_gmt":"2025-07-28T01:51:30","guid":{"rendered":"https:\/\/www.jymachinetech.com\/?post_type=product&#038;p=7416"},"modified":"2025-07-28T02:11:32","modified_gmt":"2025-07-28T02:11:32","slug":"candy-drop-roller-turn-sugar-into-perfect-drops-every-time","status":"publish","type":"product","link":"https:\/\/www.jymachinetech.com\/pt\/product\/candy-drop-roller-turn-sugar-into-perfect-drops-every-time\/","title":{"rendered":"Candy Drop Roller - Transforme o a\u00e7\u00facar em gotas perfeitas, sempre"},"content":{"rendered":"<h1 data-pm-slice=\"1 1 []\">Candy Drop Roller: Um guia abrangente<\/h1>\n<p>M\u00e1quina de doces com rolo de queda<\/p>\n<p><a href=\"https:\/\/www.jymachinetech.com\/wp-content\/uploads\/2025\/07\/\u66ff\u6362\u56fe\u7247\u573a\u666f-7.jpg\" target=\"_blank\"><img fetchpriority=\"high\" decoding=\"async\" class=\"alignnone size-full wp-image-7418\" src=\"https:\/\/www.jymachinetech.com\/wp-content\/uploads\/2025\/07\/\u66ff\u6362\u56fe\u7247\u573a\u666f-7.jpg\" alt=\"\" width=\"659\" height=\"691\" srcset=\"https:\/\/www.jymachinetech.com\/wp-content\/uploads\/2025\/07\/\u66ff\u6362\u56fe\u7247\u573a\u666f-7.jpg 659w, https:\/\/www.jymachinetech.com\/wp-content\/uploads\/2025\/07\/\u66ff\u6362\u56fe\u7247\u573a\u666f-7-11x12.jpg 11w, https:\/\/www.jymachinetech.com\/wp-content\/uploads\/2025\/07\/\u66ff\u6362\u56fe\u7247\u573a\u666f-7-600x629.jpg 600w\" sizes=\"(max-width: 659px) 100vw, 659px\" \/><\/a><\/p>\n<p>Acess\u00edvel, flex\u00edvel e com formato perfeito<\/p>\n<p><a href=\"https:\/\/www.jymachinetech.com\/wp-content\/uploads\/2025\/07\/Candy-Drop-Roller-2.webp\" target=\"_blank\"><img decoding=\"async\" class=\"alignnone size-full wp-image-7426\" src=\"https:\/\/www.jymachinetech.com\/wp-content\/uploads\/2025\/07\/Candy-Drop-Roller-2.webp\" alt=\"\" width=\"640\" height=\"640\" srcset=\"https:\/\/www.jymachinetech.com\/wp-content\/uploads\/2025\/07\/Candy-Drop-Roller-2.webp 640w, https:\/\/www.jymachinetech.com\/wp-content\/uploads\/2025\/07\/Candy-Drop-Roller-2-12x12.webp 12w, https:\/\/www.jymachinetech.com\/wp-content\/uploads\/2025\/07\/Candy-Drop-Roller-2-300x300.webp 300w, https:\/\/www.jymachinetech.com\/wp-content\/uploads\/2025\/07\/Candy-Drop-Roller-2-600x600.webp 600w, https:\/\/www.jymachinetech.com\/wp-content\/uploads\/2025\/07\/Candy-Drop-Roller-2-100x100.webp 100w\" sizes=\"(max-width: 640px) 100vw, 640px\" \/><\/a><\/p>\n<p>O Candy Drop Roller foi projetado para a produ\u00e7\u00e3o de doces de baixo a m\u00e9dio volume, oferecendo precis\u00e3o, qualidade e efici\u00eancia em cada lote. Essa solu\u00e7\u00e3o de baixo custo \u00e9 fabricada e produzida no Reino Unido, o que a torna adequada para empresas de todos os tamanhos que buscam fabricar uma variedade de doces. A m\u00e1quina oferece versatilidade e efici\u00eancia de produ\u00e7\u00e3o, permitindo que os clientes atendam \u00e0s suas necessidades de produ\u00e7\u00e3o e criem uma ampla variedade de doces. <a href=\"https:\/\/www.jymachinetech.com\/pt\/the-ultimate-guide-on-how-candy-is-made-from-ingredients-to-process\/\" title=\"O guia definitivo sobre como os doces s\u00e3o feitos: Dos ingredientes ao processo\"  data-wpil-monitor-id=\"144\" target=\"_blank\">doces<\/a> designs, formas e tamanhos.<\/p>\n<p>Transforme uma fita plana de a\u00e7\u00facar cozido em gotas de balas duras, drageados ou formas sazonais impec\u00e1veis, sem o pre\u00e7o dos sistemas de matrizes rotativas de alta velocidade. Essa \u00fanica m\u00e1quina pode produzir doces s\u00f3lidos de uma \u00fanica cor e doces em camadas de duas cores, bem como formatos inovadores, como bolas, ovais, redondos, peras, lim\u00f5es, quadrados, gotas planas e produtos em barra, atendendo aos diversos requisitos de empresas e clientes de confeitaria.<\/p>\n<p>Por que escolher nosso Drop Roller?<\/p>\n<p>Uma m\u00e1quina, infinitas formas: Os rolos de lat\u00e3o gravados, especialmente projetados e de grau aliment\u00edcio, e os rolos formadores s\u00e3o trocados em &lt; 1 minuto como um conjunto. Mantenha uma base <a href=\"https:\/\/www.jymachinetech.com\/pt\/product\/wafer-biscuit-production-line\/\" title=\"Linha de produ\u00e7\u00e3o de biscoitos de wafer | F\u00e1brica de m\u00e1quinas para fazer wafer\"  data-wpil-monitor-id=\"146\" target=\"_blank\">unidade e expandir sua linha de produtos<\/a> apenas adicionando novos conjuntos de rolos para criar a forma e as dimens\u00f5es necess\u00e1rias para cada tamanho e formato de doce.<\/p>\n<p>Ponto de entrada econ\u00f4mico: Ideal para start-ups, cozinhas de teste ou f\u00e1bricas estabelecidas que precisam de pequenas tiragens e trocas frequentes, oferecendo uma solu\u00e7\u00e3o de baixo custo para a fabrica\u00e7\u00e3o de uma variedade de doces.<\/p>\n<p>Doces s\u00f3lidos ou em dois tons: Lida com massa de doces de cor \u00fanica ou fitas listradas com a mesma facilidade, permitindo a produ\u00e7\u00e3o de doces s\u00f3lidos de cor \u00fanica e doces em camadas de duas cores.<\/p>\n<p>Acionamento manual ou el\u00e9trico: Motor plug-and-play de 110 V \/ 220 V ou op\u00e7\u00e3o de manivela manual - mesmo desempenho do rolo, sem custo adicional.<\/p>\n<p>Antiaderente, f\u00e1cil de limpar: O spray de libera\u00e7\u00e3o r\u00e1pida de confeitos + ventilador opcional evita que os doces grudem; os rolos de pol\u00edmero podem ser lavados em segundos.<\/p>\n<p>Versatilidade e variedade: A m\u00e1quina de rolo de queda e seus v\u00e1rios modelos oferecem versatilidade e <a href=\"https:\/\/www.jymachinetech.com\/pt\/the-best-biscuit-machine-for-efficient-production-and-quality-control\/\" title=\"A melhor m\u00e1quina de biscoitos para produ\u00e7\u00e3o eficiente e controle de qualidade\"  data-wpil-monitor-id=\"147\" target=\"_blank\">efici\u00eancia de produ\u00e7\u00e3o<\/a>permitindo que as empresas criem uma ampla variedade de designs de doces, formas e formatos inovadores para atender \u00e0s necessidades de seus clientes.<\/p>\n<p>Como funciona\uff1f<\/p>\n<p>- Cozinhe e resfrie a massa do doce at\u00e9 formar uma fita male\u00e1vel.<\/p>\n<p>- Passe a fita entre os rolos formadores de lat\u00e3o endurecido e gravado.<\/p>\n<p>- A massa do doce \u00e9 formada em uma folha, que \u00e9 ent\u00e3o moldada pelos rolos gravados para produzir v\u00e1rias formas e doces formados.<\/p>\n<p>- Os doces formados s\u00e3o deixados para endurecer ap\u00f3s o resfriamento, depois s\u00e3o quebrados, peneirados e processados antes de serem embalados para venda.<\/p>\n<p><a href=\"https:\/\/www.jymachinetech.com\/wp-content\/uploads\/2025\/07\/Candy-Drop-Roller-3.webp\" target=\"_blank\"><img decoding=\"async\" class=\"alignnone size-full wp-image-7428\" src=\"https:\/\/www.jymachinetech.com\/wp-content\/uploads\/2025\/07\/Candy-Drop-Roller-3.webp\" alt=\"\" width=\"640\" height=\"640\" srcset=\"https:\/\/www.jymachinetech.com\/wp-content\/uploads\/2025\/07\/Candy-Drop-Roller-3.webp 640w, https:\/\/www.jymachinetech.com\/wp-content\/uploads\/2025\/07\/Candy-Drop-Roller-3-12x12.webp 12w, https:\/\/www.jymachinetech.com\/wp-content\/uploads\/2025\/07\/Candy-Drop-Roller-3-300x300.webp 300w, https:\/\/www.jymachinetech.com\/wp-content\/uploads\/2025\/07\/Candy-Drop-Roller-3-600x600.webp 600w, https:\/\/www.jymachinetech.com\/wp-content\/uploads\/2025\/07\/Candy-Drop-Roller-3-100x100.webp 100w\" sizes=\"(max-width: 640px) 100vw, 640px\" \/><\/a><\/p>\n<p>Inclu\u00eddos e op\u00e7\u00f5es<\/p>\n<p>- 1 par de roletes padr\u00e3o (escolha no cat\u00e1logo)<\/p>\n<p>- Conjuntos de rolos extras: \u00c1rvores de Natal, cora\u00e7\u00f5es, estrelas ou logotipo personalizado - mesmo pre\u00e7o<\/p>\n<p>- Kit de ventilador de resfriamento<\/p>\n<p>- Bandeja de peneira e tambor de drageia em a\u00e7o inoxid\u00e1vel<\/p>\n<p>- O equipamento inclui componentes como uma op\u00e7\u00e3o de rolo de queda resfriado a \u00e1gua para maior produ\u00e7\u00e3o (at\u00e9 300 kg por hora), e m\u00e1quinas e acess\u00f3rios adicionais podem ser instalados conforme necess\u00e1rio para aumentar <a href=\"https:\/\/www.jymachinetech.com\/pt\/top-machine-gummy-candy-solutions-for-efficient-production\/\" title=\"Solu\u00e7\u00f5es para balas de goma de m\u00e1quina superior para uma produ\u00e7\u00e3o eficiente\"  data-wpil-monitor-id=\"148\" target=\"_blank\">efici\u00eancia de produ\u00e7\u00e3o<\/a> e versatilidade.<\/p>\n<p>- A m\u00e1quina de rolo de queda de doces \u00e9 produzida e fabricada no Reino Unido usando material de grau aliment\u00edcio, como a\u00e7o inoxid\u00e1vel e rolos de lat\u00e3o, garantindo durabilidade e conformidade com os padr\u00f5es do setor.<\/p>\n<p>Para obter informa\u00e7\u00f5es sobre entrega e envio, os clientes podem entrar em contato conosco por escrito. Oferecemos o envio de nossos equipamentos para todo o mundo, garantindo que empresas de todos os lugares possam se beneficiar de nossa versatilidade <a href=\"https:\/\/www.jymachinetech.com\/pt\/product\/pillow-type-biscuit-packaging-machine\/\" title=\"M\u00e1quina de embalagem de biscoito tipo travesseiro para vendas\"  data-wpil-monitor-id=\"149\" target=\"_blank\">m\u00e1quinas e solu\u00e7\u00f5es embaladas para a produ\u00e7\u00e3o de doces<\/a>.<\/p>\n<p><a href=\"https:\/\/www.jymachinetech.com\/wp-content\/uploads\/2025\/07\/Candy-Drop-Roller-4.webp\" target=\"_blank\"><img loading=\"lazy\" decoding=\"async\" class=\"alignnone size-full wp-image-7429\" src=\"https:\/\/www.jymachinetech.com\/wp-content\/uploads\/2025\/07\/Candy-Drop-Roller-4.webp\" alt=\"\" width=\"998\" height=\"666\" srcset=\"https:\/\/www.jymachinetech.com\/wp-content\/uploads\/2025\/07\/Candy-Drop-Roller-4.webp 998w, https:\/\/www.jymachinetech.com\/wp-content\/uploads\/2025\/07\/Candy-Drop-Roller-4-18x12.webp 18w, https:\/\/www.jymachinetech.com\/wp-content\/uploads\/2025\/07\/Candy-Drop-Roller-4-600x400.webp 600w\" sizes=\"(max-width: 998px) 100vw, 998px\" \/><\/a><\/p>","protected":false},"excerpt":{"rendered":"<p data-pm-slice=\"1 1 []\">O Candy Drop Roller foi projetado para a produ\u00e7\u00e3o de doces de baixo a m\u00e9dio volume, oferecendo precis\u00e3o, qualidade e efici\u00eancia em cada lote. Essa solu\u00e7\u00e3o de baixo custo \u00e9 fabricada e produzida no Reino Unido, o que a torna adequada para empresas de todos os tamanhos que buscam fabricar uma variedade de doces. A m\u00e1quina oferece versatilidade e efici\u00eancia de produ\u00e7\u00e3o, permitindo que os clientes atendam \u00e0s suas necessidades de produ\u00e7\u00e3o e criem uma ampla variedade de doces. <a href=\"https:\/\/www.jymachinetech.com\/pt\/the-ultimate-guide-on-how-candy-is-made-from-ingredients-to-process\/\" title=\"O guia definitivo sobre como os doces s\u00e3o feitos: Dos ingredientes ao processo\"  data-wpil-monitor-id=\"145\">doces<\/a> designs, formas e tamanhos.<\/p>","protected":false},"featured_media":7429,"comment_status":"open","ping_status":"closed","template":"","meta":[],"product_brand":[],"product_cat":[16],"product_tag":[196],"class_list":{"0":"post-7416","1":"product","2":"type-product","3":"status-publish","4":"has-post-thumbnail","6":"product_cat-candy-machine","7":"product_tag-candy-drop-roller","9":"first","10":"instock","11":"shipping-taxable","12":"product-type-simple"},"_links":{"self":[{"href":"https:\/\/www.jymachinetech.com\/pt\/wp-json\/wp\/v2\/product\/7416","targetHints":{"allow":["GET"]}}],"collection":[{"href":"https:\/\/www.jymachinetech.com\/pt\/wp-json\/wp\/v2\/product"}],"about":[{"href":"https:\/\/www.jymachinetech.com\/pt\/wp-json\/wp\/v2\/types\/product"}],"replies":[{"embeddable":true,"href":"https:\/\/www.jymachinetech.com\/pt\/wp-json\/wp\/v2\/comments?post=7416"}],"version-history":[{"count":7,"href":"https:\/\/www.jymachinetech.com\/pt\/wp-json\/wp\/v2\/product\/7416\/revisions"}],"predecessor-version":[{"id":7436,"href":"https:\/\/www.jymachinetech.com\/pt\/wp-json\/wp\/v2\/product\/7416\/revisions\/7436"}],"wp:featuredmedia":[{"embeddable":true,"href":"https:\/\/www.jymachinetech.com\/pt\/wp-json\/wp\/v2\/media\/7429"}],"wp:attachment":[{"href":"https:\/\/www.jymachinetech.com\/pt\/wp-json\/wp\/v2\/media?parent=7416"}],"wp:term":[{"taxonomy":"product_brand","embeddable":true,"href":"https:\/\/www.jymachinetech.com\/pt\/wp-json\/wp\/v2\/product_brand?post=7416"},{"taxonomy":"product_cat","embeddable":true,"href":"https:\/\/www.jymachinetech.com\/pt\/wp-json\/wp\/v2\/product_cat?post=7416"},{"taxonomy":"product_tag","embeddable":true,"href":"https:\/\/www.jymachinetech.com\/pt\/wp-json\/wp\/v2\/product_tag?post=7416"}],"curies":[{"name":"wp","href":"https:\/\/api.w.org\/{rel}","templated":true}]}}