{"id":6914,"date":"2025-07-09T02:44:24","date_gmt":"2025-07-09T02:44:24","guid":{"rendered":"https:\/\/www.jymachinetech.com\/?post_type=product&#038;p=6914"},"modified":"2025-07-25T06:04:47","modified_gmt":"2025-07-25T06:04:47","slug":"dorayaki-cake-production-line2000pcs-h-4000pcs-h-5000pcs-h-6000pcs-h-8000pcs-h","status":"publish","type":"product","link":"https:\/\/www.jymachinetech.com\/pt\/product\/dorayaki-cake-production-line2000pcs-h-4000pcs-h-5000pcs-h-6000pcs-h-8000pcs-h\/","title":{"rendered":"Linha de produ\u00e7\u00e3o de bolos Dorayaki: 2000 (unidades por hora) 4000 (unidades por hora) 5000 (unidades por hora) 6000 (unidades por hora) 8000 (unidades por hora)"},"content":{"rendered":"<p>&nbsp;<\/p>\n<p><a href=\"https:\/\/www.jymachinetech.com\/wp-content\/uploads\/2025\/07\/photobank.jpg\" target=\"_blank\"><img fetchpriority=\"high\" decoding=\"async\" class=\"alignnone size-full wp-image-6918\" src=\"https:\/\/www.jymachinetech.com\/wp-content\/uploads\/2025\/07\/photobank.jpg\" alt=\"\" width=\"800\" height=\"662\" srcset=\"https:\/\/www.jymachinetech.com\/wp-content\/uploads\/2025\/07\/photobank.jpg 800w, https:\/\/www.jymachinetech.com\/wp-content\/uploads\/2025\/07\/photobank-15x12.jpg 15w, https:\/\/www.jymachinetech.com\/wp-content\/uploads\/2025\/07\/photobank-600x497.jpg 600w\" sizes=\"(max-width: 800px) 100vw, 800px\" \/><\/a><\/p>\n<table>\n<tbody>\n<tr>\n<td width=\"295\">\u578b\u53f7Modelo<\/td>\n<td width=\"100\">400<\/td>\n<td width=\"124\">800<\/td>\n<td width=\"120\">1000<\/td>\n<td width=\"124\">1200<\/td>\n<td width=\"126\">1600<\/td>\n<\/tr>\n<tr>\n<td width=\"295\">\u4ea7\u80fdCapacidade (\u03c690mmpcs\/h)<\/td>\n<td width=\"100\">2000<\/td>\n<td width=\"124\">4000<\/td>\n<td width=\"120\">5000<\/td>\n<td width=\"124\">6000<\/td>\n<td width=\"126\">8000<\/td>\n<\/tr>\n<tr>\n<td width=\"295\">\u6c14\u7089Forno a g\u00e1s (m\u00b3\/h)<\/td>\n<td width=\"100\">10<\/td>\n<td width=\"124\">12<\/td>\n<td width=\"120\">15<\/td>\n<td width=\"124\">20<\/td>\n<td width=\"126\">24<\/td>\n<\/tr>\n<tr>\n<td width=\"295\">\u7528\u7535\u91cfConsumo de energia (Kw\/h)<\/td>\n<td width=\"100\">18<\/td>\n<td width=\"124\">20<\/td>\n<td width=\"120\">25<\/td>\n<td width=\"124\">30<\/td>\n<td width=\"126\">35.5<\/td>\n<\/tr>\n<\/tbody>\n<\/table>\n<p>1,Capacidade: 2000pcs-8000pcs\/h;<br \/>\n2,Modelo da m\u00e1quina: JY400 - JY1600<br \/>\n3, Nome da m\u00e1quina: Linha de produ\u00e7\u00e3o autom\u00e1tica de bolo dorayaki<br \/>\n4, Etapa de processamento: mistura, forma\u00e7\u00e3o, cozimento, movimenta\u00e7\u00e3o, queda, resfriamento, giro r\u00e1pido e lento, enchimento, empilhamento, combina\u00e7\u00e3o, transporte por UV, embalagem<br \/>\n5,Principal mat\u00e9ria-prima: a\u00e7\u00facar, farinha, glicose, \u00e1gua, ovo, chocolate, leite em p\u00f3, sabor, cor<br \/>\n6,Espa\u00e7o necess\u00e1rio para a oficina: mais de 200 metros quadrados<br \/>\n7, espa\u00e7o da oficina de produtos finais: mais de 100 metros quadrados<br \/>\n8. Espa\u00e7o da oficina de mat\u00e9ria-prima: mais de 100 metros quadrados<br \/>\n9. trabalhador para cada turno: 10 a 15 pessoas<br \/>\n<a href=\"https:\/\/www.jymachinetech.com\/wp-content\/uploads\/2025\/07\/\u5fae\u4fe1\u56fe\u7247_20240306162620.jpg\" target=\"_blank\"><img decoding=\"async\" class=\"alignnone wp-image-6924\" src=\"https:\/\/www.jymachinetech.com\/wp-content\/uploads\/2025\/07\/\u5fae\u4fe1\u56fe\u7247_20240306162620.jpg\" alt=\"\" width=\"484\" height=\"336\" srcset=\"https:\/\/www.jymachinetech.com\/wp-content\/uploads\/2025\/07\/\u5fae\u4fe1\u56fe\u7247_20240306162620.jpg 1001w, https:\/\/www.jymachinetech.com\/wp-content\/uploads\/2025\/07\/\u5fae\u4fe1\u56fe\u7247_20240306162620-18x12.jpg 18w, https:\/\/www.jymachinetech.com\/wp-content\/uploads\/2025\/07\/\u5fae\u4fe1\u56fe\u7247_20240306162620-600x416.jpg 600w\" sizes=\"(max-width: 484px) 100vw, 484px\" \/><\/a><\/p>\n<p><b>COMO FAZER DORAYAKI C<\/b><b>AKES<\/b><\/p>\n<p><img decoding=\"async\" class=\"alignnone size-large wp-image-6922\" src=\"https:\/\/www.jymachinetech.com\/wp-content\/uploads\/2025\/07\/\u94dc\u9523\u70e7\u6b65\u9aa41-1024x744.png\" alt=\"\" width=\"800\" height=\"581\"><br \/>\nOs sistemas de bolo Dorayaki s\u00e3o compostos por duas m\u00e1quinas conectadas. A chapa para bolo e a sanduicheira funcionam de forma independente, mas s\u00e3o totalmente sincronizadas.<br \/>\n\u200b<a href=\"https:\/\/www.jymachinetech.com\/wp-content\/uploads\/2025\/07\/photobank-1-e1752028647447.jpg\" target=\"_blank\"><img loading=\"lazy\" decoding=\"async\" class=\"alignnone wp-image-6923\" src=\"https:\/\/www.jymachinetech.com\/wp-content\/uploads\/2025\/07\/photobank-1-e1752028647447.jpg\" alt=\"\" width=\"654\" height=\"497\" srcset=\"https:\/\/www.jymachinetech.com\/wp-content\/uploads\/2025\/07\/photobank-1-e1752028647447.jpg 800w, https:\/\/www.jymachinetech.com\/wp-content\/uploads\/2025\/07\/photobank-1-e1752028647447-16x12.jpg 16w, https:\/\/www.jymachinetech.com\/wp-content\/uploads\/2025\/07\/photobank-1-e1752028647447-600x456.jpg 600w\" sizes=\"(max-width: 654px) 100vw, 654px\" \/><\/a><br \/>\nPara assar, usamos uma placa de cobre refor\u00e7ada. A extraordin\u00e1ria capacidade de reten\u00e7\u00e3o de calor produz uma superf\u00edcie de panqueca muito lisa. Tanto o g\u00e1s quanto a eletricidade podem ser usados como fonte de calor para assar os produtos. Ao alterar a velocidade da chapa e a posi\u00e7\u00e3o do depositador, o tempo de cozimento pode ser ajustado. Um aquecedor montado na parte superior do sistema de produ\u00e7\u00e3o de panquecas cozinha a panqueca a partir da parte superior antes de vir\u00e1-la. As posi\u00e7\u00f5es do aquecedor montado na parte superior e do virador tamb\u00e9m podem ser ajustadas para atender a diferentes receitas. Abaixo da m\u00e1quina de produ\u00e7\u00e3o de dorayaki, os res\u00edduos s\u00e3o removidos das placas da chapa e o \u00f3leo \u00e9 aplicado para garantir que as panquecas sejam liberadas adequadamente.<\/p>\n<p><a href=\"https:\/\/www.jymachinetech.com\/wp-content\/uploads\/2025\/07\/\u5fae\u4fe1\u56fe\u7247_20240306162620.jpg\" target=\"_blank\"><img loading=\"lazy\" decoding=\"async\" class=\"alignnone wp-image-6925\" src=\"https:\/\/www.jymachinetech.com\/wp-content\/uploads\/2025\/07\/\u5fae\u4fe1\u56fe\u7247_20240306162643.jpg\" alt=\"\" width=\"374\" height=\"217\" srcset=\"https:\/\/www.jymachinetech.com\/wp-content\/uploads\/2025\/07\/\u5fae\u4fe1\u56fe\u7247_20240306162643.jpg 612w, https:\/\/www.jymachinetech.com\/wp-content\/uploads\/2025\/07\/\u5fae\u4fe1\u56fe\u7247_20240306162643-18x10.jpg 18w, https:\/\/www.jymachinetech.com\/wp-content\/uploads\/2025\/07\/\u5fae\u4fe1\u56fe\u7247_20240306162643-600x347.jpg 600w\" sizes=\"(max-width: 374px) 100vw, 374px\" \/><\/a><a href=\"https:\/\/www.jymachinetech.com\/wp-content\/uploads\/2025\/07\/8b2d6756fc339850d1a68d3886343ca-scaled.jpg\" target=\"_blank\"><img loading=\"lazy\" decoding=\"async\" class=\"alignnone wp-image-6920\" src=\"https:\/\/www.jymachinetech.com\/wp-content\/uploads\/2025\/07\/8b2d6756fc339850d1a68d3886343ca-1024x683.jpg\" alt=\"\" width=\"332\" height=\"221\"><\/a><\/p>\n<p>&nbsp;<\/p>\n<p>A m\u00e1quina de sandu\u00edches primeiro alinha os produtos que chegam da m\u00e1quina de panquecas e, em seguida, vira metade das fileiras de panquecas para aplicar o recheio. A outra fileira de panquecas n\u00e3o \u00e9 virada, elas permanecem viradas para cima para permitir a impress\u00e3o. Finalmente, a panqueca est\u00e1 pronta para ser colocada em um sandu\u00edche e ser\u00e1 selada para manter o recheio. A unidade de selagem pode fechar a panqueca, mantendo o recheio dentro, ou apenas coloc\u00e1-la em um sandu\u00edche, deixando as bordas abertas.<\/p>\n<p>&nbsp;<\/p>","protected":false},"excerpt":{"rendered":"<p>&nbsp; \u578b\u53f7Modelo 400 800 1000 1200 1600 \u4ea7\u80fdCapacidade (\u03c690mmpcs\/h) 2000 4000 5000 6000 8000 \u6c14\u7089Forno a g\u00e1s (m\u00b3\/h) 10 12 15 20 24 \u7528\u7535\u91cfConsumo de energia (Kw\/h) 18 20 25 30 35,5 1,Capacidade: 2000pcs-8000pcs\/h; 2,Modelo da m\u00e1quina: JY400 - JY1600 3, Nome da m\u00e1quina: Linha de produ\u00e7\u00e3o autom\u00e1tica de bolo dorayaki 4, Etapa de processamento: mistura - forma\u00e7\u00e3o - cozimento - movimenta\u00e7\u00e3o - queda - resfriamento - velocidade r\u00e1pida e lenta - enchimento - empilhamento - combina\u00e7\u00e3o - transporte UV - embalagem 5, Principal mat\u00e9ria-prima [...]<\/p>","protected":false},"featured_media":6924,"comment_status":"open","ping_status":"closed","template":"","meta":[],"product_brand":[],"product_cat":[96,15],"product_tag":[],"class_list":{"0":"post-6914","1":"product","2":"type-product","3":"status-publish","4":"has-post-thumbnail","6":"product_cat-cake-machine","7":"product_cat-bakery-equipment","9":"first","10":"instock","11":"shipping-taxable","12":"product-type-simple"},"_links":{"self":[{"href":"https:\/\/www.jymachinetech.com\/pt\/wp-json\/wp\/v2\/product\/6914","targetHints":{"allow":["GET"]}}],"collection":[{"href":"https:\/\/www.jymachinetech.com\/pt\/wp-json\/wp\/v2\/product"}],"about":[{"href":"https:\/\/www.jymachinetech.com\/pt\/wp-json\/wp\/v2\/types\/product"}],"replies":[{"embeddable":true,"href":"https:\/\/www.jymachinetech.com\/pt\/wp-json\/wp\/v2\/comments?post=6914"}],"version-history":[{"count":2,"href":"https:\/\/www.jymachinetech.com\/pt\/wp-json\/wp\/v2\/product\/6914\/revisions"}],"predecessor-version":[{"id":6928,"href":"https:\/\/www.jymachinetech.com\/pt\/wp-json\/wp\/v2\/product\/6914\/revisions\/6928"}],"wp:featuredmedia":[{"embeddable":true,"href":"https:\/\/www.jymachinetech.com\/pt\/wp-json\/wp\/v2\/media\/6924"}],"wp:attachment":[{"href":"https:\/\/www.jymachinetech.com\/pt\/wp-json\/wp\/v2\/media?parent=6914"}],"wp:term":[{"taxonomy":"product_brand","embeddable":true,"href":"https:\/\/www.jymachinetech.com\/pt\/wp-json\/wp\/v2\/product_brand?post=6914"},{"taxonomy":"product_cat","embeddable":true,"href":"https:\/\/www.jymachinetech.com\/pt\/wp-json\/wp\/v2\/product_cat?post=6914"},{"taxonomy":"product_tag","embeddable":true,"href":"https:\/\/www.jymachinetech.com\/pt\/wp-json\/wp\/v2\/product_tag?post=6914"}],"curies":[{"name":"wp","href":"https:\/\/api.w.org\/{rel}","templated":true}]}}