{"id":4137,"date":"2024-04-18T05:41:53","date_gmt":"2024-04-18T05:41:53","guid":{"rendered":"https:\/\/www.jymachinetech.com\/?post_type=product&#038;p=4137"},"modified":"2025-07-25T06:07:43","modified_gmt":"2025-07-25T06:07:43","slug":"sugar-milling-machine","status":"publish","type":"product","link":"https:\/\/www.jymachinetech.com\/pt\/product\/sugar-milling-machine\/","title":{"rendered":"Linha de produ\u00e7\u00e3o de moagem de a\u00e7\u00facar - fabricantes de m\u00e1quinas para moagem de a\u00e7\u00facar"},"content":{"rendered":"<p>A M\u00e1quina de Moagem de A\u00e7\u00facar \u00e9 um equipamento industrial avan\u00e7ado projetado para a moagem precisa de cristais de a\u00e7\u00facar. Esta m\u00e1quina \u00e9 projetada para atender aos altos padr\u00f5es da ind\u00fastria de processamento de a\u00e7\u00facar, garantindo tamanho de part\u00edcula uniforme e qualidade de a\u00e7\u00facar ideal para v\u00e1rias aplica\u00e7\u00f5es.<\/p>\n<h2><strong>Principais caracter\u00edsticas:<\/strong><\/h2>\n<ol>\n<li><strong>Retifica\u00e7\u00e3o de alta precis\u00e3o:<\/strong> Equipada com tecnologia de moagem de \u00faltima gera\u00e7\u00e3o, a m\u00e1quina garante um tamanho de part\u00edcula consistente, o que \u00e9 crucial para a textura e a taxa de dissolu\u00e7\u00e3o do a\u00e7\u00facar.<\/li>\n<li><strong>Configura\u00e7\u00f5es de moagem ajust\u00e1veis:<\/strong> A m\u00e1quina possui configura\u00e7\u00f5es ajust\u00e1veis para controlar a finura do a\u00e7\u00facar, permitindo a produ\u00e7\u00e3o de v\u00e1rios tipos de a\u00e7\u00facar, do refinado ao em p\u00f3.<\/li>\n<li><strong>Constru\u00e7\u00e3o dur\u00e1vel:<\/strong> Constru\u00eddo com materiais robustos para suportar os rigores da opera\u00e7\u00e3o cont\u00ednua, garantindo uma longa vida \u00fatil com manuten\u00e7\u00e3o m\u00ednima.<\/li>\n<li><strong>Opera\u00e7\u00e3o com efici\u00eancia energ\u00e9tica:<\/strong> Projetado para consumir menos energia em compara\u00e7\u00e3o \u00e0s fresadoras tradicionais, reduzindo custos operacionais e impacto ambiental.<\/li>\n<li><strong>Manuten\u00e7\u00e3o f\u00e1cil:<\/strong> A m\u00e1quina foi projetada para f\u00e1cil acesso a todos os componentes, simplificando o processo de limpeza e manuten\u00e7\u00e3o.<\/li>\n<li><strong>Conformidade de seguran\u00e7a:<\/strong> Atende aos padr\u00f5es internacionais de seguran\u00e7a, contando com capas de prote\u00e7\u00e3o e fun\u00e7\u00f5es de parada de emerg\u00eancia para garantir a seguran\u00e7a do operador.<\/li>\n<li><strong>Design higi\u00eanico:<\/strong> Todas as pe\u00e7as de contato s\u00e3o feitas de materiais de qualidade alimentar, e o design facilita a limpeza completa para atender aos rigorosos requisitos de higiene.<\/li>\n<li><strong>Escalabilidade:<\/strong> A m\u00e1quina pode ser dimensionada para corresponder \u00e0 capacidade de produ\u00e7\u00e3o das linhas de processamento de a\u00e7\u00facar existentes ou expandida conforme as necessidades de produ\u00e7\u00e3o aumentam.<\/li>\n<li><strong>Opera\u00e7\u00e3o de baixo ru\u00eddo:<\/strong> Projetado para operar com o m\u00ednimo de ru\u00eddo, criando um ambiente de trabalho mais confort\u00e1vel.<\/li>\n<li><strong>Confiabilidade:<\/strong> Constru\u00edda com componentes de alta qualidade, a m\u00e1quina oferece desempenho confi\u00e1vel com tempo de inatividade m\u00ednimo.<\/li>\n<\/ol>\n<h2><strong>Especifica\u00e7\u00f5es t\u00e9cnicas:<\/strong><\/h2>\n<ul>\n<li><strong>Capacidade de moagem:<\/strong>\u00a0Capaz de processar grandes volumes de a\u00e7\u00facar por hora, com op\u00e7\u00f5es de escalabilidade dispon\u00edveis.<\/li>\n<li><strong>Faixa de tamanho de part\u00edcula:<\/strong>\u00a0Ajust\u00e1vel para produzir uma ampla gama de granula\u00e7\u00f5es de a\u00e7\u00facar.<\/li>\n<li><strong>Requisitos de energia:<\/strong>\u00a0Especifica\u00e7\u00f5es el\u00e9tricas detalhadas para garantir compatibilidade com a infraestrutura existente da planta.<\/li>\n<li><strong>Dimens\u00f5es da m\u00e1quina:<\/strong>\u00a0Projetado para se adaptar perfeitamente a v\u00e1rios ambientes de produ\u00e7\u00e3o.<\/li>\n<li><strong>N\u00edvel de ru\u00eddo:<\/strong>\u00a0Opera em um n\u00edvel baixo de decib\u00e9is para uma opera\u00e7\u00e3o mais silenciosa.<\/li>\n<\/ul>\n<h2><strong>Aplica\u00e7\u00f5es:<\/strong><\/h2>\n<p>A m\u00e1quina de moagem de a\u00e7\u00facar \u00e9 adequada para uma variedade de aplica\u00e7\u00f5es na ind\u00fastria de alimentos e bebidas, incluindo:<\/p>\n<ul>\n<li>Produ\u00e7\u00e3o de a\u00e7\u00facar granulado, refinado e em p\u00f3 para uso comercial.<\/li>\n<li>Ingrediente para confeitaria, panifica\u00e7\u00e3o e latic\u00ednios.<\/li>\n<li>Prepara\u00e7\u00e3o de xaropes e solu\u00e7\u00f5es \u00e0 base de a\u00e7\u00facar para fabrica\u00e7\u00e3o de bebidas.<\/li>\n<\/ul>\n<h2><strong>Suporte ao cliente:<\/strong><\/h2>\n<p>Nosso compromisso com a satisfa\u00e7\u00e3o do cliente inclui:<\/p>\n<ul>\n<li><strong>Instala\u00e7\u00e3o profissional:<\/strong>\u00a0Garantir que a m\u00e1quina esteja corretamente instalada e integrada \u00e0 sua linha de produ\u00e7\u00e3o.<\/li>\n<li><strong>Treinamento abrangente:<\/strong>\u00a0Fornecer treinamento completo aos operadores para garantir o uso eficiente e seguro da m\u00e1quina.<\/li>\n<li><strong>Servi\u00e7o p\u00f3s-venda:<\/strong>\u00a0Oferecendo suporte r\u00e1pido e eficaz para quaisquer problemas operacionais.<\/li>\n<li><strong>Fornecimento de pe\u00e7as de reposi\u00e7\u00e3o:<\/strong>\u00a0Garantir um fornecimento cont\u00ednuo de pe\u00e7as de reposi\u00e7\u00e3o para manuten\u00e7\u00e3o e reparos.<\/li>\n<\/ul>\n<h2><strong>Pre\u00e7o e disponibilidade:<\/strong><\/h2>\n<p>Nossa equipe de vendas est\u00e1 pronta para fornecer um or\u00e7amento detalhado e adaptado \u00e0s suas necessidades espec\u00edficas e inform\u00e1-lo sobre a disponibilidade atual da nossa m\u00e1quina de moagem de a\u00e7\u00facar.<\/p>\n<p><a href=\"https:\/\/www.jymachinetech.com\/pt\/?attachment_id=4138\" rel=\"attachment wp-att-4138\" target=\"_blank\"><img fetchpriority=\"high\" decoding=\"async\" class=\"alignnone size-large wp-image-4138\" title=\"linha de produ\u00e7\u00e3o de moagem de a\u00e7\u00facar - fabricantes de m\u00e1quinas para usinas de a\u00e7\u00facar\" src=\"https:\/\/www.jymachinetech.com\/wp-content\/uploads\/2024\/04\/\u5fae\u4fe1\u56fe\u7247_20240418133730-1024x723.png\" alt=\"linha de produ\u00e7\u00e3o de moagem de a\u00e7\u00facar - fabricantes de m\u00e1quinas para usinas de a\u00e7\u00facar\" width=\"940\" height=\"664\" \/><\/a> <a href=\"https:\/\/www.jymachinetech.com\/pt\/?attachment_id=4139\" rel=\"attachment wp-att-4139\" target=\"_blank\"><img decoding=\"async\" class=\"alignnone size-large wp-image-4139\" title=\"linha de produ\u00e7\u00e3o de moagem de a\u00e7\u00facar - fabricantes de m\u00e1quinas para usinas de a\u00e7\u00facar\" src=\"https:\/\/www.jymachinetech.com\/wp-content\/uploads\/2024\/04\/\u5fae\u4fe1\u56fe\u7247_20240418133801.png\" alt=\"linha de produ\u00e7\u00e3o de moagem de a\u00e7\u00facar - fabricantes de m\u00e1quinas para usinas de a\u00e7\u00facar\" width=\"776\" height=\"894\" srcset=\"https:\/\/www.jymachinetech.com\/wp-content\/uploads\/2024\/04\/\u5fae\u4fe1\u56fe\u7247_20240418133801.png 776w, https:\/\/www.jymachinetech.com\/wp-content\/uploads\/2024\/04\/\u5fae\u4fe1\u56fe\u7247_20240418133801-10x12.png 10w, https:\/\/www.jymachinetech.com\/wp-content\/uploads\/2024\/04\/\u5fae\u4fe1\u56fe\u7247_20240418133801-600x691.png 600w\" sizes=\"(max-width: 776px) 100vw, 776px\" \/><\/a> <a href=\"https:\/\/www.jymachinetech.com\/pt\/?attachment_id=4140\" rel=\"attachment wp-att-4140\" target=\"_blank\"><img decoding=\"async\" class=\"alignnone size-large wp-image-4140\" title=\"linha de produ\u00e7\u00e3o de moagem de a\u00e7\u00facar - fabricantes de m\u00e1quinas para usinas de a\u00e7\u00facar\" src=\"https:\/\/www.jymachinetech.com\/wp-content\/uploads\/2024\/04\/\u5fae\u4fe1\u56fe\u7247_20240418133823.png\" alt=\"linha de produ\u00e7\u00e3o de moagem de a\u00e7\u00facar - fabricantes de m\u00e1quinas para usinas de a\u00e7\u00facar\" width=\"743\" height=\"910\" srcset=\"https:\/\/www.jymachinetech.com\/wp-content\/uploads\/2024\/04\/\u5fae\u4fe1\u56fe\u7247_20240418133823.png 743w, https:\/\/www.jymachinetech.com\/wp-content\/uploads\/2024\/04\/\u5fae\u4fe1\u56fe\u7247_20240418133823-10x12.png 10w, https:\/\/www.jymachinetech.com\/wp-content\/uploads\/2024\/04\/\u5fae\u4fe1\u56fe\u7247_20240418133823-600x735.png 600w\" sizes=\"(max-width: 743px) 100vw, 743px\" \/><\/a> <a href=\"https:\/\/www.jymachinetech.com\/pt\/?attachment_id=4141\" rel=\"attachment wp-att-4141\" target=\"_blank\"><img loading=\"lazy\" decoding=\"async\" class=\"alignnone size-large wp-image-4141\" title=\"linha de produ\u00e7\u00e3o de moagem de a\u00e7\u00facar - fabricantes de m\u00e1quinas para usinas de a\u00e7\u00facar\" src=\"https:\/\/www.jymachinetech.com\/wp-content\/uploads\/2024\/04\/\u5fae\u4fe1\u56fe\u7247_20240418133819.png\" alt=\"linha de produ\u00e7\u00e3o de moagem de a\u00e7\u00facar - fabricantes de m\u00e1quinas para usinas de a\u00e7\u00facar\" width=\"791\" height=\"906\" srcset=\"https:\/\/www.jymachinetech.com\/wp-content\/uploads\/2024\/04\/\u5fae\u4fe1\u56fe\u7247_20240418133819.png 791w, https:\/\/www.jymachinetech.com\/wp-content\/uploads\/2024\/04\/\u5fae\u4fe1\u56fe\u7247_20240418133819-10x12.png 10w, https:\/\/www.jymachinetech.com\/wp-content\/uploads\/2024\/04\/\u5fae\u4fe1\u56fe\u7247_20240418133819-600x687.png 600w\" sizes=\"(max-width: 791px) 100vw, 791px\" \/><\/a> <a href=\"https:\/\/www.jymachinetech.com\/pt\/?attachment_id=4142\" rel=\"attachment wp-att-4142\" target=\"_blank\"><img loading=\"lazy\" decoding=\"async\" class=\"alignnone size-large wp-image-4142\" title=\"linha de produ\u00e7\u00e3o de moagem de a\u00e7\u00facar - fabricantes de m\u00e1quinas para usinas de a\u00e7\u00facar\" src=\"https:\/\/www.jymachinetech.com\/wp-content\/uploads\/2024\/04\/\u5fae\u4fe1\u56fe\u7247_20240418133813.png\" alt=\"linha de produ\u00e7\u00e3o de moagem de a\u00e7\u00facar - fabricantes de m\u00e1quinas para usinas de a\u00e7\u00facar\" width=\"789\" height=\"557\" srcset=\"https:\/\/www.jymachinetech.com\/wp-content\/uploads\/2024\/04\/\u5fae\u4fe1\u56fe\u7247_20240418133813.png 789w, https:\/\/www.jymachinetech.com\/wp-content\/uploads\/2024\/04\/\u5fae\u4fe1\u56fe\u7247_20240418133813-18x12.png 18w, https:\/\/www.jymachinetech.com\/wp-content\/uploads\/2024\/04\/\u5fae\u4fe1\u56fe\u7247_20240418133813-600x424.png 600w\" sizes=\"(max-width: 789px) 100vw, 789px\" \/><\/a> <a href=\"https:\/\/www.jymachinetech.com\/pt\/?attachment_id=4143\" rel=\"attachment wp-att-4143\" target=\"_blank\"><img loading=\"lazy\" decoding=\"async\" class=\"alignnone size-large wp-image-4143\" title=\"linha de produ\u00e7\u00e3o de moagem de a\u00e7\u00facar - fabricantes de m\u00e1quinas para usinas de a\u00e7\u00facar\" src=\"https:\/\/www.jymachinetech.com\/wp-content\/uploads\/2024\/04\/\u5fae\u4fe1\u56fe\u7247_20240418133806.png\" alt=\"linha de produ\u00e7\u00e3o de moagem de a\u00e7\u00facar - fabricantes de m\u00e1quinas para usinas de a\u00e7\u00facar\" width=\"784\" height=\"545\" srcset=\"https:\/\/www.jymachinetech.com\/wp-content\/uploads\/2024\/04\/\u5fae\u4fe1\u56fe\u7247_20240418133806.png 784w, https:\/\/www.jymachinetech.com\/wp-content\/uploads\/2024\/04\/\u5fae\u4fe1\u56fe\u7247_20240418133806-18x12.png 18w, https:\/\/www.jymachinetech.com\/wp-content\/uploads\/2024\/04\/\u5fae\u4fe1\u56fe\u7247_20240418133806-600x417.png 600w\" sizes=\"(max-width: 784px) 100vw, 784px\" \/><\/a> <a href=\"https:\/\/www.jymachinetech.com\/pt\/?attachment_id=4144\" rel=\"attachment wp-att-4144\" target=\"_blank\"><img loading=\"lazy\" decoding=\"async\" class=\"alignnone size-large wp-image-4144\" title=\"linha de produ\u00e7\u00e3o de moagem de a\u00e7\u00facar - fabricantes de m\u00e1quinas para usinas de a\u00e7\u00facar\" src=\"https:\/\/www.jymachinetech.com\/wp-content\/uploads\/2024\/04\/\u5fae\u4fe1\u56fe\u7247_20240418133756.png\" alt=\"linha de produ\u00e7\u00e3o de moagem de a\u00e7\u00facar - fabricantes de m\u00e1quinas para usinas de a\u00e7\u00facar\" width=\"790\" height=\"487\" srcset=\"https:\/\/www.jymachinetech.com\/wp-content\/uploads\/2024\/04\/\u5fae\u4fe1\u56fe\u7247_20240418133756.png 790w, https:\/\/www.jymachinetech.com\/wp-content\/uploads\/2024\/04\/\u5fae\u4fe1\u56fe\u7247_20240418133756-18x12.png 18w, https:\/\/www.jymachinetech.com\/wp-content\/uploads\/2024\/04\/\u5fae\u4fe1\u56fe\u7247_20240418133756-600x370.png 600w\" sizes=\"(max-width: 790px) 100vw, 790px\" \/><\/a> <a href=\"https:\/\/www.jymachinetech.com\/pt\/?attachment_id=4145\" rel=\"attachment wp-att-4145\" target=\"_blank\"><img loading=\"lazy\" decoding=\"async\" class=\"alignnone size-large wp-image-4145\" title=\"linha de produ\u00e7\u00e3o de moagem de a\u00e7\u00facar - fabricantes de m\u00e1quinas para usinas de a\u00e7\u00facar\" src=\"https:\/\/www.jymachinetech.com\/wp-content\/uploads\/2024\/04\/\u5fae\u4fe1\u56fe\u7247_20240418133749.jpg\" alt=\"linha de produ\u00e7\u00e3o de moagem de a\u00e7\u00facar - fabricantes de m\u00e1quinas para usinas de a\u00e7\u00facar\" width=\"800\" height=\"800\" srcset=\"https:\/\/www.jymachinetech.com\/wp-content\/uploads\/2024\/04\/\u5fae\u4fe1\u56fe\u7247_20240418133749.jpg 800w, https:\/\/www.jymachinetech.com\/wp-content\/uploads\/2024\/04\/\u5fae\u4fe1\u56fe\u7247_20240418133749-12x12.jpg 12w, https:\/\/www.jymachinetech.com\/wp-content\/uploads\/2024\/04\/\u5fae\u4fe1\u56fe\u7247_20240418133749-300x300.jpg 300w, https:\/\/www.jymachinetech.com\/wp-content\/uploads\/2024\/04\/\u5fae\u4fe1\u56fe\u7247_20240418133749-600x600.jpg 600w, https:\/\/www.jymachinetech.com\/wp-content\/uploads\/2024\/04\/\u5fae\u4fe1\u56fe\u7247_20240418133749-100x100.jpg 100w\" sizes=\"(max-width: 800px) 100vw, 800px\" \/><\/a> <a href=\"https:\/\/www.jymachinetech.com\/pt\/?attachment_id=4146\" rel=\"attachment wp-att-4146\" target=\"_blank\"><img loading=\"lazy\" decoding=\"async\" class=\"alignnone size-large wp-image-4146\" title=\"linha de produ\u00e7\u00e3o de moagem de a\u00e7\u00facar - fabricantes de m\u00e1quinas para usinas de a\u00e7\u00facar\" src=\"https:\/\/www.jymachinetech.com\/wp-content\/uploads\/2024\/04\/\u5fae\u4fe1\u56fe\u7247_20240418133745.jpg\" alt=\"linha de produ\u00e7\u00e3o de moagem de a\u00e7\u00facar - fabricantes de m\u00e1quinas para usinas de a\u00e7\u00facar\" width=\"800\" height=\"800\" srcset=\"https:\/\/www.jymachinetech.com\/wp-content\/uploads\/2024\/04\/\u5fae\u4fe1\u56fe\u7247_20240418133745.jpg 800w, https:\/\/www.jymachinetech.com\/wp-content\/uploads\/2024\/04\/\u5fae\u4fe1\u56fe\u7247_20240418133745-12x12.jpg 12w, https:\/\/www.jymachinetech.com\/wp-content\/uploads\/2024\/04\/\u5fae\u4fe1\u56fe\u7247_20240418133745-300x300.jpg 300w, https:\/\/www.jymachinetech.com\/wp-content\/uploads\/2024\/04\/\u5fae\u4fe1\u56fe\u7247_20240418133745-600x600.jpg 600w, https:\/\/www.jymachinetech.com\/wp-content\/uploads\/2024\/04\/\u5fae\u4fe1\u56fe\u7247_20240418133745-100x100.jpg 100w\" sizes=\"(max-width: 800px) 100vw, 800px\" \/><\/a> <a href=\"https:\/\/www.jymachinetech.com\/pt\/?attachment_id=4147\" rel=\"attachment wp-att-4147\" target=\"_blank\"><img loading=\"lazy\" decoding=\"async\" class=\"alignnone size-large wp-image-4147\" title=\"linha de produ\u00e7\u00e3o de moagem de a\u00e7\u00facar - fabricantes de m\u00e1quinas para usinas de a\u00e7\u00facar\" src=\"https:\/\/www.jymachinetech.com\/wp-content\/uploads\/2024\/04\/\u5fae\u4fe1\u56fe\u7247_20240418133741.jpg\" alt=\"linha de produ\u00e7\u00e3o de moagem de a\u00e7\u00facar - fabricantes de m\u00e1quinas para usinas de a\u00e7\u00facar\" width=\"800\" height=\"800\" srcset=\"https:\/\/www.jymachinetech.com\/wp-content\/uploads\/2024\/04\/\u5fae\u4fe1\u56fe\u7247_20240418133741.jpg 800w, https:\/\/www.jymachinetech.com\/wp-content\/uploads\/2024\/04\/\u5fae\u4fe1\u56fe\u7247_20240418133741-12x12.jpg 12w, https:\/\/www.jymachinetech.com\/wp-content\/uploads\/2024\/04\/\u5fae\u4fe1\u56fe\u7247_20240418133741-300x300.jpg 300w, https:\/\/www.jymachinetech.com\/wp-content\/uploads\/2024\/04\/\u5fae\u4fe1\u56fe\u7247_20240418133741-600x600.jpg 600w, https:\/\/www.jymachinetech.com\/wp-content\/uploads\/2024\/04\/\u5fae\u4fe1\u56fe\u7247_20240418133741-100x100.jpg 100w\" sizes=\"(max-width: 800px) 100vw, 800px\" \/><\/a> <a href=\"https:\/\/www.jymachinetech.com\/pt\/?attachment_id=4148\" rel=\"attachment wp-att-4148\" target=\"_blank\"><img loading=\"lazy\" decoding=\"async\" class=\"alignnone size-large wp-image-4148\" title=\"linha de produ\u00e7\u00e3o de moagem de a\u00e7\u00facar - fabricantes de m\u00e1quinas para usinas de a\u00e7\u00facar\" src=\"https:\/\/www.jymachinetech.com\/wp-content\/uploads\/2024\/04\/\u5fae\u4fe1\u56fe\u7247_20240418133736.jpg\" alt=\"linha de produ\u00e7\u00e3o de moagem de a\u00e7\u00facar - fabricantes de m\u00e1quinas para usinas de a\u00e7\u00facar\" width=\"800\" height=\"800\" srcset=\"https:\/\/www.jymachinetech.com\/wp-content\/uploads\/2024\/04\/\u5fae\u4fe1\u56fe\u7247_20240418133736.jpg 800w, https:\/\/www.jymachinetech.com\/wp-content\/uploads\/2024\/04\/\u5fae\u4fe1\u56fe\u7247_20240418133736-12x12.jpg 12w, https:\/\/www.jymachinetech.com\/wp-content\/uploads\/2024\/04\/\u5fae\u4fe1\u56fe\u7247_20240418133736-300x300.jpg 300w, https:\/\/www.jymachinetech.com\/wp-content\/uploads\/2024\/04\/\u5fae\u4fe1\u56fe\u7247_20240418133736-600x600.jpg 600w, https:\/\/www.jymachinetech.com\/wp-content\/uploads\/2024\/04\/\u5fae\u4fe1\u56fe\u7247_20240418133736-100x100.jpg 100w\" sizes=\"(max-width: 800px) 100vw, 800px\" \/><\/a><\/p>","protected":false},"excerpt":{"rendered":"<p>The Sugar Milling Machine is an advanced industrial equipment designed for the precise grinding of sugar crystals. This machine is engineered to meet the high standards of the sugar processing industry, ensuring uniform particle size and optimal sugar quality for various applications. Key Features: High-Precision Grinding: Equipped with state-of-the-art grinding technology, the machine ensures consistent [&hellip;]<\/p>","protected":false},"featured_media":4147,"comment_status":"open","ping_status":"closed","template":"","meta":[],"product_brand":[],"product_cat":[145],"product_tag":[],"class_list":{"0":"post-4137","1":"product","2":"type-product","3":"status-publish","4":"has-post-thumbnail","6":"product_cat-food-milling-machine","8":"first","9":"instock","10":"shipping-taxable","11":"product-type-simple"},"_links":{"self":[{"href":"https:\/\/www.jymachinetech.com\/pt\/wp-json\/wp\/v2\/product\/4137","targetHints":{"allow":["GET"]}}],"collection":[{"href":"https:\/\/www.jymachinetech.com\/pt\/wp-json\/wp\/v2\/product"}],"about":[{"href":"https:\/\/www.jymachinetech.com\/pt\/wp-json\/wp\/v2\/types\/product"}],"replies":[{"embeddable":true,"href":"https:\/\/www.jymachinetech.com\/pt\/wp-json\/wp\/v2\/comments?post=4137"}],"version-history":[{"count":1,"href":"https:\/\/www.jymachinetech.com\/pt\/wp-json\/wp\/v2\/product\/4137\/revisions"}],"predecessor-version":[{"id":7213,"href":"https:\/\/www.jymachinetech.com\/pt\/wp-json\/wp\/v2\/product\/4137\/revisions\/7213"}],"wp:featuredmedia":[{"embeddable":true,"href":"https:\/\/www.jymachinetech.com\/pt\/wp-json\/wp\/v2\/media\/4147"}],"wp:attachment":[{"href":"https:\/\/www.jymachinetech.com\/pt\/wp-json\/wp\/v2\/media?parent=4137"}],"wp:term":[{"taxonomy":"product_brand","embeddable":true,"href":"https:\/\/www.jymachinetech.com\/pt\/wp-json\/wp\/v2\/product_brand?post=4137"},{"taxonomy":"product_cat","embeddable":true,"href":"https:\/\/www.jymachinetech.com\/pt\/wp-json\/wp\/v2\/product_cat?post=4137"},{"taxonomy":"product_tag","embeddable":true,"href":"https:\/\/www.jymachinetech.com\/pt\/wp-json\/wp\/v2\/product_tag?post=4137"}],"curies":[{"name":"wp","href":"https:\/\/api.w.org\/{rel}","templated":true}]}}