{"id":4023,"date":"2023-11-25T08:47:58","date_gmt":"2023-11-25T08:47:58","guid":{"rendered":"https:\/\/www.jymachinetech.com\/?post_type=product&#038;p=4023"},"modified":"2025-07-25T06:08:44","modified_gmt":"2025-07-25T06:08:44","slug":"hard-candy-making-machine","status":"publish","type":"product","link":"https:\/\/www.jymachinetech.com\/pt\/product\/hard-candy-making-machine\/","title":{"rendered":"M\u00e1quina de fazer balas duras - F\u00e1brica de linha de produ\u00e7\u00e3o de balas duras"},"content":{"rendered":"<h2>M\u00e1quina de fazer balas duras: versatilidade e efici\u00eancia na produ\u00e7\u00e3o de balas<\/h2>\n<p><strong>Resumo do Produto:<\/strong> A M\u00e1quina de Fabrica\u00e7\u00e3o de Doces Duros da JY Machine \u00e9 uma solu\u00e7\u00e3o inovadora para fabricantes de confeitaria que buscam produzir uma gama diversificada de doces duros. Esta m\u00e1quina foi projetada para criar doces duros de uma, duas, tr\u00eas e quatro cores com facilidade, garantindo alta qualidade de produ\u00e7\u00e3o e efici\u00eancia.<\/p>\n<p><iframe title=\"Como fazer balas duras? M\u00e1quina de fazer balas duras H300 linha de dep\u00f3sito de pirulitos para balas duras\" width=\"800\" height=\"450\" src=\"https:\/\/www.youtube.com\/embed\/LLWXCiN3hvA?feature=oembed\" frameborder=\"0\" allow=\"accelerometer; autoplay; clipboard-write; encrypted-media; gyroscope; picture-in-picture; web-share\" referrerpolicy=\"strict-origin-when-cross-origin\" allowfullscreen><\/iframe><\/p>\n<h2><strong>Principais recursos e benef\u00edcios:<\/strong><\/h2>\n<ul>\n<li><strong>Versatilidade na produ\u00e7\u00e3o de doces:<\/strong> Capaz de produzir doces multicomponentes, listrados, em camadas e recheados com ajustes simples de configura\u00e7\u00e3o.<\/li>\n<li><strong>Processo amplamente automatizado:<\/strong> Requer trabalho manual m\u00ednimo, o que o torna uma escolha eficiente para produ\u00e7\u00e3o de alto volume.<\/li>\n<li><strong>Design tradicional e moderno:<\/strong> Baseado no tipo tradicional de pun\u00e7\u00e3o de pist\u00e3o, com melhorias modernas para produ\u00e7\u00e3o de balas duras e pirulitos.<\/li>\n<li><strong>Adequado para diversos tipos de doces:<\/strong> Perfeito para fabricantes que desejam produzir pirulitos e balas duras.<\/li>\n<li><strong>Linha de modelos:<\/strong> Oferece uma variedade de modelos (JY-150 a JY-1200) para atender diferentes capacidades de produ\u00e7\u00e3o, de 100-150 kg\/hora a 1200-2000 kg\/hora.<\/li>\n<li><strong>Condi\u00e7\u00f5es ideais de trabalho:<\/strong> Projetado para operar melhor em uma temperatura de 20-25\u00b0C e umidade de 55%.<\/li>\n<\/ul>\n<h2><strong>Especifica\u00e7\u00f5es t\u00e9cnicas e vantagens:<\/strong><\/h2>\n<ul>\n<li><strong>Sistema de cozimento da cozinha:<\/strong> Inclui recursos de cozimento e armazenamento com um sistema de controle independente e configura\u00e7\u00f5es de temperatura.<\/li>\n<li><strong>Constru\u00e7\u00e3o em a\u00e7o inoxid\u00e1vel:<\/strong> Possui raspador e agitador de a\u00e7o inoxid\u00e1vel, visor digital e janela visual para maior conveni\u00eancia.<\/li>\n<li><strong>Sistema de Automa\u00e7\u00e3o Completo:<\/strong> Facilita a transfer\u00eancia por bomba e tubos, com modulariza\u00e7\u00e3o para r\u00e1pida instala\u00e7\u00e3o.<\/li>\n<li><strong>Microcozedor de filme cont\u00ednuo:<\/strong> Oferece mais transpar\u00eancia e suavidade, menos influ\u00eancia da temperatura ambiente e maior prazo de validade.<\/li>\n<li><strong>Controle preciso de temperatura:<\/strong> Preserva a atividade dos aditivos e garante melhor apar\u00eancia do cristal.<\/li>\n<li><strong>M\u00e1quina de dep\u00f3sito de balas duras:<\/strong> Deposi\u00e7\u00e3o de alta precis\u00e3o para maior exatid\u00e3o, redu\u00e7\u00e3o de desperd\u00edcio e maior rendimento.<\/li>\n<li><strong>Sistema de desmoldagem autom\u00e1tica:<\/strong> Inclui t\u00fanel de resfriamento, molde para balas duras e um sistema de desmoldagem 100%.<\/li>\n<li><strong>Componentes el\u00e9tricos:<\/strong> Equipado com pe\u00e7as el\u00e9tricas de marcas internacionais para maior vida \u00fatil e placas de advert\u00eancia de seguran\u00e7a.<\/li>\n<\/ul>\n<h2><strong>Op\u00e7\u00f5es de embalagem:<\/strong><\/h2>\n<p>Oferecemos uma variedade de m\u00e1quinas de embalagem para balas duras, incluindo m\u00e1quinas de embalagem tipo almofada e de dupla tor\u00e7\u00e3o, para atender \u00e0s suas necessidades de embalagem.<\/p>\n<h2><strong>Suporte de Receita:<\/strong><\/h2>\n<p>Oferecemos assist\u00eancia com receitas de doces, garantindo que seus produtos tenham um sabor t\u00e3o bom quanto a apar\u00eancia.<\/p>\n<h2><strong>Perguntas frequentes (FAQ) sobre nossa m\u00e1quina de fazer balas duras<\/strong><\/h2>\n<p><strong>P: Que tipos de doces esta m\u00e1quina pode produzir?<\/strong><\/p>\n<p>A: Nossa m\u00e1quina de fazer balas duras \u00e9 vers\u00e1til e pode produzir uma variedade de balas duras, incluindo balas de uma cor, duas cores, tr\u00eas cores e quatro cores. Ela tamb\u00e9m \u00e9 adequada para criar pirulitos com diferentes designs e padr\u00f5es.<\/p>\n<p><strong>P: Esta m\u00e1quina pode produzir bombons de chocolate ou outros tipos de confeitos?<\/strong><\/p>\n<p>R: Embora nossa m\u00e1quina padr\u00e3o de fabrica\u00e7\u00e3o de balas duras seja projetada especificamente para balas duras e pirulitos, ela n\u00e3o \u00e9 destinada \u00e0 produ\u00e7\u00e3o de balas de chocolate. No entanto, podemos discutir solu\u00e7\u00f5es personalizadas se voc\u00ea tiver requisitos exclusivos.<\/p>\n<p><strong>P: Qual \u00e9 a capacidade de produ\u00e7\u00e3o da m\u00e1quina em termos de pe\u00e7as por hora?<\/strong><\/p>\n<p>R: A capacidade de produ\u00e7\u00e3o varia dependendo do modelo que voc\u00ea escolher. Por exemplo, nossos modelos podem produzir pelo menos 21.600 pe\u00e7as em uma hora, com capacidade de escalar para atender a uma demanda maior.<\/p>\n<p><strong>P: Qual \u00e9 a faixa de capacidade de produ\u00e7\u00e3o em termos de peso por hora?<\/strong><\/p>\n<p>R: Nossas m\u00e1quinas de fabrica\u00e7\u00e3o de balas duras oferecem uma ampla variedade de capacidades, desde 40 kg\/hora para modelos menores at\u00e9 2.000 kg\/hora para nossos modelos maiores, garantindo que haja uma op\u00e7\u00e3o que atenda \u00e0s suas necessidades de produ\u00e7\u00e3o.<\/p>\n<p><strong>P: A m\u00e1quina pode produzir doces em formatos e tamanhos personalizados?<\/strong><\/p>\n<p>R: Com certeza. Nossas m\u00e1quinas s\u00e3o projetadas para acomodar v\u00e1rios tipos de moldes, permitindo que voc\u00ea crie doces em uma ampla variedade de formas e tamanhos para se adequar \u00e0s suas linhas de produtos espec\u00edficas ou estrat\u00e9gias de marketing.<\/p>\n<p><strong>P: Quais s\u00e3o as op\u00e7\u00f5es de aquecimento dispon\u00edveis para a m\u00e1quina?<\/strong><\/p>\n<p>R: Oferecemos op\u00e7\u00f5es de aquecimento el\u00e9trico e aquecimento a vapor para nossas m\u00e1quinas de fabrica\u00e7\u00e3o de balas duras. A escolha entre as duas depende da sua infraestrutura existente e prefer\u00eancias operacionais.<\/p>\n<p><strong>P: Como posso come\u00e7ar a preparar receitas de doces para minha nova m\u00e1quina?<\/strong><\/p>\n<p>R: Oferecemos suporte e orienta\u00e7\u00e3o sobre receitas de doces para garantir que voc\u00ea possa come\u00e7ar a produ\u00e7\u00e3o com confian\u00e7a. Nossa equipe pode ajudar a formular as receitas perfeitas para os tipos de doces desejados.<\/p>\n<p><strong>P: Que tipo de m\u00e1quina de embalagem voc\u00ea recomenda para balas duras?<\/strong><\/p>\n<p>R: Oferecemos uma sele\u00e7\u00e3o de m\u00e1quinas de embalagem para balas duras, como m\u00e1quinas de embalagem tipo almofada e m\u00e1quinas de embalagem duplamente torcidas, projetadas para acomodar v\u00e1rios tamanhos e formatos de balas, garantindo que seus produtos acabados sejam embalados de forma eficiente e atraente.<\/p>\n<p><strong>P: H\u00e1 algum tour pela f\u00e1brica dispon\u00edvel para ver as m\u00e1quinas em opera\u00e7\u00e3o?<\/strong><\/p>\n<p>R: Sim, damos as boas-vindas \u00e0 oportunidade de mostrar a voc\u00ea nosso processo de fabrica\u00e7\u00e3o em primeira m\u00e3o. Um tour pela f\u00e1brica pode fornecer insights valiosos sobre nossas capacidades de produ\u00e7\u00e3o, medidas de controle de qualidade e a expertise de nossa equipe.<\/p>\n<p><strong>P: Que suporte t\u00e9cnico posso esperar ap\u00f3s a compra da m\u00e1quina?<\/strong><\/p>\n<p>R: Temos orgulho de oferecer suporte t\u00e9cnico abrangente. Nossos engenheiros profissionais est\u00e3o dispon\u00edveis para ajudar voc\u00ea com quaisquer perguntas ou problemas que possam surgir, garantindo que sua m\u00e1quina opere com desempenho m\u00e1ximo.<\/p>\n<p><strong>P: Como posso obter um or\u00e7amento ou discutir meus requisitos espec\u00edficos com sua equipe?<\/strong><\/p>\n<p>R: Para obter uma cota\u00e7\u00e3o personalizada ou discutir suas necessidades espec\u00edficas, entre em contato diretamente com nossa equipe de vendas. Estamos ansiosos para entender suas necessidades e fornecer uma solu\u00e7\u00e3o que se encaixe no seu neg\u00f3cio.<\/p>\n<h2><strong>Por que comprar de n\u00f3s - O fabricante:<\/strong><\/h2>\n<ul>\n<li><strong>Experi\u00eancia Real de F\u00e1brica:<\/strong>\u00a0Mais de 40 anos de experi\u00eancia em fabrica\u00e7\u00e3o de m\u00e1quinas.<\/li>\n<li><strong>Equipe profissional:<\/strong>\u00a012 designers de desenho e 20 engenheiros profissionais para suporte t\u00e9cnico.<\/li>\n<li><strong>Confiabilidade:<\/strong>\u00a0F\u00e1brica moderna com mais de 200 trabalhadores, rigoroso controle de qualidade e tecnologia avan\u00e7ada.<\/li>\n<li><strong>M\u00e1quinas de alta qualidade:<\/strong>\u00a0Todas as m\u00e1quinas s\u00e3o produzidas em f\u00e1bricas com padr\u00e3o GMP, com precis\u00e3o CNC e a\u00e7o inoxid\u00e1vel SUS304.<\/li>\n<\/ul>\n<h2><strong>Fa\u00e7a uma cota\u00e7\u00e3o agora:<\/strong><\/h2>\n<p>Para pre\u00e7os personalizados e para saber mais sobre nossa m\u00e1quina de fazer balas duras, entre em contato conosco hoje mesmo.<\/p>","protected":false},"excerpt":{"rendered":"<p>M\u00e1quina para fabrica\u00e7\u00e3o de balas duras: Versatilidade e efici\u00eancia na produ\u00e7\u00e3o de doces Vis\u00e3o geral do produto: A m\u00e1quina para fabrica\u00e7\u00e3o de balas duras da JY Machine \u00e9 uma solu\u00e7\u00e3o inovadora para os fabricantes de confeitos que desejam produzir uma gama diversificada de balas duras. Essa m\u00e1quina foi projetada para criar balas duras de uma cor, duas cores, tr\u00eas cores e quatro cores com facilidade, garantindo produ\u00e7\u00e3o de alta qualidade e efici\u00eancia. Principais [...]<\/p>","protected":false},"featured_media":1257,"comment_status":"open","ping_status":"closed","template":"","meta":[],"product_brand":[],"product_cat":[15],"product_tag":[141,142],"class_list":{"0":"post-4023","1":"product","2":"type-product","3":"status-publish","4":"has-post-thumbnail","6":"product_cat-bakery-equipment","7":"product_tag-hard-candy-machine","8":"product_tag-hard-candy-production-line","10":"first","11":"instock","12":"shipping-taxable","13":"product-type-simple"},"_links":{"self":[{"href":"https:\/\/www.jymachinetech.com\/pt\/wp-json\/wp\/v2\/product\/4023","targetHints":{"allow":["GET"]}}],"collection":[{"href":"https:\/\/www.jymachinetech.com\/pt\/wp-json\/wp\/v2\/product"}],"about":[{"href":"https:\/\/www.jymachinetech.com\/pt\/wp-json\/wp\/v2\/types\/product"}],"replies":[{"embeddable":true,"href":"https:\/\/www.jymachinetech.com\/pt\/wp-json\/wp\/v2\/comments?post=4023"}],"version-history":[{"count":1,"href":"https:\/\/www.jymachinetech.com\/pt\/wp-json\/wp\/v2\/product\/4023\/revisions"}],"predecessor-version":[{"id":7216,"href":"https:\/\/www.jymachinetech.com\/pt\/wp-json\/wp\/v2\/product\/4023\/revisions\/7216"}],"wp:featuredmedia":[{"embeddable":true,"href":"https:\/\/www.jymachinetech.com\/pt\/wp-json\/wp\/v2\/media\/1257"}],"wp:attachment":[{"href":"https:\/\/www.jymachinetech.com\/pt\/wp-json\/wp\/v2\/media?parent=4023"}],"wp:term":[{"taxonomy":"product_brand","embeddable":true,"href":"https:\/\/www.jymachinetech.com\/pt\/wp-json\/wp\/v2\/product_brand?post=4023"},{"taxonomy":"product_cat","embeddable":true,"href":"https:\/\/www.jymachinetech.com\/pt\/wp-json\/wp\/v2\/product_cat?post=4023"},{"taxonomy":"product_tag","embeddable":true,"href":"https:\/\/www.jymachinetech.com\/pt\/wp-json\/wp\/v2\/product_tag?post=4023"}],"curies":[{"name":"wp","href":"https:\/\/api.w.org\/{rel}","templated":true}]}}