{"id":1794,"date":"2024-01-18T11:06:07","date_gmt":"2024-01-18T11:06:07","guid":{"rendered":"https:\/\/www.jymachinetech.com\/?post_type=product&#038;p=1794"},"modified":"2025-07-25T06:08:15","modified_gmt":"2025-07-25T06:08:15","slug":"starchless-candy-machine","status":"publish","type":"product","link":"https:\/\/www.jymachinetech.com\/pt\/product\/starchless-candy-machine\/","title":{"rendered":"Dep\u00f3sito sem amido | M\u00e1quina de doces sem amido"},"content":{"rendered":"<h2>M\u00e1quina de doces sem amido: Revolucionando a produ\u00e7\u00e3o de doces<\/h2>\n<p><strong>Resumo do Produto:<\/strong> A m\u00e1quina de doces sem amido da Junyu \u00e9 um sistema de dep\u00f3sito de \u00faltima gera\u00e7\u00e3o que revoluciona as m\u00e1quinas de doces tradicionais do tipo pun\u00e7\u00e3o de pist\u00e3o. Projetada para superar os limites de capacidade das m\u00e1quinas convencionais, ela pode atingir uma produ\u00e7\u00e3o impressionante de at\u00e9 2 toneladas por hora, com a capacidade de lidar com 4 cores simultaneamente.<\/p>\n<h2><strong>Principais recursos e inova\u00e7\u00f5es:<\/strong><\/h2>\n<ul>\n<li><strong>Alta precis\u00e3o:<\/strong>\u00a0Garante a deposi\u00e7\u00e3o consistente e precisa de doces, mantendo a qualidade e a uniformidade do produto.<\/li>\n<li><strong>Opera\u00e7\u00e3o simples:<\/strong>\u00a0Os controles f\u00e1ceis de usar e os processos automatizados minimizam a complexidade da opera\u00e7\u00e3o, permitindo o uso f\u00e1cil pela equipe.<\/li>\n<li><strong>Pre\u00e7o razo\u00e1vel:<\/strong>\u00a0Oferece uma solu\u00e7\u00e3o econ\u00f4mica sem comprometer o desempenho ou a qualidade.<\/li>\n<li><strong>Processo vers\u00e1til:<\/strong>\u00a0Capaz de lidar com uma ampla variedade de tipos e receitas de doces, acomodando v\u00e1rias necessidades de produ\u00e7\u00e3o.<\/li>\n<li><strong>Sistema flex\u00edvel:<\/strong>\u00a0Projetado para se adaptar a diferentes escalas e requisitos de produ\u00e7\u00e3o, proporcionando escalabilidade.<\/li>\n<li><strong>Design modular exclusivo:<\/strong>\u00a0Permite f\u00e1cil montagem, desmontagem e manuten\u00e7\u00e3o, melhorando a usabilidade e a facilidade de manuten\u00e7\u00e3o da m\u00e1quina.<\/li>\n<li><strong>Vida mec\u00e2nica mais longa:<\/strong>\u00a0Constru\u00eddo com componentes e materiais de alta qualidade para maior durabilidade e vida \u00fatil prolongada.<\/li>\n<li><strong>Design modular:<\/strong>\u00a0Facilita as atualiza\u00e7\u00f5es e a personaliza\u00e7\u00e3o, garantindo que a m\u00e1quina permane\u00e7a na vanguarda da tecnologia de produ\u00e7\u00e3o de doces.<\/li>\n<\/ul>\n<h2><strong>Especifica\u00e7\u00f5es t\u00e9cnicas:<\/strong><\/h2>\n<ul>\n<li><strong>Capacidade de sa\u00edda:<\/strong>\u00a0At\u00e9 2 toneladas por hora, estabelecendo um novo padr\u00e3o de efici\u00eancia na produ\u00e7\u00e3o de doces.<\/li>\n<li><strong>Capacidade de cores:<\/strong>\u00a0Manuseio simult\u00e2neo de 4 cores, perfeito para a produ\u00e7\u00e3o de doces multicoloridos.<\/li>\n<li><strong>Sistema de controle:<\/strong>\u00a0Sistema de controle avan\u00e7ado para precis\u00e3o e facilidade de opera\u00e7\u00e3o.<\/li>\n<\/ul>\n<h2><strong>Aplica\u00e7\u00f5es:<\/strong><\/h2>\n<ul>\n<li>Ideal para fabricantes de doces em grande escala que buscam aumentar a capacidade e a efici\u00eancia da produ\u00e7\u00e3o, mantendo a alta qualidade do produto.<\/li>\n<\/ul>\n<p><img fetchpriority=\"high\" decoding=\"async\" class=\"alignnone size-full wp-image-1219\" title=\"m\u00e1quina de doces sem amido\" src=\"https:\/\/www.jymachinetech.com\/wp-content\/uploads\/2021\/12\/Starch-less-depositing-1-scaled.jpg\" alt=\"m\u00e1quina de doces sem amido\" width=\"2560\" height=\"1920\" srcset=\"https:\/\/www.jymachinetech.com\/wp-content\/uploads\/2021\/12\/Starch-less-depositing-1-scaled.jpg 2560w, https:\/\/www.jymachinetech.com\/wp-content\/uploads\/2021\/12\/Starch-less-depositing-1-scaled-16x12.jpg 16w, https:\/\/www.jymachinetech.com\/wp-content\/uploads\/2021\/12\/Starch-less-depositing-1-scaled-600x450.jpg 600w\" sizes=\"(max-width: 2560px) 100vw, 2560px\" \/><\/p>\n<h2><strong>Especifica\u00e7\u00e3o t\u00e9cnica<\/strong><\/h2>\n<div class=\"table-responsive\">\n<table style=\"width: 100%;\">\n<tbody>\n<tr>\n<td style=\"text-align: center;\">Modelo<\/td>\n<td style=\"text-align: center;\">JY-80<\/td>\n<td style=\"text-align: center;\">JY-150<\/td>\n<td style=\"text-align: center;\">JY-300<\/td>\n<td style=\"text-align: center;\">JY-450<\/td>\n<td style=\"text-align: center;\">JY-600<\/td>\n<td style=\"text-align: center;\">JY-1200<\/td>\n<\/tr>\n<tr>\n<td style=\"text-align: center;\">Capacidade<\/td>\n<td style=\"text-align: center;\">50-80kg\/h<\/td>\n<td style=\"text-align: center;\">150 kg\/h<\/td>\n<td style=\"text-align: center;\">300 kg\/h<\/td>\n<td style=\"text-align: center;\">450 kg\/h<\/td>\n<td style=\"text-align: center;\">600-1000kg\/h<\/td>\n<td style=\"text-align: center;\">1200-2000kg\/h<\/td>\n<\/tr>\n<\/tbody>\n<\/table>\n<\/div>\n<p>&nbsp;<\/p>\n<h2><strong><span lang=\"EN-US\">Que tipos de doces podem ser feitos por esta m\u00e1quina?<\/span><\/strong><\/h2>\n<p><img decoding=\"async\" class=\"alignnone size-full wp-image-1220\" title=\"m\u00e1quina de doces sem amido\" src=\"https:\/\/www.jymachinetech.com\/wp-content\/uploads\/2021\/12\/Starch-less-depositing-2.png\" alt=\"m\u00e1quina de doces sem amido\" width=\"1272\" height=\"383\" srcset=\"https:\/\/www.jymachinetech.com\/wp-content\/uploads\/2021\/12\/Starch-less-depositing-2.png 1272w, https:\/\/www.jymachinetech.com\/wp-content\/uploads\/2021\/12\/Starch-less-depositing-2-18x5.png 18w, https:\/\/www.jymachinetech.com\/wp-content\/uploads\/2021\/12\/Starch-less-depositing-2-600x181.png 600w\" sizes=\"(max-width: 1272px) 100vw, 1272px\" \/><\/p>\n<h2><b><span lang=\"EN-US\">Sistema de cozinha<\/span><\/b><\/h2>\n<ul>\n<li>panela de a\u00e7\u00facar*1<\/li>\n<li>tanque de armazenamento*1<\/li>\n<li>bomba de l\u00f3bulo*2<\/li>\n<li>caixa de controle el\u00e9trico*1<\/li>\n<\/ul>\n<p><img decoding=\"async\" class=\"alignnone size-full wp-image-1221\" title=\"m\u00e1quina de doces sem amido\" src=\"https:\/\/www.jymachinetech.com\/wp-content\/uploads\/2021\/12\/Starch-less-depositing-3.png\" alt=\"m\u00e1quina de doces sem amido\" width=\"380\" height=\"324\" srcset=\"https:\/\/www.jymachinetech.com\/wp-content\/uploads\/2021\/12\/Starch-less-depositing-3.png 380w, https:\/\/www.jymachinetech.com\/wp-content\/uploads\/2021\/12\/Starch-less-depositing-3-14x12.png 14w\" sizes=\"(max-width: 380px) 100vw, 380px\" \/><\/p>\n<p>&nbsp;<\/p>\n<h2>M\u00e1quina de doces sem amido: Versatilidade inigual\u00e1vel na produ\u00e7\u00e3o de doces<\/h2>\n<p><strong>Resumo do Produto:<\/strong> A Starchless Candy Machine \u00e9 um sistema de dosagem de \u00faltima gera\u00e7\u00e3o projetado para produzir uma ampla variedade de doces com precis\u00e3o e efici\u00eancia. Com recursos que v\u00e3o de balas de goma a balas duras e a capacidade de lidar com produ\u00e7\u00e3o em grande escala, essa m\u00e1quina \u00e9 uma pot\u00eancia para os fabricantes de confeitos.<\/p>\n<h2><strong>Principais recursos e benef\u00edcios:<\/strong><\/h2>\n<ul>\n<li><strong>Produ\u00e7\u00e3o vers\u00e1til de doces:<\/strong>\u00a0Capaz de fazer balas de goma, balas duras, pirulitos, caramelos, doces de leite e muito mais.<\/li>\n<li><strong>Sa\u00edda de alto volume:<\/strong>\u00a0Produz pelo menos 21.600 pe\u00e7as por hora, com capacidade escalon\u00e1vel de 40 a 2000 kg por hora.<\/li>\n<li><strong>Formas e tamanhos de doces personaliz\u00e1veis:<\/strong>\u00a0Oferece solu\u00e7\u00f5es personalizadas para atender aos requisitos exclusivos dos produtos.<\/li>\n<li><strong>Flexibilidade de mat\u00e9ria-prima:<\/strong>\u00a0Adapta-se a diferentes bases de goma, como pectina, gelatina ou carragenina para balas de goma.<\/li>\n<li><strong>Op\u00e7\u00f5es de aquecimento:<\/strong>\u00a0Dispon\u00edvel com aquecimento el\u00e9trico ou a vapor para se adequar a v\u00e1rios ambientes de produ\u00e7\u00e3o.<\/li>\n<\/ul>\n<h2><strong>Especifica\u00e7\u00f5es t\u00e9cnicas:<\/strong><\/h2>\n<ul>\n<li><strong>Faixa de capacidade:<\/strong>\u00a040-2000 kg por hora, adaptados ao tamanho de sua opera\u00e7\u00e3o.<\/li>\n<li><strong>Personaliza\u00e7\u00e3o de forma e tamanho:<\/strong>\u00a0Capaz de produzir doces em qualquer formato ou tamanho, conforme necess\u00e1rio.<\/li>\n<li><strong>Sistemas de aquecimento:<\/strong>\u00a0Equipado para op\u00e7\u00f5es de aquecimento el\u00e9trico ou a vapor.<\/li>\n<\/ul>\n<h2><strong>Aplica\u00e7\u00f5es:<\/strong><\/h2>\n<ul>\n<li>Adequado para produ\u00e7\u00e3o de confeitos em larga escala, desde balas duras tradicionais at\u00e9 guloseimas modernas.<\/li>\n<\/ul>\n<h2><strong>Suporte e servi\u00e7os ao cliente:<\/strong><\/h2>\n<ul>\n<li><strong>Layout e projeto da f\u00e1brica:<\/strong>\u00a0Ajudamos com o layout da f\u00e1brica e fornecemos servi\u00e7os de design 3D e planejamento de projetos.<\/li>\n<li><strong>Solu\u00e7\u00f5es personalizadas:<\/strong>\u00a0Oferecemos design de formas personalizadas e desenvolvimento de f\u00f3rmulas de doces para atender a necessidades espec\u00edficas de produtos.<\/li>\n<li><strong>Consulta Profissional:<\/strong>\u00a0Nossa equipe de especialistas o orientar\u00e1 durante o processo de sele\u00e7\u00e3o e configura\u00e7\u00e3o.<\/li>\n<\/ul>\n<h2><strong>PERGUNTAS FREQUENTES:<\/strong><\/h2>\n<p><strong>P: Que tipos de doces a m\u00e1quina pode produzir?<\/strong> R: A m\u00e1quina \u00e9 vers\u00e1til e pode produzir balas de goma, balas duras, pirulitos, caramelos, doces de leite e muito mais.<\/p>\n<p><strong>P: A m\u00e1quina tamb\u00e9m pode produzir chocolate?<\/strong> R: Essa m\u00e1quina padr\u00e3o foi projetada especificamente para a produ\u00e7\u00e3o de doces, n\u00e3o de chocolate.<\/p>\n<p><strong>P: Qual \u00e9 a capacidade de produ\u00e7\u00e3o por hora?<\/strong> R: A m\u00e1quina pode produzir pelo menos 21.600 pe\u00e7as por hora.<\/p>\n<p><strong>P: Qual \u00e9 a faixa de capacidade da m\u00e1quina de doces?<\/strong> R: Fornecemos capacidades que variam de 40 a 2000 kg por hora.<\/p>\n<p><strong>P: A m\u00e1quina pode produzir doces em formatos e tamanhos personalizados?<\/strong> R: Sim, oferecemos op\u00e7\u00f5es de formato e tamanho personalizados para seus doces.<\/p>\n<p><strong>P: Quais bases de goma podem ser usadas para balas de goma?<\/strong> R: Podemos processar balas de goma usando pectina, gelatina ou carragenina como base da goma.<\/p>\n<p><strong>P: Quais m\u00e9todos de aquecimento est\u00e3o dispon\u00edveis para a m\u00e1quina?<\/strong> R: A m\u00e1quina pode ser equipada com aquecimento el\u00e9trico ou a vapor, de acordo com as necessidades do cliente.<\/p>\n<h2><strong>Por que escolher nossa m\u00e1quina de doces sem amido?<\/strong><\/h2>\n<ul>\n<li><strong>Experi\u00eancia Real de F\u00e1brica:<\/strong>\u00a0Somos uma f\u00e1brica genu\u00edna com mais de 40 anos de experi\u00eancia.<\/li>\n<li><strong>Equipe profissional:<\/strong>\u00a0Com 12 designers de desenho e 20 engenheiros profissionais, oferecemos suporte t\u00e9cnico robusto em todo o mundo.<\/li>\n<li><strong>Confiabilidade:<\/strong>\u00a0Nossa moderna f\u00e1brica adere a um rigoroso controle de qualidade e aos padr\u00f5es alem\u00e3es de fabrica\u00e7\u00e3o, garantindo precis\u00e3o e confiabilidade.<\/li>\n<li><strong>M\u00e1quinas de alta qualidade:<\/strong>\u00a0Todas as m\u00e1quinas s\u00e3o fabricadas em uma f\u00e1brica padr\u00e3o GMP, usando materiais SUS304 e revestimento de superf\u00edcie com jato de areia para maior durabilidade.<\/li>\n<\/ul>\n<h2><strong>Nosso compromisso com voc\u00ea:<\/strong><\/h2>\n<ul>\n<li><strong>Solu\u00e7\u00f5es personalizadas:<\/strong>\u00a0Oferecemos layouts de f\u00e1brica personalizados, designs 3D, planos de projeto e designs de formas personalizadas.<\/li>\n<li><strong>Suporte profissional:<\/strong>\u00a0Nossa equipe experiente oferece os melhores planos e suporte t\u00e9cnico de acordo com suas necessidades.<\/li>\n<\/ul>\n<p><strong>Fa\u00e7a uma cota\u00e7\u00e3o agora:<\/strong> Para obter uma cota\u00e7\u00e3o personalizada e experimentar a diferen\u00e7a que a nossa m\u00e1quina de doces sem amido pode fazer na sua produ\u00e7\u00e3o de confeitos, entre em contato conosco hoje mesmo.<\/p>\n<p><img loading=\"lazy\" decoding=\"async\" class=\"alignnone size-full wp-image-1080\" title=\"m\u00e1quina de doces sem amido\" src=\"https:\/\/www.jymachinetech.com\/wp-content\/uploads\/2021\/12\/Small-biscuit-machine-line-8.png\" alt=\"m\u00e1quina de doces sem amido\" width=\"1992\" height=\"326\" srcset=\"https:\/\/www.jymachinetech.com\/wp-content\/uploads\/2021\/12\/Small-biscuit-machine-line-8.png 1992w, https:\/\/www.jymachinetech.com\/wp-content\/uploads\/2021\/12\/Small-biscuit-machine-line-8-18x3.png 18w, https:\/\/www.jymachinetech.com\/wp-content\/uploads\/2021\/12\/Small-biscuit-machine-line-8-600x98.png 600w\" sizes=\"(max-width: 1992px) 100vw, 1992px\" \/><\/p>","protected":false},"excerpt":{"rendered":"<p>Deposi\u00e7\u00e3o sem amido \u00e9 o processo de produ\u00e7\u00e3o ideal para doces duros, pirulitos, caramelos, caramelos, chicletes, gomas, gelatinas \u2026.<\/p>","protected":false},"featured_media":1226,"comment_status":"open","ping_status":"closed","template":"","meta":[],"product_brand":[],"product_cat":[16],"product_tag":[],"class_list":{"0":"post-1794","1":"product","2":"type-product","3":"status-publish","4":"has-post-thumbnail","6":"product_cat-candy-machine","8":"first","9":"instock","10":"shipping-taxable","11":"product-type-simple"},"_links":{"self":[{"href":"https:\/\/www.jymachinetech.com\/pt\/wp-json\/wp\/v2\/product\/1794","targetHints":{"allow":["GET"]}}],"collection":[{"href":"https:\/\/www.jymachinetech.com\/pt\/wp-json\/wp\/v2\/product"}],"about":[{"href":"https:\/\/www.jymachinetech.com\/pt\/wp-json\/wp\/v2\/types\/product"}],"replies":[{"embeddable":true,"href":"https:\/\/www.jymachinetech.com\/pt\/wp-json\/wp\/v2\/comments?post=1794"}],"version-history":[{"count":1,"href":"https:\/\/www.jymachinetech.com\/pt\/wp-json\/wp\/v2\/product\/1794\/revisions"}],"predecessor-version":[{"id":7215,"href":"https:\/\/www.jymachinetech.com\/pt\/wp-json\/wp\/v2\/product\/1794\/revisions\/7215"}],"wp:featuredmedia":[{"embeddable":true,"href":"https:\/\/www.jymachinetech.com\/pt\/wp-json\/wp\/v2\/media\/1226"}],"wp:attachment":[{"href":"https:\/\/www.jymachinetech.com\/pt\/wp-json\/wp\/v2\/media?parent=1794"}],"wp:term":[{"taxonomy":"product_brand","embeddable":true,"href":"https:\/\/www.jymachinetech.com\/pt\/wp-json\/wp\/v2\/product_brand?post=1794"},{"taxonomy":"product_cat","embeddable":true,"href":"https:\/\/www.jymachinetech.com\/pt\/wp-json\/wp\/v2\/product_cat?post=1794"},{"taxonomy":"product_tag","embeddable":true,"href":"https:\/\/www.jymachinetech.com\/pt\/wp-json\/wp\/v2\/product_tag?post=1794"}],"curies":[{"name":"wp","href":"https:\/\/api.w.org\/{rel}","templated":true}]}}