{"id":1772,"date":"2024-01-17T09:54:31","date_gmt":"2024-01-17T09:54:31","guid":{"rendered":"https:\/\/www.jymachinetech.com\/?post_type=product&#038;p=1772"},"modified":"2025-07-28T05:45:34","modified_gmt":"2025-07-28T05:45:34","slug":"marshmallow-processing-line","status":"publish","type":"product","link":"https:\/\/www.jymachinetech.com\/pt\/product\/marshmallow-processing-line\/","title":{"rendered":"Linha de produ\u00e7\u00e3o de marshmallow | M\u00e1quina e equipamento de produ\u00e7\u00e3o de marshmallow"},"content":{"rendered":"<h2 data-pm-slice=\"1 1 []\"><strong>Linha de Produ\u00e7\u00e3o de Marshmallow Totalmente Autom\u00e1tica \u2013 M\u00e1quinas Premium para Diversas Formas e Recheios<\/strong><\/h2>\n<p><a href=\"https:\/\/www.jymachinetech.com\/wp-content\/uploads\/2025\/07\/Marshmallow-Production-Line1.png\" target=\"_blank\"><img fetchpriority=\"high\" decoding=\"async\" class=\"alignnone size-large wp-image-7446\" src=\"https:\/\/www.jymachinetech.com\/wp-content\/uploads\/2025\/07\/Marshmallow-Production-Line1-1024x682.png\" alt=\"\" width=\"800\" height=\"533\"><\/a><\/p>\n<p>Nossa linha de produ\u00e7\u00e3o cont\u00ednua, totalmente automatizada, cria marshmallows premium em v\u00e1rias cores, formas e variedades recheadas. A linha possui capacidades vers\u00e1teis de extrus\u00e3o, permitindo a produ\u00e7\u00e3o de formas espec\u00edficas e diversas formas para atender a diferentes requisitos de produto, incluindo figuras de desenhos animados, cordas torcidas e op\u00e7\u00f5es recheadas com frutas.<\/p>\n<p><iframe title=\"Linha de produ\u00e7\u00e3o de marshmallow\" width=\"800\" height=\"450\" src=\"https:\/\/www.youtube.com\/embed\/y9jU_ro50VY?feature=oembed\" frameborder=\"0\" allow=\"accelerometer; autoplay; clipboard-write; encrypted-media; gyroscope; picture-in-picture; web-share\" referrerpolicy=\"strict-origin-when-cross-origin\" allowfullscreen><\/iframe><\/p>\n<table style=\"min-width: 125px;\">\n<colgroup>\n<col style=\"min-width: 25px;\" \/>\n<col style=\"min-width: 25px;\" \/>\n<col style=\"min-width: 25px;\" \/>\n<col style=\"min-width: 25px;\" \/>\n<col style=\"min-width: 25px;\" \/><\/colgroup>\n<tbody>\n<tr>\n<th colspan=\"1\" rowspan=\"1\">Modelo<\/th>\n<th colspan=\"1\" rowspan=\"1\">JYM500<\/th>\n<th colspan=\"1\" rowspan=\"1\">JYM600<\/th>\n<th colspan=\"1\" rowspan=\"1\">JYM900<\/th>\n<th colspan=\"1\" rowspan=\"1\">JYM1200<\/th>\n<\/tr>\n<tr>\n<td colspan=\"1\" rowspan=\"1\">Largura de Trabalho<\/td>\n<td colspan=\"1\" rowspan=\"1\">450mm<\/td>\n<td colspan=\"1\" rowspan=\"1\">600mm<\/td>\n<td colspan=\"1\" rowspan=\"1\">900mm<\/td>\n<td colspan=\"1\" rowspan=\"1\">1200mm<\/td>\n<\/tr>\n<tr>\n<td colspan=\"1\" rowspan=\"1\">Capacidade<\/td>\n<td colspan=\"1\" rowspan=\"1\">80-150kg\/h<\/td>\n<td colspan=\"1\" rowspan=\"1\">120-200kg\/h<\/td>\n<td colspan=\"1\" rowspan=\"1\">200-300kg\/h<\/td>\n<td colspan=\"1\" rowspan=\"1\">300-500kg\/h<\/td>\n<\/tr>\n<tr>\n<td colspan=\"1\" rowspan=\"1\">Cor do produto<\/td>\n<td colspan=\"1\" rowspan=\"1\">Somente branco<\/td>\n<td colspan=\"1\" rowspan=\"1\">4 cores<\/td>\n<td colspan=\"1\" rowspan=\"1\">4 cores<\/td>\n<td colspan=\"1\" rowspan=\"1\">4 cores<\/td>\n<\/tr>\n<tr>\n<td colspan=\"1\" rowspan=\"1\">Bicos de extrusora<\/td>\n<td colspan=\"1\" rowspan=\"1\">M\u00e1ximo 5<\/td>\n<td colspan=\"1\" rowspan=\"1\">5-6<\/td>\n<td colspan=\"1\" rowspan=\"1\">8-12<\/td>\n<td colspan=\"1\" rowspan=\"1\">16<\/td>\n<\/tr>\n<tr>\n<td colspan=\"1\" rowspan=\"1\">Bicos de deposi\u00e7\u00e3o<\/td>\n<td colspan=\"1\" rowspan=\"1\">N\u00c3O\/<\/td>\n<td colspan=\"1\" rowspan=\"1\">12+<\/td>\n<td colspan=\"1\" rowspan=\"1\">24-28<\/td>\n<td colspan=\"1\" rowspan=\"1\">36-45<\/td>\n<\/tr>\n<\/tbody>\n<\/table>\n<p><strong>Qualidade e Textura Premium:<\/strong>\u00a0Nosso criador <a title=\"Guia de compra da m\u00e1quina de marshmallow \u2013 como escolher a m\u00e1quina de marshmallow certa\" href=\"https:\/\/www.jymachinetech.com\/pt\/marshmallow-machine-buying-guide\/\" data-wpil-monitor-id=\"160\" target=\"_blank\">m\u00e1quina produz marshmallows altamente aerados<\/a> que s\u00e3o\u00a0<strong>delicadamente suaves e luxuosamente fofos<\/strong>. O equipamento garante uma textura consistentemente fofa e uma qualidade leve, entregando a textura desejada atrav\u00e9s de controle preciso e tecnologia avan\u00e7ada.<\/p>\n<p><strong>Formas e Cores Vers\u00e1teis:<\/strong>\u00a0A m\u00e1quina extrusora produz\u00a0<strong>at\u00e9 4 cores simultaneamente em bicos \u00fanicos<\/strong>, permitindo\u00a0<strong>m\u00faltiplas formas e cord\u00f5es de marshmallow torcidos<\/strong>. Ela suporta a produ\u00e7\u00e3o de diferentes cores e formas espec\u00edficas, al\u00e9m de permitir a combina\u00e7\u00e3o de sabores e recheios para m\u00e1xima personaliza\u00e7\u00e3o.<\/p>\n<p><strong>Recheios e Combina\u00e7\u00f5es Inovadoras:<\/strong>\u00a0A m\u00e1quina depositadora cria\u00a0<strong>marshmallows recheados no centro<\/strong>\u00a0(como geleia ou chocolate) e\u00a0<strong>marshmallows de duas cores<\/strong>\u00a0semelhantes a\u00a0<strong>coberturas de sorvete<\/strong>. O sistema possibilita a cria\u00e7\u00e3o de marshmallows com sabores variados e uma ampla gama de combina\u00e7\u00f5es de sabores, incluindo variedades de duas cores e recheios centrais.<\/p>\n<p><strong>Automa\u00e7\u00e3o Sem Costura:<\/strong>\u00a0Um sistema integrado de secagem autom\u00e1tica\u00a0<strong>n\u00e3o requer interven\u00e7\u00e3o manual<\/strong>\u00a0at\u00e9 a embalagem, otimizando a produ\u00e7\u00e3o. A tecnologia e os sistemas s\u00e3o projetados para opera\u00e7\u00e3o f\u00e1cil, reduzindo custos de m\u00e3o de obra e alcan\u00e7ando alta efici\u00eancia de produ\u00e7\u00e3o ao minimizar interven\u00e7\u00e3o manual e custos trabalhistas.<\/p>\n<p><strong>Solu\u00e7\u00e3o Completa:<\/strong>\u00a0Esta linha de aera\u00e7\u00e3o cont\u00ednua \u00e9 fornecida como um\u00a0<strong>conjunto completo<\/strong>, lidando com tudo desde\u00a0<strong>fervura da mat\u00e9ria-prima at\u00e9 secagem e embalagem<\/strong>. A m\u00e1quina de marshmallow e seus componentes s\u00e3o feitos de a\u00e7o inoxid\u00e1vel para seguran\u00e7a alimentar e higiene, e o processo de produ\u00e7\u00e3o \u00e9 projetado para ser econ\u00f4mico e minimizar desperd\u00edcios.<\/p>\n<p><strong>Personaliza\u00e7\u00e3o M\u00e1xima:<\/strong>\u00a0Produza\u00a0<strong>marshmallows de cor \u00fanica, multicoloridos, torcidos, em formas de desenhos animados, estilos de sorvete e recheados com frutas<\/strong>. O sistema pode atender \u00e0 demanda do mercado e aos requisitos do produto para a ind\u00fastria de confeitaria e neg\u00f3cios, incluindo a capacidade de produzir uma variedade de <a title=\"M\u00e1quina de fazer balas duras - F\u00e1brica de linha de produ\u00e7\u00e3o de balas duras\" href=\"https:\/\/www.jymachinetech.com\/pt\/product\/hard-candy-making-machine\/\" data-wpil-monitor-id=\"163\" target=\"_blank\">produtos de doces em uma f\u00e1brica<\/a> configura\u00e7\u00e3o.<br \/>\n<a href=\"https:\/\/www.jymachinetech.com\/wp-content\/uploads\/2025\/07\/Marshmallow-Production-Line2.jpg\" target=\"_blank\"><img decoding=\"async\" class=\"alignnone size-full wp-image-7447\" src=\"https:\/\/www.jymachinetech.com\/wp-content\/uploads\/2025\/07\/Marshmallow-Production-Line2.jpg\" alt=\"\" width=\"1024\" height=\"255\" srcset=\"https:\/\/www.jymachinetech.com\/wp-content\/uploads\/2025\/07\/Marshmallow-Production-Line2.jpg 1024w, https:\/\/www.jymachinetech.com\/wp-content\/uploads\/2025\/07\/Marshmallow-Production-Line2-18x4.jpg 18w, https:\/\/www.jymachinetech.com\/wp-content\/uploads\/2025\/07\/Marshmallow-Production-Line2-600x149.jpg 600w\" sizes=\"(max-width: 1024px) 100vw, 1024px\" \/><\/a><\/p>\n<p><strong>Fluxo do Processo de Equipamentos:<\/strong>Derretimento de Gelatina \u2192 Dissolu\u00e7\u00e3o de A\u00e7\u00facar \u2192 Aera\u00e7\u00e3o \u2192 CFA (Aera\u00e7\u00e3o Cont\u00ednua de Espuma) \u2192 Espalhamento de Amido \u2192 Moldagem \u2192 Desamassar \u2192 Envelhecimento \u2192\u00a0<strong>Secagem Autom\u00e1tica<\/strong>\u00a0\u2192 Embalagem<\/p>\n<p>&nbsp;<\/p>\n<p>A seguir, uma lista de verifica\u00e7\u00e3o concisa, passo a passo, para o operador, que segue exatamente as 11 etapas que voc\u00ea listou.<\/p>\n<p>Use como refer\u00eancia na sala de controle ou como base para sua documenta\u00e7\u00e3o HACCP \/ SOP.<\/p>\n<p>&nbsp;<\/p>\n<p>\u2500\u2500\u2500\u2500\u2500\u2500\u2500\u2500\u2500\u2500\u2500\u2500\u2500\u2500\u2500\u2500\u2500\u2500\u2500\u2500\u2500\u2500\u2500\u2500\u2500\u2500<\/p>\n<p>CHECKLIST DE OPERADOR PARA FLUXO DE marshmallow TOTALMENTE AUTOM\u00c1TICO<\/p>\n<p>\u2500\u2500\u2500\u2500\u2500\u2500\u2500\u2500\u2500\u2500\u2500\u2500\u2500\u2500\u2500\u2500\u2500\u2500\u2500\u2500\u2500\u2500\u2500\u2500\u2500\u2500<\/p>\n<p><a href=\"https:\/\/www.jymachinetech.com\/wp-content\/uploads\/2025\/07\/Marshmallow-Production-Line3.jpg\" target=\"_blank\"><img decoding=\"async\" class=\"alignnone size-full wp-image-7448\" src=\"https:\/\/www.jymachinetech.com\/wp-content\/uploads\/2025\/07\/Marshmallow-Production-Line3.jpg\" alt=\"\" width=\"863\" height=\"575\" srcset=\"https:\/\/www.jymachinetech.com\/wp-content\/uploads\/2025\/07\/Marshmallow-Production-Line3.jpg 863w, https:\/\/www.jymachinetech.com\/wp-content\/uploads\/2025\/07\/Marshmallow-Production-Line3-18x12.jpg 18w, https:\/\/www.jymachinetech.com\/wp-content\/uploads\/2025\/07\/Marshmallow-Production-Line3-600x400.jpg 600w\" sizes=\"(max-width: 863px) 100vw, 863px\" \/><\/a><\/p>\n<ol>\n<li>Pr\u00e9-misturador<\/li>\n<\/ol>\n<p>\u2022 Carregue \u00e1gua, a\u00e7\u00facar granulado, xarope de glucose, solu\u00e7\u00e3o de gelatina (ou outro hidrocol\u00f3ide), cores\/sabores que sejam est\u00e1veis ao calor, e xarope de milho como ingrediente principal para preparar a mistura.<\/p>\n<p>\u2022 Configura\u00e7\u00e3o: dissolver a 75\u201380 \u00b0C, 60\u201390 rpm, at\u00e9 atingir Brix 78\u201380 \u00b0.<\/p>\n<p>\u2022 Garantir a consist\u00eancia da mistura para obter um produto de confeitaria altamente aerado.<\/p>\n<p>Sequ\u00eancia de enx\u00e1gue CIP ao final do lote.<\/p>\n<p>&nbsp;<\/p>\n<p>&nbsp;<\/p>\n<ol start=\"2\">\n<li>Cozedor (r\u00e1pido ou de tubo)<\/li>\n<\/ol>\n<p>\u2022 Alimenta\u00e7\u00e3o cont\u00ednua do pr\u00e9-misturador.<\/p>\n<p>\u2022 Meta: 105\u2013110 \u00b0C, umidade final de 18\u201322 %.<\/p>\n<p>\u2022 Alarme de refrat\u00f4metro inline se Brix &lt; 76 \u00b0.<\/p>\n<p>&nbsp;<\/p>\n<ol start=\"3\">\n<li>Resfriador de lama<\/li>\n<\/ol>\n<p>\u2022 Troca de calor de placa at\u00e9 65\u201370 \u00b0C.<\/p>\n<p>\u2022 Cr\u00edtico: evitar &lt; 60 \u00b0C (prevenir pr\u00e9-defini\u00e7\u00e3o da gelatina).<\/p>\n<p>&nbsp;<\/p>\n<ol start=\"4\">\n<li>Aerador cont\u00ednuo<br \/>\n<a href=\"https:\/\/www.jymachinetech.com\/wp-content\/uploads\/2025\/07\/Marshmallow-Production-Line4.jpg\" target=\"_blank\"><img loading=\"lazy\" decoding=\"async\" class=\"alignnone size-full wp-image-7449\" src=\"https:\/\/www.jymachinetech.com\/wp-content\/uploads\/2025\/07\/Marshmallow-Production-Line4.jpg\" alt=\"\" width=\"793\" height=\"595\" srcset=\"https:\/\/www.jymachinetech.com\/wp-content\/uploads\/2025\/07\/Marshmallow-Production-Line4.jpg 793w, https:\/\/www.jymachinetech.com\/wp-content\/uploads\/2025\/07\/Marshmallow-Production-Line4-16x12.jpg 16w, https:\/\/www.jymachinetech.com\/wp-content\/uploads\/2025\/07\/Marshmallow-Production-Line4-600x450.jpg 600w\" sizes=\"(max-width: 793px) 100vw, 793px\" \/><\/a><\/li>\n<\/ol>\n<p>\u2022 Defina o aumento de volume em 250\u2013300 %.<\/p>\n<p>\u2022 Medidor de fluxo de ar: 3\u20136 bar, filtrado est\u00e9rilmente.<\/p>\n<p>\u2022 Verifique a curva de torque\u2014picos indicam tela bloqueada.<\/p>\n<p>&nbsp;<\/p>\n<ol start=\"5\">\n<li>Fun\u00e7\u00e3o de deposi\u00e7\u00e3o - enchimento central para formas 3D<br \/>\n<a href=\"https:\/\/www.jymachinetech.com\/wp-content\/uploads\/2025\/07\/Marshmallow-Production-Line5.jpg\" target=\"_blank\"><img loading=\"lazy\" decoding=\"async\" class=\"alignnone size-full wp-image-7450\" src=\"https:\/\/www.jymachinetech.com\/wp-content\/uploads\/2025\/07\/Marshmallow-Production-Line5.jpg\" alt=\"\" width=\"900\" height=\"600\" srcset=\"https:\/\/www.jymachinetech.com\/wp-content\/uploads\/2025\/07\/Marshmallow-Production-Line5.jpg 900w, https:\/\/www.jymachinetech.com\/wp-content\/uploads\/2025\/07\/Marshmallow-Production-Line5-18x12.jpg 18w, https:\/\/www.jymachinetech.com\/wp-content\/uploads\/2025\/07\/Marshmallow-Production-Line5-600x400.jpg 600w\" sizes=\"(max-width: 900px) 100vw, 900px\" \/><\/a><\/li>\n<\/ol>\n<p>&nbsp;<\/p>\n<p>\u2022 Manifold divide a base em 2\u20133 cores em um marshmallow.<\/p>\n<p>\u2022 Bombas perist\u00e1lticas dosam sabores sens\u00edveis ao calor (&lt; 45 \u00b0C) e cores.<\/p>\n<p>\u2022 Verifique se as propor\u00e7\u00f5es de fluxo correspondem \u00e0 folha de receita.<\/p>\n<p>&nbsp;<\/p>\n<ol start=\"6\">\n<li>Extrus\u00e3o ruder - extrus\u00e3o de 4 cores em um rolo de marshmallow.<br \/>\n<a href=\"https:\/\/www.jymachinetech.com\/wp-content\/uploads\/2025\/07\/Marshmallow-Production-Line6.png\" target=\"_blank\"><img loading=\"lazy\" decoding=\"async\" class=\"alignnone size-full wp-image-7451\" src=\"https:\/\/www.jymachinetech.com\/wp-content\/uploads\/2025\/07\/Marshmallow-Production-Line6.png\" alt=\"\" width=\"703\" height=\"382\" srcset=\"https:\/\/www.jymachinetech.com\/wp-content\/uploads\/2025\/07\/Marshmallow-Production-Line6.png 703w, https:\/\/www.jymachinetech.com\/wp-content\/uploads\/2025\/07\/Marshmallow-Production-Line6-18x10.png 18w, https:\/\/www.jymachinetech.com\/wp-content\/uploads\/2025\/07\/Marshmallow-Production-Line6-600x326.png 600w\" sizes=\"(max-width: 703px) 100vw, 703px\" \/><\/a><\/li>\n<\/ol>\n<p>\u2022 Temperatura do molde 45\u201348 \u00b0C (evita rasgos).<\/p>\n<p>\u2022 T\u00fanel de resfriamento: 15\u201318 \u00b0C, resid\u00eancia de 4\u20136 min, HR &lt; 55 %.<\/p>\n<p>\u2022 Velocidade da esteira sincronizada com o cortador a jusante.<\/p>\n<p>&nbsp;<\/p>\n<ol start=\"7\">\n<li>C\u00c1PSULA DE POEIRA (AMIDO \/ A\u00c7\u00daCAR DE CONFEITEIRO)<\/li>\n<\/ol>\n<p>\u2022 Dispensadores superior e inferior ajustados para 1,5\u20132 g por 100 g de produto.<\/p>\n<p>\u2022 Corte com l\u00e2mina rotativa com comprimento \u00b11 mm.<\/p>\n<p>\u2022 C\u00e1psula sob press\u00e3o negativa de \u201325 Pa; exaustor HEPA.<\/p>\n<p>\u2022 Uso de p\u00f3s ajuda a prevenir grude e manter a qualidade do produto.<\/p>\n<p>&nbsp;<\/p>\n<ol start=\"8\">\n<li>CONTROLE DE POEIRA \/ REMO\u00c7\u00c3O DE EXCESSO<\/li>\n<\/ol>\n<p>\u2022 Sacudidores vibrat\u00f3rios + l\u00e2mina de ar reverso removem excesso de amido.<\/p>\n<p>\u2022 Detector de metal inline ap\u00f3s o sacudidor.<\/p>\n<p>\u2022 A poeira adicional ajuda a prevenir grude e garante a integridade do produto.<\/p>\n<p>&nbsp;<\/p>\n<ol start=\"9\">\n<li>SISTEMA AUTOM\u00c1TICO DE SECAGEM E ESTEIRA DE SECAGEM<br \/>\n<a href=\"https:\/\/www.jymachinetech.com\/wp-content\/uploads\/2025\/07\/Marshmallow-Production-Line7.png\" target=\"_blank\"><img loading=\"lazy\" decoding=\"async\" class=\"alignnone size-full wp-image-7452\" src=\"https:\/\/www.jymachinetech.com\/wp-content\/uploads\/2025\/07\/Marshmallow-Production-Line7.png\" alt=\"\" width=\"900\" height=\"600\" srcset=\"https:\/\/www.jymachinetech.com\/wp-content\/uploads\/2025\/07\/Marshmallow-Production-Line7.png 900w, https:\/\/www.jymachinetech.com\/wp-content\/uploads\/2025\/07\/Marshmallow-Production-Line7-18x12.png 18w, https:\/\/www.jymachinetech.com\/wp-content\/uploads\/2025\/07\/Marshmallow-Production-Line7-600x400.png 600w\" sizes=\"(max-width: 900px) 100vw, 900px\" \/><\/a><\/li>\n<\/ol>\n<p>\u2022 25-35 \u00b0C, Umidade inferior a 55% %<\/p>\n<p>\u2022 T\u00fanel de resfriamento 12\u201315 \u00b0C, 6\u20138 min.<\/p>\n<p>&nbsp;<\/p>\n<ol start=\"10\">\n<li>EMBALAGEM<\/li>\n<\/ol>\n<p>\u2022 Transfer\u00eancia via correia de distribui\u00e7\u00e3o para embaladora flow-pack.<\/p>\n<p>\u2022 Op\u00e7\u00e3o MAP: descarga de N\u2082, O\u2082 &lt; 1%.<\/p>\n<p>\u2022 Verificar a integridade da selagem (teste de decaimento de v\u00e1cuo a cada 30 min).<\/p>\n<p>\u2022 A etapa de embalagem \u00e9 o passo final no processo de produ\u00e7\u00e3o, preservando a vida \u00fatil e <a title=\"Como as m\u00e1quinas de fabrica\u00e7\u00e3o de gomas garantem que os padr\u00f5es de seguran\u00e7a alimentar sejam atendidos?\" href=\"https:\/\/www.jymachinetech.com\/pt\/how-is-popping-boba-made-in-factories\/\" data-wpil-monitor-id=\"161\" target=\"_blank\">garantir a seguran\u00e7a dos alimentos<\/a>.<\/p>\n<p>&nbsp;<\/p>\n<p>\u2500\u2500\u2500\u2500\u2500\u2500\u2500\u2500\u2500\u2500\u2500\u2500\u2500\u2500\u2500\u2500\u2500\u2500\u2500\u2500\u2500\u2500\u2500\u2500\u2500\u2500<\/p>\n<p>NOTAS DE SEGURAN\u00c7A \/ QUALIDADE<\/p>\n<p>\u2022 Todas as pe\u00e7as de contato em a\u00e7o inoxid\u00e1vel 304 ou 316; ciclos CIP\/SIP completos.<\/p>\n<p>\u2022 Pontos Cr\u00edticos de Controle (PCC): temperatura de cozimento, detec\u00e7\u00e3o de metais, selagem da embalagem.<\/p>\n<p>\u2022 Vaz\u00f5es t\u00edpicas: 300\u2013500 kg\/h em uma linha de extrus\u00e3o de 1,2 m.<\/p>\n<p>\u2022 As m\u00e1quinas s\u00e3o projetadas com sistemas avan\u00e7ados para controle preciso, e especifica\u00e7\u00f5es t\u00e9cnicas est\u00e3o dispon\u00edveis para todos os componentes para garantir o desempenho ideal. A seguran\u00e7a alimentar e a higiene s\u00e3o priorizadas em todo o <a title=\"IN\u00cdCIO\" href=\"https:\/\/www.jymachinetech.com\/pt\/\" data-wpil-monitor-id=\"164\" target=\"_blank\">produ\u00e7\u00e3o da ind\u00fastria de confeitaria<\/a> processo.<\/p>\n<p>\u2022 Nossa empresa \u00e9 especializada em fornecer <a title=\"A melhor linha de produ\u00e7\u00e3o de balas de goma: Um guia completo para iniciantes\" href=\"https:\/\/www.jymachinetech.com\/pt\/the-best-gummy-candy-production-line-a-complete-guide-for-beginners\/\" data-wpil-monitor-id=\"162\" target=\"_blank\">linhas de produ\u00e7\u00e3o completas<\/a> e m\u00e1quinas para a ind\u00fastria de confeitaria, atendendo empresas e f\u00e1bricas com alta capacidade de produ\u00e7\u00e3o, alta efici\u00eancia de produ\u00e7\u00e3o e solu\u00e7\u00f5es de automa\u00e7\u00e3o confi\u00e1veis.<\/p>\n<p>&nbsp;<\/p>\n<h2 style=\"box-sizing: border-box; font-family: Poppins, sans-serif; font-size: 32px; font-weight: 400; line-height: 35.2px; letter-spacing: -2px; text-align: center;\"><strong style=\"box-sizing: border-box;\">Fa\u00e7a uma cota\u00e7\u00e3o agora:<\/strong><\/h2>\n<p style=\"box-sizing: border-box; margin-bottom: 10px; font-family: Poppins, sans-serif; text-align: center;\">Para pre\u00e7os personalizados e para saber mais sobre nossa Linha de Produ\u00e7\u00e3o de Marshmallow, entre em contato conosco hoje.<\/p>\n<p style=\"box-sizing: border-box; margin-bottom: 10px; font-family: Poppins, sans-serif; text-align: center;\"><a style=\"text-decoration-line: none; box-sizing: border-box; box-shadow: none; color: #204be2;\" href=\"https:\/\/www.jymachinetech.com\/pt\/?attachment_id=4767\" rel=\"attachment wp-att-4767\" target=\"_blank\"><img loading=\"lazy\" decoding=\"async\" class=\"alignnone size-full wp-image-4767 entered litespeed-loaded\" style=\"box-sizing: border-box; border: none; border-radius: 0px; box-shadow: none;\" src=\"https:\/\/www.jymachinetech.com\/wp-content\/uploads\/2024\/01\/1.jpg\" sizes=\"(max-width: 900px) 100vw, 900px\" srcset=\"https:\/\/www.jymachinetech.com\/wp-content\/uploads\/2024\/01\/1.jpg 900w, https:\/\/www.jymachinetech.com\/wp-content\/uploads\/2024\/01\/1-300x200.jpg 300w, https:\/\/www.jymachinetech.com\/wp-content\/uploads\/2024\/01\/1-768x512.jpg 768w, https:\/\/www.jymachinetech.com\/wp-content\/uploads\/2024\/01\/1-18x12.jpg 18w, https:\/\/www.jymachinetech.com\/wp-content\/uploads\/2024\/01\/1-480x320.jpg 480w, https:\/\/www.jymachinetech.com\/wp-content\/uploads\/2024\/01\/1-600x400.jpg 600w\" alt=\"1\" width=\"900\" height=\"600\" data-lazyloaded=\"1\" data-src=\"https:\/\/www.jymachinetech.com\/wp-content\/uploads\/2024\/01\/1.jpg\" data-srcset=\"https:\/\/www.jymachinetech.com\/wp-content\/uploads\/2024\/01\/1.jpg 900w, https:\/\/www.jymachinetech.com\/wp-content\/uploads\/2024\/01\/1-300x200.jpg 300w, https:\/\/www.jymachinetech.com\/wp-content\/uploads\/2024\/01\/1-768x512.jpg 768w, https:\/\/www.jymachinetech.com\/wp-content\/uploads\/2024\/01\/1-18x12.jpg 18w, https:\/\/www.jymachinetech.com\/wp-content\/uploads\/2024\/01\/1-480x320.jpg 480w, https:\/\/www.jymachinetech.com\/wp-content\/uploads\/2024\/01\/1-600x400.jpg 600w\" data-sizes=\"(max-width: 900px) 100vw, 900px\" data-ll-status=\"loaded\" \/><\/a><\/p>\n<p style=\"box-sizing: border-box; margin-bottom: 10px; font-family: Poppins, sans-serif; text-align: center;\"><a style=\"text-decoration-line: none; box-sizing: border-box; box-shadow: none; color: #204be2;\" href=\"https:\/\/www.jymachinetech.com\/pt\/?attachment_id=4774\" rel=\"attachment wp-att-4774\" target=\"_blank\"><img loading=\"lazy\" decoding=\"async\" class=\"alignnone size-large wp-image-4774 entered litespeed-loaded\" style=\"box-sizing: border-box; border: none; border-radius: 0px; box-shadow: none;\" src=\"https:\/\/www.jymachinetech.com\/wp-content\/uploads\/2024\/01\/8-768x1024.jpg\" sizes=\"(max-width: 768px) 100vw, 768px\" srcset=\"https:\/\/www.jymachinetech.com\/wp-content\/uploads\/2024\/01\/8-768x1023.jpg 768w, https:\/\/www.jymachinetech.com\/wp-content\/uploads\/2024\/01\/8-225x300.jpg 225w, https:\/\/www.jymachinetech.com\/wp-content\/uploads\/2024\/01\/8-9x12.jpg 9w, https:\/\/www.jymachinetech.com\/wp-content\/uploads\/2024\/01\/8-980x1306.jpg 980w, https:\/\/www.jymachinetech.com\/wp-content\/uploads\/2024\/01\/8-480x640.jpg 480w, https:\/\/www.jymachinetech.com\/wp-content\/uploads\/2024\/01\/8-600x800.jpg 600w, https:\/\/www.jymachinetech.com\/wp-content\/uploads\/2024\/01\/8-rotated.jpg 1001w\" alt=\"8\" width=\"768\" height=\"1024\" data-lazyloaded=\"1\" data-src=\"https:\/\/www.jymachinetech.com\/wp-content\/uploads\/2024\/01\/8-768x1024.jpg\" data-srcset=\"https:\/\/www.jymachinetech.com\/wp-content\/uploads\/2024\/01\/8-768x1023.jpg 768w, https:\/\/www.jymachinetech.com\/wp-content\/uploads\/2024\/01\/8-225x300.jpg 225w, https:\/\/www.jymachinetech.com\/wp-content\/uploads\/2024\/01\/8-9x12.jpg 9w, https:\/\/www.jymachinetech.com\/wp-content\/uploads\/2024\/01\/8-980x1306.jpg 980w, https:\/\/www.jymachinetech.com\/wp-content\/uploads\/2024\/01\/8-480x640.jpg 480w, https:\/\/www.jymachinetech.com\/wp-content\/uploads\/2024\/01\/8-600x800.jpg 600w, https:\/\/www.jymachinetech.com\/wp-content\/uploads\/2024\/01\/8-rotated.jpg 1001w\" data-sizes=\"(max-width: 768px) 100vw, 768px\" data-ll-status=\"loaded\" \/><\/a><\/p>","protected":false},"excerpt":{"rendered":"<ul>\n<li>Opera\u00e7\u00e3o simples<\/li>\n<li>Pre\u00e7o razo\u00e1vel<\/li>\n<li>4 cores em 1 marshmallow<\/li>\n<li>Extrusora de corda de marshmallow<\/li>\n<li>Depositante cheio no centro<\/li>\n<li>Sistema de mistura autom\u00e1tica CFA<\/li>\n<li>Servo m\u00e1quina de corte<\/li>\n<li>Sistema de secagem autom\u00e1tica<\/li>\n<\/ul>","protected":false},"featured_media":7448,"comment_status":"closed","ping_status":"closed","template":"","meta":[],"product_brand":[],"product_cat":[16,101],"product_tag":[199],"class_list":{"0":"post-1772","1":"product","2":"type-product","3":"status-publish","4":"has-post-thumbnail","6":"product_cat-candy-machine","7":"product_cat-marshmallow-machine","8":"product_tag-marshmallow-production-line","10":"first","11":"instock","12":"shipping-taxable","13":"product-type-simple"},"_links":{"self":[{"href":"https:\/\/www.jymachinetech.com\/pt\/wp-json\/wp\/v2\/product\/1772","targetHints":{"allow":["GET"]}}],"collection":[{"href":"https:\/\/www.jymachinetech.com\/pt\/wp-json\/wp\/v2\/product"}],"about":[{"href":"https:\/\/www.jymachinetech.com\/pt\/wp-json\/wp\/v2\/types\/product"}],"replies":[{"embeddable":true,"href":"https:\/\/www.jymachinetech.com\/pt\/wp-json\/wp\/v2\/comments?post=1772"}],"version-history":[{"count":6,"href":"https:\/\/www.jymachinetech.com\/pt\/wp-json\/wp\/v2\/product\/1772\/revisions"}],"predecessor-version":[{"id":7460,"href":"https:\/\/www.jymachinetech.com\/pt\/wp-json\/wp\/v2\/product\/1772\/revisions\/7460"}],"wp:featuredmedia":[{"embeddable":true,"href":"https:\/\/www.jymachinetech.com\/pt\/wp-json\/wp\/v2\/media\/7448"}],"wp:attachment":[{"href":"https:\/\/www.jymachinetech.com\/pt\/wp-json\/wp\/v2\/media?parent=1772"}],"wp:term":[{"taxonomy":"product_brand","embeddable":true,"href":"https:\/\/www.jymachinetech.com\/pt\/wp-json\/wp\/v2\/product_brand?post=1772"},{"taxonomy":"product_cat","embeddable":true,"href":"https:\/\/www.jymachinetech.com\/pt\/wp-json\/wp\/v2\/product_cat?post=1772"},{"taxonomy":"product_tag","embeddable":true,"href":"https:\/\/www.jymachinetech.com\/pt\/wp-json\/wp\/v2\/product_tag?post=1772"}],"curies":[{"name":"wp","href":"https:\/\/api.w.org\/{rel}","templated":true}]}}