{"id":1537,"date":"2021-12-26T08:04:23","date_gmt":"2021-12-26T08:04:23","guid":{"rendered":"https:\/\/www.jymachinetech.com\/?post_type=product&#038;p=1537"},"modified":"2025-07-25T05:57:51","modified_gmt":"2025-07-25T05:57:51","slug":"popping-boba-production-line","status":"publish","type":"product","link":"https:\/\/www.jymachinetech.com\/pt\/product\/popping-boba-production-line\/","title":{"rendered":"Linha de produ\u00e7\u00e3o de Popping Boba para venda - F\u00e1brica de m\u00e1quinas Popping Boba"},"content":{"rendered":"<p>A linha de produ\u00e7\u00e3o de Popping Boba da JY MACHINE \u00e9 uma solu\u00e7\u00e3o de fabrica\u00e7\u00e3o de \u00faltima gera\u00e7\u00e3o projetada para produzir p\u00e9rolas de boba estourando para a ind\u00fastria de alimentos e bebidas. Desde sua patente em 1999, esta m\u00e1quina inovadora tem liderado o mercado na cria\u00e7\u00e3o de uma nova gera\u00e7\u00e3o de p\u00e9rolas de boba que explodem com sabor.<\/p>\n<p><iframe title=\"Linha de produ\u00e7\u00e3o de boba estourando M\u00e1quina de fazer boba de suco M\u00e1quina de boba estourando como fazer ch\u00e1 de bolha\" width=\"800\" height=\"450\" src=\"https:\/\/www.youtube.com\/embed\/JxLe07m_zXE?feature=oembed\" frameborder=\"0\" allow=\"accelerometer; autoplay; clipboard-write; encrypted-media; gyroscope; picture-in-picture; web-share\" referrerpolicy=\"strict-origin-when-cross-origin\" allowfullscreen><\/iframe><\/p>\n<h2><strong>Principais recursos e benef\u00edcios:<\/strong><\/h2>\n<ul>\n<li><strong>Tecnologia patenteada:<\/strong> Desenvolvida pela JY MACHINE, esta m\u00e1quina \u00e9 baseada no princ\u00edpio do pist\u00e3o de \u00eambolo, garantindo um processo de produ\u00e7\u00e3o exclusivo e patenteado.<\/li>\n<li><strong>Sistema de rea\u00e7\u00e3o qu\u00edmica:<\/strong> O material de enchimento reage com a solu\u00e7\u00e3o no tanque, encapsulando o material de enchimento dentro de uma bola suculenta que explode de sabor.<\/li>\n<li><strong>Versatilidade:<\/strong> Ideal para criar uma variedade de produtos, desde bolas de suco e bolas de \u00e1gua at\u00e9 produtos com sabor de vinagre\/\u00e1lcool e at\u00e9 produtos qu\u00edmicos di\u00e1rios, como bolas de lo\u00e7\u00e3o e bolas de jojoba.<\/li>\n<li><strong>Modelos personaliz\u00e1veis:<\/strong> Dispon\u00edvel em modelos que v\u00e3o desde o tamanho de laborat\u00f3rio at\u00e9 linhas de produ\u00e7\u00e3o totalmente autom\u00e1ticas, atendendo empresas de todos os tamanhos e planos de expans\u00e3o.<\/li>\n<li><strong>Constru\u00e7\u00e3o em a\u00e7o inoxid\u00e1vel:<\/strong> A m\u00e1quina de produ\u00e7\u00e3o de bolas de suco totalmente autom\u00e1tica \u00e9 feita de a\u00e7o inoxid\u00e1vel para maior durabilidade e f\u00e1cil limpeza.<\/li>\n<li><strong>Automa\u00e7\u00e3o avan\u00e7ada:<\/strong> Equipado com tecnologia de servo dep\u00f3sito e acionamento para precis\u00e3o e efici\u00eancia.<\/li>\n<li><strong>Suporte de processamento completo:<\/strong> Oferecemos uma linha completa de m\u00e1quinas, do cozimento \u00e0 esteriliza\u00e7\u00e3o, al\u00e9m de um plano de f\u00f3rmula pronto para uso.<\/li>\n<\/ul>\n<h2><strong>Aplica\u00e7\u00f5es:<\/strong><\/h2>\n<p>O boba estourado \u00e9 um ingrediente \u00fanico no ch\u00e1 de bolhas, com uma pele fina e gelatinosa cheia de suco que estoura na boca. \u00c9 feito usando uma rea\u00e7\u00e3o entre alginato de s\u00f3dio e cloreto de c\u00e1lcio ou lactato de c\u00e1lcio.<\/p>\n<h2><strong>Usos criativos:<\/strong><\/h2>\n<p>Al\u00e9m dos tradicionais recheios de suco e geleia, nossos clientes inovaram com materiais para cuidados com a sa\u00fade, \u00e1lcool e vinagre para uso culin\u00e1rio, materiais de pintura para brinquedos divertidos e produtos qu\u00edmicos dom\u00e9sticos, como xampu ou base l\u00edquida para maquiagem.<\/p>\n<h2><strong>Personaliza\u00e7\u00e3o e ajustabilidade:<\/strong><\/h2>\n<p>Nossa m\u00e1quina de estourar boba pode ser ajustada com base no tamanho desejado do estourar boba finalizado, garantindo o produto perfeito para suas necessidades.<\/p>\n<h2><strong>Por que escolher a JY MACHINE para sua m\u00e1quina de estourar boba?<\/strong><\/h2>\n<ul>\n<li><strong>Equipe de servi\u00e7o global:<\/strong> Oferecemos servi\u00e7os no exterior com suporte local na Am\u00e9rica do Norte, garantindo uma opera\u00e7\u00e3o perfeita em todo o mundo.<\/li>\n<li><strong>Centro de pe\u00e7as 24 horas por dia, 7 dias por semana:<\/strong> Nosso centro de pe\u00e7as opera 24 horas por dia para fornecer os componentes necess\u00e1rios quando voc\u00ea precisar deles.<\/li>\n<li><strong>Servi\u00e7os gratuitos:<\/strong> Oferecemos design de layout de f\u00e1brica gratuito, amostras de formatos personalizados, design de f\u00f3rmula de produto e design de m\u00e1quina.<\/li>\n<li><strong>Esquema de Equipamento 3D:<\/strong> Experimente uma exibi\u00e7\u00e3o 3D do nosso esquema de equipamentos para melhor planejamento e compreens\u00e3o.<\/li>\n<li><strong>Visita de produ\u00e7\u00e3o da f\u00e1brica do cliente:<\/strong> Visite nossa f\u00e1brica real para testemunhar o profissionalismo e a confiabilidade do nosso processo de produ\u00e7\u00e3o.<\/li>\n<li><strong>Profissional e confi\u00e1vel:<\/strong> Com um hist\u00f3rico comprovado e opera\u00e7\u00f5es reais de f\u00e1brica, garantimos a qualidade e o desempenho de nossas m\u00e1quinas.<\/li>\n<\/ul>\n<p><strong>Fa\u00e7a uma cota\u00e7\u00e3o agora:<\/strong> Para uma cota\u00e7\u00e3o r\u00e1pida e para saber mais sobre nossa linha de produ\u00e7\u00e3o de Popping Boba, entre em contato conosco hoje mesmo. Experimente o melhor em servi\u00e7os OEM\/ODM com os menores pre\u00e7os e garantias do setor.<\/p>\n<p><a href=\"https:\/\/www.jymachinetech.com\/pt\/?attachment_id=3977\" rel=\"attachment wp-att-3977\" target=\"_blank\"><img fetchpriority=\"high\" decoding=\"async\" class=\"alignnone size-full wp-image-3977\" title=\"linha de produ\u00e7\u00e3o de estourando boba para venda - f\u00e1brica de m\u00e1quinas de estourando boba\" src=\"https:\/\/www.jymachinetech.com\/wp-content\/uploads\/2021\/12\/popping-boba-machine-certification.png\" alt=\"linha de produ\u00e7\u00e3o de estourando boba para venda - f\u00e1brica de m\u00e1quinas de estourando boba\" width=\"999\" height=\"468\" srcset=\"https:\/\/www.jymachinetech.com\/wp-content\/uploads\/2021\/12\/popping-boba-machine-certification.png 999w, https:\/\/www.jymachinetech.com\/wp-content\/uploads\/2021\/12\/popping-boba-machine-certification-18x8.png 18w, https:\/\/www.jymachinetech.com\/wp-content\/uploads\/2021\/12\/popping-boba-machine-certification-600x281.png 600w\" sizes=\"(max-width: 999px) 100vw, 999px\" \/><\/a><\/p>\n<p>&nbsp;<\/p>\n<h2>Fluxo de processo da Popping Boba Machine<\/h2>\n<p>Prepare o material de enchimento e o l\u00edquido de rea\u00e7\u00e3o separadamente-<br \/>\ndepositando-filtre o l\u00edquido de rea\u00e7\u00e3o-recicle o l\u00edquido de rea\u00e7\u00e3o-lave e colete os bobs<\/p>\n<p><img decoding=\"async\" class=\"alignnone wp-image-3978 size-large\" title=\"linha de produ\u00e7\u00e3o de estourando boba para venda - f\u00e1brica de m\u00e1quinas de estourando boba\" src=\"https:\/\/www.jymachinetech.com\/wp-content\/uploads\/2021\/12\/Pasted-e1669189150569-1024x487.png\" alt=\"linha de produ\u00e7\u00e3o de estourando boba para venda - f\u00e1brica de m\u00e1quinas de estourando boba\" width=\"1024\" height=\"487\" \/><\/p>\n<p>&nbsp;<\/p>\n<p>&nbsp;<\/p>\n<div class=\"table-responsive\">\n<table style=\"width: 100%;\">\n<tbody>\n<tr>\n<td style=\"text-align: center;\">Modelo<\/td>\n<td style=\"text-align: center;\">JYP 50<\/td>\n<td style=\"text-align: center;\">JYP 100<\/td>\n<td style=\"text-align: center;\">JYP 300<\/td>\n<td style=\"text-align: center;\">JYP 500<\/td>\n<\/tr>\n<tr>\n<td style=\"text-align: center;\">Capacidade<\/td>\n<td style=\"text-align: center;\">30-50kg\/h<\/td>\n<td style=\"text-align: center;\">50-100kg\/h<\/td>\n<td style=\"text-align: center;\">200-300kg\/h<\/td>\n<td style=\"text-align: center;\">300-500kg\/h<\/td>\n<\/tr>\n<tr>\n<td style=\"text-align: center;\">Organizar o tamanho do produto<\/td>\n<td style=\"text-align: center;\">8-50mm<\/td>\n<td style=\"text-align: center;\">8-50mm<\/td>\n<td style=\"text-align: center;\">8-50mm<\/td>\n<td style=\"text-align: center;\">8-50mm<\/td>\n<\/tr>\n<\/tbody>\n<\/table>\n<\/div>\n<p>&nbsp;<\/p>\n<p>&nbsp;<\/p>\n<h2>Sistema de cozinha para m\u00e1quina de popping boba<\/h2>\n<p><img decoding=\"async\" class=\"alignnone wp-image-1739 size-full\" title=\"linha de produ\u00e7\u00e3o de estourando boba para venda - f\u00e1brica de m\u00e1quinas de estourando boba\" src=\"https:\/\/www.jymachinetech.com\/wp-content\/uploads\/2021\/12\/1kitchen-system.jpg\" alt=\"linha de produ\u00e7\u00e3o de estourando boba para venda - f\u00e1brica de m\u00e1quinas de estourando boba\" width=\"999\" height=\"666\" srcset=\"https:\/\/www.jymachinetech.com\/wp-content\/uploads\/2021\/12\/1kitchen-system.jpg 999w, https:\/\/www.jymachinetech.com\/wp-content\/uploads\/2021\/12\/1kitchen-system-18x12.jpg 18w, https:\/\/www.jymachinetech.com\/wp-content\/uploads\/2021\/12\/1kitchen-system-600x400.jpg 600w\" sizes=\"(max-width: 999px) 100vw, 999px\" \/><\/p>\n<h2>Sistema de Dep\u00f3sito<\/h2>\n<p><img loading=\"lazy\" decoding=\"async\" class=\"alignnone wp-image-1740 size-full\" title=\"linha de produ\u00e7\u00e3o de estourando boba para venda - f\u00e1brica de m\u00e1quinas de estourando boba\" src=\"https:\/\/www.jymachinetech.com\/wp-content\/uploads\/2021\/12\/2Depositing-head.jpg\" alt=\"linha de produ\u00e7\u00e3o de estourando boba para venda - f\u00e1brica de m\u00e1quinas de estourando boba\" width=\"999\" height=\"666\" srcset=\"https:\/\/www.jymachinetech.com\/wp-content\/uploads\/2021\/12\/2Depositing-head.jpg 999w, https:\/\/www.jymachinetech.com\/wp-content\/uploads\/2021\/12\/2Depositing-head-18x12.jpg 18w, https:\/\/www.jymachinetech.com\/wp-content\/uploads\/2021\/12\/2Depositing-head-600x400.jpg 600w\" sizes=\"(max-width: 999px) 100vw, 999px\" \/><\/p>\n<h2>Depositante da Popping boba maker<\/h2>\n<p><img loading=\"lazy\" decoding=\"async\" class=\"alignnone wp-image-1741 size-full\" title=\"linha de produ\u00e7\u00e3o de estourando boba para venda - f\u00e1brica de m\u00e1quinas de estourando boba\" src=\"https:\/\/www.jymachinetech.com\/wp-content\/uploads\/2021\/12\/3Depostor.jpg\" alt=\"linha de produ\u00e7\u00e3o de estourando boba para venda - f\u00e1brica de m\u00e1quinas de estourando boba\" width=\"999\" height=\"666\" srcset=\"https:\/\/www.jymachinetech.com\/wp-content\/uploads\/2021\/12\/3Depostor.jpg 999w, https:\/\/www.jymachinetech.com\/wp-content\/uploads\/2021\/12\/3Depostor-18x12.jpg 18w, https:\/\/www.jymachinetech.com\/wp-content\/uploads\/2021\/12\/3Depostor-600x400.jpg 600w\" sizes=\"(max-width: 999px) 100vw, 999px\" \/><\/p>\n<h2>Sistema de circula\u00e7\u00e3o da m\u00e1quina de estourar boba<\/h2>\n<p><img loading=\"lazy\" decoding=\"async\" class=\"alignnone wp-image-1742 size-full\" title=\"linha de produ\u00e7\u00e3o de estourando boba para venda - f\u00e1brica de m\u00e1quinas de estourando boba\" src=\"https:\/\/www.jymachinetech.com\/wp-content\/uploads\/2021\/12\/4circulation-system.jpg\" alt=\"linha de produ\u00e7\u00e3o de estourando boba para venda - f\u00e1brica de m\u00e1quinas de estourando boba\" width=\"999\" height=\"666\" srcset=\"https:\/\/www.jymachinetech.com\/wp-content\/uploads\/2021\/12\/4circulation-system.jpg 999w, https:\/\/www.jymachinetech.com\/wp-content\/uploads\/2021\/12\/4circulation-system-18x12.jpg 18w, https:\/\/www.jymachinetech.com\/wp-content\/uploads\/2021\/12\/4circulation-system-600x400.jpg 600w\" sizes=\"(max-width: 999px) 100vw, 999px\" \/><\/p>\n<h2>O sistema de rea\u00e7\u00e3o da m\u00e1quina de popping boba<\/h2>\n<p><img loading=\"lazy\" decoding=\"async\" class=\"alignnone wp-image-1743 size-full\" title=\"linha de produ\u00e7\u00e3o de estourando boba para venda - f\u00e1brica de m\u00e1quinas de estourando boba\" src=\"https:\/\/www.jymachinetech.com\/wp-content\/uploads\/2021\/12\/5reaction-system.jpg\" alt=\"linha de produ\u00e7\u00e3o de estourando boba para venda - f\u00e1brica de m\u00e1quinas de estourando boba\" width=\"999\" height=\"666\" srcset=\"https:\/\/www.jymachinetech.com\/wp-content\/uploads\/2021\/12\/5reaction-system.jpg 999w, https:\/\/www.jymachinetech.com\/wp-content\/uploads\/2021\/12\/5reaction-system-18x12.jpg 18w, https:\/\/www.jymachinetech.com\/wp-content\/uploads\/2021\/12\/5reaction-system-600x400.jpg 600w\" sizes=\"(max-width: 999px) 100vw, 999px\" \/><\/p>\n<h2>Sistema de filtragem<\/h2>\n<p><img loading=\"lazy\" decoding=\"async\" class=\"alignnone size-full wp-image-1744\" title=\"linha de produ\u00e7\u00e3o de estourando boba para venda - f\u00e1brica de m\u00e1quinas de estourando boba\" src=\"https:\/\/www.jymachinetech.com\/wp-content\/uploads\/2021\/12\/6Filtration-system.jpg\" alt=\"linha de produ\u00e7\u00e3o de estourando boba para venda - f\u00e1brica de m\u00e1quinas de estourando boba\" width=\"999\" height=\"666\" srcset=\"https:\/\/www.jymachinetech.com\/wp-content\/uploads\/2021\/12\/6Filtration-system.jpg 999w, https:\/\/www.jymachinetech.com\/wp-content\/uploads\/2021\/12\/6Filtration-system-18x12.jpg 18w, https:\/\/www.jymachinetech.com\/wp-content\/uploads\/2021\/12\/6Filtration-system-600x400.jpg 600w\" sizes=\"(max-width: 999px) 100vw, 999px\" \/><\/p>\n<h2>Sistema de limpeza<\/h2>\n<p><img loading=\"lazy\" decoding=\"async\" class=\"alignnone size-full wp-image-1745\" title=\"linha de produ\u00e7\u00e3o de estourando boba para venda - f\u00e1brica de m\u00e1quinas de estourando boba\" src=\"https:\/\/www.jymachinetech.com\/wp-content\/uploads\/2021\/12\/7Cleaning-system-.jpg\" alt=\"linha de produ\u00e7\u00e3o de estourando boba para venda - f\u00e1brica de m\u00e1quinas de estourando boba\" width=\"999\" height=\"666\" srcset=\"https:\/\/www.jymachinetech.com\/wp-content\/uploads\/2021\/12\/7Cleaning-system-.jpg 999w, https:\/\/www.jymachinetech.com\/wp-content\/uploads\/2021\/12\/7Cleaning-system--18x12.jpg 18w, https:\/\/www.jymachinetech.com\/wp-content\/uploads\/2021\/12\/7Cleaning-system--600x400.jpg 600w\" sizes=\"(max-width: 999px) 100vw, 999px\" \/><\/p>\n<h2>Sistema de esteriliza\u00e7\u00e3o<\/h2>\n<p><img loading=\"lazy\" decoding=\"async\" class=\"alignnone size-full wp-image-1750\" title=\"linha de produ\u00e7\u00e3o de estourando boba para venda - f\u00e1brica de m\u00e1quinas de estourando boba\" src=\"https:\/\/www.jymachinetech.com\/wp-content\/uploads\/2021\/12\/Sterilization-system.jpg\" alt=\"linha de produ\u00e7\u00e3o de estourando boba para venda - f\u00e1brica de m\u00e1quinas de estourando boba\" width=\"999\" height=\"666\" srcset=\"https:\/\/www.jymachinetech.com\/wp-content\/uploads\/2021\/12\/Sterilization-system.jpg 999w, https:\/\/www.jymachinetech.com\/wp-content\/uploads\/2021\/12\/Sterilization-system-18x12.jpg 18w, https:\/\/www.jymachinetech.com\/wp-content\/uploads\/2021\/12\/Sterilization-system-600x400.jpg 600w\" sizes=\"(max-width: 999px) 100vw, 999px\" \/><\/p>\n<h2>Outros detalhes da m\u00e1quina de popping boba<\/h2>\n<p><img loading=\"lazy\" decoding=\"async\" class=\"alignnone wp-image-3979 size-large\" title=\"linha de produ\u00e7\u00e3o de estourando boba para venda - f\u00e1brica de m\u00e1quinas de estourando boba\" src=\"https:\/\/www.jymachinetech.com\/wp-content\/uploads\/2021\/12\/Pasted-1-1024x588.png\" alt=\"linha de produ\u00e7\u00e3o de estourando boba para venda - f\u00e1brica de m\u00e1quinas de estourando boba\" width=\"1024\" height=\"588\" \/><\/p>\n<p>&nbsp;<\/p>\n<p><img loading=\"lazy\" decoding=\"async\" class=\"alignnone wp-image-3983 size-full\" title=\"linha de produ\u00e7\u00e3o de estourando boba para venda - f\u00e1brica de m\u00e1quinas de estourando boba\" src=\"https:\/\/www.jymachinetech.com\/wp-content\/uploads\/2021\/12\/Pasted-5-e1669189598428.png\" alt=\"linha de produ\u00e7\u00e3o de estourando boba para venda - f\u00e1brica de m\u00e1quinas de estourando boba\" width=\"999\" height=\"522\" srcset=\"https:\/\/www.jymachinetech.com\/wp-content\/uploads\/2021\/12\/Pasted-5-e1669189598428.png 999w, https:\/\/www.jymachinetech.com\/wp-content\/uploads\/2021\/12\/Pasted-5-e1669189598428-18x9.png 18w, https:\/\/www.jymachinetech.com\/wp-content\/uploads\/2021\/12\/Pasted-5-e1669189598428-600x314.png 600w\" sizes=\"(max-width: 999px) 100vw, 999px\" \/><\/p>\n<p>&nbsp;<\/p>\n<p><img loading=\"lazy\" decoding=\"async\" class=\"alignnone wp-image-1749 size-full\" title=\"linha de produ\u00e7\u00e3o de estourando boba para venda - f\u00e1brica de m\u00e1quinas de estourando boba\" src=\"https:\/\/www.jymachinetech.com\/wp-content\/uploads\/2021\/12\/Popping-Boba-Production-Line-product.jpg\" alt=\"linha de produ\u00e7\u00e3o de estourando boba para venda - f\u00e1brica de m\u00e1quinas de estourando boba\" width=\"999\" height=\"666\" srcset=\"https:\/\/www.jymachinetech.com\/wp-content\/uploads\/2021\/12\/Popping-Boba-Production-Line-product.jpg 999w, https:\/\/www.jymachinetech.com\/wp-content\/uploads\/2021\/12\/Popping-Boba-Production-Line-product-18x12.jpg 18w, https:\/\/www.jymachinetech.com\/wp-content\/uploads\/2021\/12\/Popping-Boba-Production-Line-product-600x400.jpg 600w\" sizes=\"(max-width: 999px) 100vw, 999px\" \/><\/p>\n<p>&nbsp;<\/p>\n<p>&nbsp;<\/p>\n<p><img loading=\"lazy\" decoding=\"async\" class=\"alignnone wp-image-3984 size-full\" title=\"linha de produ\u00e7\u00e3o de estourando boba para venda - f\u00e1brica de m\u00e1quinas de estourando boba\" src=\"https:\/\/www.jymachinetech.com\/wp-content\/uploads\/2021\/12\/Pasted-6-e1669190051611.png\" alt=\"linha de produ\u00e7\u00e3o de estourando boba para venda - f\u00e1brica de m\u00e1quinas de estourando boba\" width=\"999\" height=\"690\" srcset=\"https:\/\/www.jymachinetech.com\/wp-content\/uploads\/2021\/12\/Pasted-6-e1669190051611.png 999w, https:\/\/www.jymachinetech.com\/wp-content\/uploads\/2021\/12\/Pasted-6-e1669190051611-18x12.png 18w, https:\/\/www.jymachinetech.com\/wp-content\/uploads\/2021\/12\/Pasted-6-e1669190051611-600x414.png 600w\" sizes=\"(max-width: 999px) 100vw, 999px\" \/><\/p>\n<h2><span lang=\"EN-US\">Aplica\u00e7\u00e3o para o popping boba<\/span><\/h2>\n<p><img loading=\"lazy\" decoding=\"async\" class=\"alignnone size-large wp-image-1547\" title=\"linha de produ\u00e7\u00e3o de estourando boba para venda - f\u00e1brica de m\u00e1quinas de estourando boba\" src=\"https:\/\/www.jymachinetech.com\/wp-content\/uploads\/2021\/12\/Popping-boba-production-line-9-1024x270.png\" alt=\"linha de produ\u00e7\u00e3o de estourando boba para venda - f\u00e1brica de m\u00e1quinas de estourando boba\" width=\"1024\" height=\"270\" \/><\/p>\n<h2><span lang=\"EN-US\">Que tipo de embalagem para estourar boba?<\/span><\/h2>\n<p>A forma de embalagem abaixo pode armazenar por mais tempo.<\/p>\n<p><img loading=\"lazy\" decoding=\"async\" class=\"alignnone size-full wp-image-1548\" title=\"linha de produ\u00e7\u00e3o de estourando boba para venda - f\u00e1brica de m\u00e1quinas de estourando boba\" src=\"https:\/\/www.jymachinetech.com\/wp-content\/uploads\/2021\/12\/Popping-boba-production-line-10.png\" alt=\"linha de produ\u00e7\u00e3o de estourando boba para venda - f\u00e1brica de m\u00e1quinas de estourando boba\" width=\"1008\" height=\"410\" srcset=\"https:\/\/www.jymachinetech.com\/wp-content\/uploads\/2021\/12\/Popping-boba-production-line-10.png 1008w, https:\/\/www.jymachinetech.com\/wp-content\/uploads\/2021\/12\/Popping-boba-production-line-10-18x7.png 18w, https:\/\/www.jymachinetech.com\/wp-content\/uploads\/2021\/12\/Popping-boba-production-line-10-600x244.png 600w\" sizes=\"(max-width: 1008px) 100vw, 1008px\" \/><\/p>\n<h2>Entrega em todo o mundo<\/h2>\n<h2><img loading=\"lazy\" decoding=\"async\" class=\"alignnone wp-image-3981 size-large\" title=\"linha de produ\u00e7\u00e3o de estourando boba para venda - f\u00e1brica de m\u00e1quinas de estourando boba\" src=\"https:\/\/www.jymachinetech.com\/wp-content\/uploads\/2021\/12\/Pasted-3-1024x532.png\" alt=\"linha de produ\u00e7\u00e3o de estourando boba para venda - f\u00e1brica de m\u00e1quinas de estourando boba\" width=\"1024\" height=\"532\" \/><\/h2>\n<h2>Voc\u00ea est\u00e1 preocupado com a receita de popping boba?<\/h2>\n<p><img loading=\"lazy\" decoding=\"async\" class=\"alignnone wp-image-3985 size-large\" title=\"linha de produ\u00e7\u00e3o de estourando boba para venda - f\u00e1brica de m\u00e1quinas de estourando boba\" src=\"https:\/\/www.jymachinetech.com\/wp-content\/uploads\/2021\/12\/Pasted-7-1024x827.png\" alt=\"linha de produ\u00e7\u00e3o de estourando boba para venda - f\u00e1brica de m\u00e1quinas de estourando boba\" width=\"1024\" height=\"827\" \/><\/p>\n<p>&nbsp;<\/p>\n<h3>Perguntas frequentes (FAQ) sobre a linha de produ\u00e7\u00e3o de Popping Boba<\/h3>\n<p><strong>P: O que exatamente \u00e9 popping boba?<\/strong><\/p>\n<p>R: O boba popping, tamb\u00e9m conhecido como \u201cp\u00e9rolas de suco\u201d, \u00e9 uma esfera pequena e saborosa usada em bebidas, principalmente no bubble tea. Elas t\u00eam uma camada externa fina, semelhante a um gel, que encapsula um recheio l\u00edquido, criando uma explos\u00e3o de suco quando mordidas. Diferentemente das tradicionais p\u00e9rolas de tapioca, o boba popping \u00e9 feito com ingredientes como alginato de s\u00f3dio e lactato de c\u00e1lcio ou cloreto de c\u00e1lcio, e pode ser recheado com sucos de frutas, xaropes ou outros aromatizantes.<\/p>\n<p><strong>P: A m\u00e1quina pode produzir diferentes tipos de boba, como boba popping e p\u00e9rolas konjac?<\/strong><\/p>\n<p>R: Com certeza. Nossa vers\u00e1til linha de produ\u00e7\u00e3o de Popping Boba \u00e9 capaz de fabricar n\u00e3o apenas popping boba, mas tamb\u00e9m p\u00e9rolas konjac, oferecendo a voc\u00ea a flexibilidade para atender a v\u00e1rias demandas de mercado com uma \u00fanica m\u00e1quina.<\/p>\n<p><strong>P: Quantos peda\u00e7os de boba estourados a m\u00e1quina pode produzir por hora?<\/strong><\/p>\n<p>R: A capacidade de produ\u00e7\u00e3o varia com base no tamanho do boba que est\u00e1 sendo produzido. Como refer\u00eancia, nossas m\u00e1quinas podem produzir um m\u00ednimo de 172.800 pe\u00e7as por hora. Podemos fornecer taxas de produ\u00e7\u00e3o espec\u00edficas com base nas especifica\u00e7\u00f5es de boba desejadas.<\/p>\n<p><strong>P: A m\u00e1quina pode criar boba estourada com sabores diferentes?<\/strong><\/p>\n<p>R: Sim, nossa m\u00e1quina \u00e9 projetada para produzir boba estourando em uma variedade de sabores. Voc\u00ea pode personalizar o recheio com diferentes sucos de frutas, xaropes ou outros aromas para criar uma gama diversificada de produtos.<\/p>\n<p><strong>P: Voc\u00ea pode me fornecer a f\u00f3rmula para fazer boba estourada?<\/strong><\/p>\n<p>R: Sim, oferecemos uma f\u00f3rmula abrangente adaptada \u00e0s necessidades de cada cliente. Nossa equipe de especialistas o orientar\u00e1 durante todo o processo, garantindo que voc\u00ea possa produzir boba popping de alta qualidade que atenda \u00e0s suas necessidades espec\u00edficas.<\/p>\n<p><strong>P: Qual \u00e9 o prazo de entrega se eu decidir encomendar a m\u00e1quina agora?<\/strong><\/p>\n<p>R: O prazo de entrega da nossa linha de produ\u00e7\u00e3o de Popping Boba normalmente varia de 15 a 30 dias para o menor modelo. No entanto, para obter um prazo de entrega preciso e atender \u00e0s suas necessidades espec\u00edficas, \u00e9 melhor consultar nossa equipe de vendas no momento do pedido.<\/p>\n<p><strong>P: Como devo fazer a manuten\u00e7\u00e3o da m\u00e1quina para garantir sua longevidade e desempenho ideal?<\/strong><\/p>\n<p>R: Fornecemos um manual de manuten\u00e7\u00e3o detalhado com cada compra de m\u00e1quina. Este manual inclui instru\u00e7\u00f5es sobre opera\u00e7\u00e3o di\u00e1ria, manuten\u00e7\u00e3o de rotina e diretrizes para lidar com problemas comuns. A manuten\u00e7\u00e3o adequada n\u00e3o apenas estende a vida \u00fatil da sua m\u00e1quina, mas tamb\u00e9m garante qualidade consistente do produto.<\/p>\n<p><strong>P: Que tipo de suporte posso esperar ap\u00f3s a compra?<\/strong><\/p>\n<p>R: Nosso compromisso com a satisfa\u00e7\u00e3o do cliente vai al\u00e9m da venda. Oferecemos suporte cont\u00ednuo, incluindo acesso ao nosso centro de pe\u00e7as 24 horas por dia, 7 dias por semana, design de layout de f\u00e1brica gratuito, amostras de formas personalizadas e consultas de design de produtos e m\u00e1quinas. Tamb\u00e9m convidamos voc\u00ea a fazer um tour pela nossa f\u00e1brica para ver nossas capacidades de produ\u00e7\u00e3o em primeira m\u00e3o.<\/p>\n<p><strong>P: Existe alguma garantia para a linha de produ\u00e7\u00e3o de Popping Boba?<\/strong><\/p>\n<p>R: Sim, nossas m\u00e1quinas v\u00eam com garantias padr\u00e3o da ind\u00fastria para lhe dar paz de esp\u00edrito. Al\u00e9m disso, nossa equipe de servi\u00e7o p\u00f3s-venda est\u00e1 sempre pronta para ajudar com quaisquer perguntas ou preocupa\u00e7\u00f5es que possam surgir.<\/p>","protected":false},"excerpt":{"rendered":"<div class=\"content-style\">\n<ul>\n<li>Servodrive e controle PLC<\/li>\n<li>Tamanho ajust\u00e1vel de 3mm-40mm<\/li>\n<li>F\u00f3rmula e suporte para testes<\/li>\n<li>Sistema de circula\u00e7\u00e3o<\/li>\n<li>Sistema de esteriliza\u00e7\u00e3o<\/li>\n<li>Sistema de embalagem cont\u00ednua<\/li>\n<li>Suporte de tecnologia 24 horas<\/li>\n<li>Manuten\u00e7\u00e3o anual<\/li>\n<li>instala\u00e7\u00e3o ultramarina<\/li>\n<\/ul>\n<\/div>","protected":false},"featured_media":1792,"comment_status":"closed","ping_status":"closed","template":"","meta":[],"product_brand":[],"product_cat":[18],"product_tag":[31,30,29],"class_list":{"0":"post-1537","1":"product","2":"type-product","3":"status-publish","4":"has-post-thumbnail","6":"product_cat-popping-boba-machine","7":"product_tag-cleaning-system","8":"product_tag-depositor","9":"product_tag-popping-boba-machine","11":"first","12":"instock","13":"shipping-taxable","14":"product-type-simple"},"_links":{"self":[{"href":"https:\/\/www.jymachinetech.com\/pt\/wp-json\/wp\/v2\/product\/1537","targetHints":{"allow":["GET"]}}],"collection":[{"href":"https:\/\/www.jymachinetech.com\/pt\/wp-json\/wp\/v2\/product"}],"about":[{"href":"https:\/\/www.jymachinetech.com\/pt\/wp-json\/wp\/v2\/types\/product"}],"replies":[{"embeddable":true,"href":"https:\/\/www.jymachinetech.com\/pt\/wp-json\/wp\/v2\/comments?post=1537"}],"version-history":[{"count":1,"href":"https:\/\/www.jymachinetech.com\/pt\/wp-json\/wp\/v2\/product\/1537\/revisions"}],"predecessor-version":[{"id":7191,"href":"https:\/\/www.jymachinetech.com\/pt\/wp-json\/wp\/v2\/product\/1537\/revisions\/7191"}],"wp:featuredmedia":[{"embeddable":true,"href":"https:\/\/www.jymachinetech.com\/pt\/wp-json\/wp\/v2\/media\/1792"}],"wp:attachment":[{"href":"https:\/\/www.jymachinetech.com\/pt\/wp-json\/wp\/v2\/media?parent=1537"}],"wp:term":[{"taxonomy":"product_brand","embeddable":true,"href":"https:\/\/www.jymachinetech.com\/pt\/wp-json\/wp\/v2\/product_brand?post=1537"},{"taxonomy":"product_cat","embeddable":true,"href":"https:\/\/www.jymachinetech.com\/pt\/wp-json\/wp\/v2\/product_cat?post=1537"},{"taxonomy":"product_tag","embeddable":true,"href":"https:\/\/www.jymachinetech.com\/pt\/wp-json\/wp\/v2\/product_tag?post=1537"}],"curies":[{"name":"wp","href":"https:\/\/api.w.org\/{rel}","templated":true}]}}