{"id":1504,"date":"2021-12-23T09:32:07","date_gmt":"2021-12-23T09:32:07","guid":{"rendered":"https:\/\/www.jymachinetech.com\/?post_type=product&#038;p=1504"},"modified":"2025-07-25T05:59:01","modified_gmt":"2025-07-25T05:59:01","slug":"chocolate-holding-tank","status":"publish","type":"product","link":"https:\/\/www.jymachinetech.com\/pt\/product\/chocolate-holding-tank\/","title":{"rendered":"Tanque de reten\u00e7\u00e3o de chocolate | Tanque de armazenamento de chocolate em a\u00e7o inoxid\u00e1vel"},"content":{"rendered":"<h2>Tanque de reten\u00e7\u00e3o de chocolate: O cora\u00e7\u00e3o de sua linha de produ\u00e7\u00e3o de chocolate<\/h2>\n<p><strong>Resumo do Produto:<\/strong> O tanque de reten\u00e7\u00e3o de chocolate \u00e9 um componente essencial de qualquer linha de produ\u00e7\u00e3o de chocolate, projetado para reter e gerenciar a massa de chocolate com precis\u00e3o e efici\u00eancia. Seus recursos avan\u00e7ados garantem que seu chocolate mantenha as condi\u00e7\u00f5es ideais durante todo o processo de produ\u00e7\u00e3o.<\/p>\n<p><iframe title=\"M\u00e1quina de fabrica\u00e7\u00e3o e dep\u00f3sito de moedas de ouro e chocolate com m\u00e1quina de embalagem e empacotamento de folhas\" width=\"800\" height=\"600\" src=\"https:\/\/www.youtube.com\/embed\/Ze1rulkC0ns?list=PLkC9Irp2ZdYa4PmOAcxqLj_5W7hqWV4Cb\" frameborder=\"0\" allow=\"accelerometer; autoplay; clipboard-write; encrypted-media; gyroscope; picture-in-picture; web-share\" referrerpolicy=\"strict-origin-when-cross-origin\" allowfullscreen><\/iframe><\/p>\n<h2><strong>Principais vantagens:<\/strong><\/h2>\n<ul>\n<li><strong>Alta efici\u00eancia:<\/strong> O tanque foi projetado para lidar com grandes volumes de massa de chocolate, garantindo alto rendimento e tempo m\u00ednimo de inatividade.<\/li>\n<li><strong>F\u00e1cil opera\u00e7\u00e3o:<\/strong> Os controles f\u00e1ceis de usar permitem uma opera\u00e7\u00e3o perfeita, com configura\u00e7\u00f5es intuitivas para gerenciar a massa de chocolate.<\/li>\n<li><strong>Manuten\u00e7\u00e3o conveniente:<\/strong> O design do tanque permite f\u00e1cil acesso a todas as pe\u00e7as, simplificando as rotinas de limpeza e manuten\u00e7\u00e3o.<\/li>\n<li><strong>Componentes el\u00e9tricos premium:<\/strong> Equipado com componentes el\u00e9tricos de marcas importadas, o tanque garante confiabilidade e longevidade.<\/li>\n<li><strong>Constru\u00e7\u00e3o em a\u00e7o inoxid\u00e1vel:<\/strong> O uso de a\u00e7o inoxid\u00e1vel n\u00e3o apenas proporciona uma vida \u00fatil mais longa, mas tamb\u00e9m est\u00e1 em conformidade com os padr\u00f5es de seguran\u00e7a alimentar.<\/li>\n<li><strong>Agita\u00e7\u00e3o cont\u00ednua:<\/strong> O tanque possui um sistema de agita\u00e7\u00e3o cont\u00ednua que evita que a massa de chocolate se assente ou se separe.<\/li>\n<li><strong>Controle do termostato:<\/strong> O gerenciamento preciso da temperatura \u00e9 obtido por meio de um painel de controle f\u00e1cil de usar, garantindo que a massa de chocolate seja mantida na temperatura ideal para o processamento.<\/li>\n<\/ul>\n<h2><strong>Destaques t\u00e9cnicos:<\/strong><\/h2>\n<ul>\n<li><strong>Sistema de agita\u00e7\u00e3o:<\/strong>\u00a0Garante a mistura uniforme e evita a forma\u00e7\u00e3o de bolhas de ar ou grumos.<\/li>\n<li><strong>Uniformidade de temperatura:<\/strong>\u00a0Mant\u00e9m a temperatura consistente em todo o tanque, o que \u00e9 crucial para a qualidade do chocolate.<\/li>\n<li><strong>Projeto Sanit\u00e1rio:<\/strong>\u00a0Facilita a limpeza e atende aos rigorosos requisitos de higiene para o processamento de alimentos.<\/li>\n<li><strong>Capacidade personaliz\u00e1vel:<\/strong>\u00a0Dispon\u00edvel em v\u00e1rios tamanhos para atender \u00e0s necessidades de produ\u00e7\u00e3o de opera\u00e7\u00f5es de diferentes escalas.<\/li>\n<li><strong>Efici\u00eancia Energ\u00e9tica:<\/strong>\u00a0Projetado para consumir menos energia e manter o alto desempenho.<\/li>\n<\/ul>\n<h2><strong>Aplica\u00e7\u00f5es:<\/strong><\/h2>\n<ul>\n<li>Ideal para uso em f\u00e1bricas de chocolate, produ\u00e7\u00e3o de confeitos e fabrica\u00e7\u00e3o de chocolate artesanal.<\/li>\n<li>Perfeito para reter o chocolate antes da moldagem, da cobertura ou como parte de um processo cont\u00ednuo de produ\u00e7\u00e3o de confeitos.<\/li>\n<\/ul>\n<h2><strong>Suporte e servi\u00e7os ao cliente:<\/strong><\/h2>\n<ul>\n<li><strong>Instala\u00e7\u00e3o profissional:<\/strong>\u00a0Nossa equipe garante que o tanque seja instalado corretamente e integrado \u00e0 sua linha de produ\u00e7\u00e3o.<\/li>\n<li><strong>Treinamento abrangente:<\/strong>\u00a0Fornecemos treinamento completo aos operadores para garantir o uso eficiente e seguro do tanque.<\/li>\n<li><strong>Servi\u00e7o p\u00f3s-venda:<\/strong>\u00a0Oferecendo suporte r\u00e1pido e eficaz para quaisquer problemas operacionais.<\/li>\n<li><strong>Disponibilidade de pe\u00e7as de reposi\u00e7\u00e3o:<\/strong>\u00a0Garantir um fornecimento cont\u00ednuo de pe\u00e7as de reposi\u00e7\u00e3o para manuten\u00e7\u00e3o e reparos.<\/li>\n<\/ul>\n<h2><strong>Por que escolher nosso tanque de reten\u00e7\u00e3o de chocolate?<\/strong><\/h2>\n<ul>\n<li><strong>Qualidade e confiabilidade:<\/strong>\u00a0Constru\u00eddo com materiais e componentes de alta qualidade para um desempenho confi\u00e1vel.<\/li>\n<li><strong>Personaliza\u00e7\u00e3o:<\/strong>\u00a0Personalizado para atender aos requisitos espec\u00edficos de seu processo de produ\u00e7\u00e3o de chocolate.<\/li>\n<li><strong>Inova\u00e7\u00e3o:<\/strong>\u00a0Incorpora a mais recente tecnologia para manuseio e processamento eficientes de chocolate.<\/li>\n<li><strong>Apoiar:<\/strong>\u00a0Com o apoio de uma equipe de especialistas com ampla experi\u00eancia em equipamentos de produ\u00e7\u00e3o de chocolate.<\/li>\n<\/ul>\n<h2><strong>Fa\u00e7a uma cota\u00e7\u00e3o agora:<\/strong><\/h2>\n<p>Para obter pre\u00e7os personalizados e saber mais sobre como o nosso tanque de reten\u00e7\u00e3o de chocolate pode aprimorar seus recursos de produ\u00e7\u00e3o de chocolate, entre em contato conosco hoje mesmo.<\/p>\n<p><img fetchpriority=\"high\" decoding=\"async\" class=\"alignnone size-full wp-image-1507\" title=\"tanque de reten\u00e7\u00e3o de chocolate | tanque de armazenamento de chocolate em a\u00e7o inoxid\u00e1vel\" src=\"https:\/\/www.jymachinetech.com\/wp-content\/uploads\/2021\/12\/image_1616395883_Chocolate-holding-tank2.jpg\" alt=\"tanque de reten\u00e7\u00e3o de chocolate | tanque de armazenamento de chocolate em a\u00e7o inoxid\u00e1vel\" width=\"800\" height=\"580\" srcset=\"https:\/\/www.jymachinetech.com\/wp-content\/uploads\/2021\/12\/image_1616395883_Chocolate-holding-tank2.jpg 800w, https:\/\/www.jymachinetech.com\/wp-content\/uploads\/2021\/12\/image_1616395883_Chocolate-holding-tank2-18x12.jpg 18w, https:\/\/www.jymachinetech.com\/wp-content\/uploads\/2021\/12\/image_1616395883_Chocolate-holding-tank2-600x435.jpg 600w\" sizes=\"(max-width: 800px) 100vw, 800px\" \/><\/p>\n<p>&nbsp;<\/p>\n<div class=\"table-responsive\">\n<table style=\"width: 100%;\">\n<tbody>\n<tr>\n<td style=\"text-align: center;\">Modelo<\/td>\n<td style=\"text-align: center;\">30L<\/td>\n<td style=\"text-align: center;\">100L<\/td>\n<td style=\"text-align: center;\">500L<\/td>\n<td style=\"text-align: center;\">1000L<\/td>\n<td style=\"text-align: center;\">1500L<\/td>\n<td style=\"text-align: center;\">2000L<\/td>\n<\/tr>\n<tr>\n<td style=\"text-align: center;\">Capacidade m\u00e1xima (l)<\/td>\n<td style=\"text-align: center;\">30<\/td>\n<td style=\"text-align: center;\">100<\/td>\n<td style=\"text-align: center;\">500<\/td>\n<td style=\"text-align: center;\">1000<\/td>\n<td style=\"text-align: center;\">1500<\/td>\n<td style=\"text-align: center;\">2000<\/td>\n<\/tr>\n<tr>\n<td style=\"text-align: center;\">Velocidade de rota\u00e7\u00e3o (rpm)<\/td>\n<td style=\"text-align: center;\">22.5<\/td>\n<td style=\"text-align: center;\">22.5<\/td>\n<td style=\"text-align: center;\">22.5<\/td>\n<td style=\"text-align: center;\">22.5<\/td>\n<td style=\"text-align: center;\">22.5<\/td>\n<td style=\"text-align: center;\">22.5<\/td>\n<\/tr>\n<tr>\n<td style=\"text-align: center;\">Pot\u00eancia do motor principal (kw)<\/td>\n<td style=\"text-align: center;\">0.37<\/td>\n<td style=\"text-align: center;\">0.75<\/td>\n<td style=\"text-align: center;\">1.1<\/td>\n<td style=\"text-align: center;\">1.5<\/td>\n<td style=\"text-align: center;\">1.5~5<\/td>\n<td style=\"text-align: center;\">1.5~5<\/td>\n<\/tr>\n<tr>\n<td style=\"text-align: center;\">Pot\u00eancia de aquecimento el\u00e9trico (kw)<\/td>\n<td style=\"text-align: center;\">1<\/td>\n<td style=\"text-align: center;\">2.5<\/td>\n<td style=\"text-align: center;\">5<\/td>\n<td style=\"text-align: center;\">7.5<\/td>\n<td style=\"text-align: center;\">7.5~15<\/td>\n<td style=\"text-align: center;\">7.5~15<\/td>\n<\/tr>\n<tr>\n<td style=\"text-align: center;\">Pot\u00eancia de reten\u00e7\u00e3o de calor (kw)<\/td>\n<td style=\"text-align: center;\">1<\/td>\n<td style=\"text-align: center;\">2.5<\/td>\n<td style=\"text-align: center;\">2.5<\/td>\n<td style=\"text-align: center;\">2.5<\/td>\n<td style=\"text-align: center;\">2.5~5<\/td>\n<td style=\"text-align: center;\">2.5~5<\/td>\n<\/tr>\n<\/tbody>\n<\/table>\n<\/div>","protected":false},"excerpt":{"rendered":"<p>O tanque de reten\u00e7\u00e3o de chocolate \u00e9 uma etapa crucial na produ\u00e7\u00e3o de chocolate \u2013 entre a t\u00eampera e a fase final de moldagem. Se voc\u00ea quiser chocolates delicadamente moldados, o chocolate deve ser mantido na consist\u00eancia e temperatura corretas.<\/p>","protected":false},"featured_media":1506,"comment_status":"closed","ping_status":"closed","template":"","meta":[],"product_brand":[],"product_cat":[17],"product_tag":[],"class_list":{"0":"post-1504","1":"product","2":"type-product","3":"status-publish","4":"has-post-thumbnail","6":"product_cat-chocolate-machine","8":"first","9":"instock","10":"shipping-taxable","11":"product-type-simple"},"_links":{"self":[{"href":"https:\/\/www.jymachinetech.com\/pt\/wp-json\/wp\/v2\/product\/1504","targetHints":{"allow":["GET"]}}],"collection":[{"href":"https:\/\/www.jymachinetech.com\/pt\/wp-json\/wp\/v2\/product"}],"about":[{"href":"https:\/\/www.jymachinetech.com\/pt\/wp-json\/wp\/v2\/types\/product"}],"replies":[{"embeddable":true,"href":"https:\/\/www.jymachinetech.com\/pt\/wp-json\/wp\/v2\/comments?post=1504"}],"version-history":[{"count":1,"href":"https:\/\/www.jymachinetech.com\/pt\/wp-json\/wp\/v2\/product\/1504\/revisions"}],"predecessor-version":[{"id":7194,"href":"https:\/\/www.jymachinetech.com\/pt\/wp-json\/wp\/v2\/product\/1504\/revisions\/7194"}],"wp:featuredmedia":[{"embeddable":true,"href":"https:\/\/www.jymachinetech.com\/pt\/wp-json\/wp\/v2\/media\/1506"}],"wp:attachment":[{"href":"https:\/\/www.jymachinetech.com\/pt\/wp-json\/wp\/v2\/media?parent=1504"}],"wp:term":[{"taxonomy":"product_brand","embeddable":true,"href":"https:\/\/www.jymachinetech.com\/pt\/wp-json\/wp\/v2\/product_brand?post=1504"},{"taxonomy":"product_cat","embeddable":true,"href":"https:\/\/www.jymachinetech.com\/pt\/wp-json\/wp\/v2\/product_cat?post=1504"},{"taxonomy":"product_tag","embeddable":true,"href":"https:\/\/www.jymachinetech.com\/pt\/wp-json\/wp\/v2\/product_tag?post=1504"}],"curies":[{"name":"wp","href":"https:\/\/api.w.org\/{rel}","templated":true}]}}