{"id":15,"date":"2025-07-09T05:49:59","date_gmt":"2025-07-09T05:49:59","guid":{"rendered":"https:\/\/www.jymachinetech.com\/?post_type=product&#038;p=15"},"modified":"2025-09-10T13:45:58","modified_gmt":"2025-09-10T13:45:58","slug":"biscuit-production-line","status":"publish","type":"product","link":"https:\/\/www.jymachinetech.com\/pt\/product\/biscuit-production-line\/","title":{"rendered":"Linha de produ\u00e7\u00e3o de biscoitos"},"content":{"rendered":"<p data-pm-slice=\"1 1 []\">A Jun Yu fornece um <a href=\"https:\/\/www.jymachinetech.com\/pt\/product\/biscuit-production-line\/\" target=\"_blank\"><strong>linha de produ\u00e7\u00e3o de biscoitos<\/strong><\/a> adaptados \u00e0s suas necessidades. Voc\u00ea pode pesquisar produtos relacionados e iniciar consultas em nosso site.<\/p>\n<p>@jymachinetech - Seja no processamento de mat\u00e9ria-prima ou na embalagem, ou no consumo de energia, ou em equipamentos simples ou totalmente autom\u00e1ticos, nossos <a href=\"https:\/\/www.jymachinetech.com\/pt\/product\/biscuit-production-line\/\" target=\"_blank\">linha de produ\u00e7\u00e3o de biscoitos<\/a> As solu\u00e7\u00f5es s\u00e3o fornecidas com suporte a projetos turnkey, design humanizado e um esquema de cota\u00e7\u00e3o razo\u00e1vel, incluindo op\u00e7\u00f5es de valor agregado.<\/p>\n<p>&nbsp;<\/p>\n<p><iframe title=\"Junyu m\u00e1quina de biscoito digestivo biscoito biscoito m\u00e1quina de fazer linha de produ\u00e7\u00e3o de biscoito equipamento\" width=\"800\" height=\"450\" src=\"https:\/\/www.youtube.com\/embed\/7ERXsv8bDJg?feature=oembed\" frameborder=\"0\" allow=\"accelerometer; autoplay; clipboard-write; encrypted-media; gyroscope; picture-in-picture; web-share\" referrerpolicy=\"strict-origin-when-cross-origin\" allowfullscreen><\/iframe><\/p>\n<h2 data-pm-slice=\"1 3 []\"><a href=\"https:\/\/www.jymachinetech.com\/pt\/product\/biscuit-production-line\/\" target=\"_blank\">Linha de produ\u00e7\u00e3o de biscoitos<\/a>: Vantagens da m\u00e1quina<\/h2>\n<p>Nosso <a href=\"https:\/\/www.jymachinetech.com\/pt\/essential-insights-into-biscuit-production-line-efficiency-and-design\/\" target=\"_blank\"><strong>linha de produ\u00e7\u00e3o de biscoitos<\/strong><\/a> oferece desempenho confi\u00e1vel e automa\u00e7\u00e3o inteligente para as necessidades de cozimento em larga escala.<\/p>\n<ul>\n<li>Desenhos da equipe de design alem\u00e3<\/li>\n<li>Rolo duplo para Rotary Molder com impress\u00e3o e corte<\/li>\n<li>Corre\u00e7\u00e3o autom\u00e1tica de desvio do sistema de transporte<\/li>\n<li>Espessura de massa mais ajust\u00e1vel<\/li>\n<li>Baixa taxa de danos, evitando efetivamente o desperd\u00edcio de mat\u00e9rias-primas, ajudando a reduzir o desperd\u00edcio e a melhorar a efici\u00eancia dos custos<\/li>\n<li>O forno tem 2-5 zonas de temperatura, o que \u00e9 mais conveniente para ajustar<\/li>\n<li>Novo design do ciclo do forno, mais economia de energia<\/li>\n<li>Material de isolamento t\u00e9rmico natural, cuidado com a sa\u00fade dos usu\u00e1rios<\/li>\n<li>Mais de 20 engenheiros com muitas experi\u00eancias de instala\u00e7\u00e3o no exterior<\/li>\n<li>F\u00f3rmula dispon\u00edvel para cada cliente<\/li>\n<li>Tempo de espera r\u00e1pido<\/li>\n<li>Tecnologia de suporte on-line dentro de 24 horas<\/li>\n<li>Manuten\u00e7\u00e3o anual<\/li>\n<li>Todas as pe\u00e7as el\u00e9tricas est\u00e3o usando as marcas internacionais para uma vida \u00fatil mais longa<\/li>\n<li>As m\u00e1quinas automatizam v\u00e1rios est\u00e1gios da fabrica\u00e7\u00e3o de biscoitos, garantindo qualidade e produtividade consistentes<\/li>\n<li>Design com totalmente autom\u00e1tico\/semi-autom\u00e1tico com base no seu or\u00e7amento<\/li>\n<li>Pode ser configurado como autom\u00e1tico <a href=\"https:\/\/www.jymachinetech.com\/pt\/essential-insights-into-biscuit-production-line-efficiency-and-design\/\" target=\"_blank\">linha de produ\u00e7\u00e3o de biscoitos<\/a> para m\u00e1xima automa\u00e7\u00e3o e efici\u00eancia<\/li>\n<li>Layout de design de acordo com o espa\u00e7o da f\u00e1brica dos clientes<\/li>\n<li>Forne\u00e7a formas personalizadas para diferentes moldes de biscoito<\/li>\n<li>Equipamentos adicionais, como moldes, cortadores e sistemas de embalagem dispon\u00edveis para <a title=\"A melhor linha de produ\u00e7\u00e3o de bolos: Aumentando a efici\u00eancia e a qualidade\" href=\"https:\/\/www.jymachinetech.com\/pt\/the-best-cake-production-line-enhancing-efficiency-and-quality\/\" data-wpil-monitor-id=\"75\" target=\"_blank\">aprimorar a linha de produ\u00e7\u00e3o<\/a> funcionalidade<\/li>\n<li>Dobragem em forma de R e revestimento de jateamento \u00e0 prova d&#039;\u00e1gua para uso mais longo<\/li>\n<li>Pe\u00e7as el\u00e9tricas com marcas internacionais para maior vida \u00fatil<\/li>\n<li>Sinais de aviso de pe\u00e7as ocultas e prote\u00e7\u00e3o para uso seguro<\/li>\n<li>Os recursos de automa\u00e7\u00e3o ajudam a minimizar o trabalho manual e os erros humanos, aumentando a seguran\u00e7a e a efici\u00eancia<\/li>\n<li>Controle de temperatura separadamente<\/li>\n<li>Sistemas de controle avan\u00e7ados para automa\u00e7\u00e3o e gerenciamento preciso de processos<\/li>\n<li>Sob o certificado CE, e atingindo os padr\u00f5es GMP<\/li>\n<\/ul>\n<h2 data-pm-slice=\"1 1 []\">Introdu\u00e7\u00e3o \u00e0 produ\u00e7\u00e3o de biscoitos<\/h2>\n<p>A produ\u00e7\u00e3o de biscoitos em grande escala depende de linhas de produ\u00e7\u00e3o avan\u00e7adas projetadas especificamente para o setor de processamento de alimentos. Uma moderna <a href=\"https:\/\/www.jymachinetech.com\/pt\/essential-insights-into-biscuit-production-line-efficiency-and-design\/\" target=\"_blank\">linha de produ\u00e7\u00e3o de biscoitos<\/a> consiste em v\u00e1rios est\u00e1gios integrados, incluindo mistura de massa, forma\u00e7\u00e3o de massa, cozimento e embalagem. Esses est\u00e1gios s\u00e3o apoiados por m\u00e1quinas e equipamentos de \u00faltima gera\u00e7\u00e3o, todos trabalhando juntos para maximizar <a title=\"2025 Top Gummy Candy Machine para uma produ\u00e7\u00e3o eficiente e resultados de qualidade\" href=\"https:\/\/www.jymachinetech.com\/pt\/2025-top-gummy-candy-machine-for-efficient-production-and-quality-results\/\" data-wpil-monitor-id=\"101\" target=\"_blank\">efici\u00eancia de produ\u00e7\u00e3o e garantia de qualidade consistente do produto<\/a>. Os principais fabricantes do setor oferecem uma variedade de <a href=\"https:\/\/www.jymachinetech.com\/pt\/essential-insights-into-biscuit-production-line-efficiency-and-design\/\" target=\"_blank\">linhas de produ\u00e7\u00e3o de biscoitos<\/a> As linhas de produ\u00e7\u00e3o de biscoitos s\u00e3o personalizadas para atender a requisitos de produ\u00e7\u00e3o espec\u00edficos, permitindo que as empresas produzam grandes volumes de biscoitos e, ao mesmo tempo, mantenham padr\u00f5es de qualidade rigorosos. Ao utilizar essas linhas completas, os fabricantes podem produzir com efici\u00eancia uma ampla gama de produtos de biscoito para atender \u00e0 demanda do mercado.<\/p>\n<h2><em><strong><span style=\"vertical-align: inherit;\"><span style=\"vertical-align: inherit;\">Que tipo de biscoito\u00a0 <\/span><\/span><\/strong><\/em><span lang=\"EN-US\"><em><strong><span style=\"vertical-align: inherit;\"><span style=\"vertical-align: inherit;\">pode ser feito por este <a href=\"https:\/\/www.jymachinetech.com\/pt\/product\/biscuit-production-line\/\" target=\"_blank\">linha de produ\u00e7\u00e3o de biscoitos<\/a>?<\/span><\/span><\/strong><\/em><br \/>\n<\/span><\/h2>\n<p data-pm-slice=\"1 1 []\">Essa linha de produ\u00e7\u00e3o foi projetada para produzir uma sele\u00e7\u00e3o diversificada de tipos de biscoitos, incluindo biscoitos de massa macia, biscoitos duros, biscoitos para sandu\u00edche e crackers. Independentemente de suas necessidades de produ\u00e7\u00e3o se concentrarem em biscoitos duros tradicionais ou em receitas inovadoras de massa macia, a linha pode ser personalizada para lidar com v\u00e1rias formula\u00e7\u00f5es e formatos. Com equipamentos flex\u00edveis e configura\u00e7\u00f5es ajust\u00e1veis, os fabricantes podem alternar facilmente entre diferentes tipos de biscoitos, aumentando a capacidade de produ\u00e7\u00e3o e expandindo sua linha de produtos. Essa versatilidade faz com que a <a href=\"https:\/\/www.jymachinetech.com\/pt\/essential-insights-into-biscuit-production-line-efficiency-and-design\/\" target=\"_blank\">linha de produ\u00e7\u00e3o de biscoitos<\/a> uma solu\u00e7\u00e3o ideal para empresas que desejam produzir diversas variedades de biscoitos e atender \u00e0s crescentes prefer\u00eancias dos consumidores.<\/p>\n<p><img fetchpriority=\"high\" decoding=\"async\" class=\"alignnone size-large wp-image-41\" title=\"f\u00e1brica de linha de produ\u00e7\u00e3o autom\u00e1tica de biscoitos\" src=\"https:\/\/www.jymachinetech.com\/wp-content\/uploads\/2021\/12\/Automatic-biscuit-production-line-10-1024x262.png\" alt=\"f\u00e1brica de linha de produ\u00e7\u00e3o autom\u00e1tica de biscoitos\" width=\"750\" height=\"192\" \/><\/p>\n<p><img decoding=\"async\" class=\"alignnone size-large wp-image-40\" title=\"f\u00e1brica de linha de produ\u00e7\u00e3o autom\u00e1tica de biscoitos\" src=\"https:\/\/www.jymachinetech.com\/wp-content\/uploads\/2021\/12\/Automatic-biscuit-production-line-9-1-1024x266.png\" alt=\"f\u00e1brica de linha de produ\u00e7\u00e3o autom\u00e1tica de biscoitos\" width=\"750\" height=\"195\" \/><\/p>\n<p><span lang=\"EN-US\"><span style=\"vertical-align: inherit;\"><span style=\"vertical-align: inherit;\">Projetamos o melhor layout de acordo com o espa\u00e7o da sua f\u00e1brica e equipamos as m\u00e1quinas mais adequadas para fazer seus biscoitos ideais.<\/span><\/span><\/span><\/p>\n<p>&nbsp;<\/p>\n<h2><em><strong><span lang=\"EN-US\"><span style=\"vertical-align: inherit;\"><span style=\"vertical-align: inherit;\">Todo o processo para linha de produ\u00e7\u00e3o autom\u00e1tica completa de biscoitos, biscoitos e biscoitos<\/span><\/span><\/span><\/strong><\/em><\/h2>\n<h3><span style=\"vertical-align: inherit;\"><span style=\"vertical-align: inherit;\">Misturador de massa<\/span><\/span><\/h3>\n<p><img decoding=\"async\" class=\"alignnone size-full wp-image-29\" title=\"f\u00e1brica de linha de produ\u00e7\u00e3o autom\u00e1tica de biscoitos\" src=\"https:\/\/www.jymachinetech.com\/wp-content\/uploads\/2021\/12\/Automatic-biscuit-production-line-14.jpg\" alt=\"f\u00e1brica de linha de produ\u00e7\u00e3o autom\u00e1tica de biscoitos\" width=\"720\" height=\"818\" srcset=\"https:\/\/www.jymachinetech.com\/wp-content\/uploads\/2021\/12\/Automatic-biscuit-production-line-14.jpg 720w, https:\/\/www.jymachinetech.com\/wp-content\/uploads\/2021\/12\/Automatic-biscuit-production-line-14-11x12.jpg 11w, https:\/\/www.jymachinetech.com\/wp-content\/uploads\/2021\/12\/Automatic-biscuit-production-line-14-600x682.jpg 600w\" sizes=\"(max-width: 720px) 100vw, 720px\" \/><\/p>\n<h3><span style=\"vertical-align: inherit;\"><span style=\"vertical-align: inherit;\">M\u00e1quina de alimenta\u00e7\u00e3o de massa<\/span><\/span><\/h3>\n<p><img loading=\"lazy\" decoding=\"async\" class=\"alignnone size-full wp-image-25\" title=\"f\u00e1brica de linha de produ\u00e7\u00e3o autom\u00e1tica de biscoitos\" src=\"https:\/\/www.jymachinetech.com\/wp-content\/uploads\/2021\/12\/Automatic-biscuit-production-line-10.jpg\" alt=\"f\u00e1brica de linha de produ\u00e7\u00e3o autom\u00e1tica de biscoitos\" width=\"800\" height=\"450\" srcset=\"https:\/\/www.jymachinetech.com\/wp-content\/uploads\/2021\/12\/Automatic-biscuit-production-line-10.jpg 800w, https:\/\/www.jymachinetech.com\/wp-content\/uploads\/2021\/12\/Automatic-biscuit-production-line-10-18x10.jpg 18w, https:\/\/www.jymachinetech.com\/wp-content\/uploads\/2021\/12\/Automatic-biscuit-production-line-10-600x338.jpg 600w\" sizes=\"(max-width: 800px) 100vw, 800px\" \/><\/p>\n<h3><span style=\"vertical-align: inherit;\"><span style=\"vertical-align: inherit;\">Transportador de levantamento de massa<\/span><\/span><\/h3>\n<p><img loading=\"lazy\" decoding=\"async\" class=\"alignnone size-large wp-image-26\" title=\"f\u00e1brica de linha de produ\u00e7\u00e3o autom\u00e1tica de biscoitos\" src=\"https:\/\/www.jymachinetech.com\/wp-content\/uploads\/2021\/12\/Automatic-biscuit-production-line-11-768x1024.jpg\" alt=\"f\u00e1brica de linha de produ\u00e7\u00e3o autom\u00e1tica de biscoitos\" width=\"750\" height=\"1000\" \/><\/p>\n<p>&nbsp;<\/p>\n<h3><span style=\"vertical-align: inherit;\"><span style=\"vertical-align: inherit;\">Forma\u00e7\u00e3o de folhas de rolo<\/span><\/span><\/h3>\n<p><img loading=\"lazy\" decoding=\"async\" class=\"alignnone size-full wp-image-60\" title=\"f\u00e1brica de linha de produ\u00e7\u00e3o autom\u00e1tica de biscoitos\" src=\"https:\/\/www.jymachinetech.com\/wp-content\/uploads\/2021\/12\/Automatic-biscuit-production-line-8-1.jpg\" alt=\"f\u00e1brica de linha de produ\u00e7\u00e3o autom\u00e1tica de biscoitos\" width=\"800\" height=\"422\" srcset=\"https:\/\/www.jymachinetech.com\/wp-content\/uploads\/2021\/12\/Automatic-biscuit-production-line-8-1.jpg 800w, https:\/\/www.jymachinetech.com\/wp-content\/uploads\/2021\/12\/Automatic-biscuit-production-line-8-1-18x9.jpg 18w, https:\/\/www.jymachinetech.com\/wp-content\/uploads\/2021\/12\/Automatic-biscuit-production-line-8-1-600x317.jpg 600w\" sizes=\"(max-width: 800px) 100vw, 800px\" \/><\/p>\n<h3><span style=\"vertical-align: inherit;\"><span style=\"vertical-align: inherit;\">Moldadora rotativa para forma\u00e7\u00e3o de biscoitos duros<\/span><\/span><\/h3>\n<p><img loading=\"lazy\" decoding=\"async\" class=\"alignnone size-full wp-image-32\" title=\"f\u00e1brica de linha de produ\u00e7\u00e3o autom\u00e1tica de biscoitos\" src=\"https:\/\/www.jymachinetech.com\/wp-content\/uploads\/2021\/12\/Automatic-biscuit-production-line-1-1.jpg\" alt=\"f\u00e1brica de linha de produ\u00e7\u00e3o autom\u00e1tica de biscoitos\" width=\"958\" height=\"539\" srcset=\"https:\/\/www.jymachinetech.com\/wp-content\/uploads\/2021\/12\/Automatic-biscuit-production-line-1-1.jpg 958w, https:\/\/www.jymachinetech.com\/wp-content\/uploads\/2021\/12\/Automatic-biscuit-production-line-1-1-18x10.jpg 18w, https:\/\/www.jymachinetech.com\/wp-content\/uploads\/2021\/12\/Automatic-biscuit-production-line-1-1-600x338.jpg 600w\" sizes=\"(max-width: 958px) 100vw, 958px\" \/><\/p>\n<h3><span style=\"vertical-align: inherit;\"><span style=\"vertical-align: inherit;\">Moldadora rotativa para moldagem de biscoitos macios<\/span><\/span><\/h3>\n<p><img loading=\"lazy\" decoding=\"async\" class=\"alignnone size-full wp-image-33\" title=\"f\u00e1brica de linha de produ\u00e7\u00e3o autom\u00e1tica de biscoitos\" src=\"https:\/\/www.jymachinetech.com\/wp-content\/uploads\/2021\/12\/Automatic-biscuit-production-line-2-1.jpg\" alt=\"f\u00e1brica de linha de produ\u00e7\u00e3o autom\u00e1tica de biscoitos\" width=\"800\" height=\"600\" srcset=\"https:\/\/www.jymachinetech.com\/wp-content\/uploads\/2021\/12\/Automatic-biscuit-production-line-2-1.jpg 800w, https:\/\/www.jymachinetech.com\/wp-content\/uploads\/2021\/12\/Automatic-biscuit-production-line-2-1-16x12.jpg 16w, https:\/\/www.jymachinetech.com\/wp-content\/uploads\/2021\/12\/Automatic-biscuit-production-line-2-1-600x450.jpg 600w\" sizes=\"(max-width: 800px) 100vw, 800px\" \/><\/p>\n<h3><span style=\"vertical-align: inherit;\"><span style=\"vertical-align: inherit;\">Forno de assar<\/span><\/span><\/h3>\n<p><img loading=\"lazy\" decoding=\"async\" class=\"alignnone size-full wp-image-34\" title=\"f\u00e1brica de linha de produ\u00e7\u00e3o autom\u00e1tica de biscoitos\" src=\"https:\/\/www.jymachinetech.com\/wp-content\/uploads\/2021\/12\/Automatic-biscuit-production-line-3-1.png\" alt=\"f\u00e1brica de linha de produ\u00e7\u00e3o autom\u00e1tica de biscoitos\" width=\"800\" height=\"467\" srcset=\"https:\/\/www.jymachinetech.com\/wp-content\/uploads\/2021\/12\/Automatic-biscuit-production-line-3-1.png 800w, https:\/\/www.jymachinetech.com\/wp-content\/uploads\/2021\/12\/Automatic-biscuit-production-line-3-1-18x12.png 18w, https:\/\/www.jymachinetech.com\/wp-content\/uploads\/2021\/12\/Automatic-biscuit-production-line-3-1-600x350.png 600w\" sizes=\"(max-width: 800px) 100vw, 800px\" \/><\/p>\n<ul>\n<li><span lang=\"EN-US\"><span style=\"vertical-align: inherit;\"><span style=\"vertical-align: inherit;\">Forno a g\u00e1s<\/span><\/span><\/span><\/li>\n<li><span style=\"vertical-align: inherit;\"><span style=\"vertical-align: inherit;\">Assar forno el\u00e9trico<\/span><\/span><\/li>\n<li><span style=\"vertical-align: inherit;\"><span style=\"vertical-align: inherit;\">Assar forno h\u00edbrido<\/span><\/span><\/li>\n<\/ul>\n<h3><span style=\"vertical-align: inherit;\"><span style=\"vertical-align: inherit;\">M\u00e1quina de pulveriza\u00e7\u00e3o de \u00f3leo<\/span><\/span><\/h3>\n<p><img loading=\"lazy\" decoding=\"async\" class=\"alignnone size-full wp-image-35\" title=\"f\u00e1brica de linha de produ\u00e7\u00e3o autom\u00e1tica de biscoitos\" src=\"https:\/\/www.jymachinetech.com\/wp-content\/uploads\/2021\/12\/Automatic-biscuit-production-line-4-1.jpg\" alt=\"f\u00e1brica de linha de produ\u00e7\u00e3o autom\u00e1tica de biscoitos\" width=\"800\" height=\"600\" srcset=\"https:\/\/www.jymachinetech.com\/wp-content\/uploads\/2021\/12\/Automatic-biscuit-production-line-4-1.jpg 800w, https:\/\/www.jymachinetech.com\/wp-content\/uploads\/2021\/12\/Automatic-biscuit-production-line-4-1-16x12.jpg 16w, https:\/\/www.jymachinetech.com\/wp-content\/uploads\/2021\/12\/Automatic-biscuit-production-line-4-1-600x450.jpg 600w\" sizes=\"(max-width: 800px) 100vw, 800px\" \/><\/p>\n<p>&nbsp;<\/p>\n<h3><span style=\"vertical-align: inherit;\"><span style=\"vertical-align: inherit;\">Transportador de resfriamento<\/span><\/span><\/h3>\n<p><img loading=\"lazy\" decoding=\"async\" class=\"alignnone size-large wp-image-20\" title=\"f\u00e1brica de linha de produ\u00e7\u00e3o autom\u00e1tica de biscoitos\" src=\"https:\/\/www.jymachinetech.com\/wp-content\/uploads\/2021\/12\/Automatic-biscuit-production-line-5-1024x768.jpg\" alt=\"f\u00e1brica de linha de produ\u00e7\u00e3o autom\u00e1tica de biscoitos\" width=\"750\" height=\"563\" \/><\/p>\n<h3><span style=\"vertical-align: inherit;\"><span style=\"vertical-align: inherit;\">M\u00e1quina de empilhar biscoitos<\/span><\/span><\/h3>\n<p><img loading=\"lazy\" decoding=\"async\" class=\"alignnone size-large wp-image-21\" title=\"f\u00e1brica de linha de produ\u00e7\u00e3o autom\u00e1tica de biscoitos\" src=\"https:\/\/www.jymachinetech.com\/wp-content\/uploads\/2021\/12\/Automatic-biscuit-production-line-6-768x1024.jpg\" alt=\"f\u00e1brica de linha de produ\u00e7\u00e3o autom\u00e1tica de biscoitos\" width=\"750\" height=\"1000\" \/><\/p>\n<h3><span style=\"vertical-align: inherit;\"><span style=\"vertical-align: inherit;\">M\u00e1quina de empacotar<\/span><\/span><\/h3>\n<p><img loading=\"lazy\" decoding=\"async\" class=\"alignnone size-full wp-image-38\" title=\"f\u00e1brica de linha de produ\u00e7\u00e3o autom\u00e1tica de biscoitos\" src=\"https:\/\/www.jymachinetech.com\/wp-content\/uploads\/2021\/12\/Automatic-biscuit-production-line-7-1.png\" alt=\"f\u00e1brica de linha de produ\u00e7\u00e3o autom\u00e1tica de biscoitos\" width=\"682\" height=\"376\" srcset=\"https:\/\/www.jymachinetech.com\/wp-content\/uploads\/2021\/12\/Automatic-biscuit-production-line-7-1.png 682w, https:\/\/www.jymachinetech.com\/wp-content\/uploads\/2021\/12\/Automatic-biscuit-production-line-7-1-18x10.png 18w, https:\/\/www.jymachinetech.com\/wp-content\/uploads\/2021\/12\/Automatic-biscuit-production-line-7-1-600x331.png 600w\" sizes=\"(max-width: 682px) 100vw, 682px\" \/><\/p>\n<h2 data-pm-slice=\"1 1 []\">Manuten\u00e7\u00e3o e reparo<\/h2>\n<p>Manter o desempenho m\u00e1ximo na produ\u00e7\u00e3o de biscoitos requer manuten\u00e7\u00e3o regular e reparo oportuno de todos os principais componentes, incluindo fornos de t\u00fanel e misturadores de massa. O estabelecimento de um cronograma de manuten\u00e7\u00e3o de rotina ajuda a evitar quebras inesperadas do equipamento, reduz o tempo de inatividade e aumenta a vida \u00fatil do maquin\u00e1rio. As inspe\u00e7\u00f5es regulares e a manuten\u00e7\u00e3o de equipamentos cr\u00edticos garantem que o <a title=\"Linha de produ\u00e7\u00e3o de biscoitos de massa dura superior para solu\u00e7\u00f5es eficientes de panifica\u00e7\u00e3o\" href=\"https:\/\/www.jymachinetech.com\/pt\/top-hard-dough-biscuit-production-line-for-efficient-baking-solutions\/\" data-wpil-monitor-id=\"100\" target=\"_blank\">a linha de produ\u00e7\u00e3o continua operando com efici\u00eancia<\/a>A produ\u00e7\u00e3o de biscoitos de alta qualidade com o m\u00ednimo de desperd\u00edcio. Os fabricantes tamb\u00e9m devem ter um plano claro para reparar ou substituir equipamentos conforme necess\u00e1rio, o que ajuda a controlar os custos de m\u00e3o de obra e a manter uma produ\u00e7\u00e3o consistente. Priorizar a manuten\u00e7\u00e3o e o reparo \u00e9 essencial para manter opera\u00e7\u00f5es de fabrica\u00e7\u00e3o de biscoitos eficientes e confi\u00e1veis.<\/p>","protected":false},"excerpt":{"rendered":"<div class=\"content-style\">\n<p><span style=\"vertical-align: inherit;\"><span style=\"vertical-align: inherit;\">Adequado para a maioria dos biscoitos de massa macia e massa dura<\/span><\/span><\/p>\n<\/div>","protected":false},"featured_media":53,"comment_status":"open","ping_status":"closed","template":"","meta":[],"product_brand":[],"product_cat":[15,95],"product_tag":[175,180,187,183,182,20,185,181,177,178,188,186,184,176,179],"class_list":{"0":"post-15","1":"product","2":"type-product","3":"status-publish","4":"has-post-thumbnail","6":"product_cat-bakery-equipment","7":"product_cat-biscuit-machine","8":"product_tag-automatic-biscuit-machine","9":"product_tag-biscuit-baking-oven","10":"product_tag-biscuit-cooling-conveyor","11":"product_tag-biscuit-forming-machine","12":"product_tag-biscuit-packaging-solution","13":"product_tag-biscuit-production-line","14":"product_tag-ce-certified-biscuit-machine","15":"product_tag-commercial-biscuit-machinery","16":"product_tag-cookie-production-line","17":"product_tag-cracker-manufacturing-equipment","18":"product_tag-customized-biscuit-molds","19":"product_tag-dough-mixer-for-biscuits","20":"product_tag-german-biscuit-machine-design","21":"product_tag-industrial-biscuit-making-machine","22":"product_tag-rotary-molder-for-biscuits","24":"first","25":"instock","26":"shipping-taxable","27":"product-type-simple"},"_links":{"self":[{"href":"https:\/\/www.jymachinetech.com\/pt\/wp-json\/wp\/v2\/product\/15","targetHints":{"allow":["GET"]}}],"collection":[{"href":"https:\/\/www.jymachinetech.com\/pt\/wp-json\/wp\/v2\/product"}],"about":[{"href":"https:\/\/www.jymachinetech.com\/pt\/wp-json\/wp\/v2\/types\/product"}],"replies":[{"embeddable":true,"href":"https:\/\/www.jymachinetech.com\/pt\/wp-json\/wp\/v2\/comments?post=15"}],"version-history":[{"count":10,"href":"https:\/\/www.jymachinetech.com\/pt\/wp-json\/wp\/v2\/product\/15\/revisions"}],"predecessor-version":[{"id":6827,"href":"https:\/\/www.jymachinetech.com\/pt\/wp-json\/wp\/v2\/product\/15\/revisions\/6827"}],"wp:featuredmedia":[{"embeddable":true,"href":"https:\/\/www.jymachinetech.com\/pt\/wp-json\/wp\/v2\/media\/53"}],"wp:attachment":[{"href":"https:\/\/www.jymachinetech.com\/pt\/wp-json\/wp\/v2\/media?parent=15"}],"wp:term":[{"taxonomy":"product_brand","embeddable":true,"href":"https:\/\/www.jymachinetech.com\/pt\/wp-json\/wp\/v2\/product_brand?post=15"},{"taxonomy":"product_cat","embeddable":true,"href":"https:\/\/www.jymachinetech.com\/pt\/wp-json\/wp\/v2\/product_cat?post=15"},{"taxonomy":"product_tag","embeddable":true,"href":"https:\/\/www.jymachinetech.com\/pt\/wp-json\/wp\/v2\/product_tag?post=15"}],"curies":[{"name":"wp","href":"https:\/\/api.w.org\/{rel}","templated":true}]}}