{"id":1471,"date":"2021-12-22T14:19:46","date_gmt":"2021-12-22T14:19:46","guid":{"rendered":"https:\/\/www.jymachinetech.com\/?post_type=product&#038;p=1471"},"modified":"2025-07-25T06:00:15","modified_gmt":"2025-07-25T06:00:15","slug":"caramel-candy-depositing-line","status":"publish","type":"product","link":"https:\/\/www.jymachinetech.com\/pt\/product\/caramel-candy-depositing-line\/","title":{"rendered":"Linha de deposi\u00e7\u00e3o de caramelo | m\u00e1quina de fazer doces"},"content":{"rendered":"<h2>Linha de Deposi\u00e7\u00e3o de Doces de Caramelo: Precis\u00e3o e Versatilidade na Fabrica\u00e7\u00e3o de Doces<\/h2>\n<p><strong>Resumo do Produto:<\/strong> Obtenha produ\u00e7\u00e3o de toffee e caramelo de alta qualidade com nossa linha de deposi\u00e7\u00e3o totalmente autom\u00e1tica, servoacionada e controlada por PLC. Este sistema de \u00faltima gera\u00e7\u00e3o foi projetado para criar uma variedade de formas e cores, incluindo recheios centrais de valor agregado, como chocolate e geleia.<\/p>\n<p><iframe title=\"Junyu equipamento de doces duros macios m\u00e1quina de fazer doces foffy m\u00e1quina de dep\u00f3sito de doces de caramelo\" width=\"800\" height=\"450\" src=\"https:\/\/www.youtube.com\/embed\/mR4k0quXfBw?feature=oembed\" frameborder=\"0\" allow=\"accelerometer; autoplay; clipboard-write; encrypted-media; gyroscope; picture-in-picture; web-share\" referrerpolicy=\"strict-origin-when-cross-origin\" allowfullscreen><\/iframe><\/p>\n<h2><strong>Principais recursos e benef\u00edcios:<\/strong><\/h2>\n<ul>\n<li><strong>Capacidades de personaliza\u00e7\u00e3o:<\/strong>\u00a0Crie caramelos de uma \u00fanica cor ou com recheio central usando moldes personaliz\u00e1veis de acordo com suas necessidades espec\u00edficas.<\/li>\n<li><strong>Sistema de controle avan\u00e7ado:<\/strong>\u00a0Equipado com um servo sistema para controle preciso sobre o processo de fabrica\u00e7\u00e3o de doces.<\/li>\n<li><strong>Componentes da linha completa:<\/strong>\u00a0Inclui um sistema autom\u00e1tico de pesagem e mistura (opcional), sistema de dissolu\u00e7\u00e3o por press\u00e3o, cozedor de doces de caramelo, depositador, t\u00fanel de resfriamento e muito mais.<\/li>\n<\/ul>\n<h2><strong>Especifica\u00e7\u00f5es t\u00e9cnicas:<\/strong><\/h2>\n<ul>\n<li><strong>Capacidade:<\/strong>\u00a0Capaz de produzir de 150 a 2.000 kg por hora, escal\u00e1vel para atender a diversas necessidades de produ\u00e7\u00e3o.<\/li>\n<li><strong>Flexibilidade de formato e tamanho:<\/strong>\u00a0Personalize o formato e o tamanho dos doces para atender \u00e0s demandas do seu mercado.<\/li>\n<li><strong>Op\u00e7\u00f5es de aquecimento:<\/strong>\u00a0Dispon\u00edvel com aquecimento el\u00e9trico ou aquecimento a vapor para se adequar ao seu ambiente de produ\u00e7\u00e3o.<\/li>\n<\/ul>\n<h2><strong>Aplica\u00e7\u00f5es:<\/strong><\/h2>\n<ul>\n<li>Ideal para fabricantes de doces que buscam produzir uma ampla variedade de balas de caramelo e toffee com diversos recheios e apresenta\u00e7\u00f5es.<\/li>\n<\/ul>\n<p>&nbsp;<\/p>\n<div class=\"table-responsive\">\n<table style=\"width: 500px;\" border=\"1\" cellspacing=\"1\" cellpadding=\"1\">\n<tbody>\n<tr>\n<td>Modelo<\/td>\n<td>JYT-150<\/td>\n<td>JYT-300<\/td>\n<td>JYT-450<\/td>\n<td>JYT-600<\/td>\n<td>JYT-1200<\/td>\n<\/tr>\n<tr>\n<td>capacidade (kg\/hora)<\/td>\n<td>100-150<\/td>\n<td>200-300<\/td>\n<td>350-450<\/td>\n<td>600-1000<\/td>\n<td>1200-2000<\/td>\n<\/tr>\n<\/tbody>\n<\/table>\n<\/div>\n<p>&nbsp;<\/p>\n<p>&nbsp;<\/p>\n<h2><b>panela de caramelo<\/b><\/h2>\n<p><img fetchpriority=\"high\" decoding=\"async\" class=\"alignnone size-full wp-image-1476\" title=\"linha de dep\u00f3sito de doces de caramelo | m\u00e1quina de fazer doces\" src=\"https:\/\/www.jymachinetech.com\/wp-content\/uploads\/2021\/12\/image_1612150641_2.png\" alt=\"linha de dep\u00f3sito de doces de caramelo | m\u00e1quina de fazer doces\" width=\"336\" height=\"336\" srcset=\"https:\/\/www.jymachinetech.com\/wp-content\/uploads\/2021\/12\/image_1612150641_2.png 336w, https:\/\/www.jymachinetech.com\/wp-content\/uploads\/2021\/12\/image_1612150641_2-12x12.png 12w, https:\/\/www.jymachinetech.com\/wp-content\/uploads\/2021\/12\/image_1612150641_2-300x300.png 300w, https:\/\/www.jymachinetech.com\/wp-content\/uploads\/2021\/12\/image_1612150641_2-100x100.png 100w\" sizes=\"(max-width: 336px) 100vw, 336px\" \/><\/p>\n<p>Nosso Toffee Cooker \u00e9 uma m\u00e1quina de \u00faltima gera\u00e7\u00e3o projetada para revolucionar a maneira como voc\u00ea produz toffee e caramelo. Com seu inovador sistema de dois fog\u00f5es, esta m\u00e1quina garante uma carameliza\u00e7\u00e3o mais r\u00e1pida e precisa, resultando em um produto final consistente e de alta qualidade.<\/p>\n<h3><strong>Principais recursos e benef\u00edcios:<\/strong><\/h3>\n<ul>\n<li><strong>Sistema de fog\u00e3o duplo:<\/strong> Dois fog\u00f5es separados trabalham em conjunto para cozimento e carameliza\u00e7\u00e3o simult\u00e2neos, aumentando a efici\u00eancia e o controle.<\/li>\n<li><strong>Cozimento a vapor de alta efici\u00eancia:<\/strong> O cozimento a vapor garante uma distribui\u00e7\u00e3o uniforme do calor, menos bolhas de ar e distor\u00e7\u00e3o m\u00ednima para uma textura de caramelo impec\u00e1vel.<\/li>\n<li><strong>Cozimento e carameliza\u00e7\u00e3o simult\u00e2neos:<\/strong> A opera\u00e7\u00e3o independente dos processos de cozimento e carameliza\u00e7\u00e3o permite um controle preciso sobre cada etapa, garantindo resultados \u00f3timos.<\/li>\n<li><strong>Controles independentes para atributos de qualidade:<\/strong> Ajuste a cor, o sabor, a umidade e a textura com controles individuais, adaptando o toffee \u00e0s suas especifica\u00e7\u00f5es exatas.<\/li>\n<li><strong>Alimentador autom\u00e1tico de ingredientes:<\/strong> Esse recurso permite trocas r\u00e1pidas entre lotes, reduzindo o tempo de inatividade e aumentando a velocidade de produ\u00e7\u00e3o.<\/li>\n<li><strong>Baixa taxa de sucata:<\/strong> A precis\u00e3o do Toffee Cooker minimiza o desperd\u00edcio, resultando em menor taxa de sucata e redu\u00e7\u00e3o de custos.<\/li>\n<li><strong>Efici\u00eancia de m\u00e3o de obra e custos:<\/strong> Reduza as necessidades de m\u00e3o de obra e os custos associados com processos automatizados que mant\u00eam altos padr\u00f5es de produ\u00e7\u00e3o.<\/li>\n<li><strong>Adi\u00e7\u00e3o autom\u00e1tica de cor e sabor:<\/strong> Garanta perfis de cor e sabor consistentes em todos os seus lotes de toffee com sistemas de adi\u00e7\u00e3o automatizados.<\/li>\n<\/ul>\n<h3><strong>Especifica\u00e7\u00f5es t\u00e9cnicas:<\/strong><\/h3>\n<ul>\n<li><strong>M\u00e9todo de cozimento:<\/strong>\u00a0\u00c0 base de vapor para distribui\u00e7\u00e3o uniforme do calor.<\/li>\n<li><strong>Sistema de controle:<\/strong>\u00a0Controles individuais para cada aspecto do processo de cozimento e carameliza\u00e7\u00e3o.<\/li>\n<li><strong>N\u00edvel de automa\u00e7\u00e3o:<\/strong>\u00a0Alto, com alimentadores autom\u00e1ticos e interven\u00e7\u00e3o manual m\u00ednima necess\u00e1ria.<\/li>\n<\/ul>\n<h3><strong>Aplica\u00e7\u00f5es:<\/strong><\/h3>\n<ul>\n<li>Perfeito para fabricantes de doces que produzem toffee, caramelo e outros itens de confeitaria sens\u00edveis ao calor que exigem cozimento e carameliza\u00e7\u00e3o precisos.<\/li>\n<\/ul>\n<h2><b>Sistema de dep\u00f3sito e t\u00fanel de resfriamento<\/b><\/h2>\n<ul>\n<li>A superf\u00edcie \u00e9 fosca \u00e0 prova d&#039;\u00e1gua, estende a vida \u00fatil, padr\u00e3o GMP.<\/li>\n<li>Listras ou camadas precisamente definidas.<\/li>\n<li>Dep\u00f3sito de alta precis\u00e3o, sem desvio.<\/li>\n<li>Moldes de silicone macio para uma f\u00f3rmula mais viscosa.<\/li>\n<li>Sistema de resfriamento independente para controle de temperatura mais preciso.<\/li>\n<li>Dep\u00f3sito preciso cont\u00ednuo, menos bolhas de ar e flashes.<\/li>\n<li>Fun\u00e7\u00e3o de lavagem autom\u00e1tica, sistema de limpeza de tubula\u00e7\u00e3o \u00fanica estrutura estreita, economiza espa\u00e7o.<\/li>\n<\/ul>\n<p><img decoding=\"async\" class=\"alignnone size-full wp-image-1474\" title=\"linha de dep\u00f3sito de doces de caramelo | m\u00e1quina de fazer doces\" src=\"https:\/\/www.jymachinetech.com\/wp-content\/uploads\/2021\/12\/1627005781_IMG_1892.jpg\" alt=\"linha de dep\u00f3sito de doces de caramelo | m\u00e1quina de fazer doces\" width=\"600\" height=\"400\" srcset=\"https:\/\/www.jymachinetech.com\/wp-content\/uploads\/2021\/12\/1627005781_IMG_1892.jpg 600w, https:\/\/www.jymachinetech.com\/wp-content\/uploads\/2021\/12\/1627005781_IMG_1892-18x12.jpg 18w\" sizes=\"(max-width: 600px) 100vw, 600px\" \/><\/p>\n<h2>Uso<\/h2>\n<p><img decoding=\"async\" class=\"alignnone size-full wp-image-1475\" title=\"linha de dep\u00f3sito de doces de caramelo | m\u00e1quina de fazer doces\" src=\"https:\/\/www.jymachinetech.com\/wp-content\/uploads\/2021\/12\/1629342292_5d82256fda7f3c01de736af931ba2e8.png\" alt=\"linha de dep\u00f3sito de doces de caramelo | m\u00e1quina de fazer doces\" width=\"2179\" height=\"864\" srcset=\"https:\/\/www.jymachinetech.com\/wp-content\/uploads\/2021\/12\/1629342292_5d82256fda7f3c01de736af931ba2e8.png 2179w, https:\/\/www.jymachinetech.com\/wp-content\/uploads\/2021\/12\/1629342292_5d82256fda7f3c01de736af931ba2e8-18x7.png 18w, https:\/\/www.jymachinetech.com\/wp-content\/uploads\/2021\/12\/1629342292_5d82256fda7f3c01de736af931ba2e8-600x238.png 600w\" sizes=\"(max-width: 2179px) 100vw, 2179px\" \/><\/p>\n<h2><strong>Suporte e servi\u00e7os ao cliente:<\/strong><\/h2>\n<ul>\n<li><strong>Consulta Profissional:<\/strong>\u00a0Nossa equipe de engenheiros e designers trabalhar\u00e1 com voc\u00ea para entender suas necessidades e fornecer as melhores solu\u00e7\u00f5es.<\/li>\n<li><strong>Treinamento abrangente:<\/strong>\u00a0Garanta que sua equipe esteja bem familiarizada com a opera\u00e7\u00e3o da linha de dep\u00f3sito com nossos programas de treinamento detalhados.<\/li>\n<li><strong>Servi\u00e7o p\u00f3s-venda:<\/strong>\u00a0Receba suporte imediato para quaisquer problemas e necessidades de manuten\u00e7\u00e3o.<\/li>\n<li><strong>Programas de manuten\u00e7\u00e3o anual:<\/strong>\u00a0Mantenha seu equipamento funcionando perfeitamente com nossos servi\u00e7os de manuten\u00e7\u00e3o regulares.<\/li>\n<\/ul>\n<h2><strong>PERGUNTAS FREQUENTES:<\/strong><\/h2>\n<p><strong>P: Quantos tipos de balas de caramelo esta m\u00e1quina pode fazer?<\/strong> R: A m\u00e1quina \u00e9 capaz de produzir uma variedade de balas de caramelo, incluindo op\u00e7\u00f5es de cor \u00fanica e com recheio central, com a possibilidade de personalizar os moldes de acordo com o design do produto final.<\/p>\n<p><strong>P: A m\u00e1quina pode produzir diferentes tipos de doces?<\/strong> R: Sim, a m\u00e1quina \u00e9 vers\u00e1til e pode produzir v\u00e1rios tipos de doces com moldes personalizados para designs exclusivos.<\/p>\n<p><strong>P: Posso fazer chocolate nesta m\u00e1quina?<\/strong> R: Esta m\u00e1quina foi projetada especificamente para a produ\u00e7\u00e3o de doces e n\u00e3o para fazer chocolate.<\/p>\n<p><strong>P: Qual \u00e9 a capacidade de produ\u00e7\u00e3o hor\u00e1ria de gomas?<\/strong> R: A m\u00e1quina pode produzir pelo menos 21.600 gomas em uma hora.<\/p>\n<p><strong>P: Quais formatos e tamanhos de doces a m\u00e1quina pode fazer?<\/strong> R: Podemos fornecer doces em qualquer formato e tamanho que voc\u00ea precisar, com moldes personalizados para atender \u00e0s suas especifica\u00e7\u00f5es.<\/p>\n<p><strong>P: Quais s\u00e3o as op\u00e7\u00f5es de aquecimento dispon\u00edveis para a m\u00e1quina?<\/strong> R: A m\u00e1quina pode ser equipada com aquecimento el\u00e9trico ou a vapor, dependendo da configura\u00e7\u00e3o de sua instala\u00e7\u00e3o de produ\u00e7\u00e3o.<\/p>\n<h2><strong>Por que nos escolher - O fabricante:<\/strong><\/h2>\n<ul>\n<li><strong>Experi\u00eancia Real de F\u00e1brica:<\/strong>\u00a0Somos uma unidade de fabrica\u00e7\u00e3o genu\u00edna com mais de 40 anos de experi\u00eancia no setor.<\/li>\n<li><strong>Equipe profissional:<\/strong>\u00a0Nossa equipe \u00e9 formada por 12 projetistas e 20 engenheiros profissionais prontos para oferecer suporte t\u00e9cnico em todo o mundo.<\/li>\n<li><strong>Confiabilidade:<\/strong>\u00a0Com uma f\u00e1brica moderna com mais de 200 trabalhadores, rigoroso controle de qualidade e ades\u00e3o aos padr\u00f5es de fabrica\u00e7\u00e3o alem\u00e3es, garantimos a precis\u00e3o e a confiabilidade de nossas m\u00e1quinas.<\/li>\n<li><strong>M\u00e1quinas de alta qualidade:<\/strong>\u00a0Todas as nossas m\u00e1quinas s\u00e3o fabricadas em uma f\u00e1brica com padr\u00e3o GMP, usando materiais SUS304 e revestimento de superf\u00edcie jateado para maior durabilidade e higiene.<\/li>\n<\/ul>\n<h2><strong>Nosso compromisso com voc\u00ea:<\/strong><\/h2>\n<ul>\n<li><strong>Solu\u00e7\u00f5es personalizadas:<\/strong>\u00a0Oferecemos planejamento de layout de f\u00e1brica, design 3D, planejamento de projeto, design de formato personalizado e desenvolvimento de f\u00f3rmulas de doces adaptadas \u00e0s suas necessidades espec\u00edficas.<\/li>\n<\/ul>\n<p><strong>Fa\u00e7a uma cota\u00e7\u00e3o agora:<\/strong> Para um or\u00e7amento personalizado e para saber mais sobre como nossa linha de deposi\u00e7\u00e3o de doces de caramelo pode aprimorar sua capacidade de produ\u00e7\u00e3o de doces, entre em contato conosco hoje mesmo.<\/p>","protected":false},"excerpt":{"rendered":"<p>Gama completa de produ\u00e7\u00e3o de caramelo, caramelo e caramelo de alta qualidade.<\/p>","protected":false},"featured_media":4938,"comment_status":"closed","ping_status":"closed","template":"","meta":[],"product_brand":[],"product_cat":[16,102],"product_tag":[],"class_list":{"0":"post-1471","1":"product","2":"type-product","3":"status-publish","4":"has-post-thumbnail","6":"product_cat-candy-machine","7":"product_cat-toffee-candy-machine","9":"first","10":"instock","11":"shipping-taxable","12":"product-type-simple"},"_links":{"self":[{"href":"https:\/\/www.jymachinetech.com\/pt\/wp-json\/wp\/v2\/product\/1471","targetHints":{"allow":["GET"]}}],"collection":[{"href":"https:\/\/www.jymachinetech.com\/pt\/wp-json\/wp\/v2\/product"}],"about":[{"href":"https:\/\/www.jymachinetech.com\/pt\/wp-json\/wp\/v2\/types\/product"}],"replies":[{"embeddable":true,"href":"https:\/\/www.jymachinetech.com\/pt\/wp-json\/wp\/v2\/comments?post=1471"}],"version-history":[{"count":1,"href":"https:\/\/www.jymachinetech.com\/pt\/wp-json\/wp\/v2\/product\/1471\/revisions"}],"predecessor-version":[{"id":7198,"href":"https:\/\/www.jymachinetech.com\/pt\/wp-json\/wp\/v2\/product\/1471\/revisions\/7198"}],"wp:featuredmedia":[{"embeddable":true,"href":"https:\/\/www.jymachinetech.com\/pt\/wp-json\/wp\/v2\/media\/4938"}],"wp:attachment":[{"href":"https:\/\/www.jymachinetech.com\/pt\/wp-json\/wp\/v2\/media?parent=1471"}],"wp:term":[{"taxonomy":"product_brand","embeddable":true,"href":"https:\/\/www.jymachinetech.com\/pt\/wp-json\/wp\/v2\/product_brand?post=1471"},{"taxonomy":"product_cat","embeddable":true,"href":"https:\/\/www.jymachinetech.com\/pt\/wp-json\/wp\/v2\/product_cat?post=1471"},{"taxonomy":"product_tag","embeddable":true,"href":"https:\/\/www.jymachinetech.com\/pt\/wp-json\/wp\/v2\/product_tag?post=1471"}],"curies":[{"name":"wp","href":"https:\/\/api.w.org\/{rel}","templated":true}]}}