{"id":1434,"date":"2021-12-22T10:03:08","date_gmt":"2021-12-22T10:03:08","guid":{"rendered":"https:\/\/www.jymachinetech.com\/?post_type=product&#038;p=1434"},"modified":"2025-07-25T08:44:21","modified_gmt":"2025-07-25T08:44:21","slug":"small-automatic-candy-depositing-machine","status":"publish","type":"product","link":"https:\/\/www.jymachinetech.com\/pt\/product\/small-automatic-candy-depositing-machine\/","title":{"rendered":"Linha de produ\u00e7\u00e3o de pequena m\u00e1quina autom\u00e1tica de dep\u00f3sito de doces para venda"},"content":{"rendered":"<h2>Linha de produ\u00e7\u00e3o de dep\u00f3sito de doces #1 Atacadista<\/h2>\n<p>Descubra a linha de produ\u00e7\u00e3o de dep\u00f3sito de doces perfeita e adaptada \u00e0s suas necessidades. Ao comprar diretamente de nossa f\u00e1brica confi\u00e1vel, voc\u00ea elimina intermedi\u00e1rios, garantindo os melhores pre\u00e7os e garantias diretas do setor. Aproveite o suporte 24 horas por dia, 7 dias por semana e receba uma cota\u00e7\u00e3o em 5 minutos ou menos. <a href=\"https:\/\/www.jymachinetech.com\/pt\/top-candy-gummy-counter-machine-for-efficient-counting-and-packaging\/\" title=\"M\u00e1quina de contagem de balas de goma para contagem e embalagem eficientes\"  data-wpil-monitor-id=\"10\" target=\"_blank\">Nosso<\/a> A linha de produ\u00e7\u00e3o de dep\u00f3sito de doces oferece qualidade e efici\u00eancia inigual\u00e1veis, o que a torna a melhor op\u00e7\u00e3o para suas necessidades de produ\u00e7\u00e3o de doces.<\/p>\n<p><iframe title=\"Junyu Nova m\u00e1quina de fazer gomas vegana totalmente autom\u00e1tica, depositante de doces, equipamento para fazer doces\" width=\"800\" height=\"450\" src=\"https:\/\/www.youtube.com\/embed\/DxSf13U15jY?feature=oembed\" frameborder=\"0\" allow=\"accelerometer; autoplay; clipboard-write; encrypted-media; gyroscope; picture-in-picture; web-share\" referrerpolicy=\"strict-origin-when-cross-origin\" allowfullscreen><\/iframe><\/p>\n<h2>Principais caracter\u00edsticas<\/h2>\n<ul>\n<li><strong>Pe\u00e7as el\u00e9tricas de marcas internacionais<\/strong>: Todos os componentes el\u00e9tricos s\u00e3o fornecidos pelas principais marcas internacionais, garantindo vida \u00fatil mais longa e desempenho confi\u00e1vel.<\/li>\n<li><strong>Sistema CFA exclusivo<\/strong>: Adicione facilmente ingredientes como vitaminas, CBD, THC, etc., com nosso exclusivo sistema Color Flavor and Add.<\/li>\n<li><strong>Design de formas 2D e 3D<\/strong>: Crie designs exclusivos com nosso sistema, compat\u00edvel com materiais como silicone e metal para diversos formatos.<\/li>\n<li><strong>Op\u00e7\u00f5es de preenchimento central e multicoloridas<\/strong>: Produza doces com recheios centrais ou v\u00e1rias cores para aumentar a variedade.<\/li>\n<li><strong>Controle de programa\u00e7\u00e3o PLC<\/strong>: Sistema de programa\u00e7\u00e3o PLC multil\u00edngue para uma opera\u00e7\u00e3o vers\u00e1til e f\u00e1cil de usar.<\/li>\n<li><strong>Sistema de expans\u00e3o de remoldagem<\/strong>: Protege os moldes e garante a usabilidade a longo prazo.<\/li>\n<li><strong>Dobra de formas em R e jateamento \u00e0 prova d'\u00e1gua<\/strong>: Aumenta a durabilidade com a curvatura em forma de R e o revestimento de jato de areia \u00e0 prova d'\u00e1gua.<\/li>\n<li><strong>Recursos de seguran\u00e7a abrangentes<\/strong>: Inclui sinais de advert\u00eancia e prote\u00e7\u00f5es para garantir uma opera\u00e7\u00e3o segura.<\/li>\n<li><strong>Isolamento de camada dupla<\/strong>: Mant\u00e9m a temperatura ideal com um sistema de isolamento de camada dupla.<\/li>\n<li><strong>Constru\u00e7\u00e3o em a\u00e7o inoxid\u00e1vel<\/strong>: A estrutura principal e o corpo s\u00e3o constru\u00eddos em a\u00e7o inoxid\u00e1vel dur\u00e1vel.<\/li>\n<li><strong>Limpeza f\u00e1cil<\/strong>: Equipado com uma fun\u00e7\u00e3o de limpeza e tubos de drenagem para uma manuten\u00e7\u00e3o sem complica\u00e7\u00f5es.<\/li>\n<li><strong>Qualidade certificada<\/strong>: Atende \u00e0 certifica\u00e7\u00e3o CE e aos padr\u00f5es GMP de seguran\u00e7a e qualidade.<\/li>\n<\/ul>\n<h2>Especifica\u00e7\u00f5es<\/h2>\n<p>Nossa pequena m\u00e1quina autom\u00e1tica de dep\u00f3sito de doces \u00e9 ideal para opera\u00e7\u00f5es com or\u00e7amento ou espa\u00e7o limitados. Ela consiste em duas partes principais: a se\u00e7\u00e3o de dep\u00f3sito e o t\u00fanel de resfriamento. Esse processo sem amido \u00e9 mais higi\u00eanico e econ\u00f4mico em compara\u00e7\u00e3o com os m\u00e9todos tradicionais.<\/p>\n<ul>\n<li><strong>Design vers\u00e1til<\/strong>: Suporta designs e formas 2D e 3D, o que o torna perfeito para a produ\u00e7\u00e3o de balas de goma, balas duras, pirulitos e caramelos.<\/li>\n<li><strong>Processo higi\u00eanico<\/strong>: O processo sem amido garante um produto mais limpo e mais <a href=\"https:\/\/www.jymachinetech.com\/pt\/the-best-cake-production-line-enhancing-efficiency-and-quality\/\" title=\"A melhor linha de produ\u00e7\u00e3o de bolos: Aumentando a efici\u00eancia e a qualidade\"  data-wpil-monitor-id=\"82\" target=\"_blank\">linha de produ\u00e7\u00e3o eficiente<\/a>.<\/li>\n<\/ul>\n<h2>Porque escolher-nos?<\/h2>\n<ul>\n<li><strong>Vendas diretas da f\u00e1brica<\/strong>: Compre diretamente de nossa f\u00e1brica para garantir os pre\u00e7os mais baixos e evitar intermedi\u00e1rios.<\/li>\n<li><strong>Experi\u00eancia profissional<\/strong>: Com d\u00e9cadas de experi\u00eancia na fabrica\u00e7\u00e3o de m\u00e1quinas, oferecemos suporte t\u00e9cnico de alto n\u00edvel e solu\u00e7\u00f5es inovadoras.<\/li>\n<li><strong>Padr\u00f5es de alta qualidade<\/strong>: Nossas m\u00e1quinas s\u00e3o fabricadas em uma f\u00e1brica padr\u00e3o GMP, usando materiais de alta qualidade e tecnologia de precis\u00e3o.<\/li>\n<li><strong>Solu\u00e7\u00f5es personalizadas<\/strong>: Oferecemos planejamento de layout de f\u00e1brica, design 3D, planos de projeto e designs de formas personalizadas para atender \u00e0s suas necessidades espec\u00edficas.<\/li>\n<li><strong>Suporte abrangente<\/strong>: Aproveite o suporte ao cliente 24 horas por dia, 7 dias por semana e cota\u00e7\u00f5es r\u00e1pidas para garantir que suas opera\u00e7\u00f5es ocorram sem problemas.<\/li>\n<\/ul>\n<p>Escolha nosso sistema autom\u00e1tico de pequeno porte <a href=\"https:\/\/www.jymachinetech.com\/pt\/top-machine-gummy-candy-solutions-for-efficient-production\/\" title=\"Solu\u00e7\u00f5es para balas de goma de m\u00e1quina superior para uma produ\u00e7\u00e3o eficiente\"  data-wpil-monitor-id=\"66\" target=\"_blank\">Produ\u00e7\u00e3o de m\u00e1quina de dep\u00f3sito de doces<\/a> para obter uma solu\u00e7\u00e3o confi\u00e1vel, eficiente e econ\u00f4mica para suas necessidades de produ\u00e7\u00e3o de doces.<\/p>\n<p>&nbsp;<\/p>\n<div class=\"table-responsive\">\n<table style=\"width: 100%;\">\n<tbody>\n<tr>\n<td style=\"text-align: center;\">Modelo<\/td>\n<td style=\"text-align: center;\">JYJ-40<\/td>\n<\/tr>\n<tr>\n<td style=\"text-align: center;\">Capacidade<\/td>\n<td style=\"text-align: center;\">36000 pe\u00e7as\/hora<\/td>\n<\/tr>\n<tr>\n<td style=\"text-align: center;\">Velocidade de dep\u00f3sito<\/td>\n<td style=\"text-align: center;\">15-35 vezes\/minuto<\/td>\n<\/tr>\n<tr>\n<td style=\"text-align: center;\">Comprimento da m\u00e1quina<\/td>\n<td style=\"text-align: center;\">4m<\/td>\n<\/tr>\n<tr>\n<td style=\"text-align: center;\">Nome do Produto<\/td>\n<td style=\"text-align: center;\">pequena m\u00e1quina autom\u00e1tica de dep\u00f3sito de doces<\/td>\n<\/tr>\n<\/tbody>\n<\/table>\n<\/div>\n<p>&nbsp;<\/p>\n<h2><strong>M\u00e1quina de dep\u00f3sito<br \/>\n<\/strong><\/h2>\n<ul>\n<li>Limpeza f\u00e1cil com<\/li>\n<li>Sistema autom\u00e1tico de pulveriza\u00e7\u00e3o de \u00f3leo<\/li>\n<li>Desmoldagem f\u00e1cil<\/li>\n<li>Sistema CFA dispon\u00edvel<\/li>\n<li>Dispon\u00edvel com enchimento simples, duplo ou central<\/li>\n<\/ul>\n<p><img fetchpriority=\"high\" decoding=\"async\" class=\"alignnone size-full wp-image-1435\" title=\"pequena linha de produ\u00e7\u00e3o autom\u00e1tica de m\u00e1quina de dep\u00f3sito de doces para venda\" src=\"https:\/\/www.jymachinetech.com\/wp-content\/uploads\/2021\/12\/small-candy-deposited-1.jpg\" alt=\"pequena linha de produ\u00e7\u00e3o autom\u00e1tica de m\u00e1quina de dep\u00f3sito de doces para venda\" width=\"800\" height=\"580\" srcset=\"https:\/\/www.jymachinetech.com\/wp-content\/uploads\/2021\/12\/small-candy-deposited-1.jpg 800w, https:\/\/www.jymachinetech.com\/wp-content\/uploads\/2021\/12\/small-candy-deposited-1-18x12.jpg 18w, https:\/\/www.jymachinetech.com\/wp-content\/uploads\/2021\/12\/small-candy-deposited-1-600x435.jpg 600w\" sizes=\"(max-width: 800px) 100vw, 800px\" \/><\/p>\n<p>&nbsp;<\/p>\n<h2><strong>T\u00fanel de resfriamento<br \/>\n<\/strong><\/h2>\n<ul>\n<li>Corrente de a\u00e7o inoxid\u00e1vel<\/li>\n<li>Transfer\u00eancia est\u00e1vel<\/li>\n<li>Economizando espa\u00e7o<\/li>\n<\/ul>\n<p><img decoding=\"async\" class=\"alignnone size-full wp-image-1436\" title=\"pequena linha de produ\u00e7\u00e3o autom\u00e1tica de m\u00e1quina de dep\u00f3sito de doces para venda\" src=\"https:\/\/www.jymachinetech.com\/wp-content\/uploads\/2021\/12\/small-candy-deposited-2.jpg\" alt=\"pequena linha de produ\u00e7\u00e3o autom\u00e1tica de m\u00e1quina de dep\u00f3sito de doces para venda\" width=\"1050\" height=\"720\" srcset=\"https:\/\/www.jymachinetech.com\/wp-content\/uploads\/2021\/12\/small-candy-deposited-2.jpg 1050w, https:\/\/www.jymachinetech.com\/wp-content\/uploads\/2021\/12\/small-candy-deposited-2-18x12.jpg 18w, https:\/\/www.jymachinetech.com\/wp-content\/uploads\/2021\/12\/small-candy-deposited-2-600x411.jpg 600w\" sizes=\"(max-width: 1050px) 100vw, 1050px\" \/><\/p>\n<h2>Perguntas frequentes sobre m\u00e1quinas de dep\u00f3sito de doces<\/h2>\n<h4>P: Quantos tipos de doces sua m\u00e1quina pode produzir?<\/h4>\n<p><strong>UMA<\/strong>: Nossa m\u00e1quina \u00e9 vers\u00e1til e pode produzir v\u00e1rios tipos de doces, incluindo balas de goma, balas duras, pirulitos, caramelos e doces de leite.<\/p>\n<h4>P: Posso usar essa m\u00e1quina para fazer chocolate?<\/h4>\n<p><strong>UMA<\/strong>: N\u00e3o, isso <a href=\"https:\/\/www.jymachinetech.com\/pt\/2025-top-gummy-candy-machine-for-efficient-production-and-quality-results\/\" title=\"2025 Top Gummy Candy Machine para uma produ\u00e7\u00e3o eficiente e resultados de qualidade\"  data-wpil-monitor-id=\"87\" target=\"_blank\">A m\u00e1quina foi projetada especificamente para a produ\u00e7\u00e3o de doces<\/a>. N\u00e3o \u00e9 adequado para fazer chocolate.<\/p>\n<h4>Q: Quantas pe\u00e7as a m\u00e1quina pode produzir em uma hora?<\/h4>\n<p><strong>UMA<\/strong>: A m\u00e1quina pode produzir pelo menos 21.600 pe\u00e7as por hora, garantindo alta produtividade.<\/p>\n<h4>P: Qual \u00e9 a faixa de capacidade da m\u00e1quina de balas de goma?<\/h4>\n<p><strong>UMA<\/strong>: Nosso <a href=\"https:\/\/www.jymachinetech.com\/pt\/beginners-guide-using-gummy-candy-machine-homemade-gummies\/\" title=\"Guia para iniciantes sobre como usar uma m\u00e1quina de balas de goma\"  data-wpil-monitor-id=\"58\" target=\"_blank\">m\u00e1quinas de balas de goma<\/a> oferecem capacidades que variam de 40 kg a 2.000 kg por hora, atendendo a v\u00e1rias necessidades de produ\u00e7\u00e3o.<\/p>\n<h4>P: A m\u00e1quina pode produzir formas e tamanhos personalizados de balas de goma?<\/h4>\n<p><strong>UMA<\/strong>: Sim, oferecemos moldes personalizados para criar qualquer forma e tamanho de doce que voc\u00ea desejar.<\/p>\n<h4>P: Quais bases de goma s\u00e3o compat\u00edveis com a m\u00e1quina de balas de goma?<\/h4>\n<p><strong>UMA<\/strong>: Nossas m\u00e1quinas podem <a href=\"https:\/\/www.jymachinetech.com\/pt\/the-ultimate-guide-on-how-candy-is-made-from-ingredients-to-process\/\" title=\"O guia definitivo sobre como os doces s\u00e3o feitos: Dos ingredientes ao processo\"  data-wpil-monitor-id=\"83\" target=\"_blank\">processo de fabrica\u00e7\u00e3o de balas de goma<\/a> com diferentes bases de goma, incluindo pectina, gelatina e carragenina, cada uma exigindo um m\u00e9todo de processamento exclusivo.<\/p>\n<h4>P: Que tipo de aquecimento a m\u00e1quina utiliza?<\/h4>\n<p><strong>UMA<\/strong>: Nossas m\u00e1quinas podem ser equipadas com aquecimento el\u00e9trico ou a vapor, dependendo do ambiente e dos requisitos do cliente.<\/p>\n<h2>Por que comprar uma m\u00e1quina de dep\u00f3sito de doces conosco?<\/h2>\n<h4>F\u00e1brica real, n\u00e3o uma empresa comercial<\/h4>\n<p>Somos um fabricante genu\u00edno, n\u00e3o um intermedi\u00e1rio. Convidamos voc\u00ea a visitar nossa f\u00e1brica e ver nossas opera\u00e7\u00f5es em primeira m\u00e3o.<\/p>\n<h4>Experi\u00eancia profissional<\/h4>\n<ul>\n<li><strong>Experi\u00eancia<\/strong>: Com mais de 40 anos de experi\u00eancia na fabrica\u00e7\u00e3o de m\u00e1quinas, oferecemos um conhecimento inigual\u00e1vel.<\/li>\n<li><strong>Suporte T\u00e9cnico<\/strong>: Nossa equipe inclui 12 designers de desenho e 20 engenheiros profissionais que est\u00e3o prontos para fornecer suporte t\u00e9cnico a qualquer hora e em qualquer lugar.<\/li>\n<\/ul>\n<h4>Confiabilidade<\/h4>\n<ul>\n<li><strong>For\u00e7a de trabalho<\/strong>: Nossa moderna f\u00e1brica emprega mais de 200 funcion\u00e1rios qualificados.<\/li>\n<li><strong>Controle de qualidade<\/strong>: Aderimos a sistemas rigorosos de controle de qualidade e a padr\u00f5es alem\u00e3es avan\u00e7ados.<\/li>\n<li><strong>Engenharia de precis\u00e3o<\/strong>: Nosso centro de usinagem CNC garante que todos os detalhes de cada m\u00e1quina sejam tratados com precis\u00e3o.<\/li>\n<li><strong>Solu\u00e7\u00f5es sob medida<\/strong>: Nossa equipe profissional de engenharia oferece planos personalizados com base em suas necessidades espec\u00edficas.<\/li>\n<\/ul>\n<h4>M\u00e1quinas de alta qualidade<\/h4>\n<ul>\n<li><strong>Padr\u00f5es GMP<\/strong>: Todas as nossas m\u00e1quinas s\u00e3o fabricadas em uma f\u00e1brica com padr\u00e3o GMP.<\/li>\n<li><strong>Precis\u00e3o<\/strong>: Utilizamos centros CNC para manter a precis\u00e3o de nossas m\u00e1quinas.<\/li>\n<li><strong>Materiais dur\u00e1veis<\/strong>: Todas as m\u00e1quinas s\u00e3o constru\u00eddas com a\u00e7o inoxid\u00e1vel SUS304 e tratadas com um revestimento de superf\u00edcie com jato de areia para maior durabilidade.<\/li>\n<\/ul>\n<h2>O que podemos fazer por voc\u00ea<\/h2>\n<ul>\n<li><strong>Layout da f\u00e1brica<\/strong>: N\u00f3s o ajudamos a projetar o layout ideal para sua instala\u00e7\u00e3o de produ\u00e7\u00e3o.<\/li>\n<li><strong>Desenho 3D e plano de projeto<\/strong>: Fornecemos projetos 3D detalhados e planejamento abrangente de projetos.<\/li>\n<li><strong>Design de forma personalizada<\/strong>: Criamos formas personalizadas para atender \u00e0s suas necessidades espec\u00edficas de produ\u00e7\u00e3o de doces.<\/li>\n<li><strong>F\u00f3rmula de doces<\/strong>: Ajudamos a desenvolver f\u00f3rmulas de doces que se alinham com suas metas de produ\u00e7\u00e3o.<\/li>\n<\/ul>\n<p>Ao escolher nossas m\u00e1quinas de dep\u00f3sito de doces, voc\u00ea garante um processo de produ\u00e7\u00e3o confi\u00e1vel, eficiente e de alta qualidade, adaptado \u00e0s suas necessidades espec\u00edficas.<\/p>","protected":false},"excerpt":{"rendered":"<p>Linha de produ\u00e7\u00e3o de dep\u00f3sito de doces #1 Atacadista Descubra a linha de produ\u00e7\u00e3o de dep\u00f3sito de doces perfeita e adaptada \u00e0s suas necessidades. Ao comprar diretamente de nossa f\u00e1brica confi\u00e1vel, voc\u00ea elimina os intermedi\u00e1rios, garantindo os melhores pre\u00e7os e as garantias diretas do setor. Aproveite o suporte 24 horas por dia, 7 dias por semana e receba uma cota\u00e7\u00e3o em 5 minutos ou menos. Nossa linha de produ\u00e7\u00e3o de dep\u00f3sito de doces oferece [...]<\/p>","protected":false},"featured_media":4924,"comment_status":"closed","ping_status":"closed","template":"","meta":[],"product_brand":[],"product_cat":[16,98],"product_tag":[],"class_list":{"0":"post-1434","1":"product","2":"type-product","3":"status-publish","4":"has-post-thumbnail","6":"product_cat-candy-machine","7":"product_cat-gummy-candy-machine","9":"first","10":"instock","11":"shipping-taxable","12":"product-type-simple"},"_links":{"self":[{"href":"https:\/\/www.jymachinetech.com\/pt\/wp-json\/wp\/v2\/product\/1434","targetHints":{"allow":["GET"]}}],"collection":[{"href":"https:\/\/www.jymachinetech.com\/pt\/wp-json\/wp\/v2\/product"}],"about":[{"href":"https:\/\/www.jymachinetech.com\/pt\/wp-json\/wp\/v2\/types\/product"}],"replies":[{"embeddable":true,"href":"https:\/\/www.jymachinetech.com\/pt\/wp-json\/wp\/v2\/comments?post=1434"}],"version-history":[{"count":12,"href":"https:\/\/www.jymachinetech.com\/pt\/wp-json\/wp\/v2\/product\/1434\/revisions"}],"predecessor-version":[{"id":7332,"href":"https:\/\/www.jymachinetech.com\/pt\/wp-json\/wp\/v2\/product\/1434\/revisions\/7332"}],"wp:featuredmedia":[{"embeddable":true,"href":"https:\/\/www.jymachinetech.com\/pt\/wp-json\/wp\/v2\/media\/4924"}],"wp:attachment":[{"href":"https:\/\/www.jymachinetech.com\/pt\/wp-json\/wp\/v2\/media?parent=1434"}],"wp:term":[{"taxonomy":"product_brand","embeddable":true,"href":"https:\/\/www.jymachinetech.com\/pt\/wp-json\/wp\/v2\/product_brand?post=1434"},{"taxonomy":"product_cat","embeddable":true,"href":"https:\/\/www.jymachinetech.com\/pt\/wp-json\/wp\/v2\/product_cat?post=1434"},{"taxonomy":"product_tag","embeddable":true,"href":"https:\/\/www.jymachinetech.com\/pt\/wp-json\/wp\/v2\/product_tag?post=1434"}],"curies":[{"name":"wp","href":"https:\/\/api.w.org\/{rel}","templated":true}]}}