{"id":1277,"date":"2021-12-21T08:23:11","date_gmt":"2021-12-21T08:23:11","guid":{"rendered":"https:\/\/www.jymachinetech.com\/?post_type=product&#038;p=1277"},"modified":"2025-04-02T02:15:20","modified_gmt":"2025-04-02T02:15:20","slug":"gummy-jelly-candy-making-machine","status":"publish","type":"product","link":"https:\/\/www.jymachinetech.com\/pt\/product\/gummy-jelly-candy-making-machine\/","title":{"rendered":"M\u00e1quina autom\u00e1tica para fazer doces de gelatina e goma: 80 kg\/hora 150 kg\/hora 300 kg\/hora"},"content":{"rendered":"<p>A linha de deposi\u00e7\u00e3o de doces de gelatina\/goma\/gelatina\/pectina\/carragenina \u00e9 a solu\u00e7\u00e3o definitiva para produzir confeitos de alta qualidade com consist\u00eancia excepcional. Projetada para atender \u00e0s demandas da produ\u00e7\u00e3o moderna de doces, esta linha n\u00e3o s\u00f3 oferece qualidade superior do produto, mas tamb\u00e9m melhora a efici\u00eancia operacional.<\/p>\n<p><iframe title=\"M\u00e1quina de dep\u00f3sito de doces de goma vegan M600, equipamento para fabrica\u00e7\u00e3o de doces com sistema de pondera\u00e7\u00e3o autom\u00e1tico\" width=\"800\" height=\"450\" src=\"https:\/\/www.youtube.com\/embed\/9Zd8-zGJfWo?feature=oembed\" frameborder=\"0\" allow=\"accelerometer; autoplay; clipboard-write; encrypted-media; gyroscope; picture-in-picture; web-share\" referrerpolicy=\"strict-origin-when-cross-origin\" allowfullscreen><\/iframe><\/p>\n<table>\n<tbody>\n<tr>\n<td>Modelo<\/td>\n<td>M80<\/td>\n<td>M150<\/td>\n<td>M300<\/td>\n<td>M450<\/td>\n<td>M600<\/td>\n<\/tr>\n<tr>\n<td>Capacidade de produ\u00e7\u00e3o<\/td>\n<td>80 kg\/hora<\/td>\n<td>150 kg\/hora<\/td>\n<td>300 kg\/hora<\/td>\n<td>450 kg\/hora<\/td>\n<td>600 kg\/hora<\/td>\n<\/tr>\n<tr>\n<td>Energia el\u00e9trica<\/td>\n<td>2-8 g\/ou mais personalizado<\/td>\n<td>2-8 g\/ou mais personalizado<\/td>\n<td>2-8 g\/ou mais personalizado<\/td>\n<td>2-8 g\/ou mais personalizado<\/td>\n<td>2-8 g\/ou mais personalizado<\/td>\n<\/tr>\n<tr>\n<td>Comprimento total<\/td>\n<td>7m<\/td>\n<td>17m<\/td>\n<td>17m<\/td>\n<td>18m<\/td>\n<td>18m<\/td>\n<\/tr>\n<tr>\n<td>Quantidade de molde<\/td>\n<td>160 pe\u00e7as<\/td>\n<td>240 pe\u00e7as<\/td>\n<td>480 pe\u00e7as<\/td>\n<td>720 pe\u00e7as<\/td>\n<td>960 pe\u00e7as<\/td>\n<\/tr>\n<\/tbody>\n<\/table>\n<p>Esta linha consiste principalmente de um Jacket Cooker, Storage Tank, Weighing and Mixing System, Depositor e Cooling Machine. Ela incorpora um avan\u00e7ado sistema de servocontrole para opera\u00e7\u00e3o precisa e eficiente.<\/p>\n<p>&nbsp;<\/p>\n<p><img fetchpriority=\"high\" decoding=\"async\" width=\"800\" height=\"800\" class=\"wp-image-4825\" src=\"https:\/\/www.jymachinetech.com\/wp-content\/uploads\/2021\/12\/300.jpeg\" alt=\"300\" srcset=\"https:\/\/www.jymachinetech.com\/wp-content\/uploads\/2021\/12\/300.jpeg 800w, https:\/\/www.jymachinetech.com\/wp-content\/uploads\/2021\/12\/300-12x12.jpeg 12w, https:\/\/www.jymachinetech.com\/wp-content\/uploads\/2021\/12\/300-300x300.jpeg 300w, https:\/\/www.jymachinetech.com\/wp-content\/uploads\/2021\/12\/300-600x600.jpeg 600w, https:\/\/www.jymachinetech.com\/wp-content\/uploads\/2021\/12\/300-100x100.jpeg 100w\" sizes=\"(max-width: 800px) 100vw, 800px\" \/><\/p>\n<p><img decoding=\"async\" width=\"866\" height=\"578\" class=\"wp-image-4826\" src=\"https:\/\/www.jymachinetech.com\/wp-content\/uploads\/2021\/12\/img_3130.jpeg\" alt=\"IMG_3130\" srcset=\"https:\/\/www.jymachinetech.com\/wp-content\/uploads\/2021\/12\/img_3130.jpeg 866w, https:\/\/www.jymachinetech.com\/wp-content\/uploads\/2021\/12\/img_3130-18x12.jpeg 18w, https:\/\/www.jymachinetech.com\/wp-content\/uploads\/2021\/12\/img_3130-600x400.jpeg 600w\" sizes=\"(max-width: 866px) 100vw, 866px\" \/><\/p>\n<p><img decoding=\"async\" width=\"1299\" height=\"974\" class=\"wp-image-4827\" src=\"https:\/\/www.jymachinetech.com\/wp-content\/uploads\/2021\/12\/1.jpeg\" alt=\"\u71ac\u716e1\" srcset=\"https:\/\/www.jymachinetech.com\/wp-content\/uploads\/2021\/12\/1.jpeg 1299w, https:\/\/www.jymachinetech.com\/wp-content\/uploads\/2021\/12\/1-16x12.jpeg 16w, https:\/\/www.jymachinetech.com\/wp-content\/uploads\/2021\/12\/1-600x450.jpeg 600w\" sizes=\"(max-width: 1299px) 100vw, 1299px\" \/><\/p>\n<p>O Tanque de Mistura e Tanque de Armazenamento com Camisa s\u00e3o projetados com recursos avan\u00e7ados para garantir desempenho ideal. Ambos os tanques utilizam um sistema de circula\u00e7\u00e3o de \u00e1gua quente na camisa e tubula\u00e7\u00e3o para aquecimento eficiente e uniforme, garantindo controle preciso da temperatura durante o processo de cozimento.<\/p>\n<p>Os tanques tamb\u00e9m s\u00e3o equipados com uma bomba de v\u00e1cuo potente, que ajuda a remover o ar e a umidade da mistura, melhorando a qualidade e a textura do produto. Fabricados em a\u00e7o inoxid\u00e1vel 304 dur\u00e1vel e de qualidade alimentar, esses tanques s\u00e3o constru\u00eddos para suportar altas temperaturas e oferecer resist\u00eancia excepcional \u00e0 corros\u00e3o, tornando-os ideais para opera\u00e7\u00e3o cont\u00ednua em um ambiente de produ\u00e7\u00e3o de alta demanda.<\/p>\n<p><iframe title=\"Vitrine de equipamentos profissionais para doces de goma | M\u00e1quinas de goma JUNYU\" width=\"800\" height=\"450\" src=\"https:\/\/www.youtube.com\/embed\/ELv7mN-7sCg?feature=oembed\" frameborder=\"0\" allow=\"accelerometer; autoplay; clipboard-write; encrypted-media; gyroscope; picture-in-picture; web-share\" referrerpolicy=\"strict-origin-when-cross-origin\" allowfullscreen><\/iframe><\/p>\n<p>O sistema de cozimento \u00e9 vers\u00e1til e pode ser usado para cozinhar xarope de doces, dissolver gelatina e armazenar xarope de forma controlada, garantindo um fluxo de produ\u00e7\u00e3o suave e ininterrupto. Essa integra\u00e7\u00e3o perfeita de cozimento e armazenamento de xarope garante resultados consistentes e de alta qualidade em cada lote. Projetado para fabricantes que buscam aprimorar suas capacidades de produ\u00e7\u00e3o de doces, este sistema garante efici\u00eancia, consist\u00eancia do produto e confiabilidade operacional, ajudando voc\u00ea a atender \u00e0s crescentes demandas do mercado de doces.<\/p>\n<p><img loading=\"lazy\" decoding=\"async\" width=\"574\" height=\"422\" class=\"wp-image-4828\" src=\"https:\/\/www.jymachinetech.com\/wp-content\/uploads\/2021\/12\/word-image-1277-4.png\" alt=\"\" srcset=\"https:\/\/www.jymachinetech.com\/wp-content\/uploads\/2021\/12\/word-image-1277-4.png 574w, https:\/\/www.jymachinetech.com\/wp-content\/uploads\/2021\/12\/word-image-1277-4-16x12.png 16w\" sizes=\"(max-width: 574px) 100vw, 574px\" \/><\/p>\n<p>O Dynamic and Static Inline Mixer \u00e9 um sistema de alta efici\u00eancia projetado para integrar perfeitamente a dosagem de cor, sabor e \u00e1cido em sua linha de produ\u00e7\u00e3o. Este misturador avan\u00e7ado oferece capacidades de mistura din\u00e2mica e est\u00e1tica, garantindo uma mistura completa e consistente de ingredientes em tempo real.<\/p>\n<p>Com dosagem autom\u00e1tica para cor, sabor e \u00e1cido, este sistema aumenta a velocidade e a precis\u00e3o da produ\u00e7\u00e3o, ao mesmo tempo que reduz a necessidade de interven\u00e7\u00e3o manual. Ele \u00e9 projetado especificamente para conveni\u00eancia, tornando-o f\u00e1cil de configurar, operar e manter. A capacidade de controlar automaticamente as propor\u00e7\u00f5es de aditivos garante qualidade consistente do produto em cada lote, enquanto o r\u00e1pido processo de mistura minimiza o tempo de inatividade e maximiza a efici\u00eancia da produ\u00e7\u00e3o.<\/p>\n<p>N\u00e3o importa se voc\u00ea est\u00e1 produzindo gomas, doces ou outros produtos de confeitaria, este misturador simplifica todo o processo, melhorando tanto a qualidade quanto a velocidade de suas opera\u00e7\u00f5es. Seu design amig\u00e1vel e recursos de automa\u00e7\u00e3o fornecem aos fabricantes de doces uma solu\u00e7\u00e3o confi\u00e1vel e que economiza tempo para atender \u00e0s demandas do mercado acelerado de hoje.<\/p>\n<p><img loading=\"lazy\" decoding=\"async\" width=\"849\" height=\"566\" class=\"wp-image-4829\" src=\"https:\/\/www.jymachinetech.com\/wp-content\/uploads\/2021\/12\/img_3293.jpeg\" alt=\"IMG_3293\" srcset=\"https:\/\/www.jymachinetech.com\/wp-content\/uploads\/2021\/12\/img_3293.jpeg 849w, https:\/\/www.jymachinetech.com\/wp-content\/uploads\/2021\/12\/img_3293-18x12.jpeg 18w, https:\/\/www.jymachinetech.com\/wp-content\/uploads\/2021\/12\/img_3293-600x400.jpeg 600w\" sizes=\"(max-width: 849px) 100vw, 849px\" \/><\/p>\n<p>Projetado para reduzir o trabalho manual, nosso sistema \u00e9 equipado com um sistema autom\u00e1tico de pulveriza\u00e7\u00e3o de \u00f3leo, o que facilita a desmoldagem de doces. Esse recurso avan\u00e7ado garante um processo de produ\u00e7\u00e3o mais suave, economizando tempo e aumentando a efici\u00eancia operacional ao minimizar a necessidade de interven\u00e7\u00e3o manual durante o est\u00e1gio de desmoldagem.<\/p>\n<p>Nossa m\u00e1quina de dep\u00f3sito \u00e9 altamente vers\u00e1til e pode produzir uma grande variedade de doces, incluindo doces de uma cor, duas cores e sandu\u00edches. Essa flexibilidade permite que os fabricantes criem uma gama diversificada de produtos com facilidade, atendendo \u00e0s demandas do mercado e oferecendo possibilidades criativas para expandir as linhas de produtos.<\/p>\n<p>Com sua opera\u00e7\u00e3o perfeita, recursos que economizam tempo e capacidade de produzir uma variedade de tipos de doces, nossa m\u00e1quina de dosagem \u00e9 a solu\u00e7\u00e3o ideal para fabricantes que buscam otimizar a produ\u00e7\u00e3o, mantendo a qualidade e a consist\u00eancia do produto.<\/p>\n<p><img loading=\"lazy\" decoding=\"async\" width=\"408\" height=\"386\" class=\"wp-image-4830 alignleft\" src=\"https:\/\/www.jymachinetech.com\/wp-content\/uploads\/2021\/12\/word-image-1277-6.png\" alt=\"\" srcset=\"https:\/\/www.jymachinetech.com\/wp-content\/uploads\/2021\/12\/word-image-1277-6.png 408w, https:\/\/www.jymachinetech.com\/wp-content\/uploads\/2021\/12\/word-image-1277-6-13x12.png 13w\" sizes=\"(max-width: 408px) 100vw, 408px\" \/><\/p>\n<p><img loading=\"lazy\" decoding=\"async\" width=\"433\" height=\"406\" class=\"wp-image-4831 alignleft\" src=\"https:\/\/www.jymachinetech.com\/wp-content\/uploads\/2021\/12\/word-image-1277-7.png\" alt=\"\" srcset=\"https:\/\/www.jymachinetech.com\/wp-content\/uploads\/2021\/12\/word-image-1277-7.png 433w, https:\/\/www.jymachinetech.com\/wp-content\/uploads\/2021\/12\/word-image-1277-7-13x12.png 13w\" sizes=\"(max-width: 433px) 100vw, 433px\" \/><\/p>\n<p><img loading=\"lazy\" decoding=\"async\" width=\"414\" height=\"284\" class=\"wp-image-4832 alignleft\" src=\"https:\/\/www.jymachinetech.com\/wp-content\/uploads\/2021\/12\/word-image-1277-8.png\" alt=\"\" srcset=\"https:\/\/www.jymachinetech.com\/wp-content\/uploads\/2021\/12\/word-image-1277-8.png 414w, https:\/\/www.jymachinetech.com\/wp-content\/uploads\/2021\/12\/word-image-1277-8-18x12.png 18w\" sizes=\"(max-width: 414px) 100vw, 414px\" \/><\/p>\n<p><img loading=\"lazy\" decoding=\"async\" width=\"347\" height=\"347\" class=\"wp-image-4833\" src=\"https:\/\/www.jymachinetech.com\/wp-content\/uploads\/2021\/12\/word-image-1277-9.png\" alt=\"\" srcset=\"https:\/\/www.jymachinetech.com\/wp-content\/uploads\/2021\/12\/word-image-1277-9.png 347w, https:\/\/www.jymachinetech.com\/wp-content\/uploads\/2021\/12\/word-image-1277-9-12x12.png 12w, https:\/\/www.jymachinetech.com\/wp-content\/uploads\/2021\/12\/word-image-1277-9-300x300.png 300w, https:\/\/www.jymachinetech.com\/wp-content\/uploads\/2021\/12\/word-image-1277-9-100x100.png 100w\" sizes=\"(max-width: 347px) 100vw, 347px\" \/> <img loading=\"lazy\" decoding=\"async\" width=\"347\" height=\"347\" class=\"wp-image-4834\" src=\"https:\/\/www.jymachinetech.com\/wp-content\/uploads\/2021\/12\/word-image-1277-10.png\" alt=\"\" srcset=\"https:\/\/www.jymachinetech.com\/wp-content\/uploads\/2021\/12\/word-image-1277-10.png 347w, https:\/\/www.jymachinetech.com\/wp-content\/uploads\/2021\/12\/word-image-1277-10-12x12.png 12w, https:\/\/www.jymachinetech.com\/wp-content\/uploads\/2021\/12\/word-image-1277-10-300x300.png 300w, https:\/\/www.jymachinetech.com\/wp-content\/uploads\/2021\/12\/word-image-1277-10-100x100.png 100w\" sizes=\"(max-width: 347px) 100vw, 347px\" \/> <img loading=\"lazy\" decoding=\"async\" width=\"343\" height=\"331\" class=\"wp-image-4835\" src=\"https:\/\/www.jymachinetech.com\/wp-content\/uploads\/2021\/12\/word-image-1277-11.png\" alt=\"\" srcset=\"https:\/\/www.jymachinetech.com\/wp-content\/uploads\/2021\/12\/word-image-1277-11.png 343w, https:\/\/www.jymachinetech.com\/wp-content\/uploads\/2021\/12\/word-image-1277-11-12x12.png 12w\" sizes=\"(max-width: 343px) 100vw, 343px\" \/><\/p>\n<p><img loading=\"lazy\" decoding=\"async\" width=\"1098\" height=\"824\" class=\"wp-image-4836\" src=\"https:\/\/www.jymachinetech.com\/wp-content\/uploads\/2021\/12\/img_1659.jpeg\" alt=\"IMG_1659\" srcset=\"https:\/\/www.jymachinetech.com\/wp-content\/uploads\/2021\/12\/img_1659.jpeg 1098w, https:\/\/www.jymachinetech.com\/wp-content\/uploads\/2021\/12\/img_1659-16x12.jpeg 16w, https:\/\/www.jymachinetech.com\/wp-content\/uploads\/2021\/12\/img_1659-600x450.jpeg 600w\" sizes=\"(max-width: 1098px) 100vw, 1098px\" \/><\/p>\n<p>Nosso t\u00fanel de resfriamento \u00e9 constru\u00eddo com uma estrutura robusta de a\u00e7o inoxid\u00e1vel SUS304, conhecida por sua durabilidade excepcional e resist\u00eancia \u00e0 corros\u00e3o. A estrutura \u00e9 espessada para maior estabilidade durante a opera\u00e7\u00e3o, garantindo desempenho suave com vibra\u00e7\u00e3o e ru\u00eddo m\u00ednimos, mesmo durante uso prolongado. Este design n\u00e3o apenas aumenta a confiabilidade do equipamento, mas tamb\u00e9m contribui para uma vida \u00fatil mais longa, tornando-o uma escolha econ\u00f4mica para necessidades de produ\u00e7\u00e3o de longo prazo.<\/p>\n<p>Equipamos nosso t\u00fanel de resfriamento com sistemas de refrigera\u00e7\u00e3o de alta qualidade, otimizados para efici\u00eancia de resfriamento superior. Esses sistemas de resfriamento avan\u00e7ados garantem controle de temperatura r\u00e1pido e consistente, melhorando o processo geral de produ\u00e7\u00e3o ao reduzir os tempos de resfriamento e manter a integridade dos doces.<\/p>\n<p>Al\u00e9m disso, nossos equipamentos apresentam superf\u00edcies lisas e bem acabadas, incluindo as ma\u00e7anetas das portas, que n\u00e3o s\u00e3o apenas esteticamente agrad\u00e1veis, mas tamb\u00e9m f\u00e1ceis de manter e limpar. O design elegante e resistente garante que o t\u00fanel de resfriamento seja visualmente atraente e constru\u00eddo para suportar as demandas de opera\u00e7\u00e3o cont\u00ednua em um ambiente de alto desempenho.<\/p>\n<p><img loading=\"lazy\" decoding=\"async\" width=\"808\" height=\"539\" class=\"wp-image-4837\" src=\"https:\/\/www.jymachinetech.com\/wp-content\/uploads\/2021\/12\/img_3374.jpeg\" alt=\"IMG_3374\" srcset=\"https:\/\/www.jymachinetech.com\/wp-content\/uploads\/2021\/12\/img_3374.jpeg 808w, https:\/\/www.jymachinetech.com\/wp-content\/uploads\/2021\/12\/img_3374-18x12.jpeg 18w, https:\/\/www.jymachinetech.com\/wp-content\/uploads\/2021\/12\/img_3374-600x400.jpeg 600w\" sizes=\"(max-width: 808px) 100vw, 808px\" \/><\/p>\n<p><img loading=\"lazy\" decoding=\"async\" width=\"709\" height=\"532\" class=\"wp-image-4838\" src=\"https:\/\/www.jymachinetech.com\/wp-content\/uploads\/2021\/12\/20240618153005.jpeg\" alt=\"foto de \u5fae\u4fe1\u56fe\u7247_20240618153005\" srcset=\"https:\/\/www.jymachinetech.com\/wp-content\/uploads\/2021\/12\/20240618153005.jpeg 709w, https:\/\/www.jymachinetech.com\/wp-content\/uploads\/2021\/12\/20240618153005-16x12.jpeg 16w, https:\/\/www.jymachinetech.com\/wp-content\/uploads\/2021\/12\/20240618153005-600x450.jpeg 600w\" sizes=\"(max-width: 709px) 100vw, 709px\" \/><\/p>\n<p><img loading=\"lazy\" decoding=\"async\" width=\"688\" height=\"459\" class=\"wp-image-4839\" src=\"https:\/\/www.jymachinetech.com\/wp-content\/uploads\/2021\/12\/img_3353.png\" alt=\"IMG_3353\" srcset=\"https:\/\/www.jymachinetech.com\/wp-content\/uploads\/2021\/12\/img_3353.png 688w, https:\/\/www.jymachinetech.com\/wp-content\/uploads\/2021\/12\/img_3353-18x12.png 18w, https:\/\/www.jymachinetech.com\/wp-content\/uploads\/2021\/12\/img_3353-600x400.png 600w\" sizes=\"(max-width: 688px) 100vw, 688px\" \/> <img loading=\"lazy\" decoding=\"async\" width=\"640\" height=\"470\" class=\"wp-image-4840\" src=\"https:\/\/www.jymachinetech.com\/wp-content\/uploads\/2021\/12\/word-image-1277-16.png\" alt=\"\" srcset=\"https:\/\/www.jymachinetech.com\/wp-content\/uploads\/2021\/12\/word-image-1277-16.png 640w, https:\/\/www.jymachinetech.com\/wp-content\/uploads\/2021\/12\/word-image-1277-16-16x12.png 16w, https:\/\/www.jymachinetech.com\/wp-content\/uploads\/2021\/12\/word-image-1277-16-600x441.png 600w\" sizes=\"(max-width: 640px) 100vw, 640px\" \/><\/p>\n<p><img loading=\"lazy\" decoding=\"async\" width=\"757\" height=\"576\" class=\"wp-image-4841\" src=\"https:\/\/www.jymachinetech.com\/wp-content\/uploads\/2021\/12\/20240618153001.jpeg\" alt=\"foto de \u5fae\u4fe1\u56fe\u7247_20240618153001\" srcset=\"https:\/\/www.jymachinetech.com\/wp-content\/uploads\/2021\/12\/20240618153001.jpeg 757w, https:\/\/www.jymachinetech.com\/wp-content\/uploads\/2021\/12\/20240618153001-16x12.jpeg 16w, https:\/\/www.jymachinetech.com\/wp-content\/uploads\/2021\/12\/20240618153001-600x457.jpeg 600w\" sizes=\"(max-width: 757px) 100vw, 757px\" \/> <img loading=\"lazy\" decoding=\"async\" width=\"605\" height=\"454\" class=\"wp-image-4842\" src=\"https:\/\/www.jymachinetech.com\/wp-content\/uploads\/2021\/12\/20240618153018.jpeg\" alt=\"foto de \u5fae\u4fe1\u56fe\u7247_20240618153018\" srcset=\"https:\/\/www.jymachinetech.com\/wp-content\/uploads\/2021\/12\/20240618153018.jpeg 605w, https:\/\/www.jymachinetech.com\/wp-content\/uploads\/2021\/12\/20240618153018-16x12.jpeg 16w, https:\/\/www.jymachinetech.com\/wp-content\/uploads\/2021\/12\/20240618153018-600x450.jpeg 600w\" sizes=\"(max-width: 605px) 100vw, 605px\" \/><\/p>\n<p>O controlador m\u00f3vel adiciona uma camada extra de flexibilidade e conveni\u00eancia \u00e0s suas opera\u00e7\u00f5es, permitindo que os operadores ajustem facilmente as configura\u00e7\u00f5es e gerenciem o sistema de diferentes posi\u00e7\u00f5es dentro da \u00e1rea de produ\u00e7\u00e3o. Este design intuitivo simplifica o monitoramento e o controle de todo o processo, aprimorando o fluxo de trabalho e reduzindo o tempo gasto em ajustes manuais.<\/p>\n<p>Al\u00e9m disso, o molde e a corrente s\u00e3o fixados de forma segura e est\u00e1vel, garantindo um processo de produ\u00e7\u00e3o confi\u00e1vel e consistente. Essa configura\u00e7\u00e3o est\u00e1vel minimiza o risco de mau funcionamento e garante que cada lote seja produzido com a m\u00e1xima precis\u00e3o, mantendo altos padr\u00f5es de qualidade durante toda a produ\u00e7\u00e3o.<\/p>\n<p><img loading=\"lazy\" decoding=\"async\" width=\"705\" height=\"705\" class=\"wp-image-4843\" src=\"https:\/\/www.jymachinetech.com\/wp-content\/uploads\/2021\/12\/unnamed-file.png\" alt=\"\u88f9\u6cb9\u673a\" srcset=\"https:\/\/www.jymachinetech.com\/wp-content\/uploads\/2021\/12\/unnamed-file.png 705w, https:\/\/www.jymachinetech.com\/wp-content\/uploads\/2021\/12\/unnamed-file-12x12.png 12w, https:\/\/www.jymachinetech.com\/wp-content\/uploads\/2021\/12\/unnamed-file-300x300.png 300w, https:\/\/www.jymachinetech.com\/wp-content\/uploads\/2021\/12\/unnamed-file-600x600.png 600w, https:\/\/www.jymachinetech.com\/wp-content\/uploads\/2021\/12\/unnamed-file-100x100.png 100w\" sizes=\"(max-width: 705px) 100vw, 705px\" \/> <img loading=\"lazy\" decoding=\"async\" width=\"1265\" height=\"843\" class=\"wp-image-4844\" src=\"https:\/\/www.jymachinetech.com\/wp-content\/uploads\/2021\/12\/unnamed-file.jpeg\" alt=\"\u88f9\u6cb9\u673a\" srcset=\"https:\/\/www.jymachinetech.com\/wp-content\/uploads\/2021\/12\/unnamed-file.jpeg 1265w, https:\/\/www.jymachinetech.com\/wp-content\/uploads\/2021\/12\/unnamed-file-18x12.jpeg 18w, https:\/\/www.jymachinetech.com\/wp-content\/uploads\/2021\/12\/unnamed-file-600x400.jpeg 600w\" sizes=\"(max-width: 1265px) 100vw, 1265px\" \/><\/p>\n<p>A M\u00e1quina de Envolvimento de A\u00e7\u00facar\/\u00d3leo \u00e9 projetada para fornecer cobertura uniforme de a\u00e7\u00facar granulado em cada doce macio ap\u00f3s passar por processamento rotativo de v\u00e1rios n\u00edveis. Este sistema avan\u00e7ado garante que cada peda\u00e7o seja revestido uniformemente, melhorando tanto a apar\u00eancia quanto a textura do doce.<\/p>\n<p>Constru\u00edda em a\u00e7o inoxid\u00e1vel de alta qualidade, a m\u00e1quina oferece capacidade de carga superior, garantindo durabilidade e confiabilidade mesmo durante uso prolongado. O design tamb\u00e9m permite f\u00e1cil ajuste de capacidade e altura, tornando-a adapt\u00e1vel a v\u00e1rias necessidades de produ\u00e7\u00e3o e diferentes tamanhos de doces, garantindo flexibilidade para atender a diversos requisitos de fabrica\u00e7\u00e3o.<\/p>\n<p>N\u00e3o importa se voc\u00ea est\u00e1 produzindo pequenos lotes ou tiragens em grande escala, essa m\u00e1quina foi criada para fornecer resultados consistentes e de alta qualidade, simplificando o processo de empacotamento e melhorando a efici\u00eancia geral da produ\u00e7\u00e3o.<\/p>\n<p>&nbsp;<\/p>","protected":false},"excerpt":{"rendered":"<p>Ao integrar tecnologia avan\u00e7ada e processos simplificados, essa linha ajuda os fabricantes de doces a aumentar a produtividade, garantindo que cada lote atenda aos mais altos padr\u00f5es. Se voc\u00ea estiver produzindo geleia, goma ou outros doces \u00e0 base de pectina, esse sistema oferece uma solu\u00e7\u00e3o confi\u00e1vel e econ\u00f4mica para atender \u00e0s crescentes demandas do mercado.<\/p>","protected":false},"featured_media":4937,"comment_status":"closed","ping_status":"closed","template":"","meta":[],"product_brand":[],"product_cat":[16,98],"product_tag":[],"class_list":{"0":"post-1277","1":"product","2":"type-product","3":"status-publish","4":"has-post-thumbnail","6":"product_cat-candy-machine","7":"product_cat-gummy-candy-machine","9":"first","10":"instock","11":"shipping-taxable","12":"product-type-simple"},"_links":{"self":[{"href":"https:\/\/www.jymachinetech.com\/pt\/wp-json\/wp\/v2\/product\/1277","targetHints":{"allow":["GET"]}}],"collection":[{"href":"https:\/\/www.jymachinetech.com\/pt\/wp-json\/wp\/v2\/product"}],"about":[{"href":"https:\/\/www.jymachinetech.com\/pt\/wp-json\/wp\/v2\/types\/product"}],"replies":[{"embeddable":true,"href":"https:\/\/www.jymachinetech.com\/pt\/wp-json\/wp\/v2\/comments?post=1277"}],"version-history":[{"count":0,"href":"https:\/\/www.jymachinetech.com\/pt\/wp-json\/wp\/v2\/product\/1277\/revisions"}],"wp:featuredmedia":[{"embeddable":true,"href":"https:\/\/www.jymachinetech.com\/pt\/wp-json\/wp\/v2\/media\/4937"}],"wp:attachment":[{"href":"https:\/\/www.jymachinetech.com\/pt\/wp-json\/wp\/v2\/media?parent=1277"}],"wp:term":[{"taxonomy":"product_brand","embeddable":true,"href":"https:\/\/www.jymachinetech.com\/pt\/wp-json\/wp\/v2\/product_brand?post=1277"},{"taxonomy":"product_cat","embeddable":true,"href":"https:\/\/www.jymachinetech.com\/pt\/wp-json\/wp\/v2\/product_cat?post=1277"},{"taxonomy":"product_tag","embeddable":true,"href":"https:\/\/www.jymachinetech.com\/pt\/wp-json\/wp\/v2\/product_tag?post=1277"}],"curies":[{"name":"wp","href":"https:\/\/api.w.org\/{rel}","templated":true}]}}