{"id":1218,"date":"2020-06-10T06:29:23","date_gmt":"2020-06-10T06:29:23","guid":{"rendered":"https:\/\/www.jymachinetech.com\/?post_type=product&#038;p=1218"},"modified":"2025-07-25T08:44:13","modified_gmt":"2025-07-25T08:44:13","slug":"starch-less-depositing","status":"publish","type":"product","link":"https:\/\/www.jymachinetech.com\/pt\/product\/starch-less-depositing\/","title":{"rendered":"M\u00e1quina de doces sem amido | Linha de produ\u00e7\u00e3o de pirulito de caramelo de gel\u00e9ia"},"content":{"rendered":"<p>Este sistema de deposi\u00e7\u00e3o sem amido \u00e9 projetado para fazer doces do tipo moldagem.<\/p>\n<p>Tem uma vasta gama de produtos como Soft Gummy, Jelly, Toffee, Lollipop &amp; Hard Candies com diferentes sistemas de cozedura.<\/p>\n<p>E Uma variedade de estilos como centro-cheia, Cola Side by Side, Hamb\u00farguer camada por camada, Tornado duas ou tr\u00eas cores\u2026<\/p>\n<p>Envie-nos a foto dos doces de seu interesse para iniciar j\u00e1 uma m\u00e1quina de produ\u00e7\u00e3o personalizada!<\/p>\n<h2><strong>Especifica\u00e7\u00e3o t\u00e9cnica<\/strong><\/h2>\n<div class=\"table-responsive\">\n<table>\n<tbody>\n<tr>\n<td width=\"60\"><strong><b>Modelo<\/b><\/strong><\/td>\n<td width=\"60\"><strong><b>JY<\/b><\/strong><strong><b>-40<\/b><\/strong><\/td>\n<td width=\"60\"><strong><b>JY<\/b><\/strong><strong><b>-80<\/b><\/strong><\/td>\n<td width=\"60\"><strong><b>JY<\/b><\/strong><strong><b>-150<\/b><\/strong><\/td>\n<td width=\"60\"><strong><b>JY<\/b><\/strong><strong><b>-300<\/b><\/strong><\/td>\n<td width=\"60\"><strong><b>JY<\/b><\/strong><strong><b>-600<\/b><\/strong><\/td>\n<td width=\"60\"><strong><b>JY<\/b><\/strong><strong><b>-1500<\/b><\/strong><\/td>\n<\/tr>\n<tr>\n<td width=\"60\">Capacidade<\/p>\n<p>PCS\/H<\/td>\n<td width=\"60\">8,000-<\/p>\n<p>12,000<\/td>\n<td width=\"60\">12,000-<\/p>\n<p>21,600<\/td>\n<td width=\"60\">25,000-<\/p>\n<p>43,200<\/td>\n<td width=\"60\">50,000-<\/p>\n<p>86,400<\/td>\n<td width=\"60\">10,000-<\/p>\n<p>172,800<\/td>\n<td width=\"60\">384,000-<\/p>\n<p>768,000<\/td>\n<\/tr>\n<tr>\n<td width=\"60\">Comprimento<\/td>\n<td width=\"60\"><\/td>\n<td width=\"60\"><\/td>\n<td width=\"60\"><\/td>\n<td width=\"60\"><\/td>\n<td width=\"60\"><\/td>\n<td width=\"60\"><\/td>\n<\/tr>\n<\/tbody>\n<\/table>\n<\/div>\n<p>&nbsp;<\/p>\n<h2><strong><span lang=\"EN-US\">Que tipos de doces podem ser feitos por esta m\u00e1quina?<\/span><\/strong><\/h2>\n<p><img fetchpriority=\"high\" decoding=\"async\" class=\"alignnone size-full wp-image-1220\" title=\"m\u00e1quina de doces sem amido | linha de produ\u00e7\u00e3o de pirulito de gel\u00e9ia e caramelo\" src=\"https:\/\/www.jymachinetech.com\/wp-content\/uploads\/2021\/12\/Starch-less-depositing-2.png\" alt=\"m\u00e1quina de doces sem amido | linha de produ\u00e7\u00e3o de pirulito de gel\u00e9ia e caramelo\" width=\"1272\" height=\"383\" srcset=\"https:\/\/www.jymachinetech.com\/wp-content\/uploads\/2021\/12\/Starch-less-depositing-2.png 1272w, https:\/\/www.jymachinetech.com\/wp-content\/uploads\/2021\/12\/Starch-less-depositing-2-18x5.png 18w, https:\/\/www.jymachinetech.com\/wp-content\/uploads\/2021\/12\/Starch-less-depositing-2-600x181.png 600w\" sizes=\"(max-width: 1272px) 100vw, 1272px\" \/><\/p>\n<p>&nbsp;<\/p>\n<h2>Fog\u00e3o a v\u00e1cuo de microfilme<\/h2>\n<p>Seu exclusivo processo de cozimento em pel\u00edcula fina oferece alta qualidade consistente em muitos tipos de xaropes de confeitaria sem a\u00e7\u00facar e sem a\u00e7\u00facar para balas e pirulitos.<\/p>\n<p>Um rotor articulado varre uma pel\u00edcula fina e uniforme de xarope para dentro do tubo, onde cozinha rapidamente Com alto rendimento, alta transpar\u00eancia de xarope para maior vida \u00fatil e opera\u00e7\u00e3o conveniente, \u00e9 a primeira escolha para doces de alta qualidade.<\/p>\n<h2>Fog\u00e3o a v\u00e1cuo para doces de goma<\/h2>\n<p>Esta m\u00e1quina era avan\u00e7ada e adequada para cozinhar pectina, \u00e1gar, carragenina e outros amidos modificados para produ\u00e7\u00e3o de goma. O cozimento em circuito fechado usando os modos de temperatura ou press\u00e3o atinge uma temperatura ou umidade final de cozimento precisa para um tempo de secagem gomoso mais curto, maior vida \u00fatil e menos bolhas durante o processo cont\u00ednuo.<\/p>\n<h2>Fog\u00e3o Toffee e Caramelo<\/h2>\n<p>Este \u00e9 o fog\u00e3o para doces pouco cozidos, como doces macios e mastig\u00e1veis, caramelo, caramelos e fudges.<\/p>\n<p>E o caramelo usa um trocador de calor de placas de alta efici\u00eancia para cozinhar a pr\u00e9-mistura b\u00e1sica de a\u00e7\u00facar \/ glicose, enquanto o leite condensado ou outros agentes sens\u00edveis ao calor s\u00e3o injetados na massa ap\u00f3s o PHE e depois cozidos dentro de um recipiente de caramelo para desenvolver a cor desejada E Sabor. Esse sistema simples e livre de manuten\u00e7\u00e3o permite produzir caramelos e caramelos de qualidade premium com alto teor de leite.<\/p>\n<h2>Aerador cont\u00ednuo<\/h2>\n<p>Tr\u00eas tempera zoon com chiller quente e frio para controlar a m\u00e1quina aeradora durante a mistura para melhor resultado do processo de aera\u00e7\u00e3o.<\/p>\n<p>Dentro com haste de mistura densa para rotativa de alta velocidade para atingir a densidade e estrutura desejadas.<\/p>\n<h2>Doce de leite e panela de Taffy<\/h2>\n<p>Este fog\u00e3o de microfilme a v\u00e1cuo cont\u00ednuo \u00e9 usado em doces de leite, caramelo duro, etc.<\/p>\n<p>A diferen\u00e7a \u00e9 que proteger\u00e1 os ingredientes dos produtos l\u00e1cteos da alta temperatura do fog\u00e3o normal e manter\u00e1 o sabor m\u00e1ximo dos produtos l\u00e1cteos.<\/p>\n<p>&nbsp;<\/p>\n<h2>Sistema autom\u00e1tico de cozinha<\/h2>\n<p><img decoding=\"async\" class=\"alignnone size-full wp-image-1800\" title=\"m\u00e1quina de doces sem amido | linha de produ\u00e7\u00e3o de pirulito de gel\u00e9ia e caramelo\" src=\"https:\/\/www.jymachinetech.com\/wp-content\/uploads\/2021\/12\/kitchen-system.jpg\" alt=\"m\u00e1quina de doces sem amido | linha de produ\u00e7\u00e3o de pirulito de gel\u00e9ia e caramelo\" width=\"999\" height=\"666\" srcset=\"https:\/\/www.jymachinetech.com\/wp-content\/uploads\/2021\/12\/kitchen-system.jpg 999w, https:\/\/www.jymachinetech.com\/wp-content\/uploads\/2021\/12\/kitchen-system-18x12.jpg 18w, https:\/\/www.jymachinetech.com\/wp-content\/uploads\/2021\/12\/kitchen-system-600x400.jpg 600w\" sizes=\"(max-width: 999px) 100vw, 999px\" \/><\/p>\n<h2>M\u00e1quina formadora<\/h2>\n<p><img decoding=\"async\" class=\"alignnone size-full wp-image-1798\" title=\"m\u00e1quina de doces sem amido | linha de produ\u00e7\u00e3o de pirulito de gel\u00e9ia e caramelo\" src=\"https:\/\/www.jymachinetech.com\/wp-content\/uploads\/2021\/12\/forming-machine.jpg\" alt=\"m\u00e1quina de doces sem amido | linha de produ\u00e7\u00e3o de pirulito de gel\u00e9ia e caramelo\" width=\"999\" height=\"666\" srcset=\"https:\/\/www.jymachinetech.com\/wp-content\/uploads\/2021\/12\/forming-machine.jpg 999w, https:\/\/www.jymachinetech.com\/wp-content\/uploads\/2021\/12\/forming-machine-18x12.jpg 18w, https:\/\/www.jymachinetech.com\/wp-content\/uploads\/2021\/12\/forming-machine-600x400.jpg 600w\" sizes=\"(max-width: 999px) 100vw, 999px\" \/><\/p>\n<h2>Depositante de goma<\/h2>\n<p><img loading=\"lazy\" decoding=\"async\" class=\"alignnone size-full wp-image-1799\" title=\"m\u00e1quina de doces sem amido | linha de produ\u00e7\u00e3o de pirulito de gel\u00e9ia e caramelo\" src=\"https:\/\/www.jymachinetech.com\/wp-content\/uploads\/2021\/12\/gummy-depositor.jpg\" alt=\"m\u00e1quina de doces sem amido | linha de produ\u00e7\u00e3o de pirulito de gel\u00e9ia e caramelo\" width=\"999\" height=\"666\" srcset=\"https:\/\/www.jymachinetech.com\/wp-content\/uploads\/2021\/12\/gummy-depositor.jpg 999w, https:\/\/www.jymachinetech.com\/wp-content\/uploads\/2021\/12\/gummy-depositor-18x12.jpg 18w, https:\/\/www.jymachinetech.com\/wp-content\/uploads\/2021\/12\/gummy-depositor-600x400.jpg 600w\" sizes=\"(max-width: 999px) 100vw, 999px\" \/><\/p>\n<h2>Sistema de inje\u00e7\u00e3o de palito de pirulito<\/h2>\n<p><img loading=\"lazy\" decoding=\"async\" class=\"alignnone size-full wp-image-1801\" title=\"m\u00e1quina de doces sem amido | linha de produ\u00e7\u00e3o de pirulito de gel\u00e9ia e caramelo\" src=\"https:\/\/www.jymachinetech.com\/wp-content\/uploads\/2021\/12\/Lollipop-stick-injection-system.jpg\" alt=\"m\u00e1quina de doces sem amido | linha de produ\u00e7\u00e3o de pirulito de gel\u00e9ia e caramelo\" width=\"999\" height=\"681\" srcset=\"https:\/\/www.jymachinetech.com\/wp-content\/uploads\/2021\/12\/Lollipop-stick-injection-system.jpg 999w, https:\/\/www.jymachinetech.com\/wp-content\/uploads\/2021\/12\/Lollipop-stick-injection-system-18x12.jpg 18w, https:\/\/www.jymachinetech.com\/wp-content\/uploads\/2021\/12\/Lollipop-stick-injection-system-600x409.jpg 600w\" sizes=\"(max-width: 999px) 100vw, 999px\" \/><\/p>\n<h2>Cabo de controle<\/h2>\n<p><img loading=\"lazy\" decoding=\"async\" class=\"alignnone size-full wp-image-1796\" title=\"m\u00e1quina de doces sem amido | linha de produ\u00e7\u00e3o de pirulito de gel\u00e9ia e caramelo\" src=\"https:\/\/www.jymachinetech.com\/wp-content\/uploads\/2021\/12\/control-cable.jpg\" alt=\"m\u00e1quina de doces sem amido | linha de produ\u00e7\u00e3o de pirulito de gel\u00e9ia e caramelo\" width=\"999\" height=\"666\" srcset=\"https:\/\/www.jymachinetech.com\/wp-content\/uploads\/2021\/12\/control-cable.jpg 999w, https:\/\/www.jymachinetech.com\/wp-content\/uploads\/2021\/12\/control-cable-18x12.jpg 18w, https:\/\/www.jymachinetech.com\/wp-content\/uploads\/2021\/12\/control-cable-600x400.jpg 600w\" sizes=\"(max-width: 999px) 100vw, 999px\" \/><\/p>\n<h2>T\u00fanel de resfriamento<\/h2>\n<p>&nbsp;<\/p>\n<h2>Desmoldagem<\/h2>\n<p><img loading=\"lazy\" decoding=\"async\" class=\"alignnone size-full wp-image-1797\" title=\"m\u00e1quina de doces sem amido | linha de produ\u00e7\u00e3o de pirulito de gel\u00e9ia e caramelo\" src=\"https:\/\/www.jymachinetech.com\/wp-content\/uploads\/2021\/12\/demolding.jpg\" alt=\"m\u00e1quina de doces sem amido | linha de produ\u00e7\u00e3o de pirulito de gel\u00e9ia e caramelo\" width=\"999\" height=\"666\" srcset=\"https:\/\/www.jymachinetech.com\/wp-content\/uploads\/2021\/12\/demolding.jpg 999w, https:\/\/www.jymachinetech.com\/wp-content\/uploads\/2021\/12\/demolding-18x12.jpg 18w, https:\/\/www.jymachinetech.com\/wp-content\/uploads\/2021\/12\/demolding-600x400.jpg 600w\" sizes=\"(max-width: 999px) 100vw, 999px\" \/><\/p>\n<p>&nbsp;<\/p>\n<h2>Produ\u00e7\u00e3o de m\u00e1quinas de doces sem amido<\/h2>\n<p><img loading=\"lazy\" decoding=\"async\" class=\"alignnone size-full wp-image-1802\" title=\"m\u00e1quina de doces sem amido | linha de produ\u00e7\u00e3o de pirulito de gel\u00e9ia e caramelo\" src=\"https:\/\/www.jymachinetech.com\/wp-content\/uploads\/2021\/12\/prodcutin1.jpg\" alt=\"m\u00e1quina de doces sem amido | linha de produ\u00e7\u00e3o de pirulito de gel\u00e9ia e caramelo\" width=\"999\" height=\"666\" srcset=\"https:\/\/www.jymachinetech.com\/wp-content\/uploads\/2021\/12\/prodcutin1.jpg 999w, https:\/\/www.jymachinetech.com\/wp-content\/uploads\/2021\/12\/prodcutin1-18x12.jpg 18w, https:\/\/www.jymachinetech.com\/wp-content\/uploads\/2021\/12\/prodcutin1-600x400.jpg 600w\" sizes=\"(max-width: 999px) 100vw, 999px\" \/><\/p>\n<p><img loading=\"lazy\" decoding=\"async\" class=\"alignnone size-full wp-image-1803\" title=\"m\u00e1quina de doces sem amido | linha de produ\u00e7\u00e3o de pirulito de gel\u00e9ia e caramelo\" src=\"https:\/\/www.jymachinetech.com\/wp-content\/uploads\/2021\/12\/production1.jpg\" alt=\"m\u00e1quina de doces sem amido | linha de produ\u00e7\u00e3o de pirulito de gel\u00e9ia e caramelo\" width=\"999\" height=\"666\" srcset=\"https:\/\/www.jymachinetech.com\/wp-content\/uploads\/2021\/12\/production1.jpg 999w, https:\/\/www.jymachinetech.com\/wp-content\/uploads\/2021\/12\/production1-18x12.jpg 18w, https:\/\/www.jymachinetech.com\/wp-content\/uploads\/2021\/12\/production1-600x400.jpg 600w\" sizes=\"(max-width: 999px) 100vw, 999px\" \/><\/p>\n<p><img loading=\"lazy\" decoding=\"async\" class=\"alignnone size-full wp-image-1804\" title=\"m\u00e1quina de doces sem amido | linha de produ\u00e7\u00e3o de pirulito de gel\u00e9ia e caramelo\" src=\"https:\/\/www.jymachinetech.com\/wp-content\/uploads\/2021\/12\/production2.jpg\" alt=\"m\u00e1quina de doces sem amido | linha de produ\u00e7\u00e3o de pirulito de gel\u00e9ia e caramelo\" width=\"999\" height=\"666\" srcset=\"https:\/\/www.jymachinetech.com\/wp-content\/uploads\/2021\/12\/production2.jpg 999w, https:\/\/www.jymachinetech.com\/wp-content\/uploads\/2021\/12\/production2-18x12.jpg 18w, https:\/\/www.jymachinetech.com\/wp-content\/uploads\/2021\/12\/production2-600x400.jpg 600w\" sizes=\"(max-width: 999px) 100vw, 999px\" \/><\/p>\n<p><img loading=\"lazy\" decoding=\"async\" class=\"alignnone size-full wp-image-1806\" title=\"m\u00e1quina de doces sem amido | linha de produ\u00e7\u00e3o de pirulito de gel\u00e9ia e caramelo\" src=\"https:\/\/www.jymachinetech.com\/wp-content\/uploads\/2021\/12\/production4.jpg\" alt=\"m\u00e1quina de doces sem amido | linha de produ\u00e7\u00e3o de pirulito de gel\u00e9ia e caramelo\" width=\"999\" height=\"666\" srcset=\"https:\/\/www.jymachinetech.com\/wp-content\/uploads\/2021\/12\/production4.jpg 999w, https:\/\/www.jymachinetech.com\/wp-content\/uploads\/2021\/12\/production4-18x12.jpg 18w, https:\/\/www.jymachinetech.com\/wp-content\/uploads\/2021\/12\/production4-600x400.jpg 600w\" sizes=\"(max-width: 999px) 100vw, 999px\" \/><\/p>\n<h2>FAQ da m\u00e1quina de doces sem amido<\/h2>\n<p>Q1: Eu n\u00e3o tenho experi\u00eancia e f\u00f3rmula, voc\u00ea pode ajudar?<\/p>\n<p>-R: Sim, estamos oferecendo um plano de escopo completo, desde a f\u00f3rmula at\u00e9 o suporte ao produto<\/p>\n<p>P2: Posso tornar dif\u00edcil <a href=\"https:\/\/www.jymachinetech.com\/pt\/top-benefits-of-using-a-candy-manufacturing-machine-for-your-business\/\" title=\"Principais benef\u00edcios de usar uma m\u00e1quina de fabrica\u00e7\u00e3o de doces para sua empresa\"  data-wpil-monitor-id=\"54\" target=\"_blank\">doces nesta m\u00e1quina<\/a>?<\/p>\n<p>-A\uff1a Sim, mas tamb\u00e9m caramelos, pirulitos tamb\u00e9m.<\/p>\n<p>Q3: Qual \u00e9 a tens\u00e3o da m\u00e1quina e Amp?<\/p>\n<p>-A: Personalizamos o equipamento de acordo com sua voltagem, e com diferentes voltagens, calcularemos a lista de amperes para voc\u00ea.<\/p>\n<p>P4:Quero adicionar uma farm\u00e1cia dentro do <a href=\"https:\/\/www.jymachinetech.com\/pt\/beginners-guide-using-gummy-candy-machine-homemade-gummies\/\" title=\"Guia para iniciantes sobre como usar uma m\u00e1quina de balas de goma\"  data-wpil-monitor-id=\"61\" target=\"_blank\">doces faz sua m\u00e1quina<\/a> tem algum certificado para me ajudar a passar nos requisitos da FDA?<\/p>\n<p>-R: Sim, temos CE e usamos todas as marcas da UL e da UE listadas em estrita conformidade com o GMP Stander.<\/p>\n<p>Q5: O que mais eu preciso para preparar esta m\u00e1quina precisa de ar comprimido limpo?<\/p>\n<p>-A: C onside a maior parte do limite de espa\u00e7o do cliente esta m\u00e1quina s\u00f3 precisa conectar a energia, economizar custos do cliente e evolu\u00e7\u00e3o complexa do fluxo de ar comprimido. Use servo controle mais simples e inteligente, sem necessidade de conectar sistemas extras para as m\u00e1quinas.<\/p>\n<p>Q6: Como devo definir a temperatura e o peso dos doces?<\/p>\n<p>-A: Pela caixa de controle e configura\u00e7\u00e3o da tela de toque para ajustar.<\/p>\n<p>Q7: Preciso mover os moldes para a etapa de resfriamento?<\/p>\n<p>-R: N\u00e3o, a m\u00e1quina \u00e9 totalmente autom\u00e1tica desde o depositante e legal, voc\u00ea s\u00f3 precisa coletar o doce, e a m\u00e1quina sair!<\/p>\n<p>Q8: Preciso de algum especialista para instalar a m\u00e1quina?<\/p>\n<p>-R: A m\u00e1quina el\u00e9trica \u00e9 pelo engate r\u00e1pido e f\u00e1cil configura\u00e7\u00e3o em uma tela sens\u00edvel ao toque como um smartphone ou se precisar temos equipe de suporte t\u00e9cnico local pode ajudar.<\/p>\n<p>N\u00f3s fornecemos uma m\u00e1quina de fabrica\u00e7\u00e3o de doces de ursinho de goma de nutri\u00e7\u00e3o, se voc\u00ea estiver interessado em m\u00e1quina de fabrica\u00e7\u00e3o de doces de ursinho de goma de nutri\u00e7\u00e3o, voc\u00ea pode procurar produtos relacionados e iniciar consultas em nosso site.<\/p>\n<h2><strong><b>Por que<\/b><\/strong><strong><b>\u00a0<\/b><\/strong><strong><b>escolher<\/b><\/strong><strong><b>\u00a0Junyu?<\/b><\/strong><\/h2>\n<ul>\n<li>Equipe de servi\u00e7o no exterior<\/li>\n<li>Servi\u00e7o local da NormathAmerica<\/li>\n<li>Manuten\u00e7\u00e3o de m\u00e1quina autom\u00e1tica<\/li>\n<li>Centro de Pe\u00e7as 24H\/7 dias<\/li>\n<li>Design de layout do FreeFactory<\/li>\n<li>Amostra de forma personalizada gr\u00e1tis<\/li>\n<li>Projeto de f\u00f3rmula do produto<\/li>\n<li>projeto de m\u00e1quina<\/li>\n<li>3DExibi\u00e7\u00e3o do esquema do equipamento<\/li>\n<li>Tour de produ\u00e7\u00e3o da f\u00e1brica do cliente<\/li>\n<li>Profissional de f\u00e1brica real e confiabilidade<\/li>\n<li>Fa\u00e7a uma cota\u00e7\u00e3o agora<\/li>\n<\/ul>","protected":false},"excerpt":{"rendered":"<ul>\n<li>Alta precis\u00e3o<\/li>\n<li>Pondera\u00e7\u00e3o autom\u00e1tica<\/li>\n<li>Maior capacidade industrial<\/li>\n<li>Cozinha e alimenta\u00e7\u00e3o autom\u00e1tica<\/li>\n<li>Sistema de secagem autom\u00e1tica<\/li>\n<li>Pre\u00e7o razo\u00e1vel<\/li>\n<li>Processo vers\u00e1til<\/li>\n<li>Sistema flex\u00edvel<\/li>\n<li>Design modular exclusivo<\/li>\n<li>Maior vida mec\u00e2nica<\/li>\n<li>Design modular<\/li>\n<li>sistema OBD<\/li>\n<li>Controle remoto<\/li>\n<\/ul>","protected":false},"featured_media":1809,"comment_status":"closed","ping_status":"closed","template":"","meta":[],"product_brand":[],"product_cat":[16,100,102],"product_tag":[32,33],"class_list":{"0":"post-1218","1":"product","2":"type-product","3":"status-publish","4":"has-post-thumbnail","6":"product_cat-candy-machine","7":"product_cat-lollipop-machine","8":"product_cat-toffee-candy-machine","9":"product_tag-candy-machine","10":"product_tag-vacuum-cooker","12":"first","13":"instock","14":"shipping-taxable","15":"product-type-simple"},"_links":{"self":[{"href":"https:\/\/www.jymachinetech.com\/pt\/wp-json\/wp\/v2\/product\/1218","targetHints":{"allow":["GET"]}}],"collection":[{"href":"https:\/\/www.jymachinetech.com\/pt\/wp-json\/wp\/v2\/product"}],"about":[{"href":"https:\/\/www.jymachinetech.com\/pt\/wp-json\/wp\/v2\/types\/product"}],"replies":[{"embeddable":true,"href":"https:\/\/www.jymachinetech.com\/pt\/wp-json\/wp\/v2\/comments?post=1218"}],"version-history":[{"count":3,"href":"https:\/\/www.jymachinetech.com\/pt\/wp-json\/wp\/v2\/product\/1218\/revisions"}],"predecessor-version":[{"id":7285,"href":"https:\/\/www.jymachinetech.com\/pt\/wp-json\/wp\/v2\/product\/1218\/revisions\/7285"}],"wp:featuredmedia":[{"embeddable":true,"href":"https:\/\/www.jymachinetech.com\/pt\/wp-json\/wp\/v2\/media\/1809"}],"wp:attachment":[{"href":"https:\/\/www.jymachinetech.com\/pt\/wp-json\/wp\/v2\/media?parent=1218"}],"wp:term":[{"taxonomy":"product_brand","embeddable":true,"href":"https:\/\/www.jymachinetech.com\/pt\/wp-json\/wp\/v2\/product_brand?post=1218"},{"taxonomy":"product_cat","embeddable":true,"href":"https:\/\/www.jymachinetech.com\/pt\/wp-json\/wp\/v2\/product_cat?post=1218"},{"taxonomy":"product_tag","embeddable":true,"href":"https:\/\/www.jymachinetech.com\/pt\/wp-json\/wp\/v2\/product_tag?post=1218"}],"curies":[{"name":"wp","href":"https:\/\/api.w.org\/{rel}","templated":true}]}}