{"id":1203,"date":"2021-12-20T15:47:34","date_gmt":"2021-12-20T15:47:34","guid":{"rendered":"https:\/\/www.jymachinetech.com\/?post_type=product&#038;p=1203"},"modified":"2025-07-25T06:03:50","modified_gmt":"2025-07-25T06:03:50","slug":"cookie-production-line","status":"publish","type":"product","link":"https:\/\/www.jymachinetech.com\/pt\/product\/cookie-production-line\/","title":{"rendered":"Linha de produ\u00e7\u00e3o de biscoitos | M\u00e1quina de fazer biscoitos"},"content":{"rendered":"<p>Nossa linha de produ\u00e7\u00e3o de biscoitos oferece op\u00e7\u00f5es de capacidade vers\u00e1teis, variando de 200 kg a 2,5 toneladas por hora. Essa flexibilidade permite que voc\u00ea dimensione sua produ\u00e7\u00e3o de acordo com suas necessidades. Simplesmente trocando os moldes rotativos, voc\u00ea pode produzir uma variedade de biscoitos, incluindo biscoitos amanteigados, biscoitos macios, biscoitos de chocolate e muito mais. Para garantir a mais alta qualidade e efici\u00eancia em sua produ\u00e7\u00e3o, fornecemos orienta\u00e7\u00e3o completa sobre a massa e os ingredientes adequados para seus produtos espec\u00edficos.<\/p>\n<p><iframe title=\"Como fazer biscoitos em nossa f\u00e1brica? Linha de produ\u00e7\u00e3o de biscoitos totalmente autom\u00e1tica de 1200 mm M\u00e1quina de fazer biscoitos\" width=\"800\" height=\"450\" src=\"https:\/\/www.youtube.com\/embed\/kwUAEOGspq0?list=PLkC9Irp2ZdYYo8LYiGUXXFn1OQ5NaYFSQ\" frameborder=\"0\" allow=\"accelerometer; autoplay; clipboard-write; encrypted-media; gyroscope; picture-in-picture; web-share\" referrerpolicy=\"strict-origin-when-cross-origin\" allowfullscreen><\/iframe><\/p>\n<h2><strong>Principais caracter\u00edsticas e vantagens<\/strong><\/h2>\n<ul>\n<li><strong>Produ\u00e7\u00e3o Vers\u00e1til<\/strong>: Capaz de produzir uma grande variedade de biscoitos alterando os formatos dos moldes rotativos.<\/li>\n<li><strong>Op\u00e7\u00f5es de capacidade<\/strong>: Varia de 200 kg a 2,5 toneladas por hora, acomodando diversas escalas de produ\u00e7\u00e3o.<\/li>\n<li><strong>Materiais de alta qualidade<\/strong>: Feito de a\u00e7o inoxid\u00e1vel SUS 304, garantindo o atendimento aos padr\u00f5es de sa\u00fade e seguran\u00e7a.<\/li>\n<li><strong>Controle Autom\u00e1tico<\/strong>: Equipado com um sistema de controle PLC para opera\u00e7\u00e3o precisa e eficiente.<\/li>\n<li><strong>Custo-efetivo<\/strong>: M\u00e1quinas de alta qualidade a pre\u00e7os competitivos, proporcionando excelente valor ao seu investimento.<\/li>\n<li><strong>Certifica\u00e7\u00f5es<\/strong>: Certificado CE e ISO, garantindo conformidade com padr\u00f5es internacionais de qualidade e seguran\u00e7a.<\/li>\n<li><strong>Caracter\u00edsticas de seguran\u00e7a<\/strong>: Tampas de seguran\u00e7a vis\u00edveis para um ambiente de trabalho seguro.<\/li>\n<li><strong>F\u00e1cil instala\u00e7\u00e3o e manuten\u00e7\u00e3o<\/strong>: Projetado para instala\u00e7\u00e3o e manuten\u00e7\u00e3o simples, minimizando o tempo de inatividade.<\/li>\n<li><strong>Engenheiros experientes<\/strong>: Mais de 20 engenheiros com ampla experi\u00eancia em instala\u00e7\u00e3o no exterior fornecem suporte confi\u00e1vel.<\/li>\n<li><strong>F\u00f3rmulas personalizadas<\/strong>: F\u00f3rmulas personalizadas dispon\u00edveis para cada cliente para garantir consist\u00eancia e qualidade do produto.<\/li>\n<li><strong>Prazo de entrega r\u00e1pido<\/strong>:N\u00f3s nos esfor\u00e7amos para entregar rapidamente para manter sua produ\u00e7\u00e3o dentro do cronograma.<\/li>\n<li><strong>Suporte t\u00e9cnico 24\/7<\/strong>: Nossa equipe de suporte est\u00e1 dispon\u00edvel on-line em 24 horas para ajudar com quaisquer problemas t\u00e9cnicos.<\/li>\n<li><strong>Manuten\u00e7\u00e3o Anual<\/strong>: Servi\u00e7os de manuten\u00e7\u00e3o abrangentes para garantir uma produ\u00e7\u00e3o tranquila e eficiente.<\/li>\n<\/ul>\n<h2><strong>Considera\u00e7\u00f5es sobre a produ\u00e7\u00e3o<\/strong><\/h2>\n<p>Antes de iniciar a produ\u00e7\u00e3o, \u00e9 fundamental determinar o tipo de massa e os ingredientes adequados para seus cookies. Aqui est\u00e3o alguns fatores a serem considerados:<\/p>\n<ol>\n<li><strong>Tipo de massa<\/strong>: Identifique se seu produto requer massa dura, massa macia ou uma massa semelhante ao merengue.<\/li>\n<li><strong>Conte\u00fado de gordura<\/strong>: Determine se vai usar manteiga, margarina ou \u00f3leos. Observe que o alto teor de gordura pode deixar a massa pegajosa e dif\u00edcil de manusear.<\/li>\n<li><strong>Ingredientes adicionais<\/strong>: Considere se h\u00e1 part\u00edculas extras dentro da massa, como peda\u00e7os de chocolate, nozes ou outras inclus\u00f5es que possam afetar a consist\u00eancia e o manuseio da massa.<\/li>\n<\/ol>\n<h2><strong>Vis\u00e3o geral do fluxo de produ\u00e7\u00e3o<\/strong><\/h2>\n<ol>\n<li><strong>Mistura<\/strong>:Os ingredientes s\u00e3o misturados para formar a massa do biscoito.<\/li>\n<li><strong>Forma\u00e7\u00e3o<\/strong>:A massa \u00e9 moldada em biscoitos usando formas rotativas.<\/li>\n<li><strong>Cozimento<\/strong>:Os biscoitos s\u00e3o assados no forno para atingir a textura e o sabor desejados.<\/li>\n<li><strong>Resfriamento<\/strong>:Os biscoitos assados s\u00e3o resfriados at\u00e9 a temperatura ideal.<\/li>\n<li><strong>Embalagem<\/strong>:Os biscoitos prontos s\u00e3o embalados para distribui\u00e7\u00e3o.<\/li>\n<\/ol>\n<h2><b><span lang=\"EN-US\">M\u00e1quina misturadora de massa para linha de produ\u00e7\u00e3o de biscoitos macios<\/span><\/b><\/h2>\n<p><img fetchpriority=\"high\" decoding=\"async\" class=\"alignnone size-full wp-image-1210\" title=\"linha de produ\u00e7\u00e3o de biscoitos | m\u00e1quina de fazer biscoitos\" src=\"https:\/\/www.jymachinetech.com\/wp-content\/uploads\/2021\/12\/cookie-production-line-6.png\" alt=\"linha de produ\u00e7\u00e3o de biscoitos | m\u00e1quina de fazer biscoitos\" width=\"685\" height=\"464\" srcset=\"https:\/\/www.jymachinetech.com\/wp-content\/uploads\/2021\/12\/cookie-production-line-6.png 685w, https:\/\/www.jymachinetech.com\/wp-content\/uploads\/2021\/12\/cookie-production-line-6-18x12.png 18w, https:\/\/www.jymachinetech.com\/wp-content\/uploads\/2021\/12\/cookie-production-line-6-600x406.png 600w\" sizes=\"(max-width: 685px) 100vw, 685px\" \/><\/p>\n<p>&nbsp;<\/p>\n<p><span lang=\"EN-US\">Este misturador de massa para sistema de mistura de biscoito macio com\u00a0<\/span><span lang=\"EN-US\">sistema de controle PLC inteligente e sistema de tela sens\u00edvel ao toque com transmiss\u00e3o de sinal de remo\u00e7\u00e3o.<\/span><br \/>\n<span lang=\"EN-US\">A conex\u00e3o com um cortador de massa e sistema de transporte autom\u00e1tico pode ser um processamento totalmente automatizado.<\/span><\/p>\n<p>&nbsp;<\/p>\n<h2><b><span lang=\"EN-US\">Sistema de alimenta\u00e7\u00e3o<\/span><\/b><\/h2>\n<p><img decoding=\"async\" class=\"alignnone size-full wp-image-1211\" title=\"linha de produ\u00e7\u00e3o de biscoitos | m\u00e1quina de fazer biscoitos\" src=\"https:\/\/www.jymachinetech.com\/wp-content\/uploads\/2021\/12\/cookie-production-line-7.jpeg\" alt=\"linha de produ\u00e7\u00e3o de biscoitos | m\u00e1quina de fazer biscoitos\" width=\"588\" height=\"784\" srcset=\"https:\/\/www.jymachinetech.com\/wp-content\/uploads\/2021\/12\/cookie-production-line-7.jpeg 588w, https:\/\/www.jymachinetech.com\/wp-content\/uploads\/2021\/12\/cookie-production-line-7-9x12.jpeg 9w\" sizes=\"(max-width: 588px) 100vw, 588px\" \/><\/p>\n<p>&nbsp;<\/p>\n<h2><b><span lang=\"EN-US\">Moldadora rotativa para processamento de biscoitos<\/span><\/b><\/h2>\n<p><span lang=\"EN-US\">Uma vez que os tipos de biscoito e massa tenham sido confirmados, podemos come\u00e7ar a nos concentrar no tamanho e na forma do biscoito.<\/span><br \/>\n<span lang=\"EN-US\">Quantos tipos diferentes de biscoitos voc\u00ea gostaria de produzir?<\/span><\/p>\n<h2><b><span lang=\"EN-US\">A: Processamento de cookie de gota rotativa<\/span><\/b><\/h2>\n<p><img decoding=\"async\" class=\"alignnone size-full wp-image-1217\" title=\"linha de produ\u00e7\u00e3o de biscoitos | m\u00e1quina de fazer biscoitos\" src=\"https:\/\/www.jymachinetech.com\/wp-content\/uploads\/2021\/12\/cookie-production-line-13.jpg\" alt=\"linha de produ\u00e7\u00e3o de biscoitos | m\u00e1quina de fazer biscoitos\" width=\"993\" height=\"745\" srcset=\"https:\/\/www.jymachinetech.com\/wp-content\/uploads\/2021\/12\/cookie-production-line-13.jpg 993w, https:\/\/www.jymachinetech.com\/wp-content\/uploads\/2021\/12\/cookie-production-line-13-16x12.jpg 16w, https:\/\/www.jymachinetech.com\/wp-content\/uploads\/2021\/12\/cookie-production-line-13-600x450.jpg 600w\" sizes=\"(max-width: 993px) 100vw, 993px\" \/><\/p>\n<p><span lang=\"EN-US\">As m\u00e1quinas de processamento de biscoitos rotativos geralmente podem produzir biscoitos rotativos e multin\u00edveis, que \u00e9 a fun\u00e7\u00e3o mais comum para m\u00e1quinas de biscoitos.<\/span><br \/>\n<span lang=\"EN-US\">Um simples\u00a0<\/span><span lang=\"EN-US\">padr\u00e3o de montagem\u00a0<\/span><span lang=\"EN-US\">bicos podem produzir centenas de formas por nossos programas de m\u00e1quinas de biscoito.<\/span><br \/>\n<span lang=\"EN-US\">O cliente pode definir a velocidade de rota\u00e7\u00e3o e dire\u00e7\u00e3o e tempo para o movimento dos mesmos bicos para obter produtos diferentes.<\/span><br \/>\n<span lang=\"EN-US\">O dep\u00f3sito da massa de biscoito atrav\u00e9s de uma cabe\u00e7a de deposi\u00e7\u00e3o redonda ou moldada; como faria com um saco de confeitar.\u00a0<\/span><\/p>\n<p><img loading=\"lazy\" decoding=\"async\" class=\"alignnone size-full wp-image-1208\" title=\"linha de produ\u00e7\u00e3o de biscoitos | m\u00e1quina de fazer biscoitos\" src=\"https:\/\/www.jymachinetech.com\/wp-content\/uploads\/2021\/12\/cookie-production-line-4.png\" alt=\"linha de produ\u00e7\u00e3o de biscoitos | m\u00e1quina de fazer biscoitos\" width=\"1441\" height=\"778\" srcset=\"https:\/\/www.jymachinetech.com\/wp-content\/uploads\/2021\/12\/cookie-production-line-4.png 1441w, https:\/\/www.jymachinetech.com\/wp-content\/uploads\/2021\/12\/cookie-production-line-4-18x10.png 18w, https:\/\/www.jymachinetech.com\/wp-content\/uploads\/2021\/12\/cookie-production-line-4-600x324.png 600w\" sizes=\"(max-width: 1441px) 100vw, 1441px\" \/> <img loading=\"lazy\" decoding=\"async\" class=\"alignnone size-full wp-image-1209\" title=\"linha de produ\u00e7\u00e3o de biscoitos | m\u00e1quina de fazer biscoitos\" src=\"https:\/\/www.jymachinetech.com\/wp-content\/uploads\/2021\/12\/cookie-production-line-5.png\" alt=\"linha de produ\u00e7\u00e3o de biscoitos | m\u00e1quina de fazer biscoitos\" width=\"1724\" height=\"734\" srcset=\"https:\/\/www.jymachinetech.com\/wp-content\/uploads\/2021\/12\/cookie-production-line-5.png 1724w, https:\/\/www.jymachinetech.com\/wp-content\/uploads\/2021\/12\/cookie-production-line-5-18x8.png 18w, https:\/\/www.jymachinetech.com\/wp-content\/uploads\/2021\/12\/cookie-production-line-5-600x255.png 600w\" sizes=\"(max-width: 1724px) 100vw, 1724px\" \/><\/p>\n<h2><b><span lang=\"EN-US\">B<\/span><\/b><b><span lang=\"ZH\">\uff1a<\/span><\/b><b><span lang=\"EN-US\">Cookie extrudado<\/span><\/b><\/h2>\n<p><span lang=\"EN-US\">As m\u00e1quinas de biscoitos extrudados geralmente podem produzir biscoitos especiais de v\u00e1rios n\u00edveis dentro com um close-up dentro dos bicos da extrusora<\/span><\/p>\n<p><span lang=\"EN-US\">Quaisquer doces que voc\u00ea deseja em sua vitrine, \u00e9 importante identific\u00e1-los com anteced\u00eancia para que voc\u00ea possa selecionar seu equipamento de acordo.<\/span><\/p>\n<p><img loading=\"lazy\" decoding=\"async\" class=\"alignnone size-full wp-image-1206\" title=\"linha de produ\u00e7\u00e3o de biscoitos | m\u00e1quina de fazer biscoitos\" src=\"https:\/\/www.jymachinetech.com\/wp-content\/uploads\/2021\/12\/cookie-production-line-2.png\" alt=\"linha de produ\u00e7\u00e3o de biscoitos | m\u00e1quina de fazer biscoitos\" width=\"1270\" height=\"203\" srcset=\"https:\/\/www.jymachinetech.com\/wp-content\/uploads\/2021\/12\/cookie-production-line-2.png 1270w, https:\/\/www.jymachinetech.com\/wp-content\/uploads\/2021\/12\/cookie-production-line-2-18x3.png 18w, https:\/\/www.jymachinetech.com\/wp-content\/uploads\/2021\/12\/cookie-production-line-2-600x96.png 600w\" sizes=\"(max-width: 1270px) 100vw, 1270px\" \/><\/p>\n<p>&nbsp;<\/p>\n<h2><b><span lang=\"EN-US\">C<\/span><\/b><b><span lang=\"ZH\">\uff1a<\/span><\/b><b><span lang=\"EN-US\">biscoito cortador de fio<\/span><\/b><\/h2>\n<p>Este tipo de m\u00e1quina de produ\u00e7\u00e3o de biscoitos, projetada para precis\u00e3o e confiabilidade excepcionais de peso de pe\u00e7a, \u00e9 perfeita para fazer biscoitos de gengibre, biscoitos de Natal e uma grande variedade de outros biscoitos que s\u00e3o desenrolados e cortados com cortadores de biscoitos, incluindo formatos redondos e quadrados. Com nossa fun\u00e7\u00e3o de duas cores, voc\u00ea pode at\u00e9 mesmo criar biscoitos xadrez intrincados.<\/p>\n<p>A m\u00e1quina pode ser perfeitamente integrada \u00e0 linha de produ\u00e7\u00e3o, posicionada sobre a correia de transfer\u00eancia ou faixa do forno e facilmente removida sem interromper o sistema transportador. O acionamento de pot\u00eancia dupla para o moldador rotativo de biscoitos macios e o transportador pode ser ajustado separadamente, garantindo uma conex\u00e3o perfeita e um efeito de moldagem de biscoitos superior.<\/p>\n<p>Recomendamos fortemente que os clientes testem nossas m\u00e1quinas de processamento de biscoitos ou qualquer outro equipamento de padaria antes de se comprometerem com uma compra, pois produtos de alta qualidade dependem de tecnologias de processamento de alta qualidade. Todos n\u00f3s esperamos que cada pacote de biscoitos que abrimos contenha biscoitos perfeitamente assados, e nossas m\u00e1quinas s\u00e3o projetadas para atender a essa expectativa de forma consistente.<\/p>\n<p>Para garantir que voc\u00ea encontre a solu\u00e7\u00e3o perfeita para suas necessidades de produ\u00e7\u00e3o de biscoitos, nossa equipe oferece demonstra\u00e7\u00f5es de equipamentos e visitas \u00e0 f\u00e1brica gratuitas.<\/p>\n<p>&nbsp;<\/p>\n<h2><b><span lang=\"EN-US\">Forno de forno de t\u00fanel para assar biscoitos<\/span><\/b><\/h2>\n<h2><b><span lang=\"EN-US\">Temperatura e tempo de cozimento<\/span><\/b><\/h2>\n<p><img loading=\"lazy\" decoding=\"async\" class=\"alignnone size-full wp-image-1215\" title=\"linha de produ\u00e7\u00e3o de biscoitos | m\u00e1quina de fazer biscoitos\" src=\"https:\/\/www.jymachinetech.com\/wp-content\/uploads\/2021\/12\/cookie-production-line-11.jpg\" alt=\"linha de produ\u00e7\u00e3o de biscoitos | m\u00e1quina de fazer biscoitos\" width=\"1269\" height=\"952\" srcset=\"https:\/\/www.jymachinetech.com\/wp-content\/uploads\/2021\/12\/cookie-production-line-11.jpg 1269w, https:\/\/www.jymachinetech.com\/wp-content\/uploads\/2021\/12\/cookie-production-line-11-16x12.jpg 16w, https:\/\/www.jymachinetech.com\/wp-content\/uploads\/2021\/12\/cookie-production-line-11-600x450.jpg 600w\" sizes=\"(max-width: 1269px) 100vw, 1269px\" \/><\/p>\n<p><span lang=\"EN-US\">O cozimento \u00e9 a chave dos alimentos delicados, nosso forno de cozimento pode personalizar em diferentes zonas de temperatura. Cada zona do forno est\u00e1 dispon\u00edvel com uma variedade de op\u00e7\u00f5es para criar um sistema econ\u00f4mico com uma combina\u00e7\u00e3o de radia\u00e7\u00e3o, aquecimento por convec\u00e7\u00e3o e condu\u00e7\u00e3o.<\/span><\/p>\n<p><span lang=\"EN-US\">O forno de biscoito pode fazer diferentes recursos de cozimento, como a queima direta de g\u00e1s, convec\u00e7\u00e3o e zonas de cozimento radiante\/convec\u00e7\u00e3o combinadas para melhorar a efici\u00eancia do cozimento.<\/span><\/p>\n<p><span lang=\"EN-US\">Controle repet\u00edvel de tempo, temperatura, umidade e tipo de transfer\u00eancia de calor<\/span><br \/>\n<span lang=\"EN-US\">M\u00e1ximo controle sobre qualidade, cor, sabor e textura, pr\u00e9-constru\u00eddo em nossa f\u00e1brica para instala\u00e7\u00e3o r\u00e1pida ou montado no local.<\/span><\/p>\n<p><span lang=\"EN-US\">Se voc\u00ea deseja aumentar a diversidade de sua linha de produtos existente ou expandir sua produ\u00e7\u00e3o de biscoitos existente, escolher o equipamento certo \u00e9 a chave. <\/span><\/p>\n<p><span lang=\"EN-US\">O equipamento correto de produ\u00e7\u00e3o de biscoitos pode melhorar <a href=\"https:\/\/www.jymachinetech.com\/pt\/2025-top-gummy-candy-machine-for-efficient-production-and-quality-results\/\" title=\"2025 Top Gummy Candy Machine para uma produ\u00e7\u00e3o eficiente e resultados de qualidade\"  data-wpil-monitor-id=\"102\" target=\"_blank\">efici\u00eancia sem sacrificar a qualidade do produto<\/a>.<\/span><\/p>\n<p>&nbsp;<\/p>\n<h2><b><span lang=\"EN-US\">Transportador de resfriamento e empilhamento<\/span><\/b><\/h2>\n<p><img loading=\"lazy\" decoding=\"async\" class=\"alignnone size-full wp-image-1213\" title=\"linha de produ\u00e7\u00e3o de biscoitos | m\u00e1quina de fazer biscoitos\" src=\"https:\/\/www.jymachinetech.com\/wp-content\/uploads\/2021\/12\/cookie-production-line-9.png\" alt=\"linha de produ\u00e7\u00e3o de biscoitos | m\u00e1quina de fazer biscoitos\" width=\"558\" height=\"250\" srcset=\"https:\/\/www.jymachinetech.com\/wp-content\/uploads\/2021\/12\/cookie-production-line-9.png 558w, https:\/\/www.jymachinetech.com\/wp-content\/uploads\/2021\/12\/cookie-production-line-9-18x8.png 18w\" sizes=\"(max-width: 558px) 100vw, 558px\" \/><\/p>\n<p><a href=\"https:\/\/www.jymachinetech.com\/pt\/essential-guide-to-the-biscuit-production-line-for-efficient-baking\/\" title=\"Guia essencial para a linha de produ\u00e7\u00e3o de biscoitos para um cozimento eficiente\"  data-wpil-monitor-id=\"107\" target=\"_blank\">linha de produ\u00e7\u00e3o de biscoitos<\/a> fabricantes<\/p>\n<p><span lang=\"EN-US\">Manter um alinhamento constante e uma refrigera\u00e7\u00e3o n\u00e3o agressiva s\u00e3o essenciais para obter um produto inteiro que n\u00e3o se quebre, possa ser facilmente empilhado e embalado.<\/span><\/p>\n<p><span lang=\"EN-US\">Mais de 4.500 metros de esteiras refrigeradas s\u00e3o realizadas anualmente, transportando cada biscoito para as esta\u00e7\u00f5es de empilhamento. <\/span><\/p>\n<p><span lang=\"EN-US\">Posteriormente, o biscoito pode ser transportado para as m\u00e1quinas de embalagem autom\u00e1tica ou manualmente, dependendo do sistema e das velocidades.\u00a0<\/span><\/p>\n<h2><b><span lang=\"EN-US\">Que tipo de biscoito voc\u00ea gostaria de fazer?<\/span><\/b><\/h2>\n<p><img loading=\"lazy\" decoding=\"async\" class=\"alignnone size-full wp-image-1212\" title=\"linha de produ\u00e7\u00e3o de biscoitos | m\u00e1quina de fazer biscoitos\" src=\"https:\/\/www.jymachinetech.com\/wp-content\/uploads\/2021\/12\/cookie-production-line-8.png\" alt=\"linha de produ\u00e7\u00e3o de biscoitos | m\u00e1quina de fazer biscoitos\" width=\"1878\" height=\"928\" srcset=\"https:\/\/www.jymachinetech.com\/wp-content\/uploads\/2021\/12\/cookie-production-line-8.png 1878w, https:\/\/www.jymachinetech.com\/wp-content\/uploads\/2021\/12\/cookie-production-line-8-18x9.png 18w, https:\/\/www.jymachinetech.com\/wp-content\/uploads\/2021\/12\/cookie-production-line-8-600x296.png 600w\" sizes=\"(max-width: 1878px) 100vw, 1878px\" \/><\/p>\n<p>Nossa f\u00e1brica pode fornecer o servi\u00e7o chave na m\u00e3o para cada cliente. Depois de decidir com qual cookie voc\u00ea gostaria de iniciar sua produ\u00e7\u00e3o, considere quais recursos voc\u00ea gostaria de ter dispon\u00edveis no futuro. Vamos encontrar a solu\u00e7\u00e3o adequada ou personalizada para sua f\u00e1brica de biscoitos.<\/p>","protected":false},"excerpt":{"rendered":"<div class=\"content-style\">\n<p><span lang=\"EN-US\">Esta Linha de Produ\u00e7\u00e3o de Biscoitos tem <\/span><span lang=\"EN-US\">corte de arame, prensa rotativa extrudada, coextrudada e depositada\u00a0<\/span><span lang=\"EN-US\">fun\u00e7\u00f5es para massas macias com alto teor de gordura.<\/span><\/p>\n<\/div>","protected":false},"featured_media":1214,"comment_status":"closed","ping_status":"closed","template":"","meta":[],"product_brand":[],"product_cat":[15],"product_tag":[],"class_list":{"0":"post-1203","1":"product","2":"type-product","3":"status-publish","4":"has-post-thumbnail","6":"product_cat-bakery-equipment","8":"first","9":"instock","10":"shipping-taxable","11":"product-type-simple"},"_links":{"self":[{"href":"https:\/\/www.jymachinetech.com\/pt\/wp-json\/wp\/v2\/product\/1203","targetHints":{"allow":["GET"]}}],"collection":[{"href":"https:\/\/www.jymachinetech.com\/pt\/wp-json\/wp\/v2\/product"}],"about":[{"href":"https:\/\/www.jymachinetech.com\/pt\/wp-json\/wp\/v2\/types\/product"}],"replies":[{"embeddable":true,"href":"https:\/\/www.jymachinetech.com\/pt\/wp-json\/wp\/v2\/comments?post=1203"}],"version-history":[{"count":3,"href":"https:\/\/www.jymachinetech.com\/pt\/wp-json\/wp\/v2\/product\/1203\/revisions"}],"predecessor-version":[{"id":7321,"href":"https:\/\/www.jymachinetech.com\/pt\/wp-json\/wp\/v2\/product\/1203\/revisions\/7321"}],"wp:featuredmedia":[{"embeddable":true,"href":"https:\/\/www.jymachinetech.com\/pt\/wp-json\/wp\/v2\/media\/1214"}],"wp:attachment":[{"href":"https:\/\/www.jymachinetech.com\/pt\/wp-json\/wp\/v2\/media?parent=1203"}],"wp:term":[{"taxonomy":"product_brand","embeddable":true,"href":"https:\/\/www.jymachinetech.com\/pt\/wp-json\/wp\/v2\/product_brand?post=1203"},{"taxonomy":"product_cat","embeddable":true,"href":"https:\/\/www.jymachinetech.com\/pt\/wp-json\/wp\/v2\/product_cat?post=1203"},{"taxonomy":"product_tag","embeddable":true,"href":"https:\/\/www.jymachinetech.com\/pt\/wp-json\/wp\/v2\/product_tag?post=1203"}],"curies":[{"name":"wp","href":"https:\/\/api.w.org\/{rel}","templated":true}]}}