{"id":1141,"date":"2021-12-20T11:32:52","date_gmt":"2021-12-20T11:32:52","guid":{"rendered":"https:\/\/www.jymachinetech.com\/?post_type=product&#038;p=1141"},"modified":"2025-07-25T05:52:33","modified_gmt":"2025-07-25T05:52:33","slug":"biscuit-stacking-machine-machine-for-biscuit","status":"publish","type":"product","link":"https:\/\/www.jymachinetech.com\/pt\/product\/biscuit-stacking-machine-machine-for-biscuit\/","title":{"rendered":"M\u00e1quina de empilhar biscoitos | m\u00e1quina de biscoito"},"content":{"rendered":"<p>A m\u00e1quina de empilhamento de biscoitos \u00e9 uma solu\u00e7\u00e3o de automa\u00e7\u00e3o avan\u00e7ada projetada para otimizar o processo de embalagem de biscoitos. Ela converte eficientemente biscoitos planos em uma forma\u00e7\u00e3o \"on-edge\", criando \"slugs\" cont\u00ednuos que s\u00e3o perfeitamente alinhados para processamento posterior por uma m\u00e1quina de empacotamento ou sandu\u00edche de creme.<\/p>\n<p><iframe title=\"Como fazer biscoitos em nossa f\u00e1brica? Linha de produ\u00e7\u00e3o de biscoitos totalmente autom\u00e1tica de 1200 mm M\u00e1quina de fazer biscoitos\" width=\"800\" height=\"450\" src=\"https:\/\/www.youtube.com\/embed\/kwUAEOGspq0?start=1&#038;feature=oembed\" frameborder=\"0\" allow=\"accelerometer; autoplay; clipboard-write; encrypted-media; gyroscope; picture-in-picture; web-share\" referrerpolicy=\"strict-origin-when-cross-origin\" allowfullscreen><\/iframe><\/p>\n<h2><strong>Principais recursos e benef\u00edcios:<\/strong><\/h2>\n<ul>\n<li><strong>Sistema de monitoramento autom\u00e1tico:<\/strong>\u00a0Garante opera\u00e7\u00e3o confi\u00e1vel e interven\u00e7\u00e3o humana m\u00ednima.<\/li>\n<li><strong>Guias de travamento magn\u00e9tico fixo:<\/strong>\u00a0Fornece orienta\u00e7\u00e3o segura dos biscoitos durante todo o processo de empilhamento.<\/li>\n<li><strong>Placas de parti\u00e7\u00e3o:<\/strong>\u00a0Facilita o empilhamento organizado de biscoitos em um ambiente controlado.<\/li>\n<li><strong>Rodas estrela de ajuste r\u00e1pido:<\/strong>\u00a0Permite f\u00e1cil ajuste da posi\u00e7\u00e3o central, acomodando v\u00e1rios tamanhos de biscoitos.<\/li>\n<li><strong>Versatilidade no empilhamento:<\/strong>\u00a0Ideal para empilhar diferentes tamanhos de produtos com precis\u00e3o.<\/li>\n<li><strong>Opera\u00e7\u00e3o suave:<\/strong>\u00a0Permite a canaliza\u00e7\u00e3o r\u00e1pida de biscoitos com interrup\u00e7\u00e3o m\u00ednima.<\/li>\n<li><strong>Resultados do empilhamento organizado:<\/strong>\u00a0Garante uma pilha limpa e organizada, melhorando a apresenta\u00e7\u00e3o final do produto.<\/li>\n<li><strong>Largura ajust\u00e1vel do canal de empilhamento:<\/strong>\u00a0Personaliz\u00e1vel para se adequar \u00e0 largura dos biscoitos processados.<\/li>\n<li><strong>Baixa taxa de quebra de produtos:<\/strong>\u00a0Projetado para minimizar danos aos biscoitos durante o empilhamento.<\/li>\n<li><strong>Corpo em a\u00e7o inoxid\u00e1vel:<\/strong>\u00a0Garante durabilidade, higiene e facilidade de limpeza.<\/li>\n<li><strong>Opera\u00e7\u00e3o segura e est\u00e1vel:<\/strong>\u00a0Atende aos padr\u00f5es de seguran\u00e7a para um ambiente de produ\u00e7\u00e3o confi\u00e1vel e seguro.<\/li>\n<\/ul>\n<h2><strong>Especifica\u00e7\u00f5es t\u00e9cnicas:<\/strong><\/h2>\n<ul>\n<li><strong>Material do corpo:<\/strong>\u00a0A\u00e7o inoxid\u00e1vel para resist\u00eancia \u00e0 corros\u00e3o e f\u00e1cil manuten\u00e7\u00e3o.<\/li>\n<li><strong>Ajustabilidade:<\/strong>\u00a0Possui rodas em estrela ajust\u00e1veis e largura de canal de empilhamento para v\u00e1rios tamanhos de biscoitos.<\/li>\n<\/ul>\n<h2><strong>Aplica\u00e7\u00f5es:<\/strong><\/h2>\n<ul>\n<li>Perfeito para a integra\u00e7\u00e3o com os sistemas existentes <a href=\"https:\/\/www.jymachinetech.com\/pt\/top-hard-dough-biscuit-production-line-for-efficient-baking-solutions\/\" title=\"Linha de produ\u00e7\u00e3o de biscoitos de massa dura superior para solu\u00e7\u00f5es eficientes de panifica\u00e7\u00e3o\"  data-wpil-monitor-id=\"94\" target=\"_blank\">linhas de produ\u00e7\u00e3o de biscoitos<\/a>O sistema de embalagem de biscoitos \u00e9 um dos mais avan\u00e7ados do mundo, aprimorando o processo de embalagem de uma ampla variedade de tipos de biscoitos.<\/li>\n<\/ul>\n<p><img fetchpriority=\"high\" decoding=\"async\" class=\"alignnone size-full wp-image-1142\" title=\"m\u00e1quina empilhadora de biscoitos | m\u00e1quina para biscoito\" src=\"https:\/\/www.jymachinetech.com\/wp-content\/uploads\/2021\/12\/Biscuit-stacking-machine-1.png\" alt=\"m\u00e1quina empilhadora de biscoitos | m\u00e1quina para biscoito\" width=\"606\" height=\"270\" srcset=\"https:\/\/www.jymachinetech.com\/wp-content\/uploads\/2021\/12\/Biscuit-stacking-machine-1.png 606w, https:\/\/www.jymachinetech.com\/wp-content\/uploads\/2021\/12\/Biscuit-stacking-machine-1-18x8.png 18w, https:\/\/www.jymachinetech.com\/wp-content\/uploads\/2021\/12\/Biscuit-stacking-machine-1-600x267.png 600w\" sizes=\"(max-width: 606px) 100vw, 606px\" \/><\/p>\n<ul>\n<li><\/li>\n<\/ul>\n<h2><strong><span lang=\"EN-US\">Especifica\u00e7\u00e3o<\/span><\/strong><\/h2>\n<div class=\"table-responsive\">\n<table class=\"Table\" style=\"border-collapse: collapse; border: solid windowtext 1.0pt; margin-left: 9px; margin-right: 9px;\" width=\"98%\" align=\"left\">\n<tbody>\n<tr>\n<td style=\"border: solid windowtext 1.0pt; width: 85.15pt; padding: 0cm 5.4pt 0cm 5.4pt;\" valign=\"top\" width=\"114\"><span style=\"font-size: 10.5pt;\"><span style=\"font-family: \u7b49\u7ebf;\">Modelo<\/span><\/span><\/td>\n<td style=\"border: solid windowtext 1.0pt; width: 106.0pt; border-left: none; padding: 0cm 5.4pt 0cm 5.4pt;\" valign=\"top\" width=\"141\"><span style=\"font-size: 10.5pt;\"><span style=\"font-family: \u7b49\u7ebf;\">Capacidade<\/span><\/span><\/td>\n<td style=\"border: solid windowtext 1.0pt; width: 127.55pt; border-left: none; padding: 0cm 5.4pt 0cm 5.4pt;\" valign=\"top\" width=\"170\"><span style=\"font-size: 10.5pt;\"><span style=\"font-family: \u7b49\u7ebf;\">Tamanho da m\u00e1quina de empilhamento<\/span><\/span><\/td>\n<td style=\"border: solid windowtext 1.0pt; width: 127.6pt; border-left: none; padding: 0cm 5.4pt 0cm 5.4pt;\" valign=\"top\" width=\"170\"><span style=\"font-size: 10.5pt;\"><span style=\"font-family: \u7b49\u7ebf;\">Tamanho da plataforma de embalagem<\/span><\/span><\/td>\n<\/tr>\n<tr>\n<td style=\"border: solid windowtext 1.0pt; width: 85.15pt; border-top: none; padding: 0cm 5.4pt 0cm 5.4pt;\" valign=\"top\" width=\"114\"><span style=\"font-size: 10.5pt;\"><span style=\"font-family: \u7b49\u7ebf;\">JYB-280<\/span><\/span><\/td>\n<td style=\"border-bottom: solid windowtext 1.0pt; width: 106.0pt; border-top: none; border-left: none; border-right: solid windowtext 1.0pt; padding: 0cm 5.4pt 0cm 5.4pt;\" valign=\"top\" width=\"141\"><span style=\"font-size: 10.5pt;\"><span style=\"font-family: \u7b49\u7ebf;\">50-80kg\/h<\/span><\/span><\/td>\n<td style=\"border-bottom: solid windowtext 1.0pt; width: 127.55pt; border-top: none; border-left: none; border-right: solid windowtext 1.0pt; padding: 0cm 5.4pt 0cm 5.4pt;\" valign=\"top\" width=\"170\"><span style=\"font-size: 10.5pt;\"><span style=\"font-family: \u7b49\u7ebf;\">2680*550*885mm<\/span><\/span><\/td>\n<td style=\"border-bottom: solid windowtext 1.0pt; width: 127.6pt; border-top: none; border-left: none; border-right: solid windowtext 1.0pt; padding: 0cm 5.4pt 0cm 5.4pt;\" valign=\"top\" width=\"170\"><span style=\"font-size: 10.5pt;\"><span style=\"font-family: \u7b49\u7ebf;\">3000*420*380mm<\/span><\/span><\/td>\n<\/tr>\n<tr>\n<td style=\"border: solid windowtext 1.0pt; width: 85.15pt; border-top: none; padding: 0cm 5.4pt 0cm 5.4pt;\" valign=\"top\" width=\"114\"><span style=\"font-size: 10.5pt;\"><span style=\"font-family: \u7b49\u7ebf;\">JYB-400<\/span><\/span><\/td>\n<td style=\"border-bottom: solid windowtext 1.0pt; width: 106.0pt; border-top: none; border-left: none; border-right: solid windowtext 1.0pt; padding: 0cm 5.4pt 0cm 5.4pt;\" valign=\"top\" width=\"141\"><span style=\"font-size: 10.5pt;\"><span style=\"font-family: \u7b49\u7ebf;\">150-250kg\/h<\/span><\/span><\/td>\n<td style=\"border-bottom: solid windowtext 1.0pt; width: 127.55pt; border-top: none; border-left: none; border-right: solid windowtext 1.0pt; padding: 0cm 5.4pt 0cm 5.4pt;\" width=\"170\"><span style=\"font-size: 10.5pt;\"><span style=\"font-family: \u7b49\u7ebf;\">3500*650*1400mm<\/span><\/span><\/td>\n<td style=\"border-bottom: solid windowtext 1.0pt; width: 127.6pt; border-top: none; border-left: none; border-right: solid windowtext 1.0pt; padding: 0cm 5.4pt 0cm 5.4pt;\" valign=\"top\" width=\"170\"><span style=\"font-size: 10.5pt;\"><span style=\"font-family: \u7b49\u7ebf;\">3000*600*750mm<\/span><\/span><\/td>\n<\/tr>\n<tr>\n<td style=\"border: solid windowtext 1.0pt; width: 85.15pt; border-top: none; padding: 0cm 5.4pt 0cm 5.4pt;\" valign=\"top\" width=\"114\"><span style=\"font-size: 10.5pt;\"><span style=\"font-family: \u7b49\u7ebf;\">JYB-600<\/span><\/span><\/td>\n<td style=\"border-bottom: solid windowtext 1.0pt; width: 106.0pt; border-top: none; border-left: none; border-right: solid windowtext 1.0pt; padding: 0cm 5.4pt 0cm 5.4pt;\" valign=\"top\" width=\"141\"><span style=\"font-size: 10.5pt;\"><span style=\"font-family: \u7b49\u7ebf;\">300-500kg\/h<\/span><\/span><\/td>\n<td style=\"border-bottom: solid windowtext 1.0pt; width: 127.55pt; border-top: none; border-left: none; border-right: solid windowtext 1.0pt; padding: 0cm 5.4pt 0cm 5.4pt;\" valign=\"top\" width=\"170\"><span style=\"font-size: 10.5pt;\"><span style=\"font-family: \u7b49\u7ebf;\">3500*850*1400mm<\/span><\/span><\/td>\n<td style=\"border-bottom: solid windowtext 1.0pt; width: 127.6pt; border-top: none; border-left: none; border-right: solid windowtext 1.0pt; padding: 0cm 5.4pt 0cm 5.4pt;\" valign=\"top\" width=\"170\"><span style=\"font-size: 10.5pt;\"><span style=\"font-family: \u7b49\u7ebf;\">6500*850*850mm<\/span><\/span><\/td>\n<\/tr>\n<tr>\n<td style=\"border: solid windowtext 1.0pt; width: 85.15pt; border-top: none; padding: 0cm 5.4pt 0cm 5.4pt;\" valign=\"top\" width=\"114\"><span style=\"font-size: 10.5pt;\"><span style=\"font-family: \u7b49\u7ebf;\">JYB-800<\/span><\/span><\/td>\n<td style=\"border-bottom: solid windowtext 1.0pt; width: 106.0pt; border-top: none; border-left: none; border-right: solid windowtext 1.0pt; padding: 0cm 5.4pt 0cm 5.4pt;\" valign=\"top\" width=\"141\"><span style=\"font-size: 10.5pt;\"><span style=\"font-family: \u7b49\u7ebf;\">800kg\/h<\/span><\/span><\/td>\n<td style=\"border-bottom: solid windowtext 1.0pt; width: 127.55pt; border-top: none; border-left: none; border-right: solid windowtext 1.0pt; padding: 0cm 5.4pt 0cm 5.4pt;\" valign=\"top\" width=\"170\"><span style=\"font-size: 10.5pt;\"><span style=\"font-family: \u7b49\u7ebf;\">3500*1050*1400mm<\/span><\/span><\/td>\n<td style=\"border-bottom: solid windowtext 1.0pt; width: 127.6pt; border-top: none; border-left: none; border-right: solid windowtext 1.0pt; padding: 0cm 5.4pt 0cm 5.4pt;\" valign=\"top\" width=\"170\"><span style=\"font-size: 10.5pt;\"><span style=\"font-family: \u7b49\u7ebf;\">6500*1050*850mm<\/span><\/span><\/td>\n<\/tr>\n<tr>\n<td style=\"border: solid windowtext 1.0pt; width: 85.15pt; border-top: none; padding: 0cm 5.4pt 0cm 5.4pt;\" valign=\"top\" width=\"114\"><span style=\"font-size: 10.5pt;\"><span style=\"font-family: \u7b49\u7ebf;\">JYB-1000<\/span><\/span><\/td>\n<td style=\"border-bottom: solid windowtext 1.0pt; width: 106.0pt; border-top: none; border-left: none; border-right: solid windowtext 1.0pt; padding: 0cm 5.4pt 0cm 5.4pt;\" valign=\"top\" width=\"141\"><span style=\"font-size: 10.5pt;\"><span style=\"font-family: \u7b49\u7ebf;\">1000kg\/h<\/span><\/span><\/td>\n<td style=\"border-bottom: solid windowtext 1.0pt; width: 127.55pt; border-top: none; border-left: none; border-right: solid windowtext 1.0pt; padding: 0cm 5.4pt 0cm 5.4pt;\" valign=\"top\" width=\"170\"><span style=\"font-size: 10.5pt;\"><span style=\"font-family: \u7b49\u7ebf;\">2100*2100*1200mm<\/span><\/span><\/td>\n<td style=\"border-bottom: solid windowtext 1.0pt; width: 127.6pt; border-top: none; border-left: none; border-right: solid windowtext 1.0pt; padding: 0cm 5.4pt 0cm 5.4pt;\" valign=\"top\" width=\"170\"><span style=\"font-size: 10.5pt;\"><span style=\"font-family: \u7b49\u7ebf;\">12000*2100*800mm<\/span><\/span><\/td>\n<\/tr>\n<tr>\n<td style=\"border: solid windowtext 1.0pt; width: 85.15pt; border-top: none; padding: 0cm 5.4pt 0cm 5.4pt;\" valign=\"top\" width=\"114\"><span style=\"font-size: 10.5pt;\"><span style=\"font-family: \u7b49\u7ebf;\">JYB-1200<\/span><\/span><\/td>\n<td style=\"border-bottom: solid windowtext 1.0pt; width: 106.0pt; border-top: none; border-left: none; border-right: solid windowtext 1.0pt; padding: 0cm 5.4pt 0cm 5.4pt;\" valign=\"top\" width=\"141\"><span style=\"font-size: 10.5pt;\"><span style=\"font-family: \u7b49\u7ebf;\">1200kg\/h<\/span><\/span><\/td>\n<td style=\"border-bottom: solid windowtext 1.0pt; width: 127.55pt; border-top: none; border-left: none; border-right: solid windowtext 1.0pt; padding: 0cm 5.4pt 0cm 5.4pt;\" valign=\"top\" width=\"170\"><span style=\"font-size: 10.5pt;\"><span style=\"font-family: \u7b49\u7ebf;\">2100*2200*1200mm<\/span><\/span><\/td>\n<td style=\"border-bottom: solid windowtext 1.0pt; width: 127.6pt; border-top: none; border-left: none; border-right: solid windowtext 1.0pt; padding: 0cm 5.4pt 0cm 5.4pt;\" valign=\"top\" width=\"170\"><span style=\"font-size: 10.5pt;\"><span style=\"font-family: \u7b49\u7ebf;\">20000*2300*800mm<\/span><\/span><\/td>\n<\/tr>\n<tr>\n<td style=\"border: solid windowtext 1.0pt; width: 85.15pt; border-top: none; padding: 0cm 5.4pt 0cm 5.4pt;\" valign=\"top\" width=\"114\"><span style=\"font-size: 10.5pt;\"><span style=\"font-family: \u7b49\u7ebf;\">JYB-1500<\/span><\/span><\/td>\n<td style=\"border-bottom: solid windowtext 1.0pt; width: 106.0pt; border-top: none; border-left: none; border-right: solid windowtext 1.0pt; padding: 0cm 5.4pt 0cm 5.4pt;\" valign=\"top\" width=\"141\"><span style=\"font-size: 10.5pt;\"><span style=\"font-family: \u7b49\u7ebf;\">1500kg\/h<\/span><\/span><\/td>\n<td style=\"border-bottom: solid windowtext 1.0pt; width: 127.55pt; border-top: none; border-left: none; border-right: solid windowtext 1.0pt; padding: 0cm 5.4pt 0cm 5.4pt;\" valign=\"top\" width=\"170\"><span style=\"font-size: 10.5pt;\"><span style=\"font-family: \u7b49\u7ebf;\">2100*2400*1200mm<\/span><\/span><\/td>\n<td style=\"border-bottom: solid windowtext 1.0pt; width: 127.6pt; border-top: none; border-left: none; border-right: solid windowtext 1.0pt; padding: 0cm 5.4pt 0cm 5.4pt;\" valign=\"top\" width=\"170\"><span style=\"font-size: 10.5pt;\"><span style=\"font-family: \u7b49\u7ebf;\">12000*2600*800mm<\/span><\/span><\/td>\n<\/tr>\n<\/tbody>\n<\/table>\n<\/div>\n<p>&nbsp;<\/p>\n<p>&nbsp;<\/p>\n<p>&nbsp;<\/p>\n<p>&nbsp;<\/p>\n<p>&nbsp;<\/p>\n<h2>Mais RFQ sobre M\u00e1quina de empilhamento de biscoitos<\/h2>\n<p><strong>P: A m\u00e1quina de empilhamento \u00e9 necess\u00e1ria para a linha de biscoitos?<\/strong><\/p>\n<ul>\n<li><strong>A:<\/strong> \u00c9 opcional. Se o espa\u00e7o for limitado, voc\u00ea poder\u00e1 mov\u00ea-lo e precisar\u00e1 de mais duas pessoas para o empilhamento manual antes de embalar.<\/li>\n<\/ul>\n<p><strong>P: A m\u00e1quina pode empilhar diferentes tipos de biscoitos?<\/strong><\/p>\n<ul>\n<li><strong>A:<\/strong> Sim, pode. O canal de empilhamento pode ser ajustado para diferentes tipos de biscoitos.<\/li>\n<\/ul>\n<p><strong>P: Quantos trabalhadores s\u00e3o necess\u00e1rios para esta m\u00e1quina?<\/strong><\/p>\n<ul>\n<li><strong>A:<\/strong> Nenhum, pois \u00e9 totalmente autom\u00e1tico.<\/li>\n<\/ul>\n<p><strong>P: A m\u00e1quina pode empilhar biscoitos duros e macios?<\/strong><\/p>\n<ul>\n<li><strong>A:<\/strong> Sim, ele pode lidar com ambos os tipos.<\/li>\n<\/ul>\n<p><strong>P: Posso comprar a m\u00e1quina de empilhamento se a minha <a href=\"https:\/\/www.jymachinetech.com\/pt\/essential-guide-to-the-biscuit-production-line-for-efficient-baking\/\" title=\"Guia essencial para a linha de produ\u00e7\u00e3o de biscoitos para um cozimento eficiente\"  data-wpil-monitor-id=\"106\" target=\"_blank\">linha de produ\u00e7\u00e3o de biscoitos<\/a> n\u00e3o \u00e9 de sua empresa?<\/strong><\/p>\n<ul>\n<li><strong>A:<\/strong> Sim, voc\u00ea pode. Precisamos apenas saber a largura do transportador de resfriamento para recomendar a m\u00e1quina adequada.<\/li>\n<\/ul>\n<p><strong>P: Se eu fizer o pedido agora, quanto tempo levar\u00e1 para receber a m\u00e1quina?<\/strong><\/p>\n<ul>\n<li><strong>A:<\/strong> Para a menor m\u00e1quina, leva de 15 a 30 dias. Para prazos de entrega exatos, consulte-nos antes de fazer o pedido.<\/li>\n<\/ul>\n<p>&nbsp;<\/p>\n<p>&nbsp;<\/p>\n<p><img decoding=\"async\" class=\"alignnone size-full wp-image-1080\" title=\"m\u00e1quina empilhadora de biscoitos | m\u00e1quina para biscoito\" src=\"https:\/\/www.jymachinetech.com\/wp-content\/uploads\/2021\/12\/Small-biscuit-machine-line-8.png\" alt=\"m\u00e1quina empilhadora de biscoitos | m\u00e1quina para biscoito\" width=\"1992\" height=\"326\" srcset=\"https:\/\/www.jymachinetech.com\/wp-content\/uploads\/2021\/12\/Small-biscuit-machine-line-8.png 1992w, https:\/\/www.jymachinetech.com\/wp-content\/uploads\/2021\/12\/Small-biscuit-machine-line-8-18x3.png 18w, https:\/\/www.jymachinetech.com\/wp-content\/uploads\/2021\/12\/Small-biscuit-machine-line-8-600x98.png 600w\" sizes=\"(max-width: 1992px) 100vw, 1992px\" \/><\/p>\n<h2>Por que comprar m\u00e1quinas de n\u00f3s - Fabricante<\/h2>\n<h3><strong>F\u00e1brica real, n\u00e3o uma empresa comercial<\/strong><\/h3>\n<ul>\n<li><strong>Convite para visita \u00e0 f\u00e1brica<\/strong>: Convidamos voc\u00ea a visitar nossa f\u00e1brica e testemunhar nosso processo de fabrica\u00e7\u00e3o em primeira m\u00e3o. Veja as instala\u00e7\u00f5es de \u00faltima gera\u00e7\u00e3o e conhe\u00e7a a equipe dedicada por tr\u00e1s de nossas m\u00e1quinas de alta qualidade. Experimente a transpar\u00eancia e a integridade que v\u00eam ao lidar diretamente com um fabricante.<\/li>\n<\/ul>\n<h3><strong>Experi\u00eancia profissional<\/strong><\/h3>\n<ul>\n<li><strong>D\u00e9cadas de experi\u00eancia<\/strong>:Com mais de 40 anos de experi\u00eancia na fabrica\u00e7\u00e3o de m\u00e1quinas, nossa f\u00e1brica \u00e9 uma prova de excel\u00eancia e inova\u00e7\u00e3o no setor.<\/li>\n<li><strong>Equipe de design qualificada<\/strong>: Nossa equipe inclui 12 projetistas altamente qualificados que garantem que cada m\u00e1quina seja meticulosamente planejada e adaptada para atender a requisitos espec\u00edficos.<\/li>\n<li><strong>Engenheiros especialistas<\/strong>: Temos 20 engenheiros profissionais na equipe, prontos para fornecer suporte t\u00e9cnico e assist\u00eancia a qualquer hora e em qualquer lugar. Sua expertise garante que voc\u00ea receba n\u00e3o apenas uma m\u00e1quina, mas uma solu\u00e7\u00e3o abrangente.<\/li>\n<\/ul>\n<h3><strong>Confiabilidade<\/strong><\/h3>\n<ul>\n<li><strong>For\u00e7a de trabalho robusta<\/strong>: Nossa f\u00e1brica moderna emprega mais de 200 trabalhadores qualificados que est\u00e3o comprometidos em produzir m\u00e1quinas da mais alta qualidade.<\/li>\n<li><strong>Rigoroso controle de qualidade<\/strong>: Mantemos um rigoroso sistema de controle de qualidade para garantir que cada m\u00e1quina atenda aos nossos padr\u00f5es exigentes. Nosso compromisso com a qualidade \u00e9 inabal\u00e1vel, garantindo confiabilidade e desempenho em cada produto.<\/li>\n<li><strong>Fabrica\u00e7\u00e3o Avan\u00e7ada<\/strong>: Utilizando centros avan\u00e7ados de usinagem CNC de padr\u00e3o alem\u00e3o, alcan\u00e7amos precis\u00e3o e consist\u00eancia em cada detalhe de cada m\u00e1quina. Essa tecnologia nos permite lidar com processos complexos com precis\u00e3o, resultando em produtos superiores.<\/li>\n<li><strong>Solu\u00e7\u00f5es personalizadas<\/strong>: Nossa equipe profissional de engenharia trabalha em estreita colabora\u00e7\u00e3o com voc\u00ea para desenvolver o melhor plano de acordo com suas necessidades espec\u00edficas. Quer voc\u00ea precise de um layout personalizado ou de um design de m\u00e1quina exclusivo, n\u00f3s entregamos solu\u00e7\u00f5es sob medida.<\/li>\n<\/ul>\n<h3><strong>M\u00e1quinas de alta qualidade<\/strong><\/h3>\n<ul>\n<li><strong>F\u00e1brica Padr\u00e3o GMP<\/strong>:Todas as nossas m\u00e1quinas s\u00e3o fabricadas em uma instala\u00e7\u00e3o com padr\u00e3o GMP, garantindo que atendam a rigorosos padr\u00f5es de qualidade e seguran\u00e7a.<\/li>\n<li><strong>Fabrica\u00e7\u00e3o de precis\u00e3o<\/strong>: Operamos centros CNC que garantem a precis\u00e3o e exatid\u00e3o de nossas m\u00e1quinas. Essa tecnologia nos permite produzir componentes que se encaixam perfeitamente e operam sem problemas.<\/li>\n<li><strong>Materiais superiores<\/strong>: Nossas m\u00e1quinas s\u00e3o constru\u00eddas usando a\u00e7o inoxid\u00e1vel SUS304, conhecido por sua durabilidade e resist\u00eancia \u00e0 corros\u00e3o. O revestimento de superf\u00edcie de jateamento de areia adiciona uma camada extra de prote\u00e7\u00e3o e melhora o apelo est\u00e9tico.<\/li>\n<\/ul>\n<h3><strong>Servi\u00e7os abrangentes<\/strong><\/h3>\n<ul>\n<li><strong>Projeto de Layout de F\u00e1brica<\/strong>:Oferecemos assist\u00eancia especializada para projetar o layout ideal para sua f\u00e1brica, maximizando a efici\u00eancia e o fluxo de trabalho.<\/li>\n<li><strong>Design 3D e Planejamento de Projetos<\/strong>:Nossos servi\u00e7os de design 3D fornecem uma visualiza\u00e7\u00e3o detalhada do seu projeto, garantindo que cada aspecto seja planejado meticulosamente antes da implementa\u00e7\u00e3o.<\/li>\n<li><strong>Design de forma personalizada<\/strong>: Entendemos que cada produto \u00e9 \u00fanico, e oferecemos servi\u00e7os de design de formas personalizadas para atender \u00e0s suas necessidades espec\u00edficas. Nossos designers trabalham em estreita colabora\u00e7\u00e3o com voc\u00ea para criar os moldes e formas perfeitos para seus produtos.<\/li>\n<li><strong>Desenvolvimento de F\u00f3rmula de Produto<\/strong>: Nossa expertise vai al\u00e9m de maquin\u00e1rio para incluir o desenvolvimento de f\u00f3rmulas de produtos. Ajudamos voc\u00ea a criar e refinar f\u00f3rmulas para garantir que seus produtos atendam aos mais altos padr\u00f5es de qualidade e sabor.<\/li>\n<\/ul>\n<h3><strong>Porque escolher-nos?<\/strong><\/h3>\n<ul>\n<li><strong>Equipe de servi\u00e7o no exterior<\/strong>:Temos uma equipe de atendimento dedicada pronta para ajudar voc\u00ea globalmente, garantindo que voc\u00ea receba suporte n\u00e3o importa onde esteja.<\/li>\n<li><strong>Servi\u00e7o local na Am\u00e9rica do Norte<\/strong>: Nosso servi\u00e7o local na Am\u00e9rica do Norte garante suporte r\u00e1pido e eficiente, minimizando o tempo de inatividade e maximizando a produtividade.<\/li>\n<li><strong>Manuten\u00e7\u00e3o anual da m\u00e1quina<\/strong>:Oferecemos servi\u00e7os de manuten\u00e7\u00e3o anual para manter suas m\u00e1quinas funcionando sem problemas e com efici\u00eancia.<\/li>\n<li><strong>Centro de pe\u00e7as 24\/7<\/strong>: Nosso centro de pe\u00e7as funciona 24 horas por dia, garantindo que voc\u00ea tenha acesso aos componentes essenciais sempre que precisar.<\/li>\n<li><strong>Projeto de Layout de F\u00e1brica Gratuito<\/strong>:Oferecemos servi\u00e7os gratuitos de design de layout de f\u00e1brica para ajudar voc\u00ea a otimizar seu espa\u00e7o de produ\u00e7\u00e3o.<\/li>\n<li><strong>Amostra de forma personalizada gr\u00e1tis<\/strong>: Fornecemos amostras gratuitas de formatos personalizados, permitindo que voc\u00ea veja e teste nossos designs antes da produ\u00e7\u00e3o em grande escala.<\/li>\n<li><strong>Esquema de visualiza\u00e7\u00e3o 3D do equipamento<\/strong>:Nossos servi\u00e7os de exibi\u00e7\u00e3o 3D oferecem uma vis\u00e3o clara e detalhada da configura\u00e7\u00e3o do seu equipamento, auxiliando no planejamento e na tomada de decis\u00f5es.<\/li>\n<li><strong>Visitas guiadas de produ\u00e7\u00e3o de f\u00e1bricas de clientes<\/strong>:Oferecemos visitas \u00e0s f\u00e1bricas dos clientes para mostrar aplica\u00e7\u00f5es reais de nossas m\u00e1quinas e demonstrar sua confiabilidade e desempenho.<\/li>\n<\/ul>\n<h3><strong>Pe\u00e7a um or\u00e7amento agora!<\/strong><\/h3>\n<ul>\n<li>Experimente a diferen\u00e7a com nossas m\u00e1quinas confi\u00e1veis e de alta qualidade e nosso suporte profissional. Entre em contato conosco hoje mesmo para obter uma cota\u00e7\u00e3o e iniciar sua jornada rumo a <a href=\"https:\/\/www.jymachinetech.com\/pt\/the-best-cake-production-line-enhancing-efficiency-and-quality\/\" title=\"A melhor linha de produ\u00e7\u00e3o de bolos: Aumentando a efici\u00eancia e a qualidade\"  data-wpil-monitor-id=\"72\" target=\"_blank\">maior efici\u00eancia e qualidade da produ\u00e7\u00e3o<\/a>.<\/li>\n<\/ul>","protected":false},"excerpt":{"rendered":"<p>Coletando os biscoitos para transferir do transportador de resfriamento para empilhar para facilitar a embalagem.<\/p>","protected":false},"featured_media":1143,"comment_status":"open","ping_status":"closed","template":"","meta":[],"product_brand":[],"product_cat":[15,95],"product_tag":[],"class_list":{"0":"post-1141","1":"product","2":"type-product","3":"status-publish","4":"has-post-thumbnail","6":"product_cat-bakery-equipment","7":"product_cat-biscuit-machine","9":"first","10":"instock","11":"shipping-taxable","12":"product-type-simple"},"_links":{"self":[{"href":"https:\/\/www.jymachinetech.com\/pt\/wp-json\/wp\/v2\/product\/1141","targetHints":{"allow":["GET"]}}],"collection":[{"href":"https:\/\/www.jymachinetech.com\/pt\/wp-json\/wp\/v2\/product"}],"about":[{"href":"https:\/\/www.jymachinetech.com\/pt\/wp-json\/wp\/v2\/types\/product"}],"replies":[{"embeddable":true,"href":"https:\/\/www.jymachinetech.com\/pt\/wp-json\/wp\/v2\/comments?post=1141"}],"version-history":[{"count":4,"href":"https:\/\/www.jymachinetech.com\/pt\/wp-json\/wp\/v2\/product\/1141\/revisions"}],"predecessor-version":[{"id":7320,"href":"https:\/\/www.jymachinetech.com\/pt\/wp-json\/wp\/v2\/product\/1141\/revisions\/7320"}],"wp:featuredmedia":[{"embeddable":true,"href":"https:\/\/www.jymachinetech.com\/pt\/wp-json\/wp\/v2\/media\/1143"}],"wp:attachment":[{"href":"https:\/\/www.jymachinetech.com\/pt\/wp-json\/wp\/v2\/media?parent=1141"}],"wp:term":[{"taxonomy":"product_brand","embeddable":true,"href":"https:\/\/www.jymachinetech.com\/pt\/wp-json\/wp\/v2\/product_brand?post=1141"},{"taxonomy":"product_cat","embeddable":true,"href":"https:\/\/www.jymachinetech.com\/pt\/wp-json\/wp\/v2\/product_cat?post=1141"},{"taxonomy":"product_tag","embeddable":true,"href":"https:\/\/www.jymachinetech.com\/pt\/wp-json\/wp\/v2\/product_tag?post=1141"}],"curies":[{"name":"wp","href":"https:\/\/api.w.org\/{rel}","templated":true}]}}