{"id":1824,"date":"2024-01-19T08:54:33","date_gmt":"2024-01-19T08:54:33","guid":{"rendered":"https:\/\/www.jymachinetech.com\/?post_type=product&#038;p=1824"},"modified":"2025-07-09T09:29:08","modified_gmt":"2025-07-09T09:29:08","slug":"gummy-candy-prodcution-line","status":"publish","type":"product","link":"https:\/\/www.jymachinetech.com\/nl\/product\/gummy-candy-prodcution-line\/","title":{"rendered":"cURL Too many subrequests."},"content":{"rendered":"<h2>Automatische Gummy Snoepproductielijn: 8.000-768.000 STUKS\/U 4,27m\/13ft tot 16,15m\/53ft<\/h2>\n<p>Ontworpen voor grootschalige productie, onze Automatische Gummy Snoepproductielijn is afgestemd op bedrijven die 12.000-21.000 stuks per uur willen produceren. Deze geavanceerde lijn is uitgerust om verschillende gummy snoepformuleringen te verwerken, inclusief Pectine- en Gelatine-gebaseerde producten, met een focus op kwaliteit, effici\u00ebntie en flexibiliteit.<\/p>\n<p><iframe title=\"Gummy snoepproductielijn jelly snoep maken gigantische gummy snoep van fabriekprijs#gummy\" width=\"800\" height=\"450\" src=\"https:\/\/www.youtube.com\/embed\/TtFjhTTotnw?list=PLkC9Irp2ZdYZuq0ZIGXF767bI8w8Jfy_9\" frameborder=\"0\" allow=\"accelerometer; autoplay; clipboard-write; encrypted-media; gyroscope; picture-in-picture; web-share\" referrerpolicy=\"strict-origin-when-cross-origin\" allowfullscreen><\/iframe><\/p>\n<h2><strong>Key Features &amp; Benefits:<\/strong><\/h2>\n<ul>\n<li><strong>Hoge Capaciteit Output:<\/strong> Meerdere modellen (JY-40 tot JY-1500) om uit te kiezen, voor de perfecte aansluiting op uw productiebehoeften, vari\u00ebrend van 8.000 tot 768.000 stuks per uur.<\/li>\n<li><strong>Keuken Systeem Integratie:<\/strong> Een alles-in-\u00e9\u00e9n systeem voor het oplossen van ingredi\u00ebnten, mengen en voor-koken van siroop, ontworpen om consistente temperaturen te behouden voor verschillende snoep- en drankoplossingen.<\/li>\n<li><strong>E\u00e9n-staps Kooksysteem:<\/strong> Voorzien van een meerlaagse opslagtank met instelbare temperatuurregeling, ideaal voor continue productie en buffering van verschillende soorten pectine of gelatine.<\/li>\n<li><strong>Geavanceerde Milling &amp; Kooktechnologie:<\/strong> De machine beschikt over een onafhankelijk controlesysteem, temperatuurinstellingen, roestvrijstalen schrapende roersels, homogenisator en andere geavanceerde functies voor optimale snoepproductie.<\/li>\n<li><strong>Volledige Automatisering:<\/strong> Automatisch voeden, mal aandrijving, depositie, demallen en koelingsunit zorgen voor een naadloos productieproces met minimale handmatige interventie.<\/li>\n<li><strong>Modular Design:<\/strong> Eenvoudige montage en demontage voor snelle installatie en onderhoud, met een focus op modulariteit voor effici\u00ebnte installatie.<\/li>\n<li><strong>Versatility:<\/strong> In staat om een breed scala aan gummy snoepsoorten te produceren, inclusief gummy beren, en aanpasbaar aan verschillende formuleringen, inclusief CBD-ge\u00efnfuseerde snoepjes.<\/li>\n<li><strong>Aanpassing &amp; Naleving:<\/strong> Machines zijn aanpasbaar om te voldoen aan specifieke voltage- en amp\u00e8re-eisen en worden geleverd met certificeringen zoals CE om te voldoen aan FDA- en GMP-normen.<\/li>\n<li><strong>Gebruiksvriendelijke Bediening:<\/strong> Voorzien van een digitaal display en touchscreen voor eenvoudige temperatuur- en gewichtsaanpassingen, waardoor de machine ook toegankelijk is voor gebruikers zonder ervaring.<\/li>\n<li><strong>Ondersteuning &amp; Diensten:<\/strong> Bieden uitgebreide ondersteuning van formuleontwerp tot productondersteuning, voor een soepele overgang naar gummy snoepproductie.<\/li>\n<\/ul>\n<h2><strong>Technical Specifications:<\/strong><\/h2>\n<ul>\n<li><strong>Capaciteitsbereik:<\/strong>\u00a08.000-768.000 stuks\/u, afhankelijk van het model.<\/li>\n<li><strong>Lengte:<\/strong>\u00a013ft\/4m tot 53ft\/16m, geschikt voor verschillende productie-ruimtevereisten.<\/li>\n<li><strong>Controlesysteem:<\/strong>\u00a0Onafhankelijk met digitaal display en touchscreen-interface.<\/li>\n<li><strong>Materiaal:<\/strong>\u00a0Roestvrijstalen constructie voor duurzaamheid en hygi\u00ebne.<\/li>\n<li><strong>Veiligheidskenmerken:<\/strong>\u00a0Inclusief noodstopfuncties en veiligheidsbeschermers.<\/li>\n<\/ul>\n<h2><strong>cURL Too many subrequests.<\/strong><\/h2>\n<ul>\n<li>Geschikt voor de productie van gummyberen, CBD-gearomatiseerde snoepjes, taffy, lolly's en andere gummy-confectie.<\/li>\n<\/ul>\n<h2><strong>cURL Too many subrequests.<\/strong><\/h2>\n<ul>\n<li><strong>Professionele installatie:<\/strong>\u00a0Ter plaatse installatie en opstelling door ons technische team.<\/li>\n<li><strong>Training:<\/strong>\u00a0Uitgebreide training voor operators om een effici\u00ebnte werking van de machine te garanderen.<\/li>\n<li><strong>After-Sales Service:<\/strong>\u00a024\/7 onderdelenservice en lokale technische ondersteuning voor snelle hulp.<\/li>\n<li><strong>Design Services:<\/strong>\u00a0Gratis ontwerp van de fabriek indeling, aangepaste vormstalen en productformule-ontwerp.<\/li>\n<\/ul>\n<p><strong>Prijzen en beschikbaarheid:<\/strong> Neem contact op met ons verkoopteam voor een gedetailleerde offerte en informatie over de beschikbaarheid van de Automatische Gummy Candy Productielijn.<\/p>\n<h2><strong>Waarom kiezen voor onze Gummy Candy Productielijn?<\/strong><\/h2>\n<ul>\n<li><strong>cURL Too many subrequests.<\/strong>\u00a0Het bieden van wereldwijde ondersteuning en lokale service.<\/li>\n<li><strong>cURL Too many subrequests.<\/strong>\u00a0Het waarborgen van de levensduur en prestaties van uw machines.<\/li>\n<li><strong>cURL Too many subrequests.<\/strong>\u00a0Inclusief ontwerp van de fabriek indeling, aangepaste vormstalen en productformule-ontwerp.<\/li>\n<li><strong>3D-weergave:<\/strong>\u00a0Een virtuele rondleiding door het apparatuur schema voor beter begrip en planning.<\/li>\n<li><strong>cURL Too many subrequests.<\/strong>\u00a0Ervaar het productieproces en de machineprestaties uit de eerste hand.<\/li>\n<\/ul>","protected":false},"excerpt":{"rendered":"<ul>\n<li>Simple operation<\/li>\n<li>Reasonable price<\/li>\n<li>Temperate setting<\/li>\n<li>Servo depositing<\/li>\n<li>PLC adjustable size control<\/li>\n<li>Automatic transfer to a mufti-layer cooling system<\/li>\n<li>Automatic De-mold and transfer out<\/li>\n<li>Digital variable temperature control<\/li>\n<li>Gratis reserveonderdelen voor onderhoud<\/li>\n<li>cURL Too many subrequests.<\/li>\n<li>Visueel venster veiligheid productie beschermen<\/li>\n<li>Compact ruimtebesparend ontwerp voor een lengte van 13 voet<\/li>\n<li>Modulair ontwerp voor snellere installatie<\/li>\n<\/ul>","protected":false},"featured_media":4927,"comment_status":"closed","ping_status":"closed","template":"","meta":[],"product_brand":[],"product_cat":[16,98],"product_tag":[],"class_list":{"0":"post-1824","1":"product","2":"type-product","3":"status-publish","4":"has-post-thumbnail","6":"product_cat-candy-machine","7":"product_cat-gummy-candy-machine","9":"first","10":"instock","11":"shipping-taxable","12":"product-type-simple"},"_links":{"self":[{"href":"https:\/\/www.jymachinetech.com\/nl\/wp-json\/wp\/v2\/product\/1824","targetHints":{"allow":["GET"]}}],"collection":[{"href":"https:\/\/www.jymachinetech.com\/nl\/wp-json\/wp\/v2\/product"}],"about":[{"href":"https:\/\/www.jymachinetech.com\/nl\/wp-json\/wp\/v2\/types\/product"}],"replies":[{"embeddable":true,"href":"https:\/\/www.jymachinetech.com\/nl\/wp-json\/wp\/v2\/comments?post=1824"}],"version-history":[{"count":4,"href":"https:\/\/www.jymachinetech.com\/nl\/wp-json\/wp\/v2\/product\/1824\/revisions"}],"predecessor-version":[{"id":6944,"href":"https:\/\/www.jymachinetech.com\/nl\/wp-json\/wp\/v2\/product\/1824\/revisions\/6944"}],"wp:featuredmedia":[{"embeddable":true,"href":"https:\/\/www.jymachinetech.com\/nl\/wp-json\/wp\/v2\/media\/4927"}],"wp:attachment":[{"href":"https:\/\/www.jymachinetech.com\/nl\/wp-json\/wp\/v2\/media?parent=1824"}],"wp:term":[{"taxonomy":"product_brand","embeddable":true,"href":"https:\/\/www.jymachinetech.com\/nl\/wp-json\/wp\/v2\/product_brand?post=1824"},{"taxonomy":"product_cat","embeddable":true,"href":"https:\/\/www.jymachinetech.com\/nl\/wp-json\/wp\/v2\/product_cat?post=1824"},{"taxonomy":"product_tag","embeddable":true,"href":"https:\/\/www.jymachinetech.com\/nl\/wp-json\/wp\/v2\/product_tag?post=1824"}],"curies":[{"name":"wp","href":"https:\/\/api.w.org\/{rel}","templated":true}]}}