{"id":7416,"date":"2025-07-28T01:51:30","date_gmt":"2025-07-28T01:51:30","guid":{"rendered":"https:\/\/www.jymachinetech.com\/?post_type=product&#038;p=7416"},"modified":"2025-07-28T02:11:32","modified_gmt":"2025-07-28T02:11:32","slug":"candy-drop-roller-turn-sugar-into-perfect-drops-every-time","status":"publish","type":"product","link":"https:\/\/www.jymachinetech.com\/it\/product\/candy-drop-roller-turn-sugar-into-perfect-drops-every-time\/","title":{"rendered":"Candy Drop Roller \u2013 Turn Sugar into Perfect Drops, Every Time"},"content":{"rendered":"<h1 data-pm-slice=\"1 1 []\">Candy Drop Roller: Una guida completa<\/h1>\n<p>Macchina per caramelle Drop Roller<\/p>\n<p><a href=\"https:\/\/www.jymachinetech.com\/wp-content\/uploads\/2025\/07\/\u66ff\u6362\u56fe\u7247\u573a\u666f-7.jpg\" target=\"_blank\"><img fetchpriority=\"high\" decoding=\"async\" class=\"alignnone size-full wp-image-7418\" src=\"https:\/\/www.jymachinetech.com\/wp-content\/uploads\/2025\/07\/\u66ff\u6362\u56fe\u7247\u573a\u666f-7.jpg\" alt=\"\" width=\"659\" height=\"691\" srcset=\"https:\/\/www.jymachinetech.com\/wp-content\/uploads\/2025\/07\/\u66ff\u6362\u56fe\u7247\u573a\u666f-7.jpg 659w, https:\/\/www.jymachinetech.com\/wp-content\/uploads\/2025\/07\/\u66ff\u6362\u56fe\u7247\u573a\u666f-7-11x12.jpg 11w, https:\/\/www.jymachinetech.com\/wp-content\/uploads\/2025\/07\/\u66ff\u6362\u56fe\u7247\u573a\u666f-7-600x629.jpg 600w\" sizes=\"(max-width: 659px) 100vw, 659px\" \/><\/a><\/p>\n<p>Conveniente, flessibile, perfetta nella forma<\/p>\n<p><a href=\"https:\/\/www.jymachinetech.com\/wp-content\/uploads\/2025\/07\/Candy-Drop-Roller-2.webp\" target=\"_blank\"><img decoding=\"async\" class=\"alignnone size-full wp-image-7426\" src=\"https:\/\/www.jymachinetech.com\/wp-content\/uploads\/2025\/07\/Candy-Drop-Roller-2.webp\" alt=\"\" width=\"640\" height=\"640\" srcset=\"https:\/\/www.jymachinetech.com\/wp-content\/uploads\/2025\/07\/Candy-Drop-Roller-2.webp 640w, https:\/\/www.jymachinetech.com\/wp-content\/uploads\/2025\/07\/Candy-Drop-Roller-2-12x12.webp 12w, https:\/\/www.jymachinetech.com\/wp-content\/uploads\/2025\/07\/Candy-Drop-Roller-2-300x300.webp 300w, https:\/\/www.jymachinetech.com\/wp-content\/uploads\/2025\/07\/Candy-Drop-Roller-2-600x600.webp 600w, https:\/\/www.jymachinetech.com\/wp-content\/uploads\/2025\/07\/Candy-Drop-Roller-2-100x100.webp 100w\" sizes=\"(max-width: 640px) 100vw, 640px\" \/><\/a><\/p>\n<p>Candy Drop Roller \u00e8 progettato per la produzione di caramelle a basso e medio volume, offrendo precisione, qualit\u00e0 ed efficienza in ogni lotto. Questa soluzione a basso costo \u00e8 fabbricata e prodotta in Italia, rendendola adatta a imprese di tutte le dimensioni che desiderano produrre una variet\u00e0 di dolci. La macchina offre versatilit\u00e0 ed efficienza produttiva, consentendo ai clienti di adattare le proprie esigenze di produzione e creare una vasta gamma di <a href=\"https:\/\/www.jymachinetech.com\/it\/the-ultimate-guide-on-how-candy-is-made-from-ingredients-to-process\/\" title=\"cURL Too many subrequests.\"  data-wpil-monitor-id=\"144\" target=\"_blank\">cURL Too many subrequests.<\/a> design, forme e dimensioni.<\/p>\n<p>Trasforma una striscia piatta di zucchero cotto in gocce di caramella dura impeccabili, drage\u00e9s o forme stagionali\u2014senza il prezzo elevato dei sistemi rotativi ad alta velocit\u00e0. Questa singola macchina pu\u00f2 produrre sia caramelle a tinta unita che caramelle a due colori stratificati, oltre a forme di novit\u00e0 come palline, ovali, rotonde, pere, limoni, quadrati, gocce piatte e prodotti a barre, soddisfacendo le diverse esigenze delle aziende dolciarie e dei clienti.<\/p>\n<p>Perch\u00e9 scegliere il nostro Drop Roller?<\/p>\n<p>Una macchina, infinite forme: rulli in ottone, appositamente progettati e incisi, e rulli di formatura si scambiano in meno di 1 minuto come set. Mantieni una unit\u00e0 di base <a href=\"https:\/\/www.jymachinetech.com\/it\/product\/wafer-biscuit-production-line\/\" title=\"Linea di Produzione Biscotti Wafer | Fabbrica di Macchine per Wafer\"  data-wpil-monitor-id=\"146\" target=\"_blank\">e amplia la tua linea di prodotti<\/a> semplicemente aggiungendo nuovi set di rulli per creare la forma e le dimensioni richieste per ogni tipo e forma di caramella.<\/p>\n<p>Punto di ingresso economico: Ideale per start-up, cucine di prova o impianti consolidati che necessitano di produzioni brevi e frequenti cambi di produzione, offrendo una soluzione a basso costo per la produzione di una variet\u00e0 di dolci.<\/p>\n<p>Caramelle solide o bicolore: Gestisce facilmente massa di caramelle a tinta unita o nastri a strisce, permettendo di produrre sia caramelle a tinta unita che caramelle stratificate a due colori.<\/p>\n<p>Azionamento manuale o elettrico: motore plug-and-play da 110 V \/ 220 V o opzione a manovella\u2014stesso rendimento dei rulli, senza costi aggiuntivi.<\/p>\n<p>Antiaderente, facile da pulire: spray rapido per il rilascio delle confetterie + ventola opzionale mantiene le caramelle distanti dall'adesione; i rulli in polimero si risciacquano in pochi secondi.<\/p>\n<p>Versatilit\u00e0 e variet\u00e0: La macchina drop roller e i suoi vari modelli offrono versatilit\u00e0 e <a href=\"https:\/\/www.jymachinetech.com\/it\/the-best-biscuit-machine-for-efficient-production-and-quality-control\/\" title=\"The Best Biscuit Machine for Efficient Production and Quality Control\"  data-wpil-monitor-id=\"147\" target=\"_blank\">efficienza produttiva<\/a>, consentendo alle aziende di creare una vasta gamma di design, forme e forme di novit\u00e0 per soddisfare le esigenze dei loro clienti.<\/p>\n<p>Come funziona?<\/p>\n<p>\u2022 Cuoci e raffredda la tua massa di caramelle in una striscia flessibile.<\/p>\n<p>\u2022 Alimentare il nastro tra i rulli in ottone temprato e inciso che formano le rulliere.<\/p>\n<p>\u2022 La massa di caramelle viene modellata in una lastra, che viene poi sagomata dai rulli incisi per produrre varie forme e caramelle modellate.<\/p>\n<p>\u2022 Le caramelle formate vengono lasciate indurire dopo il raffreddamento, quindi rotte, setacciate e ulteriormente lavorate prima di essere imballate per la vendita.<\/p>\n<p><a href=\"https:\/\/www.jymachinetech.com\/wp-content\/uploads\/2025\/07\/Candy-Drop-Roller-3.webp\" target=\"_blank\"><img decoding=\"async\" class=\"alignnone size-full wp-image-7428\" src=\"https:\/\/www.jymachinetech.com\/wp-content\/uploads\/2025\/07\/Candy-Drop-Roller-3.webp\" alt=\"\" width=\"640\" height=\"640\" srcset=\"https:\/\/www.jymachinetech.com\/wp-content\/uploads\/2025\/07\/Candy-Drop-Roller-3.webp 640w, https:\/\/www.jymachinetech.com\/wp-content\/uploads\/2025\/07\/Candy-Drop-Roller-3-12x12.webp 12w, https:\/\/www.jymachinetech.com\/wp-content\/uploads\/2025\/07\/Candy-Drop-Roller-3-300x300.webp 300w, https:\/\/www.jymachinetech.com\/wp-content\/uploads\/2025\/07\/Candy-Drop-Roller-3-600x600.webp 600w, https:\/\/www.jymachinetech.com\/wp-content\/uploads\/2025\/07\/Candy-Drop-Roller-3-100x100.webp 100w\" sizes=\"(max-width: 640px) 100vw, 640px\" \/><\/a><\/p>\n<p>Incluso &amp; Opzioni<\/p>\n<p>\u2022 1 coppia di rulli standard (da catalogo)<\/p>\n<p>\u2022 Set di rulli extra: alberi di Natale, cuori, stelle o logo personalizzato\u2014stesso prezzo<\/p>\n<p>\u2022 Kit di ventole di raffreddamento<\/p>\n<p>\u2022 Vassoio setacciato in acciaio inossidabile &amp; tamburo per dragee<\/p>\n<p>\u2022 L'attrezzatura include componenti come un'opzione di rullo a caduta raffreddato ad acqua per una produzione pi\u00f9 elevata (fino a 300 kg all'ora), e macchine e accessori aggiuntivi possono essere installati secondo necessit\u00e0 per aumentare <a href=\"https:\/\/www.jymachinetech.com\/it\/top-machine-gummy-candy-solutions-for-efficient-production\/\" title=\"Le migliori soluzioni di macchine per caramelle gommose per una produzione efficiente\"  data-wpil-monitor-id=\"148\" target=\"_blank\">efficienza produttiva<\/a> e versatilit\u00e0.<\/p>\n<p>\u2022 La macchina rullo a caduta di caramelle \u00e8 prodotta e fabbricata nel Regno Unito utilizzando materiali di qualit\u00e0 alimentare come acciaio inossidabile e rulli in ottone, garantendo durabilit\u00e0 e conformit\u00e0 agli standard del settore.<\/p>\n<p>Per informazioni su consegna e spedizione, i clienti sono invitati a scriverci. Offriamo di spedire le nostre attrezzature in tutto il mondo, garantendo che le aziende ovunque possano beneficiare delle nostre soluzioni versatili <a href=\"https:\/\/www.jymachinetech.com\/it\/product\/pillow-type-biscuit-packaging-machine\/\" title=\"Pillow Type Biscuit Packaging Machine For Sales\"  data-wpil-monitor-id=\"149\" target=\"_blank\">macchine e soluzioni confezionate per la produzione di dolci<\/a>.<\/p>\n<p><a href=\"https:\/\/www.jymachinetech.com\/wp-content\/uploads\/2025\/07\/Candy-Drop-Roller-4.webp\" target=\"_blank\"><img loading=\"lazy\" decoding=\"async\" class=\"alignnone size-full wp-image-7429\" src=\"https:\/\/www.jymachinetech.com\/wp-content\/uploads\/2025\/07\/Candy-Drop-Roller-4.webp\" alt=\"\" width=\"998\" height=\"666\" srcset=\"https:\/\/www.jymachinetech.com\/wp-content\/uploads\/2025\/07\/Candy-Drop-Roller-4.webp 998w, https:\/\/www.jymachinetech.com\/wp-content\/uploads\/2025\/07\/Candy-Drop-Roller-4-18x12.webp 18w, https:\/\/www.jymachinetech.com\/wp-content\/uploads\/2025\/07\/Candy-Drop-Roller-4-600x400.webp 600w\" sizes=\"(max-width: 998px) 100vw, 998px\" \/><\/a><\/p>","protected":false},"excerpt":{"rendered":"<p data-pm-slice=\"1 1 []\">Candy Drop Roller \u00e8 progettato per la produzione di caramelle a basso e medio volume, offrendo precisione, qualit\u00e0 ed efficienza in ogni lotto. Questa soluzione a basso costo \u00e8 fabbricata e prodotta in Italia, rendendola adatta a imprese di tutte le dimensioni che desiderano produrre una variet\u00e0 di dolci. La macchina offre versatilit\u00e0 ed efficienza produttiva, consentendo ai clienti di adattare le proprie esigenze di produzione e creare una vasta gamma di <a href=\"https:\/\/www.jymachinetech.com\/it\/the-ultimate-guide-on-how-candy-is-made-from-ingredients-to-process\/\" title=\"cURL Too many subrequests.\"  data-wpil-monitor-id=\"145\">cURL Too many subrequests.<\/a> design, forme e dimensioni.<\/p>","protected":false},"featured_media":7429,"comment_status":"open","ping_status":"closed","template":"","meta":[],"product_brand":[],"product_cat":[16],"product_tag":[196],"class_list":{"0":"post-7416","1":"product","2":"type-product","3":"status-publish","4":"has-post-thumbnail","6":"product_cat-candy-machine","7":"product_tag-candy-drop-roller","9":"first","10":"instock","11":"shipping-taxable","12":"product-type-simple"},"_links":{"self":[{"href":"https:\/\/www.jymachinetech.com\/it\/wp-json\/wp\/v2\/product\/7416","targetHints":{"allow":["GET"]}}],"collection":[{"href":"https:\/\/www.jymachinetech.com\/it\/wp-json\/wp\/v2\/product"}],"about":[{"href":"https:\/\/www.jymachinetech.com\/it\/wp-json\/wp\/v2\/types\/product"}],"replies":[{"embeddable":true,"href":"https:\/\/www.jymachinetech.com\/it\/wp-json\/wp\/v2\/comments?post=7416"}],"version-history":[{"count":7,"href":"https:\/\/www.jymachinetech.com\/it\/wp-json\/wp\/v2\/product\/7416\/revisions"}],"predecessor-version":[{"id":7436,"href":"https:\/\/www.jymachinetech.com\/it\/wp-json\/wp\/v2\/product\/7416\/revisions\/7436"}],"wp:featuredmedia":[{"embeddable":true,"href":"https:\/\/www.jymachinetech.com\/it\/wp-json\/wp\/v2\/media\/7429"}],"wp:attachment":[{"href":"https:\/\/www.jymachinetech.com\/it\/wp-json\/wp\/v2\/media?parent=7416"}],"wp:term":[{"taxonomy":"product_brand","embeddable":true,"href":"https:\/\/www.jymachinetech.com\/it\/wp-json\/wp\/v2\/product_brand?post=7416"},{"taxonomy":"product_cat","embeddable":true,"href":"https:\/\/www.jymachinetech.com\/it\/wp-json\/wp\/v2\/product_cat?post=7416"},{"taxonomy":"product_tag","embeddable":true,"href":"https:\/\/www.jymachinetech.com\/it\/wp-json\/wp\/v2\/product_tag?post=7416"}],"curies":[{"name":"wp","href":"https:\/\/api.w.org\/{rel}","templated":true}]}}