{"id":6914,"date":"2025-07-09T02:44:24","date_gmt":"2025-07-09T02:44:24","guid":{"rendered":"https:\/\/www.jymachinetech.com\/?post_type=product&#038;p=6914"},"modified":"2025-07-25T06:04:47","modified_gmt":"2025-07-25T06:04:47","slug":"dorayaki-cake-production-line2000pcs-h-4000pcs-h-5000pcs-h-6000pcs-h-8000pcs-h","status":"publish","type":"product","link":"https:\/\/www.jymachinetech.com\/it\/product\/dorayaki-cake-production-line2000pcs-h-4000pcs-h-5000pcs-h-6000pcs-h-8000pcs-h\/","title":{"rendered":"Linea di Produzione di Torte Dorayaki:2000(pz\/h) 4000(pz\/h) 5000(pz\/h) 6000(pz\/h) 8000(pz\/h)"},"content":{"rendered":"<p>&nbsp;<\/p>\n<p><a href=\"https:\/\/www.jymachinetech.com\/wp-content\/uploads\/2025\/07\/photobank.jpg\" target=\"_blank\"><img fetchpriority=\"high\" decoding=\"async\" class=\"alignnone size-full wp-image-6918\" src=\"https:\/\/www.jymachinetech.com\/wp-content\/uploads\/2025\/07\/photobank.jpg\" alt=\"\" width=\"800\" height=\"662\" srcset=\"https:\/\/www.jymachinetech.com\/wp-content\/uploads\/2025\/07\/photobank.jpg 800w, https:\/\/www.jymachinetech.com\/wp-content\/uploads\/2025\/07\/photobank-15x12.jpg 15w, https:\/\/www.jymachinetech.com\/wp-content\/uploads\/2025\/07\/photobank-600x497.jpg 600w\" sizes=\"(max-width: 800px) 100vw, 800px\" \/><\/a><\/p>\n<table>\n<tbody>\n<tr>\n<td width=\"295\">Modello<\/td>\n<td width=\"100\">400<\/td>\n<td width=\"124\">800<\/td>\n<td width=\"120\">1000<\/td>\n<td width=\"124\">1200<\/td>\n<td width=\"126\">1600<\/td>\n<\/tr>\n<tr>\n<td width=\"295\">Capacit\u00e0 di produzione (\u03c690mm pz\/h)<\/td>\n<td width=\"100\">2000<\/td>\n<td width=\"124\">4000<\/td>\n<td width=\"120\">5000<\/td>\n<td width=\"124\">6000<\/td>\n<td width=\"126\">8000<\/td>\n<\/tr>\n<tr>\n<td width=\"295\">Forno a gas (m\u00b3\/h)<\/td>\n<td width=\"100\">10<\/td>\n<td width=\"124\">12<\/td>\n<td width=\"120\">15<\/td>\n<td width=\"124\">20<\/td>\n<td width=\"126\">24<\/td>\n<\/tr>\n<tr>\n<td width=\"295\">Consumo di energia (Kw\/h)<\/td>\n<td width=\"100\">18<\/td>\n<td width=\"124\">20<\/td>\n<td width=\"120\">25<\/td>\n<td width=\"124\">30<\/td>\n<td width=\"126\">35.5<\/td>\n<\/tr>\n<\/tbody>\n<\/table>\n<p>1, Capacit\u00e0: 2000pz-8000pz\/h;<br \/>\n2, Modello macchina: JY400 \u2013 JY1600<br \/>\n3, Nome macchina: Linea di produzione automatica di dolcetti dorayaki<br \/>\n4, Fase di lavorazione: miscelazione - formatura - cottura - movimento - caduta - raffreddamento - rotazione a velocit\u00e0 rapida e lenta - riempimento - impilamento - combinazione - trasporto UV - confezionamento<br \/>\n5, Materie prime principali: zucchero, farina, glucosio, acqua, uova, cioccolato, latte in polvere, aroma, colorante<br \/>\n6, Spazio richiesto nel laboratorio: pi\u00f9 di 200 metri quadrati<br \/>\n7, Spazio nel laboratorio per il prodotto finale: pi\u00f9 di 100 metri quadrati<br \/>\n8, Spazio nel laboratorio per le materie prime: pi\u00f9 di 100 metri quadrati<br \/>\n9, Operatori per ogni turno: 10-15 persone<br \/>\n<a href=\"https:\/\/www.jymachinetech.com\/wp-content\/uploads\/2025\/07\/\u5fae\u4fe1\u56fe\u7247_20240306162620.jpg\" target=\"_blank\"><img decoding=\"async\" class=\"alignnone wp-image-6924\" src=\"https:\/\/www.jymachinetech.com\/wp-content\/uploads\/2025\/07\/\u5fae\u4fe1\u56fe\u7247_20240306162620.jpg\" alt=\"\" width=\"484\" height=\"336\" srcset=\"https:\/\/www.jymachinetech.com\/wp-content\/uploads\/2025\/07\/\u5fae\u4fe1\u56fe\u7247_20240306162620.jpg 1001w, https:\/\/www.jymachinetech.com\/wp-content\/uploads\/2025\/07\/\u5fae\u4fe1\u56fe\u7247_20240306162620-18x12.jpg 18w, https:\/\/www.jymachinetech.com\/wp-content\/uploads\/2025\/07\/\u5fae\u4fe1\u56fe\u7247_20240306162620-600x416.jpg 600w\" sizes=\"(max-width: 484px) 100vw, 484px\" \/><\/a><\/p>\n<p><b>COME FARE DORAYAKI C<\/b><b>FARCITURA<\/b><\/p>\n<p><img decoding=\"async\" class=\"alignnone size-large wp-image-6922\" src=\"https:\/\/www.jymachinetech.com\/wp-content\/uploads\/2025\/07\/\u94dc\u9523\u70e7\u6b65\u9aa41-1024x744.png\" alt=\"\" width=\"800\" height=\"581\"><br \/>\nI sistemi di produzione di dolcetti dorayaki sono composti da due macchine collegate. La piastra per pancake e la macchina per il sandwich funzionano indipendentemente ma sono completamente sincronizzate.<br \/>\n\u200b<a href=\"https:\/\/www.jymachinetech.com\/wp-content\/uploads\/2025\/07\/photobank-1-e1752028647447.jpg\" target=\"_blank\"><img loading=\"lazy\" decoding=\"async\" class=\"alignnone wp-image-6923\" src=\"https:\/\/www.jymachinetech.com\/wp-content\/uploads\/2025\/07\/photobank-1-e1752028647447.jpg\" alt=\"\" width=\"654\" height=\"497\" srcset=\"https:\/\/www.jymachinetech.com\/wp-content\/uploads\/2025\/07\/photobank-1-e1752028647447.jpg 800w, https:\/\/www.jymachinetech.com\/wp-content\/uploads\/2025\/07\/photobank-1-e1752028647447-16x12.jpg 16w, https:\/\/www.jymachinetech.com\/wp-content\/uploads\/2025\/07\/photobank-1-e1752028647447-600x456.jpg 600w\" sizes=\"(max-width: 654px) 100vw, 654px\" \/><\/a><br \/>\nFor baking, we use a reinforced copper plate. The extraordinary heat retention capacity produces a very smooth pancake surface.Both gas and electricity can be used as a heat source to bake the products. By changing the speed of the griddle and the position of the depositor the baking time can be adjusted. A top-mounted heater on the pancake production system cooks the pancake from the top before flipping.The positions of both the top-mounted heater and flipper can also be fine-tuned to suit different recipes. Below the dorayaki production machine, debris is removed from the griddle plates and oil is applied to ensure the pancakes are released properly.<\/p>\n<p><a href=\"https:\/\/www.jymachinetech.com\/wp-content\/uploads\/2025\/07\/\u5fae\u4fe1\u56fe\u7247_20240306162643.jpg\" target=\"_blank\"><img loading=\"lazy\" decoding=\"async\" class=\"alignnone wp-image-6925\" src=\"https:\/\/www.jymachinetech.com\/wp-content\/uploads\/2025\/07\/\u5fae\u4fe1\u56fe\u7247_20240306162643.jpg\" alt=\"\" width=\"374\" height=\"217\" srcset=\"https:\/\/www.jymachinetech.com\/wp-content\/uploads\/2025\/07\/\u5fae\u4fe1\u56fe\u7247_20240306162643.jpg 612w, https:\/\/www.jymachinetech.com\/wp-content\/uploads\/2025\/07\/\u5fae\u4fe1\u56fe\u7247_20240306162643-18x10.jpg 18w, https:\/\/www.jymachinetech.com\/wp-content\/uploads\/2025\/07\/\u5fae\u4fe1\u56fe\u7247_20240306162643-600x347.jpg 600w\" sizes=\"(max-width: 374px) 100vw, 374px\" \/><\/a><a href=\"https:\/\/www.jymachinetech.com\/wp-content\/uploads\/2025\/07\/8b2d6756fc339850d1a68d3886343ca-scaled.jpg\" target=\"_blank\"><img loading=\"lazy\" decoding=\"async\" class=\"alignnone wp-image-6920\" src=\"https:\/\/www.jymachinetech.com\/wp-content\/uploads\/2025\/07\/8b2d6756fc339850d1a68d3886343ca-1024x683.jpg\" alt=\"\" width=\"332\" height=\"221\"><\/a><\/p>\n<p>&nbsp;<\/p>\n<p>La macchina per il sandwich prima allinea i prodotti provenienti dalla macchina per pancake e poi gira met\u00e0 delle file di pancake per applicare la farcitura. L'altra fila di pancake non viene girata, rimane con il lato rivolto verso l'alto per consentire la stampa. Infine, il pancake \u00e8 pronto per essere farcito e sigillato per mantenere la farcitura all'interno. L'unit\u00e0 di sigillatura pu\u00f2 chiudere il pancake mantenendo la farcitura all'interno o semplicemente fare il sandwich lasciando i bordi aperti.<\/p>\n<p>&nbsp;<\/p>","protected":false},"excerpt":{"rendered":"<p>&nbsp; \u578b\u53f7Model 400 800 1000 1200 1600 \u4ea7\u80fdCapacity(\u03c690mmpcs\/h) 2000 4000 5000 6000 8000 \u6c14\u7089Gas\u00a0Oven(m\u00b3\/h) 10 12 15 20 24 \u7528\u7535\u91cfPower\u00a0consumption(Kw\/h) 18 20 25 30 35.5 1,Capacity: 2000pcs-8000pcs\/h; 2,Machine model: JY400 &#8211; JY1600 3,Machine name : Automatic dorayaki cake production line 4,Processing step:mixing -forming -baking-moving-dropping -cooling- fast &amp; slow speed turn-filling -stacking -combining-UV convey-packing 5,Main raw [&hellip;]<\/p>","protected":false},"featured_media":6924,"comment_status":"open","ping_status":"closed","template":"","meta":[],"product_brand":[],"product_cat":[96,15],"product_tag":[],"class_list":{"0":"post-6914","1":"product","2":"type-product","3":"status-publish","4":"has-post-thumbnail","6":"product_cat-cake-machine","7":"product_cat-bakery-equipment","9":"first","10":"instock","11":"shipping-taxable","12":"product-type-simple"},"_links":{"self":[{"href":"https:\/\/www.jymachinetech.com\/it\/wp-json\/wp\/v2\/product\/6914","targetHints":{"allow":["GET"]}}],"collection":[{"href":"https:\/\/www.jymachinetech.com\/it\/wp-json\/wp\/v2\/product"}],"about":[{"href":"https:\/\/www.jymachinetech.com\/it\/wp-json\/wp\/v2\/types\/product"}],"replies":[{"embeddable":true,"href":"https:\/\/www.jymachinetech.com\/it\/wp-json\/wp\/v2\/comments?post=6914"}],"version-history":[{"count":2,"href":"https:\/\/www.jymachinetech.com\/it\/wp-json\/wp\/v2\/product\/6914\/revisions"}],"predecessor-version":[{"id":6928,"href":"https:\/\/www.jymachinetech.com\/it\/wp-json\/wp\/v2\/product\/6914\/revisions\/6928"}],"wp:featuredmedia":[{"embeddable":true,"href":"https:\/\/www.jymachinetech.com\/it\/wp-json\/wp\/v2\/media\/6924"}],"wp:attachment":[{"href":"https:\/\/www.jymachinetech.com\/it\/wp-json\/wp\/v2\/media?parent=6914"}],"wp:term":[{"taxonomy":"product_brand","embeddable":true,"href":"https:\/\/www.jymachinetech.com\/it\/wp-json\/wp\/v2\/product_brand?post=6914"},{"taxonomy":"product_cat","embeddable":true,"href":"https:\/\/www.jymachinetech.com\/it\/wp-json\/wp\/v2\/product_cat?post=6914"},{"taxonomy":"product_tag","embeddable":true,"href":"https:\/\/www.jymachinetech.com\/it\/wp-json\/wp\/v2\/product_tag?post=6914"}],"curies":[{"name":"wp","href":"https:\/\/api.w.org\/{rel}","templated":true}]}}