{"id":5005,"date":"2025-05-20T01:32:43","date_gmt":"2025-05-20T01:32:43","guid":{"rendered":"https:\/\/www.jymachinetech.com\/?post_type=product&#038;p=5005"},"modified":"2025-07-25T06:05:49","modified_gmt":"2025-07-25T06:05:49","slug":"small-automatic-biscuit-production-line","status":"publish","type":"product","link":"https:\/\/www.jymachinetech.com\/it\/product\/small-automatic-biscuit-production-line\/","title":{"rendered":"Linea di produzione automatica di biscotti di piccole dimensioni: 250kg\/h, 500kg\/h, 750kg\/h"},"content":{"rendered":"<p>La capacit\u00e0 di produzione varia tra i modelli: linee completamente automatiche di piccole dimensioni possono produrre da 100 a 800 kg\/h, mentre quelle grandi possono gestire da 800 a 1500 kg\/h. La disposizione pu\u00f2 essere regolata in base allo spazio disponibile, con sezioni di rotazione aggiunte secondo necessit\u00e0.<\/p>\n<p>Le attrezzature presentano un design innovativo e compatto con un alto livello di automazione. Automatizza completamente il processo dalla alimentazione alla laminazione, modellatura, riciclo degli scarti, essiccazione, spruzzatura di olio e raffreddamento.<\/p>\n<p>Pu\u00f2 produrre vari tipi di biscotti, inclusi morbidi e duri. Cambiando stampi e regolando le ricette, pu\u00f2 creare biscotti di alta qualit\u00e0 come crema, sandwich, soda, a forma di animale e vegetali.<\/p>\n<p>L'azienda Jy offre una vasta gamma di stampi e formule di lavorazione per i clienti.<\/p>\n<table>\n<tbody>\n<tr>\n<td>Modello (<strong>piccolo e medio<\/strong>\uff09<\/td>\n<td>JYB-280<\/td>\n<td>JYB-400<\/td>\n<td>JYB-600<\/td>\n<td>JYB-800<\/td>\n<\/tr>\n<tr>\n<td>Capacit\u00e0 di produzione(kg\/h)<\/td>\n<td>100<\/td>\n<td>250<\/td>\n<td>500<\/td>\n<td>750<\/td>\n<\/tr>\n<tr>\n<td>Lunghezza del forno(m)<\/td>\n<td>16<\/td>\n<td>28<\/td>\n<td>40<\/td>\n<td>40<\/td>\n<\/tr>\n<tr>\n<td>Spazio richiesto in fabbrica(m)<\/td>\n<td>5&#215;25<\/td>\n<td>10&#215;40<\/td>\n<td>15&#215;50<\/td>\n<td>15&#215;50<\/td>\n<\/tr>\n<tr>\n<td>Temperatura di cottura(\u00b0C)<\/td>\n<td>190-240\u00b0C<\/td>\n<td>190-240\u00b0C<\/td>\n<td>190-240\u00b0C<\/td>\n<td>190-240\u00b0C<\/td>\n<\/tr>\n<tr>\n<td>Potenza dell'intera linea(kW)<\/td>\n<td>80<\/td>\n<td>90<\/td>\n<td>300<\/td>\n<td>400<\/td>\n<\/tr>\n<tr>\n<td>Forno a GPL(kg\/h)<\/td>\n<td>10<\/td>\n<td>20<\/td>\n<td>35<\/td>\n<td>45<\/td>\n<\/tr>\n<tr>\n<td>Peso dell'intera linea (kg)<\/td>\n<td>6000<\/td>\n<td>12000<\/td>\n<td>20000<\/td>\n<td>28000<\/td>\n<\/tr>\n<\/tbody>\n<\/table>\n<p>Capacit\u00e0 :<\/p>\n<p><img fetchpriority=\"high\" decoding=\"async\" width=\"1030\" height=\"472\" class=\"wp-image-5006\" src=\"https:\/\/www.jymachinetech.com\/wp-content\/uploads\/2025\/05\/60168b76457e04baec2ab46a0d91174.jpeg\" alt=\"60168b76457e04baec2ab46a0d91174\" srcset=\"https:\/\/www.jymachinetech.com\/wp-content\/uploads\/2025\/05\/60168b76457e04baec2ab46a0d91174.jpeg 1030w, https:\/\/www.jymachinetech.com\/wp-content\/uploads\/2025\/05\/60168b76457e04baec2ab46a0d91174-18x8.jpeg 18w, https:\/\/www.jymachinetech.com\/wp-content\/uploads\/2025\/05\/60168b76457e04baec2ab46a0d91174-600x275.jpeg 600w\" sizes=\"(max-width: 1030px) 100vw, 1030px\" \/><\/p>\n<p><strong>Impastatrice di farina:<\/strong><\/p>\n<p>L'impastatrice di farina viene utilizzata per mescolare la farina con altri ingredienti secchi come zucchero e lievito in polvere, creando una miscela secca omogenea che funge da base per la produzione di biscotti.<\/p>\n<p><img decoding=\"async\" width=\"258\" height=\"258\" class=\"wp-image-5007\" src=\"https:\/\/www.jymachinetech.com\/wp-content\/uploads\/2025\/05\/word-image-5005-2.png\" alt=\"\" srcset=\"https:\/\/www.jymachinetech.com\/wp-content\/uploads\/2025\/05\/word-image-5005-2.png 258w, https:\/\/www.jymachinetech.com\/wp-content\/uploads\/2025\/05\/word-image-5005-2-12x12.png 12w, https:\/\/www.jymachinetech.com\/wp-content\/uploads\/2025\/05\/word-image-5005-2-100x100.png 100w\" sizes=\"(max-width: 258px) 100vw, 258px\" \/><\/p>\n<p><strong>Tagliapasta e trasportatore:<\/strong><\/p>\n<p>Questo componente taglia l'impasto in pezzi uniformi e li trasporta alla fase successiva della produzione, garantendo dimensioni costanti e un flusso di lavoro efficiente.<\/p>\n<p><img decoding=\"async\" width=\"693\" height=\"520\" class=\"wp-image-5008\" src=\"https:\/\/www.jymachinetech.com\/wp-content\/uploads\/2025\/05\/word-image-5005-3.png\" alt=\"\" srcset=\"https:\/\/www.jymachinetech.com\/wp-content\/uploads\/2025\/05\/word-image-5005-3.png 693w, https:\/\/www.jymachinetech.com\/wp-content\/uploads\/2025\/05\/word-image-5005-3-16x12.png 16w, https:\/\/www.jymachinetech.com\/wp-content\/uploads\/2025\/05\/word-image-5005-3-600x450.png 600w\" sizes=\"(max-width: 693px) 100vw, 693px\" \/> <img loading=\"lazy\" decoding=\"async\" width=\"361\" height=\"377\" class=\"wp-image-5009\" src=\"https:\/\/www.jymachinetech.com\/wp-content\/uploads\/2025\/05\/2023-08-15-9-27-28.png\" alt=\"\u622a\u5c4f2023-08-15 \u4e0a\u53489.27.28\" srcset=\"https:\/\/www.jymachinetech.com\/wp-content\/uploads\/2025\/05\/2023-08-15-9-27-28.png 361w, https:\/\/www.jymachinetech.com\/wp-content\/uploads\/2025\/05\/2023-08-15-9-27-28-11x12.png 11w\" sizes=\"(max-width: 361px) 100vw, 361px\" \/><\/p>\n<p><strong>Stampo rotante (biscotto morbido):<br \/>\n<\/strong> Lo stampo rotante d\u00e0 forma all'impasto dei biscotti morbidi utilizzando stampi rotanti, ideale per produrre biscotti dalla consistenza morbida con forma e dimensione uniformi.<\/p>\n<p><img loading=\"lazy\" decoding=\"async\" width=\"649\" height=\"433\" class=\"wp-image-5010\" src=\"https:\/\/www.jymachinetech.com\/wp-content\/uploads\/2025\/05\/img_2752.jpeg\" alt=\"IMG_2752\" srcset=\"https:\/\/www.jymachinetech.com\/wp-content\/uploads\/2025\/05\/img_2752.jpeg 649w, https:\/\/www.jymachinetech.com\/wp-content\/uploads\/2025\/05\/img_2752-18x12.jpeg 18w, https:\/\/www.jymachinetech.com\/wp-content\/uploads\/2025\/05\/img_2752-600x400.jpeg 600w\" sizes=\"(max-width: 649px) 100vw, 649px\" \/><\/p>\n<p><strong>Tagliabiscotti rotante (biscotto duro):<br \/>\n<\/strong> Progettato per biscotti con impasto duro, questa attrezzatura taglia l'impasto in forme precise e uniformi, garantendo bordi puliti e qualit\u00e0 costante del prodotto.<\/p>\n<p><strong><img loading=\"lazy\" decoding=\"async\" width=\"640\" height=\"543\" class=\"wp-image-5011\" src=\"https:\/\/www.jymachinetech.com\/wp-content\/uploads\/2025\/05\/cc1b17952468b6816fb542cf1bbd773.jpeg\" alt=\"cc1b17952468b6816fb542cf1bbd773\" srcset=\"https:\/\/www.jymachinetech.com\/wp-content\/uploads\/2025\/05\/cc1b17952468b6816fb542cf1bbd773.jpeg 640w, https:\/\/www.jymachinetech.com\/wp-content\/uploads\/2025\/05\/cc1b17952468b6816fb542cf1bbd773-14x12.jpeg 14w, https:\/\/www.jymachinetech.com\/wp-content\/uploads\/2025\/05\/cc1b17952468b6816fb542cf1bbd773-600x509.jpeg 600w\" sizes=\"(max-width: 640px) 100vw, 640px\" \/><\/strong><\/p>\n<p><strong>Spruzzatore di sale e zucchero:<\/strong><\/p>\n<p>Questa macchina distribuisce uniformemente sale e zucchero sui pezzi di impasto, migliorando il sapore e aggiungendo un tocco finale prima della cottura.<\/p>\n<p><img loading=\"lazy\" decoding=\"async\" width=\"592\" height=\"289\" class=\"wp-image-5012\" src=\"https:\/\/www.jymachinetech.com\/wp-content\/uploads\/2025\/05\/1747017655252.png\" alt=\"1747017655252\" srcset=\"https:\/\/www.jymachinetech.com\/wp-content\/uploads\/2025\/05\/1747017655252.png 592w, https:\/\/www.jymachinetech.com\/wp-content\/uploads\/2025\/05\/1747017655252-18x9.png 18w\" sizes=\"(max-width: 592px) 100vw, 592px\" \/><\/p>\n<p><strong>Forno a tunnel:<\/strong><\/p>\n<p>Il forno a tunnel, equipaggiato per elettrico, GPL o diesel, cuoce i biscotti mentre si muovono su un nastro trasportatore, garantendo una cottura uniforme e una produzione efficiente.<\/p>\n<p><strong><img loading=\"lazy\" decoding=\"async\" width=\"713\" height=\"535\" class=\"wp-image-5013\" src=\"https:\/\/www.jymachinetech.com\/wp-content\/uploads\/2025\/05\/35c9d21670375e51e5c2d38138c52b1.jpeg\" alt=\"35c9d21670375e51e5c2d38138c52b1\" srcset=\"https:\/\/www.jymachinetech.com\/wp-content\/uploads\/2025\/05\/35c9d21670375e51e5c2d38138c52b1.jpeg 713w, https:\/\/www.jymachinetech.com\/wp-content\/uploads\/2025\/05\/35c9d21670375e51e5c2d38138c52b1-16x12.jpeg 16w, https:\/\/www.jymachinetech.com\/wp-content\/uploads\/2025\/05\/35c9d21670375e51e5c2d38138c52b1-600x450.jpeg 600w\" sizes=\"(max-width: 713px) 100vw, 713px\" \/><\/strong><\/p>\n<p><strong>Giro a U di 180\u00b0:<\/strong><\/p>\n<p>Il meccanismo di rotazione a U di 180\/90 gradi permette di riorganizzare efficacemente i biscotti sul nastro trasportatore, facilitando transizioni fluide tra le diverse fasi di produzione.<\/p>\n<p><img loading=\"lazy\" decoding=\"async\" width=\"728\" height=\"485\" class=\"wp-image-5014\" src=\"https:\/\/www.jymachinetech.com\/wp-content\/uploads\/2025\/05\/img_3066.jpeg\" alt=\"IMG_3066\" srcset=\"https:\/\/www.jymachinetech.com\/wp-content\/uploads\/2025\/05\/img_3066.jpeg 728w, https:\/\/www.jymachinetech.com\/wp-content\/uploads\/2025\/05\/img_3066-18x12.jpeg 18w, https:\/\/www.jymachinetech.com\/wp-content\/uploads\/2025\/05\/img_3066-600x400.jpeg 600w\" sizes=\"(max-width: 728px) 100vw, 728px\" \/><\/p>\n<p><strong>Impilatore di biscotti:<\/strong><\/p>\n<p>Questa attrezzatura impila efficacemente i biscotti cotti, preparandoli per i processi successivi come l'imballaggio o ulteriori lavorazioni.<\/p>\n<p><strong><img loading=\"lazy\" decoding=\"async\" width=\"1920\" height=\"1280\" class=\"wp-image-5015\" src=\"https:\/\/www.jymachinetech.com\/wp-content\/uploads\/2025\/05\/img_3064-1-scaled.jpeg\" alt=\"IMG_3064 copia\" srcset=\"https:\/\/www.jymachinetech.com\/wp-content\/uploads\/2025\/05\/img_3064-1-scaled.jpeg 1920w, https:\/\/www.jymachinetech.com\/wp-content\/uploads\/2025\/05\/img_3064-1-scaled-18x12.jpeg 18w, https:\/\/www.jymachinetech.com\/wp-content\/uploads\/2025\/05\/img_3064-1-scaled-600x400.jpeg 600w\" sizes=\"(max-width: 1920px) 100vw, 1920px\" \/><\/strong><\/p>\n<p><strong>Macchina per sandwich di biscotti con crema:<\/strong><\/p>\n<p>Riempe la crema tra due strati di biscotti, creando biscotti sandwich con applicazione precisa della crema e garantendo un prodotto delizioso e uniformemente farcito.<\/p>\n<p><strong><img loading=\"lazy\" decoding=\"async\" width=\"636\" height=\"411\" class=\"wp-image-5016\" src=\"https:\/\/www.jymachinetech.com\/wp-content\/uploads\/2025\/05\/1747018083437-1.png\" alt=\"1747018083437\" srcset=\"https:\/\/www.jymachinetech.com\/wp-content\/uploads\/2025\/05\/1747018083437-1.png 636w, https:\/\/www.jymachinetech.com\/wp-content\/uploads\/2025\/05\/1747018083437-1-18x12.png 18w, https:\/\/www.jymachinetech.com\/wp-content\/uploads\/2025\/05\/1747018083437-1-600x388.png 600w\" sizes=\"(max-width: 636px) 100vw, 636px\" \/><\/strong><\/p>\n<p><strong>Domanda e Risposta<\/strong><\/p>\n<h2><strong>1. Qual \u00e8 la differenza tra biscotto morbido e biscotto duro?<\/strong><\/h2>\n<p>La torta corta \u00e8 un tipo di biscotto con una consistenza friabile, mentre il biscotto duro ha una consistenza pi\u00f9 dura ed \u00e8 pi\u00f9 resistente alla masticazione. La torta corta di solito ha un contenuto pi\u00f9 elevato di grassi e zuccheri, conferendole una struttura pi\u00f9 friabile. Il biscotto duro, d'altra parte, ha un contenuto di grassi e zuccheri inferiore, risultando in una consistenza pi\u00f9 compatta. La superficie della torta corta spesso presenta un motivo in rilievo, mentre il biscotto duro di solito ha un foro rotondo concavo e un aspetto pi\u00f9 liscio.<\/p>\n<h2><strong>2. Cos'\u00e8 un biscotto?<\/strong><\/h2>\n<p>Un biscotto \u00e8 una piccola pasta da forno piatta, tipicamente dolce, che pu\u00f2 essere realizzata con vari ingredienti come farina, zucchero e burro. I biscotti possono avere diverse consistenze e sapori, variando da morbidi e gommosi a croccanti e burrosi.<\/p>\n<h2><strong>3. Quali sono i principali tipi di biscotti?<\/strong><\/h2>\n<p>I biscotti possono essere classificati in diversi tipi, tra cui biscotto duro, biscotto morbido, biscotti al bicarbonato e wafer. Il biscotto morbido ha una consistenza pi\u00f9 compatta ed \u00e8 pi\u00f9 resistente alla masticazione, il biscotto friabile ha una consistenza friabile, i biscotti al bicarbonato sono fatti con impasti fermentati e hanno un sapore fermentato distintivo, e i wafer sono leggeri e porosi con meno zucchero e grassi.<\/p>\n<h2><strong>4. Quali tipi di forni da forno sono disponibili?<\/strong><\/h2>\n<p><strong><strong>Forni rotativi con scaffali<\/strong><\/strong>: Progettati per operazioni di cottura ad alto volume con un sistema di scaffali rotanti per garantire una cottura uniforme.<\/p>\n<p><strong><strong>Forni a tunnel<\/strong><\/strong>: Forni specializzati per produzione continua ad alto volume. I prodotti si muovono attraverso il forno su un nastro trasportatore.<\/p>\n<h2><strong>5. Quanti tipi di forno a tunnel avete? Quali sono le fonti di energia per i forni a tunnel?<\/strong><\/h2>\n<h3><strong>Elettricit\u00e0<\/strong><\/h3>\n<p>I forni a tunnel elettrici utilizzano l'effetto Joule per generare calore. Sono facili da usare e da mantenere, e possono riscaldare zone separate a temperature diverse. Sono altamente efficienti, senza emissioni, e offrono un controllo preciso della temperatura.<\/p>\n<p>La tecnologia a infrarossi pu\u00f2 essere utilizzata nei forni e pu\u00f2 essere alimentata sia a gas che a elettricit\u00e0. Trasmette energia termica sotto forma di onde elettromagnetiche ed \u00e8 efficace per la doratura superficiale, l'asciugatura, la stagionatura e la fusione delle coperture dei prodotti.<\/p>\n<h3><strong>Gas naturale<\/strong><\/h3>\n<p>Il gas naturale \u00e8 una delle fonti di energia pi\u00f9 comuni per i forni a tunnel. Offre un buon controllo della temperatura, flessibilit\u00e0, ed \u00e8 pulito e igienico nel funzionamento.<\/p>\n<p>GPL \u00e8 portatile e versatile, rendendolo adatto per aree senza infrastrutture di gas naturale. Ha una densit\u00e0 energetica superiore rispetto al gas naturale e offre benefici simili in termini di controllo della temperatura e flessibilit\u00e0.<\/p>\n<p>Il costo iniziale dei forni a gas pu\u00f2 essere superiore a quello dei forni elettrici, ma offrono bassi costi operativi e riscaldamento rapido.<\/p>\n<h3><strong>Carburante Diesel<\/strong><\/h3>\n<p>Il carburante diesel \u00e8 meno comune ma pu\u00f2 essere utilizzato in aree dove il gas naturale o il GPL non sono disponibili.<\/p>\n<p>Il combustibile per olio viene talvolta utilizzato in zone dove il gas naturale o il GPL non sono disponibili. \u00c8 relativamente economico ma produce emissioni pi\u00f9 elevate rispetto al gas naturale o al GPL.<\/p>\n<h3><strong>Ibrido<\/strong><\/h3>\n<p>I forni a tunnel ibridi combinano diverse tecnologie di riscaldamento, come convezione diretta e convezione indiretta, offrendo i vantaggi di pi\u00f9 metodi di riscaldamento in una singola macchina. Questo permette maggiore flessibilit\u00e0 e una migliore qualit\u00e0 del prodotto.<\/p>\n<ol>\n<li><strong>Di quanto spazio hanno bisogno le macchine?<\/strong><\/li>\n<\/ol>\n<table>\n<tbody>\n<tr>\n<td>Modello (<strong>piccolo e medio<\/strong>\uff09<\/td>\n<td>JYB-280<\/td>\n<td>JYB-400<\/td>\n<td>JYB-600<\/td>\n<td>JYB-800<\/td>\n<\/tr>\n<tr>\n<td>Capacit\u00e0 di produzione(kg\/h)<\/td>\n<td>100<\/td>\n<td>250<\/td>\n<td>500<\/td>\n<td>50<\/td>\n<\/tr>\n<tr>\n<td>Lunghezza del forno(m)<\/td>\n<td>16<\/td>\n<td>28<\/td>\n<td>40<\/td>\n<td>40<\/td>\n<\/tr>\n<tr>\n<td>Spazio richiesto in fabbrica(m)<\/td>\n<td>5&#215;25<\/td>\n<td>10&#215;40<\/td>\n<td>15&#215;50<\/td>\n<td>15&#215;50<\/td>\n<\/tr>\n<\/tbody>\n<\/table>\n<p><strong>Junyu ha maggiore capacit\u00e0 e macchine pi\u00f9 grandi tra cui scegliere.<\/strong><\/p>\n<p>&nbsp;<\/p>","protected":false},"excerpt":{"rendered":"<p>La linea di produzione di biscotti completamente automatica comprende un impastatrice, una macchina per formare (taglio a rotolo, stampa a rullo), forno a tunnel (riscaldamento elettrico\/a gas), nebulizzatore di olio, macchina di rotazione (non richiesta se lo spazio in fabbrica \u00e8 sufficiente), nastro trasportatore di raffreddamento, macchina per rifinire i biscotti, macchina per il riempimento e macchina per l'imballaggio. Il forno a tunnel offre diverse opzioni di riscaldamento, tra cui elettricit\u00e0, gas e olio termico, per soddisfare le preferenze del cliente.<\/p>","protected":false},"featured_media":5020,"comment_status":"open","ping_status":"closed","template":"","meta":[],"product_brand":[],"product_cat":[95],"product_tag":[],"class_list":{"0":"post-5005","1":"product","2":"type-product","3":"status-publish","4":"has-post-thumbnail","6":"product_cat-biscuit-machine","8":"first","9":"instock","10":"shipping-taxable","11":"product-type-simple"},"_links":{"self":[{"href":"https:\/\/www.jymachinetech.com\/it\/wp-json\/wp\/v2\/product\/5005","targetHints":{"allow":["GET"]}}],"collection":[{"href":"https:\/\/www.jymachinetech.com\/it\/wp-json\/wp\/v2\/product"}],"about":[{"href":"https:\/\/www.jymachinetech.com\/it\/wp-json\/wp\/v2\/types\/product"}],"replies":[{"embeddable":true,"href":"https:\/\/www.jymachinetech.com\/it\/wp-json\/wp\/v2\/comments?post=5005"}],"version-history":[{"count":2,"href":"https:\/\/www.jymachinetech.com\/it\/wp-json\/wp\/v2\/product\/5005\/revisions"}],"predecessor-version":[{"id":6085,"href":"https:\/\/www.jymachinetech.com\/it\/wp-json\/wp\/v2\/product\/5005\/revisions\/6085"}],"wp:featuredmedia":[{"embeddable":true,"href":"https:\/\/www.jymachinetech.com\/it\/wp-json\/wp\/v2\/media\/5020"}],"wp:attachment":[{"href":"https:\/\/www.jymachinetech.com\/it\/wp-json\/wp\/v2\/media?parent=5005"}],"wp:term":[{"taxonomy":"product_brand","embeddable":true,"href":"https:\/\/www.jymachinetech.com\/it\/wp-json\/wp\/v2\/product_brand?post=5005"},{"taxonomy":"product_cat","embeddable":true,"href":"https:\/\/www.jymachinetech.com\/it\/wp-json\/wp\/v2\/product_cat?post=5005"},{"taxonomy":"product_tag","embeddable":true,"href":"https:\/\/www.jymachinetech.com\/it\/wp-json\/wp\/v2\/product_tag?post=5005"}],"curies":[{"name":"wp","href":"https:\/\/api.w.org\/{rel}","templated":true}]}}