{"id":4985,"date":"2025-05-20T01:18:40","date_gmt":"2025-05-20T01:18:40","guid":{"rendered":"https:\/\/www.jymachinetech.com\/?post_type=product&#038;p=4985"},"modified":"2025-05-20T01:27:11","modified_gmt":"2025-05-20T01:27:11","slug":"fully-automatic-marie-biscuit-production-line","status":"publish","type":"product","link":"https:\/\/www.jymachinetech.com\/it\/product\/fully-automatic-marie-biscuit-production-line\/","title":{"rendered":"Fully Automatic Marie Biscuit Production Line: 250kg\/h, 500kg\/h, 750kg\/h, 1000kg\/h, 1500kg\/h"},"content":{"rendered":"<p>Il biscotto Marie \u00e8 ci\u00f2 che generalmente chiamiamo biscotti fatti con pasta dura, in cui la maggior parte della pasta dura deve essere fermentata, quindi Junyu consiglia di laminare e fare 3-4 set di laminazione con macchina a rulli e tagliatrice a rulli per realizzare prodotti di pasta dura con un gusto croccante, superficie liscia e sezione trasversale a strati. come Marie, cracker, biscotti a dita e biscotti al bicarbonato..Principio della macchina: Dopo aver passato la pasta attraverso la macchina di laminazione (opzionale), il distributore a tre rulli e le tre coppie di macchine di laminazione a rulli, l'impasto viene tagliato in diverse forme dal rullo stampo. La pasta rimanente passa attraverso il separatore di pasta e ritorna al primo alimentatore. Il biscotto crudo va alla macchina successiva per la cottura.<\/p>\n<table>\n<tbody>\n<tr>\n<td>Model<\/td>\n<td>JYB-280<\/td>\n<td>JYB-400<\/td>\n<td>JYB-600<\/td>\n<td>JYB-800<\/td>\n<td>JYB-1000<\/td>\n<td>JYB-1200<\/td>\n<td>JYB-1500<\/td>\n<td>Remark<\/td>\n<\/tr>\n<tr>\n<td>Capacit\u00e0 di produzione(kg\/h)<\/td>\n<td>0<\/td>\n<td>250<\/td>\n<td>500<\/td>\n<td>750<\/td>\n<td>1000<\/td>\n<td>1250<\/td>\n<td>1500<\/td>\n<td>Customized capacity<\/td>\n<\/tr>\n<tr>\n<td>Lunghezza del forno(m)<\/td>\n<td>16<\/td>\n<td>28<\/td>\n<td>40<\/td>\n<td>40<\/td>\n<td>60<\/td>\n<td>50<\/td>\n<td>70<\/td>\n<td>Depend<\/td>\n<\/tr>\n<tr>\n<td>Total length(m)<\/td>\n<td>29.6<\/td>\n<td>64.5<\/td>\n<td>85.5<\/td>\n<td>92.5<\/td>\n<td>125<\/td>\n<td>125<\/td>\n<td>150<\/td>\n<td>If No U Turn Conveyor<\/td>\n<\/tr>\n<tr>\n<td>Temperatura di cottura(\u00b0C)<\/td>\n<td>190-240\u00b0C<\/td>\n<td>190-240\u00b0C<\/td>\n<td>190-240\u00b0C<\/td>\n<td>190-240\u00b0C<\/td>\n<td>190-240\u00b0C<\/td>\n<td>190-240\u00b0C<\/td>\n<td>190-240\u00b0C<\/td>\n<td>Depend<\/td>\n<\/tr>\n<tr>\n<td>Potenza dell'intera linea(kW)<\/td>\n<td>80<\/td>\n<td>90<\/td>\n<td>300<\/td>\n<td>400<\/td>\n<td>00<\/td>\n<td>800<\/td>\n<td>900<\/td>\n<td>If Use Electric Oven<\/td>\n<\/tr>\n<tr>\n<td>Forno a GPL(kg\/h)<\/td>\n<td>10<\/td>\n<td>20<\/td>\n<td>35<\/td>\n<td>45<\/td>\n<td>60<\/td>\n<td>70<\/td>\n<td>80<\/td>\n<td>If Use LPG Oven<\/td>\n<\/tr>\n<tr>\n<td>Peso dell'intera linea (kg)<\/td>\n<td>6000<\/td>\n<td>12000<\/td>\n<td>20000<\/td>\n<td>28000<\/td>\n<td>35000<\/td>\n<td>45000<\/td>\n<td>55000<\/td>\n<td>Approx<\/td>\n<\/tr>\n<\/tbody>\n<\/table>\n<h2><strong>Applicazioni<\/strong><\/h2>\n<p>La linea di produzione automatica completa di biscotti Marie \u00e8 adatta a una vasta gamma di scenari di produzione di biscotti. Pu\u00f2 essere utilizzata per produrre vari tipi di biscotti, dai tradizionali biscotti Marie a prodotti pi\u00f9 specializzati e innovativi. Sia per impianti di produzione di grandi dimensioni che per unit\u00e0 di produzione di dimensioni pi\u00f9 ridotte, questa linea offre una soluzione versatile ed efficiente per soddisfare diverse esigenze di produzione.<\/p>\n<p>In sintesi, la linea di produzione automatica completa di biscotti Marie \u00e8 una scelta eccellente per le aziende nel settore della produzione alimentare. Con il suo controllo di alta precisione, capacit\u00e0 di produzione versatile, funzionamento a risparmio energetico, interfaccia intuitiva, standard igienici superiori, produzione personalizzabile e design economico, offre una soluzione efficiente e affidabile per la produzione di biscotti di alta qualit\u00e0.<\/p>\n<h2><strong>Production Process<\/strong><\/h2>\n<h3><strong>Dough Mixing<\/strong><\/h3>\n<p><img fetchpriority=\"high\" decoding=\"async\" width=\"987\" height=\"628\" class=\"wp-image-4986\" src=\"https:\/\/www.jymachinetech.com\/wp-content\/uploads\/2025\/05\/private-var-folders-j4-6sbb4pyn5t1dyr4t5z9hb4tc00.png\" alt=\"\/private\/var\/folders\/j4\/6sbb4pyn5t1dyr4t5z9hb4tc0000gn\/T\/com.kingsoft.wpsoffice.mac\/picturecompress_20221107205632\/output_1.pngoutput_1\" srcset=\"https:\/\/www.jymachinetech.com\/wp-content\/uploads\/2025\/05\/private-var-folders-j4-6sbb4pyn5t1dyr4t5z9hb4tc00.png 987w, https:\/\/www.jymachinetech.com\/wp-content\/uploads\/2025\/05\/private-var-folders-j4-6sbb4pyn5t1dyr4t5z9hb4tc00-18x12.png 18w, https:\/\/www.jymachinetech.com\/wp-content\/uploads\/2025\/05\/private-var-folders-j4-6sbb4pyn5t1dyr4t5z9hb4tc00-600x382.png 600w\" sizes=\"(max-width: 987px) 100vw, 987px\" \/><\/p>\n<p>Il processo inizia con un miscelatore di pasta ad alta efficienza. Mescola uniformemente farina, zucchero, grassi e altri ingredienti per formare un impasto consistente, ponendo le basi per biscotti di alta qualit\u00e0.<\/p>\n<h3><strong>Laminazione dell'impasto<\/strong><\/h3>\n<p><img decoding=\"async\" width=\"1217\" height=\"685\" class=\"wp-image-4987\" src=\"https:\/\/www.jymachinetech.com\/wp-content\/uploads\/2025\/05\/word-image-4985-2.jpeg\" alt=\"\" srcset=\"https:\/\/www.jymachinetech.com\/wp-content\/uploads\/2025\/05\/word-image-4985-2.jpeg 1217w, https:\/\/www.jymachinetech.com\/wp-content\/uploads\/2025\/05\/word-image-4985-2-18x10.jpeg 18w, https:\/\/www.jymachinetech.com\/wp-content\/uploads\/2025\/05\/word-image-4985-2-600x338.jpeg 600w\" sizes=\"(max-width: 1217px) 100vw, 1217px\" \/><\/p>\n<p>L'impasto viene quindi passato attraverso una laminatrice, che lo stende in fogli sottili di spessore uniforme. Ci\u00f2 garantisce che ogni biscotto abbia una consistenza e una forma costanti.<\/p>\n<h3><strong>Formatura dei biscotti - tagliatrice rotativa<\/strong><\/h3>\n<p><img decoding=\"async\" width=\"1056\" height=\"594\" class=\"wp-image-4988\" src=\"https:\/\/www.jymachinetech.com\/wp-content\/uploads\/2025\/05\/wechatimg10142.jpeg\" alt=\"WechatIMG1014 copia 2\" srcset=\"https:\/\/www.jymachinetech.com\/wp-content\/uploads\/2025\/05\/wechatimg10142.jpeg 1056w, https:\/\/www.jymachinetech.com\/wp-content\/uploads\/2025\/05\/wechatimg10142-18x10.jpeg 18w, https:\/\/www.jymachinetech.com\/wp-content\/uploads\/2025\/05\/wechatimg10142-600x338.jpeg 600w\" sizes=\"(max-width: 1056px) 100vw, 1056px\" \/><\/p>\n<p>La tagliatrice rotativa rifila l'impasto nelle forme desiderate. Con parametri di taglio regolabili, garantisce bordi puliti e minimo spreco di impasto.<\/p>\n<h3><strong>Tunnel Oven<\/strong><\/h3>\n<p><img loading=\"lazy\" decoding=\"async\" width=\"701\" height=\"273\" class=\"wp-image-4989\" src=\"https:\/\/www.jymachinetech.com\/wp-content\/uploads\/2025\/05\/word-image-4985-4.png\" alt=\"\" srcset=\"https:\/\/www.jymachinetech.com\/wp-content\/uploads\/2025\/05\/word-image-4985-4.png 701w, https:\/\/www.jymachinetech.com\/wp-content\/uploads\/2025\/05\/word-image-4985-4-18x7.png 18w, https:\/\/www.jymachinetech.com\/wp-content\/uploads\/2025\/05\/word-image-4985-4-600x234.png 600w\" sizes=\"(max-width: 701px) 100vw, 701px\" \/><\/p>\n<p>I pezzi di impasto formati entrano in un forno a tunnel per la cottura. Il forno offre opzioni di riscaldamento versatili, tra cui elettricit\u00e0 e gas naturale, e dispone di un controllo preciso della temperatura per garantire una cottura uniforme.<\/p>\n<h3><strong>Spruzzatura di sale e zucchero<\/strong><\/h3>\n<p><img loading=\"lazy\" decoding=\"async\" width=\"1920\" height=\"1080\" class=\"wp-image-4990\" src=\"https:\/\/www.jymachinetech.com\/wp-content\/uploads\/2025\/05\/12251666078584_-pic.jpeg\" alt=\"12251666078584_.pic\" srcset=\"https:\/\/www.jymachinetech.com\/wp-content\/uploads\/2025\/05\/12251666078584_-pic.jpeg 1920w, https:\/\/www.jymachinetech.com\/wp-content\/uploads\/2025\/05\/12251666078584_-pic-18x10.jpeg 18w, https:\/\/www.jymachinetech.com\/wp-content\/uploads\/2025\/05\/12251666078584_-pic-600x338.jpeg 600w\" sizes=\"(max-width: 1920px) 100vw, 1920px\" \/><\/p>\n<p>Una macchina per la spruzzatura di sale e zucchero applica uniformemente sale e zucchero ai pezzi di impasto, migliorando il sapore e aggiungendo un tocco finale prima della cottura.<\/p>\n<h3><strong>Impilamento dei biscotti<\/strong><\/h3>\n<p><strong><img loading=\"lazy\" decoding=\"async\" width=\"1920\" height=\"1280\" class=\"wp-image-4991\" src=\"https:\/\/www.jymachinetech.com\/wp-content\/uploads\/2025\/05\/img_3064-scaled.jpeg\" alt=\"IMG_3064 copia\" srcset=\"https:\/\/www.jymachinetech.com\/wp-content\/uploads\/2025\/05\/img_3064-scaled.jpeg 1920w, https:\/\/www.jymachinetech.com\/wp-content\/uploads\/2025\/05\/img_3064-scaled-18x12.jpeg 18w, https:\/\/www.jymachinetech.com\/wp-content\/uploads\/2025\/05\/img_3064-scaled-600x400.jpeg 600w\" sizes=\"(max-width: 1920px) 100vw, 1920px\" \/><\/strong><\/p>\n<p>Dopo il raffreddamento, i biscotti vengono impilati in modo efficiente da una macchina dedicata, preparandoli per il processo di confezionamento.<\/p>\n<h3><strong>Macchina per il sandwich di biscotti con crema<\/strong><\/h3>\n<p><strong><img loading=\"lazy\" decoding=\"async\" width=\"636\" height=\"411\" class=\"wp-image-4992\" src=\"https:\/\/www.jymachinetech.com\/wp-content\/uploads\/2025\/05\/1747018083437.png\" alt=\"1747018083437\" srcset=\"https:\/\/www.jymachinetech.com\/wp-content\/uploads\/2025\/05\/1747018083437.png 636w, https:\/\/www.jymachinetech.com\/wp-content\/uploads\/2025\/05\/1747018083437-18x12.png 18w, https:\/\/www.jymachinetech.com\/wp-content\/uploads\/2025\/05\/1747018083437-600x388.png 600w\" sizes=\"(max-width: 636px) 100vw, 636px\" \/><\/strong><\/p>\n<p>Per i biscotti Marie ripieni di crema, una macchina per il sandwich di crema riempie di crema tra due strati di biscotti, creando deliziosi biscotti sandwich con applicazione precisa della crema.<\/p>\n<h3><strong>Sistema di confezionamento<\/strong><\/h3>\n<p>Infine, i biscotti vengono confezionati utilizzando un sistema di imballaggio automatizzato. Questo garantisce che siano sigillati e protetti in modo ordinato per la distribuzione e la vendita.<\/p>\n<h2><strong>Features and Benefits<\/strong><\/h2>\n<h3><strong>Controllo di alta precisione<\/strong><\/h3>\n<p>Dotata di un sistema di controllo PLC e interfaccia a schermo touch, la linea di produzione consente un controllo preciso di ogni fase del processo. Parametri come temperatura, tempo e velocit\u00e0 di deposizione possono essere facilmente regolati per soddisfare requisiti di produzione specifici.<\/p>\n<h3><strong>Capacit\u00e0 di produzione versatile<\/strong><\/h3>\n<p>La linea pu\u00f2 produrre una vasta gamma di biscotti, tra cui\u97e7\u6027 e\u9165\u6027 biscotti. Semplicemente cambiando gli stampi e regolando le formule di produzione, pu\u00f2 creare varie forme e sapori di biscotti per soddisfare le esigenze del mercato.<\/p>\n<h3><strong>Operazione ad alta efficienza energetica<\/strong><\/h3>\n<p>Progettata con l'efficienza energetica in mente, la linea di produzione aiuta a ridurre i costi operativi. Il forno a tunnel, in particolare, \u00e8 disponibile in modelli riscaldati a energia elettrica e a gas, offrendo flessibilit\u00e0 e convenienza.<\/p>\n<h3><strong>Operazione intuitiva e facile da usare<\/strong><\/h3>\n<p>La linea di produzione presenta un sistema di controllo intuitivo e facile da usare. Con istruzioni chiare e processi automatizzati, gli operatori possono diventare rapidamente competenti nel suo utilizzo.<\/p>\n<h3><strong>Standard di igiene superiori<\/strong><\/h3>\n<p>Realizzata in acciaio inossidabile di alta qualit\u00e0, l'attrezzatura rispetta gli standard di igiene alimentare. Il suo design facilita la pulizia e la manutenzione, garantendo la sicurezza e la qualit\u00e0 dei biscotti.<\/p>\n<h3><strong>Produzione personalizzabile<\/strong><\/h3>\n<p>Disponibile in vari modelli con diverse capacit\u00e0 di produzione, la linea pu\u00f2 essere adattata alle esigenze specifiche di aziende di tutte le dimensioni.<\/p>\n<h3><strong>Soluzione conveniente<\/strong><\/h3>\n<p>Sebbene l'investimento iniziale possa sembrare significativo, l'efficienza operativa a lungo termine e i bassi costi di manutenzione rendono questa linea una scelta economica per la produzione di biscotti.<\/p>\n<p>&nbsp;<\/p>","protected":false},"excerpt":{"rendered":"<p>The fully automatic biscuit production line is designed and developed by Junyu Company for customers.providing a complete set of automated equipment from dough making, molding, baking, and packaging. This series of production lines can produce various types of biscuit according to customers&#8217; biscuit and process require, by changing molds and various types of energy tunnel ovens, and using different formula processes.<\/p>","protected":false},"featured_media":4994,"comment_status":"open","ping_status":"closed","template":"","meta":[],"product_brand":[],"product_cat":[95],"product_tag":[],"class_list":{"0":"post-4985","1":"product","2":"type-product","3":"status-publish","4":"has-post-thumbnail","6":"product_cat-biscuit-machine","8":"first","9":"instock","10":"shipping-taxable","11":"product-type-simple"},"_links":{"self":[{"href":"https:\/\/www.jymachinetech.com\/it\/wp-json\/wp\/v2\/product\/4985","targetHints":{"allow":["GET"]}}],"collection":[{"href":"https:\/\/www.jymachinetech.com\/it\/wp-json\/wp\/v2\/product"}],"about":[{"href":"https:\/\/www.jymachinetech.com\/it\/wp-json\/wp\/v2\/types\/product"}],"replies":[{"embeddable":true,"href":"https:\/\/www.jymachinetech.com\/it\/wp-json\/wp\/v2\/comments?post=4985"}],"version-history":[{"count":1,"href":"https:\/\/www.jymachinetech.com\/it\/wp-json\/wp\/v2\/product\/4985\/revisions"}],"predecessor-version":[{"id":6929,"href":"https:\/\/www.jymachinetech.com\/it\/wp-json\/wp\/v2\/product\/4985\/revisions\/6929"}],"wp:featuredmedia":[{"embeddable":true,"href":"https:\/\/www.jymachinetech.com\/it\/wp-json\/wp\/v2\/media\/4994"}],"wp:attachment":[{"href":"https:\/\/www.jymachinetech.com\/it\/wp-json\/wp\/v2\/media?parent=4985"}],"wp:term":[{"taxonomy":"product_brand","embeddable":true,"href":"https:\/\/www.jymachinetech.com\/it\/wp-json\/wp\/v2\/product_brand?post=4985"},{"taxonomy":"product_cat","embeddable":true,"href":"https:\/\/www.jymachinetech.com\/it\/wp-json\/wp\/v2\/product_cat?post=4985"},{"taxonomy":"product_tag","embeddable":true,"href":"https:\/\/www.jymachinetech.com\/it\/wp-json\/wp\/v2\/product_tag?post=4985"}],"curies":[{"name":"wp","href":"https:\/\/api.w.org\/{rel}","templated":true}]}}