{"id":1772,"date":"2024-01-17T09:54:31","date_gmt":"2024-01-17T09:54:31","guid":{"rendered":"https:\/\/www.jymachinetech.com\/?post_type=product&#038;p=1772"},"modified":"2025-07-28T05:45:34","modified_gmt":"2025-07-28T05:45:34","slug":"marshmallow-processing-line","status":"publish","type":"product","link":"https:\/\/www.jymachinetech.com\/it\/product\/marshmallow-processing-line\/","title":{"rendered":"Linea di Produzione di Marshmallow | Macchina per Marshmallow &amp; Attrezzature di Produzione"},"content":{"rendered":"<h2 data-pm-slice=\"1 1 []\"><strong>Linea di Produzione Marshmallow completamente automatica \u2013 Macchinari di alta qualit\u00e0 per forme e ripieni diversi<\/strong><\/h2>\n<p><a href=\"https:\/\/www.jymachinetech.com\/wp-content\/uploads\/2025\/07\/Marshmallow-Production-Line1.png\" target=\"_blank\"><img fetchpriority=\"high\" decoding=\"async\" class=\"alignnone size-large wp-image-7446\" src=\"https:\/\/www.jymachinetech.com\/wp-content\/uploads\/2025\/07\/Marshmallow-Production-Line1-1024x682.png\" alt=\"\" width=\"800\" height=\"533\"><\/a><\/p>\n<p>La nostra linea di produzione completa e completamente automatica crea marshmallow di alta qualit\u00e0 in vari colori, forme e variet\u00e0 ripiene. La linea presenta capacit\u00e0 di estrusione versatili, consentendo la produzione di forme specifiche e di varie forme per soddisfare diverse esigenze di prodotto, inclusi personaggi dei cartoni animati, funi torcete e opzioni ripiene di frutta.<\/p>\n<p><iframe title=\"Linea di produzione di marshmallow\" width=\"800\" height=\"450\" src=\"https:\/\/www.youtube.com\/embed\/y9jU_ro50VY?feature=oembed\" frameborder=\"0\" allow=\"accelerometer; autoplay; clipboard-write; encrypted-media; gyroscope; picture-in-picture; web-share\" referrerpolicy=\"strict-origin-when-cross-origin\" allowfullscreen><\/iframe><\/p>\n<table style=\"min-width: 125px;\">\n<colgroup>\n<col style=\"min-width: 25px;\" \/>\n<col style=\"min-width: 25px;\" \/>\n<col style=\"min-width: 25px;\" \/>\n<col style=\"min-width: 25px;\" \/>\n<col style=\"min-width: 25px;\" \/><\/colgroup>\n<tbody>\n<tr>\n<th colspan=\"1\" rowspan=\"1\">Model<\/th>\n<th colspan=\"1\" rowspan=\"1\">JYM500<\/th>\n<th colspan=\"1\" rowspan=\"1\">JYM600<\/th>\n<th colspan=\"1\" rowspan=\"1\">JYM900<\/th>\n<th colspan=\"1\" rowspan=\"1\">JYM1200<\/th>\n<\/tr>\n<tr>\n<td colspan=\"1\" rowspan=\"1\">Larghezza di lavoro<\/td>\n<td colspan=\"1\" rowspan=\"1\">450mm<\/td>\n<td colspan=\"1\" rowspan=\"1\">600mm<\/td>\n<td colspan=\"1\" rowspan=\"1\">900mm<\/td>\n<td colspan=\"1\" rowspan=\"1\">1200mm<\/td>\n<\/tr>\n<tr>\n<td colspan=\"1\" rowspan=\"1\">Capacit\u00e0<\/td>\n<td colspan=\"1\" rowspan=\"1\">80-150kg\/h<\/td>\n<td colspan=\"1\" rowspan=\"1\">120-200kg\/h<\/td>\n<td colspan=\"1\" rowspan=\"1\">200-300kg\/h<\/td>\n<td colspan=\"1\" rowspan=\"1\">300-500kg\/h<\/td>\n<\/tr>\n<tr>\n<td colspan=\"1\" rowspan=\"1\">Colore del prodotto<\/td>\n<td colspan=\"1\" rowspan=\"1\">Solo singolo<\/td>\n<td colspan=\"1\" rowspan=\"1\">4 colori<\/td>\n<td colspan=\"1\" rowspan=\"1\">4 colori<\/td>\n<td colspan=\"1\" rowspan=\"1\">4 colori<\/td>\n<\/tr>\n<tr>\n<td colspan=\"1\" rowspan=\"1\">Ugelli dell'estrusore<\/td>\n<td colspan=\"1\" rowspan=\"1\">Max5<\/td>\n<td colspan=\"1\" rowspan=\"1\">5-6<\/td>\n<td colspan=\"1\" rowspan=\"1\">8-12<\/td>\n<td colspan=\"1\" rowspan=\"1\">16<\/td>\n<\/tr>\n<tr>\n<td colspan=\"1\" rowspan=\"1\">Ugelli di deposizione<\/td>\n<td colspan=\"1\" rowspan=\"1\">NO\/<\/td>\n<td colspan=\"1\" rowspan=\"1\">12+<\/td>\n<td colspan=\"1\" rowspan=\"1\">24-28<\/td>\n<td colspan=\"1\" rowspan=\"1\">36-45<\/td>\n<\/tr>\n<\/tbody>\n<\/table>\n<p><strong>Qualit\u00e0 e Texture Premium:<\/strong>\u00a0Il nostro creatore <a title=\"Guida all&#039;acquisto della macchina per marshmallow \u2013 Come scegliere la macchina giusta per marshmallow\" href=\"https:\/\/www.jymachinetech.com\/it\/marshmallow-machine-buying-guide\/\" data-wpil-monitor-id=\"160\" target=\"_blank\">macchina produce marshmallow altamente aerati<\/a> che sono\u00a0<strong>delicatamente lisci e lussuosamente soffici<\/strong>. L'attrezzatura garantisce una consistenza sempre soffice e una qualit\u00e0 leggera, offrendo la texture desiderata attraverso un controllo preciso e tecnologia avanzata.<\/p>\n<p><strong>Forme e colori versatili:<\/strong>\u00a0La macchina estrusore produce\u00a0<strong>fino a 4 colori contemporaneamente a ugelli singoli<\/strong>, consentendo\u00a0<strong>diverse forme e fili di marshmallow intrecciati<\/strong>. Supporta la produzione di diversi colori e forme specifiche, e permette la combinazione di gusti e ripieni per la massima personalizzazione.<\/p>\n<p><strong>Ripieni e combinazioni innovative:<\/strong>\u00a0La macchina depositer crea\u00a0<strong>marshmallow ripieni al centro<\/strong>\u00a0(come marmellata o cioccolato) e\u00a0<strong>marshmallow a doppio colore<\/strong>\u00a0che ricordano\u00a0<strong>guarniture per gelato<\/strong>. Il sistema consente la creazione di marshmallow aromatizzati e una vasta gamma di combinazioni di sapori, inclusi variet\u00e0 a doppio colore e ripiene al centro.<\/p>\n<p><strong>Automazione senza soluzione di continuit\u00e0:<\/strong>\u00a0Un sistema di essiccazione automatica integrato\u00a0<strong>non richiede intervento manuale<\/strong>\u00a0fino all'imballaggio, semplificando la produzione. La tecnologia e i sistemi sono progettati per un'operativit\u00e0 facile, riducendo i costi del lavoro e raggiungendo un'elevata efficienza produttiva minimizzando l'intervento manuale e i costi del lavoro.<\/p>\n<p><strong>Soluzione End-to-End:<\/strong>\u00a0Questa linea di aerazione continua viene fornita come un\u00a0<strong>set completo<\/strong>, gestendo tutto da\u00a0<strong>bollitura delle materie prime a essiccazione e imballaggio<\/strong>. La macchina per marshmallow e i suoi componenti sono realizzati in acciaio inossidabile per la sicurezza alimentare e l'igiene, e il processo di produzione \u00e8 progettato per essere conveniente e minimizzare gli sprechi.<\/p>\n<p><strong>Massima Personalizzazione:<\/strong>\u00a0Produrre\u00a0<strong>marshmallow monocromatici, multicolore, intrecciati, a forma di cartone animato, stile gelato e ripieni di frutta<\/strong>. Il sistema pu\u00f2 soddisfare la domanda di mercato e i requisiti di prodotto per l'industria dolciaria e le aziende, inclusa la capacit\u00e0 di produrre una gamma di <a title=\"Macchina per la Produzione di Caramelle Dure \u2013 Linea di Produzione di Caramelle Dure\" href=\"https:\/\/www.jymachinetech.com\/it\/product\/hard-candy-making-machine\/\" data-wpil-monitor-id=\"163\" target=\"_blank\">prodotti di caramelle in uno stabilimento<\/a> impostato.<br \/>\n<a href=\"https:\/\/www.jymachinetech.com\/wp-content\/uploads\/2025\/07\/Marshmallow-Production-Line2.jpg\" target=\"_blank\"><img decoding=\"async\" class=\"alignnone size-full wp-image-7447\" src=\"https:\/\/www.jymachinetech.com\/wp-content\/uploads\/2025\/07\/Marshmallow-Production-Line2.jpg\" alt=\"\" width=\"1024\" height=\"255\" srcset=\"https:\/\/www.jymachinetech.com\/wp-content\/uploads\/2025\/07\/Marshmallow-Production-Line2.jpg 1024w, https:\/\/www.jymachinetech.com\/wp-content\/uploads\/2025\/07\/Marshmallow-Production-Line2-18x4.jpg 18w, https:\/\/www.jymachinetech.com\/wp-content\/uploads\/2025\/07\/Marshmallow-Production-Line2-600x149.jpg 600w\" sizes=\"(max-width: 1024px) 100vw, 1024px\" \/><\/a><\/p>\n<p><strong>Flusso di processo delle attrezzature:<\/strong>Fusione della gelatina \u2192 Dissoluzione dello zucchero \u2192 Aerazione \u2192 CFA (Aerazione continua della schiuma) \u2192 Stesura di amido \u2192 Formatura \u2192 De-amidatura \u2192 Invecchiamento \u2192\u00a0<strong>Asciugatura automatica<\/strong>\u00a0\u2192 Confezionamento<\/p>\n<p>&nbsp;<\/p>\n<p>Di seguito \u00e8 riportato un elenco di controllo conciso e passo-passo dell'\u201coperatore\u201d che segue esattamente le 11 fasi che hai elencato.<\/p>\n<p>Usalo come riferimento per la sala di controllo o come base per la documentazione HACCP \/ SOP.<\/p>\n<p>&nbsp;<\/p>\n<p>\u2500\u2500\u2500\u2500\u2500\u2500\u2500\u2500\u2500\u2500\u2500\u2500\u2500\u2500\u2500\u2500\u2500\u2500\u2500\u2500\u2500\u2500\u2500\u2500\u2500\u2500<\/p>\n<p>LISTA DI CONTROLLO PER IL FLUSSO DI MARSCHMALLOW COMPLETAMENTE AUTOMATICO<\/p>\n<p>\u2500\u2500\u2500\u2500\u2500\u2500\u2500\u2500\u2500\u2500\u2500\u2500\u2500\u2500\u2500\u2500\u2500\u2500\u2500\u2500\u2500\u2500\u2500\u2500\u2500\u2500<\/p>\n<p><a href=\"https:\/\/www.jymachinetech.com\/wp-content\/uploads\/2025\/07\/Marshmallow-Production-Line3.jpg\" target=\"_blank\"><img decoding=\"async\" class=\"alignnone size-full wp-image-7448\" src=\"https:\/\/www.jymachinetech.com\/wp-content\/uploads\/2025\/07\/Marshmallow-Production-Line3.jpg\" alt=\"\" width=\"863\" height=\"575\" srcset=\"https:\/\/www.jymachinetech.com\/wp-content\/uploads\/2025\/07\/Marshmallow-Production-Line3.jpg 863w, https:\/\/www.jymachinetech.com\/wp-content\/uploads\/2025\/07\/Marshmallow-Production-Line3-18x12.jpg 18w, https:\/\/www.jymachinetech.com\/wp-content\/uploads\/2025\/07\/Marshmallow-Production-Line3-600x400.jpg 600w\" sizes=\"(max-width: 863px) 100vw, 863px\" \/><\/a><\/p>\n<ol>\n<li>PRE-MESCITORE<\/li>\n<\/ol>\n<p>\u2022 Caricare acqua, zucchero semolato, sciroppo di glucosio, soluzione di gelatina (o altro idrocolloide), colori\/sapori stabili al calore e sciroppo di mais come ingrediente principale per preparare la miscela.<\/p>\n<p>\u2022 Impostare: dissolvere a 75\u201380 \u00b0C, 60\u201390 rpm, fino a Brix 78\u201380 \u00b0.<\/p>\n<p>\u2022 Garantire la consistenza della miscela per ottenere un prodotto dolciario altamente aerato.<\/p>\n<p>\u2022 Sequenza di risciacquo CIP alla fine del lotto.<\/p>\n<p>&nbsp;<\/p>\n<p>&nbsp;<\/p>\n<ol start=\"2\">\n<li>FORNO (FLASH O TUBO)<\/li>\n<\/ol>\n<p>\u2022 Alimentazione continua dal pre-mescolatore.<\/p>\n<p>\u2022 Obiettivo: 105\u2013110 \u00b0C, umidit\u00e0 finale 18\u201322 %.<\/p>\n<p>\u2022 Allarme refrattometro inline se Brix &lt; 76 \u00b0.<\/p>\n<p>&nbsp;<\/p>\n<ol start=\"3\">\n<li>Raffreddatore di slurry<\/li>\n<\/ol>\n<p>\u2022 Scambiatore di calore a piastre a 65\u201370 \u00b0C.<\/p>\n<p>\u2022 Critico: evitare &lt; 60 \u00b0C (prevenire la pre-set della gelatina).<\/p>\n<p>&nbsp;<\/p>\n<ol start=\"4\">\n<li>AERATORE CONTINUO<br \/>\n<a href=\"https:\/\/www.jymachinetech.com\/wp-content\/uploads\/2025\/07\/Marshmallow-Production-Line4.jpg\" target=\"_blank\"><img loading=\"lazy\" decoding=\"async\" class=\"alignnone size-full wp-image-7449\" src=\"https:\/\/www.jymachinetech.com\/wp-content\/uploads\/2025\/07\/Marshmallow-Production-Line4.jpg\" alt=\"\" width=\"793\" height=\"595\" srcset=\"https:\/\/www.jymachinetech.com\/wp-content\/uploads\/2025\/07\/Marshmallow-Production-Line4.jpg 793w, https:\/\/www.jymachinetech.com\/wp-content\/uploads\/2025\/07\/Marshmallow-Production-Line4-16x12.jpg 16w, https:\/\/www.jymachinetech.com\/wp-content\/uploads\/2025\/07\/Marshmallow-Production-Line4-600x450.jpg 600w\" sizes=\"(max-width: 793px) 100vw, 793px\" \/><\/a><\/li>\n<\/ol>\n<p>\u2022 Impostare il sovrapprezzo a 250\u2013300 %.<\/p>\n<p>\u2022 Misuratore di flusso d'aria: 3\u20136 bar, filtrato sterile.<\/p>\n<p>\u2022 Controlla la curva di coppia\u2014picchi indicano schermo bloccato.<\/p>\n<p>&nbsp;<\/p>\n<ol start=\"5\">\n<li>Funzione di deposito\u2014riempimento centrale per forme 3D<br \/>\n<a href=\"https:\/\/www.jymachinetech.com\/wp-content\/uploads\/2025\/07\/Marshmallow-Production-Line5.jpg\" target=\"_blank\"><img loading=\"lazy\" decoding=\"async\" class=\"alignnone size-full wp-image-7450\" src=\"https:\/\/www.jymachinetech.com\/wp-content\/uploads\/2025\/07\/Marshmallow-Production-Line5.jpg\" alt=\"\" width=\"900\" height=\"600\" srcset=\"https:\/\/www.jymachinetech.com\/wp-content\/uploads\/2025\/07\/Marshmallow-Production-Line5.jpg 900w, https:\/\/www.jymachinetech.com\/wp-content\/uploads\/2025\/07\/Marshmallow-Production-Line5-18x12.jpg 18w, https:\/\/www.jymachinetech.com\/wp-content\/uploads\/2025\/07\/Marshmallow-Production-Line5-600x400.jpg 600w\" sizes=\"(max-width: 900px) 100vw, 900px\" \/><\/a><\/li>\n<\/ol>\n<p>&nbsp;<\/p>\n<p>\u2022 Il collettore divide la base in 2\u20133 colori in un marshmallow.<\/p>\n<p>\u2022 Le pompe peristaltiche dosano aromi sensibili al calore (&lt; 45 \u00b0C) e colori.<\/p>\n<p>\u2022 Verifica che i rapporti di flusso corrispondano alla scheda della ricetta.<\/p>\n<p>&nbsp;<\/p>\n<ol start=\"6\">\n<li>Extrusione esterna di 4 colori in un rotolo di marshmallow.<br \/>\n<a href=\"https:\/\/www.jymachinetech.com\/wp-content\/uploads\/2025\/07\/Marshmallow-Production-Line6.png\" target=\"_blank\"><img loading=\"lazy\" decoding=\"async\" class=\"alignnone size-full wp-image-7451\" src=\"https:\/\/www.jymachinetech.com\/wp-content\/uploads\/2025\/07\/Marshmallow-Production-Line6.png\" alt=\"\" width=\"703\" height=\"382\" srcset=\"https:\/\/www.jymachinetech.com\/wp-content\/uploads\/2025\/07\/Marshmallow-Production-Line6.png 703w, https:\/\/www.jymachinetech.com\/wp-content\/uploads\/2025\/07\/Marshmallow-Production-Line6-18x10.png 18w, https:\/\/www.jymachinetech.com\/wp-content\/uploads\/2025\/07\/Marshmallow-Production-Line6-600x326.png 600w\" sizes=\"(max-width: 703px) 100vw, 703px\" \/><\/a><\/li>\n<\/ol>\n<p>\u2022 Temperatura dello stampo 45\u201348 \u00b0C (previene lo strappo).<\/p>\n<p>\u2022 Tunnel di raffreddamento: 15\u201318 \u00b0C, tempo di residenza 4\u20136 min, umidit\u00e0 &lt; 55 %.<\/p>\n<p>\u2022 Velocit\u00e0 del nastro sincronizzata con il taglierino a valle.<\/p>\n<p>&nbsp;<\/p>\n<ol start=\"7\">\n<li>CABINA DI POLVERE (AMIDO \/ ZUCCHERO A Velo)<\/li>\n<\/ol>\n<p>\u2022 Dispenser superiori e inferiori impostati a 1,5\u20132 g per 100 g di prodotto.<\/p>\n<p>\u2022 Lama rotante taglia alla lunghezza \u00b11 mm.<\/p>\n<p>\u2022 Cabina sotto pressione negativa \u201325 Pa; aspirazione HEPA.<\/p>\n<p>\u2022 L'uso di polveri aiuta a prevenire l'adesione e mantenere la qualit\u00e0 del prodotto.<\/p>\n<p>&nbsp;<\/p>\n<ol start=\"8\">\n<li>CONTROLLO POLVERE \/ RIMOZIONE ECCESSO<\/li>\n<\/ol>\n<p>\u2022 Scuotitori vibranti + lama d'aria inversa rimuovono l'eccesso di amido.<\/p>\n<p>\u2022 Rilevatore di metalli inline dopo lo shaker.<\/p>\n<p>\u2022 Ulteriore spolveratura aiuta a prevenire l'adesione e garantisce l'integrit\u00e0 del prodotto.<\/p>\n<p>&nbsp;<\/p>\n<ol start=\"9\">\n<li>SISTEMA DI ASCIUGATURA AUTOMATICA A NASTRO E ASCIUGATURA<br \/>\n<a href=\"https:\/\/www.jymachinetech.com\/wp-content\/uploads\/2025\/07\/Marshmallow-Production-Line7.png\" target=\"_blank\"><img loading=\"lazy\" decoding=\"async\" class=\"alignnone size-full wp-image-7452\" src=\"https:\/\/www.jymachinetech.com\/wp-content\/uploads\/2025\/07\/Marshmallow-Production-Line7.png\" alt=\"\" width=\"900\" height=\"600\" srcset=\"https:\/\/www.jymachinetech.com\/wp-content\/uploads\/2025\/07\/Marshmallow-Production-Line7.png 900w, https:\/\/www.jymachinetech.com\/wp-content\/uploads\/2025\/07\/Marshmallow-Production-Line7-18x12.png 18w, https:\/\/www.jymachinetech.com\/wp-content\/uploads\/2025\/07\/Marshmallow-Production-Line7-600x400.png 600w\" sizes=\"(max-width: 900px) 100vw, 900px\" \/><\/a><\/li>\n<\/ol>\n<p>\u2022 25-35 \u00b0C, Umidit\u00e0 inferiore al 55%<\/p>\n<p>\u2022 Tunnel di raffreddamento 12\u201315 \u00b0C, 6\u20138 min.<\/p>\n<p>&nbsp;<\/p>\n<ol start=\"10\">\n<li>CONFEZIONAMENTO<\/li>\n<\/ol>\n<p>\u2022 Trasferimento tramite nastro di distribuzione all'incartatrice flow-pack.<\/p>\n<p>\u2022 Opzione MAP: lavaggio con N\u2082, O\u2082 &lt; 1%.<\/p>\n<p>\u2022 Controllo dell'integrit\u00e0 della saldatura (test di decadimento del vuoto ogni 30 min).<\/p>\n<p>\u2022 La fase di confezionamento \u00e8 la fase finale del processo di produzione, preservando la durata di conservazione e <a title=\"How do gummy manufacturing machines ensure food safety standards are met?\" href=\"https:\/\/www.jymachinetech.com\/it\/how-is-popping-boba-made-in-factories\/\" data-wpil-monitor-id=\"161\" target=\"_blank\">cURL Too many subrequests.<\/a>.<\/p>\n<p>&nbsp;<\/p>\n<p>\u2500\u2500\u2500\u2500\u2500\u2500\u2500\u2500\u2500\u2500\u2500\u2500\u2500\u2500\u2500\u2500\u2500\u2500\u2500\u2500\u2500\u2500\u2500\u2500\u2500\u2500<\/p>\n<p>NOTE DI SICUREZZA \/ QUALIT\u00c0<\/p>\n<p>\u2022 Tutte le parti a contatto in acciaio inossidabile 304 o 316; cicli CIP\/SIP completi.<\/p>\n<p>\u2022 Punti critici di controllo (CCP): temperatura di cottura, rilevamento metalli, sigillo della confezione.<\/p>\n<p>\u2022 Portate tipiche: 300\u2013500 kg\/h su una linea di estrusione da 1,2 m.<\/p>\n<p>\u2022 Il macchinario \u00e8 progettato con sistemi avanzati per un controllo preciso e le specifiche tecniche sono disponibili per tutti i componenti per garantire prestazioni ottimali. La sicurezza alimentare e l'igiene sono prioritarie in tutto il <a title=\"HOME\" href=\"https:\/\/www.jymachinetech.com\/it\/\" data-wpil-monitor-id=\"164\" target=\"_blank\">produzione dell'industria dolciaria<\/a> processo.<\/p>\n<p>\u2022 La nostra azienda \u00e8 specializzata nella fornitura di <a title=\"cURL Too many subrequests.\" href=\"https:\/\/www.jymachinetech.com\/it\/the-best-gummy-candy-production-line-a-complete-guide-for-beginners\/\" data-wpil-monitor-id=\"162\" target=\"_blank\">linee di produzione complete<\/a> e macchinari per l'industria dolciaria, servendo aziende e fabbriche con elevata capacit\u00e0 produttiva, elevata efficienza produttiva e soluzioni di automazione affidabili.<\/p>\n<p>&nbsp;<\/p>\n<h2 style=\"box-sizing: border-box; font-family: Poppins, sans-serif; font-size: 32px; font-weight: 400; line-height: 35.2px; letter-spacing: -2px; text-align: center;\"><strong style=\"box-sizing: border-box;\">Richiedi un Preventivo Ora:<\/strong><\/h2>\n<p style=\"box-sizing: border-box; margin-bottom: 10px; font-family: Poppins, sans-serif; text-align: center;\">Per prezzi personalizzati e per saperne di pi\u00f9 sulla nostra linea di produzione di marshmallow, contattaci oggi stesso.<\/p>\n<p style=\"box-sizing: border-box; margin-bottom: 10px; font-family: Poppins, sans-serif; text-align: center;\"><a style=\"text-decoration-line: none; box-sizing: border-box; box-shadow: none; color: #204be2;\" href=\"https:\/\/www.jymachinetech.com\/it\/?attachment_id=4767\" rel=\"attachment wp-att-4767\" target=\"_blank\"><img loading=\"lazy\" decoding=\"async\" class=\"alignnone size-full wp-image-4767 entered litespeed-loaded\" style=\"box-sizing: border-box; border: none; border-radius: 0px; box-shadow: none;\" src=\"https:\/\/www.jymachinetech.com\/wp-content\/uploads\/2024\/01\/1.jpg\" sizes=\"(max-width: 900px) 100vw, 900px\" srcset=\"https:\/\/www.jymachinetech.com\/wp-content\/uploads\/2024\/01\/1.jpg 900w, https:\/\/www.jymachinetech.com\/wp-content\/uploads\/2024\/01\/1-300x200.jpg 300w, https:\/\/www.jymachinetech.com\/wp-content\/uploads\/2024\/01\/1-768x512.jpg 768w, https:\/\/www.jymachinetech.com\/wp-content\/uploads\/2024\/01\/1-18x12.jpg 18w, https:\/\/www.jymachinetech.com\/wp-content\/uploads\/2024\/01\/1-480x320.jpg 480w, https:\/\/www.jymachinetech.com\/wp-content\/uploads\/2024\/01\/1-600x400.jpg 600w\" alt=\"1\" width=\"900\" height=\"600\" data-lazyloaded=\"1\" data-src=\"https:\/\/www.jymachinetech.com\/wp-content\/uploads\/2024\/01\/1.jpg\" data-srcset=\"https:\/\/www.jymachinetech.com\/wp-content\/uploads\/2024\/01\/1.jpg 900w, https:\/\/www.jymachinetech.com\/wp-content\/uploads\/2024\/01\/1-300x200.jpg 300w, https:\/\/www.jymachinetech.com\/wp-content\/uploads\/2024\/01\/1-768x512.jpg 768w, https:\/\/www.jymachinetech.com\/wp-content\/uploads\/2024\/01\/1-18x12.jpg 18w, https:\/\/www.jymachinetech.com\/wp-content\/uploads\/2024\/01\/1-480x320.jpg 480w, https:\/\/www.jymachinetech.com\/wp-content\/uploads\/2024\/01\/1-600x400.jpg 600w\" data-sizes=\"(max-width: 900px) 100vw, 900px\" data-ll-status=\"loaded\" \/><\/a><\/p>\n<p style=\"box-sizing: border-box; margin-bottom: 10px; font-family: Poppins, sans-serif; text-align: center;\"><a style=\"text-decoration-line: none; box-sizing: border-box; box-shadow: none; color: #204be2;\" href=\"https:\/\/www.jymachinetech.com\/it\/?attachment_id=4774\" rel=\"attachment wp-att-4774\" target=\"_blank\"><img loading=\"lazy\" decoding=\"async\" class=\"alignnone size-large wp-image-4774 entered litespeed-loaded\" style=\"box-sizing: border-box; border: none; border-radius: 0px; box-shadow: none;\" src=\"https:\/\/www.jymachinetech.com\/wp-content\/uploads\/2024\/01\/8-768x1024.jpg\" sizes=\"(max-width: 768px) 100vw, 768px\" srcset=\"https:\/\/www.jymachinetech.com\/wp-content\/uploads\/2024\/01\/8-768x1023.jpg 768w, https:\/\/www.jymachinetech.com\/wp-content\/uploads\/2024\/01\/8-225x300.jpg 225w, https:\/\/www.jymachinetech.com\/wp-content\/uploads\/2024\/01\/8-9x12.jpg 9w, https:\/\/www.jymachinetech.com\/wp-content\/uploads\/2024\/01\/8-980x1306.jpg 980w, https:\/\/www.jymachinetech.com\/wp-content\/uploads\/2024\/01\/8-480x640.jpg 480w, https:\/\/www.jymachinetech.com\/wp-content\/uploads\/2024\/01\/8-600x800.jpg 600w, https:\/\/www.jymachinetech.com\/wp-content\/uploads\/2024\/01\/8-rotated.jpg 1001w\" alt=\"8\" width=\"768\" height=\"1024\" data-lazyloaded=\"1\" data-src=\"https:\/\/www.jymachinetech.com\/wp-content\/uploads\/2024\/01\/8-768x1024.jpg\" data-srcset=\"https:\/\/www.jymachinetech.com\/wp-content\/uploads\/2024\/01\/8-768x1023.jpg 768w, https:\/\/www.jymachinetech.com\/wp-content\/uploads\/2024\/01\/8-225x300.jpg 225w, https:\/\/www.jymachinetech.com\/wp-content\/uploads\/2024\/01\/8-9x12.jpg 9w, https:\/\/www.jymachinetech.com\/wp-content\/uploads\/2024\/01\/8-980x1306.jpg 980w, https:\/\/www.jymachinetech.com\/wp-content\/uploads\/2024\/01\/8-480x640.jpg 480w, https:\/\/www.jymachinetech.com\/wp-content\/uploads\/2024\/01\/8-600x800.jpg 600w, https:\/\/www.jymachinetech.com\/wp-content\/uploads\/2024\/01\/8-rotated.jpg 1001w\" data-sizes=\"(max-width: 768px) 100vw, 768px\" data-ll-status=\"loaded\" \/><\/a><\/p>","protected":false},"excerpt":{"rendered":"<ul>\n<li>Simple operation<\/li>\n<li>Prezzo ragionevole<\/li>\n<li>4 colori in 1 marshmallow<\/li>\n<li>Extrusore per marshmallow a corda<\/li>\n<li>Depositor con riempimento centrale<\/li>\n<li>Sistema di miscelazione automatica CFA<\/li>\n<li>Servo cutting machine<\/li>\n<li>Automatic Drying system<\/li>\n<\/ul>","protected":false},"featured_media":7448,"comment_status":"closed","ping_status":"closed","template":"","meta":[],"product_brand":[],"product_cat":[16,101],"product_tag":[199],"class_list":{"0":"post-1772","1":"product","2":"type-product","3":"status-publish","4":"has-post-thumbnail","6":"product_cat-candy-machine","7":"product_cat-marshmallow-machine","8":"product_tag-marshmallow-production-line","10":"first","11":"instock","12":"shipping-taxable","13":"product-type-simple"},"_links":{"self":[{"href":"https:\/\/www.jymachinetech.com\/it\/wp-json\/wp\/v2\/product\/1772","targetHints":{"allow":["GET"]}}],"collection":[{"href":"https:\/\/www.jymachinetech.com\/it\/wp-json\/wp\/v2\/product"}],"about":[{"href":"https:\/\/www.jymachinetech.com\/it\/wp-json\/wp\/v2\/types\/product"}],"replies":[{"embeddable":true,"href":"https:\/\/www.jymachinetech.com\/it\/wp-json\/wp\/v2\/comments?post=1772"}],"version-history":[{"count":6,"href":"https:\/\/www.jymachinetech.com\/it\/wp-json\/wp\/v2\/product\/1772\/revisions"}],"predecessor-version":[{"id":7460,"href":"https:\/\/www.jymachinetech.com\/it\/wp-json\/wp\/v2\/product\/1772\/revisions\/7460"}],"wp:featuredmedia":[{"embeddable":true,"href":"https:\/\/www.jymachinetech.com\/it\/wp-json\/wp\/v2\/media\/7448"}],"wp:attachment":[{"href":"https:\/\/www.jymachinetech.com\/it\/wp-json\/wp\/v2\/media?parent=1772"}],"wp:term":[{"taxonomy":"product_brand","embeddable":true,"href":"https:\/\/www.jymachinetech.com\/it\/wp-json\/wp\/v2\/product_brand?post=1772"},{"taxonomy":"product_cat","embeddable":true,"href":"https:\/\/www.jymachinetech.com\/it\/wp-json\/wp\/v2\/product_cat?post=1772"},{"taxonomy":"product_tag","embeddable":true,"href":"https:\/\/www.jymachinetech.com\/it\/wp-json\/wp\/v2\/product_tag?post=1772"}],"curies":[{"name":"wp","href":"https:\/\/api.w.org\/{rel}","templated":true}]}}