{"id":1554,"date":"2021-12-26T08:23:23","date_gmt":"2021-12-26T08:23:23","guid":{"rendered":"https:\/\/www.jymachinetech.com\/?post_type=product&#038;p=1554"},"modified":"2025-07-25T05:57:01","modified_gmt":"2025-07-25T05:57:01","slug":"pillow-type-biscuit-packaging-machine","status":"publish","type":"product","link":"https:\/\/www.jymachinetech.com\/it\/product\/pillow-type-biscuit-packaging-machine\/","title":{"rendered":"Pillow Type Biscuit Packaging Machine For Sales"},"content":{"rendered":"<h2>Macchina per imballaggio biscotti tipo pillow: La soluzione definitiva per l'imballaggio di sostanze solide<\/h2>\n<p><strong>Panoramica del Prodotto:<\/strong> La macchina per imballaggio biscotti tipo pillow \u00e8 una soluzione di imballaggio innovativa e versatile progettata per soddisfare le esigenze di imballaggio di sostanze solide di vari settori. Questa macchina \u00e8 particolarmente adatta per prodotti come biscotti, cookies, pane, mooncake, caramelle e altri articoli solidi ben regolamentati. Le sue caratteristiche avanzate garantiscono che i tuoi prodotti siano imballati in modo efficiente, mantenendo la loro qualit\u00e0 e presentazione.<\/p>\n<p><iframe title=\"Macchina automatica compatta per imballaggi di biscotti \/ patatine \/ snack da 250g, 500g, 1kg\" width=\"800\" height=\"600\" src=\"https:\/\/www.youtube.com\/embed\/p9ELBsGSa98?list=PLkC9Irp2ZdYa10tGNGE32CKnGF6V4rKxk\" frameborder=\"0\" allow=\"accelerometer; autoplay; clipboard-write; encrypted-media; gyroscope; picture-in-picture; web-share\" referrerpolicy=\"strict-origin-when-cross-origin\" allowfullscreen><\/iframe><\/p>\n<h2><strong>Caratteristiche Chiave &amp; Vantaggi:<\/strong><\/h2>\n<ul>\n<li><strong>Imballaggio versatile di sostanze solide:<\/strong> Progettata per accogliere una vasta gamma di prodotti solidi, rendendola una scelta ideale per linee di produzione diversificate.<\/li>\n<li><strong>Controllo a doppia frequenza:<\/strong> Offre un controllo preciso sul funzionamento della macchina, garantendo una qualit\u00e0 di imballaggio costante.<\/li>\n<li><strong>Lunghezza della busta flessibile:<\/strong> Le impostazioni di lunghezza variabile della busta consentono un uso efficiente della pellicola, riducendo gli sprechi di materiale.<\/li>\n<li><strong>Efficienza di tempo e pellicola:<\/strong> Ottimizza il processo di imballaggio, risparmiando tempo e film, portando a costi operativi inferiori.<\/li>\n<li><strong>Operazione Facile da Usare:<\/strong> Controlli intuitivi e interfaccia semplice riducono la curva di apprendimento, consentendo una configurazione e un funzionamento rapidi.<\/li>\n<li><strong>Controllo di temperatura PID separato:<\/strong> Gestione precisa della temperatura su misura per diversi materiali di imballaggio, garantendo una qualit\u00e0 di sigillatura ottimale.<\/li>\n<li><strong>Tracciamento ottico di marcature ad alta sensibilit\u00e0:<\/strong> Il tracciamento avanzato garantisce una registrazione e un allineamento accurati, risultando in confezioni dall'aspetto professionale.<\/li>\n<li><strong>Sistema di guida semplice:<\/strong> Il design meccanico diretto richiede meno manutenzione e offre prestazioni affidabili.<\/li>\n<li><strong>Funzione di autodiagnosi dei guasti:<\/strong> Le diagnostiche integrate aiutano a identificare e risolvere rapidamente i problemi, minimizzando i tempi di inattivit\u00e0.<\/li>\n<\/ul>\n<h2><strong>Componenti e Meccanismi Avanzati:<\/strong><\/h2>\n<ul>\n<li><strong>Trasportatore di Alimentazione:<\/strong> Caricato manualmente, questo sistema garantisce che i prodotti siano trasferiti senza problemi alla pellicola per un confezionamento uniforme.<\/li>\n<li><strong>Pannello di Controllo:<\/strong> Dotato di un controller di temperatura PID separato, \u00e8 adattabile a vari materiali, tra cui pellicola di alluminio, pellicola di carta, pellicola PE e pellicola composita.<\/li>\n<li><strong>Dispositivo di Formatura delle Buste:<\/strong> Il dispositivo articolato di formatura delle buste migliora il processo di piegatura, risultando in una formazione di sacchetti di alta qualit\u00e0.<\/li>\n<li><strong>Dispositivo di Sigillatura Rotante a Fine Corsa:<\/strong> Le soluzioni di sigillatura personalizzate includono sigilli a fine piatto, forma a onda, fori euro o fori rotondi, soddisfacendo le esigenze specifiche dei clienti.<\/li>\n<\/ul>\n<h2><strong>Personalizzazione &amp; Applicazione:<\/strong><\/h2>\n<p>La Macchina per Imballaggio di Biscotti di Tipo Cuscino non \u00e8 limitata ai biscotti; pu\u00f2 essere adattata anche ad altri prodotti solidi. Che tu abbia bisogno di imballare singoli articoli o quantit\u00e0 in bulk, questa macchina pu\u00f2 essere regolata per soddisfare le tue esigenze.<\/p>\n<h2><strong>Varianti di Modello:<\/strong><\/h2>\n<p>La nostra gamma di modelli (JY-280, JY-380, JY-480, JY-580) offre capacit\u00e0 diverse per adattarsi a vari volumi di produzione e larghezze di film, garantendo che ci sia un modello che si adatti perfettamente alla tua operazione.<\/p>\n<h2><strong>Specifiche Tecniche:<\/strong><\/h2>\n<p>Ogni modello ha dimensioni specifiche, capacit\u00e0 di larghezza del film e requisiti di alimentazione su misura per soddisfare le esigenze di diverse scale di produzione.<\/p>\n<h2><strong>Supporto e Assistenza Post-Vendita:<\/strong><\/h2>\n<p>Offriamo un supporto post-vendita completo, inclusa la guida all'installazione, la formazione degli operatori e l'assistenza tecnica continua per garantire che la tua macchina funzioni al massimo delle prestazioni.<\/p>\n<h2><strong>Perch\u00e9 Scegliere la Nostra Macchina per Imballaggio di Biscotti di Tipo Cuscino?<\/strong><\/h2>\n<ul>\n<li><strong>Costruzione di Qualit\u00e0:<\/strong>\u00a0Realizzata con materiali di alta qualit\u00e0 per durabilit\u00e0 e prestazioni costanti.<\/li>\n<li><strong>Tecnologia Innovativa:<\/strong>\u00a0Incorpora le ultime tecnologie per un controllo preciso e risultati di confezionamento ottimali.<\/li>\n<li><strong>Opzioni di personalizzazione:<\/strong>\u00a0Disponibile in vari modelli per soddisfare diverse esigenze di produzione e preferenze.<\/li>\n<li><strong>Supporto Affidabile:<\/strong>\u00a0Offre un servizio clienti affidabile e supporto tecnico durante tutta la vita della macchina.<\/li>\n<\/ul>\n<div class=\"table-responsive\">\n<table style=\"width: 100%;\">\n<tbody>\n<tr>\n<td>Model<\/td>\n<td>JY-280<\/td>\n<td>JY-380<\/td>\n<td>JY-480<\/td>\n<td>JY-580<\/td>\n<\/tr>\n<tr>\n<td>Larghezza del film<\/td>\n<td>Max: 250mm<\/td>\n<td>Max: 350mm<\/td>\n<td>Max: 450mm<\/td>\n<td>Max: 550mm<\/td>\n<\/tr>\n<tr>\n<td>Larghezza della borsa<\/td>\n<td>30-110mm<\/td>\n<td>50-160mm<\/td>\n<td>60-200mm<\/td>\n<td>60-260mm<\/td>\n<\/tr>\n<tr>\n<td>Altezza del prodotto<\/td>\n<td>Max. 40mm<\/td>\n<td>Max. 40mm<\/td>\n<td>Max. 80mm<\/td>\n<td>Max:80mm<\/td>\n<\/tr>\n<tr>\n<td>diametro della bobina di film<\/td>\n<td>Max.320mm<\/td>\n<td>Max.320mm<\/td>\n<td>Max.320mm<\/td>\n<td>Max:320mm<\/td>\n<\/tr>\n<tr>\n<td>velocit\u00e0 di confezionamento<\/td>\n<td>40-230 sacchetti\/min<\/td>\n<td>40-230 sacchetti\/min<\/td>\n<td>30-180 sacchetti\/min<\/td>\n<td>30-180 sacchetti\/min<\/td>\n<\/tr>\n<tr>\n<td>cURL Too many subrequests.<\/td>\n<td>2.4kw<\/td>\n<td>2.6kw<\/td>\n<td>2.6kw<\/td>\n<td>2.6kw<\/td>\n<\/tr>\n<tr>\n<td>Dimensioni(mm)<\/td>\n<td>3770*670*1450<\/td>\n<td>4020*770*1450<\/td>\n<td>4020*920*1450<\/td>\n<td>4020*920*1450<\/td>\n<\/tr>\n<tr>\n<td>Peso della macchina<\/td>\n<td>450kg<\/td>\n<td>540kg<\/td>\n<td>750kg<\/td>\n<td>800kg<\/td>\n<\/tr>\n<\/tbody>\n<\/table>\n<\/div>\n<p>&nbsp;<\/p>\n<p><img fetchpriority=\"high\" decoding=\"async\" class=\"alignnone wp-image-1892\" title=\"pillow type biscuit packaging machine for sales\" src=\"https:\/\/www.jymachinetech.com\/wp-content\/uploads\/2021\/12\/pillow-biscuit-packaging-1-1024x496.png\" alt=\"pillow type biscuit packaging machine for sales\" width=\"800\" height=\"388\" \/><\/p>\n<p><img decoding=\"async\" class=\"alignnone wp-image-1893 size-full\" title=\"pillow type biscuit packaging machine for sales\" src=\"https:\/\/www.jymachinetech.com\/wp-content\/uploads\/2021\/12\/pillow-biscuit-packaging-2.png\" alt=\"pillow type biscuit packaging machine for sales\" width=\"800\" height=\"600\" srcset=\"https:\/\/www.jymachinetech.com\/wp-content\/uploads\/2021\/12\/pillow-biscuit-packaging-2.png 800w, https:\/\/www.jymachinetech.com\/wp-content\/uploads\/2021\/12\/pillow-biscuit-packaging-2-16x12.png 16w, https:\/\/www.jymachinetech.com\/wp-content\/uploads\/2021\/12\/pillow-biscuit-packaging-2-600x450.png 600w\" sizes=\"(max-width: 800px) 100vw, 800px\" \/><\/p>\n<h2>Trasportatore di alimentazione<\/h2>\n<p>Gli operai inseriscono manualmente i prodotti sul trasportatore di alimentazione, il prodotto passer\u00e0 direttamente al film.<\/p>\n<p><img decoding=\"async\" class=\"alignnone wp-image-1894\" title=\"pillow type biscuit packaging machine for sales\" src=\"https:\/\/www.jymachinetech.com\/wp-content\/uploads\/2021\/12\/pillow-biscuit-packaging-3.png\" alt=\"pillow type biscuit packaging machine for sales\" width=\"800\" height=\"394\" srcset=\"https:\/\/www.jymachinetech.com\/wp-content\/uploads\/2021\/12\/pillow-biscuit-packaging-3.png 780w, https:\/\/www.jymachinetech.com\/wp-content\/uploads\/2021\/12\/pillow-biscuit-packaging-3-18x9.png 18w, https:\/\/www.jymachinetech.com\/wp-content\/uploads\/2021\/12\/pillow-biscuit-packaging-3-600x295.png 600w\" sizes=\"(max-width: 800px) 100vw, 800px\" \/><\/p>\n<h2>Pannello di controllo<\/h2>\n<p>Controllore di temperatura PID separato adatto a vari materiali di confezionamento. \u00c8 facile modificare la temperatura per film di alluminio, film di carta, film PE e film compositi. Qualunque sia il tipo di film di cui hai bisogno, possiamo anche raccomandare un fornitore di film adatto per ogni cliente.<\/p>\n<p><img loading=\"lazy\" decoding=\"async\" class=\"alignnone wp-image-1895\" title=\"pillow type biscuit packaging machine for sales\" src=\"https:\/\/www.jymachinetech.com\/wp-content\/uploads\/2021\/12\/pillow-biscuit-packaging-4.png\" alt=\"pillow type biscuit packaging machine for sales\" width=\"800\" height=\"419\" srcset=\"https:\/\/www.jymachinetech.com\/wp-content\/uploads\/2021\/12\/pillow-biscuit-packaging-4.png 818w, https:\/\/www.jymachinetech.com\/wp-content\/uploads\/2021\/12\/pillow-biscuit-packaging-4-18x9.png 18w, https:\/\/www.jymachinetech.com\/wp-content\/uploads\/2021\/12\/pillow-biscuit-packaging-4-600x314.png 600w\" sizes=\"(max-width: 800px) 100vw, 800px\" \/><\/p>\n<h2>Dispositivo di formatura delle sacche<\/h2>\n<p>Il dispositivo di formatura delle sacche pu\u00f2 piegare il film con prestazioni migliori.<\/p>\n<p><img loading=\"lazy\" decoding=\"async\" class=\"alignnone wp-image-1897\" title=\"pillow type biscuit packaging machine for sales\" src=\"https:\/\/www.jymachinetech.com\/wp-content\/uploads\/2021\/12\/pillow-biscuit-packaging-6.png\" alt=\"pillow type biscuit packaging machine for sales\" width=\"800\" height=\"380\" srcset=\"https:\/\/www.jymachinetech.com\/wp-content\/uploads\/2021\/12\/pillow-biscuit-packaging-6.png 530w, https:\/\/www.jymachinetech.com\/wp-content\/uploads\/2021\/12\/pillow-biscuit-packaging-6-18x9.png 18w\" sizes=\"(max-width: 800px) 100vw, 800px\" \/><\/p>\n<h2>Dispositivo di sigillatura finale rotante<\/h2>\n<p>Le taglierine possono realizzare sacchetti collegati per diversi tipi di sacchetti con sigilli a estremit\u00e0 piatta, forma a onda, fori Euro o fori rotondi. \u00c8 personalizzato in base alle esigenze di ogni cliente.<\/p>\n<p><img loading=\"lazy\" decoding=\"async\" class=\"alignnone wp-image-1898 size-full\" title=\"pillow type biscuit packaging machine for sales\" src=\"https:\/\/www.jymachinetech.com\/wp-content\/uploads\/2021\/12\/pillow-biscuit-packaging-7.png\" alt=\"pillow type biscuit packaging machine for sales\" width=\"800\" height=\"600\" srcset=\"https:\/\/www.jymachinetech.com\/wp-content\/uploads\/2021\/12\/pillow-biscuit-packaging-7.png 800w, https:\/\/www.jymachinetech.com\/wp-content\/uploads\/2021\/12\/pillow-biscuit-packaging-7-16x12.png 16w, https:\/\/www.jymachinetech.com\/wp-content\/uploads\/2021\/12\/pillow-biscuit-packaging-7-600x450.png 600w\" sizes=\"(max-width: 800px) 100vw, 800px\" \/><\/p>\n<h2>Riferimento immagine di imballaggio<\/h2>\n<p>Questo tipo di piccolo imballaggio \u00e8 utilizzato per tutti i tipi di confezionamento di biscotti. Per una vendita pi\u00f9 conveniente, sia al dettaglio che all'ingrosso in scatola, \u00e8 una scelta ideale.<\/p>\n<p><img loading=\"lazy\" decoding=\"async\" class=\"alignnone wp-image-1899\" title=\"pillow type biscuit packaging machine for sales\" src=\"https:\/\/www.jymachinetech.com\/wp-content\/uploads\/2021\/12\/pillow-biscuit-packaging-8-1024x484.png\" alt=\"pillow type biscuit packaging machine for sales\" width=\"800\" height=\"378\" \/><\/p>","protected":false},"excerpt":{"rendered":"<p>Questa macchina per l'imballaggio di biscotti \u00e8 progettata per l'imballaggio a cuscino di sostanze solide; \u00e8 favorevole a tutti i tipi di sostanze solide ben regolate, come biscotti, cookies, pane, mooncake, caramelle, ecc., e merci, accessori industriali, ecc.<\/p>","protected":false},"featured_media":1555,"comment_status":"closed","ping_status":"closed","template":"","meta":[],"product_brand":[],"product_cat":[106,19],"product_tag":[],"class_list":{"0":"post-1554","1":"product","2":"type-product","3":"status-publish","4":"has-post-thumbnail","6":"product_cat-biscuit-packaging-machine","7":"product_cat-packing-machine","9":"first","10":"instock","11":"shipping-taxable","12":"product-type-simple"},"_links":{"self":[{"href":"https:\/\/www.jymachinetech.com\/it\/wp-json\/wp\/v2\/product\/1554","targetHints":{"allow":["GET"]}}],"collection":[{"href":"https:\/\/www.jymachinetech.com\/it\/wp-json\/wp\/v2\/product"}],"about":[{"href":"https:\/\/www.jymachinetech.com\/it\/wp-json\/wp\/v2\/types\/product"}],"replies":[{"embeddable":true,"href":"https:\/\/www.jymachinetech.com\/it\/wp-json\/wp\/v2\/comments?post=1554"}],"version-history":[{"count":1,"href":"https:\/\/www.jymachinetech.com\/it\/wp-json\/wp\/v2\/product\/1554\/revisions"}],"predecessor-version":[{"id":7190,"href":"https:\/\/www.jymachinetech.com\/it\/wp-json\/wp\/v2\/product\/1554\/revisions\/7190"}],"wp:featuredmedia":[{"embeddable":true,"href":"https:\/\/www.jymachinetech.com\/it\/wp-json\/wp\/v2\/media\/1555"}],"wp:attachment":[{"href":"https:\/\/www.jymachinetech.com\/it\/wp-json\/wp\/v2\/media?parent=1554"}],"wp:term":[{"taxonomy":"product_brand","embeddable":true,"href":"https:\/\/www.jymachinetech.com\/it\/wp-json\/wp\/v2\/product_brand?post=1554"},{"taxonomy":"product_cat","embeddable":true,"href":"https:\/\/www.jymachinetech.com\/it\/wp-json\/wp\/v2\/product_cat?post=1554"},{"taxonomy":"product_tag","embeddable":true,"href":"https:\/\/www.jymachinetech.com\/it\/wp-json\/wp\/v2\/product_tag?post=1554"}],"curies":[{"name":"wp","href":"https:\/\/api.w.org\/{rel}","templated":true}]}}