{"id":15,"date":"2025-07-09T05:49:59","date_gmt":"2025-07-09T05:49:59","guid":{"rendered":"https:\/\/www.jymachinetech.com\/?post_type=product&#038;p=15"},"modified":"2025-09-10T13:45:58","modified_gmt":"2025-09-10T13:45:58","slug":"biscuit-production-line","status":"publish","type":"product","link":"https:\/\/www.jymachinetech.com\/it\/product\/biscuit-production-line\/","title":{"rendered":"Linea di produzione di biscotti"},"content":{"rendered":"<p data-pm-slice=\"1 1 []\">Jun Yu fornisce una macchina automatica <a href=\"https:\/\/www.jymachinetech.com\/it\/product\/biscuit-production-line\/\" target=\"_blank\"><strong>linea di produzione di biscotti<\/strong><\/a> su misura per le tue esigenze. Puoi sfogliare i prodotti correlati e avviare consultazioni sul nostro sito web.<\/p>\n<p>@jymachinetech \u2013 Che si tratti di lavorazione delle materie prime, confezionamento, consumo o energia, o da attrezzature semplici a completamente automatiche, le nostre <a href=\"https:\/\/www.jymachinetech.com\/it\/product\/biscuit-production-line\/\" target=\"_blank\">linea di produzione di biscotti<\/a> soluzioni includono supporto per progetti chiavi in mano, design umanizzato e un piano di preventivo ragionevole con opzioni a valore aggiunto.<\/p>\n<p>&nbsp;<\/p>\n<p><iframe title=\"Macchina per biscotti digestivi Junyu, cracker, macchina per biscotti, linea di produzione di biscotti, attrezzature\" width=\"800\" height=\"450\" src=\"https:\/\/www.youtube.com\/embed\/7ERXsv8bDJg?feature=oembed\" frameborder=\"0\" allow=\"accelerometer; autoplay; clipboard-write; encrypted-media; gyroscope; picture-in-picture; web-share\" referrerpolicy=\"strict-origin-when-cross-origin\" allowfullscreen><\/iframe><\/p>\n<h2 data-pm-slice=\"1 3 []\"><a href=\"https:\/\/www.jymachinetech.com\/it\/product\/biscuit-production-line\/\" target=\"_blank\">Linea di produzione di biscotti<\/a>: Vantaggi della macchina<\/h2>\n<p>I nostri <a href=\"https:\/\/www.jymachinetech.com\/it\/essential-insights-into-biscuit-production-line-efficiency-and-design\/\" target=\"_blank\"><strong>linea di produzione di biscotti<\/strong><\/a> offre prestazioni affidabili e automazione intelligente per esigenze di cottura su larga scala.<\/p>\n<ul>\n<li>Disegni del team di progettazione tedesco<\/li>\n<li>Doppio rullo per Stampatrice Rotativa con stampa e taglio<\/li>\n<li>Correzione automatica della deviazione del sistema di trasporto<\/li>\n<li>Spessore dell'impasto pi\u00f9 regolabile<\/li>\n<li>Basso tasso di danni, prevenendo efficacemente lo spreco di materie prime, contribuendo a ridurre gli sprechi e migliorare l'efficienza dei costi<\/li>\n<li>Il forno ha 2-5 zone di temperatura, pi\u00f9 comodo da regolare<\/li>\n<li>Nuovo design del ciclo del forno, pi\u00f9 risparmio energetico<\/li>\n<li>Materiale isolante termico naturale, cura della salute degli utenti<\/li>\n<li>Oltre 20 ingegneri con molte esperienze di installazione all'estero<\/li>\n<li>Formula disponibile per ogni cliente<\/li>\n<li>Tempi di consegna rapidi<\/li>\n<li>Supporto tecnologico online entro 24 ore<\/li>\n<li>Manutenzione annuale<\/li>\n<li>Tutti i componenti elettrici utilizzano marchi internazionali per una maggiore durata<\/li>\n<li>Le macchine automatizzano varie fasi della produzione di biscotti, garantendo qualit\u00e0 e produttivit\u00e0 costanti<\/li>\n<li>Design con automazione completamente automatica\/semi-automatica in base al tuo budget<\/li>\n<li>Pu\u00f2 essere configurato come automatico <a href=\"https:\/\/www.jymachinetech.com\/it\/essential-insights-into-biscuit-production-line-efficiency-and-design\/\" target=\"_blank\">linea di produzione di biscotti<\/a> per massima automazione ed efficienza<\/li>\n<li>Layout di progettazione secondo lo spazio della fabbrica del cliente<\/li>\n<li>Fornire forme personalizzate per diversi stampi per biscotti<\/li>\n<li>Attrezzature aggiuntive come stampi, tagliapasta e sistemi di imballaggio disponibili per <a title=\"La migliore linea di produzione di torte: migliorare efficienza e qualit\u00e0\" href=\"https:\/\/www.jymachinetech.com\/it\/the-best-cake-production-line-enhancing-efficiency-and-quality\/\" data-wpil-monitor-id=\"75\" target=\"_blank\">migliorare la linea di produzione<\/a> funzionalit\u00e0<\/li>\n<li>R-forms piegatura e rivestimento in vernice antiruggine e impermeabile per un uso pi\u00f9 duraturo<\/li>\n<li>Componenti elettrici con marchi internazionali per una maggiore durata del servizio<\/li>\n<li>Segnali di avvertimento di parti nascoste e protezione per un utilizzo sicuro<\/li>\n<li>Le funzioni di automazione aiutano a ridurre al minimo il lavoro manuale e gli errori umani, migliorando sicurezza ed efficienza<\/li>\n<li>Controllo della temperatura separato<\/li>\n<li>Sistemi di controllo avanzati per una gestione precisa del processo e automazione<\/li>\n<li>Certificato CE, e conformit\u00e0 agli standard GMP<\/li>\n<\/ul>\n<h2 data-pm-slice=\"1 1 []\">Introduzione alla produzione di biscotti<\/h2>\n<p>La produzione di biscotti su larga scala si basa su linee di produzione avanzate progettate specificamente per l'industria alimentare. Una moderna <a href=\"https:\/\/www.jymachinetech.com\/it\/essential-insights-into-biscuit-production-line-efficiency-and-design\/\" target=\"_blank\">linea di produzione di biscotti<\/a> consiste in diverse fasi integrate, tra cui miscelazione dell'impasto, formatura, cottura e imballaggio. Queste fasi sono supportate da macchinari e attrezzature all'avanguardia, tutti lavorano insieme per massimizzare <a title=\"cURL Too many subrequests.\" href=\"https:\/\/www.jymachinetech.com\/it\/2025-top-gummy-candy-machine-for-efficient-production-and-quality-results\/\" data-wpil-monitor-id=\"101\" target=\"_blank\">l'efficienza produttiva e garantire una qualit\u00e0 del prodotto costante<\/a>. I principali produttori del settore offrono una variet\u00e0 di <a href=\"https:\/\/www.jymachinetech.com\/it\/essential-insights-into-biscuit-production-line-efficiency-and-design\/\" target=\"_blank\">linee di produzione di biscotti<\/a> su misura per soddisfare requisiti di produzione specifici, consentendo alle aziende di produrre grandi volumi di biscotti mantenendo rigorosi standard di qualit\u00e0. Utilizzando queste linee complete, i produttori possono produrre in modo efficiente una vasta gamma di prodotti da forno per soddisfare la domanda del mercato.<\/p>\n<h2><em><strong><span style=\"vertical-align: inherit;\"><span style=\"vertical-align: inherit;\">Che tipo di biscotto\u00a0 <\/span><\/span><\/strong><\/em><span lang=\"EN-US\"><em><strong><span style=\"vertical-align: inherit;\"><span style=\"vertical-align: inherit;\">pu\u00f2 essere prodotto con questa <a href=\"https:\/\/www.jymachinetech.com\/it\/product\/biscuit-production-line\/\" target=\"_blank\">linea di produzione di biscotti<\/a>?<\/span><\/span><\/strong><\/em><br \/>\n<\/span><\/h2>\n<p data-pm-slice=\"1 1 []\">Questa linea di produzione \u00e8 progettata per produrre una selezione diversificata di tipi di biscotti, tra cui biscotti morbidi, biscotti duri, biscotti sandwich e cracker. Che le vostre esigenze di produzione si concentrino su biscotti duri tradizionali o ricette innovative di biscotti morbidi, la linea pu\u00f2 essere personalizzata per gestire varie formulazioni e forme. Con attrezzature flessibili e impostazioni regolabili, i produttori possono facilmente passare da un tipo di biscotto all'altro, aumentando la capacit\u00e0 di produzione e ampliando la gamma di prodotti. Questa versatilit\u00e0 rende la <a href=\"https:\/\/www.jymachinetech.com\/it\/essential-insights-into-biscuit-production-line-efficiency-and-design\/\" target=\"_blank\">linea di produzione di biscotti<\/a> una soluzione ideale per le aziende che mirano a produrre molteplici variet\u00e0 di biscotti e a soddisfare le preferenze dei consumatori in evoluzione.<\/p>\n<p><img fetchpriority=\"high\" decoding=\"async\" class=\"alignnone size-large wp-image-41\" title=\"linea di produzione automatica di biscotti in fabbrica\" src=\"https:\/\/www.jymachinetech.com\/wp-content\/uploads\/2021\/12\/Automatic-biscuit-production-line-10-1024x262.png\" alt=\"linea di produzione automatica di biscotti in fabbrica\" width=\"750\" height=\"192\" \/><\/p>\n<p><img decoding=\"async\" class=\"alignnone size-large wp-image-40\" title=\"linea di produzione automatica di biscotti in fabbrica\" src=\"https:\/\/www.jymachinetech.com\/wp-content\/uploads\/2021\/12\/Automatic-biscuit-production-line-9-1-1024x266.png\" alt=\"linea di produzione automatica di biscotti in fabbrica\" width=\"750\" height=\"195\" \/><\/p>\n<p><span lang=\"EN-US\"><span style=\"vertical-align: inherit;\"><span style=\"vertical-align: inherit;\">Progetteremo il miglior layout in base allo spazio della tua fabbrica e equipaggeremo le macchine pi\u00f9 adatte per realizzare i tuoi biscotti ideali.<\/span><\/span><\/span><\/p>\n<p>&nbsp;<\/p>\n<h2><em><strong><span lang=\"EN-US\"><span style=\"vertical-align: inherit;\"><span style=\"vertical-align: inherit;\">L'intero processo per una linea di produzione automatica completa di biscotti, cookie e cracker<\/span><\/span><\/span><\/strong><\/em><\/h2>\n<h3><span style=\"vertical-align: inherit;\"><span style=\"vertical-align: inherit;\">cURL Too many subrequests.<\/span><\/span><\/h3>\n<p><img decoding=\"async\" class=\"alignnone size-full wp-image-29\" title=\"linea di produzione automatica di biscotti in fabbrica\" src=\"https:\/\/www.jymachinetech.com\/wp-content\/uploads\/2021\/12\/Automatic-biscuit-production-line-14.jpg\" alt=\"linea di produzione automatica di biscotti in fabbrica\" width=\"720\" height=\"818\" srcset=\"https:\/\/www.jymachinetech.com\/wp-content\/uploads\/2021\/12\/Automatic-biscuit-production-line-14.jpg 720w, https:\/\/www.jymachinetech.com\/wp-content\/uploads\/2021\/12\/Automatic-biscuit-production-line-14-11x12.jpg 11w, https:\/\/www.jymachinetech.com\/wp-content\/uploads\/2021\/12\/Automatic-biscuit-production-line-14-600x682.jpg 600w\" sizes=\"(max-width: 720px) 100vw, 720px\" \/><\/p>\n<h3><span style=\"vertical-align: inherit;\"><span style=\"vertical-align: inherit;\">Macchina alimentatrice per impasto<\/span><\/span><\/h3>\n<p><img loading=\"lazy\" decoding=\"async\" class=\"alignnone size-full wp-image-25\" title=\"linea di produzione automatica di biscotti in fabbrica\" src=\"https:\/\/www.jymachinetech.com\/wp-content\/uploads\/2021\/12\/Automatic-biscuit-production-line-10.jpg\" alt=\"linea di produzione automatica di biscotti in fabbrica\" width=\"800\" height=\"450\" srcset=\"https:\/\/www.jymachinetech.com\/wp-content\/uploads\/2021\/12\/Automatic-biscuit-production-line-10.jpg 800w, https:\/\/www.jymachinetech.com\/wp-content\/uploads\/2021\/12\/Automatic-biscuit-production-line-10-18x10.jpg 18w, https:\/\/www.jymachinetech.com\/wp-content\/uploads\/2021\/12\/Automatic-biscuit-production-line-10-600x338.jpg 600w\" sizes=\"(max-width: 800px) 100vw, 800px\" \/><\/p>\n<h3><span style=\"vertical-align: inherit;\"><span style=\"vertical-align: inherit;\">Convogliatore sollevatore di impasto<\/span><\/span><\/h3>\n<p><img loading=\"lazy\" decoding=\"async\" class=\"alignnone size-large wp-image-26\" title=\"linea di produzione automatica di biscotti in fabbrica\" src=\"https:\/\/www.jymachinetech.com\/wp-content\/uploads\/2021\/12\/Automatic-biscuit-production-line-11-768x1024.jpg\" alt=\"linea di produzione automatica di biscotti in fabbrica\" width=\"750\" height=\"1000\" \/><\/p>\n<p>&nbsp;<\/p>\n<h3><span style=\"vertical-align: inherit;\"><span style=\"vertical-align: inherit;\">Formatura con rulli per sfogliare<\/span><\/span><\/h3>\n<p><img loading=\"lazy\" decoding=\"async\" class=\"alignnone size-full wp-image-60\" title=\"linea di produzione automatica di biscotti in fabbrica\" src=\"https:\/\/www.jymachinetech.com\/wp-content\/uploads\/2021\/12\/Automatic-biscuit-production-line-8-1.jpg\" alt=\"linea di produzione automatica di biscotti in fabbrica\" width=\"800\" height=\"422\" srcset=\"https:\/\/www.jymachinetech.com\/wp-content\/uploads\/2021\/12\/Automatic-biscuit-production-line-8-1.jpg 800w, https:\/\/www.jymachinetech.com\/wp-content\/uploads\/2021\/12\/Automatic-biscuit-production-line-8-1-18x9.jpg 18w, https:\/\/www.jymachinetech.com\/wp-content\/uploads\/2021\/12\/Automatic-biscuit-production-line-8-1-600x317.jpg 600w\" sizes=\"(max-width: 800px) 100vw, 800px\" \/><\/p>\n<h3><span style=\"vertical-align: inherit;\"><span style=\"vertical-align: inherit;\">Stampo rotativo per la formatura di biscotti duri<\/span><\/span><\/h3>\n<p><img loading=\"lazy\" decoding=\"async\" class=\"alignnone size-full wp-image-32\" title=\"linea di produzione automatica di biscotti in fabbrica\" src=\"https:\/\/www.jymachinetech.com\/wp-content\/uploads\/2021\/12\/Automatic-biscuit-production-line-1-1.jpg\" alt=\"linea di produzione automatica di biscotti in fabbrica\" width=\"958\" height=\"539\" srcset=\"https:\/\/www.jymachinetech.com\/wp-content\/uploads\/2021\/12\/Automatic-biscuit-production-line-1-1.jpg 958w, https:\/\/www.jymachinetech.com\/wp-content\/uploads\/2021\/12\/Automatic-biscuit-production-line-1-1-18x10.jpg 18w, https:\/\/www.jymachinetech.com\/wp-content\/uploads\/2021\/12\/Automatic-biscuit-production-line-1-1-600x338.jpg 600w\" sizes=\"(max-width: 958px) 100vw, 958px\" \/><\/p>\n<h3><span style=\"vertical-align: inherit;\"><span style=\"vertical-align: inherit;\">cURL Too many subrequests.<\/span><\/span><\/h3>\n<p><img loading=\"lazy\" decoding=\"async\" class=\"alignnone size-full wp-image-33\" title=\"linea di produzione automatica di biscotti in fabbrica\" src=\"https:\/\/www.jymachinetech.com\/wp-content\/uploads\/2021\/12\/Automatic-biscuit-production-line-2-1.jpg\" alt=\"linea di produzione automatica di biscotti in fabbrica\" width=\"800\" height=\"600\" srcset=\"https:\/\/www.jymachinetech.com\/wp-content\/uploads\/2021\/12\/Automatic-biscuit-production-line-2-1.jpg 800w, https:\/\/www.jymachinetech.com\/wp-content\/uploads\/2021\/12\/Automatic-biscuit-production-line-2-1-16x12.jpg 16w, https:\/\/www.jymachinetech.com\/wp-content\/uploads\/2021\/12\/Automatic-biscuit-production-line-2-1-600x450.jpg 600w\" sizes=\"(max-width: 800px) 100vw, 800px\" \/><\/p>\n<h3><span style=\"vertical-align: inherit;\"><span style=\"vertical-align: inherit;\">Forno di cottura<\/span><\/span><\/h3>\n<p><img loading=\"lazy\" decoding=\"async\" class=\"alignnone size-full wp-image-34\" title=\"linea di produzione automatica di biscotti in fabbrica\" src=\"https:\/\/www.jymachinetech.com\/wp-content\/uploads\/2021\/12\/Automatic-biscuit-production-line-3-1.png\" alt=\"linea di produzione automatica di biscotti in fabbrica\" width=\"800\" height=\"467\" srcset=\"https:\/\/www.jymachinetech.com\/wp-content\/uploads\/2021\/12\/Automatic-biscuit-production-line-3-1.png 800w, https:\/\/www.jymachinetech.com\/wp-content\/uploads\/2021\/12\/Automatic-biscuit-production-line-3-1-18x12.png 18w, https:\/\/www.jymachinetech.com\/wp-content\/uploads\/2021\/12\/Automatic-biscuit-production-line-3-1-600x350.png 600w\" sizes=\"(max-width: 800px) 100vw, 800px\" \/><\/p>\n<ul>\n<li><span lang=\"EN-US\"><span style=\"vertical-align: inherit;\"><span style=\"vertical-align: inherit;\">cURL Too many subrequests.<\/span><\/span><\/span><\/li>\n<li><span style=\"vertical-align: inherit;\"><span style=\"vertical-align: inherit;\">cURL Too many subrequests.<\/span><\/span><\/li>\n<li><span style=\"vertical-align: inherit;\"><span style=\"vertical-align: inherit;\">cURL Too many subrequests.<\/span><\/span><\/li>\n<\/ul>\n<h3><span style=\"vertical-align: inherit;\"><span style=\"vertical-align: inherit;\">Macchina spray di olio<\/span><\/span><\/h3>\n<p><img loading=\"lazy\" decoding=\"async\" class=\"alignnone size-full wp-image-35\" title=\"linea di produzione automatica di biscotti in fabbrica\" src=\"https:\/\/www.jymachinetech.com\/wp-content\/uploads\/2021\/12\/Automatic-biscuit-production-line-4-1.jpg\" alt=\"linea di produzione automatica di biscotti in fabbrica\" width=\"800\" height=\"600\" srcset=\"https:\/\/www.jymachinetech.com\/wp-content\/uploads\/2021\/12\/Automatic-biscuit-production-line-4-1.jpg 800w, https:\/\/www.jymachinetech.com\/wp-content\/uploads\/2021\/12\/Automatic-biscuit-production-line-4-1-16x12.jpg 16w, https:\/\/www.jymachinetech.com\/wp-content\/uploads\/2021\/12\/Automatic-biscuit-production-line-4-1-600x450.jpg 600w\" sizes=\"(max-width: 800px) 100vw, 800px\" \/><\/p>\n<p>&nbsp;<\/p>\n<h3><span style=\"vertical-align: inherit;\"><span style=\"vertical-align: inherit;\">cURL Too many subrequests.<\/span><\/span><\/h3>\n<p><img loading=\"lazy\" decoding=\"async\" class=\"alignnone size-large wp-image-20\" title=\"linea di produzione automatica di biscotti in fabbrica\" src=\"https:\/\/www.jymachinetech.com\/wp-content\/uploads\/2021\/12\/Automatic-biscuit-production-line-5-1024x768.jpg\" alt=\"linea di produzione automatica di biscotti in fabbrica\" width=\"750\" height=\"563\" \/><\/p>\n<h3><span style=\"vertical-align: inherit;\"><span style=\"vertical-align: inherit;\">Macchina impilatrice di biscotti<\/span><\/span><\/h3>\n<p><img loading=\"lazy\" decoding=\"async\" class=\"alignnone size-large wp-image-21\" title=\"linea di produzione automatica di biscotti in fabbrica\" src=\"https:\/\/www.jymachinetech.com\/wp-content\/uploads\/2021\/12\/Automatic-biscuit-production-line-6-768x1024.jpg\" alt=\"linea di produzione automatica di biscotti in fabbrica\" width=\"750\" height=\"1000\" \/><\/p>\n<h3><span style=\"vertical-align: inherit;\"><span style=\"vertical-align: inherit;\">Macchina per l'imballaggio<\/span><\/span><\/h3>\n<p><img loading=\"lazy\" decoding=\"async\" class=\"alignnone size-full wp-image-38\" title=\"linea di produzione automatica di biscotti in fabbrica\" src=\"https:\/\/www.jymachinetech.com\/wp-content\/uploads\/2021\/12\/Automatic-biscuit-production-line-7-1.png\" alt=\"linea di produzione automatica di biscotti in fabbrica\" width=\"682\" height=\"376\" srcset=\"https:\/\/www.jymachinetech.com\/wp-content\/uploads\/2021\/12\/Automatic-biscuit-production-line-7-1.png 682w, https:\/\/www.jymachinetech.com\/wp-content\/uploads\/2021\/12\/Automatic-biscuit-production-line-7-1-18x10.png 18w, https:\/\/www.jymachinetech.com\/wp-content\/uploads\/2021\/12\/Automatic-biscuit-production-line-7-1-600x331.png 600w\" sizes=\"(max-width: 682px) 100vw, 682px\" \/><\/p>\n<h2 data-pm-slice=\"1 1 []\">cURL Too many subrequests.<\/h2>\n<p>Mantenere alte prestazioni nella produzione di biscotti richiede manutenzione regolare e riparazioni tempestive di tutte le componenti chiave, inclusi forni a tunnel e impastatrici. Stabilire un programma di manutenzione di routine aiuta a prevenire guasti imprevisti delle attrezzature, ridurre i tempi di inattivit\u00e0 e prolungare la durata delle macchine. Ispezioni e manutenzioni regolari delle attrezzature critiche garantiscono che la <a title=\"Linea di produzione di biscotti duri top per soluzioni di cottura efficienti\" href=\"https:\/\/www.jymachinetech.com\/it\/top-hard-dough-biscuit-production-line-for-efficient-baking-solutions\/\" data-wpil-monitor-id=\"100\" target=\"_blank\">linea di produzione continui a funzionare in modo efficiente<\/a>, producendo biscotti di alta qualit\u00e0 con scarti minimi. I produttori dovrebbero anche avere un piano chiaro per riparare o sostituire le attrezzature secondo necessit\u00e0, il che aiuta a controllare i costi del lavoro e mantenere una produzione costante. Dare priorit\u00e0 alla manutenzione e alle riparazioni \u00e8 essenziale per sostenere operazioni di produzione di biscotti efficienti e affidabili.<\/p>","protected":false},"excerpt":{"rendered":"<div class=\"content-style\">\n<p><span style=\"vertical-align: inherit;\"><span style=\"vertical-align: inherit;\">Adatte alla maggior parte dei biscotti con impasto morbido e duro<\/span><\/span><\/p>\n<\/div>","protected":false},"featured_media":53,"comment_status":"open","ping_status":"closed","template":"","meta":[],"product_brand":[],"product_cat":[15,95],"product_tag":[175,180,187,183,182,20,185,181,177,178,188,186,184,176,179],"class_list":{"0":"post-15","1":"product","2":"type-product","3":"status-publish","4":"has-post-thumbnail","6":"product_cat-bakery-equipment","7":"product_cat-biscuit-machine","8":"product_tag-automatic-biscuit-machine","9":"product_tag-biscuit-baking-oven","10":"product_tag-biscuit-cooling-conveyor","11":"product_tag-biscuit-forming-machine","12":"product_tag-biscuit-packaging-solution","13":"product_tag-biscuit-production-line","14":"product_tag-ce-certified-biscuit-machine","15":"product_tag-commercial-biscuit-machinery","16":"product_tag-cookie-production-line","17":"product_tag-cracker-manufacturing-equipment","18":"product_tag-customized-biscuit-molds","19":"product_tag-dough-mixer-for-biscuits","20":"product_tag-german-biscuit-machine-design","21":"product_tag-industrial-biscuit-making-machine","22":"product_tag-rotary-molder-for-biscuits","24":"first","25":"instock","26":"shipping-taxable","27":"product-type-simple"},"_links":{"self":[{"href":"https:\/\/www.jymachinetech.com\/it\/wp-json\/wp\/v2\/product\/15","targetHints":{"allow":["GET"]}}],"collection":[{"href":"https:\/\/www.jymachinetech.com\/it\/wp-json\/wp\/v2\/product"}],"about":[{"href":"https:\/\/www.jymachinetech.com\/it\/wp-json\/wp\/v2\/types\/product"}],"replies":[{"embeddable":true,"href":"https:\/\/www.jymachinetech.com\/it\/wp-json\/wp\/v2\/comments?post=15"}],"version-history":[{"count":10,"href":"https:\/\/www.jymachinetech.com\/it\/wp-json\/wp\/v2\/product\/15\/revisions"}],"predecessor-version":[{"id":6827,"href":"https:\/\/www.jymachinetech.com\/it\/wp-json\/wp\/v2\/product\/15\/revisions\/6827"}],"wp:featuredmedia":[{"embeddable":true,"href":"https:\/\/www.jymachinetech.com\/it\/wp-json\/wp\/v2\/media\/53"}],"wp:attachment":[{"href":"https:\/\/www.jymachinetech.com\/it\/wp-json\/wp\/v2\/media?parent=15"}],"wp:term":[{"taxonomy":"product_brand","embeddable":true,"href":"https:\/\/www.jymachinetech.com\/it\/wp-json\/wp\/v2\/product_brand?post=15"},{"taxonomy":"product_cat","embeddable":true,"href":"https:\/\/www.jymachinetech.com\/it\/wp-json\/wp\/v2\/product_cat?post=15"},{"taxonomy":"product_tag","embeddable":true,"href":"https:\/\/www.jymachinetech.com\/it\/wp-json\/wp\/v2\/product_tag?post=15"}],"curies":[{"name":"wp","href":"https:\/\/api.w.org\/{rel}","templated":true}]}}