{"id":1489,"date":"2021-12-23T09:04:54","date_gmt":"2021-12-23T09:04:54","guid":{"rendered":"https:\/\/www.jymachinetech.com\/?post_type=product&#038;p=1489"},"modified":"2025-07-25T05:59:17","modified_gmt":"2025-07-25T05:59:17","slug":"chocolate-conche-machine","status":"publish","type":"product","link":"https:\/\/www.jymachinetech.com\/it\/product\/chocolate-conche-machine\/","title":{"rendered":"Macchina conche di cioccolato | Linea di produzione di cioccolato"},"content":{"rendered":"<h2>Macchina conche per cioccolato: la scelta dell'artigiano per una perfezione lucida del cioccolato<\/h2>\n<p><strong>Panoramica del Prodotto:<\/strong> La macchina conche per cioccolato \u00e8 un pilastro della produzione di cioccolato di alta qualit\u00e0 all'interno della Linea di produzione del cioccolato. Questa macchina affina il cioccolato, levigando la sua consistenza e migliorando il suo sapore attraverso un processo di miscelazione continua e aerazione.<\/p>\n<p><iframe title=\"Macchina per l&#039;involucro di cioccolato con moneta d&#039;oro Junyu\" width=\"800\" height=\"600\" src=\"https:\/\/www.youtube.com\/embed\/MBu3kK5vzGU?list=PLkC9Irp2ZdYa4PmOAcxqLj_5W7hqWV4Cb\" frameborder=\"0\" allow=\"accelerometer; autoplay; clipboard-write; encrypted-media; gyroscope; picture-in-picture; web-share\" referrerpolicy=\"strict-origin-when-cross-origin\" allowfullscreen><\/iframe><\/p>\n<h2><strong>Vantaggi principali:<\/strong><\/h2>\n<ul>\n<li><strong>Alta efficienza:<\/strong> La nostra macchina conche \u00e8 progettata per funzionare in modo efficiente, riducendo i tempi di concia tipicamente necessari per ottenere una massa di cioccolato liscia e omogenea.<\/li>\n<li><strong>Facile da usare:<\/strong> Controlli intuitivi e processi automatizzati rendono semplice per gli operatori gestire il processo di concia, anche con poca esperienza.<\/li>\n<li><strong>Manutenzione conveniente:<\/strong> La struttura della macchina permette un facile accesso a tutti i componenti, semplificando le routine di pulizia e manutenzione per mantenere la macchina in condizioni ottimali.<\/li>\n<li><strong>Struttura compatta e semplice:<\/strong> Un design compatto e snello garantisce che la macchina occupi il minimo spazio sulla linea di produzione, mantenendo alte prestazioni.<\/li>\n<li><strong>Componenti elettrici di alta qualit\u00e0:<\/strong> Dotata di componenti elettrici importati di alta qualit\u00e0, la macchina offre affidabilit\u00e0 e longevit\u00e0, riducendo il rischio di guasti e problemi di manutenzione.<\/li>\n<\/ul>\n<h2><strong>Punti Salienti Tecnici:<\/strong><\/h2>\n<ul>\n<li><strong>Miscelazione continua:<\/strong>\u00a0La macchina conche garantisce una miscelazione approfondita della massa di cioccolato, incorporando aria e affinando la texture.<\/li>\n<li><strong>Controllo della velocit\u00e0 variabile:<\/strong>\u00a0Consente agli operatori di regolare l'intensit\u00e0 della miscelazione per adattarsi alle caratteristiche specifiche dei diversi tipi di cioccolato.<\/li>\n<li><strong>Regolazione della temperatura:<\/strong>\u00a0Controllo preciso della temperatura all\u2019interno della conche garantisce che il cioccolato venga lavorato nelle condizioni ottimali.<\/li>\n<li><strong>Design igienico:<\/strong>\u00a0Rispetta rigorosi standard di sicurezza alimentare con superfici e componenti facili da pulire.<\/li>\n<\/ul>\n<h2><strong>Applicazioni:<\/strong><\/h2>\n<ul>\n<li>Ideale per produttori artigianali di cioccolato e grandi produttori di cioccolato che desiderano ottenere un cioccolato di alta qualit\u00e0 con una consistenza liscia e un sapore ricco.<\/li>\n<\/ul>\n<h2><strong>Assistenza clienti e servizi:<\/strong><\/h2>\n<ul>\n<li><strong>Professional Installation:<\/strong>\u00a0Il nostro team garantisce che la tua macchina conche sia installata correttamente e integrata nella tua linea di produzione.<\/li>\n<li><strong>Comprehensive Training:<\/strong>\u00a0Offriamo formazione approfondita al tuo staff per operare e mantenere efficacemente la macchina conche.<\/li>\n<li><strong>Assistenza post-vendita:<\/strong>\u00a0Forniamo supporto tempestivo ed efficace per qualsiasi problema operativo, garantendo un'interruzione minima della produzione.<\/li>\n<li><strong>Ricambi:<\/strong>\u00a0Fornitura affidabile di ricambi per mantenere la tua macchina conche in condizioni ottimali.<\/li>\n<\/ul>\n<h2><strong>Perch\u00e9 scegliere la nostra macchina conche per cioccolato?<\/strong><\/h2>\n<ul>\n<li><strong>Qualit\u00e0 &amp; Prestazioni:<\/strong>\u00a0Realizzata con materiali e componenti di alta qualit\u00e0 per prestazioni e durata superiori.<\/li>\n<li><strong>Personalizzazione e Flessibilit\u00e0:<\/strong>\u00a0Personalizzata per soddisfare le esigenze specifiche del tuo processo di conche del cioccolato.<\/li>\n<li><strong>Innovazione &amp; Tecnologia:<\/strong>\u00a0Incorpora le ultime tecnologie per una raffinazione del cioccolato precisa ed efficiente.<\/li>\n<li><strong>Expert Support:<\/strong>\u00a0Supportata da un team di professionisti con vasta esperienza in attrezzature per la produzione di cioccolato.<\/li>\n<\/ul>\n<p><strong>Richiedi un Preventivo Ora:<\/strong> Per prezzi personalizzati e per saperne di pi\u00f9 su come la nostra macchina conche pu\u00f2 migliorare le tue capacit\u00e0 di produzione di cioccolato, contattaci oggi.<\/p>\n<p>&nbsp;<\/p>\n<p><img fetchpriority=\"high\" decoding=\"async\" class=\"alignnone size-full wp-image-1491\" title=\"Macchina conche per il cioccolato | Linea di produzione di cioccolato\" src=\"https:\/\/www.jymachinetech.com\/wp-content\/uploads\/2021\/12\/1616395069_Chocolate-Conche-Machine4.png\" alt=\"Macchina conche per il cioccolato | Linea di produzione di cioccolato\" width=\"612\" height=\"368\" srcset=\"https:\/\/www.jymachinetech.com\/wp-content\/uploads\/2021\/12\/1616395069_Chocolate-Conche-Machine4.png 612w, https:\/\/www.jymachinetech.com\/wp-content\/uploads\/2021\/12\/1616395069_Chocolate-Conche-Machine4-18x12.png 18w, https:\/\/www.jymachinetech.com\/wp-content\/uploads\/2021\/12\/1616395069_Chocolate-Conche-Machine4-600x361.png 600w\" sizes=\"(max-width: 612px) 100vw, 612px\" \/><\/p>\n<div class=\"table-responsive\">\n<table style=\"width: 100%;\">\n<tbody>\n<tr>\n<td style=\"text-align: center;\">Model<\/td>\n<td style=\"text-align: center;\">JY-100L<\/td>\n<td style=\"text-align: center;\">JY-500L<\/td>\n<td style=\"text-align: center;\">JY-1000L<\/td>\n<td style=\"text-align: center;\">JY-3000L<\/td>\n<\/tr>\n<tr>\n<td style=\"text-align: center;\">Volume effettivo<\/td>\n<td style=\"text-align: center;\">100L<\/td>\n<td style=\"text-align: center;\">500L<\/td>\n<td style=\"text-align: center;\">1000L<\/td>\n<td style=\"text-align: center;\">3000L<\/td>\n<\/tr>\n<tr>\n<td style=\"text-align: center;\">Finitura di macinazione fine<\/td>\n<td style=\"text-align: center;\">20~25um<\/td>\n<td style=\"text-align: center;\">20~25um<\/td>\n<td style=\"text-align: center;\">20~25um<\/td>\n<td style=\"text-align: center;\">20~25um<\/td>\n<\/tr>\n<tr>\n<td style=\"text-align: center;\">Velocit\u00e0 di rotazione dell'asse principale<\/td>\n<td style=\"text-align: center;\">48r\/min<\/td>\n<td style=\"text-align: center;\">33r\/min<\/td>\n<td style=\"text-align: center;\">35r\/min<\/td>\n<td style=\"text-align: center;\">35r\/min<\/td>\n<\/tr>\n<tr>\n<td style=\"text-align: center;\">Tempo di macinazione fine<\/td>\n<td style=\"text-align: center;\">12~16h<\/td>\n<td style=\"text-align: center;\">16~22h<\/td>\n<td style=\"text-align: center;\">16~22h<\/td>\n<td style=\"text-align: center;\">16~22h<\/td>\n<\/tr>\n<\/tbody>\n<\/table>\n<\/div>","protected":false},"excerpt":{"rendered":"<p>La conchetta di cioccolato \u00e8 una delle principali attrezzature utilizzate per la macinazione fine del cioccolato, ed \u00e8 anche adatta per la macinazione fine di farina di soia, cos\u00ec come per i prodotti chimici industriali di uso quotidiano per granularit\u00e0 di alto livello. Il tempo di macinazione fine \u00e8 di circa 14~20 ore, la granularit\u00e0 media pu\u00f2 raggiungere i 20\u03bcm. \u00c8 un'attrezzatura chiave per la macinazione fine delle materie prime di pasta di cioccolato nella linea di produzione di cioccolato. Ed \u00e8 particolarmente adatta alle richieste tecniche di piccole fabbriche di cioccolato e dolci.<\/p>","protected":false},"featured_media":1492,"comment_status":"closed","ping_status":"closed","template":"","meta":[],"product_brand":[],"product_cat":[17],"product_tag":[],"class_list":{"0":"post-1489","1":"product","2":"type-product","3":"status-publish","4":"has-post-thumbnail","6":"product_cat-chocolate-machine","8":"first","9":"instock","10":"shipping-taxable","11":"product-type-simple"},"_links":{"self":[{"href":"https:\/\/www.jymachinetech.com\/it\/wp-json\/wp\/v2\/product\/1489","targetHints":{"allow":["GET"]}}],"collection":[{"href":"https:\/\/www.jymachinetech.com\/it\/wp-json\/wp\/v2\/product"}],"about":[{"href":"https:\/\/www.jymachinetech.com\/it\/wp-json\/wp\/v2\/types\/product"}],"replies":[{"embeddable":true,"href":"https:\/\/www.jymachinetech.com\/it\/wp-json\/wp\/v2\/comments?post=1489"}],"version-history":[{"count":1,"href":"https:\/\/www.jymachinetech.com\/it\/wp-json\/wp\/v2\/product\/1489\/revisions"}],"predecessor-version":[{"id":7196,"href":"https:\/\/www.jymachinetech.com\/it\/wp-json\/wp\/v2\/product\/1489\/revisions\/7196"}],"wp:featuredmedia":[{"embeddable":true,"href":"https:\/\/www.jymachinetech.com\/it\/wp-json\/wp\/v2\/media\/1492"}],"wp:attachment":[{"href":"https:\/\/www.jymachinetech.com\/it\/wp-json\/wp\/v2\/media?parent=1489"}],"wp:term":[{"taxonomy":"product_brand","embeddable":true,"href":"https:\/\/www.jymachinetech.com\/it\/wp-json\/wp\/v2\/product_brand?post=1489"},{"taxonomy":"product_cat","embeddable":true,"href":"https:\/\/www.jymachinetech.com\/it\/wp-json\/wp\/v2\/product_cat?post=1489"},{"taxonomy":"product_tag","embeddable":true,"href":"https:\/\/www.jymachinetech.com\/it\/wp-json\/wp\/v2\/product_tag?post=1489"}],"curies":[{"name":"wp","href":"https:\/\/api.w.org\/{rel}","templated":true}]}}