{"id":1434,"date":"2021-12-22T10:03:08","date_gmt":"2021-12-22T10:03:08","guid":{"rendered":"https:\/\/www.jymachinetech.com\/?post_type=product&#038;p=1434"},"modified":"2025-07-25T08:44:21","modified_gmt":"2025-07-25T08:44:21","slug":"small-automatic-candy-depositing-machine","status":"publish","type":"product","link":"https:\/\/www.jymachinetech.com\/it\/product\/small-automatic-candy-depositing-machine\/","title":{"rendered":"Linea di Produzione per Deposito Automatico di Piccole Caramelle in Vendita"},"content":{"rendered":"<h2>Distributore all'ingrosso di Linea di produzione di deposito di caramelle #1<\/h2>\n<p>Scopri la linea di produzione di deposito di caramelle perfetta su misura per le tue esigenze. Acquistando direttamente dalla nostra fabbrica affidabile, elimini gli intermediari, garantendoti i migliori prezzi e garanzie dirette del settore. Goditi supporto 24\/7 e ricevi un preventivo in 5 minuti o meno. <a href=\"https:\/\/www.jymachinetech.com\/it\/top-candy-gummy-counter-machine-for-efficient-counting-and-packaging\/\" title=\"Top Candy Gummy Counter Machine for Efficient Counting and Packaging\"  data-wpil-monitor-id=\"10\" target=\"_blank\">I nostri<\/a> La linea di produzione di deposito di caramelle offre qualit\u00e0 e efficienza impareggiabili, rendendola la scelta migliore per le tue esigenze di produzione di caramelle.<\/p>\n<p><iframe title=\"Junyu Nuova macchina per la produzione di caramelle gommose vegane, depositore di caramelle completamente automatico, attrezzatura per la produzione di caramelle\" width=\"800\" height=\"450\" src=\"https:\/\/www.youtube.com\/embed\/DxSf13U15jY?feature=oembed\" frameborder=\"0\" allow=\"accelerometer; autoplay; clipboard-write; encrypted-media; gyroscope; picture-in-picture; web-share\" referrerpolicy=\"strict-origin-when-cross-origin\" allowfullscreen><\/iframe><\/p>\n<h2>cURL Too many subrequests.<\/h2>\n<ul>\n<li><strong>Componenti elettrici di marca internazionale<\/strong>: Tutti i componenti elettrici sono forniti da marchi internazionali di prima qualit\u00e0, garantendo una durata pi\u00f9 lunga e prestazioni affidabili.<\/li>\n<li><strong>Sistema CFA Unico<\/strong>: Aggiungi facilmente ingredienti come vitamine, CBD, THC, ecc., con il nostro sistema unico di Colore, Aroma e Aggiunta.<\/li>\n<li><strong>Design di forme 2D e 3D<\/strong>: Crea design unici con il nostro sistema, compatibile con materiali come silicone e metallo per forme diverse.<\/li>\n<li><strong>Riempimento centrale &amp; Opzioni multicolore<\/strong>: Produci caramelle con riempimenti centrali o colori multipli per maggiore variet\u00e0.<\/li>\n<li><strong>Controllo tramite programmazione PLC<\/strong>: Sistema di programmazione PLC multilingue per un'operativit\u00e0 versatile e facile da usare.<\/li>\n<li><strong>Sistema di rimodellamento in espansione<\/strong>: Protegge gli stampi e garantisce un utilizzo a lungo termine.<\/li>\n<li><strong>Piegatura a forma di R &amp; Sabbiatura impermeabile<\/strong>: Migliora la durabilit\u00e0 con piegature a forma di R e rivestimento sabbiato impermeabile.<\/li>\n<li><strong>Caratteristiche di sicurezza complete<\/strong>: Include segnali di avvertimento e protezioni per garantire un funzionamento sicuro.<\/li>\n<li><strong>Isolamento a Doppio Strato<\/strong>: Mantiene la temperatura ottimale con un sistema di isolamento a doppio strato.<\/li>\n<li><strong>Costruzione in Acciaio Inox<\/strong>: La struttura principale e il corpo sono realizzati in acciaio inossidabile resistente.<\/li>\n<li><strong>Facile da Pulire<\/strong>: Dotato di funzione di pulizia e tubi di scarico per una manutenzione senza problemi.<\/li>\n<li><strong>Qualit\u00e0 Certificata<\/strong>: Rispetta le certificazioni CE e gli standard GMP per sicurezza e qualit\u00e0.<\/li>\n<\/ul>\n<h2>Specifiche<\/h2>\n<p>La nostra piccola macchina automatica per la deposizione di caramelle \u00e8 ideale per operazioni con budget limitato o spazio ridotto. \u00c8 composta da due parti principali: la sezione di deposizione e il tunnel di raffreddamento. Questo processo senza amido \u00e8 pi\u00f9 igienico e conveniente rispetto ai metodi tradizionali.<\/p>\n<ul>\n<li><strong>Design Versatile<\/strong>: Supporta disegni e forme 2D e 3D, rendendola perfetta per la produzione di caramelle gommose, caramelle dure, lecca-lecca e toffee.<\/li>\n<li><strong>Processo Igienico<\/strong>: Il processo senza amido garantisce una produzione pi\u00f9 pulita e pi\u00f9 <a href=\"https:\/\/www.jymachinetech.com\/it\/the-best-cake-production-line-enhancing-efficiency-and-quality\/\" title=\"La migliore linea di produzione di torte: migliorare efficienza e qualit\u00e0\"  data-wpil-monitor-id=\"82\" target=\"_blank\">efficiente<\/a>.<\/li>\n<\/ul>\n<h2>cURL Too many subrequests.<\/h2>\n<ul>\n<li><strong>Vendite Dirette in Fabbrica<\/strong>: Acquista direttamente dalla nostra fabbrica per garantire i prezzi pi\u00f9 bassi e evitare intermediari.<\/li>\n<li><strong>Competenza professionale<\/strong>: Con decenni di esperienza nella produzione di macchinari, offriamo supporto tecnico di alto livello e soluzioni innovative.<\/li>\n<li><strong>Standard di Alta Qualit\u00e0<\/strong>: Le nostre macchine sono realizzate in uno stabilimento conforme agli standard GMP, utilizzando materiali di alta qualit\u00e0 e tecnologia di precisione.<\/li>\n<li><strong>Soluzioni personalizzate<\/strong>cURL Too many subrequests.<\/li>\n<li><strong>Comprehensive Support<\/strong>: Goditi supporto clienti 24\/7 e preventivi rapidi per garantire il buon funzionamento delle tue operazioni.<\/li>\n<\/ul>\n<p>Scegli il nostro piccolo automatico <a href=\"https:\/\/www.jymachinetech.com\/it\/top-machine-gummy-candy-solutions-for-efficient-production\/\" title=\"Le migliori soluzioni di macchine per caramelle gommose per una produzione efficiente\"  data-wpil-monitor-id=\"66\" target=\"_blank\">linea di produzione di macchine per la deposizione di caramelle<\/a> per una soluzione affidabile, efficiente e conveniente per le tue esigenze di produzione di caramelle.<\/p>\n<p>&nbsp;<\/p>\n<div class=\"table-responsive\">\n<table style=\"width: 100%;\">\n<tbody>\n<tr>\n<td style=\"text-align: center;\">Model<\/td>\n<td style=\"text-align: center;\">JYJ-40<\/td>\n<\/tr>\n<tr>\n<td style=\"text-align: center;\">Capacit\u00e0<\/td>\n<td style=\"text-align: center;\">36000 pezzi\/ora<\/td>\n<\/tr>\n<tr>\n<td style=\"text-align: center;\">Velocit\u00e0 di deposizione<\/td>\n<td style=\"text-align: center;\">15-35 volte\/minuto<\/td>\n<\/tr>\n<tr>\n<td style=\"text-align: center;\">cURL Too many subrequests.<\/td>\n<td style=\"text-align: center;\">4m<\/td>\n<\/tr>\n<tr>\n<td style=\"text-align: center;\">Nome del prodotto<\/td>\n<td style=\"text-align: center;\">piccolo automatico per la deposizione di caramelle<\/td>\n<\/tr>\n<\/tbody>\n<\/table>\n<\/div>\n<p>&nbsp;<\/p>\n<h2><strong>Macchina per il deposito<br \/>\n<\/strong><\/h2>\n<ul>\n<li>Facile da pulire con<\/li>\n<li>Sistema di spruzzatura automatica dell'olio<\/li>\n<li>Facile da smodellare<\/li>\n<li>Sistema CFA disponibile<\/li>\n<li>Disponibile riempimento singolo, doppio o centrale<\/li>\n<\/ul>\n<p><img fetchpriority=\"high\" decoding=\"async\" class=\"alignnone size-full wp-image-1435\" title=\"linea di produzione di piccole macchine automatiche per la deposizione di caramelle in vendita\" src=\"https:\/\/www.jymachinetech.com\/wp-content\/uploads\/2021\/12\/small-candy-deposited-1.jpg\" alt=\"linea di produzione di piccole macchine automatiche per la deposizione di caramelle in vendita\" width=\"800\" height=\"580\" srcset=\"https:\/\/www.jymachinetech.com\/wp-content\/uploads\/2021\/12\/small-candy-deposited-1.jpg 800w, https:\/\/www.jymachinetech.com\/wp-content\/uploads\/2021\/12\/small-candy-deposited-1-18x12.jpg 18w, https:\/\/www.jymachinetech.com\/wp-content\/uploads\/2021\/12\/small-candy-deposited-1-600x435.jpg 600w\" sizes=\"(max-width: 800px) 100vw, 800px\" \/><\/p>\n<p>&nbsp;<\/p>\n<h2><strong>Tunnel di raffreddamento<br \/>\n<\/strong><\/h2>\n<ul>\n<li>Catena in acciaio inossidabile<\/li>\n<li>Trasferimento stabile<\/li>\n<li>Risparmio di spazio<\/li>\n<\/ul>\n<p><img decoding=\"async\" class=\"alignnone size-full wp-image-1436\" title=\"linea di produzione di piccole macchine automatiche per la deposizione di caramelle in vendita\" src=\"https:\/\/www.jymachinetech.com\/wp-content\/uploads\/2021\/12\/small-candy-deposited-2.jpg\" alt=\"linea di produzione di piccole macchine automatiche per la deposizione di caramelle in vendita\" width=\"1050\" height=\"720\" srcset=\"https:\/\/www.jymachinetech.com\/wp-content\/uploads\/2021\/12\/small-candy-deposited-2.jpg 1050w, https:\/\/www.jymachinetech.com\/wp-content\/uploads\/2021\/12\/small-candy-deposited-2-18x12.jpg 18w, https:\/\/www.jymachinetech.com\/wp-content\/uploads\/2021\/12\/small-candy-deposited-2-600x411.jpg 600w\" sizes=\"(max-width: 1050px) 100vw, 1050px\" \/><\/p>\n<h2>Domande frequenti sulle macchine per la deposizione di caramelle<\/h2>\n<h4>Q: Quanti tipi di caramelle pu\u00f2 produrre la tua macchina?<\/h4>\n<p><strong>A<\/strong>: La nostra macchina \u00e8 versatile e pu\u00f2 produrre vari tipi di caramelle, tra cui caramelle gommose, caramelle dure, lecca-lecca, caramelle toffee e caramelle al latte.<\/p>\n<h4>D: Posso usare questa macchina per fare cioccolato?<\/h4>\n<p><strong>A<\/strong>: No, questa <a href=\"https:\/\/www.jymachinetech.com\/it\/2025-top-gummy-candy-machine-for-efficient-production-and-quality-results\/\" title=\"cURL Too many subrequests.\"  data-wpil-monitor-id=\"87\" target=\"_blank\">macchina \u00e8 specificamente progettata per la produzione di caramelle<\/a>. Non \u00e8 adatta per la produzione di cioccolato.<\/p>\n<h4>D: Quanti pezzi pu\u00f2 produrre la macchina in un'ora?<\/h4>\n<p><strong>A<\/strong>: La macchina pu\u00f2 produrre almeno 21.600 pezzi all'ora, garantendo un'alta produttivit\u00e0.<\/p>\n<h4>D: Qual \u00e8 la gamma di capacit\u00e0 della macchina per caramelle gommose?<\/h4>\n<p><strong>A<\/strong>: La nostra <a href=\"https:\/\/www.jymachinetech.com\/it\/beginners-guide-using-gummy-candy-machine-homemade-gummies\/\" title=\"Beginner\u2019s Guide to Using a Gummy Candy Machine\"  data-wpil-monitor-id=\"58\" target=\"_blank\">cURL Too many subrequests.<\/a> offre capacit\u00e0 che vanno da 40 kg a 2000 kg all'ora, soddisfacendo diverse esigenze di produzione.<\/p>\n<h4>D: La macchina pu\u00f2 produrre forme e dimensioni personalizzate di caramelle gommose?<\/h4>\n<p><strong>A<\/strong>: S\u00ec, offriamo stampi personalizzati per creare qualsiasi forma e dimensione di caramella di cui hai bisogno.<\/p>\n<h4>D: Quali basi di gomma sono compatibili con la vostra macchina per caramelle gommose?<\/h4>\n<p><strong>A<\/strong>: Le nostre macchine possono <a href=\"https:\/\/www.jymachinetech.com\/it\/the-ultimate-guide-on-how-candy-is-made-from-ingredients-to-process\/\" title=\"cURL Too many subrequests.\"  data-wpil-monitor-id=\"83\" target=\"_blank\">elaborare caramelle gommose fatte<\/a> con diverse basi di gomma, tra cui pectina, gelatina e carragenina, ognuna richiedendo un metodo di lavorazione unico.<\/p>\n<h4>D: Che tipo di riscaldamento utilizza la macchina?<\/h4>\n<p><strong>A<\/strong>: Le nostre macchine possono essere dotate di riscaldamento elettrico o a vapore, a seconda dell'ambiente e delle esigenze del cliente.<\/p>\n<h2>Perch\u00e9 acquistare una macchina per deposizione di caramelle da noi?<\/h2>\n<h4>Fabbrica reale, non una societ\u00e0 commerciale<\/h4>\n<p>Siamo un produttore autentico, non un intermediario. Ti invitiamo a visitare la nostra fabbrica e vedere le nostre operazioni di prima mano.<\/p>\n<h4>Competenza professionale<\/h4>\n<ul>\n<li><strong>Esperienza<\/strong>: Con oltre 40 anni di esperienza nella produzione di macchinari, portiamo competenza senza pari sul tavolo.<\/li>\n<li><strong>Technical Support<\/strong>: Il nostro team include 12 progettisti di disegni e 20 ingegneri professionisti pronti a fornire supporto tecnico in qualsiasi momento e ovunque.<\/li>\n<\/ul>\n<h4>Affidabilit\u00e0<\/h4>\n<ul>\n<li><strong>Forza lavoro<\/strong>: La nostra moderna fabbrica impiega oltre 200 operai qualificati.<\/li>\n<li><strong>cURL Too many subrequests.<\/strong>: Seguiamo rigorosi sistemi di controllo qualit\u00e0 e standard tedeschi avanzati.<\/li>\n<li><strong>Ingegneria di Precisione<\/strong>: Il nostro centro di lavorazione CNC garantisce che ogni dettaglio di ogni macchina sia gestito con precisione.<\/li>\n<li><strong>Soluzioni su misura<\/strong>: Il nostro team di ingegneri professionisti offre piani personalizzati in base alle tue esigenze specifiche.<\/li>\n<\/ul>\n<h4>High-Quality Machines<\/h4>\n<ul>\n<li><strong>Standard GMP<\/strong>: Tutte le nostre macchine sono prodotte in una fabbrica conforme agli standard GMP.<\/li>\n<li><strong>Precisione<\/strong>: Utilizziamo centri CNC per mantenere la precisione delle nostre macchine.<\/li>\n<li><strong>Materiali durevoli<\/strong>: Tutte le macchine sono costruite con acciaio inossidabile SUS304 e trattate con un rivestimento superficiale sabbiato per durabilit\u00e0.<\/li>\n<\/ul>\n<h2>cURL Too many subrequests.<\/h2>\n<ul>\n<li><strong>Layout della fabbrica<\/strong>: Ti aiutiamo a progettare il layout ottimale per il tuo impianto di produzione.<\/li>\n<li><strong>Design 3D e Piano di Progetto<\/strong>: Forniamo disegni dettagliati in 3D e una pianificazione completa del progetto.<\/li>\n<li><strong>Progettazione Forma Personalizzata<\/strong>: Creiamo forme personalizzate per soddisfare le tue esigenze specifiche di produzione di caramelle.<\/li>\n<li><strong>Formula delle Caramelle<\/strong>: Assistiamo nello sviluppo di formule di caramelle che si allineano ai tuoi obiettivi di produzione.<\/li>\n<\/ul>\n<p>Scegliendo le nostre macchine di deposizione di caramelle, garantisci un processo di produzione affidabile, efficiente e di alta qualit\u00e0 su misura per le tue esigenze specifiche.<\/p>","protected":false},"excerpt":{"rendered":"<p>#1 Candy Depositing Production Line Wholesaler Discover the perfect candy depositing production line tailored to your needs. By purchasing directly from our trusted factory, you eliminate middlemen, ensuring you get the best prices and direct industry warranties. Enjoy 24\/7 support and receive a quote in 5 minutes or less. Our candy depositing production line offers [&hellip;]<\/p>","protected":false},"featured_media":4924,"comment_status":"closed","ping_status":"closed","template":"","meta":[],"product_brand":[],"product_cat":[16,98],"product_tag":[],"class_list":{"0":"post-1434","1":"product","2":"type-product","3":"status-publish","4":"has-post-thumbnail","6":"product_cat-candy-machine","7":"product_cat-gummy-candy-machine","9":"first","10":"instock","11":"shipping-taxable","12":"product-type-simple"},"_links":{"self":[{"href":"https:\/\/www.jymachinetech.com\/it\/wp-json\/wp\/v2\/product\/1434","targetHints":{"allow":["GET"]}}],"collection":[{"href":"https:\/\/www.jymachinetech.com\/it\/wp-json\/wp\/v2\/product"}],"about":[{"href":"https:\/\/www.jymachinetech.com\/it\/wp-json\/wp\/v2\/types\/product"}],"replies":[{"embeddable":true,"href":"https:\/\/www.jymachinetech.com\/it\/wp-json\/wp\/v2\/comments?post=1434"}],"version-history":[{"count":12,"href":"https:\/\/www.jymachinetech.com\/it\/wp-json\/wp\/v2\/product\/1434\/revisions"}],"predecessor-version":[{"id":7332,"href":"https:\/\/www.jymachinetech.com\/it\/wp-json\/wp\/v2\/product\/1434\/revisions\/7332"}],"wp:featuredmedia":[{"embeddable":true,"href":"https:\/\/www.jymachinetech.com\/it\/wp-json\/wp\/v2\/media\/4924"}],"wp:attachment":[{"href":"https:\/\/www.jymachinetech.com\/it\/wp-json\/wp\/v2\/media?parent=1434"}],"wp:term":[{"taxonomy":"product_brand","embeddable":true,"href":"https:\/\/www.jymachinetech.com\/it\/wp-json\/wp\/v2\/product_brand?post=1434"},{"taxonomy":"product_cat","embeddable":true,"href":"https:\/\/www.jymachinetech.com\/it\/wp-json\/wp\/v2\/product_cat?post=1434"},{"taxonomy":"product_tag","embeddable":true,"href":"https:\/\/www.jymachinetech.com\/it\/wp-json\/wp\/v2\/product_tag?post=1434"}],"curies":[{"name":"wp","href":"https:\/\/api.w.org\/{rel}","templated":true}]}}