{"id":1218,"date":"2020-06-10T06:29:23","date_gmt":"2020-06-10T06:29:23","guid":{"rendered":"https:\/\/www.jymachinetech.com\/?post_type=product&#038;p=1218"},"modified":"2025-07-25T08:44:13","modified_gmt":"2025-07-25T08:44:13","slug":"starch-less-depositing","status":"publish","type":"product","link":"https:\/\/www.jymachinetech.com\/it\/product\/starch-less-depositing\/","title":{"rendered":"Macchina per caramelle senza amido | Linea di produzione di lecca lecca jelly toffee"},"content":{"rendered":"<p>Questo sistema di deposizione senza amido \u00e8 progettato per la produzione di caramelle in forma di stampo.<\/p>\n<p>Ha una vasta gamma di prodotti come Gummy morbidi, Jelly, Toffee, Lecca lecca e Caramelle dure con diversi sistemi di cottura.<\/p>\n<p>E una variet\u00e0 di stili come ripieno centrale, Cola fianco a fianco, Hamburger strato per strato, Tornado a due o tre colori\u2026<\/p>\n<p>Inviaci la foto delle caramelle di tuo interesse per avviare subito una produzione personalizzata!<\/p>\n<h2><strong>Technical specification<\/strong><\/h2>\n<div class=\"table-responsive\">\n<table>\n<tbody>\n<tr>\n<td width=\"60\"><strong><b>Model<\/b><\/strong><\/td>\n<td width=\"60\"><strong><b>JY<\/b><\/strong><strong><b>-40<\/b><\/strong><\/td>\n<td width=\"60\"><strong><b>JY<\/b><\/strong><strong><b>-80<\/b><\/strong><\/td>\n<td width=\"60\"><strong><b>JY<\/b><\/strong><strong><b>-150<\/b><\/strong><\/td>\n<td width=\"60\"><strong><b>JY<\/b><\/strong><strong><b>-300<\/b><\/strong><\/td>\n<td width=\"60\"><strong><b>JY<\/b><\/strong><strong><b>-600<\/b><\/strong><\/td>\n<td width=\"60\"><strong><b>JY<\/b><\/strong><strong><b>-1500<\/b><\/strong><\/td>\n<\/tr>\n<tr>\n<td width=\"60\">Capacit\u00e0<\/p>\n<p>Pezzi\/ora<\/td>\n<td width=\"60\">8,000-<\/p>\n<p>12,000<\/td>\n<td width=\"60\">12,000-<\/p>\n<p>21,600<\/td>\n<td width=\"60\">25,000-<\/p>\n<p>43,200<\/td>\n<td width=\"60\">50,000-<\/p>\n<p>86,400<\/td>\n<td width=\"60\">10,000-<\/p>\n<p>172,800<\/td>\n<td width=\"60\">384,000-<\/p>\n<p>768,000<\/td>\n<\/tr>\n<tr>\n<td width=\"60\">Lunghezza<\/td>\n<td width=\"60\"><\/td>\n<td width=\"60\"><\/td>\n<td width=\"60\"><\/td>\n<td width=\"60\"><\/td>\n<td width=\"60\"><\/td>\n<td width=\"60\"><\/td>\n<\/tr>\n<\/tbody>\n<\/table>\n<\/div>\n<p>&nbsp;<\/p>\n<h2><strong><span lang=\"EN-US\">What kinds of candy can make by this machine?<\/span><\/strong><\/h2>\n<p><img fetchpriority=\"high\" decoding=\"async\" class=\"alignnone size-full wp-image-1220\" title=\"macchina per caramelle senza amido | linea di produzione di lecca-lecca, jelly e toffee\" src=\"https:\/\/www.jymachinetech.com\/wp-content\/uploads\/2021\/12\/Starch-less-depositing-2.png\" alt=\"macchina per caramelle senza amido | linea di produzione di lecca-lecca, jelly e toffee\" width=\"1272\" height=\"383\" srcset=\"https:\/\/www.jymachinetech.com\/wp-content\/uploads\/2021\/12\/Starch-less-depositing-2.png 1272w, https:\/\/www.jymachinetech.com\/wp-content\/uploads\/2021\/12\/Starch-less-depositing-2-18x5.png 18w, https:\/\/www.jymachinetech.com\/wp-content\/uploads\/2021\/12\/Starch-less-depositing-2-600x181.png 600w\" sizes=\"(max-width: 1272px) 100vw, 1272px\" \/><\/p>\n<p>&nbsp;<\/p>\n<h2>Cottura sottovuoto con micro-film<\/h2>\n<p>Il suo processo di cottura a film sottile unico garantisce una qualit\u00e0 costante su molti tipi di sciroppi di zucchero e senza zucchero per caramelle dure e lecca lecca.<\/p>\n<p>Un rotore a cerniera distribuisce un sottile e uniforme film di sciroppo all\u2019interno del tubo, dove cuoce rapidamente. Con alta produzione, alta trasparenza dello sciroppo per una maggiore durata, e operazione conveniente, \u00e8 la prima scelta per caramelle di alta qualit\u00e0.<\/p>\n<h2>Cottura sottovuoto per caramelle gummy<\/h2>\n<p>Questa macchina \u00e8 avanzata e adatta alla cottura di pectina, agar, carragenina e altri amidi modificati per la produzione di gummy. La cottura in circuito chiuso utilizzando modalit\u00e0 di temperatura o pressione raggiunge una temperatura finale di cottura o umidit\u00e0 precisa, riducendo i tempi di essiccazione dei gummy, prolungando la durata e riducendo le bolle durante il processo continuo.<\/p>\n<h2>Cottura per toffee e caramello<\/h2>\n<p>Questa \u00e8 la macchina per dolci a bassa ebollizione come caramelle morbide e gommose, caramello, toffee e fudge.<\/p>\n<p>E il caramello utilizza uno scambiatore di calore a piastre ad alta efficienza per cuocere la miscela di zucchero\/glucosio di base, mentre latte condensato o altri agenti sensibili al calore vengono iniettati nel composto dopo il PHE e poi cotti all\u2019interno di un recipiente caramellizzante per sviluppare il colore e il sapore desiderati. Questo sistema semplice e senza manutenzione permette di produrre toffee e caramello di alta qualit\u00e0 con un alto contenuto di latte.<\/p>\n<h2>Aeratore continuo<\/h2>\n<p>Tre zone di temperatura con raffreddatore caldo e freddo per controllare la macchina aeratrice durante la miscelazione per un risultato migliore del processo di aerazione.<\/p>\n<p>Interno con asta di miscelazione densa rotante ad alta velocit\u00e0 per ottenere la densit\u00e0 e la struttura desiderate.<\/p>\n<h2>Cuocitore per caramelle al latte e toffee<\/h2>\n<p>Questo cuocitore continuo a microfilme sottovuoto \u00e8 utilizzato per caramelle al latte, toffee dure, ecc\u2026<\/p>\n<p>La differenza \u00e8 che protegger\u00e0 gli ingredienti dei prodotti lattiero-caseari dall'alta temperatura del cuocitore normale e manterr\u00e0 il massimo sapore lattiero-caseario.<\/p>\n<p>&nbsp;<\/p>\n<h2>Sistema di cucina automatico<\/h2>\n<p><img decoding=\"async\" class=\"alignnone size-full wp-image-1800\" title=\"macchina per caramelle senza amido | linea di produzione di lecca-lecca, jelly e toffee\" src=\"https:\/\/www.jymachinetech.com\/wp-content\/uploads\/2021\/12\/kitchen-system.jpg\" alt=\"macchina per caramelle senza amido | linea di produzione di lecca-lecca, jelly e toffee\" width=\"999\" height=\"666\" srcset=\"https:\/\/www.jymachinetech.com\/wp-content\/uploads\/2021\/12\/kitchen-system.jpg 999w, https:\/\/www.jymachinetech.com\/wp-content\/uploads\/2021\/12\/kitchen-system-18x12.jpg 18w, https:\/\/www.jymachinetech.com\/wp-content\/uploads\/2021\/12\/kitchen-system-600x400.jpg 600w\" sizes=\"(max-width: 999px) 100vw, 999px\" \/><\/p>\n<h2>cURL Too many subrequests.<\/h2>\n<p><img decoding=\"async\" class=\"alignnone size-full wp-image-1798\" title=\"macchina per caramelle senza amido | linea di produzione di lecca-lecca, jelly e toffee\" src=\"https:\/\/www.jymachinetech.com\/wp-content\/uploads\/2021\/12\/forming-machine.jpg\" alt=\"macchina per caramelle senza amido | linea di produzione di lecca-lecca, jelly e toffee\" width=\"999\" height=\"666\" srcset=\"https:\/\/www.jymachinetech.com\/wp-content\/uploads\/2021\/12\/forming-machine.jpg 999w, https:\/\/www.jymachinetech.com\/wp-content\/uploads\/2021\/12\/forming-machine-18x12.jpg 18w, https:\/\/www.jymachinetech.com\/wp-content\/uploads\/2021\/12\/forming-machine-600x400.jpg 600w\" sizes=\"(max-width: 999px) 100vw, 999px\" \/><\/p>\n<h2>Depositore per caramelle gommose<\/h2>\n<p><img loading=\"lazy\" decoding=\"async\" class=\"alignnone size-full wp-image-1799\" title=\"macchina per caramelle senza amido | linea di produzione di lecca-lecca, jelly e toffee\" src=\"https:\/\/www.jymachinetech.com\/wp-content\/uploads\/2021\/12\/gummy-depositor.jpg\" alt=\"macchina per caramelle senza amido | linea di produzione di lecca-lecca, jelly e toffee\" width=\"999\" height=\"666\" srcset=\"https:\/\/www.jymachinetech.com\/wp-content\/uploads\/2021\/12\/gummy-depositor.jpg 999w, https:\/\/www.jymachinetech.com\/wp-content\/uploads\/2021\/12\/gummy-depositor-18x12.jpg 18w, https:\/\/www.jymachinetech.com\/wp-content\/uploads\/2021\/12\/gummy-depositor-600x400.jpg 600w\" sizes=\"(max-width: 999px) 100vw, 999px\" \/><\/p>\n<h2>Sistema di iniezione bastoncini per lecca-lecca<\/h2>\n<p><img loading=\"lazy\" decoding=\"async\" class=\"alignnone size-full wp-image-1801\" title=\"macchina per caramelle senza amido | linea di produzione di lecca-lecca, jelly e toffee\" src=\"https:\/\/www.jymachinetech.com\/wp-content\/uploads\/2021\/12\/Lollipop-stick-injection-system.jpg\" alt=\"macchina per caramelle senza amido | linea di produzione di lecca-lecca, jelly e toffee\" width=\"999\" height=\"681\" srcset=\"https:\/\/www.jymachinetech.com\/wp-content\/uploads\/2021\/12\/Lollipop-stick-injection-system.jpg 999w, https:\/\/www.jymachinetech.com\/wp-content\/uploads\/2021\/12\/Lollipop-stick-injection-system-18x12.jpg 18w, https:\/\/www.jymachinetech.com\/wp-content\/uploads\/2021\/12\/Lollipop-stick-injection-system-600x409.jpg 600w\" sizes=\"(max-width: 999px) 100vw, 999px\" \/><\/p>\n<h2>Cavo di controllo<\/h2>\n<p><img loading=\"lazy\" decoding=\"async\" class=\"alignnone size-full wp-image-1796\" title=\"macchina per caramelle senza amido | linea di produzione di lecca-lecca, jelly e toffee\" src=\"https:\/\/www.jymachinetech.com\/wp-content\/uploads\/2021\/12\/control-cable.jpg\" alt=\"macchina per caramelle senza amido | linea di produzione di lecca-lecca, jelly e toffee\" width=\"999\" height=\"666\" srcset=\"https:\/\/www.jymachinetech.com\/wp-content\/uploads\/2021\/12\/control-cable.jpg 999w, https:\/\/www.jymachinetech.com\/wp-content\/uploads\/2021\/12\/control-cable-18x12.jpg 18w, https:\/\/www.jymachinetech.com\/wp-content\/uploads\/2021\/12\/control-cable-600x400.jpg 600w\" sizes=\"(max-width: 999px) 100vw, 999px\" \/><\/p>\n<h2>Tunnel di raffreddamento<\/h2>\n<p>&nbsp;<\/p>\n<h2>Sformato<\/h2>\n<p><img loading=\"lazy\" decoding=\"async\" class=\"alignnone size-full wp-image-1797\" title=\"macchina per caramelle senza amido | linea di produzione di lecca-lecca, jelly e toffee\" src=\"https:\/\/www.jymachinetech.com\/wp-content\/uploads\/2021\/12\/demolding.jpg\" alt=\"macchina per caramelle senza amido | linea di produzione di lecca-lecca, jelly e toffee\" width=\"999\" height=\"666\" srcset=\"https:\/\/www.jymachinetech.com\/wp-content\/uploads\/2021\/12\/demolding.jpg 999w, https:\/\/www.jymachinetech.com\/wp-content\/uploads\/2021\/12\/demolding-18x12.jpg 18w, https:\/\/www.jymachinetech.com\/wp-content\/uploads\/2021\/12\/demolding-600x400.jpg 600w\" sizes=\"(max-width: 999px) 100vw, 999px\" \/><\/p>\n<p>&nbsp;<\/p>\n<h2>Produzione di macchine per caramelle senza amido<\/h2>\n<p><img loading=\"lazy\" decoding=\"async\" class=\"alignnone size-full wp-image-1802\" title=\"macchina per caramelle senza amido | linea di produzione di lecca-lecca, jelly e toffee\" src=\"https:\/\/www.jymachinetech.com\/wp-content\/uploads\/2021\/12\/prodcutin1.jpg\" alt=\"macchina per caramelle senza amido | linea di produzione di lecca-lecca, jelly e toffee\" width=\"999\" height=\"666\" srcset=\"https:\/\/www.jymachinetech.com\/wp-content\/uploads\/2021\/12\/prodcutin1.jpg 999w, https:\/\/www.jymachinetech.com\/wp-content\/uploads\/2021\/12\/prodcutin1-18x12.jpg 18w, https:\/\/www.jymachinetech.com\/wp-content\/uploads\/2021\/12\/prodcutin1-600x400.jpg 600w\" sizes=\"(max-width: 999px) 100vw, 999px\" \/><\/p>\n<p><img loading=\"lazy\" decoding=\"async\" class=\"alignnone size-full wp-image-1803\" title=\"macchina per caramelle senza amido | linea di produzione di lecca-lecca, jelly e toffee\" src=\"https:\/\/www.jymachinetech.com\/wp-content\/uploads\/2021\/12\/production1.jpg\" alt=\"macchina per caramelle senza amido | linea di produzione di lecca-lecca, jelly e toffee\" width=\"999\" height=\"666\" srcset=\"https:\/\/www.jymachinetech.com\/wp-content\/uploads\/2021\/12\/production1.jpg 999w, https:\/\/www.jymachinetech.com\/wp-content\/uploads\/2021\/12\/production1-18x12.jpg 18w, https:\/\/www.jymachinetech.com\/wp-content\/uploads\/2021\/12\/production1-600x400.jpg 600w\" sizes=\"(max-width: 999px) 100vw, 999px\" \/><\/p>\n<p><img loading=\"lazy\" decoding=\"async\" class=\"alignnone size-full wp-image-1804\" title=\"macchina per caramelle senza amido | linea di produzione di lecca-lecca, jelly e toffee\" src=\"https:\/\/www.jymachinetech.com\/wp-content\/uploads\/2021\/12\/production2.jpg\" alt=\"macchina per caramelle senza amido | linea di produzione di lecca-lecca, jelly e toffee\" width=\"999\" height=\"666\" srcset=\"https:\/\/www.jymachinetech.com\/wp-content\/uploads\/2021\/12\/production2.jpg 999w, https:\/\/www.jymachinetech.com\/wp-content\/uploads\/2021\/12\/production2-18x12.jpg 18w, https:\/\/www.jymachinetech.com\/wp-content\/uploads\/2021\/12\/production2-600x400.jpg 600w\" sizes=\"(max-width: 999px) 100vw, 999px\" \/><\/p>\n<p><img loading=\"lazy\" decoding=\"async\" class=\"alignnone size-full wp-image-1806\" title=\"macchina per caramelle senza amido | linea di produzione di lecca-lecca, jelly e toffee\" src=\"https:\/\/www.jymachinetech.com\/wp-content\/uploads\/2021\/12\/production4.jpg\" alt=\"macchina per caramelle senza amido | linea di produzione di lecca-lecca, jelly e toffee\" width=\"999\" height=\"666\" srcset=\"https:\/\/www.jymachinetech.com\/wp-content\/uploads\/2021\/12\/production4.jpg 999w, https:\/\/www.jymachinetech.com\/wp-content\/uploads\/2021\/12\/production4-18x12.jpg 18w, https:\/\/www.jymachinetech.com\/wp-content\/uploads\/2021\/12\/production4-600x400.jpg 600w\" sizes=\"(max-width: 999px) 100vw, 999px\" \/><\/p>\n<h2>FAQ sulla macchina per caramelle senza amido<\/h2>\n<p>D1: Non ho esperienza e formula, potete aiutarmi?<\/p>\n<p>-R: S\u00ec, offriamo un piano completo dalla formula al supporto del prodotto<\/p>\n<p>D2: Posso fare caramelle dure <a href=\"https:\/\/www.jymachinetech.com\/it\/top-benefits-of-using-a-candy-manufacturing-machine-for-your-business\/\" title=\"Principali Vantaggi dell&#039;Utilizzo di una Macchina per la Produzione di Caramelle per la Tua Attivit\u00e0\"  data-wpil-monitor-id=\"54\" target=\"_blank\">su questa macchina<\/a>?<\/p>\n<p>-R: S\u00ec, ma anche caramelle toffee e lecca-lecca.<\/p>\n<p>D3: Quali sono la tensione e l'amperaggio della macchina?<\/p>\n<p>-R: Personalizziamo l'attrezzatura in base alla vostra tensione e, con tensioni diverse, calcoleremo l'elenco degli ampere per voi.<\/p>\n<p>D4: Voglio aggiungere un farmaco all'interno delle <a href=\"https:\/\/www.jymachinetech.com\/it\/beginners-guide-using-gummy-candy-machine-homemade-gummies\/\" title=\"Beginner\u2019s Guide to Using a Gummy Candy Machine\"  data-wpil-monitor-id=\"61\" target=\"_blank\">caramelle, la vostra macchina<\/a> ha qualche certificato per aiutarmi a superare i requisiti della FDA?<\/p>\n<p>-A: S\u00ec, abbiamo CE e tutti i marchi usati sono elencati da UL&amp;EU in stretta conformit\u00e0 con lo standard GMP.<\/p>\n<p>Q5\uff1aDi cosa altro ho bisogno di preparare, questa macchina necessita di aria compressa pulita?<\/p>\n<p>-A: La maggior parte dello spazio del cliente limita questa macchina, che necessita solo di collegare l'alimentazione, risparmiando sui costi e sull'evoluzione complessa del flusso d'aria compressa. Usa il servo per un controllo pi\u00f9 semplice e intelligente, senza bisogno di collegare sistemi extra alle macchine.<\/p>\n<p>cURL Too many subrequests.<\/p>\n<p>-A: Tramite la scatola di controllo e le impostazioni dello schermo touch per regolare.<\/p>\n<p>cURL Too many subrequests.<\/p>\n<p>-A: No, la macchina \u00e8 completamente automatica dal depositor e raffreddamento, devi solo raccogliere le caramelle e la macchina si spegne!<\/p>\n<p>Q8: Ho bisogno di un esperto per installare la macchina?<\/p>\n<p>-A: L'elettricit\u00e0 della macchina \u00e8 gestita tramite il raccordo rapido e impostazioni facili su uno schermo touch come uno smartphone, oppure se necessario abbiamo un team di supporto tecnico locale che pu\u00f2 aiutare.<\/p>\n<p>Offriamo una macchina per la produzione di caramelle gommose nutrizionali, se sei interessato alla macchina per caramelle gommose nutrizionali, puoi consultare i prodotti correlati e avviare consulenze sul nostro sito web.<\/p>\n<h2><strong><b>Perch\u00e9<\/b><\/strong><strong><b>\u00a0<\/b><\/strong><strong><b>scegliere<\/b><\/strong><strong><b>\u00a0junyu?<\/b><\/strong><\/h2>\n<ul>\n<li>Team di assistenza all'estero<\/li>\n<li>Servizio locale NormathAmerica<\/li>\n<li>Manutenzione Anumalmachine<\/li>\n<li>Centro parti 24H\/7 giorni<\/li>\n<li>Progettazione layout factory gratuita<\/li>\n<li>Esempio di forma personalizzata gratuita<\/li>\n<li>Progettazione della formulazione del prodotto<\/li>\n<li>Progettazione della macchina<\/li>\n<li>Visualizzazione 3D dello schema dell'attrezzatura<\/li>\n<li>Tour di produzione di Customerfactory<\/li>\n<li>Produzione reale, Professionale &amp; Affidabile<\/li>\n<li>Richiedi un preventivo ora<\/li>\n<\/ul>","protected":false},"excerpt":{"rendered":"<ul>\n<li>Alta precisione<\/li>\n<li>Pesatura automatica<\/li>\n<li>Capacit\u00e0 industriale superiore<\/li>\n<li>Automatickitchen&amp;feeding<\/li>\n<li>Sistema di asciugatura automatica<\/li>\n<li>Reasonable price<\/li>\n<li>Processo versatile<\/li>\n<li>Sistema flessibile<\/li>\n<li>Design modulare unico<\/li>\n<li>Durata meccanica pi\u00f9 lunga<\/li>\n<li>Design modulare<\/li>\n<li>Sistema OBD<\/li>\n<li>Telecomando<\/li>\n<\/ul>","protected":false},"featured_media":1809,"comment_status":"closed","ping_status":"closed","template":"","meta":[],"product_brand":[],"product_cat":[16,100,102],"product_tag":[32,33],"class_list":{"0":"post-1218","1":"product","2":"type-product","3":"status-publish","4":"has-post-thumbnail","6":"product_cat-candy-machine","7":"product_cat-lollipop-machine","8":"product_cat-toffee-candy-machine","9":"product_tag-candy-machine","10":"product_tag-vacuum-cooker","12":"first","13":"instock","14":"shipping-taxable","15":"product-type-simple"},"_links":{"self":[{"href":"https:\/\/www.jymachinetech.com\/it\/wp-json\/wp\/v2\/product\/1218","targetHints":{"allow":["GET"]}}],"collection":[{"href":"https:\/\/www.jymachinetech.com\/it\/wp-json\/wp\/v2\/product"}],"about":[{"href":"https:\/\/www.jymachinetech.com\/it\/wp-json\/wp\/v2\/types\/product"}],"replies":[{"embeddable":true,"href":"https:\/\/www.jymachinetech.com\/it\/wp-json\/wp\/v2\/comments?post=1218"}],"version-history":[{"count":3,"href":"https:\/\/www.jymachinetech.com\/it\/wp-json\/wp\/v2\/product\/1218\/revisions"}],"predecessor-version":[{"id":7285,"href":"https:\/\/www.jymachinetech.com\/it\/wp-json\/wp\/v2\/product\/1218\/revisions\/7285"}],"wp:featuredmedia":[{"embeddable":true,"href":"https:\/\/www.jymachinetech.com\/it\/wp-json\/wp\/v2\/media\/1809"}],"wp:attachment":[{"href":"https:\/\/www.jymachinetech.com\/it\/wp-json\/wp\/v2\/media?parent=1218"}],"wp:term":[{"taxonomy":"product_brand","embeddable":true,"href":"https:\/\/www.jymachinetech.com\/it\/wp-json\/wp\/v2\/product_brand?post=1218"},{"taxonomy":"product_cat","embeddable":true,"href":"https:\/\/www.jymachinetech.com\/it\/wp-json\/wp\/v2\/product_cat?post=1218"},{"taxonomy":"product_tag","embeddable":true,"href":"https:\/\/www.jymachinetech.com\/it\/wp-json\/wp\/v2\/product_tag?post=1218"}],"curies":[{"name":"wp","href":"https:\/\/api.w.org\/{rel}","templated":true}]}}