{"id":847,"date":"2021-12-18T08:59:54","date_gmt":"2021-12-18T08:59:54","guid":{"rendered":"https:\/\/www.jymachinetech.com\/?post_type=product&#038;p=847"},"modified":"2025-07-25T05:53:23","modified_gmt":"2025-07-25T05:53:23","slug":"rotary-cutting-molder","status":"publish","type":"product","link":"https:\/\/www.jymachinetech.com\/fr\/product\/rotary-cutting-molder\/","title":{"rendered":"Mouleuse \u00e0 d\u00e9coupe rotative pour biscuits durs | Ligne de production de biscuits"},"content":{"rendered":"<h2>Mouleuse \u00e0 d\u00e9coupe rotative : ing\u00e9nierie de pr\u00e9cision pour la production de biscuits durs<\/h2>\n<p><strong>Pr\u00e9sentation du produit :<\/strong> La mouleuse rotative est une machine sophistiqu\u00e9e con\u00e7ue pour la production de biscuits durs de haute pr\u00e9cision. Elle joue un r\u00f4le crucial dans la mise en forme des blocs de p\u00e2te en bandes uniformes, garantissant une qualit\u00e9 constante et une fabrication efficace.<\/p>\n<p><iframe title=\"Machine de moulage rotative pour la fabrication de biscuits mous Oreo\" width=\"800\" height=\"450\" src=\"https:\/\/www.youtube.com\/embed\/4G7q--1ieJ4?feature=oembed\" frameborder=\"0\" allow=\"accelerometer; autoplay; clipboard-write; encrypted-media; gyroscope; picture-in-picture; web-share\" referrerpolicy=\"strict-origin-when-cross-origin\" allowfullscreen><\/iframe><\/p>\n<h2><strong>Principales caract\u00e9ristiques et avantages\u00a0:<\/strong><\/h2>\n<ul>\n<li><strong>Formation de blocs de p\u00e2te personnalisables :<\/strong> Le moule est capable de produire des blocs de p\u00e2te de tailles, de formes et de motifs sp\u00e9cifiques, essentiels pour maintenir la structure et la qualit\u00e9 de la p\u00e2te tout au long du processus de production.<\/li>\n<li><strong>Rouleaux d&#039;extrusion adaptables :<\/strong> Selon le type de p\u00e2te \u00e0 traiter, les rouleaux d&#039;extrusion peuvent \u00eatre personnalis\u00e9s pour \u00eatre lisses ou ondul\u00e9s, offrant ainsi une polyvalence dans la conception des biscuits.<\/li>\n<li><strong>Rotor de formage \u00e0 changement rapide :<\/strong> Le rotor de formage peut \u00eatre rapidement remplac\u00e9 lors du passage d&#039;un produit \u00e0 l&#039;autre, am\u00e9liorant ainsi la flexibilit\u00e9 de la production et r\u00e9duisant les temps d&#039;arr\u00eat.<\/li>\n<li><strong>Contr\u00f4le de vitesse de pr\u00e9cision :<\/strong> La vitesse du rouleau est g\u00e9r\u00e9e par un convertisseur de fr\u00e9quence, permettant une r\u00e9gulation pr\u00e9cise dans des limites de largeur d\u00e9finies pour s&#039;adapter \u00e0 diff\u00e9rentes tailles de biscuits.<\/li>\n<li><strong>Int\u00e9gration transparente :<\/strong> La conception du mouleur de d\u00e9coupe rotatif facilite une int\u00e9gration ais\u00e9e dans les lignes de production existantes, favorisant un flux de travail fluide et efficace.<\/li>\n<li><strong>Syst\u00e8me de bande transporteuse robuste :<\/strong> Le convoyeur \u00e0 bande est construit avec un cadre en acier au carbone, des surfaces de glissement en acier inoxydable et deux rouleaux en caoutchouc pour une manipulation fiable et uniforme de la p\u00e2te. L&#039;entr\u00e9e et la sortie sont dot\u00e9es d&#039;un nez de diam\u00e8tre r\u00e9duit pour un meilleur passage de la feuille de p\u00e2te.<\/li>\n<li><strong>Contr\u00f4le automatique de la vitesse du convoyeur :<\/strong> La vitesse du tapis roulant est contr\u00f4l\u00e9e automatiquement via le panneau \u00e9lectrique de la ligne de laminage, assurant un fonctionnement synchronis\u00e9 avec la mouleuse de d\u00e9coupe.<\/li>\n<\/ul>\n<h2><strong>Points forts techniques :<\/strong><\/h2>\n<ul>\n<li>La machine est \u00e9quip\u00e9e d&#039;une interface conviviale qui permet des r\u00e9glages et des r\u00e9glages faciles, la rendant accessible m\u00eame aux op\u00e9rateurs ayant une formation minimale.<\/li>\n<li>Des capteurs et des commandes avanc\u00e9s surveillent l&#039;\u00e9paisseur de la p\u00e2te et l&#039;uniformit\u00e9 de la bande, fournissant un retour d&#039;information en temps r\u00e9el pour l&#039;assurance qualit\u00e9.<\/li>\n<li>L&#039;utilisation de mat\u00e9riaux de haute qualit\u00e9 dans la construction de la machine garantit durabilit\u00e9 et long\u00e9vit\u00e9, r\u00e9duisant ainsi le besoin d&#039;entretien et de r\u00e9parations fr\u00e9quents.<\/li>\n<li>La machine est con\u00e7ue avec des dispositifs de s\u00e9curit\u00e9 tels que des boutons d&#039;arr\u00eat d&#039;urgence et des protections de s\u00e9curit\u00e9 pour prot\u00e9ger les op\u00e9rateurs pendant le fonctionnement.<\/li>\n<\/ul>\n<h2><strong>Applications :<\/strong><\/h2>\n<ul>\n<li>Convient \u00e0 une large gamme de <a href=\"https:\/\/www.jymachinetech.com\/fr\/top-hard-dough-biscuit-production-line-for-efficient-baking-solutions\/\" title=\"Ligne de production de biscuits \u00e0 p\u00e2te dure de qualit\u00e9 sup\u00e9rieure pour des solutions de cuisson efficaces\"  data-wpil-monitor-id=\"96\" target=\"_blank\">production de biscuits durs<\/a> des petites boulangeries aux grandes entreprises industrielles.<\/li>\n<\/ul>\n<h2><strong>Assistance et services \u00e0 la client\u00e8le :<\/strong><\/h2>\n<ul>\n<li><strong>Services de personnalisation :<\/strong> Nous proposons des options de personnalisation pour adapter la mouleuse \u00e0 d\u00e9coupe rotative \u00e0 vos exigences de production sp\u00e9cifiques.<\/li>\n<li><strong>Installation professionnelle :<\/strong> Notre \u00e9quipe d&#039;experts s&#039;assurera que la machine soit correctement install\u00e9e et int\u00e9gr\u00e9e \u00e0 votre ligne de production.<\/li>\n<li><strong>Formation des op\u00e9rateurs :<\/strong> Une formation compl\u00e8te est fournie pour garantir que votre personnel puisse utiliser la machine efficacement et en toute s\u00e9curit\u00e9.<\/li>\n<li><strong>Assistance apr\u00e8s-vente :<\/strong> Nous fournissons un support continu, y compris des services de maintenance et un acc\u00e8s aux pi\u00e8ces de rechange, pour maintenir votre mouleuse \u00e0 d\u00e9coupe rotative dans un \u00e9tat optimal.<\/li>\n<\/ul>\n<h2><strong>Pourquoi choisir notre mouleuse \u00e0 d\u00e9coupe rotative :<\/strong><\/h2>\n<ul>\n<li><strong>Innovation &amp; Pr\u00e9cision :<\/strong>\u00a0Utilisant la derni\u00e8re technologie pour une pr\u00e9cision in\u00e9gal\u00e9e dans la production de biscuits.<\/li>\n<li><strong>Qualit\u00e9 et durabilit\u00e9 :<\/strong>\u00a0Construit avec des mat\u00e9riaux de haute qualit\u00e9 pour une performance fiable et durable.<\/li>\n<li><strong>Flexibilit\u00e9 et efficacit\u00e9 :<\/strong>\u00a0Con\u00e7u pour g\u00e9rer facilement diff\u00e9rents types de p\u00e2te et changements de produits, maximisant ainsi l&#039;efficacit\u00e9 de la production.<\/li>\n<\/ul>\n<p><strong>Obtenez un devis maintenant :<\/strong> Pour des tarifs personnalis\u00e9s et pour en savoir plus sur la fa\u00e7on dont notre mouleuse rotative peut am\u00e9liorer vos capacit\u00e9s de production de biscuits, contactez-nous d\u00e8s aujourd&#039;hui.<\/p>\n<p><img fetchpriority=\"high\" decoding=\"async\" class=\"alignnone size-full wp-image-906\" title=\"fa\u00e7onneuse rotative pour biscuits durs | ligne de production de biscuits\" src=\"https:\/\/www.jymachinetech.com\/wp-content\/uploads\/2021\/12\/Rotary-cutting-molder5.png\" alt=\"fa\u00e7onneuse rotative pour biscuits durs | ligne de production de biscuits\" width=\"770\" height=\"520\" srcset=\"https:\/\/www.jymachinetech.com\/wp-content\/uploads\/2021\/12\/Rotary-cutting-molder5.png 770w, https:\/\/www.jymachinetech.com\/wp-content\/uploads\/2021\/12\/Rotary-cutting-molder5-18x12.png 18w, https:\/\/www.jymachinetech.com\/wp-content\/uploads\/2021\/12\/Rotary-cutting-molder5-600x405.png 600w\" sizes=\"(max-width: 770px) 100vw, 770px\" \/><\/p>\n<p>&nbsp;<\/p>\n<div class=\"table-responsive\">\n<table style=\"width: 100%;\">\n<tbody>\n<tr>\n<td style=\"text-align: center;\">Mod\u00e8le<\/td>\n<td style=\"text-align: center;\">JYB-600<\/td>\n<td style=\"text-align: center;\">JYB-800<\/td>\n<td style=\"text-align: center;\">JYB-1000<\/td>\n<td style=\"text-align: center;\">JYB-1200<\/td>\n<td style=\"text-align: center;\">JYB-1500<\/td>\n<\/tr>\n<tr>\n<td style=\"text-align: center;\">Dimension<\/td>\n<td style=\"text-align: center;\">6800\u00d71250\u00d71850<\/td>\n<td style=\"text-align: center;\">7700\u00d71450\u00d71850<\/td>\n<td style=\"text-align: center;\">15000*2400*1750<\/td>\n<td style=\"text-align: center;\">15000*2600*1750<\/td>\n<td style=\"text-align: center;\">15000*2900*1750<\/td>\n<\/tr>\n<tr>\n<td style=\"text-align: center;\">Puissance(kw)<\/td>\n<td style=\"text-align: center;\">4.5<\/td>\n<td style=\"text-align: center;\">6.2<\/td>\n<td style=\"text-align: center;\">42<\/td>\n<td style=\"text-align: center;\">46<\/td>\n<td style=\"text-align: center;\">54<\/td>\n<\/tr>\n<tr>\n<td style=\"text-align: center;\">Poids(T)<\/td>\n<td style=\"text-align: center;\">1<\/td>\n<td style=\"text-align: center;\">3.5<\/td>\n<td style=\"text-align: center;\">15<\/td>\n<td style=\"text-align: center;\">18<\/td>\n<td style=\"text-align: center;\">21<\/td>\n<\/tr>\n<tr>\n<td style=\"text-align: center;\" colspan=\"6\">Temp\u00e9rature de fonctionnement 0~50Co<\/td>\n<\/tr>\n<\/tbody>\n<\/table>\n<\/div>","protected":false},"excerpt":{"rendered":"<ul>\n<li>Dispositif d&#039;alignement de la distance du centre du moule\u00a0;<\/li>\n<li>Affichage num\u00e9rique individuel pour deux rouleaux rotatifs ;<\/li>\n<li>La structure de pression de formage est entra\u00een\u00e9e par le moteur qui peut \u00eatre r\u00e9gl\u00e9 \u00e0 volont\u00e9. Facile<\/li>\n<li>fonctionnement et d\u00e9moulage fiable ;<\/li>\n<li>Il adopte un r\u00e9ducteur \u00e0 engrenages h\u00e9lico\u00efdaux comme transmission de puissance et de courroie synchrone. Transmission stable,<\/li>\n<li>petites vibrations et faible bruit ;<\/li>\n<li>Un haut degr\u00e9 d\u2019automatisation par commande \u00e9lectrique ;<\/li>\n<li>La bande transporteuse est tendue et r\u00e9gl\u00e9e automatiquement ;<\/li>\n<li>Dispositif de r\u00e9cup\u00e9ration des mati\u00e8res restantes;<\/li>\n<\/ul>","protected":false},"featured_media":902,"comment_status":"open","ping_status":"closed","template":"","meta":[],"product_brand":[],"product_cat":[15,95],"product_tag":[],"class_list":{"0":"post-847","1":"product","2":"type-product","3":"status-publish","4":"has-post-thumbnail","6":"product_cat-bakery-equipment","7":"product_cat-biscuit-machine","9":"first","10":"instock","11":"shipping-taxable","12":"product-type-simple"},"_links":{"self":[{"href":"https:\/\/www.jymachinetech.com\/fr\/wp-json\/wp\/v2\/product\/847","targetHints":{"allow":["GET"]}}],"collection":[{"href":"https:\/\/www.jymachinetech.com\/fr\/wp-json\/wp\/v2\/product"}],"about":[{"href":"https:\/\/www.jymachinetech.com\/fr\/wp-json\/wp\/v2\/types\/product"}],"replies":[{"embeddable":true,"href":"https:\/\/www.jymachinetech.com\/fr\/wp-json\/wp\/v2\/comments?post=847"}],"version-history":[{"count":2,"href":"https:\/\/www.jymachinetech.com\/fr\/wp-json\/wp\/v2\/product\/847\/revisions"}],"predecessor-version":[{"id":7311,"href":"https:\/\/www.jymachinetech.com\/fr\/wp-json\/wp\/v2\/product\/847\/revisions\/7311"}],"wp:featuredmedia":[{"embeddable":true,"href":"https:\/\/www.jymachinetech.com\/fr\/wp-json\/wp\/v2\/media\/902"}],"wp:attachment":[{"href":"https:\/\/www.jymachinetech.com\/fr\/wp-json\/wp\/v2\/media?parent=847"}],"wp:term":[{"taxonomy":"product_brand","embeddable":true,"href":"https:\/\/www.jymachinetech.com\/fr\/wp-json\/wp\/v2\/product_brand?post=847"},{"taxonomy":"product_cat","embeddable":true,"href":"https:\/\/www.jymachinetech.com\/fr\/wp-json\/wp\/v2\/product_cat?post=847"},{"taxonomy":"product_tag","embeddable":true,"href":"https:\/\/www.jymachinetech.com\/fr\/wp-json\/wp\/v2\/product_tag?post=847"}],"curies":[{"name":"wp","href":"https:\/\/api.w.org\/{rel}","templated":true}]}}