{"id":83,"date":"2021-12-18T07:16:26","date_gmt":"2021-12-18T07:16:26","guid":{"rendered":"https:\/\/www.jymachinetech.com\/?post_type=product&#038;p=83"},"modified":"2025-07-25T05:54:36","modified_gmt":"2025-07-25T05:54:36","slug":"feeder","status":"publish","type":"product","link":"https:\/\/www.jymachinetech.com\/fr\/product\/feeder\/","title":{"rendered":"Mangeoire \u00e0 vendre | Usine d&#039;alimentation"},"content":{"rendered":"<div class=\"content-style\">\n<p>Le chargeur est utilis\u00e9 pour alimenter la p\u00e2te dans la tr\u00e9mie et pr\u00e9-rouler la p\u00e2te ou les feuilles de p\u00e2te en morceaux de p\u00e2te appropri\u00e9s, qui sont transport\u00e9s vers les rouleaux de calibre 1\/2\/3 pour un laminage suppl\u00e9mentaire. C&#039;est une machine indispensable dans toutes sortes de lignes de production de biscuits durs.<\/p>\n<p>&nbsp;<\/p>\n<\/div>\n<div class=\"table-responsive\">\n<table style=\"width: 100%;\">\n<tbody>\n<tr>\n<td style=\"text-align: center;\">Mod\u00e8le<\/td>\n<td style=\"text-align: center;\">JY1500<\/td>\n<td style=\"text-align: center;\">JY1200<\/td>\n<td style=\"text-align: center;\">JY1000<\/td>\n<td style=\"text-align: center;\">JY600<\/td>\n<\/tr>\n<tr>\n<td style=\"text-align: center;\">Sortir<\/td>\n<td style=\"text-align: center;\">1500<\/td>\n<td style=\"text-align: center;\">1200<\/td>\n<td style=\"text-align: center;\">1000<\/td>\n<td style=\"text-align: center;\">600<\/td>\n<\/tr>\n<tr>\n<td style=\"text-align: center;\">Alimentation (V\/Hz)<\/td>\n<td style=\"text-align: center;\" colspan=\"4\">220v\/380v\/415v<\/td>\n<\/tr>\n<tr>\n<td style=\"text-align: center;\">\u00c9paisseur de t\u00f4le<\/td>\n<td style=\"text-align: center;\" colspan=\"4\">Ajustable<\/td>\n<\/tr>\n<tr>\n<td style=\"text-align: center;\">Puissance(kw)<\/td>\n<td style=\"text-align: center;\" colspan=\"4\">1.22<\/td>\n<\/tr>\n<tr>\n<td style=\"text-align: center;\">Vitesse(m\/min)<\/td>\n<td style=\"text-align: center;\" colspan=\"4\">1.2-1.9m\/minute<\/td>\n<\/tr>\n<\/tbody>\n<\/table>\n<\/div>","protected":false},"excerpt":{"rendered":"<ul>\n<li>Contr\u00f4leur de fr\u00e9quence de la vitesse du moteur, utilisant un transducteur de d\u00e9placement pour inspecter l&#039;\u00e9paisseur de la p\u00e2te<\/li>\n<li>L&#039;\u00e9cran tactile PLC ajuste l&#039;\u00e9paisseur de la p\u00e2te, plus pr\u00e9cis<\/li>\n<li>Rouleau en alliage plus r\u00e9sistant<\/li>\n<li>Le prot\u00e8ge-rouleau est install\u00e9 sur le rouleau sup\u00e9rieur pour r\u00e9duire le risque de couper les feuilles de p\u00e2te<\/li>\n<li>Le joint int\u00e9rieur en nylon non toxique de qualit\u00e9 alimentaire emp\u00eache les feuilles de p\u00e2te d&#039;\u00eatre aliment\u00e9es.<\/li>\n<li>Rouleau en caoutchouc \u00e0 l&#039;int\u00e9rieur prot\u00e9geant efficacement le rouleau en alliage<\/li>\n<li>Le cadre principal et le corps sont en acier inoxydable<\/li>\n<li>Pliage en forme de R et rev\u00eatement de sablage imperm\u00e9able pour une utilisation plus longue<\/li>\n<\/ul>","protected":false},"featured_media":86,"comment_status":"open","ping_status":"closed","template":"","meta":[],"product_brand":[],"product_cat":[15],"product_tag":[],"class_list":{"0":"post-83","1":"product","2":"type-product","3":"status-publish","4":"has-post-thumbnail","6":"product_cat-bakery-equipment","8":"first","9":"instock","10":"shipping-taxable","11":"product-type-simple"},"_links":{"self":[{"href":"https:\/\/www.jymachinetech.com\/fr\/wp-json\/wp\/v2\/product\/83","targetHints":{"allow":["GET"]}}],"collection":[{"href":"https:\/\/www.jymachinetech.com\/fr\/wp-json\/wp\/v2\/product"}],"about":[{"href":"https:\/\/www.jymachinetech.com\/fr\/wp-json\/wp\/v2\/types\/product"}],"replies":[{"embeddable":true,"href":"https:\/\/www.jymachinetech.com\/fr\/wp-json\/wp\/v2\/comments?post=83"}],"version-history":[{"count":1,"href":"https:\/\/www.jymachinetech.com\/fr\/wp-json\/wp\/v2\/product\/83\/revisions"}],"predecessor-version":[{"id":7189,"href":"https:\/\/www.jymachinetech.com\/fr\/wp-json\/wp\/v2\/product\/83\/revisions\/7189"}],"wp:featuredmedia":[{"embeddable":true,"href":"https:\/\/www.jymachinetech.com\/fr\/wp-json\/wp\/v2\/media\/86"}],"wp:attachment":[{"href":"https:\/\/www.jymachinetech.com\/fr\/wp-json\/wp\/v2\/media?parent=83"}],"wp:term":[{"taxonomy":"product_brand","embeddable":true,"href":"https:\/\/www.jymachinetech.com\/fr\/wp-json\/wp\/v2\/product_brand?post=83"},{"taxonomy":"product_cat","embeddable":true,"href":"https:\/\/www.jymachinetech.com\/fr\/wp-json\/wp\/v2\/product_cat?post=83"},{"taxonomy":"product_tag","embeddable":true,"href":"https:\/\/www.jymachinetech.com\/fr\/wp-json\/wp\/v2\/product_tag?post=83"}],"curies":[{"name":"wp","href":"https:\/\/api.w.org\/{rel}","templated":true}]}}