{"id":799,"date":"2021-12-18T07:52:22","date_gmt":"2021-12-18T07:52:22","guid":{"rendered":"https:\/\/www.jymachinetech.com\/?post_type=product&#038;p=799"},"modified":"2025-07-25T05:53:50","modified_gmt":"2025-07-25T05:53:50","slug":"oil-spray-machine","status":"publish","type":"product","link":"https:\/\/www.jymachinetech.com\/fr\/product\/oil-spray-machine\/","title":{"rendered":"Machine de pulv\u00e9risation d&#039;huile (y compris le filtre \u00e0 huile)"},"content":{"rendered":"<h2>Type de buse pour petite production (capacit\u00e9 de 100 \u00e0 600 kg\/heure)<\/h2>\n<p><img fetchpriority=\"high\" decoding=\"async\" class=\"alignnone size-full wp-image-801\" title=\"machine de pulv\u00e9risation d&#039;huile (y compris le filtre \u00e0 huile)\" src=\"https:\/\/www.jymachinetech.com\/wp-content\/uploads\/2021\/12\/1615615849_OIL-SPRAY-MACHINE2.png\" alt=\"machine de pulv\u00e9risation d&#039;huile (y compris le filtre \u00e0 huile)\" width=\"800\" height=\"580\" srcset=\"https:\/\/www.jymachinetech.com\/wp-content\/uploads\/2021\/12\/1615615849_OIL-SPRAY-MACHINE2.png 800w, https:\/\/www.jymachinetech.com\/wp-content\/uploads\/2021\/12\/1615615849_OIL-SPRAY-MACHINE2-18x12.png 18w, https:\/\/www.jymachinetech.com\/wp-content\/uploads\/2021\/12\/1615615849_OIL-SPRAY-MACHINE2-600x435.png 600w\" sizes=\"(max-width: 800px) 100vw, 800px\" \/> <img decoding=\"async\" class=\"alignnone size-full wp-image-803\" title=\"machine de pulv\u00e9risation d&#039;huile (y compris le filtre \u00e0 huile)\" src=\"https:\/\/www.jymachinetech.com\/wp-content\/uploads\/2021\/12\/image_1615615810_OIL-SPRAY-MACHINE.png\" alt=\"machine de pulv\u00e9risation d&#039;huile (y compris le filtre \u00e0 huile)\" width=\"800\" height=\"580\" srcset=\"https:\/\/www.jymachinetech.com\/wp-content\/uploads\/2021\/12\/image_1615615810_OIL-SPRAY-MACHINE.png 800w, https:\/\/www.jymachinetech.com\/wp-content\/uploads\/2021\/12\/image_1615615810_OIL-SPRAY-MACHINE-18x12.png 18w, https:\/\/www.jymachinetech.com\/wp-content\/uploads\/2021\/12\/image_1615615810_OIL-SPRAY-MACHINE-600x435.png 600w\" sizes=\"(max-width: 800px) 100vw, 800px\" \/><\/p>\n<h2>Machine de pulv\u00e9risation d&#039;huile\u00a0: la solution polyvalente pour un enrobage uniforme dans la production de biscuits<\/h2>\n<p><strong>Pr\u00e9sentation du produit :<\/strong> La machine de pulv\u00e9risation d&#039;huile est un \u00e9quipement indispensable pour l&#039;industrie de la biscuiterie et de la transformation alimentaire. Elle est con\u00e7ue pour appliquer une fine brume d&#039;huile uniform\u00e9ment sur les produits. Cette machine est id\u00e9ale pour les petites productions, avec une capacit\u00e9 de 100 \u00e0 600 kg\/heure, et pour divers types de biscuits, am\u00e9liorant ainsi leur texture et leur saveur.<\/p>\n<h2><strong>Principales caract\u00e9ristiques et avantages\u00a0:<\/strong><\/h2>\n<ul>\n<li><strong>Ad\u00e9quation multi-applications :<\/strong>\u00a0Id\u00e9al pour une large gamme d&#039;applications, adapt\u00e9 \u00e0 la production de biscuits durs et mous.<\/li>\n<li><strong>Efficacit\u00e9 spatiale :<\/strong>\u00a0La conception compacte permet d&#039;\u00e9conomiser un espace de production pr\u00e9cieux tout en maintenant un rendement \u00e9lev\u00e9.<\/li>\n<li><strong>Entretien facile:<\/strong>\u00a0La machine est facile \u00e0 ouvrir, ce qui facilite le nettoyage et l&#039;entretien pour garantir des performances constantes.<\/li>\n<li><strong>Mat\u00e9riaux de haute qualit\u00e9 :<\/strong>\u00a0Construit en acier inoxydable SUS304 pour la bande en maille, le panneau lat\u00e9ral et la plaque de r\u00e9cup\u00e9ration, garantissant durabilit\u00e9 et hygi\u00e8ne.<\/li>\n<li><strong>Temp\u00e9rature d&#039;huile r\u00e9glable :<\/strong>\u00a0Permet un contr\u00f4le pr\u00e9cis de la temp\u00e9rature de l&#039;huile en fonction des diff\u00e9rents types de biscuits et des r\u00e9sultats souhait\u00e9s.<\/li>\n<li><strong>Composants fiables :<\/strong>\u00a0\u00c9quip\u00e9 de pi\u00e8ces \u00e9lectriques et de composants op\u00e9rationnels de marques renomm\u00e9es pour des performances fiables.<\/li>\n<\/ul>\n<h2><strong>Sp\u00e9cifications techniques :<\/strong><\/h2>\n<ul>\n<li><strong>Capacit\u00e9:<\/strong>\u00a0Con\u00e7u pour g\u00e9rer efficacement de petits volumes de production, de 100 \u00e0 600 kg\/heure.<\/li>\n<li><strong>Type de buse :<\/strong>\u00a0Sp\u00e9cialement con\u00e7u pour les petites productions, assurant une distribution uniforme de l&#039;huile.<\/li>\n<li><strong>Mat\u00e9riel:<\/strong>\u00a0Acier inoxydable SUS304 pour toutes les pi\u00e8ces de contact, conforme aux normes de s\u00e9curit\u00e9 alimentaire.<\/li>\n<li><strong>Contr\u00f4le de la temp\u00e9rature de l&#039;huile :<\/strong>\u00a0Dispose d&#039;un thermostat r\u00e9glable pour une gestion pr\u00e9cise de la temp\u00e9rature.<\/li>\n<\/ul>\n<h2><strong>Applications :<\/strong><\/h2>\n<ul>\n<li>Id\u00e9al pour les boulangeries et les fabricants de produits alimentaires produisant une vari\u00e9t\u00e9 de biscuits, am\u00e9liorant leur texture et leur apparence avec un enrobage d&#039;huile fin.<\/li>\n<\/ul>\n<h2><strong>Assistance et services \u00e0 la client\u00e8le :<\/strong><\/h2>\n<ul>\n<li><strong>Consultation professionnelle :<\/strong>\u00a0Notre \u00e9quipe d&#039;experts vous aidera \u00e0 s\u00e9lectionner la configuration de machine de pulv\u00e9risation d&#039;huile adapt\u00e9e \u00e0 vos besoins de production.<\/li>\n<li><strong>Installation et formation :<\/strong>\u00a0Nous fournissons des services d&#039;installation complets et une formation des op\u00e9rateurs pour garantir que la machine est utilis\u00e9e efficacement.<\/li>\n<li><strong>Service apr\u00e8s-vente :<\/strong>\u00a0Support d\u00e9di\u00e9 \u00e0 la maintenance et au d\u00e9pannage pour minimiser les temps d&#039;arr\u00eat.<\/li>\n<\/ul>\n<h2><strong>FAQ:<\/strong><\/h2>\n<p><strong>Q\u00a0: Quels types de biscuits la machine de pulv\u00e9risation d&#039;huile peut-elle traiter\u00a0?<\/strong> R : La machine est polyvalente et peut g\u00e9rer \u00e0 la fois des applications de biscuits durs et mous.<\/p>\n<p><strong>Q : Comment la machine de pulv\u00e9risation d&#039;huile permet-elle de gagner de la place ?<\/strong> R : Gr\u00e2ce \u00e0 sa conception compacte, la machine est peu encombrante, ce qui la rend adapt\u00e9e aux installations disposant d&#039;un espace de production limit\u00e9.<\/p>\n<p><strong>Q : Est-il facile de nettoyer et d\u2019entretenir la machine de pulv\u00e9risation d\u2019huile ?<\/strong> R : La machine est con\u00e7ue pour \u00eatre facilement ouverte pour le nettoyage et l&#039;entretien, r\u00e9duisant ainsi les temps d&#039;arr\u00eat et garantissant l&#039;hygi\u00e8ne.<\/p>\n<p><strong>Q : Quel mat\u00e9riau est utilis\u00e9 pour la construction de la machine de pulv\u00e9risation d&#039;huile ?<\/strong> R : L&#039;acier inoxydable SUS304 est utilis\u00e9 pour la bande en maille, le panneau lat\u00e9ral et la plaque de r\u00e9cup\u00e9ration, garantissant durabilit\u00e9 et facilit\u00e9 de nettoyage.<\/p>\n<p><strong>Q\u00a0:\u00a0Puis-je r\u00e9gler la temp\u00e9rature de l\u2019huile dans la machine de pulv\u00e9risation d\u2019huile\u00a0?<\/strong> R : Oui, la temp\u00e9rature de l\u2019huile est r\u00e9glable, ce qui vous permet d\u2019optimiser le processus pour diff\u00e9rents types de biscuits.<\/p>\n<p><strong>Q\u00a0:\u00a0Quels composants de marque sont utilis\u00e9s dans la machine de pulv\u00e9risation d\u2019huile\u00a0?<\/strong> R : La machine adopte des composants de marques c\u00e9l\u00e8bres pour les pi\u00e8ces \u00e9lectriques et les pi\u00e8ces de fonctionnement, garantissant fiabilit\u00e9 et performances.<\/p>\n<h2><strong>Pourquoi choisir notre machine de pulv\u00e9risation d&#039;huile :<\/strong><\/h2>\n<ul>\n<li><strong>Versatilit\u00e9:<\/strong>\u00a0Convient \u00e0 une large gamme de types de biscuits et de besoins de production.<\/li>\n<li><strong>Qualit\u00e9 et durabilit\u00e9 :<\/strong>\u00a0Construit avec des mat\u00e9riaux de haute qualit\u00e9 pour des performances durables.<\/li>\n<li><strong>Personnalisation et flexibilit\u00e9 :<\/strong>\u00a0Con\u00e7u pour s&#039;adapter \u00e0 diff\u00e9rentes \u00e9chelles et exigences de production.<\/li>\n<li><strong>Assistance professionnelle :<\/strong>\u00a0Soutenu par une \u00e9quipe de professionnels poss\u00e9dant une vaste exp\u00e9rience dans les \u00e9quipements de traitement des biscuits.<\/li>\n<\/ul>\n<p><strong>Obtenez un devis maintenant :<\/strong> Pour des tarifs personnalis\u00e9s et pour en savoir plus sur la fa\u00e7on dont notre machine de pulv\u00e9risation d&#039;huile peut am\u00e9liorer votre processus de production de biscuits, contactez-nous d\u00e8s aujourd&#039;hui.<\/p>\n<p>&nbsp;<\/p>\n<h2><strong>Type de disque centrifuge pour grande production (capacit\u00e9 de 700 \u00e0 1500 kg\/heure)\u00a0<\/strong><\/h2>\n<p><img decoding=\"async\" class=\"alignnone size-full wp-image-802\" title=\"machine de pulv\u00e9risation d&#039;huile (y compris le filtre \u00e0 huile)\" src=\"https:\/\/www.jymachinetech.com\/wp-content\/uploads\/2021\/12\/1615616089_2_Centrifugal-disc-type-for-big-.png\" alt=\"machine de pulv\u00e9risation d&#039;huile (y compris le filtre \u00e0 huile)\" width=\"1280\" height=\"960\" srcset=\"https:\/\/www.jymachinetech.com\/wp-content\/uploads\/2021\/12\/1615616089_2_Centrifugal-disc-type-for-big-.png 1280w, https:\/\/www.jymachinetech.com\/wp-content\/uploads\/2021\/12\/1615616089_2_Centrifugal-disc-type-for-big--16x12.png 16w, https:\/\/www.jymachinetech.com\/wp-content\/uploads\/2021\/12\/1615616089_2_Centrifugal-disc-type-for-big--600x450.png 600w\" sizes=\"(max-width: 1280px) 100vw, 1280px\" \/><\/p>\n<p><strong>Avantage<\/strong><br \/>\n\u2022 Plat \u00e0 grande vitesse r\u00e9cup\u00e9rant l&#039;exc\u00e8s d&#039;huile<br \/>\n\u2022 Connexion avec convoyeur d&#039;\u00e9gouttement d&#039;huile s\u00e9par\u00e9<br \/>\n\u2022 3 couches pour le filtrage de l&#039;huile<br \/>\n\u2022 Inverser le contr\u00f4le de la vitesse<br \/>\n\u2022 Le r\u00e9servoir de stockage d&#039;huile adopte le r\u00e9servoir d&#039;eau de la chemise d&#039;isolation thermique<br \/>\n\u2022 \u00c9quipement avec collecteur de brouillard d&#039;huile de marque britannique<br \/>\n\u2022 Haute efficacit\u00e9 et moins de consommation d&#039;huile<br \/>\n\u2022 Ensemble avec de nombreuses fen\u00eatres d&#039;observation pour voir l&#039;effet de pulv\u00e9risation<\/p>\n<p>&nbsp;<\/p>\n<div class=\"table-responsive\">\n<table style=\"width: 100%;\">\n<tbody>\n<tr>\n<td style=\"text-align: center;\">Mod\u00e8le<\/td>\n<td style=\"text-align: center;\">JYB-280<\/td>\n<td style=\"text-align: center;\">JYB-400<\/td>\n<td style=\"text-align: center;\">JYB-600<\/td>\n<td style=\"text-align: center;\">JYB-800<\/td>\n<td style=\"text-align: center;\">JYB-1000<\/td>\n<td style=\"text-align: center;\">JYB-1200<\/td>\n<td style=\"text-align: center;\">JYB-1500<\/td>\n<\/tr>\n<tr>\n<td style=\"text-align: center;\">Largeur de ceinture<\/td>\n<td style=\"text-align: center;\">320mm<\/td>\n<td style=\"text-align: center;\">430mm<\/td>\n<td style=\"text-align: center;\">630mm<\/td>\n<td style=\"text-align: center;\">830mm<\/td>\n<td style=\"text-align: center;\">1080mm<\/td>\n<td style=\"text-align: center;\">1280mm<\/td>\n<td style=\"text-align: center;\">1580mm<\/td>\n<\/tr>\n<tr>\n<td style=\"text-align: center;\">Pouvoir<\/td>\n<td style=\"text-align: center;\">5.25kw<\/td>\n<td style=\"text-align: center;\">5.85kw<\/td>\n<td style=\"text-align: center;\">5.85kw<\/td>\n<td style=\"text-align: center;\">11kw<\/td>\n<td style=\"text-align: center;\">18kw<\/td>\n<td style=\"text-align: center;\">22kw<\/td>\n<td style=\"text-align: center;\">24kw<\/td>\n<\/tr>\n<tr>\n<td style=\"text-align: center;\">Taille(mm)<\/td>\n<td style=\"text-align: center;\">1200\u00d7710\u00d71115<\/td>\n<td style=\"text-align: center;\">2200\u00d71000\u00d71255<\/td>\n<td style=\"text-align: center;\">2200\u00d71200\u00d71255<\/td>\n<td style=\"text-align: center;\">2300\u00d71400\u00d71700<\/td>\n<td style=\"text-align: center;\">5000x1950x2460<\/td>\n<td style=\"text-align: center;\">5000x2150x2460<\/td>\n<td style=\"text-align: center;\">5000x2450x2460<\/td>\n<\/tr>\n<tr>\n<td style=\"text-align: center;\">Lester<\/td>\n<td style=\"text-align: center;\">200 kg<\/td>\n<td style=\"text-align: center;\">350kg<\/td>\n<td style=\"text-align: center;\">500 kg<\/td>\n<td style=\"text-align: center;\">600 kg<\/td>\n<td style=\"text-align: center;\">2500 kg<\/td>\n<td style=\"text-align: center;\">2600kg<\/td>\n<td style=\"text-align: center;\">2800 kg<\/td>\n<\/tr>\n<\/tbody>\n<\/table>\n<\/div>","protected":false},"excerpt":{"rendered":"<p>\u00c0 l&#039;heure actuelle, certains fabricants de biscuits ajoutent une machine de pulv\u00e9risation d&#039;huile apr\u00e8s le four de cuisson des biscuits. Cette machine peut am\u00e9liorer la brillance et le go\u00fbt des biscuits, la qualit\u00e9 des produits et augmenter la vari\u00e9t\u00e9 des couleurs. La mati\u00e8re premi\u00e8re peut utiliser une huile raffin\u00e9e de qualit\u00e9 stable et au go\u00fbt doux. Maintenant, en Chine, les fabricants de biscuits utilisent couramment deux types de machines de pulv\u00e9risation d&#039;huile : 1. Type de buse 2. Type de disque centrifuge. Notre soci\u00e9t\u00e9 peut produire les deux machines de pulv\u00e9risation d&#039;huile.<\/p>","protected":false},"featured_media":801,"comment_status":"closed","ping_status":"closed","template":"","meta":[],"product_brand":[],"product_cat":[15],"product_tag":[],"class_list":{"0":"post-799","1":"product","2":"type-product","3":"status-publish","4":"has-post-thumbnail","6":"product_cat-bakery-equipment","8":"first","9":"instock","10":"shipping-taxable","11":"product-type-simple"},"_links":{"self":[{"href":"https:\/\/www.jymachinetech.com\/fr\/wp-json\/wp\/v2\/product\/799","targetHints":{"allow":["GET"]}}],"collection":[{"href":"https:\/\/www.jymachinetech.com\/fr\/wp-json\/wp\/v2\/product"}],"about":[{"href":"https:\/\/www.jymachinetech.com\/fr\/wp-json\/wp\/v2\/types\/product"}],"replies":[{"embeddable":true,"href":"https:\/\/www.jymachinetech.com\/fr\/wp-json\/wp\/v2\/comments?post=799"}],"version-history":[{"count":1,"href":"https:\/\/www.jymachinetech.com\/fr\/wp-json\/wp\/v2\/product\/799\/revisions"}],"predecessor-version":[{"id":7186,"href":"https:\/\/www.jymachinetech.com\/fr\/wp-json\/wp\/v2\/product\/799\/revisions\/7186"}],"wp:featuredmedia":[{"embeddable":true,"href":"https:\/\/www.jymachinetech.com\/fr\/wp-json\/wp\/v2\/media\/801"}],"wp:attachment":[{"href":"https:\/\/www.jymachinetech.com\/fr\/wp-json\/wp\/v2\/media?parent=799"}],"wp:term":[{"taxonomy":"product_brand","embeddable":true,"href":"https:\/\/www.jymachinetech.com\/fr\/wp-json\/wp\/v2\/product_brand?post=799"},{"taxonomy":"product_cat","embeddable":true,"href":"https:\/\/www.jymachinetech.com\/fr\/wp-json\/wp\/v2\/product_cat?post=799"},{"taxonomy":"product_tag","embeddable":true,"href":"https:\/\/www.jymachinetech.com\/fr\/wp-json\/wp\/v2\/product_tag?post=799"}],"curies":[{"name":"wp","href":"https:\/\/api.w.org\/{rel}","templated":true}]}}