{"id":787,"date":"2021-12-18T07:37:29","date_gmt":"2021-12-18T07:37:29","guid":{"rendered":"https:\/\/www.jymachinetech.com\/?post_type=product&#038;p=787"},"modified":"2025-07-25T05:54:05","modified_gmt":"2025-07-25T05:54:05","slug":"dough-laminator","status":"publish","type":"product","link":"https:\/\/www.jymachinetech.com\/fr\/product\/dough-laminator\/","title":{"rendered":"Laminateur de p\u00e2te \u00e0 vendre | Usine de laminage de p\u00e2te"},"content":{"rendered":"<div class=\"content-style\">\n<p>Le lamineur de p\u00e2te travaille avec la machine de formage de feuilles \u00e0 rouleaux, il est g\u00e9n\u00e9ralement utilis\u00e9 pour un biscuit dur.<\/p>\n<p><img fetchpriority=\"high\" decoding=\"async\" class=\"alignnone size-full wp-image-796\" title=\"plastifieuse de p\u00e2te \u00e0 vendre | usine de plastification de p\u00e2te\" src=\"https:\/\/www.jymachinetech.com\/wp-content\/uploads\/2021\/12\/Dough-laminator2.png\" alt=\"plastifieuse de p\u00e2te \u00e0 vendre | usine de plastification de p\u00e2te\" width=\"800\" height=\"580\" srcset=\"https:\/\/www.jymachinetech.com\/wp-content\/uploads\/2021\/12\/Dough-laminator2.png 800w, https:\/\/www.jymachinetech.com\/wp-content\/uploads\/2021\/12\/Dough-laminator2-18x12.png 18w, https:\/\/www.jymachinetech.com\/wp-content\/uploads\/2021\/12\/Dough-laminator2-600x435.png 600w\" sizes=\"(max-width: 800px) 100vw, 800px\" \/><br \/>\nIl est avantageux pour les biscuits durs d&#039;am\u00e9liorer la qualit\u00e9 et le grade, ce qui rend n\u00e9cessaire la production de crack ferment\u00e9.<br \/>\nIl existe deux types courants de plastifieuse\u00a0<strong>(Type feuille \u00e0 feuille ou alternatif)\u00a0<\/strong>selon les diff\u00e9rents types de biscuits et la configuration particuli\u00e8re de la machine.<\/p>\n<p><iframe title=\"Ligne de production enti\u00e8rement automatique de biscuits durs pour machines \u00e0 biscuits pour animaux #shorts\" width=\"800\" height=\"450\" src=\"https:\/\/www.youtube.com\/embed\/81b9XJ7_w_M?feature=oembed\" frameborder=\"0\" allow=\"accelerometer; autoplay; clipboard-write; encrypted-media; gyroscope; picture-in-picture; web-share\" referrerpolicy=\"strict-origin-when-cross-origin\" allowfullscreen><\/iframe><\/p>\n<h2><strong>Laminoir feuille \u00e0 feuille<br \/>\n<\/strong><\/h2>\n<p><img decoding=\"async\" class=\"alignnone size-full wp-image-797\" title=\"plastifieuse de p\u00e2te \u00e0 vendre | usine de plastification de p\u00e2te\" src=\"https:\/\/www.jymachinetech.com\/wp-content\/uploads\/2021\/12\/Dough-laminator3.png\" alt=\"plastifieuse de p\u00e2te \u00e0 vendre | usine de plastification de p\u00e2te\" width=\"278\" height=\"241\" srcset=\"https:\/\/www.jymachinetech.com\/wp-content\/uploads\/2021\/12\/Dough-laminator3.png 278w, https:\/\/www.jymachinetech.com\/wp-content\/uploads\/2021\/12\/Dough-laminator3-14x12.png 14w\" sizes=\"(max-width: 278px) 100vw, 278px\" \/><\/p>\n<h2><strong>Laminoir de type alternatif<br \/>\n<\/strong><\/h2>\n<p><img decoding=\"async\" class=\"alignnone wp-image-798 size-full\" title=\"plastifieuse de p\u00e2te \u00e0 vendre | usine de plastification de p\u00e2te\" src=\"https:\/\/www.jymachinetech.com\/wp-content\/uploads\/2021\/12\/Dough-laminator4.png\" alt=\"plastifieuse de p\u00e2te \u00e0 vendre | usine de plastification de p\u00e2te\" width=\"171\" height=\"89\" srcset=\"https:\/\/www.jymachinetech.com\/wp-content\/uploads\/2021\/12\/Dough-laminator4.png 171w, https:\/\/www.jymachinetech.com\/wp-content\/uploads\/2021\/12\/Dough-laminator4-18x9.png 18w\" sizes=\"(max-width: 171px) 100vw, 171px\" \/><\/p>\n<\/div>\n<p>&nbsp;<\/p>\n<h2>Avantages du laminateur de p\u00e2te<\/h2>\n<ul>\n<li>3 rouleaux pour le laminage et 4 rouleaux pour le r\u00e9glage de l&#039;\u00e9paisseur de la p\u00e2te<\/li>\n<li>Commande \u00e9lectrique, automatisation avanc\u00e9e, structure simple, op\u00e9ration facile<\/li>\n<li>Le nombre de couches de p\u00e2te est r\u00e9glable de 9 \u00e0 16 couches ou m\u00eame plus<\/li>\n<li>Affichage num\u00e9rique de l&#039;\u00e9paisseur de la p\u00e2te, r\u00e9glage automatique de l&#039;\u00e9paisseur de la p\u00e2te<\/li>\n<li>Racloir type T9 pour p\u00e2te \u00e0 gauche sur le rouleau<\/li>\n<li>Tension pneumatique, dispositif de redressement pneumatique<\/li>\n<li>Bande transporteuse en PU, rouleau en alliage<\/li>\n<li>Dispositif anti-chute<\/li>\n<\/ul>\n<p>&nbsp;<\/p>\n<h2><strong>Param\u00e8tre technique<\/strong><\/h2>\n<div class=\"table-responsive\">\n<table style=\"width: 100%;\">\n<tbody>\n<tr>\n<td>Mod\u00e8le<\/td>\n<td>JY1200<\/td>\n<td>JY1000<\/td>\n<td>JY800<\/td>\n<td>JY600<\/td>\n<td>JY400<\/td>\n<\/tr>\n<tr>\n<td>Largeur lamin\u00e9e(mm)<\/td>\n<td>1200<\/td>\n<td>1000<\/td>\n<td>800<\/td>\n<td>600<\/td>\n<td>400<\/td>\n<\/tr>\n<tr>\n<td>Couches lamin\u00e9es<\/td>\n<td colspan=\"3\">4-12\/9-16\/plus couches<\/td>\n<td><\/td>\n<td><\/td>\n<\/tr>\n<tr>\n<td>\u00c9paisseur du comprim\u00e9 (mm)<\/td>\n<td colspan=\"3\">0-10<\/td>\n<td><\/td>\n<td><\/td>\n<\/tr>\n<\/tbody>\n<\/table>\n<\/div>","protected":false},"excerpt":{"rendered":"<h2>Avantages du laminateur de p\u00e2te<\/h2>\n<ul>\n<li>3 rouleaux pour le laminage et 4 rouleaux pour le r\u00e9glage de l&#039;\u00e9paisseur de la p\u00e2te<\/li>\n<li>Commande \u00e9lectrique, automatisation avanc\u00e9e, structure simple, op\u00e9ration facile<\/li>\n<li>Le nombre de couches de p\u00e2te est r\u00e9glable de 9 \u00e0 16 couches ou m\u00eame plus<\/li>\n<li>Affichage num\u00e9rique de l&#039;\u00e9paisseur de la p\u00e2te, r\u00e9glage automatique de l&#039;\u00e9paisseur de la p\u00e2te<\/li>\n<li>Racloir type T9 pour p\u00e2te \u00e0 gauche sur le rouleau<\/li>\n<li>Tension pneumatique, dispositif de redressement pneumatique<\/li>\n<li>Bande transporteuse en PU, rouleau en alliage<\/li>\n<li>Dispositif anti-chute<\/li>\n<\/ul>","protected":false},"featured_media":792,"comment_status":"open","ping_status":"closed","template":"","meta":[],"product_brand":[],"product_cat":[15],"product_tag":[],"class_list":{"0":"post-787","1":"product","2":"type-product","3":"status-publish","4":"has-post-thumbnail","6":"product_cat-bakery-equipment","8":"first","9":"instock","10":"shipping-taxable","11":"product-type-simple"},"_links":{"self":[{"href":"https:\/\/www.jymachinetech.com\/fr\/wp-json\/wp\/v2\/product\/787","targetHints":{"allow":["GET"]}}],"collection":[{"href":"https:\/\/www.jymachinetech.com\/fr\/wp-json\/wp\/v2\/product"}],"about":[{"href":"https:\/\/www.jymachinetech.com\/fr\/wp-json\/wp\/v2\/types\/product"}],"replies":[{"embeddable":true,"href":"https:\/\/www.jymachinetech.com\/fr\/wp-json\/wp\/v2\/comments?post=787"}],"version-history":[{"count":1,"href":"https:\/\/www.jymachinetech.com\/fr\/wp-json\/wp\/v2\/product\/787\/revisions"}],"predecessor-version":[{"id":7187,"href":"https:\/\/www.jymachinetech.com\/fr\/wp-json\/wp\/v2\/product\/787\/revisions\/7187"}],"wp:featuredmedia":[{"embeddable":true,"href":"https:\/\/www.jymachinetech.com\/fr\/wp-json\/wp\/v2\/media\/792"}],"wp:attachment":[{"href":"https:\/\/www.jymachinetech.com\/fr\/wp-json\/wp\/v2\/media?parent=787"}],"wp:term":[{"taxonomy":"product_brand","embeddable":true,"href":"https:\/\/www.jymachinetech.com\/fr\/wp-json\/wp\/v2\/product_brand?post=787"},{"taxonomy":"product_cat","embeddable":true,"href":"https:\/\/www.jymachinetech.com\/fr\/wp-json\/wp\/v2\/product_cat?post=787"},{"taxonomy":"product_tag","embeddable":true,"href":"https:\/\/www.jymachinetech.com\/fr\/wp-json\/wp\/v2\/product_tag?post=787"}],"curies":[{"name":"wp","href":"https:\/\/api.w.org\/{rel}","templated":true}]}}