{"id":7506,"date":"2025-07-28T12:57:45","date_gmt":"2025-07-28T12:57:45","guid":{"rendered":"https:\/\/www.jymachinetech.com\/?post_type=product&#038;p=7506"},"modified":"2025-07-28T12:57:45","modified_gmt":"2025-07-28T12:57:45","slug":"automatic-weighting-cfa-adding-station","status":"publish","type":"product","link":"https:\/\/www.jymachinetech.com\/fr\/product\/automatic-weighting-cfa-adding-station\/","title":{"rendered":"Pond\u00e9ration automatique et station d'ajout CFA"},"content":{"rendered":"<p><strong><a href=\"https:\/\/www.jymachinetech.com\/wp-content\/uploads\/2025\/07\/Automatic-Weighting1.jpg\" target=\"_blank\"><img fetchpriority=\"high\" decoding=\"async\" class=\"alignnone size-full wp-image-7507\" src=\"https:\/\/www.jymachinetech.com\/wp-content\/uploads\/2025\/07\/Automatic-Weighting1.jpg\" alt=\"\" width=\"600\" height=\"400\" srcset=\"https:\/\/www.jymachinetech.com\/wp-content\/uploads\/2025\/07\/Automatic-Weighting1.jpg 600w, https:\/\/www.jymachinetech.com\/wp-content\/uploads\/2025\/07\/Automatic-Weighting1-18x12.jpg 18w\" sizes=\"(max-width: 600px) 100vw, 600px\" \/><\/a><br \/>\nPiezom\u00e8tre<\/strong><strong> Pes\u00e9e<\/strong><br \/>\n\u2013 R\u00e9servoir de pes\u00e9e en acier inoxydable mont\u00e9 sur trois cellules de charge pour l\u2019unit\u00e9 de cuisson finie<br \/>\n\u2013 Pr\u00e9cision du syst\u00e8me \u00b10,1 % par contr\u00f4le du poids net, ajustant automatiquement pour le sucre, le glucose, la pectine, l\u2019eau, etc.<\/p>\n<p>&nbsp;<\/p>\n<ul>\n<li><strong>Biblioth\u00e8que de recettes<\/strong><br \/>\n\u2013 Le PLC stocke jusqu\u2019\u00e0 dix recettes pr\u00e9-r\u00e9gl\u00e9es ; tous les enregistrements de lots sont consign\u00e9s et peuvent \u00eatre export\u00e9s vers le MES\/ERP de l\u2019usine.<\/li>\n<li><strong>Alimentation continue<\/strong><br \/>\n\u2013 Les ingr\u00e9dients mesur\u00e9s tombent dans un cuiseur \u00e0 double enveloppe avec cisailleur \u00e0 haute vitesse (dissoudre les lumps de pectine ou de g\u00e9latine en &lt;3 min).<br \/>\n\u2013 Le sirop fini est pomp\u00e9 vers un r\u00e9servoir de stockage pour l\u2019\u00e9tape suivante.<\/li>\n<li><strong>Ajout CFA<\/strong><br \/>\n\u2013 Les colorants, ar\u00f4mes et acides sont dos\u00e9s via des pompes p\u00e9ristaltiques avec d\u00e9bitm\u00e8tres pour une r\u00e9p\u00e9tabilit\u00e9 de \u00b11 %.<br \/>\n\u2013 Un second r\u00e9servoir CFA optionnel permet la production de produits bicolores ou ray\u00e9s.<\/li>\n<li><strong>Conception hygi\u00e9nique<\/strong><br \/>\n\u2013 Tous en acier inoxydable 304\/316, filtres tubulaires sur chaque tuyau, balles de pulv\u00e9risation pr\u00eates pour CIP et base auto-drainante.<br \/>\nChangement rapide de recette (&lt;5 min) avec connexions \u00e0 pince rapide.<\/li>\n<\/ul>\n<p>Empreinte typique : 1200 mm \u00d7 900 mm \u00d7 1400 mm, puissance 1,45 kW, air 0,6\u20130,8 MPa<\/p>\n<p>&nbsp;<\/p>","protected":false},"excerpt":{"rendered":"<p><strong>Piezom\u00e8tre<\/strong><strong> Pes\u00e9e<\/strong><br \/>\n\u2013 R\u00e9servoir de pes\u00e9e en acier inoxydable mont\u00e9 sur trois cellules de charge pour l\u2019unit\u00e9 de cuisson finie<br \/>\n\u2013 Pr\u00e9cision du syst\u00e8me \u00b10,1 % par contr\u00f4le du poids net, ajustant automatiquement pour le sucre, le glucose, la pectine, l\u2019eau, etc.<\/p>","protected":false},"featured_media":7507,"comment_status":"closed","ping_status":"closed","template":"","meta":[],"product_brand":[],"product_cat":[16],"product_tag":[],"class_list":{"0":"post-7506","1":"product","2":"type-product","3":"status-publish","4":"has-post-thumbnail","6":"product_cat-candy-machine","8":"first","9":"instock","10":"shipping-taxable","11":"product-type-simple"},"_links":{"self":[{"href":"https:\/\/www.jymachinetech.com\/fr\/wp-json\/wp\/v2\/product\/7506","targetHints":{"allow":["GET"]}}],"collection":[{"href":"https:\/\/www.jymachinetech.com\/fr\/wp-json\/wp\/v2\/product"}],"about":[{"href":"https:\/\/www.jymachinetech.com\/fr\/wp-json\/wp\/v2\/types\/product"}],"replies":[{"embeddable":true,"href":"https:\/\/www.jymachinetech.com\/fr\/wp-json\/wp\/v2\/comments?post=7506"}],"version-history":[{"count":1,"href":"https:\/\/www.jymachinetech.com\/fr\/wp-json\/wp\/v2\/product\/7506\/revisions"}],"predecessor-version":[{"id":7508,"href":"https:\/\/www.jymachinetech.com\/fr\/wp-json\/wp\/v2\/product\/7506\/revisions\/7508"}],"wp:featuredmedia":[{"embeddable":true,"href":"https:\/\/www.jymachinetech.com\/fr\/wp-json\/wp\/v2\/media\/7507"}],"wp:attachment":[{"href":"https:\/\/www.jymachinetech.com\/fr\/wp-json\/wp\/v2\/media?parent=7506"}],"wp:term":[{"taxonomy":"product_brand","embeddable":true,"href":"https:\/\/www.jymachinetech.com\/fr\/wp-json\/wp\/v2\/product_brand?post=7506"},{"taxonomy":"product_cat","embeddable":true,"href":"https:\/\/www.jymachinetech.com\/fr\/wp-json\/wp\/v2\/product_cat?post=7506"},{"taxonomy":"product_tag","embeddable":true,"href":"https:\/\/www.jymachinetech.com\/fr\/wp-json\/wp\/v2\/product_tag?post=7506"}],"curies":[{"name":"wp","href":"https:\/\/api.w.org\/{rel}","templated":true}]}}