{"id":7472,"date":"2025-07-28T11:28:00","date_gmt":"2025-07-28T11:28:00","guid":{"rendered":"https:\/\/www.jymachinetech.com\/?post_type=product&#038;p=7472"},"modified":"2025-07-28T11:32:21","modified_gmt":"2025-07-28T11:32:21","slug":"mini-gummy-depositor-lab-scale-big-results","status":"publish","type":"product","link":"https:\/\/www.jymachinetech.com\/fr\/product\/mini-gummy-depositor-lab-scale-big-results\/","title":{"rendered":"D\u00e9poseur de gommes miniature - \u00c9chelle de laboratoire, grands r\u00e9sultats"},"content":{"rendered":"<p>Avec un dosage pr\u00e9cis, des changements rapides et des commandes conviviales, ces mini-doseurs de petits lots sont parfaits pour la recherche, le d\u00e9veloppement de produits et le marketing d'essai des gommes, des gel\u00e9es, des bonbons durs, des sucettes, des produits unicolores, des produits de sant\u00e9 tels que les compl\u00e9ments alimentaires \u00e0 base de gommes, et bien plus encore. La conception compacte optimise l'espace, tandis que les surfaces de contact SUS316 et le cadre SUS304 garantissent l'hygi\u00e8ne et la durabilit\u00e9. Augmentez facilement votre production avec des r\u00e9sultats constants et un effort d'installation minimal. Le mini-d\u00e9p\u00f4t de gommes est id\u00e9al pour les petites entreprises et les start-ups qui cherchent \u00e0 d\u00e9velopper leur activit\u00e9 de confiserie. Il prend en charge une large gamme de moules et permet la personnalisation des moules, y compris diff\u00e9rents mod\u00e8les de gommes et dimensions de moules en m\u00e9tal pour s'adapter aux dimensions et exigences sp\u00e9cifiques des produits. Les principaux aspects \u00e0 prendre en compte lors du choix d'une mini-d\u00e9p\u00f4t de petits lots sont l'\u00e9chelle de production, les dimensions du produit, la personnalisation du moule et la facilit\u00e9 de nettoyage.<\/p>\n<p>Transformez le m\u00e9lange sirupeux de gommes en oursons, vers ou formes personnalis\u00e9es parfaitement dos\u00e9s, \u00e0 une vitesse de 3 000 \u00e0 24 000 pi\u00e8ces par heure, tout en \u00e9tant suffisamment compact pour tenir sur un comptoir. La machine peut s'adapter \u00e0 d'autres gammes de poids pour les gommes et les vers. <a title=\"Le guide ultime de la fabrication des bonbons : Des ingr\u00e9dients au processus\" href=\"https:\/\/www.jymachinetech.com\/fr\/the-ultimate-guide-on-how-candy-is-made-from-ingredients-to-process\/\" data-wpil-monitor-id=\"172\" target=\"_blank\">bonbons<\/a>, et de r\u00e9pondre \u00e0 diverses exigences en mati\u00e8re de produits.<\/p>\n<table style=\"min-width: 125px;\">\n<colgroup>\n<col style=\"min-width: 25px;\" \/>\n<col style=\"min-width: 25px;\" \/>\n<col style=\"min-width: 25px;\" \/>\n<col style=\"min-width: 25px;\" \/>\n<col style=\"min-width: 25px;\" \/><\/colgroup>\n<tbody>\n<tr>\n<th colspan=\"1\" rowspan=\"1\"><strong>Mod\u00e8le<\/strong><\/th>\n<th colspan=\"1\" rowspan=\"1\"><strong>20\/20s<\/strong><\/th>\n<th colspan=\"1\" rowspan=\"1\"><strong>30<\/strong><\/th>\n<th colspan=\"1\" rowspan=\"1\"><strong>40\/40s<\/strong><\/th>\n<th colspan=\"1\" rowspan=\"1\"><strong>50s<\/strong><\/th>\n<\/tr>\n<tr>\n<td colspan=\"1\" rowspan=\"1\"><strong>Vitesse<\/strong><\/td>\n<td colspan=\"1\" rowspan=\"1\">10-20pcs\/temps <strong>\uff08By manual\uff09<\/strong><\/td>\n<td colspan=\"1\" rowspan=\"1\">10-20pcs\/temps <strong>\uff08By manual\uff09<\/strong><\/td>\n<td colspan=\"1\" rowspan=\"1\">10-20pcs\/temps <strong>\uff08By Cylinder\uff09<\/strong> 15-20 minutes\/minute<\/td>\n<td colspan=\"1\" rowspan=\"1\">20pcs\/temps <strong>\uff08By Motor\uff09<\/strong> 15-20 minutes\/minute<\/td>\n<\/tr>\n<tr>\n<td colspan=\"1\" rowspan=\"1\"><strong>Taille de la tr\u00e9mie<\/strong><\/td>\n<td colspan=\"1\" rowspan=\"1\"><strong>25L<\/strong><\/td>\n<td colspan=\"1\" rowspan=\"1\"><strong>25L<\/strong><\/td>\n<td colspan=\"1\" rowspan=\"1\"><strong>30L<\/strong><\/td>\n<td colspan=\"1\" rowspan=\"1\"><strong>30L<\/strong><\/td>\n<\/tr>\n<tr>\n<td colspan=\"1\" rowspan=\"1\"><strong>Capacit\u00e9<\/strong><\/td>\n<td colspan=\"1\" rowspan=\"1\">3000-6000pcs\/h<\/td>\n<td colspan=\"1\" rowspan=\"1\">3000-6000pcs\/h<\/td>\n<td colspan=\"1\" rowspan=\"1\">5000-9000pcs\/h<\/td>\n<td colspan=\"1\" rowspan=\"1\">18000-24000pcs\/h<\/td>\n<\/tr>\n<tr>\n<td colspan=\"1\" rowspan=\"1\"><strong>Type de contr\u00f4le<\/strong><\/td>\n<td colspan=\"1\" rowspan=\"1\">Panneau de pied<\/td>\n<td colspan=\"1\" rowspan=\"1\">Cliquez sur Panel<\/td>\n<td colspan=\"1\" rowspan=\"1\">Contr\u00f4le des cylindres<\/td>\n<td colspan=\"1\" rowspan=\"1\">Contr\u00f4le \u00e9lectrique<\/td>\n<\/tr>\n<tr>\n<td colspan=\"1\" rowspan=\"1\"><strong>Type de d\u00e9p\u00f4t<\/strong><\/td>\n<td colspan=\"1\" rowspan=\"1\">Cylindre\/Servo<\/td>\n<td colspan=\"1\" rowspan=\"1\">Servo<\/td>\n<td colspan=\"1\" rowspan=\"1\">Cylindre\/Servo<\/td>\n<td colspan=\"1\" rowspan=\"1\">Servo<\/td>\n<\/tr>\n<tr>\n<td colspan=\"1\" rowspan=\"1\"><strong>Prix<\/strong><\/td>\n<td colspan=\"1\" rowspan=\"1\">$8xxx<\/td>\n<td colspan=\"1\" rowspan=\"1\">$$10xxx<\/td>\n<td colspan=\"1\" rowspan=\"1\">$1xxxx<\/td>\n<td colspan=\"1\" rowspan=\"1\">$1xxxx<\/td>\n<\/tr>\n<\/tbody>\n<\/table>\n<p><em>Note : La vitesse de d\u00e9p\u00f4t est un param\u00e8tre cl\u00e9 pour \u00e9valuer la capacit\u00e9 et l'efficacit\u00e9 de la production.<\/em><\/p>\n<p>Comment choisir\uff1a20-30Mod\u00e8le adapt\u00e9 au d\u00e9veloppement des laboratoires et de la R&amp;D.<\/p>\n<p>40-50Mod\u00e8le adapt\u00e9 aux petites entreprises et \u00e0 la fabrication plus automatique et moins co\u00fbteuse en main d'\u0153uvre.<\/p>\n<p><strong>Mod\u00e8le:20\/20Srevo Lab candy depositor<\/strong><\/p>\n<p>Capacit\u00e9 : 3000-6000pcs\/h<\/p>\n<p>Buses : 20 pi\u00e8ces<\/p>\n<p>Taille de la tr\u00e9mie : 25L<\/p>\n<p>Vitesse:10-20pcs\/time Par panneau de pied<\/p>\n<p>Empreinte au sol : 35\u201d x 35.5\u201d<\/p>\n<p>Table d'op\u00e9ration pliante<\/p>\n<p>Op\u00e9rateurs : 1 \u00e0 2 personnes n\u00e9cessaires<br \/>\n<a href=\"https:\/\/www.jymachinetech.com\/wp-content\/uploads\/2025\/07\/Mini-Gummy-Depositor1.jpg\" target=\"_blank\"><img fetchpriority=\"high\" decoding=\"async\" class=\"alignnone size-full wp-image-7479\" src=\"https:\/\/www.jymachinetech.com\/wp-content\/uploads\/2025\/07\/Mini-Gummy-Depositor1.jpg\" alt=\"\" width=\"800\" height=\"800\" srcset=\"https:\/\/www.jymachinetech.com\/wp-content\/uploads\/2025\/07\/Mini-Gummy-Depositor1.jpg 800w, https:\/\/www.jymachinetech.com\/wp-content\/uploads\/2025\/07\/Mini-Gummy-Depositor1-12x12.jpg 12w, https:\/\/www.jymachinetech.com\/wp-content\/uploads\/2025\/07\/Mini-Gummy-Depositor1-300x300.jpg 300w, https:\/\/www.jymachinetech.com\/wp-content\/uploads\/2025\/07\/Mini-Gummy-Depositor1-600x600.jpg 600w, https:\/\/www.jymachinetech.com\/wp-content\/uploads\/2025\/07\/Mini-Gummy-Depositor1-100x100.jpg 100w\" sizes=\"(max-width: 800px) 100vw, 800px\" \/><\/a><\/p>\n<p><strong>Mod\u00e8le : 30 D\u00e9poseur de bonbons servo<br \/>\n<a href=\"https:\/\/www.jymachinetech.com\/wp-content\/uploads\/2025\/07\/Mini-Gummy-Depositor2.jpg\" target=\"_blank\"><img decoding=\"async\" class=\"alignnone size-full wp-image-7480\" src=\"https:\/\/www.jymachinetech.com\/wp-content\/uploads\/2025\/07\/Mini-Gummy-Depositor2.jpg\" alt=\"\" width=\"800\" height=\"800\" srcset=\"https:\/\/www.jymachinetech.com\/wp-content\/uploads\/2025\/07\/Mini-Gummy-Depositor2.jpg 800w, https:\/\/www.jymachinetech.com\/wp-content\/uploads\/2025\/07\/Mini-Gummy-Depositor2-12x12.jpg 12w, https:\/\/www.jymachinetech.com\/wp-content\/uploads\/2025\/07\/Mini-Gummy-Depositor2-300x300.jpg 300w, https:\/\/www.jymachinetech.com\/wp-content\/uploads\/2025\/07\/Mini-Gummy-Depositor2-600x600.jpg 600w, https:\/\/www.jymachinetech.com\/wp-content\/uploads\/2025\/07\/Mini-Gummy-Depositor2-100x100.jpg 100w\" sizes=\"(max-width: 800px) 100vw, 800px\" \/><\/a><br \/>\n<\/strong><\/p>\n<p>Capacit\u00e9 : 3000-6000pcs\/h<\/p>\n<p>Buses : 20 pi\u00e8ces<\/p>\n<p>Taille de la tr\u00e9mie : 25L<\/p>\n<p>Vitesse:10-20pcs\/time Par panneau de pied<\/p>\n<p>Empreinte au sol : 45\u201d x 35.5\u201d<\/p>\n<p>Fonction de d\u00e9moulage avec plaque de d\u00e9moulage et goupille d'\u00e9jection interchangeables, permettant un d\u00e9moulage rapide des gommes et des bonbons.<\/p>\n<p>Op\u00e9rateurs : 1 \u00e0 2 personnes n\u00e9cessaires<\/p>\n<p><strong>Mod\u00e8le:40\/40 Srevo <a title=\"Petite cha\u00eene de production automatique de machine de d\u00e9p\u00f4t de sucrerie \u00e0 vendre\" href=\"https:\/\/www.jymachinetech.com\/fr\/product\/small-automatic-candy-depositing-machine\/\" data-wpil-monitor-id=\"170\" target=\"_blank\">machine de d\u00e9p\u00f4t de bonbons<\/a><\/strong><\/p>\n<p>Capacit\u00e9 : 5000-9000pcs\/h<\/p>\n<p>Buses : 20 pi\u00e8ces<\/p>\n<p>Taille de la tr\u00e9mie : 30L<\/p>\n<p>Vitesse:10-20pcs\/time Par d\u00e9p\u00f4t par cylindre et capteur photo\u00e9lectrique<\/p>\n<p>Empreinte au sol : 105\u201d x 46\u201d<\/p>\n<p>Le v\u00e9rin pneumatique est utilis\u00e9 pour manipuler efficacement les moules et rationaliser le processus de d\u00e9moulage.<\/p>\n<p>Op\u00e9rateurs : 1 \u00e0 2 personnes n\u00e9cessaires<\/p>\n<p><a href=\"https:\/\/www.jymachinetech.com\/wp-content\/uploads\/2025\/07\/Mini-Gummy-Depositor3.jpg\" target=\"_blank\"><img decoding=\"async\" class=\"alignnone size-full wp-image-7481\" src=\"https:\/\/www.jymachinetech.com\/wp-content\/uploads\/2025\/07\/Mini-Gummy-Depositor3.jpg\" alt=\"\" width=\"800\" height=\"800\" srcset=\"https:\/\/www.jymachinetech.com\/wp-content\/uploads\/2025\/07\/Mini-Gummy-Depositor3.jpg 800w, https:\/\/www.jymachinetech.com\/wp-content\/uploads\/2025\/07\/Mini-Gummy-Depositor3-12x12.jpg 12w, https:\/\/www.jymachinetech.com\/wp-content\/uploads\/2025\/07\/Mini-Gummy-Depositor3-300x300.jpg 300w, https:\/\/www.jymachinetech.com\/wp-content\/uploads\/2025\/07\/Mini-Gummy-Depositor3-600x600.jpg 600w, https:\/\/www.jymachinetech.com\/wp-content\/uploads\/2025\/07\/Mini-Gummy-Depositor3-100x100.jpg 100w\" sizes=\"(max-width: 800px) 100vw, 800px\" \/><\/a><\/p>\n<p><strong>Mod\u00e8le:50Smei-autoamtic candy depositing machine<\/strong><\/p>\n<p><a href=\"https:\/\/www.jymachinetech.com\/wp-content\/uploads\/2025\/07\/Mini-Gummy-Depositor4.jpg\" target=\"_blank\"><img loading=\"lazy\" decoding=\"async\" class=\"alignnone size-full wp-image-7482\" src=\"https:\/\/www.jymachinetech.com\/wp-content\/uploads\/2025\/07\/Mini-Gummy-Depositor4.jpg\" alt=\"\" width=\"800\" height=\"800\" srcset=\"https:\/\/www.jymachinetech.com\/wp-content\/uploads\/2025\/07\/Mini-Gummy-Depositor4.jpg 800w, https:\/\/www.jymachinetech.com\/wp-content\/uploads\/2025\/07\/Mini-Gummy-Depositor4-12x12.jpg 12w, https:\/\/www.jymachinetech.com\/wp-content\/uploads\/2025\/07\/Mini-Gummy-Depositor4-300x300.jpg 300w, https:\/\/www.jymachinetech.com\/wp-content\/uploads\/2025\/07\/Mini-Gummy-Depositor4-600x600.jpg 600w, https:\/\/www.jymachinetech.com\/wp-content\/uploads\/2025\/07\/Mini-Gummy-Depositor4-100x100.jpg 100w\" sizes=\"(max-width: 800px) 100vw, 800px\" \/><\/a><\/p>\n<p>Capacit\u00e9 : 18000-24000pcs\/h<\/p>\n<p>Buses : 20 pi\u00e8ces<\/p>\n<p>Taille de la tr\u00e9mie : 30L<\/p>\n<p>Vitesse:10-20pcs\/temps Moules fix\u00e9s sur la cha\u00eene et d\u00e9p\u00f4t du capteur photo\u00e9lectrique<\/p>\n<p>Empreinte au sol : 135\u201d x 46\u201d<\/p>\n<p>Le v\u00e9rin pneumatique est utilis\u00e9 pour manipuler efficacement les moules et rationaliser le processus de d\u00e9moulage.<\/p>\n<p>Op\u00e9rateurs : 1 \u00e0 2 personnes n\u00e9cessaires<\/p>\n<h3>Introduction \u00e0 la production de chewing-gums<\/h3>\n<p>La production de gommes est un processus sp\u00e9cialis\u00e9 dans l'industrie de la confiserie, qui englobe un large \u00e9ventail de produits. <a title=\"Quel est le r\u00f4le de la g\u00e9latine dans le processus de production des oursons gommeux ?\" href=\"https:\/\/www.jymachinetech.com\/fr\/how-is-biscuit-made-in-factories-7\/\" data-wpil-monitor-id=\"174\" target=\"_blank\">les produits tels que les oursons g\u00e9lifi\u00e9s<\/a>, Les gommes \u00e0 m\u00e2cher peuvent \u00eatre utilis\u00e9es pour la fabrication de bonbons, de sucettes et de compl\u00e9ments alimentaires innovants \u00e0 base de gomme. L'obtention d'une forme, d'une taille et d'un poids homog\u00e8nes pour chaque pi\u00e8ce est cruciale pour l'attrait du produit et la conformit\u00e9 \u00e0 la r\u00e9glementation. Pour les entreprises qui travaillent dans des environnements de production \u00e0 faible rendement ou qui d\u00e9butent, la pr\u00e9cision et l'efficacit\u00e9 sont essentielles. C'est l\u00e0 qu'un <a title=\"Mini doseuse de bonbons : 10-24 kg\/heure 12 kg\/heure 2-8 g\" href=\"https:\/\/www.jymachinetech.com\/fr\/product\/mini-candy-depositor\/\" data-wpil-monitor-id=\"171\" target=\"_blank\">mini-d\u00e9p\u00f4t de bonbons<\/a> devient inestimable. Con\u00e7ues sp\u00e9cialement pour la production de gommes, ces machines offrent une grande efficacit\u00e9 de production et sont capables de produire jusqu'\u00e0 18 000 pi\u00e8ces par heure, m\u00eame en petites s\u00e9ries. Gr\u00e2ce \u00e0 leur adaptabilit\u00e9, elles conviennent \u00e0 une grande vari\u00e9t\u00e9 de produits de confiserie, ce qui permet aux entreprises de produire des bonbons et des gommes avec la pr\u00e9cision et la coh\u00e9rence n\u00e9cessaires pour r\u00e9ussir sur le march\u00e9 concurrentiel d'aujourd'hui.<\/p>\n<h3>Le Mini Gummy Depositor : La pr\u00e9cision \u00e0 petite \u00e9chelle<\/h3>\n<p>Le mini-d\u00e9p\u00f4t de gommes est une solution compacte et semi-automatique pour la production pr\u00e9cise de gommes, de chocolats et d'autres produits de confiserie. Dot\u00e9 d'une interface conviviale \u00e0 \u00e9cran tactile, l'op\u00e9rateur peut facilement personnaliser et stocker jusqu'\u00e0 65 recettes, ce qui garantit la flexibilit\u00e9 n\u00e9cessaire pour r\u00e9pondre aux diff\u00e9rentes exigences en mati\u00e8re de produits. Qu'il s'agisse de produire des gommes \u00e0 la g\u00e9latine ou \u00e0 la pectine, des bonbons ou du chocolat, les 10 buses de la machine garantissent une distribution uniforme et constante. Le double r\u00e9glage de la temp\u00e9rature optimise encore le processus, en s'adaptant aux besoins sp\u00e9cifiques de chaque lot. Pour les petites entreprises qui souhaitent maximiser le rendement et maintenir la qualit\u00e9 de leur ligne de production, le mini-d\u00e9p\u00f4t de gommes est un \u00e9quipement essentiel qui allie contr\u00f4le, efficacit\u00e9 et polyvalence.<\/p>\n<h3>Principales caract\u00e9ristiques et avantages<\/h3>\n<p>Le mini-d\u00e9p\u00f4t de bonbons est con\u00e7u pour \u00eatre efficace et adaptable, ce qui en fait un investissement judicieux pour les entreprises ayant des besoins de production diversifi\u00e9s. Son encombrement r\u00e9duit et son fonctionnement semi-automatique rationalisent le processus de production, en r\u00e9duisant la main-d'\u0153uvre n\u00e9cessaire et en minimisant le temps d'installation. Le syst\u00e8me de distribution pr\u00e9cis garantit un remplissage constant, ce qui se traduit par une qualit\u00e9 de produit uniforme et des taux de rebut n\u00e9gligeables. La polyvalence est un autre avantage d\u00e9cisif : le d\u00e9poseur s'adapte \u00e0 diff\u00e9rents types de plateaux et \u00e0 des tailles d'injection de 1 \u00e0 7 grammes, et la deuxi\u00e8me tr\u00e9mie optionnelle (d'une capacit\u00e9 de 30 litres) permet de produire des produits remplis au centre ou des gommes multicolores. Cette flexibilit\u00e9 permet de changer rapidement de produit, ce qui aide les entreprises \u00e0 r\u00e9pondre \u00e0 l'\u00e9volution des demandes du march\u00e9 tout en maintenant une efficacit\u00e9 de production \u00e9lev\u00e9e.<\/p>\n<h3>Production de bonbons durs : \u00c9largir les possibilit\u00e9s<\/h3>\n<p>Au-del\u00e0 de la production de bonbons g\u00e9lifi\u00e9s, le mini-d\u00e9p\u00f4t de bonbons ouvre de nouvelles perspectives pour la cr\u00e9ation de bonbons durs, y compris les sucettes et les caramels. Son syst\u00e8me de distribution avanc\u00e9 et ses contr\u00f4les de temp\u00e9rature pr\u00e9cis garantissent un dosage exact des ingr\u00e9dients actifs et un remplissage constant, ce qui est essentiel pour la qualit\u00e9 et la conformit\u00e9. L'utilisation de moules m\u00e9talliques et de moules en aluminium recouverts de t\u00e9flon permet un d\u00e9moulage rapide et une manipulation ais\u00e9e, ce qui simplifie le processus de d\u00e9moulage. Capable de produire jusqu'\u00e0 5 000 bonbons durs par heure, cette machine est id\u00e9ale pour la production de petits lots, permettant aux entreprises de diversifier leur offre de produits avec un investissement suppl\u00e9mentaire minimal. Que vous cherchiez \u00e0 produire des sucettes classiques ou des friandises au caramel innovantes, le mini-d\u00e9p\u00f4t de bonbons offre le contr\u00f4le et l'efficacit\u00e9 n\u00e9cessaires pour r\u00e9ussir.<\/p>\n<h3>Int\u00e9gration \u00e0 la cha\u00eene de production<\/h3>\n<p>Int\u00e9grer le mini <a title=\"Ligne de production de guimauves | Machine et \u00e9quipement de production de guimauves\" href=\"https:\/\/www.jymachinetech.com\/fr\/product\/marshmallow-processing-line\/\" data-wpil-monitor-id=\"173\" target=\"_blank\">le d\u00e9poseur de bonbons dans votre ligne de production existante<\/a> est simple, gr\u00e2ce \u00e0 sa conception compacte et \u00e0 ses caract\u00e9ristiques flexibles. Le syst\u00e8me de transport par convoyeur et le syst\u00e8me de chariot de refroidissement s'int\u00e8grent parfaitement, assurant un flux de travail fluide et efficace de la d\u00e9pose au refroidissement. Les commandes PLC avanc\u00e9es et l'\u00e9cran HMI intuitif offrent aux op\u00e9rateurs un contr\u00f4le soutenu et un dosage pr\u00e9cis des ingr\u00e9dients actifs, ce qui permet d'obtenir une qualit\u00e9 de produit constante d'un lot \u00e0 l'autre. La capacit\u00e9 de la machine \u00e0 g\u00e9rer diff\u00e9rents types de plateaux et \u00e0 s'adapter \u00e0 diff\u00e9rents besoins de production en fait un atout pr\u00e9cieux pour les entreprises soucieuses d'am\u00e9liorer l'efficacit\u00e9 de leur production et de minimiser les temps de pr\u00e9paration. Gr\u00e2ce \u00e0 ces capacit\u00e9s, la mini-d\u00e9p\u00f4t de bonbons contribue \u00e0 rationaliser les op\u00e9rations et \u00e0 soutenir la croissance \u00e9volutive de la fabrication de confiseries.<\/p>","protected":false},"excerpt":{"rendered":"<p>Avec un dosage pr\u00e9cis, des changements rapides et des commandes conviviales, ces mini-doseurs de petits lots sont parfaits pour la recherche, le d\u00e9veloppement de produits et le marketing d'essai des gommes, des gel\u00e9es, des bonbons durs, des sucettes, des produits unicolores, des produits de sant\u00e9 tels que les compl\u00e9ments alimentaires \u00e0 base de gommes, et bien plus encore. La conception compacte optimise l'espace, tandis que les surfaces de contact SUS316 et le cadre SUS304 garantissent l'hygi\u00e8ne et la durabilit\u00e9. Augmentez facilement votre production avec des r\u00e9sultats constants et un effort d'installation minimal. Le mini-d\u00e9p\u00f4t de gommes est id\u00e9al pour les petites entreprises et les start-ups qui cherchent \u00e0 d\u00e9velopper leur activit\u00e9 de confiserie. Il prend en charge une large gamme de moules et permet la personnalisation des moules, y compris diff\u00e9rents mod\u00e8les de gommes et dimensions de moules en m\u00e9tal pour s'adapter aux dimensions et exigences sp\u00e9cifiques des produits. Les principaux aspects \u00e0 prendre en compte lors du choix d'une mini-d\u00e9p\u00f4t de petits lots sont l'\u00e9chelle de production, les dimensions du produit, la personnalisation du moule et la facilit\u00e9 de nettoyage.<\/p>","protected":false},"featured_media":7481,"comment_status":"closed","ping_status":"closed","template":"","meta":[],"product_brand":[],"product_cat":[16],"product_tag":[201],"class_list":{"0":"post-7472","1":"product","2":"type-product","3":"status-publish","4":"has-post-thumbnail","6":"product_cat-candy-machine","7":"product_tag-mini-gummy-depositor","9":"first","10":"instock","11":"shipping-taxable","12":"product-type-simple"},"_links":{"self":[{"href":"https:\/\/www.jymachinetech.com\/fr\/wp-json\/wp\/v2\/product\/7472","targetHints":{"allow":["GET"]}}],"collection":[{"href":"https:\/\/www.jymachinetech.com\/fr\/wp-json\/wp\/v2\/product"}],"about":[{"href":"https:\/\/www.jymachinetech.com\/fr\/wp-json\/wp\/v2\/types\/product"}],"replies":[{"embeddable":true,"href":"https:\/\/www.jymachinetech.com\/fr\/wp-json\/wp\/v2\/comments?post=7472"}],"version-history":[{"count":6,"href":"https:\/\/www.jymachinetech.com\/fr\/wp-json\/wp\/v2\/product\/7472\/revisions"}],"predecessor-version":[{"id":7486,"href":"https:\/\/www.jymachinetech.com\/fr\/wp-json\/wp\/v2\/product\/7472\/revisions\/7486"}],"wp:featuredmedia":[{"embeddable":true,"href":"https:\/\/www.jymachinetech.com\/fr\/wp-json\/wp\/v2\/media\/7481"}],"wp:attachment":[{"href":"https:\/\/www.jymachinetech.com\/fr\/wp-json\/wp\/v2\/media?parent=7472"}],"wp:term":[{"taxonomy":"product_brand","embeddable":true,"href":"https:\/\/www.jymachinetech.com\/fr\/wp-json\/wp\/v2\/product_brand?post=7472"},{"taxonomy":"product_cat","embeddable":true,"href":"https:\/\/www.jymachinetech.com\/fr\/wp-json\/wp\/v2\/product_cat?post=7472"},{"taxonomy":"product_tag","embeddable":true,"href":"https:\/\/www.jymachinetech.com\/fr\/wp-json\/wp\/v2\/product_tag?post=7472"}],"curies":[{"name":"wp","href":"https:\/\/api.w.org\/{rel}","templated":true}]}}