{"id":6914,"date":"2025-07-09T02:44:24","date_gmt":"2025-07-09T02:44:24","guid":{"rendered":"https:\/\/www.jymachinetech.com\/?post_type=product&#038;p=6914"},"modified":"2025-07-25T06:04:47","modified_gmt":"2025-07-25T06:04:47","slug":"dorayaki-cake-production-line2000pcs-h-4000pcs-h-5000pcs-h-6000pcs-h-8000pcs-h","status":"publish","type":"product","link":"https:\/\/www.jymachinetech.com\/fr\/product\/dorayaki-cake-production-line2000pcs-h-4000pcs-h-5000pcs-h-6000pcs-h-8000pcs-h\/","title":{"rendered":"Ligne de production de g\u00e2teaux Dorayaki:2000(Pcs\/H) 4000(Pcs\/H) 5000(Pcs\/H) 6000(Pcs\/H) 8000(Pcs\/H)"},"content":{"rendered":"<p>&nbsp;<\/p>\n<p><a href=\"https:\/\/www.jymachinetech.com\/wp-content\/uploads\/2025\/07\/photobank.jpg\" target=\"_blank\"><img fetchpriority=\"high\" decoding=\"async\" class=\"alignnone size-full wp-image-6918\" src=\"https:\/\/www.jymachinetech.com\/wp-content\/uploads\/2025\/07\/photobank.jpg\" alt=\"\" width=\"800\" height=\"662\" srcset=\"https:\/\/www.jymachinetech.com\/wp-content\/uploads\/2025\/07\/photobank.jpg 800w, https:\/\/www.jymachinetech.com\/wp-content\/uploads\/2025\/07\/photobank-15x12.jpg 15w, https:\/\/www.jymachinetech.com\/wp-content\/uploads\/2025\/07\/photobank-600x497.jpg 600w\" sizes=\"(max-width: 800px) 100vw, 800px\" \/><\/a><\/p>\n<table>\n<tbody>\n<tr>\n<td width=\"295\">Mod\u00e8le de voiture<\/td>\n<td width=\"100\">400<\/td>\n<td width=\"124\">800<\/td>\n<td width=\"120\">1000<\/td>\n<td width=\"124\">1200<\/td>\n<td width=\"126\">1600<\/td>\n<\/tr>\n<tr>\n<td width=\"295\">\u4ea7\u80fdCapacit\u00e9(\u03c690mmpcs\/h)<\/td>\n<td width=\"100\">2000<\/td>\n<td width=\"124\">4000<\/td>\n<td width=\"120\">5000<\/td>\n<td width=\"124\">6000<\/td>\n<td width=\"126\">8000<\/td>\n<\/tr>\n<tr>\n<td width=\"295\">\u6c14\u7089Four \u00e0 gaz (m\u00b3\/h)<\/td>\n<td width=\"100\">10<\/td>\n<td width=\"124\">12<\/td>\n<td width=\"120\">15<\/td>\n<td width=\"124\">20<\/td>\n<td width=\"126\">24<\/td>\n<\/tr>\n<tr>\n<td width=\"295\">\u7528\u7535\u91cfConsommation \u00e9lectrique (Kw\/h)<\/td>\n<td width=\"100\">18<\/td>\n<td width=\"124\">20<\/td>\n<td width=\"120\">25<\/td>\n<td width=\"124\">30<\/td>\n<td width=\"126\">35.5<\/td>\n<\/tr>\n<\/tbody>\n<\/table>\n<p>1,Capacit\u00e9 : 2000pcs-8000pcs\/h ;<br \/>\n2,Mod\u00e8le de machine : JY400 - JY1600<br \/>\n3,Nom de la machine : Ligne de production automatique de g\u00e2teaux dorayaki<br \/>\n4,\u00c9tape de traitement : m\u00e9lange - formation - cuisson - d\u00e9placement - d\u00e9p\u00f4t - refroidissement - rotation \u00e0 vitesse rapide et lente - remplissage - empilage - combinaison - transport par UV - emballage<br \/>\n5,Mati\u00e8res premi\u00e8res principales:sucre,farine,glucose,eau,\u0153uf,chocolat,lait en poudre,ar\u00f4me,couleur<br \/>\n6. Espace d'atelier requis : plus de 200 m\u00e8tres carr\u00e9s<br \/>\n7. Espace de l'atelier de fabrication des produits finis : plus de 100 m\u00e8tres carr\u00e9s.<br \/>\n8. surface de l'atelier de mati\u00e8res premi\u00e8res : plus de 100 m\u00e8tres carr\u00e9s<br \/>\n9. travailleurs pour chaque \u00e9quipe : 10-15 personnes<br \/>\n<a href=\"https:\/\/www.jymachinetech.com\/wp-content\/uploads\/2025\/07\/\u5fae\u4fe1\u56fe\u7247_20240306162620.jpg\" target=\"_blank\"><img decoding=\"async\" class=\"alignnone wp-image-6924\" src=\"https:\/\/www.jymachinetech.com\/wp-content\/uploads\/2025\/07\/\u5fae\u4fe1\u56fe\u7247_20240306162620.jpg\" alt=\"\" width=\"484\" height=\"336\" srcset=\"https:\/\/www.jymachinetech.com\/wp-content\/uploads\/2025\/07\/\u5fae\u4fe1\u56fe\u7247_20240306162620.jpg 1001w, https:\/\/www.jymachinetech.com\/wp-content\/uploads\/2025\/07\/\u5fae\u4fe1\u56fe\u7247_20240306162620-18x12.jpg 18w, https:\/\/www.jymachinetech.com\/wp-content\/uploads\/2025\/07\/\u5fae\u4fe1\u56fe\u7247_20240306162620-600x416.jpg 600w\" sizes=\"(max-width: 484px) 100vw, 484px\" \/><\/a><\/p>\n<p><b>COMMENT PR\u00c9PARER LE DORAYAKI C<\/b><b>AKES<\/b><\/p>\n<p><img decoding=\"async\" class=\"alignnone size-large wp-image-6922\" src=\"https:\/\/www.jymachinetech.com\/wp-content\/uploads\/2025\/07\/\u94dc\u9523\u70e7\u6b65\u9aa41-1024x744.png\" alt=\"\" width=\"800\" height=\"581\"><br \/>\nLes syst\u00e8mes de g\u00e2teaux Dorayaki sont compos\u00e9s de deux machines reli\u00e9es entre elles. La plaque de cuisson et la machine \u00e0 sandwich fonctionnent ind\u00e9pendamment l'une de l'autre, mais sont enti\u00e8rement synchronis\u00e9es.<br \/>\n\u200b<a href=\"https:\/\/www.jymachinetech.com\/wp-content\/uploads\/2025\/07\/photobank-1-e1752028647447.jpg\" target=\"_blank\"><img loading=\"lazy\" decoding=\"async\" class=\"alignnone wp-image-6923\" src=\"https:\/\/www.jymachinetech.com\/wp-content\/uploads\/2025\/07\/photobank-1-e1752028647447.jpg\" alt=\"\" width=\"654\" height=\"497\" srcset=\"https:\/\/www.jymachinetech.com\/wp-content\/uploads\/2025\/07\/photobank-1-e1752028647447.jpg 800w, https:\/\/www.jymachinetech.com\/wp-content\/uploads\/2025\/07\/photobank-1-e1752028647447-16x12.jpg 16w, https:\/\/www.jymachinetech.com\/wp-content\/uploads\/2025\/07\/photobank-1-e1752028647447-600x456.jpg 600w\" sizes=\"(max-width: 654px) 100vw, 654px\" \/><\/a><br \/>\nPour la cuisson, nous utilisons une plaque de cuivre renforc\u00e9e. L'extraordinaire capacit\u00e9 de r\u00e9tention de la chaleur permet d'obtenir une surface de cr\u00eapes tr\u00e8s lisse. Le gaz et l'\u00e9lectricit\u00e9 peuvent \u00eatre utilis\u00e9s comme source de chaleur pour la cuisson des produits. En modifiant la vitesse de la plaque et la position du d\u00e9poseur, le temps de cuisson peut \u00eatre ajust\u00e9. Le syst\u00e8me de production de cr\u00eapes est \u00e9quip\u00e9 d'un \u00e9l\u00e9ment chauffant qui cuit la cr\u00eape par le haut avant de la retourner. Les positions de l'\u00e9l\u00e9ment chauffant et de la pince peuvent \u00e9galement \u00eatre ajust\u00e9es pour s'adapter \u00e0 diff\u00e9rentes recettes. Sous la machine de production de dorayaki, les d\u00e9bris sont enlev\u00e9s des plaques de cuisson et de l'huile est appliqu\u00e9e pour s'assurer que les cr\u00eapes se d\u00e9tachent correctement.<\/p>\n<p><a href=\"https:\/\/www.jymachinetech.com\/wp-content\/uploads\/2025\/07\/\u5fae\u4fe1\u56fe\u7247_20240306162643.jpg\" target=\"_blank\"><img loading=\"lazy\" decoding=\"async\" class=\"alignnone wp-image-6925\" src=\"https:\/\/www.jymachinetech.com\/wp-content\/uploads\/2025\/07\/\u5fae\u4fe1\u56fe\u7247_20240306162643.jpg\" alt=\"\" width=\"374\" height=\"217\" srcset=\"https:\/\/www.jymachinetech.com\/wp-content\/uploads\/2025\/07\/\u5fae\u4fe1\u56fe\u7247_20240306162643.jpg 612w, https:\/\/www.jymachinetech.com\/wp-content\/uploads\/2025\/07\/\u5fae\u4fe1\u56fe\u7247_20240306162643-18x10.jpg 18w, https:\/\/www.jymachinetech.com\/wp-content\/uploads\/2025\/07\/\u5fae\u4fe1\u56fe\u7247_20240306162643-600x347.jpg 600w\" sizes=\"(max-width: 374px) 100vw, 374px\" \/><\/a><a href=\"https:\/\/www.jymachinetech.com\/wp-content\/uploads\/2025\/07\/8b2d6756fc339850d1a68d3886343ca-scaled.jpg\" target=\"_blank\"><img loading=\"lazy\" decoding=\"async\" class=\"alignnone wp-image-6920\" src=\"https:\/\/www.jymachinetech.com\/wp-content\/uploads\/2025\/07\/8b2d6756fc339850d1a68d3886343ca-1024x683.jpg\" alt=\"\" width=\"332\" height=\"221\"><\/a><\/p>\n<p>&nbsp;<\/p>\n<p>La machine \u00e0 sandwichs aligne d'abord les produits provenant de la machine \u00e0 cr\u00eapes, puis retourne la moiti\u00e9 des rang\u00e9es de cr\u00eapes pour y appliquer la garniture. L'autre rang\u00e9e de cr\u00eapes n'est pas retourn\u00e9e, elle reste face vers le haut pour permettre l'impression. Enfin, la cr\u00eape est pr\u00eate pour le sandwich et sera scell\u00e9e pour conserver la garniture. L'unit\u00e9 de scellage peut soit fermer la cr\u00eape en gardant la garniture \u00e0 l'int\u00e9rieur, soit simplement la prendre en sandwich en laissant les bords ouverts.<\/p>\n<p>&nbsp;<\/p>","protected":false},"excerpt":{"rendered":"<p>&nbsp; \u578b\u53f7Mod\u00e8le 400 800 1000 1200 1600 \u4ea7\u80fdCapacit\u00e9(\u03c690mmpcs\/h) 2000 4000 5000 6000 8000 \u6c14\u7089Four \u00e0 gaz(m\u00b3\/h) 10 12 15 20 24 \u7528\u7535\u91cfConsommation \u00e9lectrique(Kw\/h) 18 20 25 30 35.5 1,Capacit\u00e9 : 2000pcs-8000pcs\/h ; 2,Mod\u00e8le de machine : JY400 - JY1600 3,Nom de la machine : Ligne de production automatique de g\u00e2teaux dorayaki 4,Etape de traitement:m\u00e9lange -formage -cuisson- d\u00e9placement- d\u00e9pose -refroidissement- rotation rapide et lente-remplissage -empilage -combinaison-transport UV-emballage 5,Mati\u00e8res premi\u00e8res principales [...]<\/p>","protected":false},"featured_media":6924,"comment_status":"open","ping_status":"closed","template":"","meta":[],"product_brand":[],"product_cat":[96,15],"product_tag":[],"class_list":{"0":"post-6914","1":"product","2":"type-product","3":"status-publish","4":"has-post-thumbnail","6":"product_cat-cake-machine","7":"product_cat-bakery-equipment","9":"first","10":"instock","11":"shipping-taxable","12":"product-type-simple"},"_links":{"self":[{"href":"https:\/\/www.jymachinetech.com\/fr\/wp-json\/wp\/v2\/product\/6914","targetHints":{"allow":["GET"]}}],"collection":[{"href":"https:\/\/www.jymachinetech.com\/fr\/wp-json\/wp\/v2\/product"}],"about":[{"href":"https:\/\/www.jymachinetech.com\/fr\/wp-json\/wp\/v2\/types\/product"}],"replies":[{"embeddable":true,"href":"https:\/\/www.jymachinetech.com\/fr\/wp-json\/wp\/v2\/comments?post=6914"}],"version-history":[{"count":2,"href":"https:\/\/www.jymachinetech.com\/fr\/wp-json\/wp\/v2\/product\/6914\/revisions"}],"predecessor-version":[{"id":6928,"href":"https:\/\/www.jymachinetech.com\/fr\/wp-json\/wp\/v2\/product\/6914\/revisions\/6928"}],"wp:featuredmedia":[{"embeddable":true,"href":"https:\/\/www.jymachinetech.com\/fr\/wp-json\/wp\/v2\/media\/6924"}],"wp:attachment":[{"href":"https:\/\/www.jymachinetech.com\/fr\/wp-json\/wp\/v2\/media?parent=6914"}],"wp:term":[{"taxonomy":"product_brand","embeddable":true,"href":"https:\/\/www.jymachinetech.com\/fr\/wp-json\/wp\/v2\/product_brand?post=6914"},{"taxonomy":"product_cat","embeddable":true,"href":"https:\/\/www.jymachinetech.com\/fr\/wp-json\/wp\/v2\/product_cat?post=6914"},{"taxonomy":"product_tag","embeddable":true,"href":"https:\/\/www.jymachinetech.com\/fr\/wp-json\/wp\/v2\/product_tag?post=6914"}],"curies":[{"name":"wp","href":"https:\/\/api.w.org\/{rel}","templated":true}]}}