{"id":5031,"date":"2025-05-20T01:40:09","date_gmt":"2025-05-20T01:40:09","guid":{"rendered":"https:\/\/www.jymachinetech.com\/?post_type=product&#038;p=5031"},"modified":"2025-07-25T06:05:05","modified_gmt":"2025-07-25T06:05:05","slug":"compressed-biscuit-bar-production-line","status":"publish","type":"product","link":"https:\/\/www.jymachinetech.com\/fr\/product\/compressed-biscuit-bar-production-line\/","title":{"rendered":"Ligne de production de barres de biscuits compress\u00e9s\u00a0: 2\u00a0880 \u00e0 7\u00a0680\u00a0pi\u00e8ces\/h, 5\u00a0760 \u00e0 15\u00a0360\u00a0pi\u00e8ces\/h"},"content":{"rendered":"<p>Le biscuit dur est un type de biscuit \u00e0 longue conservation, g\u00e9n\u00e9ralement utilis\u00e9 pour l'arm\u00e9e et les interventions d'urgence. Les fabricants de biscuits r\u00e9-pressent souvent les biscuits cass\u00e9s pour \u00e9conomiser des mat\u00e9riaux, ou ils peuvent \u00e9craser le biscuit press\u00e9, puis le presser \u00e0 nouveau et emballer les biscuits avant de les vendre. Ce qui distingue Junyu des autres fabricants, c'est que nous pouvons automatiser l'\u00e9quipement en arri\u00e8re-plan tel que l'emballage sous vide. Principe de la machine : La premi\u00e8re \u00e9tape est similaire \u00e0 celle de la formation et de la cuisson des biscuits, puis les biscuits seront \u00e9cras\u00e9s et compress\u00e9s en diff\u00e9rentes formes par une machine de compression de biscuits, puis emball\u00e9s sous vide.<\/p>\n<h2><strong>Caract\u00e9ristiques techniques et avantages<\/strong><\/h2>\n<table>\n<tbody>\n<tr>\n<td>Mod\u00e8le<\/td>\n<td>JY4*4<\/td>\n<td>JY4*8<\/td>\n<\/tr>\n<tr>\n<td>Capacit\u00e9<\/td>\n<td>2880-7680(pcs\/h)<\/td>\n<td>5760-15360(pcs\/h)<\/td>\n<\/tr>\n<tr>\n<td>Pression maximale<\/td>\n<td>180-250(kg\/cm\u00b2)<\/td>\n<td>200-450(kg\/cm\u00b2)<\/td>\n<\/tr>\n<tr>\n<td>Diam\u00e8tre maximal de la tablette<\/td>\n<td>40\u00d780(mm)<\/td>\n<td>40\u00d780(mm)<\/td>\n<\/tr>\n<tr>\n<td>Profondeur maximale de remplissage<\/td>\n<td>20-40(mm)<\/td>\n<td>20-40(mm)<\/td>\n<\/tr>\n<tr>\n<td>\u00c9paisseur maximale<\/td>\n<td>10-30(mm)<\/td>\n<td>10-30(mm)<\/td>\n<\/tr>\n<tr>\n<td>Diam\u00e8tre de travail maximal<\/td>\n<td>960(mm)<\/td>\n<td>960(mm)<\/td>\n<\/tr>\n<tr>\n<td>Vitesse du plateau tournant<\/td>\n<td>3-8(rpm)<\/td>\n<td>3-8(rpm)<\/td>\n<\/tr>\n<tr>\n<td>Puissance du moteur principal<\/td>\n<td>11KW<\/td>\n<td>15KW<\/td>\n<\/tr>\n<tr>\n<td>Dimensions globales<\/td>\n<td>1900x1260x1960(mm)<\/td>\n<td>2200x1300x2000(mm)<\/td>\n<\/tr>\n<\/tbody>\n<\/table>\n<p>La ligne de production de biscuits comprim\u00e9s est un syst\u00e8me enti\u00e8rement automatis\u00e9 con\u00e7u pour une production efficace et de haute qualit\u00e9. Voici un aper\u00e7u d\u00e9taill\u00e9 du processus :<\/p>\n<h2><strong>Pr\u00e9paration des mati\u00e8res premi\u00e8res<\/strong><\/h2>\n<p><img fetchpriority=\"high\" decoding=\"async\" width=\"707\" height=\"788\" class=\"wp-image-5032\" src=\"https:\/\/www.jymachinetech.com\/wp-content\/uploads\/2025\/05\/bb75ab052b9a1aaa1f1b0ec8491bea2.png\" alt=\"bb75ab052b9a1aaa1f1b0ec8491bea2\" srcset=\"https:\/\/www.jymachinetech.com\/wp-content\/uploads\/2025\/05\/bb75ab052b9a1aaa1f1b0ec8491bea2.png 707w, https:\/\/www.jymachinetech.com\/wp-content\/uploads\/2025\/05\/bb75ab052b9a1aaa1f1b0ec8491bea2-11x12.png 11w, https:\/\/www.jymachinetech.com\/wp-content\/uploads\/2025\/05\/bb75ab052b9a1aaa1f1b0ec8491bea2-600x669.png 600w\" sizes=\"(max-width: 707px) 100vw, 707px\" \/><\/p>\n<p><strong><strong>Biscuits \u00e9cras\u00e9s<\/strong><\/strong>: Les biscuits pr\u00e9-cuits sont \u00e9cras\u00e9s en petits morceaux \u00e0 l'aide d'une machine d\u00e9di\u00e9e \u00e0 l'\u00e9crasement. Cette \u00e9tape garantit la bonne taille des particules pour le m\u00e9lange et la compression ult\u00e9rieurs.<\/p>\n<p><strong><strong>Autres ingr\u00e9dients<\/strong><\/strong>: Des ingr\u00e9dients tels que la poudre de sucre, les noix, les fruits secs, la poudre de lait et l'huile v\u00e9g\u00e9tale sont pr\u00e9par\u00e9s et pr\u00eats \u00e0 \u00eatre m\u00e9lang\u00e9s avec les biscuits \u00e9cras\u00e9s.<\/p>\n<p>Junyu dispose \u00e9galement de machines automatiques de fa\u00e7onnage de biscuits.<\/p>\n<h2><strong>M\u00e9lange<\/strong><\/h2>\n<p><img decoding=\"async\" width=\"1853\" height=\"1920\" class=\"wp-image-5033\" src=\"https:\/\/www.jymachinetech.com\/wp-content\/uploads\/2025\/05\/unnamed-file-1-scaled.jpeg\" alt=\"Image de la machine \u00e0 p\u00e9trir_ copie\" srcset=\"https:\/\/www.jymachinetech.com\/wp-content\/uploads\/2025\/05\/unnamed-file-1-scaled.jpeg 1853w, https:\/\/www.jymachinetech.com\/wp-content\/uploads\/2025\/05\/unnamed-file-1-scaled-12x12.jpeg 12w, https:\/\/www.jymachinetech.com\/wp-content\/uploads\/2025\/05\/unnamed-file-1-scaled-600x622.jpeg 600w\" sizes=\"(max-width: 1853px) 100vw, 1853px\" \/><\/p>\n<p><strong><strong>Processus de m\u00e9lange<\/strong><\/strong>: Les biscuits \u00e9cras\u00e9s et autres ingr\u00e9dients sont soigneusement m\u00e9lang\u00e9s dans une machine de m\u00e9lange sp\u00e9cialis\u00e9e pour assurer un m\u00e9lange homog\u00e8ne. Cette \u00e9tape est cruciale pour obtenir une qualit\u00e9 et une saveur constantes du produit.<\/p>\n<h2><strong>3. Compression et fa\u00e7onnage<\/strong><\/h2>\n<p><strong><strong>M\u00e9canisme de compression<\/strong><\/strong>: Le m\u00e9lange est introduit dans une machine de compression \u00e9quip\u00e9e de syst\u00e8mes hydrauliques ou pneumatiques. La machine compresse le m\u00e9lange dans la forme et la taille souhait\u00e9es \u00e0 l'aide de moules con\u00e7us sur mesure. Cela garantit que les biscuits ont une apparence et une texture uniformes.<\/p>\n<h2><strong><img decoding=\"async\" width=\"1920\" height=\"1440\" class=\"wp-image-5034\" src=\"https:\/\/www.jymachinetech.com\/wp-content\/uploads\/2025\/05\/52c30de17a88010531fad10108e9d1a-scaled.jpeg\" alt=\"52c30de17a88010531fad10108e9d1a\" srcset=\"https:\/\/www.jymachinetech.com\/wp-content\/uploads\/2025\/05\/52c30de17a88010531fad10108e9d1a-scaled.jpeg 1920w, https:\/\/www.jymachinetech.com\/wp-content\/uploads\/2025\/05\/52c30de17a88010531fad10108e9d1a-scaled-16x12.jpeg 16w, https:\/\/www.jymachinetech.com\/wp-content\/uploads\/2025\/05\/52c30de17a88010531fad10108e9d1a-scaled-600x450.jpeg 600w\" sizes=\"(max-width: 1920px) 100vw, 1920px\" \/><\/strong><\/h2>\n<h2><strong> Emballage<\/strong><\/h2>\n<p><img loading=\"lazy\" decoding=\"async\" width=\"1920\" height=\"1920\" class=\"wp-image-5035\" src=\"https:\/\/www.jymachinetech.com\/wp-content\/uploads\/2025\/05\/x-22-8-26-img_e3757-jpgimg_e3757-scaled.jpeg\" alt=\"X:\\\u963f\u8d35\\22.8.26\u5957\u888b\u673a+\u5c0f\u771f\u7a7a\\\u5927\u56fe\\IMG_E3757.JPGIMG_E3757\" srcset=\"https:\/\/www.jymachinetech.com\/wp-content\/uploads\/2025\/05\/x-22-8-26-img_e3757-jpgimg_e3757-scaled.jpeg 1920w, https:\/\/www.jymachinetech.com\/wp-content\/uploads\/2025\/05\/x-22-8-26-img_e3757-jpgimg_e3757-scaled-12x12.jpeg 12w, https:\/\/www.jymachinetech.com\/wp-content\/uploads\/2025\/05\/x-22-8-26-img_e3757-jpgimg_e3757-scaled-300x300.jpeg 300w, https:\/\/www.jymachinetech.com\/wp-content\/uploads\/2025\/05\/x-22-8-26-img_e3757-jpgimg_e3757-scaled-600x600.jpeg 600w, https:\/\/www.jymachinetech.com\/wp-content\/uploads\/2025\/05\/x-22-8-26-img_e3757-jpgimg_e3757-scaled-100x100.jpeg 100w\" sizes=\"(max-width: 1920px) 100vw, 1920px\" \/><\/p>\n<p><strong><strong>\u00c9quipement d'emballage<\/strong><\/strong>: Les biscuits s\u00e9ch\u00e9s sont emball\u00e9s \u00e0 l'aide de machines d'emballage automatis\u00e9es. Le processus d'emballage assure la protection et la conservation de la fra\u00eecheur des biscuits, avec des options pour un emballage individuel ou en vrac.<\/p>\n<h2><strong>Applications<\/strong><\/h2>\n<p>Les biscuits comprim\u00e9s produits par cette ligne sont id\u00e9aux pour un usage militaire, des activit\u00e9s de plein air telles que la randonn\u00e9e et le camping, ainsi que comme approvisionnement alimentaire d'urgence. Ils offrent une option alimentaire pratique, nutritive et durable.<\/p>\n<p>La ligne de production de biscuits compress\u00e9s offre une solution efficace et flexible pour les entreprises de fabrication alimentaire, r\u00e9pondant \u00e0 la demande de biscuits compress\u00e9s de haute qualit\u00e9 dans divers sc\u00e9narios.<\/p>\n<p><strong>Avantages<\/strong><\/p>\n<p>Efficacit\u00e9 de production \u00e9lev\u00e9e :<\/p>\n<p>R\u00e9alisant une production continue avec tous les processus parfaitement int\u00e9gr\u00e9s. Cela am\u00e9liore consid\u00e9rablement la capacit\u00e9 de production et r\u00e9pond aux exigences de la production \u00e0 grande \u00e9chelle.<\/p>\n<p>Forte coh\u00e9rence du produit :<\/p>\n<p>Les \u00e9quipements automatis\u00e9s garantissent un contr\u00f4le pr\u00e9cis de la quantit\u00e9 et de la r\u00e9partition de la garniture de chaque biscuit, assurant une qualit\u00e9 uniforme du produit et r\u00e9pondant aux attentes des consommateurs en mati\u00e8re de coh\u00e9rence de la marque.<\/p>\n<p>R\u00e9duction significative des co\u00fbts de main-d'\u0153uvre :<\/p>\n<p>Ce qui minimise la d\u00e9pendance \u00e0 la main-d'\u0153uvre manuelle, r\u00e9duit les co\u00fbts de main-d'\u0153uvre \u00e0 long terme et permet aux entreprises d'allouer plus efficacement les ressources humaines.<\/p>\n<p>Normes d'hygi\u00e8ne am\u00e9lior\u00e9es :<\/p>\n<p>\u00c9quip\u00e9e d'un syst\u00e8me de nettoyage avanc\u00e9 et r\u00e9duisant le contact manuel avec les aliments, elle garantit des normes d'hygi\u00e8ne \u00e9lev\u00e9es et la conformit\u00e9 aux r\u00e9glementations de s\u00e9curit\u00e9 alimentaire.<\/p>\n<p>Grande flexibilit\u00e9 et \u00e9volutivit\u00e9 :<\/p>\n<p>La ligne peut \u00eatre facilement ajust\u00e9e pour produire diff\u00e9rents types et saveurs de biscuits. Son design modulaire facilite les futures extensions ou am\u00e9liorations pour r\u00e9pondre aux demandes du march\u00e9.<\/p>\n<p>&nbsp;<\/p>","protected":false},"excerpt":{"rendered":"<p>Le biscuit dur est un type de biscuit \u00e0 longue conservation, g\u00e9n\u00e9ralement utilis\u00e9 pour des applications militaires et d'urgence. Les fabricants de biscuits r\u00e9impriment souvent les biscuits cass\u00e9s pour \u00e9conomiser des mat\u00e9riaux, ou ils peuvent \u00e9craser le biscuit press\u00e9, puis le presser \u00e0 nouveau et emballer les biscuits avant de les vendre. Ce qui distingue Junyu des autres fabricants, c'est que nous pouvons automatiser l'\u00e9quipement en arri\u00e8re-plan [\u2026]<\/p>","protected":false},"featured_media":5036,"comment_status":"open","ping_status":"closed","template":"","meta":[],"product_brand":[],"product_cat":[95],"product_tag":[],"class_list":{"0":"post-5031","1":"product","2":"type-product","3":"status-publish","4":"has-post-thumbnail","6":"product_cat-biscuit-machine","8":"first","9":"instock","10":"shipping-taxable","11":"product-type-simple"},"_links":{"self":[{"href":"https:\/\/www.jymachinetech.com\/fr\/wp-json\/wp\/v2\/product\/5031","targetHints":{"allow":["GET"]}}],"collection":[{"href":"https:\/\/www.jymachinetech.com\/fr\/wp-json\/wp\/v2\/product"}],"about":[{"href":"https:\/\/www.jymachinetech.com\/fr\/wp-json\/wp\/v2\/types\/product"}],"replies":[{"embeddable":true,"href":"https:\/\/www.jymachinetech.com\/fr\/wp-json\/wp\/v2\/comments?post=5031"}],"version-history":[{"count":1,"href":"https:\/\/www.jymachinetech.com\/fr\/wp-json\/wp\/v2\/product\/5031\/revisions"}],"predecessor-version":[{"id":7207,"href":"https:\/\/www.jymachinetech.com\/fr\/wp-json\/wp\/v2\/product\/5031\/revisions\/7207"}],"wp:featuredmedia":[{"embeddable":true,"href":"https:\/\/www.jymachinetech.com\/fr\/wp-json\/wp\/v2\/media\/5036"}],"wp:attachment":[{"href":"https:\/\/www.jymachinetech.com\/fr\/wp-json\/wp\/v2\/media?parent=5031"}],"wp:term":[{"taxonomy":"product_brand","embeddable":true,"href":"https:\/\/www.jymachinetech.com\/fr\/wp-json\/wp\/v2\/product_brand?post=5031"},{"taxonomy":"product_cat","embeddable":true,"href":"https:\/\/www.jymachinetech.com\/fr\/wp-json\/wp\/v2\/product_cat?post=5031"},{"taxonomy":"product_tag","embeddable":true,"href":"https:\/\/www.jymachinetech.com\/fr\/wp-json\/wp\/v2\/product_tag?post=5031"}],"curies":[{"name":"wp","href":"https:\/\/api.w.org\/{rel}","templated":true}]}}