{"id":4997,"date":"2025-05-20T01:24:34","date_gmt":"2025-05-20T01:24:34","guid":{"rendered":"https:\/\/www.jymachinetech.com\/?post_type=product&#038;p=4997"},"modified":"2025-05-20T01:26:53","modified_gmt":"2025-05-20T01:26:53","slug":"digestive-biscuit-production-line","status":"publish","type":"product","link":"https:\/\/www.jymachinetech.com\/fr\/product\/digestive-biscuit-production-line\/","title":{"rendered":"Ligne de production de biscuits digestifs : 250 kg\/h, 500 kg\/h, 750 kg\/h, 1\u00a0000 kg\/h, 1\u00a0500 kg\/h"},"content":{"rendered":"<p>Ce type de biscuit a un go\u00fbt doux, moins de gluten lors de la pr\u00e9paration de la p\u00e2te, et une bonne plasticit\u00e9 et adh\u00e9rence. Junyu recommande donc \u00e0 ses clients d'utiliser des machines d'impression \u00e0 rouleaux, qui peuvent augmenter l'int\u00e9r\u00eat du motif des biscuits. Les biscuits mous typiques sont les Oreo, les Digestive, les biscuits au caramel et au beurre, les biscuits \u00e0 l'avoine, etc.Principe de la machine : Apr\u00e8s le m\u00e9lange horizontal de la p\u00e2te. La p\u00e2te est directement transport\u00e9e vers la machine de formage pour l'impression au rouleau, un rouleau en caoutchouc se trouvant sous la courroie pour aider \u00e0 craboter les formes. Le biscuit cru peut \u00eatre directement pass\u00e9 par l'\u00e9taleur de sel et de sucre avant d'entrer dans le four pour la cuisson. En g\u00e9n\u00e9ral, le temps de cuisson n\u00e9cessaire est plus court que pour les biscuits durs.<\/p>\n<table>\n<tbody>\n<tr>\n<td>Mod\u00e8le<\/td>\n<td>JYB-280<\/td>\n<td>JYB-400<\/td>\n<td>JYB-600<\/td>\n<td>JYB-800<\/td>\n<td>JYB-1000<\/td>\n<td>JYB-1200<\/td>\n<td>JYB-1500<\/td>\n<td>Remarque<\/td>\n<\/tr>\n<tr>\n<td>Capacit\u00e9 de production (kg\/h)<\/td>\n<td>0<\/td>\n<td>250<\/td>\n<td>500<\/td>\n<td>750<\/td>\n<td>1000<\/td>\n<td>1250<\/td>\n<td>1500<\/td>\n<td>Capacit\u00e9 personnalis\u00e9e<\/td>\n<\/tr>\n<tr>\n<td>Longueur du four (m)<\/td>\n<td>16<\/td>\n<td>28<\/td>\n<td>40<\/td>\n<td>40<\/td>\n<td>60<\/td>\n<td>50<\/td>\n<td>70<\/td>\n<td>D\u00e9pendance<\/td>\n<\/tr>\n<tr>\n<td>Longueur totale (m)<\/td>\n<td>29.6<\/td>\n<td>64.5<\/td>\n<td>85.5<\/td>\n<td>92.5<\/td>\n<td>125<\/td>\n<td>125<\/td>\n<td>150<\/td>\n<td>Si aucun U Turn Conveyor<\/td>\n<\/tr>\n<tr>\n<td>Temp\u00e9rature de cuisson (C)<\/td>\n<td>190-240\u2103<\/td>\n<td>190-240C<\/td>\n<td>190-240C<\/td>\n<td>190-240\u2103<\/td>\n<td>190-240\u2103<\/td>\n<td>190-240\u2103<\/td>\n<td>190-240C<\/td>\n<td>D\u00e9pendance<\/td>\n<\/tr>\n<tr>\n<td>Puissance totale de la ligne (kW)<\/td>\n<td>80<\/td>\n<td>90<\/td>\n<td>300<\/td>\n<td>400<\/td>\n<td>00<\/td>\n<td>800<\/td>\n<td>900<\/td>\n<td>Si vous utilisez un four \u00e9lectrique<\/td>\n<\/tr>\n<tr>\n<td>Four GPL (kg\/h)<\/td>\n<td>10<\/td>\n<td>20<\/td>\n<td>35<\/td>\n<td>45<\/td>\n<td>60<\/td>\n<td>70<\/td>\n<td>80<\/td>\n<td>Si vous utilisez un four \u00e0 GPL<\/td>\n<\/tr>\n<tr>\n<td>Poids de la ligne enti\u00e8re (kg)<\/td>\n<td>6000<\/td>\n<td>12000<\/td>\n<td>20000<\/td>\n<td>28000<\/td>\n<td>35000<\/td>\n<td>45000<\/td>\n<td>55000<\/td>\n<td>Approximativement<\/td>\n<\/tr>\n<\/tbody>\n<\/table>\n<h2><strong>Processus de production<\/strong><\/h2>\n<h3><strong>Pr\u00e9paration des mati\u00e8res premi\u00e8res<\/strong><\/h3>\n<p>Le processus de production commence par la pr\u00e9paration de mati\u00e8res premi\u00e8res telles que la farine, le sucre, les graisses et l'eau. Ces ingr\u00e9dients sont m\u00e9lang\u00e9s dans un p\u00e9trin pour former une p\u00e2te uniforme.<\/p>\n<h3><strong>M\u00e9lange de la p\u00e2te<\/strong><\/h3>\n<p><img fetchpriority=\"high\" decoding=\"async\" width=\"431\" height=\"574\" class=\"wp-image-4998\" src=\"https:\/\/www.jymachinetech.com\/wp-content\/uploads\/2025\/05\/b71102bb3a0582ca8c2c330212448a9.jpeg\" alt=\"b71102bb3a0582ca8c2c330212448a9\" srcset=\"https:\/\/www.jymachinetech.com\/wp-content\/uploads\/2025\/05\/b71102bb3a0582ca8c2c330212448a9.jpeg 431w, https:\/\/www.jymachinetech.com\/wp-content\/uploads\/2025\/05\/b71102bb3a0582ca8c2c330212448a9-9x12.jpeg 9w\" sizes=\"(max-width: 431px) 100vw, 431px\" \/><\/p>\n<p>Un p\u00e9trin \u00e0 haut rendement permet de m\u00e9langer la p\u00e2te de mani\u00e8re homog\u00e8ne. Cette \u00e9tape est cruciale pour obtenir la bonne consistance et la bonne texture des biscuits.<\/p>\n<h3><strong>Formation des biscuits<\/strong><\/h3>\n<h3><strong><img decoding=\"async\" width=\"1920\" height=\"1440\" class=\"wp-image-4999\" src=\"https:\/\/www.jymachinetech.com\/wp-content\/uploads\/2025\/05\/6ab6-b9e3cf8a621896d4f44673235a263219-scaled.jpeg\" alt=\"6ab6-b9e3cf8a621896d4f44673235a263219\" srcset=\"https:\/\/www.jymachinetech.com\/wp-content\/uploads\/2025\/05\/6ab6-b9e3cf8a621896d4f44673235a263219-scaled.jpeg 1920w, https:\/\/www.jymachinetech.com\/wp-content\/uploads\/2025\/05\/6ab6-b9e3cf8a621896d4f44673235a263219-scaled-16x12.jpeg 16w, https:\/\/www.jymachinetech.com\/wp-content\/uploads\/2025\/05\/6ab6-b9e3cf8a621896d4f44673235a263219-scaled-600x450.jpeg 600w\" sizes=\"(max-width: 1920px) 100vw, 1920px\" \/><\/strong><\/h3>\n<p>Une mouleuse rotative fa\u00e7onne les feuilles de p\u00e2te dans les formes de biscuits souhait\u00e9es. Les moules de la mouleuse sont con\u00e7us pour cr\u00e9er une vari\u00e9t\u00e9 de formes, y compris la forme classique du biscuit digestif.<\/p>\n<h3><strong>Four tunnel<\/strong><\/h3>\n<p><img decoding=\"async\" width=\"1000\" height=\"686\" class=\"wp-image-5000\" src=\"https:\/\/www.jymachinetech.com\/wp-content\/uploads\/2025\/05\/5fdd3d259d255d17ae7545a8f241dd9.jpeg\" alt=\"5fdd3d259d255d17ae7545a8f241dd9\" srcset=\"https:\/\/www.jymachinetech.com\/wp-content\/uploads\/2025\/05\/5fdd3d259d255d17ae7545a8f241dd9.jpeg 1000w, https:\/\/www.jymachinetech.com\/wp-content\/uploads\/2025\/05\/5fdd3d259d255d17ae7545a8f241dd9-18x12.jpeg 18w, https:\/\/www.jymachinetech.com\/wp-content\/uploads\/2025\/05\/5fdd3d259d255d17ae7545a8f241dd9-600x412.jpeg 600w\" sizes=\"(max-width: 1000px) 100vw, 1000px\" \/> Les biscuits sont cuits dans un four tunnel, qui offre des options de chauffage polyvalentes, y compris l'\u00e9lectricit\u00e9 et le gaz, pour un contr\u00f4le pr\u00e9cis de la temp\u00e9rature. Le contr\u00f4le intelligent de la temp\u00e9rature du four garantit une cuisson homog\u00e8ne et un produit constant.<\/p>\n<h3><strong>Syst\u00e8me de pulv\u00e9risation<\/strong><\/h3>\n<p><img loading=\"lazy\" decoding=\"async\" width=\"349\" height=\"231\" class=\"wp-image-5001\" src=\"https:\/\/www.jymachinetech.com\/wp-content\/uploads\/2025\/05\/word-image-4997-4.png\" alt=\"\" srcset=\"https:\/\/www.jymachinetech.com\/wp-content\/uploads\/2025\/05\/word-image-4997-4.png 349w, https:\/\/www.jymachinetech.com\/wp-content\/uploads\/2025\/05\/word-image-4997-4-18x12.png 18w\" sizes=\"(max-width: 349px) 100vw, 349px\" \/><\/p>\n<p>Apr\u00e8s la cuisson, un syst\u00e8me de pulv\u00e9risation applique une couche d'huile sur les biscuits. Cette \u00e9tape am\u00e9liore la saveur et la texture des biscuits.<\/p>\n<h3><strong>Refroidissement<\/strong><\/h3>\n<p>Les biscuits sont refroidis sur un convoyeur de refroidissement. Cette \u00e9tape est cruciale pour stabiliser la texture des biscuits et s'assurer qu'ils sont pr\u00eats pour l'\u00e9tape suivante.<\/p>\n<h3><strong>Syst\u00e8me d'emballage<\/strong><\/h3>\n<p>Enfin, les biscuits sont emball\u00e9s \u00e0 l'aide d'un syst\u00e8me d'emballage automatis\u00e9. Ils sont ainsi parfaitement scell\u00e9s et prot\u00e9g\u00e9s en vue de leur distribution et de leur vente.<\/p>\n<h2><strong>Caract\u00e9ristiques et avantages<\/strong><\/h2>\n<p>Les lignes de production de biscuits digestifs croustillants enti\u00e8rement automatiques conviennent aux installations de fabrication \u00e0 grande \u00e9chelle ainsi qu'aux unit\u00e9s de production \u00e0 plus petite \u00e9chelle. Elles peuvent produire une large gamme de biscuits, des digestifs croustillants traditionnels aux produits plus sp\u00e9cialis\u00e9s et innovants.<\/p>\n<p>En r\u00e9sum\u00e9, la ligne de production de biscuits digestifs croustillants enti\u00e8rement automatique offre une solution efficace et fiable pour la production de biscuits de haute qualit\u00e9. Son contr\u00f4le pr\u00e9cis, ses capacit\u00e9s polyvalentes, son fonctionnement \u00e9conome en \u00e9nergie, son interface conviviale, ses normes d'hygi\u00e8ne sup\u00e9rieures, sa production personnalisable et sa conception rentable en font un excellent choix pour toute entreprise de l'industrie alimentaire.<\/p>\n<p>**Agissez maintenant ! Offre limit\u00e9e dans le temps**<\/p>\n<p>**Demandez un devis personnalis\u00e9 GRATUIT d\u00e8s aujourd'hui !<\/p>\n<p>**R\u00e9servez une d\u00e9monstration en direct : Voyez la ligne en action!**<\/p>\n<p><strong>Questions et r\u00e9ponses<\/strong><\/p>\n<h2><strong>1. Quelle est la diff\u00e9rence entre un biscuit mou et un biscuit dur ?<\/strong><\/h2>\n<p>Le shortcake est un type de biscuit \u00e0 la texture friable, tandis que le biscuit dur a une texture plus dure et r\u00e9siste mieux \u00e0 la mastication. Le shortcake a g\u00e9n\u00e9ralement une teneur plus \u00e9lev\u00e9e en mati\u00e8res grasses et en sucre, ce qui lui conf\u00e8re une structure plus friable. Le biscuit dur, quant \u00e0 lui, contient moins de mati\u00e8res grasses et de sucre, ce qui lui conf\u00e8re une texture plus ferme. La surface du shortcake pr\u00e9sente souvent des motifs en relief, tandis que le biscuit dur pr\u00e9sente g\u00e9n\u00e9ralement des trous ronds concaves et un aspect plus lisse.<\/p>\n<h2><strong>2. Qu'est-ce qu'un cookie ?<\/strong><\/h2>\n<p>Un biscuit est une petite p\u00e2tisserie plate, g\u00e9n\u00e9ralement sucr\u00e9e, qui peut \u00eatre fabriqu\u00e9e \u00e0 partir de divers ingr\u00e9dients tels que la farine, le sucre et le beurre. Les biscuits peuvent avoir des textures et des saveurs diff\u00e9rentes, allant du tendre et moelleux au croustillant et au beurre.<\/p>\n<h2><strong>3. Quels sont les principaux types de biscuits ?<\/strong><\/h2>\n<p>Les biscuits peuvent \u00eatre class\u00e9s en plusieurs cat\u00e9gories : les biscuits durs, les biscuits mous, les biscuits soda et les gaufrettes. Les biscuits mous ont une texture plus dure et sont plus r\u00e9sistants \u00e0 la mastication ; les biscuits mous ont une texture friable ; les biscuits soda sont fabriqu\u00e9s \u00e0 partir d'une p\u00e2te ferment\u00e9e et ont une saveur ferment\u00e9e particuli\u00e8re ; les gaufrettes sont l\u00e9g\u00e8res et poreuses et contiennent moins de sucre et de mati\u00e8res grasses.<\/p>\n<h2><strong>4. quels sont les types de fours disponibles ?<\/strong><\/h2>\n<p><strong><strong>Fours \u00e0 chariot rotatif<\/strong><\/strong>: Con\u00e7u pour les op\u00e9rations de cuisson \u00e0 haut volume, avec un syst\u00e8me de grille rotative pour assurer une cuisson homog\u00e8ne.<\/p>\n<p><strong><strong>Fours \u00e0 tunnel<\/strong><\/strong>: Fours sp\u00e9cialis\u00e9s pour la production en continu et en grande quantit\u00e9. Les produits passent dans le four sur un tapis roulant.<\/p>\n<h2><strong>5. combien de types de fours tunnels avez-vous\uff1fQuelles sont les sources d'\u00e9nergie pour les fours tunnels ?<\/strong><\/h2>\n<h3><strong>L'\u00e9lectricit\u00e9<\/strong><\/h3>\n<p>Les fours tunnels \u00e9lectriques utilisent l'effet Joule pour g\u00e9n\u00e9rer de la chaleur. Ils sont simples \u00e0 utiliser et \u00e0 entretenir et peuvent chauffer des zones distinctes \u00e0 des temp\u00e9ratures diff\u00e9rentes. Ils sont tr\u00e8s efficaces, ne produisent pas d'\u00e9missions et permettent un contr\u00f4le pr\u00e9cis de la temp\u00e9rature.<\/p>\n<p>La technologie infrarouge peut \u00eatre utilis\u00e9e dans les fours et peut \u00eatre aliment\u00e9e au gaz ou \u00e0 l'\u00e9lectricit\u00e9. Elle transf\u00e8re l'\u00e9nergie thermique sous forme d'ondes \u00e9lectromagn\u00e9tiques et est efficace pour le brunissement de surface, le s\u00e9chage, le durcissement et la fonte des garnitures de produits.<\/p>\n<h3><strong>Gaz naturel<\/strong><\/h3>\n<p>Le gaz naturel est l'une des sources d'\u00e9nergie les plus courantes pour les fours tunnels. Il offre un bon contr\u00f4le de la temp\u00e9rature, de la flexibilit\u00e9, et son fonctionnement est propre et hygi\u00e9nique.<\/p>\n<p>Le GPL est portable et polyvalent, ce qui le rend adapt\u00e9 aux zones d\u00e9pourvues d'infrastructures de gaz naturel. Il a une densit\u00e9 \u00e9nerg\u00e9tique plus \u00e9lev\u00e9e que le gaz naturel et offre des avantages similaires en termes de contr\u00f4le de la temp\u00e9rature et de flexibilit\u00e9.<\/p>\n<p>Le co\u00fbt initial des fours \u00e0 gaz peut \u00eatre plus \u00e9lev\u00e9 que celui des fours \u00e9lectriques, mais ils offrent de faibles co\u00fbts de fonctionnement et un chauffage rapide.<\/p>\n<h3><strong>Carburant diesel<\/strong><\/h3>\n<p>Le diesel est moins courant mais peut \u00eatre utilis\u00e9 dans les r\u00e9gions o\u00f9 le gaz naturel ou le GPL ne sont pas disponibles.<\/p>\n<p>Le mazout est parfois utilis\u00e9 dans les r\u00e9gions o\u00f9 le gaz naturel ou le GPL ne sont pas disponibles. Il est relativement peu co\u00fbteux mais produit plus d'\u00e9missions que le gaz naturel ou le GPL.<\/p>\n<h3><strong>Hybride<\/strong><\/h3>\n<p>Les fours tunnels hybrides combinent diff\u00e9rentes technologies de chauffage, telles que la convection \u00e0 feu direct et la convection indirecte, offrant ainsi les avantages de plusieurs m\u00e9thodes de chauffage dans une seule machine. Cela permet une plus grande flexibilit\u00e9 et une meilleure qualit\u00e9 de produit<\/p>\n<p>&nbsp;<\/p>","protected":false},"excerpt":{"rendered":"<p>The fully automatic biscuit production line is designed and developed by Junyu Company for customers.providing a complete set of automated equipment from dough making, molding, baking, and packaging. This series of production lines can produce various types of biscuit according to customers&#8217; biscuit and process require, by changing molds and various types of energy tunnel ovens, and using different formula processes.<\/p>","protected":false},"featured_media":5004,"comment_status":"open","ping_status":"closed","template":"","meta":[],"product_brand":[],"product_cat":[95],"product_tag":[],"class_list":{"0":"post-4997","1":"product","2":"type-product","3":"status-publish","4":"has-post-thumbnail","6":"product_cat-biscuit-machine","8":"first","9":"instock","10":"shipping-taxable","11":"product-type-simple"},"_links":{"self":[{"href":"https:\/\/www.jymachinetech.com\/fr\/wp-json\/wp\/v2\/product\/4997","targetHints":{"allow":["GET"]}}],"collection":[{"href":"https:\/\/www.jymachinetech.com\/fr\/wp-json\/wp\/v2\/product"}],"about":[{"href":"https:\/\/www.jymachinetech.com\/fr\/wp-json\/wp\/v2\/types\/product"}],"replies":[{"embeddable":true,"href":"https:\/\/www.jymachinetech.com\/fr\/wp-json\/wp\/v2\/comments?post=4997"}],"version-history":[{"count":0,"href":"https:\/\/www.jymachinetech.com\/fr\/wp-json\/wp\/v2\/product\/4997\/revisions"}],"wp:featuredmedia":[{"embeddable":true,"href":"https:\/\/www.jymachinetech.com\/fr\/wp-json\/wp\/v2\/media\/5004"}],"wp:attachment":[{"href":"https:\/\/www.jymachinetech.com\/fr\/wp-json\/wp\/v2\/media?parent=4997"}],"wp:term":[{"taxonomy":"product_brand","embeddable":true,"href":"https:\/\/www.jymachinetech.com\/fr\/wp-json\/wp\/v2\/product_brand?post=4997"},{"taxonomy":"product_cat","embeddable":true,"href":"https:\/\/www.jymachinetech.com\/fr\/wp-json\/wp\/v2\/product_cat?post=4997"},{"taxonomy":"product_tag","embeddable":true,"href":"https:\/\/www.jymachinetech.com\/fr\/wp-json\/wp\/v2\/product_tag?post=4997"}],"curies":[{"name":"wp","href":"https:\/\/api.w.org\/{rel}","templated":true}]}}