{"id":4023,"date":"2023-11-25T08:47:58","date_gmt":"2023-11-25T08:47:58","guid":{"rendered":"https:\/\/www.jymachinetech.com\/?post_type=product&#038;p=4023"},"modified":"2025-07-25T06:08:44","modified_gmt":"2025-07-25T06:08:44","slug":"hard-candy-making-machine","status":"publish","type":"product","link":"https:\/\/www.jymachinetech.com\/fr\/product\/hard-candy-making-machine\/","title":{"rendered":"Machine de fabrication de bonbons durs - Usine de ligne de production de bonbons durs"},"content":{"rendered":"<h2>Machine \u00e0 fabriquer des bonbons durs : polyvalence et efficacit\u00e9 dans la production de bonbons<\/h2>\n<p><strong>Pr\u00e9sentation du produit :<\/strong> La machine de fabrication de bonbons durs de JY Machine est une solution innovante pour les fabricants de confiseries qui cherchent \u00e0 produire une gamme vari\u00e9e de bonbons durs. Cette machine est con\u00e7ue pour cr\u00e9er facilement des bonbons durs d&#039;une, deux, trois et quatre couleurs, garantissant ainsi une production et une efficacit\u00e9 de haute qualit\u00e9.<\/p>\n<p><iframe title=\"Comment faire des bonbons durs? Bonbons durs H300 faisant la ligne de d\u00e9p\u00f4t de sucettes de bonbons durs\" width=\"800\" height=\"450\" src=\"https:\/\/www.youtube.com\/embed\/LLWXCiN3hvA?feature=oembed\" frameborder=\"0\" allow=\"accelerometer; autoplay; clipboard-write; encrypted-media; gyroscope; picture-in-picture; web-share\" referrerpolicy=\"strict-origin-when-cross-origin\" allowfullscreen><\/iframe><\/p>\n<h2><strong>Principales caract\u00e9ristiques et avantages\u00a0:<\/strong><\/h2>\n<ul>\n<li><strong>Polyvalence dans la production de bonbons :<\/strong> Capable de produire des bonbons multi-composants, ray\u00e9s, en couches et fourr\u00e9s avec des ajustements de configuration simples.<\/li>\n<li><strong>Processus largement automatis\u00e9 :<\/strong> N\u00e9cessite un minimum de travail manuel, ce qui en fait un choix efficace pour la production \u00e0 grand volume.<\/li>\n<li><strong>Design traditionnel et moderne :<\/strong> Bas\u00e9 sur le type de poin\u00e7on \u00e0 piston traditionnel, avec des am\u00e9liorations modernes pour la production de bonbons durs et de sucettes.<\/li>\n<li><strong>Convient \u00e0 divers types de bonbons\u00a0:<\/strong> Id\u00e9al pour les fabricants souhaitant produire \u00e0 la fois des sucettes et des bonbons durs.<\/li>\n<li><strong>Gamme de mod\u00e8les :<\/strong> Propose une vari\u00e9t\u00e9 de mod\u00e8les (JY-150 \u00e0 JY-1200) pour s&#039;adapter \u00e0 diff\u00e9rentes capacit\u00e9s de production, de 100-150 kg\/heure \u00e0 1200-2000 kg\/heure.<\/li>\n<li><strong>Conditions de travail optimales :<\/strong> Con\u00e7u pour fonctionner de mani\u00e8re optimale \u00e0 une temp\u00e9rature de 20-25\u00b0C et une humidit\u00e9 de 55%.<\/li>\n<\/ul>\n<h2><strong>Sp\u00e9cifications techniques et avantages :<\/strong><\/h2>\n<ul>\n<li><strong>Syst\u00e8me de cuisson de cuisine :<\/strong> Comprend des capacit\u00e9s de cuisson et de stockage avec un syst\u00e8me de contr\u00f4le ind\u00e9pendant et des r\u00e9glages de temp\u00e9rature.<\/li>\n<li><strong>Construction en acier inoxydable :<\/strong> Comprend un grattoir-agitateur en acier inoxydable, un affichage num\u00e9rique et une fen\u00eatre visuelle pour plus de commodit\u00e9.<\/li>\n<li><strong>Syst\u00e8me d&#039;automatisation complet :<\/strong> Facilite le transfert par pompe et tuyaux, avec modularisation pour une installation rapide.<\/li>\n<li><strong>Cuiseur \u00e0 micro-film continu :<\/strong> Offre plus de transparence et de douceur, moins d&#039;influence de la temp\u00e9rature ambiante et une dur\u00e9e de conservation am\u00e9lior\u00e9e.<\/li>\n<li><strong>Contr\u00f4le pr\u00e9cis de la temp\u00e9rature :<\/strong> Pr\u00e9serve l\u2019activit\u00e9 des additifs et assure un meilleur aspect des cristaux.<\/li>\n<li><strong>Machine de d\u00e9p\u00f4t de bonbons durs :<\/strong> D\u00e9p\u00f4t de haute pr\u00e9cision pour plus de pr\u00e9cision, r\u00e9duction des d\u00e9chets et un rendement plus \u00e9lev\u00e9.<\/li>\n<li><strong>Syst\u00e8me de d\u00e9moulage automatique :<\/strong> Comprend un tunnel de refroidissement, un moule \u00e0 bonbons durs et un syst\u00e8me de d\u00e9moulage 100%.<\/li>\n<li><strong>Composants \u00e9lectriques :<\/strong> \u00c9quip\u00e9 de pi\u00e8ces \u00e9lectriques de marque internationale pour une dur\u00e9e de vie plus longue et des panneaux d&#039;avertissement de s\u00e9curit\u00e9.<\/li>\n<\/ul>\n<h2><strong>Options d&#039;emballage :<\/strong><\/h2>\n<p>Nous proposons une gamme de machines d&#039;emballage de bonbons durs, notamment des machines d&#039;emballage de type oreiller et \u00e0 double torsion, pour r\u00e9pondre \u00e0 vos besoins d&#039;emballage.<\/p>\n<h2><strong>Prise en charge des recettes\u00a0:<\/strong><\/h2>\n<p>Nous vous proposons une assistance pour vos recettes de bonbons, garantissant que vos produits ont aussi bon go\u00fbt qu&#039;ils en ont l&#039;air.<\/p>\n<h2><strong>Questions fr\u00e9quemment pos\u00e9es (FAQ) sur notre machine \u00e0 fabriquer des bonbons durs<\/strong><\/h2>\n<p><strong>Q : Quels types de bonbons cette machine peut-elle produire ?<\/strong><\/p>\n<p>R : Notre machine \u00e0 fabriquer des bonbons durs est polyvalente et peut produire une vari\u00e9t\u00e9 de bonbons durs, notamment des bonbons unicolores, bicolores, tricolores et quadricolores. Elle convient \u00e9galement \u00e0 la cr\u00e9ation de sucettes aux motifs et designs diff\u00e9rents.<\/p>\n<p><strong>Q : Cette machine peut-elle produire des bonbons au chocolat ou d\u2019autres types de confiseries ?<\/strong><\/p>\n<p>R : Bien que notre machine standard de fabrication de bonbons durs soit sp\u00e9cialement con\u00e7ue pour les bonbons durs et les sucettes, elle n&#039;est pas destin\u00e9e \u00e0 la production de bonbons au chocolat. Cependant, nous pouvons discuter de solutions personnalis\u00e9es si vous avez des exigences particuli\u00e8res.<\/p>\n<p><strong>Q : Quelle est la capacit\u00e9 de production de la machine en termes de pi\u00e8ces par heure ?<\/strong><\/p>\n<p>R : La capacit\u00e9 de production varie en fonction du mod\u00e8le choisi. Par exemple, nos mod\u00e8les peuvent produire au moins 21 600 pi\u00e8ces en une heure, avec la possibilit\u00e9 d&#039;augmenter la capacit\u00e9 pour r\u00e9pondre \u00e0 une demande plus \u00e9lev\u00e9e.<\/p>\n<p><strong>Q : Quelle est la fourchette de capacit\u00e9 de production en termes de poids par heure ?<\/strong><\/p>\n<p>R : Nos machines de fabrication de bonbons durs offrent une large gamme de capacit\u00e9s, allant de 40 kg\/heure pour les plus petits mod\u00e8les \u00e0 2000 kg\/heure pour nos plus grands mod\u00e8les, ce qui garantit qu'il existe une option adapt\u00e9e \u00e0 vos besoins de production.<\/p>\n<p><strong>Q\u00a0: La machine peut-elle produire des bonbons de formes et de tailles personnalis\u00e9es\u00a0?<\/strong><\/p>\n<p>R : Absolument. Nos machines sont con\u00e7ues pour s&#039;adapter \u00e0 diff\u00e9rents types de moules, vous permettant de cr\u00e9er des bonbons dans une grande vari\u00e9t\u00e9 de formes et de tailles adapt\u00e9es \u00e0 vos gammes de produits ou strat\u00e9gies marketing sp\u00e9cifiques.<\/p>\n<p><strong>Q : Quelles sont les options de chauffage disponibles pour la machine ?<\/strong><\/p>\n<p>R : Nous proposons des options de chauffage \u00e9lectrique et de chauffage \u00e0 la vapeur pour nos machines de fabrication de bonbons durs. Le choix entre les deux d\u00e9pend de votre infrastructure existante et de vos pr\u00e9f\u00e9rences op\u00e9rationnelles.<\/p>\n<p><strong>Q\u00a0: Comment puis-je commencer \u00e0 pr\u00e9parer des recettes de bonbons pour ma nouvelle machine\u00a0?<\/strong><\/p>\n<p>R : Nous vous proposons un accompagnement et des conseils sur les recettes de bonbons pour vous permettre de commencer la production en toute confiance. Notre \u00e9quipe peut vous aider \u00e0 formuler les recettes parfaites pour les types de bonbons que vous souhaitez.<\/p>\n<p><strong>Q : Quel type de machines d&#039;emballage recommandez-vous pour les bonbons durs ?<\/strong><\/p>\n<p>R : Nous proposons une s\u00e9lection de machines d&#039;emballage de bonbons durs, telles que des machines d&#039;emballage de type oreiller et \u00e0 double torsion, con\u00e7ues pour s&#039;adapter \u00e0 diff\u00e9rentes tailles et formes de bonbons, garantissant que vos produits finis sont emball\u00e9s de mani\u00e8re efficace et attrayante.<\/p>\n<p><strong>Q : Existe-t-il une visite de l&#039;usine pour voir les machines en fonctionnement ?<\/strong><\/p>\n<p>R : Oui, nous serons ravis de vous montrer notre processus de fabrication. Une visite de l&#039;usine peut vous donner un aper\u00e7u pr\u00e9cieux de nos capacit\u00e9s de production, de nos mesures de contr\u00f4le de la qualit\u00e9 et de l&#039;expertise de notre \u00e9quipe.<\/p>\n<p><strong>Q : \u00c0 quel support technique puis-je m&#039;attendre apr\u00e8s l&#039;achat de la machine ?<\/strong><\/p>\n<p>R : Nous sommes fiers de proposer un support technique complet. Nos ing\u00e9nieurs professionnels sont \u00e0 votre disposition pour vous aider \u00e0 r\u00e9pondre \u00e0 toutes vos questions ou \u00e0 r\u00e9soudre tous vos probl\u00e8mes, afin que votre machine fonctionne \u00e0 des performances optimales.<\/p>\n<p><strong>Q : Comment puis-je obtenir un devis ou discuter de mes besoins sp\u00e9cifiques avec votre \u00e9quipe ?<\/strong><\/p>\n<p>R : Pour obtenir un devis personnalis\u00e9 ou discuter de vos besoins sp\u00e9cifiques, veuillez contacter directement notre \u00e9quipe commerciale. Nous sommes impatients de comprendre vos besoins et de vous proposer une solution adapt\u00e9e \u00e0 votre entreprise.<\/p>\n<h2><strong>Pourquoi acheter chez nous - Le fabricant :<\/strong><\/h2>\n<ul>\n<li><strong>Exp\u00e9rience d&#039;usine r\u00e9elle :<\/strong>\u00a0Plus de 40 ans d&#039;exp\u00e9rience dans la fabrication de machines.<\/li>\n<li><strong>Equipe professionnelle :<\/strong>\u00a012 concepteurs de dessins et 20 ing\u00e9nieurs professionnels pour le support technique.<\/li>\n<li><strong>Fiabilit\u00e9:<\/strong>\u00a0Usine moderne avec plus de 200 travailleurs, contr\u00f4le de qualit\u00e9 strict et technologie de pointe.<\/li>\n<li><strong>Machines de haute qualit\u00e9 :<\/strong>\u00a0Toutes les machines sont fabriqu\u00e9es dans des usines standard GMP avec une pr\u00e9cision CNC et de l&#039;acier inoxydable SUS304.<\/li>\n<\/ul>\n<h2><strong>Obtenez un devis maintenant :<\/strong><\/h2>\n<p>Pour des tarifs personnalis\u00e9s et pour en savoir plus sur notre machine de fabrication de bonbons durs, contactez-nous d\u00e8s aujourd&#039;hui.<\/p>","protected":false},"excerpt":{"rendered":"<p>Hard Candy-Making Machine: Versatility and Efficiency in Candy Production Product Overview: The Hard Candy-Making Machine by JY Machine is an innovative solution for confectionery manufacturers looking to produce a diverse range of hard candies. This machine is designed to create one-color, two-color, three-color, and four-color hard candies with ease, ensuring high-quality output and efficiency. Key [&hellip;]<\/p>","protected":false},"featured_media":1257,"comment_status":"open","ping_status":"closed","template":"","meta":[],"product_brand":[],"product_cat":[15],"product_tag":[141,142],"class_list":{"0":"post-4023","1":"product","2":"type-product","3":"status-publish","4":"has-post-thumbnail","6":"product_cat-bakery-equipment","7":"product_tag-hard-candy-machine","8":"product_tag-hard-candy-production-line","10":"first","11":"instock","12":"shipping-taxable","13":"product-type-simple"},"_links":{"self":[{"href":"https:\/\/www.jymachinetech.com\/fr\/wp-json\/wp\/v2\/product\/4023","targetHints":{"allow":["GET"]}}],"collection":[{"href":"https:\/\/www.jymachinetech.com\/fr\/wp-json\/wp\/v2\/product"}],"about":[{"href":"https:\/\/www.jymachinetech.com\/fr\/wp-json\/wp\/v2\/types\/product"}],"replies":[{"embeddable":true,"href":"https:\/\/www.jymachinetech.com\/fr\/wp-json\/wp\/v2\/comments?post=4023"}],"version-history":[{"count":1,"href":"https:\/\/www.jymachinetech.com\/fr\/wp-json\/wp\/v2\/product\/4023\/revisions"}],"predecessor-version":[{"id":7216,"href":"https:\/\/www.jymachinetech.com\/fr\/wp-json\/wp\/v2\/product\/4023\/revisions\/7216"}],"wp:featuredmedia":[{"embeddable":true,"href":"https:\/\/www.jymachinetech.com\/fr\/wp-json\/wp\/v2\/media\/1257"}],"wp:attachment":[{"href":"https:\/\/www.jymachinetech.com\/fr\/wp-json\/wp\/v2\/media?parent=4023"}],"wp:term":[{"taxonomy":"product_brand","embeddable":true,"href":"https:\/\/www.jymachinetech.com\/fr\/wp-json\/wp\/v2\/product_brand?post=4023"},{"taxonomy":"product_cat","embeddable":true,"href":"https:\/\/www.jymachinetech.com\/fr\/wp-json\/wp\/v2\/product_cat?post=4023"},{"taxonomy":"product_tag","embeddable":true,"href":"https:\/\/www.jymachinetech.com\/fr\/wp-json\/wp\/v2\/product_tag?post=4023"}],"curies":[{"name":"wp","href":"https:\/\/api.w.org\/{rel}","templated":true}]}}