{"id":1824,"date":"2024-01-19T08:54:33","date_gmt":"2024-01-19T08:54:33","guid":{"rendered":"https:\/\/www.jymachinetech.com\/?post_type=product&#038;p=1824"},"modified":"2025-07-09T09:29:08","modified_gmt":"2025-07-09T09:29:08","slug":"gummy-candy-prodcution-line","status":"publish","type":"product","link":"https:\/\/www.jymachinetech.com\/fr\/product\/gummy-candy-prodcution-line\/","title":{"rendered":"Ligne de production de bonbons g\u00e9lifi\u00e9s"},"content":{"rendered":"<h2>Ligne de production automatique de bonbons g\u00e9lifi\u00e9s\u00a0: 8\u00a0000 \u00e0 768\u00a0000 pi\u00e8ces\/h, de 4\u00a0m \u00e0 16\u00a0m<\/h2>\n<p>Con\u00e7ue pour la production de gros volumes, notre ligne de production automatique de bonbons g\u00e9lifi\u00e9s est adapt\u00e9e aux entreprises qui cherchent \u00e0 fabriquer entre 12 000 et 21 000 pi\u00e8ces par heure. Cette ligne de pointe est \u00e9quip\u00e9e pour traiter diverses formulations de bonbons g\u00e9lifi\u00e9s, y compris les produits \u00e0 base de pectine et de g\u00e9latine, dans un souci de qualit\u00e9, d'efficacit\u00e9 et de flexibilit\u00e9.<\/p>\n<p><iframe title=\"Ligne de production de bonbons g\u00e9lifi\u00e9s Fabrication de bonbons g\u00e9lifi\u00e9s g\u00e9ants Prix d&#039;usine#gummy\" width=\"800\" height=\"450\" src=\"https:\/\/www.youtube.com\/embed\/TtFjhTTotnw?list=PLkC9Irp2ZdYZuq0ZIGXF767bI8w8Jfy_9\" frameborder=\"0\" allow=\"accelerometer; autoplay; clipboard-write; encrypted-media; gyroscope; picture-in-picture; web-share\" referrerpolicy=\"strict-origin-when-cross-origin\" allowfullscreen><\/iframe><\/p>\n<h2><strong>Principales caract\u00e9ristiques et avantages\u00a0:<\/strong><\/h2>\n<ul>\n<li><strong>Sortie haute capacit\u00e9 :<\/strong> Plusieurs mod\u00e8les (JY-40 \u00e0 JY-1500) au choix, garantissant l'adaptation parfaite \u00e0 vos besoins de production, allant de 8 000 \u00e0 768 000 pi\u00e8ces par heure.<\/li>\n<li><strong>Int\u00e9gration du syst\u00e8me de cuisine :<\/strong> Un syst\u00e8me tout-en-un pour la dissolution des ingr\u00e9dients, le m\u00e9lange et la pr\u00e9cuisson du sirop, con\u00e7u pour maintenir des temp\u00e9ratures constantes pour diverses solutions de bonbons et de boissons.<\/li>\n<li><strong>Syst\u00e8me de cuisson en une \u00e9tape :<\/strong> Il s'agit d'un r\u00e9servoir de stockage multicouche \u00e0 temp\u00e9rature r\u00e9glable, id\u00e9al pour la production en continu et le stockage de diff\u00e9rents types de pectine ou de g\u00e9latine.<\/li>\n<li><strong>Technologie avanc\u00e9e de broyage et de cuisson :<\/strong> La machine est \u00e9quip\u00e9e d'un syst\u00e8me de contr\u00f4le ind\u00e9pendant, de r\u00e9glages de temp\u00e9rature, d'un racleur en acier inoxydable, d'un homog\u00e9n\u00e9isateur et d'autres fonctions avanc\u00e9es pour une production optimale de bonbons.<\/li>\n<li><strong>Automatisation compl\u00e8te :<\/strong> L'alimentation automatique, l'entra\u00eenement du moule, la d\u00e9pose, le d\u00e9moulage et l'unit\u00e9 de refroidissement garantissent un processus de production sans faille avec une intervention manuelle minimale.<\/li>\n<li><strong>Conception modulaire :<\/strong> Facilit\u00e9 de montage et de d\u00e9montage pour une installation et une maintenance rapides, l'accent \u00e9tant mis sur la modularisation pour une installation efficace.<\/li>\n<li><strong>Versatilit\u00e9:<\/strong> Capable de produire une large gamme de types de bonbons g\u00e9lifi\u00e9s, y compris des oursons g\u00e9lifi\u00e9s, et de s'adapter \u00e0 diverses formulations, y compris des bonbons infus\u00e9s au CBD.<\/li>\n<li><strong>Personnalisation et conformit\u00e9 :<\/strong> Les machines sont personnalisables pour r\u00e9pondre \u00e0 des exigences sp\u00e9cifiques en mati\u00e8re de tension et d'amp\u00e9rage et sont accompagn\u00e9es de certifications telles que CE pour aider \u00e0 satisfaire aux normes FDA et GMP.<\/li>\n<li><strong>Utilisation conviviale :<\/strong> L'appareil est dot\u00e9 d'un affichage num\u00e9rique et d'un \u00e9cran tactile permettant de r\u00e9gler facilement la temp\u00e9rature et le poids, ce qui le rend accessible m\u00eame \u00e0 ceux qui n'ont pas d'exp\u00e9rience pr\u00e9alable.<\/li>\n<li><strong>Soutien et services :<\/strong> Elle offre un soutien complet, de la conception de la formule \u00e0 l'assistance au produit, afin d'assurer une transition en douceur vers la production de bonbons g\u00e9lifi\u00e9s.<\/li>\n<\/ul>\n<h2><strong>Sp\u00e9cifications techniques :<\/strong><\/h2>\n<ul>\n<li><strong>Plage de capacit\u00e9 :<\/strong>\u00a08 000-768 000 PCS\/H, selon le mod\u00e8le.<\/li>\n<li><strong>Longueur :<\/strong>\u00a0De 13ft\/4m \u00e0 53ft\/16m, pour r\u00e9pondre aux diff\u00e9rentes exigences en mati\u00e8re d'espace de production.<\/li>\n<li><strong>Syst\u00e8me de contr\u00f4le:<\/strong>\u00a0Ind\u00e9pendante avec affichage num\u00e9rique et interface \u00e0 \u00e9cran tactile.<\/li>\n<li><strong>Mat\u00e9riel:<\/strong>\u00a0Construction en acier inoxydable pour la durabilit\u00e9 et l'hygi\u00e8ne.<\/li>\n<li><strong>Caract\u00e9ristiques de s\u00e9curit\u00e9 :<\/strong>\u00a0Comprend des fonctions d'arr\u00eat d'urgence et des protections de s\u00e9curit\u00e9.<\/li>\n<\/ul>\n<h2><strong>Applications :<\/strong><\/h2>\n<ul>\n<li>Convient \u00e0 la production d'oursons g\u00e9lifi\u00e9s, de bonbons infus\u00e9s au CBD, de tire, de sucettes et d'autres confiseries g\u00e9lifi\u00e9es.<\/li>\n<\/ul>\n<h2><strong>Assistance et services \u00e0 la client\u00e8le :<\/strong><\/h2>\n<ul>\n<li><strong>Installation professionnelle :<\/strong>\u00a0Installation et param\u00e9trage sur site par notre \u00e9quipe technique.<\/li>\n<li><strong>Formation :<\/strong>\u00a0Une formation compl\u00e8te pour les op\u00e9rateurs afin d'assurer un fonctionnement efficace de la machine.<\/li>\n<li><strong>Service apr\u00e8s-vente :<\/strong>\u00a0Centre de pi\u00e8ces d\u00e9tach\u00e9es 24 heures sur 24, 7 jours sur 7, et assistance technique locale pour une aide rapide.<\/li>\n<li><strong>Services de conception :<\/strong>\u00a0Conception gratuite de l'agencement de l'usine, \u00e9chantillons de formes personnalis\u00e9es et conception de la formule du produit.<\/li>\n<\/ul>\n<p><strong>Tarifs et disponibilit\u00e9 :<\/strong> Contactez notre \u00e9quipe commerciale pour obtenir un devis d\u00e9taill\u00e9 et des informations sur la disponibilit\u00e9 de la ligne de production automatique de bonbons g\u00e9lifi\u00e9s.<\/p>\n<h2><strong>Pourquoi choisir notre ligne de production de bonbons g\u00e9lifi\u00e9s ?<\/strong><\/h2>\n<ul>\n<li><strong>\u00c9quipe de service \u00e0 l&#039;\u00e9tranger :<\/strong>\u00a0Fournir une assistance mondiale et un service local.<\/li>\n<li><strong>Entretien des machines animales :<\/strong>\u00a0Assurer la long\u00e9vit\u00e9 et la performance de vos machines.<\/li>\n<li><strong>Services gratuits :<\/strong>\u00a0Y compris la conception de l'agencement de l'usine, les \u00e9chantillons de formes personnalis\u00e9es et la conception de la formule du produit.<\/li>\n<li><strong>Affichage 3D :<\/strong>\u00a0La visite virtuelle du syst\u00e8me d'\u00e9quipement permet de mieux comprendre et de mieux planifier.<\/li>\n<li><strong>Visite de l&#039;usine de production du client :<\/strong>\u00a0Assistez directement au processus de production et aux performances des machines.<\/li>\n<\/ul>","protected":false},"excerpt":{"rendered":"<ul>\n<li>Op\u00e9ration simple<\/li>\n<li>Prix raisonnable<\/li>\n<li>R\u00e9glage temp\u00e9r\u00e9<\/li>\n<li>D\u00e9p\u00f4t servo<\/li>\n<li>Contr\u00f4le de taille r\u00e9glable PLC<\/li>\n<li>Transfert automatique vers un syst\u00e8me de refroidissement multicouche<\/li>\n<li>D\u00e9moulage et transfert automatiques<\/li>\n<li>Contr\u00f4le num\u00e9rique de la temp\u00e9rature variable<\/li>\n<li>Pi\u00e8ces de rechange gratuites pour l&#039;entretien<\/li>\n<li>Montage rapide et utilisation plus rapide<\/li>\n<li>Protection visuelle de la production de s\u00e9curit\u00e9 des fen\u00eatres<\/li>\n<li>Conception compacte et peu encombrante pour une longueur de 13 pieds<\/li>\n<li>Conception modulaire pour une installation plus rapide<\/li>\n<\/ul>","protected":false},"featured_media":4927,"comment_status":"closed","ping_status":"closed","template":"","meta":[],"product_brand":[],"product_cat":[16,98],"product_tag":[],"class_list":{"0":"post-1824","1":"product","2":"type-product","3":"status-publish","4":"has-post-thumbnail","6":"product_cat-candy-machine","7":"product_cat-gummy-candy-machine","9":"first","10":"instock","11":"shipping-taxable","12":"product-type-simple"},"_links":{"self":[{"href":"https:\/\/www.jymachinetech.com\/fr\/wp-json\/wp\/v2\/product\/1824","targetHints":{"allow":["GET"]}}],"collection":[{"href":"https:\/\/www.jymachinetech.com\/fr\/wp-json\/wp\/v2\/product"}],"about":[{"href":"https:\/\/www.jymachinetech.com\/fr\/wp-json\/wp\/v2\/types\/product"}],"replies":[{"embeddable":true,"href":"https:\/\/www.jymachinetech.com\/fr\/wp-json\/wp\/v2\/comments?post=1824"}],"version-history":[{"count":4,"href":"https:\/\/www.jymachinetech.com\/fr\/wp-json\/wp\/v2\/product\/1824\/revisions"}],"predecessor-version":[{"id":6944,"href":"https:\/\/www.jymachinetech.com\/fr\/wp-json\/wp\/v2\/product\/1824\/revisions\/6944"}],"wp:featuredmedia":[{"embeddable":true,"href":"https:\/\/www.jymachinetech.com\/fr\/wp-json\/wp\/v2\/media\/4927"}],"wp:attachment":[{"href":"https:\/\/www.jymachinetech.com\/fr\/wp-json\/wp\/v2\/media?parent=1824"}],"wp:term":[{"taxonomy":"product_brand","embeddable":true,"href":"https:\/\/www.jymachinetech.com\/fr\/wp-json\/wp\/v2\/product_brand?post=1824"},{"taxonomy":"product_cat","embeddable":true,"href":"https:\/\/www.jymachinetech.com\/fr\/wp-json\/wp\/v2\/product_cat?post=1824"},{"taxonomy":"product_tag","embeddable":true,"href":"https:\/\/www.jymachinetech.com\/fr\/wp-json\/wp\/v2\/product_tag?post=1824"}],"curies":[{"name":"wp","href":"https:\/\/api.w.org\/{rel}","templated":true}]}}