{"id":1772,"date":"2024-01-17T09:54:31","date_gmt":"2024-01-17T09:54:31","guid":{"rendered":"https:\/\/www.jymachinetech.com\/?post_type=product&#038;p=1772"},"modified":"2025-07-28T05:45:34","modified_gmt":"2025-07-28T05:45:34","slug":"marshmallow-processing-line","status":"publish","type":"product","link":"https:\/\/www.jymachinetech.com\/fr\/product\/marshmallow-processing-line\/","title":{"rendered":"Ligne de production de guimauves | Machine et \u00e9quipement de production de guimauves"},"content":{"rendered":"<h2 data-pm-slice=\"1 1 []\"><strong>Ligne de production de guimauves enti\u00e8rement automatique - Machines haut de gamme pour formes et fourrages vari\u00e9s<\/strong><\/h2>\n<p><a href=\"https:\/\/www.jymachinetech.com\/wp-content\/uploads\/2025\/07\/Marshmallow-Production-Line1.png\" target=\"_blank\"><img fetchpriority=\"high\" decoding=\"async\" class=\"alignnone size-large wp-image-7446\" src=\"https:\/\/www.jymachinetech.com\/wp-content\/uploads\/2025\/07\/Marshmallow-Production-Line1-1024x682.png\" alt=\"\" width=\"800\" height=\"533\"><\/a><\/p>\n<p>Notre ligne de production continue compl\u00e8te et enti\u00e8rement automatis\u00e9e produit des guimauves de qualit\u00e9 sup\u00e9rieure de diff\u00e9rentes couleurs, formes et vari\u00e9t\u00e9s fourr\u00e9es. La ligne dispose de capacit\u00e9s d'extrusion polyvalentes, permettant la production de formes sp\u00e9cifiques et de formes vari\u00e9es pour r\u00e9pondre \u00e0 diverses exigences en mati\u00e8re de produits, y compris des personnages de dessins anim\u00e9s, des cordes torsad\u00e9es et des options fourr\u00e9es aux fruits.<\/p>\n<p><iframe title=\"Ligne de production de guimauve\" width=\"800\" height=\"450\" src=\"https:\/\/www.youtube.com\/embed\/y9jU_ro50VY?feature=oembed\" frameborder=\"0\" allow=\"accelerometer; autoplay; clipboard-write; encrypted-media; gyroscope; picture-in-picture; web-share\" referrerpolicy=\"strict-origin-when-cross-origin\" allowfullscreen><\/iframe><\/p>\n<table style=\"min-width: 125px;\">\n<colgroup>\n<col style=\"min-width: 25px;\" \/>\n<col style=\"min-width: 25px;\" \/>\n<col style=\"min-width: 25px;\" \/>\n<col style=\"min-width: 25px;\" \/>\n<col style=\"min-width: 25px;\" \/><\/colgroup>\n<tbody>\n<tr>\n<th colspan=\"1\" rowspan=\"1\">Mod\u00e8le<\/th>\n<th colspan=\"1\" rowspan=\"1\">JYM500<\/th>\n<th colspan=\"1\" rowspan=\"1\">JYM600<\/th>\n<th colspan=\"1\" rowspan=\"1\">JYM900<\/th>\n<th colspan=\"1\" rowspan=\"1\">JYM1200<\/th>\n<\/tr>\n<tr>\n<td colspan=\"1\" rowspan=\"1\">Largeur de travail<\/td>\n<td colspan=\"1\" rowspan=\"1\">450mm<\/td>\n<td colspan=\"1\" rowspan=\"1\">600mm<\/td>\n<td colspan=\"1\" rowspan=\"1\">900mm<\/td>\n<td colspan=\"1\" rowspan=\"1\">1200mm<\/td>\n<\/tr>\n<tr>\n<td colspan=\"1\" rowspan=\"1\">Capacit\u00e9<\/td>\n<td colspan=\"1\" rowspan=\"1\">80-150kg\/h<\/td>\n<td colspan=\"1\" rowspan=\"1\">120-200kg\/h<\/td>\n<td colspan=\"1\" rowspan=\"1\">200-300kg\/h<\/td>\n<td colspan=\"1\" rowspan=\"1\">300-500kg\/h<\/td>\n<\/tr>\n<tr>\n<td colspan=\"1\" rowspan=\"1\">Couleur du produit<\/td>\n<td colspan=\"1\" rowspan=\"1\">Uniquement pour les c\u00e9libataires<\/td>\n<td colspan=\"1\" rowspan=\"1\">4 couleurs<\/td>\n<td colspan=\"1\" rowspan=\"1\">4 couleurs<\/td>\n<td colspan=\"1\" rowspan=\"1\">4 couleurs<\/td>\n<\/tr>\n<tr>\n<td colspan=\"1\" rowspan=\"1\">Buses d'extrudeuse<\/td>\n<td colspan=\"1\" rowspan=\"1\">Max5<\/td>\n<td colspan=\"1\" rowspan=\"1\">5-6<\/td>\n<td colspan=\"1\" rowspan=\"1\">8-12<\/td>\n<td colspan=\"1\" rowspan=\"1\">16<\/td>\n<\/tr>\n<tr>\n<td colspan=\"1\" rowspan=\"1\">Buses de d\u00e9p\u00f4t<\/td>\n<td colspan=\"1\" rowspan=\"1\">NON\/<\/td>\n<td colspan=\"1\" rowspan=\"1\">12+<\/td>\n<td colspan=\"1\" rowspan=\"1\">24-28<\/td>\n<td colspan=\"1\" rowspan=\"1\">36-45<\/td>\n<\/tr>\n<\/tbody>\n<\/table>\n<p><strong>Qualit\u00e9 et texture sup\u00e9rieures :<\/strong>\u00a0Notre cr\u00e9ateur <a title=\"Guide d&#039;achat de la machine \u00e0 guimauve - Comment choisir la bonne machine \u00e0 guimauve\" href=\"https:\/\/www.jymachinetech.com\/fr\/marshmallow-machine-buying-guide\/\" data-wpil-monitor-id=\"160\" target=\"_blank\">La machine produit des guimauves tr\u00e8s a\u00e9r\u00e9es<\/a> qui sont\u00a0<strong>d\u00e9licatement lisse et luxueusement moelleux<\/strong>. L'\u00e9quipement garantit une texture duveteuse constante et une qualit\u00e9 l\u00e9g\u00e8re, en fournissant la texture souhait\u00e9e gr\u00e2ce \u00e0 un contr\u00f4le pr\u00e9cis et \u00e0 une technologie de pointe.<\/p>\n<p><strong>Formes et couleurs vari\u00e9es :<\/strong>\u00a0La machine d'extrusion produit\u00a0<strong>jusqu'\u00e0 4 couleurs simultan\u00e9ment \u00e0 une seule buse<\/strong>, permettant\u00a0<strong>formes multiples et cordes de guimauve torsad\u00e9es<\/strong>. Il permet la production de diff\u00e9rentes couleurs et de formes sp\u00e9cifiques, ainsi que la combinaison d'ar\u00f4mes et de garnitures pour une personnalisation maximale.<\/p>\n<p><strong>Remplissages et combinaisons innovants :<\/strong>\u00a0La machine de d\u00e9p\u00f4t cr\u00e9e\u00a0<strong>guimauves fourr\u00e9es au centre<\/strong>\u00a0(comme la confiture ou le chocolat) et\u00a0<strong>guimauves bicolores<\/strong>\u00a0ressemblant\u00a0<strong>garnitures pour cr\u00e8me glac\u00e9e<\/strong>. Le syst\u00e8me permet de cr\u00e9er des guimauves aromatis\u00e9es et une large gamme de combinaisons de saveurs, y compris des vari\u00e9t\u00e9s bicolores et \u00e0 remplissage central.<\/p>\n<p><strong>Automatisation sans faille :<\/strong>\u00a0Un syst\u00e8me de s\u00e9chage automatique int\u00e9gr\u00e9\u00a0<strong>ne n\u00e9cessite aucune intervention manuelle<\/strong>\u00a0jusqu'\u00e0 l'emballage, ce qui permet de rationaliser la production. La technologie et les syst\u00e8mes sont con\u00e7us pour \u00eatre faciles \u00e0 utiliser, pour r\u00e9duire les co\u00fbts de main-d'\u0153uvre et pour atteindre une grande efficacit\u00e9 de production en minimisant les interventions manuelles et les co\u00fbts de main-d'\u0153uvre.<\/p>\n<p><strong>Solution de bout en bout :<\/strong>\u00a0Cette ligne d'a\u00e9ration continue est fournie en tant que\u00a0<strong>ensemble complet<\/strong>Le programme d'action de l'Union europ\u00e9enne, qui s'occupe de tout, de la\u00a0<strong>de l'\u00e9bullition des mati\u00e8res premi\u00e8res au s\u00e9chage et \u00e0 l'emballage<\/strong>. La machine \u00e0 guimauve et ses composants sont en acier inoxydable pour garantir la s\u00e9curit\u00e9 alimentaire et l'hygi\u00e8ne, et le processus de production est con\u00e7u pour \u00eatre rentable et minimiser les d\u00e9chets.<\/p>\n<p><strong>Personnalisation maximale :<\/strong>\u00a0Produits\u00a0<strong>unicolores, multicolores, torsad\u00e9s, en forme de dessins anim\u00e9s, en forme de cr\u00e8me glac\u00e9e et en forme de guimauves fourr\u00e9es aux fruits<\/strong>. Le syst\u00e8me peut r\u00e9pondre \u00e0 la demande du march\u00e9 et aux exigences des produits pour l'industrie de la confiserie et les entreprises, y compris la capacit\u00e9 de produire une gamme de produits de qualit\u00e9. <a title=\"Machine de fabrication de bonbons durs - Usine de ligne de production de bonbons durs\" href=\"https:\/\/www.jymachinetech.com\/fr\/product\/hard-candy-making-machine\/\" data-wpil-monitor-id=\"163\" target=\"_blank\">produits de confiserie dans une usine<\/a> de la mise en place.<br \/>\n<a href=\"https:\/\/www.jymachinetech.com\/wp-content\/uploads\/2025\/07\/Marshmallow-Production-Line2.jpg\" target=\"_blank\"><img decoding=\"async\" class=\"alignnone size-full wp-image-7447\" src=\"https:\/\/www.jymachinetech.com\/wp-content\/uploads\/2025\/07\/Marshmallow-Production-Line2.jpg\" alt=\"\" width=\"1024\" height=\"255\" srcset=\"https:\/\/www.jymachinetech.com\/wp-content\/uploads\/2025\/07\/Marshmallow-Production-Line2.jpg 1024w, https:\/\/www.jymachinetech.com\/wp-content\/uploads\/2025\/07\/Marshmallow-Production-Line2-18x4.jpg 18w, https:\/\/www.jymachinetech.com\/wp-content\/uploads\/2025\/07\/Marshmallow-Production-Line2-600x149.jpg 600w\" sizes=\"(max-width: 1024px) 100vw, 1024px\" \/><\/a><\/p>\n<p><strong>Flux de processus de l'\u00e9quipement :<\/strong>Fusion de la g\u00e9latine \u2192 Dissolution du sucre \u2192 A\u00e9ration \u2192 CFA (Continuous Foam Aeration) \u2192 \u00c9talement de l'amidon \u2192 Formation \u2192 D\u00e9samidage \u2192 Vieillissement \u2192\u00a0<strong>S\u00e9chage automatique<\/strong>\u00a0\u2192 Emballage<\/p>\n<p>&nbsp;<\/p>\n<p>Vous trouverez ci-dessous une \"liste de contr\u00f4le de l'op\u00e9rateur\" concise, \u00e9tape par \u00e9tape, qui suit exactement les 11 \u00e9tapes que vous avez \u00e9num\u00e9r\u00e9es.<\/p>\n<p>Utilisez-le comme r\u00e9f\u00e9rence dans la salle de contr\u00f4le ou comme base de votre documentation HACCP \/ SOP.<\/p>\n<p>&nbsp;<\/p>\n<p>\u2500\u2500\u2500\u2500\u2500\u2500\u2500\u2500\u2500\u2500\u2500\u2500\u2500\u2500\u2500\u2500\u2500\u2500\u2500\u2500\u2500\u2500\u2500\u2500\u2500\u2500<\/p>\n<p>FLUX DE GUIMAUVE ENTI\u00c8REMENT AUTOMATIQUE - LISTE DE CONTR\u00d4LE DE L'OP\u00c9RATEUR<\/p>\n<p>\u2500\u2500\u2500\u2500\u2500\u2500\u2500\u2500\u2500\u2500\u2500\u2500\u2500\u2500\u2500\u2500\u2500\u2500\u2500\u2500\u2500\u2500\u2500\u2500\u2500\u2500<\/p>\n<p><a href=\"https:\/\/www.jymachinetech.com\/wp-content\/uploads\/2025\/07\/Marshmallow-Production-Line3.jpg\" target=\"_blank\"><img decoding=\"async\" class=\"alignnone size-full wp-image-7448\" src=\"https:\/\/www.jymachinetech.com\/wp-content\/uploads\/2025\/07\/Marshmallow-Production-Line3.jpg\" alt=\"\" width=\"863\" height=\"575\" srcset=\"https:\/\/www.jymachinetech.com\/wp-content\/uploads\/2025\/07\/Marshmallow-Production-Line3.jpg 863w, https:\/\/www.jymachinetech.com\/wp-content\/uploads\/2025\/07\/Marshmallow-Production-Line3-18x12.jpg 18w, https:\/\/www.jymachinetech.com\/wp-content\/uploads\/2025\/07\/Marshmallow-Production-Line3-600x400.jpg 600w\" sizes=\"(max-width: 863px) 100vw, 863px\" \/><\/a><\/p>\n<ol>\n<li>PRE-MELANGEUR<\/li>\n<\/ol>\n<p>- Charger de l'eau, du sucre cristallis\u00e9, du sirop de glucose, une solution de g\u00e9latine (ou autre hydrocollo\u00efde), des colorants\/ar\u00f4mes stables \u00e0 la chaleur et du sirop de ma\u00efs en tant qu'ingr\u00e9dient cl\u00e9 pour pr\u00e9parer le m\u00e9lange.<\/p>\n<p>- Prise : dissoudre \u00e0 75-80 \u00b0C, 60-90 rpm, jusqu'\u00e0 ce que le Brix atteigne 78-80 \u00b0.<\/p>\n<p>- Assurer la consistance du m\u00e9lange pour obtenir un produit de confiserie tr\u00e8s a\u00e9r\u00e9.<\/p>\n<p>- S\u00e9quence de rin\u00e7age CIP \u00e0 la fin du lot.<\/p>\n<p>&nbsp;<\/p>\n<p>&nbsp;<\/p>\n<ol start=\"2\">\n<li>CUISEUR (FLASH OU TUBE)<\/li>\n<\/ol>\n<p>- Alimentation continue \u00e0 partir du pr\u00e9-m\u00e9langeur.<\/p>\n<p>- Objectif : 105-110 \u00b0C, humidit\u00e9 finale 18-22 %.<\/p>\n<p>- Alarme de r\u00e9fractom\u00e8tre en ligne si Brix &lt; 76 \u00b0.<\/p>\n<p>&nbsp;<\/p>\n<ol start=\"3\">\n<li>REFROIDISSEUR D'EAU GLAC\u00c9E<\/li>\n<\/ol>\n<p>- \u00c9changeur de chaleur \u00e0 plaques \u00e0 65-70 \u00b0C.<\/p>\n<p>- Important : \u00e9viter les temp\u00e9ratures inf\u00e9rieures \u00e0 60 \u00b0C (pour \u00e9viter que la g\u00e9latine ne se fige).<\/p>\n<p>&nbsp;<\/p>\n<ol start=\"4\">\n<li>A\u00c9RATEUR CONTINU<br \/>\n<a href=\"https:\/\/www.jymachinetech.com\/wp-content\/uploads\/2025\/07\/Marshmallow-Production-Line4.jpg\" target=\"_blank\"><img loading=\"lazy\" decoding=\"async\" class=\"alignnone size-full wp-image-7449\" src=\"https:\/\/www.jymachinetech.com\/wp-content\/uploads\/2025\/07\/Marshmallow-Production-Line4.jpg\" alt=\"\" width=\"793\" height=\"595\" srcset=\"https:\/\/www.jymachinetech.com\/wp-content\/uploads\/2025\/07\/Marshmallow-Production-Line4.jpg 793w, https:\/\/www.jymachinetech.com\/wp-content\/uploads\/2025\/07\/Marshmallow-Production-Line4-16x12.jpg 16w, https:\/\/www.jymachinetech.com\/wp-content\/uploads\/2025\/07\/Marshmallow-Production-Line4-600x450.jpg 600w\" sizes=\"(max-width: 793px) 100vw, 793px\" \/><\/a><\/li>\n<\/ol>\n<p>- R\u00e9gler le d\u00e9passement 250-300 %.<\/p>\n<p>- D\u00e9bitm\u00e8tre d'air : 3-6 bar, filtre st\u00e9rile.<\/p>\n<p>- V\u00e9rifier la courbe de couple - les pics indiquent que l'\u00e9cran est bloqu\u00e9.<\/p>\n<p>&nbsp;<\/p>\n<ol start=\"5\">\n<li>Remplissage du centre de la fonction de d\u00e9p\u00f4t pour les formes tridimensionnelles<br \/>\n<a href=\"https:\/\/www.jymachinetech.com\/wp-content\/uploads\/2025\/07\/Marshmallow-Production-Line5.jpg\" target=\"_blank\"><img loading=\"lazy\" decoding=\"async\" class=\"alignnone size-full wp-image-7450\" src=\"https:\/\/www.jymachinetech.com\/wp-content\/uploads\/2025\/07\/Marshmallow-Production-Line5.jpg\" alt=\"\" width=\"900\" height=\"600\" srcset=\"https:\/\/www.jymachinetech.com\/wp-content\/uploads\/2025\/07\/Marshmallow-Production-Line5.jpg 900w, https:\/\/www.jymachinetech.com\/wp-content\/uploads\/2025\/07\/Marshmallow-Production-Line5-18x12.jpg 18w, https:\/\/www.jymachinetech.com\/wp-content\/uploads\/2025\/07\/Marshmallow-Production-Line5-600x400.jpg 600w\" sizes=\"(max-width: 900px) 100vw, 900px\" \/><\/a><\/li>\n<\/ol>\n<p>&nbsp;<\/p>\n<p>- Manifold divise la base en 2-3 couleurs en un seul marshmallow.<\/p>\n<p>- Les pompes p\u00e9ristaltiques dosent les ar\u00f4mes et les couleurs sensibles \u00e0 la chaleur (&lt; 45 \u00b0C).<\/p>\n<p>- V\u00e9rifier que les rapports de d\u00e9bit correspondent \u00e0 la fiche de recette.<\/p>\n<p>&nbsp;<\/p>\n<ol start=\"6\">\n<li>Ext ruder-extrusion 4 couleurs en un seul rouleau de guimauve.<br \/>\n<a href=\"https:\/\/www.jymachinetech.com\/wp-content\/uploads\/2025\/07\/Marshmallow-Production-Line6.png\" target=\"_blank\"><img loading=\"lazy\" decoding=\"async\" class=\"alignnone size-full wp-image-7451\" src=\"https:\/\/www.jymachinetech.com\/wp-content\/uploads\/2025\/07\/Marshmallow-Production-Line6.png\" alt=\"\" width=\"703\" height=\"382\" srcset=\"https:\/\/www.jymachinetech.com\/wp-content\/uploads\/2025\/07\/Marshmallow-Production-Line6.png 703w, https:\/\/www.jymachinetech.com\/wp-content\/uploads\/2025\/07\/Marshmallow-Production-Line6-18x10.png 18w, https:\/\/www.jymachinetech.com\/wp-content\/uploads\/2025\/07\/Marshmallow-Production-Line6-600x326.png 600w\" sizes=\"(max-width: 703px) 100vw, 703px\" \/><\/a><\/li>\n<\/ol>\n<p>- Temp\u00e9rature de la matrice 45-48 \u00b0C (\u00e9vite les d\u00e9chirures).<\/p>\n<p>- Tunnel de refroidissement : 15-18 \u00b0C, 4-6 min de s\u00e9jour, RH &lt; 55 %.<\/p>\n<p>- Vitesse de la bande synchronis\u00e9e avec la coupe en aval.<\/p>\n<p>&nbsp;<\/p>\n<ol start=\"7\">\n<li>CABINE DE D\u00c9POUSSI\u00c9RAGE (AMIDON \/ SUCRE GLACE)<\/li>\n<\/ol>\n<p>- Les d\u00e9poussi\u00e9reurs sup\u00e9rieurs et inf\u00e9rieurs sont fix\u00e9s \u00e0 1,5-2 g par 100 g de produit.<\/p>\n<p>- La lame rotative coupe \u00e0 la longueur \u00b11 mm.<\/p>\n<p>- Cabine sous pression n\u00e9gative de -25 Pa ; aspiration HEPA.<\/p>\n<p>- L'utilisation de poudres permet d'\u00e9viter le collage et de maintenir la qualit\u00e9 du produit.<\/p>\n<p>&nbsp;<\/p>\n<ol start=\"8\">\n<li>CONTR\u00d4LE DE LA POUSSI\u00c8RE \/ \u00c9LIMINATION DES EXC\u00c9DENTS<\/li>\n<\/ol>\n<p>- Des secoueurs vibrants + une lame d'air invers\u00e9e \u00e9liminent l'amidon exc\u00e9dentaire.<\/p>\n<p>- D\u00e9tecteur de m\u00e9taux en ligne apr\u00e8s le secoueur.<\/p>\n<p>- Un d\u00e9poussi\u00e9rage suppl\u00e9mentaire permet d'\u00e9viter le collage et de garantir l'int\u00e9grit\u00e9 du produit.<\/p>\n<p>&nbsp;<\/p>\n<ol start=\"9\">\n<li>BANDE D'\u00c9TIRAGE ET SYST\u00c8ME DE S\u00c9CHAGE AUTOMATIQUES<br \/>\n<a href=\"https:\/\/www.jymachinetech.com\/wp-content\/uploads\/2025\/07\/Marshmallow-Production-Line7.png\" target=\"_blank\"><img loading=\"lazy\" decoding=\"async\" class=\"alignnone size-full wp-image-7452\" src=\"https:\/\/www.jymachinetech.com\/wp-content\/uploads\/2025\/07\/Marshmallow-Production-Line7.png\" alt=\"\" width=\"900\" height=\"600\" srcset=\"https:\/\/www.jymachinetech.com\/wp-content\/uploads\/2025\/07\/Marshmallow-Production-Line7.png 900w, https:\/\/www.jymachinetech.com\/wp-content\/uploads\/2025\/07\/Marshmallow-Production-Line7-18x12.png 18w, https:\/\/www.jymachinetech.com\/wp-content\/uploads\/2025\/07\/Marshmallow-Production-Line7-600x400.png 600w\" sizes=\"(max-width: 900px) 100vw, 900px\" \/><\/a><\/li>\n<\/ol>\n<p>- 25-35 \u00b0C\uff0cHumidit\u00e9 inf\u00e9rieure \u00e0 55%<\/p>\n<p>- Tunnel de refroidissement 12-15 \u00b0C, 6-8 min.<\/p>\n<p>&nbsp;<\/p>\n<ol start=\"10\">\n<li>EMBALLAGE<\/li>\n<\/ol>\n<p>- Transfert via le tapis de distribution vers la flow-wrapper.<\/p>\n<p>- Option MAP : N\u2082 affleurant, O\u2082 &lt; 1 %.<\/p>\n<p>- V\u00e9rifier l'int\u00e9grit\u00e9 du joint (test de d\u00e9composition du vide toutes les 30 minutes).<\/p>\n<p>- L'emballage est l'\u00e9tape finale du processus de production, qui permet de pr\u00e9server la dur\u00e9e de conservation et la qualit\u00e9 des produits. <a title=\"Comment les machines de fabrication de bonbons g\u00e9lifi\u00e9s garantissent-elles le respect des normes de s\u00e9curit\u00e9 alimentaire ?\" href=\"https:\/\/www.jymachinetech.com\/fr\/how-is-popping-boba-made-in-factories\/\" data-wpil-monitor-id=\"161\" target=\"_blank\">garantir la s\u00e9curit\u00e9 alimentaire<\/a>.<\/p>\n<p>&nbsp;<\/p>\n<p>\u2500\u2500\u2500\u2500\u2500\u2500\u2500\u2500\u2500\u2500\u2500\u2500\u2500\u2500\u2500\u2500\u2500\u2500\u2500\u2500\u2500\u2500\u2500\u2500\u2500\u2500<\/p>\n<p>NOTES SUR LA S\u00c9CURIT\u00c9 ET LA QUALIT\u00c9<\/p>\n<p>- Toutes les pi\u00e8ces de contact en acier inoxydable 304 ou 316 ; cycles CIP\/SIP complets.<\/p>\n<p>- Points de contr\u00f4le critiques (CCP) : temp\u00e9rature de cuisson, d\u00e9tection des m\u00e9taux, scellage de l'emballage.<\/p>\n<p>- D\u00e9bits typiques : 300-500 kg\/h sur une ligne d'extrusion de 1,2 m.<\/p>\n<p>- Les machines sont con\u00e7ues avec des syst\u00e8mes avanc\u00e9s pour un contr\u00f4le pr\u00e9cis, et des sp\u00e9cifications techniques sont disponibles pour tous les composants afin de garantir des performances optimales. La s\u00e9curit\u00e9 alimentaire et l'hygi\u00e8ne sont des priorit\u00e9s tout au long du processus de production. <a title=\"ACCUEIL\" href=\"https:\/\/www.jymachinetech.com\/fr\/\" data-wpil-monitor-id=\"164\" target=\"_blank\">production de l'industrie de la confiserie<\/a> processus.<\/p>\n<p>- Notre soci\u00e9t\u00e9 est sp\u00e9cialis\u00e9e dans la fourniture de <a title=\"La meilleure ligne de production de bonbons g\u00e9lifi\u00e9s : Un guide complet pour les d\u00e9butants\" href=\"https:\/\/www.jymachinetech.com\/fr\/the-best-gummy-candy-production-line-a-complete-guide-for-beginners\/\" data-wpil-monitor-id=\"162\" target=\"_blank\">lignes de production compl\u00e8tes<\/a> et des machines pour l'industrie de la confiserie, au service des entreprises et des usines avec une capacit\u00e9 de production \u00e9lev\u00e9e, une grande efficacit\u00e9 de production et des solutions d'automatisation fiables.<\/p>\n<p>&nbsp;<\/p>\n<h2 style=\"box-sizing: border-box; font-family: Poppins, sans-serif; font-size: 32px; font-weight: 400; line-height: 35.2px; letter-spacing: -2px; text-align: center;\"><strong style=\"box-sizing: border-box;\">Obtenez un devis maintenant :<\/strong><\/h2>\n<p style=\"box-sizing: border-box; margin-bottom: 10px; font-family: Poppins, sans-serif; text-align: center;\">Pour des tarifs personnalis\u00e9s et pour en savoir plus sur notre ligne de production de guimauves, contactez-nous d\u00e8s aujourd&#039;hui.<\/p>\n<p style=\"box-sizing: border-box; margin-bottom: 10px; font-family: Poppins, sans-serif; text-align: center;\"><a style=\"text-decoration-line: none; box-sizing: border-box; box-shadow: none; color: #204be2;\" href=\"https:\/\/www.jymachinetech.com\/fr\/?attachment_id=4767\" rel=\"attachment wp-att-4767\" target=\"_blank\"><img loading=\"lazy\" decoding=\"async\" class=\"alignnone size-full wp-image-4767 entered litespeed-loaded\" style=\"box-sizing: border-box; border: none; border-radius: 0px; box-shadow: none;\" src=\"https:\/\/www.jymachinetech.com\/wp-content\/uploads\/2024\/01\/1.jpg\" sizes=\"(max-width: 900px) 100vw, 900px\" srcset=\"https:\/\/www.jymachinetech.com\/wp-content\/uploads\/2024\/01\/1.jpg 900w, https:\/\/www.jymachinetech.com\/wp-content\/uploads\/2024\/01\/1-300x200.jpg 300w, https:\/\/www.jymachinetech.com\/wp-content\/uploads\/2024\/01\/1-768x512.jpg 768w, https:\/\/www.jymachinetech.com\/wp-content\/uploads\/2024\/01\/1-18x12.jpg 18w, https:\/\/www.jymachinetech.com\/wp-content\/uploads\/2024\/01\/1-480x320.jpg 480w, https:\/\/www.jymachinetech.com\/wp-content\/uploads\/2024\/01\/1-600x400.jpg 600w\" alt=\"1\" width=\"900\" height=\"600\" data-lazyloaded=\"1\" data-src=\"https:\/\/www.jymachinetech.com\/wp-content\/uploads\/2024\/01\/1.jpg\" data-srcset=\"https:\/\/www.jymachinetech.com\/wp-content\/uploads\/2024\/01\/1.jpg 900w, https:\/\/www.jymachinetech.com\/wp-content\/uploads\/2024\/01\/1-300x200.jpg 300w, https:\/\/www.jymachinetech.com\/wp-content\/uploads\/2024\/01\/1-768x512.jpg 768w, https:\/\/www.jymachinetech.com\/wp-content\/uploads\/2024\/01\/1-18x12.jpg 18w, https:\/\/www.jymachinetech.com\/wp-content\/uploads\/2024\/01\/1-480x320.jpg 480w, https:\/\/www.jymachinetech.com\/wp-content\/uploads\/2024\/01\/1-600x400.jpg 600w\" data-sizes=\"(max-width: 900px) 100vw, 900px\" data-ll-status=\"loaded\" \/><\/a><\/p>\n<p style=\"box-sizing: border-box; margin-bottom: 10px; font-family: Poppins, sans-serif; text-align: center;\"><a style=\"text-decoration-line: none; box-sizing: border-box; box-shadow: none; color: #204be2;\" href=\"https:\/\/www.jymachinetech.com\/fr\/?attachment_id=4774\" rel=\"attachment wp-att-4774\" target=\"_blank\"><img loading=\"lazy\" decoding=\"async\" class=\"alignnone size-large wp-image-4774 entered litespeed-loaded\" style=\"box-sizing: border-box; border: none; border-radius: 0px; box-shadow: none;\" src=\"https:\/\/www.jymachinetech.com\/wp-content\/uploads\/2024\/01\/8-768x1024.jpg\" sizes=\"(max-width: 768px) 100vw, 768px\" srcset=\"https:\/\/www.jymachinetech.com\/wp-content\/uploads\/2024\/01\/8-768x1023.jpg 768w, https:\/\/www.jymachinetech.com\/wp-content\/uploads\/2024\/01\/8-225x300.jpg 225w, https:\/\/www.jymachinetech.com\/wp-content\/uploads\/2024\/01\/8-9x12.jpg 9w, https:\/\/www.jymachinetech.com\/wp-content\/uploads\/2024\/01\/8-980x1306.jpg 980w, https:\/\/www.jymachinetech.com\/wp-content\/uploads\/2024\/01\/8-480x640.jpg 480w, https:\/\/www.jymachinetech.com\/wp-content\/uploads\/2024\/01\/8-600x800.jpg 600w, https:\/\/www.jymachinetech.com\/wp-content\/uploads\/2024\/01\/8-rotated.jpg 1001w\" alt=\"8\" width=\"768\" height=\"1024\" data-lazyloaded=\"1\" data-src=\"https:\/\/www.jymachinetech.com\/wp-content\/uploads\/2024\/01\/8-768x1024.jpg\" data-srcset=\"https:\/\/www.jymachinetech.com\/wp-content\/uploads\/2024\/01\/8-768x1023.jpg 768w, https:\/\/www.jymachinetech.com\/wp-content\/uploads\/2024\/01\/8-225x300.jpg 225w, https:\/\/www.jymachinetech.com\/wp-content\/uploads\/2024\/01\/8-9x12.jpg 9w, https:\/\/www.jymachinetech.com\/wp-content\/uploads\/2024\/01\/8-980x1306.jpg 980w, https:\/\/www.jymachinetech.com\/wp-content\/uploads\/2024\/01\/8-480x640.jpg 480w, https:\/\/www.jymachinetech.com\/wp-content\/uploads\/2024\/01\/8-600x800.jpg 600w, https:\/\/www.jymachinetech.com\/wp-content\/uploads\/2024\/01\/8-rotated.jpg 1001w\" data-sizes=\"(max-width: 768px) 100vw, 768px\" data-ll-status=\"loaded\" \/><\/a><\/p>","protected":false},"excerpt":{"rendered":"<ul>\n<li>Op\u00e9ration simple<\/li>\n<li>Prix raisonnable<\/li>\n<li>4 couleurs dans 1 guimauve<\/li>\n<li>Extrudeuse de corde de guimauve<\/li>\n<li>D\u00e9posant rempli au centre<\/li>\n<li>Syst\u00e8me de m\u00e9lange automatique CFA<\/li>\n<li>Machine de d\u00e9coupe servo<\/li>\n<li>Syst\u00e8me de s\u00e9chage automatique<\/li>\n<\/ul>","protected":false},"featured_media":7448,"comment_status":"closed","ping_status":"closed","template":"","meta":[],"product_brand":[],"product_cat":[16,101],"product_tag":[199],"class_list":{"0":"post-1772","1":"product","2":"type-product","3":"status-publish","4":"has-post-thumbnail","6":"product_cat-candy-machine","7":"product_cat-marshmallow-machine","8":"product_tag-marshmallow-production-line","10":"first","11":"instock","12":"shipping-taxable","13":"product-type-simple"},"_links":{"self":[{"href":"https:\/\/www.jymachinetech.com\/fr\/wp-json\/wp\/v2\/product\/1772","targetHints":{"allow":["GET"]}}],"collection":[{"href":"https:\/\/www.jymachinetech.com\/fr\/wp-json\/wp\/v2\/product"}],"about":[{"href":"https:\/\/www.jymachinetech.com\/fr\/wp-json\/wp\/v2\/types\/product"}],"replies":[{"embeddable":true,"href":"https:\/\/www.jymachinetech.com\/fr\/wp-json\/wp\/v2\/comments?post=1772"}],"version-history":[{"count":6,"href":"https:\/\/www.jymachinetech.com\/fr\/wp-json\/wp\/v2\/product\/1772\/revisions"}],"predecessor-version":[{"id":7460,"href":"https:\/\/www.jymachinetech.com\/fr\/wp-json\/wp\/v2\/product\/1772\/revisions\/7460"}],"wp:featuredmedia":[{"embeddable":true,"href":"https:\/\/www.jymachinetech.com\/fr\/wp-json\/wp\/v2\/media\/7448"}],"wp:attachment":[{"href":"https:\/\/www.jymachinetech.com\/fr\/wp-json\/wp\/v2\/media?parent=1772"}],"wp:term":[{"taxonomy":"product_brand","embeddable":true,"href":"https:\/\/www.jymachinetech.com\/fr\/wp-json\/wp\/v2\/product_brand?post=1772"},{"taxonomy":"product_cat","embeddable":true,"href":"https:\/\/www.jymachinetech.com\/fr\/wp-json\/wp\/v2\/product_cat?post=1772"},{"taxonomy":"product_tag","embeddable":true,"href":"https:\/\/www.jymachinetech.com\/fr\/wp-json\/wp\/v2\/product_tag?post=1772"}],"curies":[{"name":"wp","href":"https:\/\/api.w.org\/{rel}","templated":true}]}}