{"id":1554,"date":"2021-12-26T08:23:23","date_gmt":"2021-12-26T08:23:23","guid":{"rendered":"https:\/\/www.jymachinetech.com\/?post_type=product&#038;p=1554"},"modified":"2025-07-25T05:57:01","modified_gmt":"2025-07-25T05:57:01","slug":"pillow-type-biscuit-packaging-machine","status":"publish","type":"product","link":"https:\/\/www.jymachinetech.com\/fr\/product\/pillow-type-biscuit-packaging-machine\/","title":{"rendered":"Machine de conditionnement de biscuits de type oreiller en vente"},"content":{"rendered":"<h2>Machine d&#039;emballage de biscuits de type oreiller : la solution ultime pour l&#039;emballage de mati\u00e8res solides<\/h2>\n<p><strong>Pr\u00e9sentation du produit :<\/strong> La machine d&#039;emballage de biscuits de type oreiller est une solution d&#039;emballage innovante et polyvalente con\u00e7ue pour r\u00e9pondre aux besoins d&#039;emballage de mati\u00e8res solides de diverses industries. Cette machine est particuli\u00e8rement adapt\u00e9e aux produits tels que les biscuits, les cookies, le pain, les g\u00e2teaux de lune, les bonbons et autres articles solides bien r\u00e9glement\u00e9s. Ses fonctionnalit\u00e9s avanc\u00e9es garantissent que vos produits sont emball\u00e9s efficacement, en pr\u00e9servant leur qualit\u00e9 et leur pr\u00e9sentation.<\/p>\n<p><iframe title=\"petite machine d&#039;emballage de biscuits \/ chips \/ snacks enti\u00e8rement automatique de 250 g, 500 g et 1 kg\" width=\"800\" height=\"600\" src=\"https:\/\/www.youtube.com\/embed\/p9ELBsGSa98?list=PLkC9Irp2ZdYa10tGNGE32CKnGF6V4rKxk\" frameborder=\"0\" allow=\"accelerometer; autoplay; clipboard-write; encrypted-media; gyroscope; picture-in-picture; web-share\" referrerpolicy=\"strict-origin-when-cross-origin\" allowfullscreen><\/iframe><\/p>\n<h2><strong>Principales caract\u00e9ristiques et avantages\u00a0:<\/strong><\/h2>\n<ul>\n<li><strong>Emballage polyvalent pour mati\u00e8res solides :<\/strong> Con\u00e7u pour accueillir une large gamme de produits solides, ce qui en fait un choix id\u00e9al pour diverses lignes de production.<\/li>\n<li><strong>Contr\u00f4le \u00e0 double fr\u00e9quence :<\/strong> Permet un contr\u00f4le pr\u00e9cis du fonctionnement de la machine, garantissant une qualit\u00e9 d'emballage constante.<\/li>\n<li><strong>Longueur du sac flexible :<\/strong> Les r\u00e9glages de longueur de sac variables permettent une utilisation efficace du film, r\u00e9duisant ainsi le gaspillage de mat\u00e9riau.<\/li>\n<li><strong>Efficacit\u00e9 du temps et du film :<\/strong> Rationalise le processus d&#039;emballage, \u00e9conomisant du temps et du film, entra\u00eenant ainsi une r\u00e9duction des co\u00fbts op\u00e9rationnels.<\/li>\n<li><strong>Utilisation conviviale :<\/strong> Des commandes intuitives et une interface simple minimisent la courbe d&#039;apprentissage, permettant une configuration et une utilisation rapides.<\/li>\n<li><strong>Contr\u00f4le de temp\u00e9rature PID s\u00e9par\u00e9 :<\/strong> Gestion pr\u00e9cise de la temp\u00e9rature adapt\u00e9e \u00e0 diff\u00e9rents mat\u00e9riaux d&#039;emballage, garantissant une qualit\u00e9 de scellage optimale.<\/li>\n<li><strong>Suivi optique des marques \u00e0 haute sensibilit\u00e9 :<\/strong> Le suivi avanc\u00e9 garantit un enregistrement et un alignement pr\u00e9cis, ce qui donne des packages d&#039;aspect professionnel.<\/li>\n<li><strong>Syst\u00e8me de conduite simple :<\/strong> La conception m\u00e9canique simple n\u00e9cessite moins d\u2019entretien et offre des performances fiables.<\/li>\n<li><strong>Fonction d&#039;autodiagnostic en cas d&#039;\u00e9chec :<\/strong> Les diagnostics int\u00e9gr\u00e9s aident \u00e0 identifier et \u00e0 r\u00e9soudre rapidement les probl\u00e8mes, minimisant ainsi les temps d&#039;arr\u00eat.<\/li>\n<\/ul>\n<h2><strong>Composants et m\u00e9canismes avanc\u00e9s :<\/strong><\/h2>\n<ul>\n<li><strong>Convoyeur d&#039;alimentation :<\/strong> Charg\u00e9 manuellement, ce syst\u00e8me garantit que les produits sont transf\u00e9r\u00e9s en douceur sur le film pour un emballage uniforme.<\/li>\n<li><strong>Panneau de contr\u00f4le:<\/strong> \u00c9quip\u00e9 d&#039;un contr\u00f4leur de temp\u00e9rature PID s\u00e9par\u00e9, il est adaptable \u00e0 divers mat\u00e9riaux, notamment le film d&#039;aluminium, le film papier, le film PE et le film composite.<\/li>\n<li><strong>Dispositif de formation de sacs :<\/strong> Le dispositif de formation de sacs articul\u00e9 am\u00e9liore le processus de pliage, ce qui permet une formation de sacs de haute qualit\u00e9.<\/li>\n<li><strong>Dispositif d&#039;\u00e9tanch\u00e9it\u00e9 d&#039;extr\u00e9mit\u00e9 rotatif :<\/strong> Les solutions d&#039;\u00e9tanch\u00e9it\u00e9 personnalis\u00e9es comprennent des joints \u00e0 extr\u00e9mit\u00e9 plate, en forme de vague, des trous europ\u00e9ens ou des trous ronds, r\u00e9pondant aux demandes sp\u00e9cifiques des clients.<\/li>\n<\/ul>\n<h2><strong>Personnalisation et application :<\/strong><\/h2>\n<p>La machine d&#039;emballage de biscuits de type oreiller ne se limite pas aux biscuits ; elle peut \u00e9galement \u00eatre adapt\u00e9e \u00e0 d&#039;autres produits solides. Que vous ayez besoin d&#039;emballer des articles individuels ou des quantit\u00e9s en vrac, cette machine peut \u00eatre adapt\u00e9e \u00e0 vos besoins.<\/p>\n<h2><strong>Variantes de mod\u00e8les\u00a0:<\/strong><\/h2>\n<p>Notre gamme de mod\u00e8les (JY-280, JY-380, JY-480, JY-580) offre diff\u00e9rentes capacit\u00e9s pour s'adapter \u00e0 divers volumes de production et largeurs de film, ce qui garantit qu'il existe un mod\u00e8le qui s'adapte parfaitement \u00e0 votre activit\u00e9.<\/p>\n<h2><strong>Sp\u00e9cifications techniques :<\/strong><\/h2>\n<p>Chaque mod\u00e8le est dot\u00e9 de dimensions sp\u00e9cifiques, de capacit\u00e9s de largeur de film et de besoins en \u00e9nergie adapt\u00e9s pour r\u00e9pondre aux besoins des diff\u00e9rentes \u00e9chelles de production.<\/p>\n<h2><strong>Assistance et service apr\u00e8s-vente :<\/strong><\/h2>\n<p>Nous fournissons un support apr\u00e8s-vente complet, comprenant des conseils d&#039;installation, une formation des op\u00e9rateurs et une assistance technique continue pour garantir que votre machine fonctionne \u00e0 des performances optimales.<\/p>\n<h2><strong>Pourquoi choisir notre machine d&#039;emballage de biscuits de type oreiller ?<\/strong><\/h2>\n<ul>\n<li><strong>Construction de qualit\u00e9:<\/strong>\u00a0Construit avec des mat\u00e9riaux de haute qualit\u00e9 pour une durabilit\u00e9 et des performances constantes.<\/li>\n<li><strong>Technologie innovante :<\/strong>\u00a0Int\u00e8gre la derni\u00e8re technologie pour un contr\u00f4le pr\u00e9cis et des r\u00e9sultats d\u2019emballage optimaux.<\/li>\n<li><strong>Options de personnalisation\u00a0:<\/strong>\u00a0Disponible en diff\u00e9rents mod\u00e8les pour s&#039;adapter aux diff\u00e9rents besoins et pr\u00e9f\u00e9rences de production.<\/li>\n<li><strong>Assistance fiable :<\/strong>\u00a0Offre un service client fiable et un support technique tout au long de la dur\u00e9e de vie de votre machine.<\/li>\n<\/ul>\n<div class=\"table-responsive\">\n<table style=\"width: 100%;\">\n<tbody>\n<tr>\n<td>Mod\u00e8le<\/td>\n<td>JY-280<\/td>\n<td>JY-380<\/td>\n<td>JY-480<\/td>\n<td>JY-580<\/td>\n<\/tr>\n<tr>\n<td>Largeur du film<\/td>\n<td>Maximum\u00a0: 250\u00a0mm<\/td>\n<td>Maximum\u00a0: 350\u00a0mm<\/td>\n<td>Maximum\u00a0: 450\u00a0mm<\/td>\n<td>Maximum\u00a0: 550\u00a0mm<\/td>\n<\/tr>\n<tr>\n<td>largeur du sac<\/td>\n<td>30-110mm<\/td>\n<td>50-160mm<\/td>\n<td>60-200mm<\/td>\n<td>60-260mm<\/td>\n<\/tr>\n<tr>\n<td>hauteur du produit<\/td>\n<td>Max.40mm<\/td>\n<td>Max.40mm<\/td>\n<td>Max.80mm<\/td>\n<td>Maximum\u00a0: 80\u00a0mm<\/td>\n<\/tr>\n<tr>\n<td>diam\u00e8tre du rouleau de film<\/td>\n<td>Max.320mm<\/td>\n<td>Max.320mm<\/td>\n<td>Max.320mm<\/td>\n<td>Maximum\u00a0: 320\u00a0mm<\/td>\n<\/tr>\n<tr>\n<td>vitesse d&#039;emballage<\/td>\n<td>40-230 sacs\/min<\/td>\n<td>40-230 sacs\/min<\/td>\n<td>30-180 sacs\/min<\/td>\n<td>30-180 sacs\/min<\/td>\n<\/tr>\n<tr>\n<td>Pouvoir<\/td>\n<td>2.4kw<\/td>\n<td>2.6kw<\/td>\n<td>2.6kw<\/td>\n<td>2.6kw<\/td>\n<\/tr>\n<tr>\n<td>Dimensions(mm)<\/td>\n<td>3770*670*1450<\/td>\n<td>4020*770*1450<\/td>\n<td>4020*920*1450<\/td>\n<td>4020*920*1450<\/td>\n<\/tr>\n<tr>\n<td>Poids de la machine<\/td>\n<td>450 kg<\/td>\n<td>540kg<\/td>\n<td>750kg<\/td>\n<td>800kg<\/td>\n<\/tr>\n<\/tbody>\n<\/table>\n<\/div>\n<p>&nbsp;<\/p>\n<p><img fetchpriority=\"high\" decoding=\"async\" class=\"alignnone wp-image-1892\" title=\"Machine d&#039;emballage de biscuits de type oreiller en vente\" src=\"https:\/\/www.jymachinetech.com\/wp-content\/uploads\/2021\/12\/pillow-biscuit-packaging-1-1024x496.png\" alt=\"Machine d&#039;emballage de biscuits de type oreiller en vente\" width=\"800\" height=\"388\" \/><\/p>\n<p><img decoding=\"async\" class=\"alignnone wp-image-1893 size-full\" title=\"Machine d&#039;emballage de biscuits de type oreiller en vente\" src=\"https:\/\/www.jymachinetech.com\/wp-content\/uploads\/2021\/12\/pillow-biscuit-packaging-2.png\" alt=\"Machine d&#039;emballage de biscuits de type oreiller en vente\" width=\"800\" height=\"600\" srcset=\"https:\/\/www.jymachinetech.com\/wp-content\/uploads\/2021\/12\/pillow-biscuit-packaging-2.png 800w, https:\/\/www.jymachinetech.com\/wp-content\/uploads\/2021\/12\/pillow-biscuit-packaging-2-16x12.png 16w, https:\/\/www.jymachinetech.com\/wp-content\/uploads\/2021\/12\/pillow-biscuit-packaging-2-600x450.png 600w\" sizes=\"(max-width: 800px) 100vw, 800px\" \/><\/p>\n<h2>Convoyeur d&#039;alimentation<\/h2>\n<p>Les travailleurs mettent les produits sur le convoyeur d&#039;alimentation manuellement, le produit passera directement au film.<\/p>\n<p><img decoding=\"async\" class=\"alignnone wp-image-1894\" title=\"Machine d&#039;emballage de biscuits de type oreiller en vente\" src=\"https:\/\/www.jymachinetech.com\/wp-content\/uploads\/2021\/12\/pillow-biscuit-packaging-3.png\" alt=\"Machine d&#039;emballage de biscuits de type oreiller en vente\" width=\"800\" height=\"394\" srcset=\"https:\/\/www.jymachinetech.com\/wp-content\/uploads\/2021\/12\/pillow-biscuit-packaging-3.png 780w, https:\/\/www.jymachinetech.com\/wp-content\/uploads\/2021\/12\/pillow-biscuit-packaging-3-18x9.png 18w, https:\/\/www.jymachinetech.com\/wp-content\/uploads\/2021\/12\/pillow-biscuit-packaging-3-600x295.png 600w\" sizes=\"(max-width: 800px) 100vw, 800px\" \/><\/p>\n<h2>Panneau de commande<\/h2>\n<p>R\u00e9gulateur de temp\u00e9rature PID s\u00e9par\u00e9 adapt\u00e9 \u00e0 divers mat\u00e9riaux d&#039;emballage. Et il est facile de changer la temp\u00e9rature du film aluminium, du film papier, du film PE et du film composite. Quel que soit le type de film dont vous avez besoin, nous pouvons \u00e9galement recommander un fournisseur de film adapt\u00e9 \u00e0 chaque client.<\/p>\n<p><img loading=\"lazy\" decoding=\"async\" class=\"alignnone wp-image-1895\" title=\"Machine d&#039;emballage de biscuits de type oreiller en vente\" src=\"https:\/\/www.jymachinetech.com\/wp-content\/uploads\/2021\/12\/pillow-biscuit-packaging-4.png\" alt=\"Machine d&#039;emballage de biscuits de type oreiller en vente\" width=\"800\" height=\"419\" srcset=\"https:\/\/www.jymachinetech.com\/wp-content\/uploads\/2021\/12\/pillow-biscuit-packaging-4.png 818w, https:\/\/www.jymachinetech.com\/wp-content\/uploads\/2021\/12\/pillow-biscuit-packaging-4-18x9.png 18w, https:\/\/www.jymachinetech.com\/wp-content\/uploads\/2021\/12\/pillow-biscuit-packaging-4-600x314.png 600w\" sizes=\"(max-width: 800px) 100vw, 800px\" \/><\/p>\n<h2>Dispositif de formage de sacs<\/h2>\n<p>Le dispositif de formation de sacs d&#039;article peut plier le film avec une meilleure performance.<\/p>\n<p><img loading=\"lazy\" decoding=\"async\" class=\"alignnone wp-image-1897\" title=\"Machine d&#039;emballage de biscuits de type oreiller en vente\" src=\"https:\/\/www.jymachinetech.com\/wp-content\/uploads\/2021\/12\/pillow-biscuit-packaging-6.png\" alt=\"Machine d&#039;emballage de biscuits de type oreiller en vente\" width=\"800\" height=\"380\" srcset=\"https:\/\/www.jymachinetech.com\/wp-content\/uploads\/2021\/12\/pillow-biscuit-packaging-6.png 530w, https:\/\/www.jymachinetech.com\/wp-content\/uploads\/2021\/12\/pillow-biscuit-packaging-6-18x9.png 18w\" sizes=\"(max-width: 800px) 100vw, 800px\" \/><\/p>\n<h2>Dispositif de scellement d&#039;extr\u00e9mit\u00e9 rotatif<\/h2>\n<p>Les coupeurs peuvent faire des sacs de liaison pour diff\u00e9rents sacs avec des joints d&#039;extr\u00e9mit\u00e9 plats, une forme de vague, des trous europ\u00e9ens ou des trous ronds. Il est personnalis\u00e9 par les demandes de chaque client.<\/p>\n<p><img loading=\"lazy\" decoding=\"async\" class=\"alignnone wp-image-1898 size-full\" title=\"Machine d&#039;emballage de biscuits de type oreiller en vente\" src=\"https:\/\/www.jymachinetech.com\/wp-content\/uploads\/2021\/12\/pillow-biscuit-packaging-7.png\" alt=\"Machine d&#039;emballage de biscuits de type oreiller en vente\" width=\"800\" height=\"600\" srcset=\"https:\/\/www.jymachinetech.com\/wp-content\/uploads\/2021\/12\/pillow-biscuit-packaging-7.png 800w, https:\/\/www.jymachinetech.com\/wp-content\/uploads\/2021\/12\/pillow-biscuit-packaging-7-16x12.png 16w, https:\/\/www.jymachinetech.com\/wp-content\/uploads\/2021\/12\/pillow-biscuit-packaging-7-600x450.png 600w\" sizes=\"(max-width: 800px) 100vw, 800px\" \/><\/p>\n<h2>R\u00e9f\u00e9rence de l&#039;image d&#039;emballage<\/h2>\n<p>Ce type de petit emballage est utilis\u00e9 pour toutes sortes d&#039;emballages de biscuits. Pour des ventes plus pratiques, que ce soit au d\u00e9tail ou en gros en bo\u00eete, c&#039;est un choix id\u00e9al.<\/p>\n<p><img loading=\"lazy\" decoding=\"async\" class=\"alignnone wp-image-1899\" title=\"Machine d&#039;emballage de biscuits de type oreiller en vente\" src=\"https:\/\/www.jymachinetech.com\/wp-content\/uploads\/2021\/12\/pillow-biscuit-packaging-8-1024x484.png\" alt=\"Machine d&#039;emballage de biscuits de type oreiller en vente\" width=\"800\" height=\"378\" \/><\/p>","protected":false},"excerpt":{"rendered":"<p>Cette machine d&#039;emballage de biscuits est con\u00e7ue pour l&#039;emballage d&#039;oreillers solides; il est propice \u00e0 toutes sortes de mati\u00e8res solides bien r\u00e9glement\u00e9es, telles que le biscuit, les biscuits, le pain, le g\u00e2teau de lune, les bonbons, etc., et les produits de base, les accessoires de l&#039;industrie, etc.<\/p>","protected":false},"featured_media":1555,"comment_status":"closed","ping_status":"closed","template":"","meta":[],"product_brand":[],"product_cat":[106,19],"product_tag":[],"class_list":{"0":"post-1554","1":"product","2":"type-product","3":"status-publish","4":"has-post-thumbnail","6":"product_cat-biscuit-packaging-machine","7":"product_cat-packing-machine","9":"first","10":"instock","11":"shipping-taxable","12":"product-type-simple"},"_links":{"self":[{"href":"https:\/\/www.jymachinetech.com\/fr\/wp-json\/wp\/v2\/product\/1554","targetHints":{"allow":["GET"]}}],"collection":[{"href":"https:\/\/www.jymachinetech.com\/fr\/wp-json\/wp\/v2\/product"}],"about":[{"href":"https:\/\/www.jymachinetech.com\/fr\/wp-json\/wp\/v2\/types\/product"}],"replies":[{"embeddable":true,"href":"https:\/\/www.jymachinetech.com\/fr\/wp-json\/wp\/v2\/comments?post=1554"}],"version-history":[{"count":1,"href":"https:\/\/www.jymachinetech.com\/fr\/wp-json\/wp\/v2\/product\/1554\/revisions"}],"predecessor-version":[{"id":7190,"href":"https:\/\/www.jymachinetech.com\/fr\/wp-json\/wp\/v2\/product\/1554\/revisions\/7190"}],"wp:featuredmedia":[{"embeddable":true,"href":"https:\/\/www.jymachinetech.com\/fr\/wp-json\/wp\/v2\/media\/1555"}],"wp:attachment":[{"href":"https:\/\/www.jymachinetech.com\/fr\/wp-json\/wp\/v2\/media?parent=1554"}],"wp:term":[{"taxonomy":"product_brand","embeddable":true,"href":"https:\/\/www.jymachinetech.com\/fr\/wp-json\/wp\/v2\/product_brand?post=1554"},{"taxonomy":"product_cat","embeddable":true,"href":"https:\/\/www.jymachinetech.com\/fr\/wp-json\/wp\/v2\/product_cat?post=1554"},{"taxonomy":"product_tag","embeddable":true,"href":"https:\/\/www.jymachinetech.com\/fr\/wp-json\/wp\/v2\/product_tag?post=1554"}],"curies":[{"name":"wp","href":"https:\/\/api.w.org\/{rel}","templated":true}]}}