{"id":1537,"date":"2021-12-26T08:04:23","date_gmt":"2021-12-26T08:04:23","guid":{"rendered":"https:\/\/www.jymachinetech.com\/?post_type=product&#038;p=1537"},"modified":"2025-07-25T05:57:51","modified_gmt":"2025-07-25T05:57:51","slug":"popping-boba-production-line","status":"publish","type":"product","link":"https:\/\/www.jymachinetech.com\/fr\/product\/popping-boba-production-line\/","title":{"rendered":"Ligne de production Popping Boba \u00e0 vendre - Usine de machines Popping Boba"},"content":{"rendered":"<p>La ligne de production de perles de boba \u00e9clatantes de JY MACHINE est une solution de fabrication de pointe con\u00e7ue pour produire des perles de boba \u00e9clatantes pour l&#039;industrie alimentaire et des boissons. Depuis son brevet en 1999, cette machine innovante est leader du march\u00e9 dans la cr\u00e9ation d&#039;une nouvelle g\u00e9n\u00e9ration de perles de boba \u00e9clatantes de saveur.<\/p>\n<p><iframe title=\"Ligne de production de boba \u00e0 \u00e9clater Machine de fabrication de boba \u00e0 jus Machine \u00e0 boba \u00e9clatante comment faire du th\u00e9 \u00e0 bulles\" width=\"800\" height=\"450\" src=\"https:\/\/www.youtube.com\/embed\/JxLe07m_zXE?feature=oembed\" frameborder=\"0\" allow=\"accelerometer; autoplay; clipboard-write; encrypted-media; gyroscope; picture-in-picture; web-share\" referrerpolicy=\"strict-origin-when-cross-origin\" allowfullscreen><\/iframe><\/p>\n<h2><strong>Principales caract\u00e9ristiques et avantages\u00a0:<\/strong><\/h2>\n<ul>\n<li><strong>Technologie brevet\u00e9e :<\/strong> D\u00e9velopp\u00e9e par JY MACHINE, cette machine est bas\u00e9e sur le principe du piston plongeur, assurant un processus de production unique et brevet\u00e9.<\/li>\n<li><strong>Syst\u00e8me de r\u00e9action chimique :<\/strong> Le mat\u00e9riau de remplissage r\u00e9agit avec la solution dans le r\u00e9servoir, encapsulant le mat\u00e9riau de remplissage dans une boule juteuse qui \u00e9clate de saveur.<\/li>\n<li><strong>Versatilit\u00e9:<\/strong> Id\u00e9al pour cr\u00e9er une vari\u00e9t\u00e9 de produits, des boules de jus et des boules d&#039;eau aux produits aromatis\u00e9s au vinaigre\/alcool et m\u00eame aux produits chimiques quotidiens comme les boules de lotion et les boules de jojoba.<\/li>\n<li><strong>Mod\u00e8les personnalisables :<\/strong> Disponible dans des mod\u00e8les allant de la taille d&#039;un laboratoire aux lignes de production enti\u00e8rement automatiques, s&#039;adressant aux entreprises de toutes tailles et \u00e0 tous les plans d&#039;expansion.<\/li>\n<li><strong>Construction en acier inoxydable :<\/strong> La machine de production de boules de jus \u00e9clatantes enti\u00e8rement automatique est fabriqu\u00e9e en acier inoxydable pour une durabilit\u00e9 et un nettoyage facile.<\/li>\n<li><strong>Automatisation avanc\u00e9e\u00a0:<\/strong> Equip\u00e9 d&#039;une technologie de d\u00e9p\u00f4t et d&#039;entra\u00eenement servo pour plus de pr\u00e9cision et d&#039;efficacit\u00e9.<\/li>\n<li><strong>Prise en charge compl\u00e8te du traitement\u00a0:<\/strong> Nous offrons une gamme compl\u00e8te de machines allant de la cuisson \u00e0 la st\u00e9rilisation, ainsi qu&#039;une formule cl\u00e9 en main.<\/li>\n<\/ul>\n<h2><strong>Applications :<\/strong><\/h2>\n<p>Le bubble tea popping boba est un ingr\u00e9dient unique du bubble tea, compos\u00e9 d&#039;une fine pellicule g\u00e9latineuse remplie de jus qui \u00e9clate dans la bouche. Il est fabriqu\u00e9 \u00e0 partir d&#039;une r\u00e9action entre l&#039;alginate de sodium et le chlorure de calcium ou le lactate de calcium.<\/p>\n<h2><strong>Utilisations cr\u00e9atives\u00a0:<\/strong><\/h2>\n<p>Au-del\u00e0 des garnitures traditionnelles de jus et de confitures, nos clients ont innov\u00e9 avec des mat\u00e9riaux de sant\u00e9, de l&#039;alcool et de l&#039;ac\u00e9tique pour des utilisations culinaires, des mat\u00e9riaux de peinture pour des jouets amusants et des produits chimiques m\u00e9nagers comme du shampoing ou du fond de teint liquide.<\/p>\n<h2><strong>Personnalisation et ajustabilit\u00e9 :<\/strong><\/h2>\n<p>Notre machine \u00e0 popper boba peut \u00eatre ajust\u00e9e en fonction de la taille souhait\u00e9e du popper boba fini, garantissant ainsi le produit parfait pour vos besoins.<\/p>\n<h2><strong>Pourquoi choisir JY MACHINE pour votre machine Popping Boba ?<\/strong><\/h2>\n<ul>\n<li><strong>\u00c9quipe de service mondiale :<\/strong> Nous offrons un service \u00e0 l\u2019\u00e9tranger avec un soutien local en Am\u00e9rique du Nord, garantissant un fonctionnement transparent dans le monde entier.<\/li>\n<li><strong>Centre de pi\u00e8ces d\u00e9tach\u00e9es 24h\/24 et 7j\/7 :<\/strong> Notre centre de pi\u00e8ces d\u00e9tach\u00e9es fonctionne 24 heures sur 24 pour vous fournir les composants n\u00e9cessaires lorsque vous en avez besoin.<\/li>\n<li><strong>Services gratuits :<\/strong> Nous fournissons une conception d&#039;am\u00e9nagement d&#039;usine gratuite, des \u00e9chantillons de formes personnalis\u00e9s, une conception de formule de produit et une conception de machine.<\/li>\n<li><strong>Sch\u00e9ma d&#039;\u00e9quipement 3D :<\/strong> D\u00e9couvrez une pr\u00e9sentation 3D de notre sch\u00e9ma d&#039;\u00e9quipement pour une meilleure planification et compr\u00e9hension.<\/li>\n<li><strong>Visite de l&#039;usine de production du client :<\/strong> Visitez notre v\u00e9ritable usine pour constater le professionnalisme et la fiabilit\u00e9 de notre processus de production.<\/li>\n<li><strong>Professionnel et fiable :<\/strong> Avec des ant\u00e9c\u00e9dents \u00e9prouv\u00e9s et des op\u00e9rations d&#039;usine r\u00e9elles, nous garantissons la qualit\u00e9 et les performances de nos machines.<\/li>\n<\/ul>\n<p><strong>Obtenez un devis maintenant :<\/strong> Pour obtenir un devis rapide et en savoir plus sur notre ligne de production Popping Boba, contactez-nous d\u00e8s aujourd&#039;hui. B\u00e9n\u00e9ficiez du meilleur des services OEM\/ODM avec les prix les plus bas et les garanties du secteur.<\/p>\n<p><a href=\"https:\/\/www.jymachinetech.com\/fr\/?attachment_id=3977\" rel=\"attachment wp-att-3977\" target=\"_blank\"><img fetchpriority=\"high\" decoding=\"async\" class=\"alignnone size-full wp-image-3977\" title=\"ligne de production de popping boba \u00e0 vendre - usine de machines \u00e0 popping boba\" src=\"https:\/\/www.jymachinetech.com\/wp-content\/uploads\/2021\/12\/popping-boba-machine-certification.png\" alt=\"ligne de production de popping boba \u00e0 vendre - usine de machines \u00e0 popping boba\" width=\"999\" height=\"468\" srcset=\"https:\/\/www.jymachinetech.com\/wp-content\/uploads\/2021\/12\/popping-boba-machine-certification.png 999w, https:\/\/www.jymachinetech.com\/wp-content\/uploads\/2021\/12\/popping-boba-machine-certification-18x8.png 18w, https:\/\/www.jymachinetech.com\/wp-content\/uploads\/2021\/12\/popping-boba-machine-certification-600x281.png 600w\" sizes=\"(max-width: 999px) 100vw, 999px\" \/><\/a><\/p>\n<p>&nbsp;<\/p>\n<h2>Flux de processus Popping Boba Machine<\/h2>\n<p>Pr\u00e9parer le mat\u00e9riau de remplissage et le liquide de r\u00e9action s\u00e9par\u00e9ment-<br \/>\nd\u00e9poser-filtrer le liquide r\u00e9actionnel-recycler le liquide r\u00e9actionnel-laver et collecter les bobs<\/p>\n<p><img decoding=\"async\" class=\"alignnone wp-image-3978 size-large\" title=\"ligne de production de popping boba \u00e0 vendre - usine de machines \u00e0 popping boba\" src=\"https:\/\/www.jymachinetech.com\/wp-content\/uploads\/2021\/12\/Pasted-e1669189150569-1024x487.png\" alt=\"ligne de production de popping boba \u00e0 vendre - usine de machines \u00e0 popping boba\" width=\"1024\" height=\"487\" \/><\/p>\n<p>&nbsp;<\/p>\n<p>&nbsp;<\/p>\n<div class=\"table-responsive\">\n<table style=\"width: 100%;\">\n<tbody>\n<tr>\n<td style=\"text-align: center;\">Mod\u00e8le<\/td>\n<td style=\"text-align: center;\">50 JYP<\/td>\n<td style=\"text-align: center;\">100 JYP<\/td>\n<td style=\"text-align: center;\">JYP 300<\/td>\n<td style=\"text-align: center;\">500 JYP<\/td>\n<\/tr>\n<tr>\n<td style=\"text-align: center;\">Capacit\u00e9<\/td>\n<td style=\"text-align: center;\">30-50kg\/h<\/td>\n<td style=\"text-align: center;\">50-100kg\/h<\/td>\n<td style=\"text-align: center;\">200-300kg\/h<\/td>\n<td style=\"text-align: center;\">300-500kg\/h<\/td>\n<\/tr>\n<tr>\n<td style=\"text-align: center;\">Taille du produit organiser<\/td>\n<td style=\"text-align: center;\">8-50mm<\/td>\n<td style=\"text-align: center;\">8-50mm<\/td>\n<td style=\"text-align: center;\">8-50mm<\/td>\n<td style=\"text-align: center;\">8-50mm<\/td>\n<\/tr>\n<\/tbody>\n<\/table>\n<\/div>\n<p>&nbsp;<\/p>\n<p>&nbsp;<\/p>\n<h2>Popping Boba Machine Cuisine Syst\u00e8me<\/h2>\n<p><img decoding=\"async\" class=\"alignnone wp-image-1739 size-full\" title=\"ligne de production de popping boba \u00e0 vendre - usine de machines \u00e0 popping boba\" src=\"https:\/\/www.jymachinetech.com\/wp-content\/uploads\/2021\/12\/1kitchen-system.jpg\" alt=\"ligne de production de popping boba \u00e0 vendre - usine de machines \u00e0 popping boba\" width=\"999\" height=\"666\" srcset=\"https:\/\/www.jymachinetech.com\/wp-content\/uploads\/2021\/12\/1kitchen-system.jpg 999w, https:\/\/www.jymachinetech.com\/wp-content\/uploads\/2021\/12\/1kitchen-system-18x12.jpg 18w, https:\/\/www.jymachinetech.com\/wp-content\/uploads\/2021\/12\/1kitchen-system-600x400.jpg 600w\" sizes=\"(max-width: 999px) 100vw, 999px\" \/><\/p>\n<h2>Syst\u00e8me de d\u00e9p\u00f4t<\/h2>\n<p><img loading=\"lazy\" decoding=\"async\" class=\"alignnone wp-image-1740 size-full\" title=\"ligne de production de popping boba \u00e0 vendre - usine de machines \u00e0 popping boba\" src=\"https:\/\/www.jymachinetech.com\/wp-content\/uploads\/2021\/12\/2Depositing-head.jpg\" alt=\"ligne de production de popping boba \u00e0 vendre - usine de machines \u00e0 popping boba\" width=\"999\" height=\"666\" srcset=\"https:\/\/www.jymachinetech.com\/wp-content\/uploads\/2021\/12\/2Depositing-head.jpg 999w, https:\/\/www.jymachinetech.com\/wp-content\/uploads\/2021\/12\/2Depositing-head-18x12.jpg 18w, https:\/\/www.jymachinetech.com\/wp-content\/uploads\/2021\/12\/2Depositing-head-600x400.jpg 600w\" sizes=\"(max-width: 999px) 100vw, 999px\" \/><\/p>\n<h2>D\u00e9posant de Popping boba maker<\/h2>\n<p><img loading=\"lazy\" decoding=\"async\" class=\"alignnone wp-image-1741 size-full\" title=\"ligne de production de popping boba \u00e0 vendre - usine de machines \u00e0 popping boba\" src=\"https:\/\/www.jymachinetech.com\/wp-content\/uploads\/2021\/12\/3Depostor.jpg\" alt=\"ligne de production de popping boba \u00e0 vendre - usine de machines \u00e0 popping boba\" width=\"999\" height=\"666\" srcset=\"https:\/\/www.jymachinetech.com\/wp-content\/uploads\/2021\/12\/3Depostor.jpg 999w, https:\/\/www.jymachinetech.com\/wp-content\/uploads\/2021\/12\/3Depostor-18x12.jpg 18w, https:\/\/www.jymachinetech.com\/wp-content\/uploads\/2021\/12\/3Depostor-600x400.jpg 600w\" sizes=\"(max-width: 999px) 100vw, 999px\" \/><\/p>\n<h2>Syst\u00e8me de circulation de la machine \u00e0 boba \u00e0 \u00e9clater<\/h2>\n<p><img loading=\"lazy\" decoding=\"async\" class=\"alignnone wp-image-1742 size-full\" title=\"ligne de production de popping boba \u00e0 vendre - usine de machines \u00e0 popping boba\" src=\"https:\/\/www.jymachinetech.com\/wp-content\/uploads\/2021\/12\/4circulation-system.jpg\" alt=\"ligne de production de popping boba \u00e0 vendre - usine de machines \u00e0 popping boba\" width=\"999\" height=\"666\" srcset=\"https:\/\/www.jymachinetech.com\/wp-content\/uploads\/2021\/12\/4circulation-system.jpg 999w, https:\/\/www.jymachinetech.com\/wp-content\/uploads\/2021\/12\/4circulation-system-18x12.jpg 18w, https:\/\/www.jymachinetech.com\/wp-content\/uploads\/2021\/12\/4circulation-system-600x400.jpg 600w\" sizes=\"(max-width: 999px) 100vw, 999px\" \/><\/p>\n<h2>Le syst\u00e8me de r\u00e9action de la machine \u00e0 boba \u00e0 \u00e9clater<\/h2>\n<p><img loading=\"lazy\" decoding=\"async\" class=\"alignnone wp-image-1743 size-full\" title=\"ligne de production de popping boba \u00e0 vendre - usine de machines \u00e0 popping boba\" src=\"https:\/\/www.jymachinetech.com\/wp-content\/uploads\/2021\/12\/5reaction-system.jpg\" alt=\"ligne de production de popping boba \u00e0 vendre - usine de machines \u00e0 popping boba\" width=\"999\" height=\"666\" srcset=\"https:\/\/www.jymachinetech.com\/wp-content\/uploads\/2021\/12\/5reaction-system.jpg 999w, https:\/\/www.jymachinetech.com\/wp-content\/uploads\/2021\/12\/5reaction-system-18x12.jpg 18w, https:\/\/www.jymachinetech.com\/wp-content\/uploads\/2021\/12\/5reaction-system-600x400.jpg 600w\" sizes=\"(max-width: 999px) 100vw, 999px\" \/><\/p>\n<h2>Syst\u00e8me de filtration<\/h2>\n<p><img loading=\"lazy\" decoding=\"async\" class=\"alignnone size-full wp-image-1744\" title=\"ligne de production de popping boba \u00e0 vendre - usine de machines \u00e0 popping boba\" src=\"https:\/\/www.jymachinetech.com\/wp-content\/uploads\/2021\/12\/6Filtration-system.jpg\" alt=\"ligne de production de popping boba \u00e0 vendre - usine de machines \u00e0 popping boba\" width=\"999\" height=\"666\" srcset=\"https:\/\/www.jymachinetech.com\/wp-content\/uploads\/2021\/12\/6Filtration-system.jpg 999w, https:\/\/www.jymachinetech.com\/wp-content\/uploads\/2021\/12\/6Filtration-system-18x12.jpg 18w, https:\/\/www.jymachinetech.com\/wp-content\/uploads\/2021\/12\/6Filtration-system-600x400.jpg 600w\" sizes=\"(max-width: 999px) 100vw, 999px\" \/><\/p>\n<h2>Syst\u00e8me de nettoyage<\/h2>\n<p><img loading=\"lazy\" decoding=\"async\" class=\"alignnone size-full wp-image-1745\" title=\"ligne de production de popping boba \u00e0 vendre - usine de machines \u00e0 popping boba\" src=\"https:\/\/www.jymachinetech.com\/wp-content\/uploads\/2021\/12\/7Cleaning-system-.jpg\" alt=\"ligne de production de popping boba \u00e0 vendre - usine de machines \u00e0 popping boba\" width=\"999\" height=\"666\" srcset=\"https:\/\/www.jymachinetech.com\/wp-content\/uploads\/2021\/12\/7Cleaning-system-.jpg 999w, https:\/\/www.jymachinetech.com\/wp-content\/uploads\/2021\/12\/7Cleaning-system--18x12.jpg 18w, https:\/\/www.jymachinetech.com\/wp-content\/uploads\/2021\/12\/7Cleaning-system--600x400.jpg 600w\" sizes=\"(max-width: 999px) 100vw, 999px\" \/><\/p>\n<h2>Syst\u00e8me de st\u00e9rilisation<\/h2>\n<p><img loading=\"lazy\" decoding=\"async\" class=\"alignnone size-full wp-image-1750\" title=\"ligne de production de popping boba \u00e0 vendre - usine de machines \u00e0 popping boba\" src=\"https:\/\/www.jymachinetech.com\/wp-content\/uploads\/2021\/12\/Sterilization-system.jpg\" alt=\"ligne de production de popping boba \u00e0 vendre - usine de machines \u00e0 popping boba\" width=\"999\" height=\"666\" srcset=\"https:\/\/www.jymachinetech.com\/wp-content\/uploads\/2021\/12\/Sterilization-system.jpg 999w, https:\/\/www.jymachinetech.com\/wp-content\/uploads\/2021\/12\/Sterilization-system-18x12.jpg 18w, https:\/\/www.jymachinetech.com\/wp-content\/uploads\/2021\/12\/Sterilization-system-600x400.jpg 600w\" sizes=\"(max-width: 999px) 100vw, 999px\" \/><\/p>\n<h2>Autres d\u00e9tails de la machine \u00e0 boba popping<\/h2>\n<p><img loading=\"lazy\" decoding=\"async\" class=\"alignnone wp-image-3979 size-large\" title=\"ligne de production de popping boba \u00e0 vendre - usine de machines \u00e0 popping boba\" src=\"https:\/\/www.jymachinetech.com\/wp-content\/uploads\/2021\/12\/Pasted-1-1024x588.png\" alt=\"ligne de production de popping boba \u00e0 vendre - usine de machines \u00e0 popping boba\" width=\"1024\" height=\"588\" \/><\/p>\n<p>&nbsp;<\/p>\n<p><img loading=\"lazy\" decoding=\"async\" class=\"alignnone wp-image-3983 size-full\" title=\"ligne de production de popping boba \u00e0 vendre - usine de machines \u00e0 popping boba\" src=\"https:\/\/www.jymachinetech.com\/wp-content\/uploads\/2021\/12\/Pasted-5-e1669189598428.png\" alt=\"ligne de production de popping boba \u00e0 vendre - usine de machines \u00e0 popping boba\" width=\"999\" height=\"522\" srcset=\"https:\/\/www.jymachinetech.com\/wp-content\/uploads\/2021\/12\/Pasted-5-e1669189598428.png 999w, https:\/\/www.jymachinetech.com\/wp-content\/uploads\/2021\/12\/Pasted-5-e1669189598428-18x9.png 18w, https:\/\/www.jymachinetech.com\/wp-content\/uploads\/2021\/12\/Pasted-5-e1669189598428-600x314.png 600w\" sizes=\"(max-width: 999px) 100vw, 999px\" \/><\/p>\n<p>&nbsp;<\/p>\n<p><img loading=\"lazy\" decoding=\"async\" class=\"alignnone wp-image-1749 size-full\" title=\"ligne de production de popping boba \u00e0 vendre - usine de machines \u00e0 popping boba\" src=\"https:\/\/www.jymachinetech.com\/wp-content\/uploads\/2021\/12\/Popping-Boba-Production-Line-product.jpg\" alt=\"ligne de production de popping boba \u00e0 vendre - usine de machines \u00e0 popping boba\" width=\"999\" height=\"666\" srcset=\"https:\/\/www.jymachinetech.com\/wp-content\/uploads\/2021\/12\/Popping-Boba-Production-Line-product.jpg 999w, https:\/\/www.jymachinetech.com\/wp-content\/uploads\/2021\/12\/Popping-Boba-Production-Line-product-18x12.jpg 18w, https:\/\/www.jymachinetech.com\/wp-content\/uploads\/2021\/12\/Popping-Boba-Production-Line-product-600x400.jpg 600w\" sizes=\"(max-width: 999px) 100vw, 999px\" \/><\/p>\n<p>&nbsp;<\/p>\n<p>&nbsp;<\/p>\n<p><img loading=\"lazy\" decoding=\"async\" class=\"alignnone wp-image-3984 size-full\" title=\"ligne de production de popping boba \u00e0 vendre - usine de machines \u00e0 popping boba\" src=\"https:\/\/www.jymachinetech.com\/wp-content\/uploads\/2021\/12\/Pasted-6-e1669190051611.png\" alt=\"ligne de production de popping boba \u00e0 vendre - usine de machines \u00e0 popping boba\" width=\"999\" height=\"690\" srcset=\"https:\/\/www.jymachinetech.com\/wp-content\/uploads\/2021\/12\/Pasted-6-e1669190051611.png 999w, https:\/\/www.jymachinetech.com\/wp-content\/uploads\/2021\/12\/Pasted-6-e1669190051611-18x12.png 18w, https:\/\/www.jymachinetech.com\/wp-content\/uploads\/2021\/12\/Pasted-6-e1669190051611-600x414.png 600w\" sizes=\"(max-width: 999px) 100vw, 999px\" \/><\/p>\n<h2><span lang=\"EN-US\">Application pour le popping boba<\/span><\/h2>\n<p><img loading=\"lazy\" decoding=\"async\" class=\"alignnone size-large wp-image-1547\" title=\"ligne de production de popping boba \u00e0 vendre - usine de machines \u00e0 popping boba\" src=\"https:\/\/www.jymachinetech.com\/wp-content\/uploads\/2021\/12\/Popping-boba-production-line-9-1024x270.png\" alt=\"ligne de production de popping boba \u00e0 vendre - usine de machines \u00e0 popping boba\" width=\"1024\" height=\"270\" \/><\/p>\n<h2><span lang=\"EN-US\">Quel type d&#039;emballage pour popping boba?<\/span><\/h2>\n<p>Le mode d&#039;emballage ci-dessous peut \u00eatre stock\u00e9 plus longtemps.<\/p>\n<p><img loading=\"lazy\" decoding=\"async\" class=\"alignnone size-full wp-image-1548\" title=\"ligne de production de popping boba \u00e0 vendre - usine de machines \u00e0 popping boba\" src=\"https:\/\/www.jymachinetech.com\/wp-content\/uploads\/2021\/12\/Popping-boba-production-line-10.png\" alt=\"ligne de production de popping boba \u00e0 vendre - usine de machines \u00e0 popping boba\" width=\"1008\" height=\"410\" srcset=\"https:\/\/www.jymachinetech.com\/wp-content\/uploads\/2021\/12\/Popping-boba-production-line-10.png 1008w, https:\/\/www.jymachinetech.com\/wp-content\/uploads\/2021\/12\/Popping-boba-production-line-10-18x7.png 18w, https:\/\/www.jymachinetech.com\/wp-content\/uploads\/2021\/12\/Popping-boba-production-line-10-600x244.png 600w\" sizes=\"(max-width: 1008px) 100vw, 1008px\" \/><\/p>\n<h2>Livraison dans le monde entier<\/h2>\n<h2><img loading=\"lazy\" decoding=\"async\" class=\"alignnone wp-image-3981 size-large\" title=\"ligne de production de popping boba \u00e0 vendre - usine de machines \u00e0 popping boba\" src=\"https:\/\/www.jymachinetech.com\/wp-content\/uploads\/2021\/12\/Pasted-3-1024x532.png\" alt=\"ligne de production de popping boba \u00e0 vendre - usine de machines \u00e0 popping boba\" width=\"1024\" height=\"532\" \/><\/h2>\n<h2>\u00cates-vous inquiet \u00e0 propos de la recette du boba \u00e9clatant?<\/h2>\n<p><img loading=\"lazy\" decoding=\"async\" class=\"alignnone wp-image-3985 size-large\" title=\"ligne de production de popping boba \u00e0 vendre - usine de machines \u00e0 popping boba\" src=\"https:\/\/www.jymachinetech.com\/wp-content\/uploads\/2021\/12\/Pasted-7-1024x827.png\" alt=\"ligne de production de popping boba \u00e0 vendre - usine de machines \u00e0 popping boba\" width=\"1024\" height=\"827\" \/><\/p>\n<p>&nbsp;<\/p>\n<h3>Questions fr\u00e9quemment pos\u00e9es (FAQ) sur la ligne de production Popping Boba<\/h3>\n<p><strong>Q : Que sont exactement les popping boba ?<\/strong><\/p>\n<p>R : Les boba \u00e0 \u00e9clater, \u00e9galement connus sous le nom de \"perles de jus\", sont de petites sph\u00e8res savoureuses utilis\u00e9es dans les boissons, en particulier le th\u00e9 \u00e0 bulles. Elles poss\u00e8dent une fine couche ext\u00e9rieure g\u00e9lifi\u00e9e qui encapsule un liquide, cr\u00e9ant ainsi une explosion de jus lorsqu'on les croque. Contrairement aux perles de tapioca traditionnelles, le boba \u00e0 \u00e9clater est fabriqu\u00e9 \u00e0 partir d'ingr\u00e9dients tels que l'alginate de sodium et le lactate de calcium ou le chlorure de calcium, et peut \u00eatre rempli de jus de fruits, de sirops ou d'autres ar\u00f4mes.<\/p>\n<p><strong>Q\u00a0: La machine peut-elle produire diff\u00e9rents types de boba, comme du boba \u00e9clatant et des perles de konjac\u00a0?<\/strong><\/p>\n<p>R : Absolument. Notre ligne de production polyvalente de popping boba est capable de fabriquer non seulement du popping boba mais \u00e9galement des perles de konjac, vous offrant ainsi la flexibilit\u00e9 n\u00e9cessaire pour r\u00e9pondre aux diverses demandes du march\u00e9 avec une seule machine.<\/p>\n<p><strong>Q\u00a0:\u00a0Combien de morceaux de boba \u00e9clatants la machine peut-elle produire par heure\u00a0?<\/strong><\/p>\n<p>R : La capacit\u00e9 de production varie en fonction de la taille du boba produit. \u00c0 titre de r\u00e9f\u00e9rence, nos machines peuvent produire un minimum de 172 800 pi\u00e8ces par heure. Nous pouvons fournir des d\u00e9bits de production sp\u00e9cifiques en fonction des sp\u00e9cifications de boba souhait\u00e9es.<\/p>\n<p><strong>Q\u00a0: La machine peut-elle cr\u00e9er des boba \u00e9clatants avec diff\u00e9rentes saveurs\u00a0?<\/strong><\/p>\n<p>R : Oui, notre machine est con\u00e7ue pour produire des pop-corn aux saveurs vari\u00e9es. Vous pouvez personnaliser la garniture avec diff\u00e9rents jus de fruits, sirops ou autres ar\u00f4mes pour cr\u00e9er une gamme vari\u00e9e de produits.<\/p>\n<p><strong>Q : Pouvez-vous fournir la formule pour faire du popping boba ?<\/strong><\/p>\n<p>R : Oui, nous proposons une formule compl\u00e8te adapt\u00e9e aux besoins de chaque client. Notre \u00e9quipe d'experts vous guidera tout au long du processus, afin que vous puissiez produire un boba popping de haute qualit\u00e9 r\u00e9pondant \u00e0 vos exigences sp\u00e9cifiques.<\/p>\n<p><strong>Q : Quel est le d\u00e9lai de livraison si je d\u00e9cide de commander la machine maintenant ?<\/strong><\/p>\n<p>R : Le d\u00e9lai de livraison de notre ligne de production de bobas \u00e0 \u00e9clater est g\u00e9n\u00e9ralement compris entre 15 et 30 jours pour le plus petit mod\u00e8le. Toutefois, pour obtenir un d\u00e9lai pr\u00e9cis et r\u00e9pondre \u00e0 vos besoins sp\u00e9cifiques, il est pr\u00e9f\u00e9rable de consulter notre \u00e9quipe de vente au moment de la commande.<\/p>\n<p><strong>Q : Comment dois-je entretenir la machine pour assurer sa long\u00e9vit\u00e9 et ses performances optimales ?<\/strong><\/p>\n<p>R : Nous fournissons un manuel d&#039;entretien d\u00e9taill\u00e9 avec chaque achat de machine. Ce manuel comprend des instructions sur le fonctionnement quotidien, l&#039;entretien de routine et des directives pour r\u00e9soudre les probl\u00e8mes courants. Un entretien appropri\u00e9 prolonge non seulement la dur\u00e9e de vie de votre machine, mais garantit \u00e9galement une qualit\u00e9 de produit constante.<\/p>\n<p><strong>Q : \u00c0 quel type d&#039;assistance puis-je m&#039;attendre apr\u00e8s l&#039;achat ?<\/strong><\/p>\n<p>R : Notre engagement envers la satisfaction du client s&#039;\u00e9tend au-del\u00e0 de la vente. Nous offrons un soutien continu, notamment l&#039;acc\u00e8s \u00e0 notre centre de pi\u00e8ces d\u00e9tach\u00e9es 24h\/24 et 7j\/7, la conception gratuite de l&#039;agencement de l&#039;usine, des \u00e9chantillons de formes personnalis\u00e9es et des consultations sur la conception de produits et de machines. Nous vous invitons \u00e9galement \u00e0 visiter notre usine pour constater par vous-m\u00eame nos capacit\u00e9s de production.<\/p>\n<p><strong>Q\u00a0: Existe-t-il une garantie pour la ligne de production Popping Boba\u00a0?<\/strong><\/p>\n<p>R : Oui, nos machines sont couvertes par des garanties conformes aux normes de l&#039;industrie pour vous offrir une tranquillit\u00e9 d&#039;esprit. De plus, notre \u00e9quipe de service apr\u00e8s-vente est toujours pr\u00eate \u00e0 r\u00e9pondre \u00e0 toutes vos questions ou pr\u00e9occupations.<\/p>","protected":false},"excerpt":{"rendered":"<div class=\"content-style\">\n<ul>\n<li>Servodriver et contr\u00f4le PLC<\/li>\n<li>Taille r\u00e9glable de 3 mm \u00e0 40 mm<\/li>\n<li>Support de formule et de test<\/li>\n<li>Syst\u00e8me de circulation<\/li>\n<li>Syst\u00e8me de st\u00e9rilisation<\/li>\n<li>Syst\u00e8me d&#039;emballage continu<\/li>\n<li>Prise en charge de la technologie 24 heures sur 24<\/li>\n<li>Maintenance annuelle<\/li>\n<li>Installation \u00e0 l&#039;\u00e9tranger<\/li>\n<\/ul>\n<\/div>","protected":false},"featured_media":1792,"comment_status":"closed","ping_status":"closed","template":"","meta":[],"product_brand":[],"product_cat":[18],"product_tag":[31,30,29],"class_list":{"0":"post-1537","1":"product","2":"type-product","3":"status-publish","4":"has-post-thumbnail","6":"product_cat-popping-boba-machine","7":"product_tag-cleaning-system","8":"product_tag-depositor","9":"product_tag-popping-boba-machine","11":"first","12":"instock","13":"shipping-taxable","14":"product-type-simple"},"_links":{"self":[{"href":"https:\/\/www.jymachinetech.com\/fr\/wp-json\/wp\/v2\/product\/1537","targetHints":{"allow":["GET"]}}],"collection":[{"href":"https:\/\/www.jymachinetech.com\/fr\/wp-json\/wp\/v2\/product"}],"about":[{"href":"https:\/\/www.jymachinetech.com\/fr\/wp-json\/wp\/v2\/types\/product"}],"replies":[{"embeddable":true,"href":"https:\/\/www.jymachinetech.com\/fr\/wp-json\/wp\/v2\/comments?post=1537"}],"version-history":[{"count":1,"href":"https:\/\/www.jymachinetech.com\/fr\/wp-json\/wp\/v2\/product\/1537\/revisions"}],"predecessor-version":[{"id":7191,"href":"https:\/\/www.jymachinetech.com\/fr\/wp-json\/wp\/v2\/product\/1537\/revisions\/7191"}],"wp:featuredmedia":[{"embeddable":true,"href":"https:\/\/www.jymachinetech.com\/fr\/wp-json\/wp\/v2\/media\/1792"}],"wp:attachment":[{"href":"https:\/\/www.jymachinetech.com\/fr\/wp-json\/wp\/v2\/media?parent=1537"}],"wp:term":[{"taxonomy":"product_brand","embeddable":true,"href":"https:\/\/www.jymachinetech.com\/fr\/wp-json\/wp\/v2\/product_brand?post=1537"},{"taxonomy":"product_cat","embeddable":true,"href":"https:\/\/www.jymachinetech.com\/fr\/wp-json\/wp\/v2\/product_cat?post=1537"},{"taxonomy":"product_tag","embeddable":true,"href":"https:\/\/www.jymachinetech.com\/fr\/wp-json\/wp\/v2\/product_tag?post=1537"}],"curies":[{"name":"wp","href":"https:\/\/api.w.org\/{rel}","templated":true}]}}