{"id":15,"date":"2025-07-09T05:49:59","date_gmt":"2025-07-09T05:49:59","guid":{"rendered":"https:\/\/www.jymachinetech.com\/?post_type=product&#038;p=15"},"modified":"2025-09-10T13:45:58","modified_gmt":"2025-09-10T13:45:58","slug":"biscuit-production-line","status":"publish","type":"product","link":"https:\/\/www.jymachinetech.com\/fr\/product\/biscuit-production-line\/","title":{"rendered":"Ligne de production de biscuits"},"content":{"rendered":"<p data-pm-slice=\"1 1 []\">Jun Yu fournit une <a href=\"https:\/\/www.jymachinetech.com\/fr\/product\/biscuit-production-line\/\" target=\"_blank\"><strong>cha\u00eene de production de biscuits<\/strong><\/a> adapt\u00e9s \u00e0 vos besoins. Vous pouvez consulter des produits connexes et demander des consultations sur notre site web.<\/p>\n<p>@jymachinetech - Qu'il s'agisse de la transformation des mati\u00e8res premi\u00e8res ou de l'emballage, ou de la consommation ou de l'\u00e9nergie, ou encore d'\u00e9quipements simples ou enti\u00e8rement automatiques, nos <a href=\"https:\/\/www.jymachinetech.com\/fr\/product\/biscuit-production-line\/\" target=\"_blank\">cha\u00eene de production de biscuits<\/a> sont accompagn\u00e9es d'un soutien de projet cl\u00e9 en main, d'une conception humanis\u00e9e et d'un syst\u00e8me de devis raisonnable comprenant des options \u00e0 valeur ajout\u00e9e.<\/p>\n<p>&nbsp;<\/p>\n<p><iframe title=\"Machine \u00e0 biscuits digestifs Junyu machine \u00e0 biscuits craquelins \u00e9quipement de ligne de production de biscuits\" width=\"800\" height=\"450\" src=\"https:\/\/www.youtube.com\/embed\/7ERXsv8bDJg?feature=oembed\" frameborder=\"0\" allow=\"accelerometer; autoplay; clipboard-write; encrypted-media; gyroscope; picture-in-picture; web-share\" referrerpolicy=\"strict-origin-when-cross-origin\" allowfullscreen><\/iframe><\/p>\n<h2 data-pm-slice=\"1 3 []\"><a href=\"https:\/\/www.jymachinetech.com\/fr\/product\/biscuit-production-line\/\" target=\"_blank\">Ligne de production de biscuits<\/a>: Avantages de la machine<\/h2>\n<p>Notre <a href=\"https:\/\/www.jymachinetech.com\/fr\/essential-insights-into-biscuit-production-line-efficiency-and-design\/\" target=\"_blank\"><strong>cha\u00eene de production de biscuits<\/strong><\/a> offre des performances fiables et une automatisation intelligente pour les besoins de cuisson \u00e0 grande \u00e9chelle.<\/p>\n<ul>\n<li>Dessins de l&#039;\u00e9quipe de conception allemande<\/li>\n<li>Double rouleau pour rotomouleur avec impression et d\u00e9coupe<\/li>\n<li>Correction automatique des d\u00e9viations du syst\u00e8me de convoyage<\/li>\n<li>\u00c9paisseur de p\u00e2te plus ajustable<\/li>\n<li>Faible taux d'endommagement, \u00e9vitant efficacement le gaspillage des mati\u00e8res premi\u00e8res, contribuant \u00e0 r\u00e9duire les d\u00e9chets et \u00e0 am\u00e9liorer la rentabilit\u00e9.<\/li>\n<li>Le four a 2 \u00e0 5 zones de temp\u00e9rature, ce qui est plus pratique \u00e0 r\u00e9gler<\/li>\n<li>Nouvelle conception de cycle de four, plus d&#039;\u00e9conomie d&#039;\u00e9nergie<\/li>\n<li>Mat\u00e9riau d&#039;isolation thermique naturel, soucieux de la sant\u00e9 des utilisateurs<\/li>\n<li>Plus de 20 ing\u00e9nieurs avec de nombreuses exp\u00e9riences d&#039;installation \u00e0 l&#039;\u00e9tranger<\/li>\n<li>Formule disponible pour chaque client<\/li>\n<li>D\u00e9lai d&#039;ex\u00e9cution rapide<\/li>\n<li>Technologie prenant en charge en ligne dans les 24 heures<\/li>\n<li>Maintenance annuelle<\/li>\n<li>Toutes les pi\u00e8ces \u00e9lectriques utilisent les marques internationales pour une dur\u00e9e de vie plus longue<\/li>\n<li>Les machines automatisent les diff\u00e9rentes \u00e9tapes de la fabrication des biscuits, garantissant ainsi une qualit\u00e9 et une productivit\u00e9 constantes.<\/li>\n<li>Conception enti\u00e8rement automatique\/semi-automatique en fonction de votre budget<\/li>\n<li>Peut \u00eatre configur\u00e9 comme un syst\u00e8me automatique <a href=\"https:\/\/www.jymachinetech.com\/fr\/essential-insights-into-biscuit-production-line-efficiency-and-design\/\" target=\"_blank\">cha\u00eene de production de biscuits<\/a> pour une automatisation et une efficacit\u00e9 maximales<\/li>\n<li>Disposition de conception en fonction de l&#039;espace d&#039;usine des clients<\/li>\n<li>Fournir des formes personnalis\u00e9es pour diff\u00e9rents moules \u00e0 biscuits<\/li>\n<li>Des \u00e9quipements suppl\u00e9mentaires tels que des moules, des coupeurs et des syst\u00e8mes d'emballage sont disponibles \u00e0 l'adresse suivante <a title=\"La meilleure ligne de production de g\u00e2teaux : Am\u00e9liorer l&#039;efficacit\u00e9 et la qualit\u00e9\" href=\"https:\/\/www.jymachinetech.com\/fr\/the-best-cake-production-line-enhancing-efficiency-and-quality\/\" data-wpil-monitor-id=\"75\" target=\"_blank\">am\u00e9liorer la ligne de production<\/a> Fonctionnalit\u00e9<\/li>\n<li>Pliage en forme de R et rev\u00eatement de sablage imperm\u00e9able pour une utilisation plus longue<\/li>\n<li>Pi\u00e8ces \u00e9lectriques avec des marques internationales pour une dur\u00e9e de vie plus longue<\/li>\n<li>Panneaux d&#039;avertissement des pi\u00e8ces cach\u00e9es et protection pour une utilisation en toute s\u00e9curit\u00e9<\/li>\n<li>Les fonctions d'automatisation permettent de minimiser le travail manuel et les erreurs humaines, am\u00e9liorant ainsi la s\u00e9curit\u00e9 et l'efficacit\u00e9.<\/li>\n<li>Contr\u00f4le de la temp\u00e9rature s\u00e9par\u00e9ment<\/li>\n<li>Syst\u00e8mes de contr\u00f4le avanc\u00e9s pour une gestion et une automatisation pr\u00e9cises des processus<\/li>\n<li>Sous certificat CE et atteignant les normes GMP<\/li>\n<\/ul>\n<h2 data-pm-slice=\"1 1 []\">Introduction \u00e0 la production de biscuits<\/h2>\n<p>La production de biscuits \u00e0 grande \u00e9chelle repose sur des lignes de production avanc\u00e9es con\u00e7ues sp\u00e9cifiquement pour l'industrie alimentaire. Une ligne de production moderne <a href=\"https:\/\/www.jymachinetech.com\/fr\/essential-insights-into-biscuit-production-line-efficiency-and-design\/\" target=\"_blank\">cha\u00eene de production de biscuits<\/a> consiste en plusieurs \u00e9tapes int\u00e9gr\u00e9es, notamment le m\u00e9lange de la p\u00e2te, la formation de la p\u00e2te, la cuisson et l'emballage. Ces \u00e9tapes sont soutenues par des machines et des \u00e9quipements de pointe, qui travaillent tous ensemble pour maximiser l'efficacit\u00e9 de la production. <a title=\"2025 Machine \u00e0 bonbons g\u00e9lifi\u00e9s pour une production efficace et des r\u00e9sultats de qualit\u00e9\" href=\"https:\/\/www.jymachinetech.com\/fr\/2025-top-gummy-candy-machine-for-efficient-production-and-quality-results\/\" data-wpil-monitor-id=\"101\" target=\"_blank\">l'efficacit\u00e9 de la production et la garantie d'une qualit\u00e9 constante des produits<\/a>. Les principaux fabricants de l'industrie offrent une vari\u00e9t\u00e9 de <a href=\"https:\/\/www.jymachinetech.com\/fr\/essential-insights-into-biscuit-production-line-efficiency-and-design\/\" target=\"_blank\">lignes de production de biscuits<\/a> Ces lignes sont con\u00e7ues pour r\u00e9pondre \u00e0 des exigences de production sp\u00e9cifiques, ce qui permet aux entreprises de produire des volumes importants de biscuits tout en maintenant des normes de qualit\u00e9 strictes. En utilisant ces lignes compl\u00e8tes, les fabricants peuvent produire efficacement une large gamme de biscuits pour r\u00e9pondre \u00e0 la demande du march\u00e9.<\/p>\n<h2><em><strong><span style=\"vertical-align: inherit;\"><span style=\"vertical-align: inherit;\">Quel genre de biscuit\u00a0 <\/span><\/span><\/strong><\/em><span lang=\"EN-US\"><em><strong><span style=\"vertical-align: inherit;\"><span style=\"vertical-align: inherit;\">peut faire par ce <a href=\"https:\/\/www.jymachinetech.com\/fr\/product\/biscuit-production-line\/\" target=\"_blank\">cha\u00eene de production de biscuits<\/a>?<\/span><\/span><\/strong><\/em><br \/>\n<\/span><\/h2>\n<p data-pm-slice=\"1 1 []\">Cette ligne de production est con\u00e7ue pour produire une s\u00e9lection vari\u00e9e de types de biscuits, y compris des biscuits \u00e0 p\u00e2te molle, des biscuits durs, des biscuits pour sandwichs et des crackers. Que vos besoins de production portent sur des biscuits durs traditionnels ou des recettes innovantes \u00e0 base de p\u00e2te molle, la ligne peut \u00eatre personnalis\u00e9e pour traiter diff\u00e9rentes formulations et formes. Gr\u00e2ce \u00e0 un \u00e9quipement flexible et \u00e0 des r\u00e9glages ajustables, les fabricants peuvent facilement passer d'un type de biscuit \u00e0 l'autre, augmentant ainsi leur capacit\u00e9 de production et \u00e9largissant leur gamme de produits. Cette polyvalence fait de la <a href=\"https:\/\/www.jymachinetech.com\/fr\/essential-insights-into-biscuit-production-line-efficiency-and-design\/\" target=\"_blank\">cha\u00eene de production de biscuits<\/a> une solution id\u00e9ale pour les entreprises qui souhaitent produire plusieurs vari\u00e9t\u00e9s de biscuits et r\u00e9pondre \u00e0 l'\u00e9volution des pr\u00e9f\u00e9rences des consommateurs.<\/p>\n<p><img fetchpriority=\"high\" decoding=\"async\" class=\"alignnone size-large wp-image-41\" title=\"usine de ligne de production automatique de biscuits\" src=\"https:\/\/www.jymachinetech.com\/wp-content\/uploads\/2021\/12\/Automatic-biscuit-production-line-10-1024x262.png\" alt=\"usine de ligne de production automatique de biscuits\" width=\"750\" height=\"192\" \/><\/p>\n<p><img decoding=\"async\" class=\"alignnone size-large wp-image-40\" title=\"usine de ligne de production automatique de biscuits\" src=\"https:\/\/www.jymachinetech.com\/wp-content\/uploads\/2021\/12\/Automatic-biscuit-production-line-9-1-1024x266.png\" alt=\"usine de ligne de production automatique de biscuits\" width=\"750\" height=\"195\" \/><\/p>\n<p><span lang=\"EN-US\"><span style=\"vertical-align: inherit;\"><span style=\"vertical-align: inherit;\">Nous concevrons le meilleur agencement en fonction de votre espace d&#039;usine et \u00e9quiperons les machines les plus adapt\u00e9es pour fabriquer vos biscuits id\u00e9aux.<\/span><\/span><\/span><\/p>\n<p>&nbsp;<\/p>\n<h2><em><strong><span lang=\"EN-US\"><span style=\"vertical-align: inherit;\"><span style=\"vertical-align: inherit;\">L&#039;ensemble du processus pour une ligne de production automatique compl\u00e8te de biscuits, biscuits et craquelins<\/span><\/span><\/span><\/strong><\/em><\/h2>\n<h3><span style=\"vertical-align: inherit;\"><span style=\"vertical-align: inherit;\">M\u00e9langeur de p\u00e2te<\/span><\/span><\/h3>\n<p><img decoding=\"async\" class=\"alignnone size-full wp-image-29\" title=\"usine de ligne de production automatique de biscuits\" src=\"https:\/\/www.jymachinetech.com\/wp-content\/uploads\/2021\/12\/Automatic-biscuit-production-line-14.jpg\" alt=\"usine de ligne de production automatique de biscuits\" width=\"720\" height=\"818\" srcset=\"https:\/\/www.jymachinetech.com\/wp-content\/uploads\/2021\/12\/Automatic-biscuit-production-line-14.jpg 720w, https:\/\/www.jymachinetech.com\/wp-content\/uploads\/2021\/12\/Automatic-biscuit-production-line-14-11x12.jpg 11w, https:\/\/www.jymachinetech.com\/wp-content\/uploads\/2021\/12\/Automatic-biscuit-production-line-14-600x682.jpg 600w\" sizes=\"(max-width: 720px) 100vw, 720px\" \/><\/p>\n<h3><span style=\"vertical-align: inherit;\"><span style=\"vertical-align: inherit;\">Machine d&#039;alimentation en p\u00e2te<\/span><\/span><\/h3>\n<p><img loading=\"lazy\" decoding=\"async\" class=\"alignnone size-full wp-image-25\" title=\"usine de ligne de production automatique de biscuits\" src=\"https:\/\/www.jymachinetech.com\/wp-content\/uploads\/2021\/12\/Automatic-biscuit-production-line-10.jpg\" alt=\"usine de ligne de production automatique de biscuits\" width=\"800\" height=\"450\" srcset=\"https:\/\/www.jymachinetech.com\/wp-content\/uploads\/2021\/12\/Automatic-biscuit-production-line-10.jpg 800w, https:\/\/www.jymachinetech.com\/wp-content\/uploads\/2021\/12\/Automatic-biscuit-production-line-10-18x10.jpg 18w, https:\/\/www.jymachinetech.com\/wp-content\/uploads\/2021\/12\/Automatic-biscuit-production-line-10-600x338.jpg 600w\" sizes=\"(max-width: 800px) 100vw, 800px\" \/><\/p>\n<h3><span style=\"vertical-align: inherit;\"><span style=\"vertical-align: inherit;\">Convoyeur de levage de p\u00e2te<\/span><\/span><\/h3>\n<p><img loading=\"lazy\" decoding=\"async\" class=\"alignnone size-large wp-image-26\" title=\"usine de ligne de production automatique de biscuits\" src=\"https:\/\/www.jymachinetech.com\/wp-content\/uploads\/2021\/12\/Automatic-biscuit-production-line-11-768x1024.jpg\" alt=\"usine de ligne de production automatique de biscuits\" width=\"750\" height=\"1000\" \/><\/p>\n<p>&nbsp;<\/p>\n<h3><span style=\"vertical-align: inherit;\"><span style=\"vertical-align: inherit;\">Formage de t\u00f4les \u00e0 rouleaux<\/span><\/span><\/h3>\n<p><img loading=\"lazy\" decoding=\"async\" class=\"alignnone size-full wp-image-60\" title=\"usine de ligne de production automatique de biscuits\" src=\"https:\/\/www.jymachinetech.com\/wp-content\/uploads\/2021\/12\/Automatic-biscuit-production-line-8-1.jpg\" alt=\"usine de ligne de production automatique de biscuits\" width=\"800\" height=\"422\" srcset=\"https:\/\/www.jymachinetech.com\/wp-content\/uploads\/2021\/12\/Automatic-biscuit-production-line-8-1.jpg 800w, https:\/\/www.jymachinetech.com\/wp-content\/uploads\/2021\/12\/Automatic-biscuit-production-line-8-1-18x9.jpg 18w, https:\/\/www.jymachinetech.com\/wp-content\/uploads\/2021\/12\/Automatic-biscuit-production-line-8-1-600x317.jpg 600w\" sizes=\"(max-width: 800px) 100vw, 800px\" \/><\/p>\n<h3><span style=\"vertical-align: inherit;\"><span style=\"vertical-align: inherit;\">Moule rotatif pour la formation de biscuits durs<\/span><\/span><\/h3>\n<p><img loading=\"lazy\" decoding=\"async\" class=\"alignnone size-full wp-image-32\" title=\"usine de ligne de production automatique de biscuits\" src=\"https:\/\/www.jymachinetech.com\/wp-content\/uploads\/2021\/12\/Automatic-biscuit-production-line-1-1.jpg\" alt=\"usine de ligne de production automatique de biscuits\" width=\"958\" height=\"539\" srcset=\"https:\/\/www.jymachinetech.com\/wp-content\/uploads\/2021\/12\/Automatic-biscuit-production-line-1-1.jpg 958w, https:\/\/www.jymachinetech.com\/wp-content\/uploads\/2021\/12\/Automatic-biscuit-production-line-1-1-18x10.jpg 18w, https:\/\/www.jymachinetech.com\/wp-content\/uploads\/2021\/12\/Automatic-biscuit-production-line-1-1-600x338.jpg 600w\" sizes=\"(max-width: 958px) 100vw, 958px\" \/><\/p>\n<h3><span style=\"vertical-align: inherit;\"><span style=\"vertical-align: inherit;\">Moule rotatif pour la formation de biscuits mous<\/span><\/span><\/h3>\n<p><img loading=\"lazy\" decoding=\"async\" class=\"alignnone size-full wp-image-33\" title=\"usine de ligne de production automatique de biscuits\" src=\"https:\/\/www.jymachinetech.com\/wp-content\/uploads\/2021\/12\/Automatic-biscuit-production-line-2-1.jpg\" alt=\"usine de ligne de production automatique de biscuits\" width=\"800\" height=\"600\" srcset=\"https:\/\/www.jymachinetech.com\/wp-content\/uploads\/2021\/12\/Automatic-biscuit-production-line-2-1.jpg 800w, https:\/\/www.jymachinetech.com\/wp-content\/uploads\/2021\/12\/Automatic-biscuit-production-line-2-1-16x12.jpg 16w, https:\/\/www.jymachinetech.com\/wp-content\/uploads\/2021\/12\/Automatic-biscuit-production-line-2-1-600x450.jpg 600w\" sizes=\"(max-width: 800px) 100vw, 800px\" \/><\/p>\n<h3><span style=\"vertical-align: inherit;\"><span style=\"vertical-align: inherit;\">La cuisson au four<\/span><\/span><\/h3>\n<p><img loading=\"lazy\" decoding=\"async\" class=\"alignnone size-full wp-image-34\" title=\"usine de ligne de production automatique de biscuits\" src=\"https:\/\/www.jymachinetech.com\/wp-content\/uploads\/2021\/12\/Automatic-biscuit-production-line-3-1.png\" alt=\"usine de ligne de production automatique de biscuits\" width=\"800\" height=\"467\" srcset=\"https:\/\/www.jymachinetech.com\/wp-content\/uploads\/2021\/12\/Automatic-biscuit-production-line-3-1.png 800w, https:\/\/www.jymachinetech.com\/wp-content\/uploads\/2021\/12\/Automatic-biscuit-production-line-3-1-18x12.png 18w, https:\/\/www.jymachinetech.com\/wp-content\/uploads\/2021\/12\/Automatic-biscuit-production-line-3-1-600x350.png 600w\" sizes=\"(max-width: 800px) 100vw, 800px\" \/><\/p>\n<ul>\n<li><span lang=\"EN-US\"><span style=\"vertical-align: inherit;\"><span style=\"vertical-align: inherit;\">Four \u00e0 gaz de cuisson<\/span><\/span><\/span><\/li>\n<li><span style=\"vertical-align: inherit;\"><span style=\"vertical-align: inherit;\">Four \u00e9lectrique de cuisson<\/span><\/span><\/li>\n<li><span style=\"vertical-align: inherit;\"><span style=\"vertical-align: inherit;\">Four hybride de cuisson<\/span><\/span><\/li>\n<\/ul>\n<h3><span style=\"vertical-align: inherit;\"><span style=\"vertical-align: inherit;\">Pulv\u00e9risateur d&#039;huile<\/span><\/span><\/h3>\n<p><img loading=\"lazy\" decoding=\"async\" class=\"alignnone size-full wp-image-35\" title=\"usine de ligne de production automatique de biscuits\" src=\"https:\/\/www.jymachinetech.com\/wp-content\/uploads\/2021\/12\/Automatic-biscuit-production-line-4-1.jpg\" alt=\"usine de ligne de production automatique de biscuits\" width=\"800\" height=\"600\" srcset=\"https:\/\/www.jymachinetech.com\/wp-content\/uploads\/2021\/12\/Automatic-biscuit-production-line-4-1.jpg 800w, https:\/\/www.jymachinetech.com\/wp-content\/uploads\/2021\/12\/Automatic-biscuit-production-line-4-1-16x12.jpg 16w, https:\/\/www.jymachinetech.com\/wp-content\/uploads\/2021\/12\/Automatic-biscuit-production-line-4-1-600x450.jpg 600w\" sizes=\"(max-width: 800px) 100vw, 800px\" \/><\/p>\n<p>&nbsp;<\/p>\n<h3><span style=\"vertical-align: inherit;\"><span style=\"vertical-align: inherit;\">Convoyeur de refroidissement<\/span><\/span><\/h3>\n<p><img loading=\"lazy\" decoding=\"async\" class=\"alignnone size-large wp-image-20\" title=\"usine de ligne de production automatique de biscuits\" src=\"https:\/\/www.jymachinetech.com\/wp-content\/uploads\/2021\/12\/Automatic-biscuit-production-line-5-1024x768.jpg\" alt=\"usine de ligne de production automatique de biscuits\" width=\"750\" height=\"563\" \/><\/p>\n<h3><span style=\"vertical-align: inherit;\"><span style=\"vertical-align: inherit;\">Machine \u00e0 empiler les biscuits<\/span><\/span><\/h3>\n<p><img loading=\"lazy\" decoding=\"async\" class=\"alignnone size-large wp-image-21\" title=\"usine de ligne de production automatique de biscuits\" src=\"https:\/\/www.jymachinetech.com\/wp-content\/uploads\/2021\/12\/Automatic-biscuit-production-line-6-768x1024.jpg\" alt=\"usine de ligne de production automatique de biscuits\" width=\"750\" height=\"1000\" \/><\/p>\n<h3><span style=\"vertical-align: inherit;\"><span style=\"vertical-align: inherit;\">Machine d&#039;emballage<\/span><\/span><\/h3>\n<p><img loading=\"lazy\" decoding=\"async\" class=\"alignnone size-full wp-image-38\" title=\"usine de ligne de production automatique de biscuits\" src=\"https:\/\/www.jymachinetech.com\/wp-content\/uploads\/2021\/12\/Automatic-biscuit-production-line-7-1.png\" alt=\"usine de ligne de production automatique de biscuits\" width=\"682\" height=\"376\" srcset=\"https:\/\/www.jymachinetech.com\/wp-content\/uploads\/2021\/12\/Automatic-biscuit-production-line-7-1.png 682w, https:\/\/www.jymachinetech.com\/wp-content\/uploads\/2021\/12\/Automatic-biscuit-production-line-7-1-18x10.png 18w, https:\/\/www.jymachinetech.com\/wp-content\/uploads\/2021\/12\/Automatic-biscuit-production-line-7-1-600x331.png 600w\" sizes=\"(max-width: 682px) 100vw, 682px\" \/><\/p>\n<h2 data-pm-slice=\"1 1 []\">Entretien et r\u00e9paration<\/h2>\n<p>Pour maintenir des performances optimales dans la production de biscuits, il faut entretenir r\u00e9guli\u00e8rement et r\u00e9parer en temps voulu tous les composants cl\u00e9s, y compris les fours tunnels et les p\u00e9trins. L'\u00e9tablissement d'un programme d'entretien de routine permet d'\u00e9viter les pannes impr\u00e9vues, de r\u00e9duire les temps d'arr\u00eat et de prolonger la dur\u00e9e de vie des machines. Les inspections r\u00e9guli\u00e8res et l'entretien de l'\u00e9quipement critique garantissent que les fours tunnel et les p\u00e9trins ne sont pas endommag\u00e9s. <a title=\"Ligne de production de biscuits \u00e0 p\u00e2te dure de qualit\u00e9 sup\u00e9rieure pour des solutions de cuisson efficaces\" href=\"https:\/\/www.jymachinetech.com\/fr\/top-hard-dough-biscuit-production-line-for-efficient-baking-solutions\/\" data-wpil-monitor-id=\"100\" target=\"_blank\">la ligne de production continue \u00e0 fonctionner efficacement<\/a>, La production de biscuits de haute qualit\u00e9 avec un minimum de d\u00e9chets. Les fabricants doivent \u00e9galement disposer d'un plan pr\u00e9cis pour r\u00e9parer ou remplacer les \u00e9quipements en cas de besoin, ce qui permet de contr\u00f4ler les co\u00fbts de main-d'\u0153uvre et de maintenir un rendement de production constant. Il est essentiel de donner la priorit\u00e9 \u00e0 l'entretien et aux r\u00e9parations pour garantir l'efficacit\u00e9 et la fiabilit\u00e9 des op\u00e9rations de fabrication de biscuits.<\/p>","protected":false},"excerpt":{"rendered":"<div class=\"content-style\">\n<p><span style=\"vertical-align: inherit;\"><span style=\"vertical-align: inherit;\">Convient \u00e0 la plupart des biscuits \u00e0 p\u00e2te molle et \u00e0 p\u00e2te dure<\/span><\/span><\/p>\n<\/div>","protected":false},"featured_media":53,"comment_status":"open","ping_status":"closed","template":"","meta":[],"product_brand":[],"product_cat":[15,95],"product_tag":[175,180,187,183,182,20,185,181,177,178,188,186,184,176,179],"class_list":{"0":"post-15","1":"product","2":"type-product","3":"status-publish","4":"has-post-thumbnail","6":"product_cat-bakery-equipment","7":"product_cat-biscuit-machine","8":"product_tag-automatic-biscuit-machine","9":"product_tag-biscuit-baking-oven","10":"product_tag-biscuit-cooling-conveyor","11":"product_tag-biscuit-forming-machine","12":"product_tag-biscuit-packaging-solution","13":"product_tag-biscuit-production-line","14":"product_tag-ce-certified-biscuit-machine","15":"product_tag-commercial-biscuit-machinery","16":"product_tag-cookie-production-line","17":"product_tag-cracker-manufacturing-equipment","18":"product_tag-customized-biscuit-molds","19":"product_tag-dough-mixer-for-biscuits","20":"product_tag-german-biscuit-machine-design","21":"product_tag-industrial-biscuit-making-machine","22":"product_tag-rotary-molder-for-biscuits","24":"first","25":"instock","26":"shipping-taxable","27":"product-type-simple"},"_links":{"self":[{"href":"https:\/\/www.jymachinetech.com\/fr\/wp-json\/wp\/v2\/product\/15","targetHints":{"allow":["GET"]}}],"collection":[{"href":"https:\/\/www.jymachinetech.com\/fr\/wp-json\/wp\/v2\/product"}],"about":[{"href":"https:\/\/www.jymachinetech.com\/fr\/wp-json\/wp\/v2\/types\/product"}],"replies":[{"embeddable":true,"href":"https:\/\/www.jymachinetech.com\/fr\/wp-json\/wp\/v2\/comments?post=15"}],"version-history":[{"count":10,"href":"https:\/\/www.jymachinetech.com\/fr\/wp-json\/wp\/v2\/product\/15\/revisions"}],"predecessor-version":[{"id":6827,"href":"https:\/\/www.jymachinetech.com\/fr\/wp-json\/wp\/v2\/product\/15\/revisions\/6827"}],"wp:featuredmedia":[{"embeddable":true,"href":"https:\/\/www.jymachinetech.com\/fr\/wp-json\/wp\/v2\/media\/53"}],"wp:attachment":[{"href":"https:\/\/www.jymachinetech.com\/fr\/wp-json\/wp\/v2\/media?parent=15"}],"wp:term":[{"taxonomy":"product_brand","embeddable":true,"href":"https:\/\/www.jymachinetech.com\/fr\/wp-json\/wp\/v2\/product_brand?post=15"},{"taxonomy":"product_cat","embeddable":true,"href":"https:\/\/www.jymachinetech.com\/fr\/wp-json\/wp\/v2\/product_cat?post=15"},{"taxonomy":"product_tag","embeddable":true,"href":"https:\/\/www.jymachinetech.com\/fr\/wp-json\/wp\/v2\/product_tag?post=15"}],"curies":[{"name":"wp","href":"https:\/\/api.w.org\/{rel}","templated":true}]}}