{"id":1489,"date":"2021-12-23T09:04:54","date_gmt":"2021-12-23T09:04:54","guid":{"rendered":"https:\/\/www.jymachinetech.com\/?post_type=product&#038;p=1489"},"modified":"2025-07-25T05:59:17","modified_gmt":"2025-07-25T05:59:17","slug":"chocolate-conche-machine","status":"publish","type":"product","link":"https:\/\/www.jymachinetech.com\/fr\/product\/chocolate-conche-machine\/","title":{"rendered":"Machine \u00e0 conche au chocolat | Ligne de production de chocolat"},"content":{"rendered":"<h2>Machine \u00e0 Conche \u00e0 Chocolat : Le choix de l'artisan pour la perfection du chocolat poli<\/h2>\n<p><strong>Pr\u00e9sentation du produit :<\/strong> La machine \u00e0 conches de chocolat est la pierre angulaire de la fabrication de chocolat fin au sein de la cha\u00eene de production de chocolat. Cette machine affine le chocolat, lisse sa texture et am\u00e9liore sa saveur gr\u00e2ce \u00e0 un processus de m\u00e9lange et d&#039;a\u00e9ration continus.<\/p>\n<p><iframe title=\"Machine d&#039;emballage de feuilles de chocolat pour pi\u00e8ces d&#039;or Junyu\" width=\"800\" height=\"600\" src=\"https:\/\/www.youtube.com\/embed\/MBu3kK5vzGU?list=PLkC9Irp2ZdYa4PmOAcxqLj_5W7hqWV4Cb\" frameborder=\"0\" allow=\"accelerometer; autoplay; clipboard-write; encrypted-media; gyroscope; picture-in-picture; web-share\" referrerpolicy=\"strict-origin-when-cross-origin\" allowfullscreen><\/iframe><\/p>\n<h2><strong>Principaux avantages :<\/strong><\/h2>\n<ul>\n<li><strong>Haute efficacit\u00e9 :<\/strong> Notre machine \u00e0 conchage est con\u00e7ue pour fonctionner efficacement, r\u00e9duisant le temps de conchage g\u00e9n\u00e9ralement requis pour obtenir une masse de chocolat lisse et homog\u00e8ne.<\/li>\n<li><strong>Utilisation facile :<\/strong> Des commandes conviviales et des processus automatis\u00e9s permettent aux op\u00e9rateurs de g\u00e9rer facilement le processus de conchage, m\u00eame pour ceux qui ont une exp\u00e9rience minimale.<\/li>\n<li><strong>Entretien pratique :<\/strong> La structure de la machine permet d'acc\u00e9der facilement \u00e0 tous les composants, ce qui simplifie les op\u00e9rations de nettoyage et d'entretien pour maintenir la machine en parfait \u00e9tat.<\/li>\n<li><strong>Structure serr\u00e9e et simple :<\/strong> Une conception compacte et simplifi\u00e9e garantit que la machine occupe un espace minimal sur votre atelier de production tout en maintenant des performances robustes.<\/li>\n<li><strong>Composants \u00e9lectriques haut de gamme :<\/strong> \u00c9quip\u00e9e de composants \u00e9lectriques import\u00e9s de haute qualit\u00e9, la machine offre fiabilit\u00e9 et long\u00e9vit\u00e9, r\u00e9duisant les risques de pannes et de probl\u00e8mes de maintenance.<\/li>\n<\/ul>\n<h2><strong>Points forts techniques :<\/strong><\/h2>\n<ul>\n<li><strong>M\u00e9lange continu :<\/strong>\u00a0La machine \u00e0 conche assure un m\u00e9lange complet de la masse de chocolat, en incorporant de l&#039;air et en affinant la texture.<\/li>\n<li><strong>Contr\u00f4le de vitesse variable :<\/strong>\u00a0Permet aux op\u00e9rateurs d\u2019ajuster l\u2019intensit\u00e9 du m\u00e9lange pour correspondre aux caract\u00e9ristiques sp\u00e9cifiques des diff\u00e9rents types de chocolat.<\/li>\n<li><strong>R\u00e9gulation de la temp\u00e9rature :<\/strong>\u00a0Un contr\u00f4le pr\u00e9cis de la temp\u00e9rature \u00e0 l&#039;int\u00e9rieur de la conche garantit que le chocolat est trait\u00e9 dans des conditions optimales.<\/li>\n<li><strong>Conception sanitaire :<\/strong>\u00a0R\u00e9pond aux normes strictes de s\u00e9curit\u00e9 alimentaire avec des surfaces et des composants faciles \u00e0 nettoyer.<\/li>\n<\/ul>\n<h2><strong>Applications :<\/strong><\/h2>\n<ul>\n<li>Id\u00e9al pour les chocolatiers artisanaux et les fabricants de chocolat \u00e0 grande \u00e9chelle qui cherchent \u00e0 produire du chocolat de haute qualit\u00e9 avec une texture onctueuse et une saveur riche.<\/li>\n<\/ul>\n<h2><strong>Assistance et services \u00e0 la client\u00e8le :<\/strong><\/h2>\n<ul>\n<li><strong>Installation professionnelle :<\/strong>\u00a0Notre \u00e9quipe s&#039;assure que votre machine \u00e0 conches soit correctement install\u00e9e et int\u00e9gr\u00e9e \u00e0 votre ligne de production.<\/li>\n<li><strong>Formation compl\u00e8te :<\/strong>\u00a0Nous offrons une formation compl\u00e8te \u00e0 votre personnel pour qu&#039;il puisse utiliser et entretenir efficacement la machine \u00e0 conches.<\/li>\n<li><strong>Service apr\u00e8s-vente :<\/strong>\u00a0Offrant un soutien rapide et efficace pour tout probl\u00e8me op\u00e9rationnel, garantissant une perturbation minimale de votre production.<\/li>\n<li><strong>Des pi\u00e8ces de rechange:<\/strong>\u00a0Un approvisionnement fiable de pi\u00e8ces de rechange pour maintenir votre machine \u00e0 conche dans un \u00e9tat optimal.<\/li>\n<\/ul>\n<h2><strong>Pourquoi choisir notre machine \u00e0 conches au chocolat ?<\/strong><\/h2>\n<ul>\n<li><strong>Qualit\u00e9 et performance :<\/strong>\u00a0Construit avec des mat\u00e9riaux et des composants de haute qualit\u00e9 pour des performances et une durabilit\u00e9 sup\u00e9rieures.<\/li>\n<li><strong>Personnalisation et flexibilit\u00e9 :<\/strong>\u00a0Con\u00e7u pour r\u00e9pondre aux exigences sp\u00e9cifiques de votre processus de conchage de chocolat.<\/li>\n<li><strong>Innovation et technologie :<\/strong>\u00a0Int\u00e8gre la derni\u00e8re technologie pour un raffinage pr\u00e9cis et efficace du chocolat.<\/li>\n<li><strong>Assistance d&#039;experts :<\/strong>\u00a0Soutenu par une \u00e9quipe de professionnels poss\u00e9dant une vaste exp\u00e9rience dans les \u00e9quipements de production de chocolat.<\/li>\n<\/ul>\n<p><strong>Obtenez un devis maintenant :<\/strong> Pour des tarifs personnalis\u00e9s et pour en savoir plus sur la fa\u00e7on dont notre machine \u00e0 conches de chocolat peut affiner vos capacit\u00e9s de production de chocolat, contactez-nous d\u00e8s aujourd&#039;hui.<\/p>\n<p>&nbsp;<\/p>\n<p><img fetchpriority=\"high\" decoding=\"async\" class=\"alignnone size-full wp-image-1491\" title=\"machine \u00e0 conches au chocolat | ligne de production de chocolat\" src=\"https:\/\/www.jymachinetech.com\/wp-content\/uploads\/2021\/12\/1616395069_Chocolate-Conche-Machine4.png\" alt=\"machine \u00e0 conches au chocolat | ligne de production de chocolat\" width=\"612\" height=\"368\" srcset=\"https:\/\/www.jymachinetech.com\/wp-content\/uploads\/2021\/12\/1616395069_Chocolate-Conche-Machine4.png 612w, https:\/\/www.jymachinetech.com\/wp-content\/uploads\/2021\/12\/1616395069_Chocolate-Conche-Machine4-18x12.png 18w, https:\/\/www.jymachinetech.com\/wp-content\/uploads\/2021\/12\/1616395069_Chocolate-Conche-Machine4-600x361.png 600w\" sizes=\"(max-width: 612px) 100vw, 612px\" \/><\/p>\n<div class=\"table-responsive\">\n<table style=\"width: 100%;\">\n<tbody>\n<tr>\n<td style=\"text-align: center;\">Mod\u00e8le<\/td>\n<td style=\"text-align: center;\">JY-100L<\/td>\n<td style=\"text-align: center;\">JY-500L<\/td>\n<td style=\"text-align: center;\">JY-1000L<\/td>\n<td style=\"text-align: center;\">JY-3000L<\/td>\n<\/tr>\n<tr>\n<td style=\"text-align: center;\">Volume effectif<\/td>\n<td style=\"text-align: center;\">100L<\/td>\n<td style=\"text-align: center;\">500L<\/td>\n<td style=\"text-align: center;\">1000L<\/td>\n<td style=\"text-align: center;\">3000L<\/td>\n<\/tr>\n<tr>\n<td style=\"text-align: center;\">Fine finesse de broyage<\/td>\n<td style=\"text-align: center;\">20~25um<\/td>\n<td style=\"text-align: center;\">20~25um<\/td>\n<td style=\"text-align: center;\">20~25um<\/td>\n<td style=\"text-align: center;\">20~25um<\/td>\n<\/tr>\n<tr>\n<td style=\"text-align: center;\">Vitesse de rotation de l&#039;axe principal<\/td>\n<td style=\"text-align: center;\">48r\/min<\/td>\n<td style=\"text-align: center;\">33r\/min<\/td>\n<td style=\"text-align: center;\">35r\/min<\/td>\n<td style=\"text-align: center;\">35r\/min<\/td>\n<\/tr>\n<tr>\n<td style=\"text-align: center;\">Temps de broyage fin<\/td>\n<td style=\"text-align: center;\">12~16h<\/td>\n<td style=\"text-align: center;\">16~22h<\/td>\n<td style=\"text-align: center;\">16~22h<\/td>\n<td style=\"text-align: center;\">16~22h<\/td>\n<\/tr>\n<\/tbody>\n<\/table>\n<\/div>","protected":false},"excerpt":{"rendered":"<p>La Chocolate Conche est l&#039;un des principaux \u00e9quipements utilis\u00e9s pour le broyage fin des chocolats, et convient \u00e9galement au broyage fin de la farine de soja, ainsi que des produits chimiques industriels utilis\u00e9s quotidiennement pour une granularit\u00e9 de haut niveau. Le temps de broyage fin est d&#039;environ 14 \u00e0 20 heures, la granularit\u00e9 moyenne peut atteindre 20 \u03bcm. C&#039;est un \u00e9quipement cl\u00e9 pour le broyage fin des mat\u00e9riaux en p\u00e2te de chocolat dans la cha\u00eene de production de chocolat. Et il convient particuli\u00e8rement \u00e0 la demande technique de la petite usine de chocolat et de sucrerie.<\/p>","protected":false},"featured_media":1492,"comment_status":"closed","ping_status":"closed","template":"","meta":[],"product_brand":[],"product_cat":[17],"product_tag":[],"class_list":{"0":"post-1489","1":"product","2":"type-product","3":"status-publish","4":"has-post-thumbnail","6":"product_cat-chocolate-machine","8":"first","9":"instock","10":"shipping-taxable","11":"product-type-simple"},"_links":{"self":[{"href":"https:\/\/www.jymachinetech.com\/fr\/wp-json\/wp\/v2\/product\/1489","targetHints":{"allow":["GET"]}}],"collection":[{"href":"https:\/\/www.jymachinetech.com\/fr\/wp-json\/wp\/v2\/product"}],"about":[{"href":"https:\/\/www.jymachinetech.com\/fr\/wp-json\/wp\/v2\/types\/product"}],"replies":[{"embeddable":true,"href":"https:\/\/www.jymachinetech.com\/fr\/wp-json\/wp\/v2\/comments?post=1489"}],"version-history":[{"count":1,"href":"https:\/\/www.jymachinetech.com\/fr\/wp-json\/wp\/v2\/product\/1489\/revisions"}],"predecessor-version":[{"id":7196,"href":"https:\/\/www.jymachinetech.com\/fr\/wp-json\/wp\/v2\/product\/1489\/revisions\/7196"}],"wp:featuredmedia":[{"embeddable":true,"href":"https:\/\/www.jymachinetech.com\/fr\/wp-json\/wp\/v2\/media\/1492"}],"wp:attachment":[{"href":"https:\/\/www.jymachinetech.com\/fr\/wp-json\/wp\/v2\/media?parent=1489"}],"wp:term":[{"taxonomy":"product_brand","embeddable":true,"href":"https:\/\/www.jymachinetech.com\/fr\/wp-json\/wp\/v2\/product_brand?post=1489"},{"taxonomy":"product_cat","embeddable":true,"href":"https:\/\/www.jymachinetech.com\/fr\/wp-json\/wp\/v2\/product_cat?post=1489"},{"taxonomy":"product_tag","embeddable":true,"href":"https:\/\/www.jymachinetech.com\/fr\/wp-json\/wp\/v2\/product_tag?post=1489"}],"curies":[{"name":"wp","href":"https:\/\/api.w.org\/{rel}","templated":true}]}}