{"id":1471,"date":"2021-12-22T14:19:46","date_gmt":"2021-12-22T14:19:46","guid":{"rendered":"https:\/\/www.jymachinetech.com\/?post_type=product&#038;p=1471"},"modified":"2025-07-25T06:00:15","modified_gmt":"2025-07-25T06:00:15","slug":"caramel-candy-depositing-line","status":"publish","type":"product","link":"https:\/\/www.jymachinetech.com\/fr\/product\/caramel-candy-depositing-line\/","title":{"rendered":"Ligne de d\u00e9p\u00f4t de bonbons au caramel | machine \u00e0 fabriquer des bonbons"},"content":{"rendered":"<h2>Ligne de d\u00e9p\u00f4t de bonbons au caramel : Pr\u00e9cision et polyvalence dans la fabrication des bonbons<\/h2>\n<p><strong>Pr\u00e9sentation du produit :<\/strong> Obtenez une production de caramel et de toffee de haute qualit\u00e9 gr\u00e2ce \u00e0 notre ligne de d\u00e9pose enti\u00e8rement automatique, servocommand\u00e9e et contr\u00f4l\u00e9e par automate programmable. Ce syst\u00e8me de pointe est con\u00e7u pour cr\u00e9er un assortiment de formes et de couleurs, y compris des garnitures centrales \u00e0 valeur ajout\u00e9e telles que le chocolat et la confiture.<\/p>\n<p><iframe title=\"Junyu \u00e9quipement de bonbons durs foffy bonbons faisant la machine machine de d\u00e9p\u00f4t de bonbons au caramel au caramel\" width=\"800\" height=\"450\" src=\"https:\/\/www.youtube.com\/embed\/mR4k0quXfBw?feature=oembed\" frameborder=\"0\" allow=\"accelerometer; autoplay; clipboard-write; encrypted-media; gyroscope; picture-in-picture; web-share\" referrerpolicy=\"strict-origin-when-cross-origin\" allowfullscreen><\/iframe><\/p>\n<h2><strong>Principales caract\u00e9ristiques et avantages\u00a0:<\/strong><\/h2>\n<ul>\n<li><strong>Capacit\u00e9s de personnalisation :<\/strong>\u00a0Cr\u00e9ez des caramels unicolores ou \u00e0 remplissage central gr\u00e2ce \u00e0 des moules personnalisables en fonction de vos besoins sp\u00e9cifiques.<\/li>\n<li><strong>Syst\u00e8me de contr\u00f4le avanc\u00e9 :<\/strong>\u00a0Equip\u00e9 d'un syst\u00e8me de servo pour un contr\u00f4le pr\u00e9cis du processus de fabrication des bonbons.<\/li>\n<li><strong>Composants de la ligne compl\u00e8te :<\/strong>\u00a0Comprend un syst\u00e8me de pesage et de m\u00e9lange automatique (en option), un syst\u00e8me de dissolution sous pression, un cuiseur de bonbons au caramel, un d\u00e9poseur, un tunnel de refroidissement, etc.<\/li>\n<\/ul>\n<h2><strong>Sp\u00e9cifications techniques :<\/strong><\/h2>\n<ul>\n<li><strong>Capacit\u00e9:<\/strong>\u00a0Capable de produire de 150 \u00e0 2 000 kg par heure, il peut \u00eatre adapt\u00e9 pour r\u00e9pondre \u00e0 diff\u00e9rents besoins de production.<\/li>\n<li><strong>Flexibilit\u00e9 de forme et de taille :<\/strong>\u00a0Personnalisez la forme et la taille des bonbons pour r\u00e9pondre aux exigences de votre march\u00e9.<\/li>\n<li><strong>Options de chauffage :<\/strong>\u00a0Disponible avec un chauffage \u00e9lectrique ou \u00e0 vapeur pour s'adapter \u00e0 votre environnement de production.<\/li>\n<\/ul>\n<h2><strong>Applications :<\/strong><\/h2>\n<ul>\n<li>Id\u00e9al pour les fabricants de bonbons qui souhaitent produire une large gamme de bonbons au caramel et au toffee avec des garnitures et des pr\u00e9sentations diverses.<\/li>\n<\/ul>\n<p>&nbsp;<\/p>\n<div class=\"table-responsive\">\n<table style=\"width: 500px;\" border=\"1\" cellspacing=\"1\" cellpadding=\"1\">\n<tbody>\n<tr>\n<td>Mod\u00e8le<\/td>\n<td>JYT-150<\/td>\n<td>JYT-300<\/td>\n<td>JYT-450<\/td>\n<td>JYT-600<\/td>\n<td>JYT-1200<\/td>\n<\/tr>\n<tr>\n<td>capacit\u00e9(kg\/heure)<\/td>\n<td>100-150<\/td>\n<td>200-300<\/td>\n<td>350-450<\/td>\n<td>600-1000<\/td>\n<td>1200-2000<\/td>\n<\/tr>\n<\/tbody>\n<\/table>\n<\/div>\n<p>&nbsp;<\/p>\n<p>&nbsp;<\/p>\n<h2><b>Cuiseur \u00e0 caramel<\/b><\/h2>\n<p><img fetchpriority=\"high\" decoding=\"async\" class=\"alignnone size-full wp-image-1476\" title=\"ligne de d\u00e9p\u00f4t de bonbons au caramel | machine \u00e0 fabriquer des bonbons\" src=\"https:\/\/www.jymachinetech.com\/wp-content\/uploads\/2021\/12\/image_1612150641_2.png\" alt=\"ligne de d\u00e9p\u00f4t de bonbons au caramel | machine \u00e0 fabriquer des bonbons\" width=\"336\" height=\"336\" srcset=\"https:\/\/www.jymachinetech.com\/wp-content\/uploads\/2021\/12\/image_1612150641_2.png 336w, https:\/\/www.jymachinetech.com\/wp-content\/uploads\/2021\/12\/image_1612150641_2-12x12.png 12w, https:\/\/www.jymachinetech.com\/wp-content\/uploads\/2021\/12\/image_1612150641_2-300x300.png 300w, https:\/\/www.jymachinetech.com\/wp-content\/uploads\/2021\/12\/image_1612150641_2-100x100.png 100w\" sizes=\"(max-width: 336px) 100vw, 336px\" \/><\/p>\n<p>Notre cuiseur \u00e0 caramel est une machine de pointe con\u00e7ue pour r\u00e9volutionner la fa\u00e7on dont vous produisez le caramel et le toffee. Gr\u00e2ce \u00e0 son syst\u00e8me innovant \u00e0 deux cuiseurs, cette machine garantit une caram\u00e9lisation plus rapide et plus pr\u00e9cise, ce qui permet d'obtenir un produit final homog\u00e8ne et de haute qualit\u00e9.<\/p>\n<h3><strong>Principales caract\u00e9ristiques et avantages\u00a0:<\/strong><\/h3>\n<ul>\n<li><strong>Syst\u00e8me de double cuisson :<\/strong> Deux cuiseurs distincts fonctionnent en tandem pour une cuisson et une caram\u00e9lisation simultan\u00e9es, am\u00e9liorant ainsi l'efficacit\u00e9 et le contr\u00f4le.<\/li>\n<li><strong>Cuisson \u00e0 la vapeur \u00e0 haut rendement :<\/strong> La cuisson \u00e0 la vapeur garantit une r\u00e9partition uniforme de la chaleur, une r\u00e9duction des bulles d'air et une d\u00e9formation minimale pour une texture de caramel impeccable.<\/li>\n<li><strong>Cuisson et caram\u00e9lisation simultan\u00e9es :<\/strong> Le fonctionnement ind\u00e9pendant des processus de cuisson et de caram\u00e9lisation permet un contr\u00f4le pr\u00e9cis de chaque \u00e9tape, garantissant des r\u00e9sultats optimaux.<\/li>\n<li><strong>Contr\u00f4les ind\u00e9pendants pour les attributs de qualit\u00e9 :<\/strong> Ajustez la couleur, la saveur, l'humidit\u00e9 et la texture \u00e0 l'aide de commandes individuelles, afin d'adapter le caramel \u00e0 vos sp\u00e9cifications exactes.<\/li>\n<li><strong>Alimentateur automatique d'ingr\u00e9dients :<\/strong> Cette caract\u00e9ristique permet des changements rapides entre les lots, ce qui r\u00e9duit les temps d'arr\u00eat et augmente la vitesse de production.<\/li>\n<li><strong>Faible taux de rebut :<\/strong> La pr\u00e9cision du Toffee Cooker minimise les d\u00e9chets, ce qui permet de r\u00e9duire le taux de rebut et les co\u00fbts.<\/li>\n<li><strong>Efficience en mati\u00e8re de main-d'\u0153uvre et de co\u00fbts :<\/strong> R\u00e9duire les besoins en main-d'\u0153uvre et les co\u00fbts associ\u00e9s gr\u00e2ce \u00e0 des processus automatis\u00e9s qui maintiennent des normes de production \u00e9lev\u00e9es.<\/li>\n<li><strong>Ajout automatique de couleurs et d'ar\u00f4mes :<\/strong> Les syst\u00e8mes d'addition automatis\u00e9s permettent d'obtenir des profils de couleur et d'ar\u00f4me homog\u00e8nes dans tous les lots de caramel.<\/li>\n<\/ul>\n<h3><strong>Sp\u00e9cifications techniques :<\/strong><\/h3>\n<ul>\n<li><strong>M\u00e9thode de cuisson :<\/strong>\u00a0A base de vapeur pour une r\u00e9partition uniforme de la chaleur.<\/li>\n<li><strong>Syst\u00e8me de contr\u00f4le:<\/strong>\u00a0Contr\u00f4les individuels pour chaque aspect du processus de cuisson et de caram\u00e9lisation.<\/li>\n<li><strong>Niveau d'automatisation :<\/strong>\u00a0\u00c9lev\u00e9e, avec des chargeurs automatiques et une intervention manuelle minimale.<\/li>\n<\/ul>\n<h3><strong>Applications :<\/strong><\/h3>\n<ul>\n<li>Parfait pour les fabricants de bonbons qui produisent du caramel, du toffee et d'autres confiseries sensibles \u00e0 la chaleur n\u00e9cessitant une cuisson et une caram\u00e9lisation pr\u00e9cises.<\/li>\n<\/ul>\n<h2><b>Syst\u00e8me de d\u00e9pose et tunnel de refroidissement<\/b><\/h2>\n<ul>\n<li>La surface est givr\u00e9e imperm\u00e9able, prolonge la dur\u00e9e de vie, norme GMP.<\/li>\n<li>Rayures ou couches d\u00e9finies avec pr\u00e9cision.<\/li>\n<li>D\u00e9p\u00f4t de haute pr\u00e9cision, pas de d\u00e9viation.<\/li>\n<li>Moules en silicone souple pour une formule plus visqueuse.<\/li>\n<li>Syst\u00e8me de refroidissement ind\u00e9pendant pour un contr\u00f4le plus pr\u00e9cis de la temp\u00e9rature.<\/li>\n<li>D\u00e9p\u00f4t pr\u00e9cis continu, moins de bulles d&#039;air et de clignotement.<\/li>\n<li>Fonction de lavage automatique, syst\u00e8me de nettoyage de pipeline unique \u00e9troitement structurer, \u00e9conomiser de l&#039;espace.<\/li>\n<\/ul>\n<p><img decoding=\"async\" class=\"alignnone size-full wp-image-1474\" title=\"ligne de d\u00e9p\u00f4t de bonbons au caramel | machine \u00e0 fabriquer des bonbons\" src=\"https:\/\/www.jymachinetech.com\/wp-content\/uploads\/2021\/12\/1627005781_IMG_1892.jpg\" alt=\"ligne de d\u00e9p\u00f4t de bonbons au caramel | machine \u00e0 fabriquer des bonbons\" width=\"600\" height=\"400\" srcset=\"https:\/\/www.jymachinetech.com\/wp-content\/uploads\/2021\/12\/1627005781_IMG_1892.jpg 600w, https:\/\/www.jymachinetech.com\/wp-content\/uploads\/2021\/12\/1627005781_IMG_1892-18x12.jpg 18w\" sizes=\"(max-width: 600px) 100vw, 600px\" \/><\/p>\n<h2>Usage<\/h2>\n<p><img decoding=\"async\" class=\"alignnone size-full wp-image-1475\" title=\"ligne de d\u00e9p\u00f4t de bonbons au caramel | machine \u00e0 fabriquer des bonbons\" src=\"https:\/\/www.jymachinetech.com\/wp-content\/uploads\/2021\/12\/1629342292_5d82256fda7f3c01de736af931ba2e8.png\" alt=\"ligne de d\u00e9p\u00f4t de bonbons au caramel | machine \u00e0 fabriquer des bonbons\" width=\"2179\" height=\"864\" srcset=\"https:\/\/www.jymachinetech.com\/wp-content\/uploads\/2021\/12\/1629342292_5d82256fda7f3c01de736af931ba2e8.png 2179w, https:\/\/www.jymachinetech.com\/wp-content\/uploads\/2021\/12\/1629342292_5d82256fda7f3c01de736af931ba2e8-18x7.png 18w, https:\/\/www.jymachinetech.com\/wp-content\/uploads\/2021\/12\/1629342292_5d82256fda7f3c01de736af931ba2e8-600x238.png 600w\" sizes=\"(max-width: 2179px) 100vw, 2179px\" \/><\/p>\n<h2><strong>Assistance et services \u00e0 la client\u00e8le :<\/strong><\/h2>\n<ul>\n<li><strong>Consultation professionnelle :<\/strong>\u00a0Notre \u00e9quipe d'ing\u00e9nieurs et de concepteurs travaillera avec vous pour comprendre vos besoins et vous fournir les meilleures solutions.<\/li>\n<li><strong>Formation compl\u00e8te :<\/strong>\u00a0Nos programmes de formation d\u00e9taill\u00e9s permettent \u00e0 votre personnel de bien ma\u00eetriser le fonctionnement de la ligne de d\u00e9p\u00f4t.<\/li>\n<li><strong>Service apr\u00e8s-vente :<\/strong>\u00a0B\u00e9n\u00e9ficier d'une assistance rapide en cas de probl\u00e8me ou de besoin de maintenance.<\/li>\n<li><strong>Programmes d&#039;entretien annuels :<\/strong>\u00a0Maintenez votre \u00e9quipement en bon \u00e9tat de marche gr\u00e2ce \u00e0 nos services d'entretien r\u00e9gulier.<\/li>\n<\/ul>\n<h2><strong>FAQ:<\/strong><\/h2>\n<p><strong>Q : Combien de types de bonbons au caramel cette machine peut-elle produire ?<\/strong> R : La machine est capable de produire une vari\u00e9t\u00e9 de bonbons au caramel, y compris des options unicolores et \u00e0 remplissage central, avec la possibilit\u00e9 de personnaliser les moules en fonction de la conception de votre produit fini.<\/p>\n<p><strong>Q : La machine peut-elle produire diff\u00e9rents types de bonbons ?<\/strong> R : Oui, la machine est polyvalente et peut produire diff\u00e9rents types de bonbons avec des moules personnalis\u00e9s pour des designs uniques.<\/p>\n<p><strong>Q : Puis-je faire du chocolat avec cette machine ?<\/strong> R : Cette machine est sp\u00e9cifiquement con\u00e7ue pour la production de bonbons et n'est pas destin\u00e9e \u00e0 la fabrication de chocolat.<\/p>\n<p><strong>Q : Quelle est la capacit\u00e9 de production horaire de chewing-gums ?<\/strong> R : La machine peut produire au moins 21 600 gommes en une heure.<\/p>\n<p><strong>Q : Quelles formes et tailles de bonbons la machine peut-elle produire ?<\/strong> R : Nous pouvons fournir des bonbons de la forme et de la taille que vous souhaitez, avec des moules personnalis\u00e9s pour r\u00e9pondre \u00e0 vos sp\u00e9cifications.<\/p>\n<p><strong>Q : Quelles sont les options de chauffage disponibles pour la machine ?<\/strong> R : La machine peut \u00eatre \u00e9quip\u00e9e d'un chauffage \u00e9lectrique ou d'un chauffage \u00e0 vapeur, en fonction de la configuration de votre site de production.<\/p>\n<h2><strong>Pourquoi nous choisir \u2013 Le fabricant :<\/strong><\/h2>\n<ul>\n<li><strong>Exp\u00e9rience d&#039;usine r\u00e9elle :<\/strong>\u00a0Nous sommes une v\u00e9ritable usine de fabrication avec plus de 40 ans d'exp\u00e9rience dans l'industrie.<\/li>\n<li><strong>Equipe professionnelle :<\/strong>\u00a0Notre \u00e9quipe se compose de 12 dessinateurs et de 20 ing\u00e9nieurs professionnels pr\u00eats \u00e0 offrir une assistance technique dans le monde entier.<\/li>\n<li><strong>Fiabilit\u00e9:<\/strong>\u00a0Gr\u00e2ce \u00e0 une usine moderne de plus de 200 personnes, \u00e0 un contr\u00f4le de qualit\u00e9 strict et au respect des normes de fabrication allemandes, nous garantissons la pr\u00e9cision et la fiabilit\u00e9 de nos machines.<\/li>\n<li><strong>Machines de haute qualit\u00e9 :<\/strong>\u00a0Toutes nos machines sont fabriqu\u00e9es dans une usine r\u00e9pondant aux normes GMP, avec des mat\u00e9riaux SUS304 et un rev\u00eatement de surface par sablage pour garantir la durabilit\u00e9 et l'hygi\u00e8ne.<\/li>\n<\/ul>\n<h2><strong>Notre engagement envers vous :<\/strong><\/h2>\n<ul>\n<li><strong>Solutions personnalis\u00e9es :<\/strong>\u00a0Nous proposons la planification de l'implantation de l'usine, la conception en 3D, la planification du projet, la conception de formes personnalis\u00e9es et le d\u00e9veloppement de formules de bonbons adapt\u00e9es \u00e0 vos besoins sp\u00e9cifiques.<\/li>\n<\/ul>\n<p><strong>Obtenez un devis maintenant :<\/strong> Pour obtenir un devis personnalis\u00e9 et en savoir plus sur la fa\u00e7on dont notre ligne de d\u00e9p\u00f4t de bonbons au caramel peut am\u00e9liorer vos capacit\u00e9s de production de bonbons, contactez-nous d\u00e8s aujourd'hui.<\/p>","protected":false},"excerpt":{"rendered":"<p>Gamme compl\u00e8te de production de bonbons au caramel, au caramel et au fudge de haute qualit\u00e9.<\/p>","protected":false},"featured_media":4938,"comment_status":"closed","ping_status":"closed","template":"","meta":[],"product_brand":[],"product_cat":[16,102],"product_tag":[],"class_list":{"0":"post-1471","1":"product","2":"type-product","3":"status-publish","4":"has-post-thumbnail","6":"product_cat-candy-machine","7":"product_cat-toffee-candy-machine","9":"first","10":"instock","11":"shipping-taxable","12":"product-type-simple"},"_links":{"self":[{"href":"https:\/\/www.jymachinetech.com\/fr\/wp-json\/wp\/v2\/product\/1471","targetHints":{"allow":["GET"]}}],"collection":[{"href":"https:\/\/www.jymachinetech.com\/fr\/wp-json\/wp\/v2\/product"}],"about":[{"href":"https:\/\/www.jymachinetech.com\/fr\/wp-json\/wp\/v2\/types\/product"}],"replies":[{"embeddable":true,"href":"https:\/\/www.jymachinetech.com\/fr\/wp-json\/wp\/v2\/comments?post=1471"}],"version-history":[{"count":1,"href":"https:\/\/www.jymachinetech.com\/fr\/wp-json\/wp\/v2\/product\/1471\/revisions"}],"predecessor-version":[{"id":7198,"href":"https:\/\/www.jymachinetech.com\/fr\/wp-json\/wp\/v2\/product\/1471\/revisions\/7198"}],"wp:featuredmedia":[{"embeddable":true,"href":"https:\/\/www.jymachinetech.com\/fr\/wp-json\/wp\/v2\/media\/4938"}],"wp:attachment":[{"href":"https:\/\/www.jymachinetech.com\/fr\/wp-json\/wp\/v2\/media?parent=1471"}],"wp:term":[{"taxonomy":"product_brand","embeddable":true,"href":"https:\/\/www.jymachinetech.com\/fr\/wp-json\/wp\/v2\/product_brand?post=1471"},{"taxonomy":"product_cat","embeddable":true,"href":"https:\/\/www.jymachinetech.com\/fr\/wp-json\/wp\/v2\/product_cat?post=1471"},{"taxonomy":"product_tag","embeddable":true,"href":"https:\/\/www.jymachinetech.com\/fr\/wp-json\/wp\/v2\/product_tag?post=1471"}],"curies":[{"name":"wp","href":"https:\/\/api.w.org\/{rel}","templated":true}]}}