{"id":1434,"date":"2021-12-22T10:03:08","date_gmt":"2021-12-22T10:03:08","guid":{"rendered":"https:\/\/www.jymachinetech.com\/?post_type=product&#038;p=1434"},"modified":"2025-07-25T08:44:21","modified_gmt":"2025-07-25T08:44:21","slug":"small-automatic-candy-depositing-machine","status":"publish","type":"product","link":"https:\/\/www.jymachinetech.com\/fr\/product\/small-automatic-candy-depositing-machine\/","title":{"rendered":"Petite cha\u00eene de production automatique de machine de d\u00e9p\u00f4t de sucrerie \u00e0 vendre"},"content":{"rendered":"<h2>#1 Ligne de production de d\u00e9p\u00f4ts de bonbons Grossiste<\/h2>\n<p>D\u00e9couvrez la ligne de production de d\u00e9p\u00f4t de bonbons parfaite, adapt\u00e9e \u00e0 vos besoins. En achetant directement aupr\u00e8s de notre usine de confiance, vous \u00e9liminez les interm\u00e9diaires, ce qui vous assure les meilleurs prix et les garanties directes de l'industrie. B\u00e9n\u00e9ficiez d'une assistance 24h\/24 et 7j\/7 et recevez un devis en 5 minutes ou moins. <a href=\"https:\/\/www.jymachinetech.com\/fr\/top-candy-gummy-counter-machine-for-efficient-counting-and-packaging\/\" title=\"Machine \u00e0 compter les bonbons g\u00e9lifi\u00e9s pour un comptage et un emballage efficaces\"  data-wpil-monitor-id=\"10\" target=\"_blank\">Notre<\/a> offre une qualit\u00e9 et une efficacit\u00e9 in\u00e9gal\u00e9es, ce qui en fait la meilleure option pour vos besoins en mati\u00e8re de production de bonbons.<\/p>\n<p><iframe title=\"Junyu nouvelle gommeuse v\u00e9g\u00e9talienne faisant la machine \u00e9quipement de fabricant de bonbons de d\u00e9posant de bonbons enti\u00e8rement automatique\" width=\"800\" height=\"450\" src=\"https:\/\/www.youtube.com\/embed\/DxSf13U15jY?feature=oembed\" frameborder=\"0\" allow=\"accelerometer; autoplay; clipboard-write; encrypted-media; gyroscope; picture-in-picture; web-share\" referrerpolicy=\"strict-origin-when-cross-origin\" allowfullscreen><\/iframe><\/p>\n<h2>Caract\u00e9ristiques principales<\/h2>\n<ul>\n<li><strong>Pi\u00e8ces \u00e9lectriques de marque internationale<\/strong>: Tous les composants \u00e9lectriques proviennent des plus grandes marques internationales, ce qui garantit une dur\u00e9e de vie plus longue et des performances fiables.<\/li>\n<li><strong>Un syst\u00e8me CFA unique<\/strong>: Ajoutez facilement des ingr\u00e9dients tels que des vitamines, du CBD, du THC, etc., gr\u00e2ce \u00e0 notre syst\u00e8me unique Color Flavor and Add.<\/li>\n<li><strong>Conception de formes en 2D et 3D<\/strong>: Cr\u00e9ez des mod\u00e8les uniques avec notre syst\u00e8me, compatible avec des mat\u00e9riaux tels que le silicium et le m\u00e9tal pour des formes diverses.<\/li>\n<li><strong>Remplissage central et options multicolores<\/strong>: Produisez des bonbons avec des garnitures centrales ou des couleurs multiples pour plus de vari\u00e9t\u00e9.<\/li>\n<li><strong>Programmation PLC Contr\u00f4le<\/strong>: Syst\u00e8me de programmation PLC multilingue pour un fonctionnement polyvalent et convivial.<\/li>\n<li><strong>Syst\u00e8me de remodelage expansif<\/strong>: Prot\u00e8ge les moules et garantit une utilisation \u00e0 long terme.<\/li>\n<li><strong>Formes en R Cintrage et sablage \u00e9tanche<\/strong>: Am\u00e9liore la durabilit\u00e9 gr\u00e2ce \u00e0 la courbure en forme de R et au rev\u00eatement de sablage imperm\u00e9able.<\/li>\n<li><strong>Des dispositifs de s\u00e9curit\u00e9 complets<\/strong>: Comprend des panneaux d'avertissement et des protections pour garantir un fonctionnement s\u00fbr.<\/li>\n<li><strong>Isolation double couche<\/strong>: Maintient une temp\u00e9rature optimale gr\u00e2ce \u00e0 un syst\u00e8me d'isolation \u00e0 double couche.<\/li>\n<li><strong>Construction en acier inoxydable<\/strong>: L'armature et le corps sont construits en acier inoxydable durable.<\/li>\n<li><strong>Nettoyage facile<\/strong>: \u00c9quip\u00e9 d'une fonction de nettoyage et de tuyaux d'\u00e9vacuation pour un entretien facile.<\/li>\n<li><strong>Qualit\u00e9 certifi\u00e9e<\/strong>: Conforme \u00e0 la certification CE et aux normes GMP en mati\u00e8re de s\u00e9curit\u00e9 et de qualit\u00e9.<\/li>\n<\/ul>\n<h2>Sp\u00e9cifications<\/h2>\n<p>Notre petite machine automatique \u00e0 d\u00e9poser les bonbons est id\u00e9ale pour les op\u00e9rations \u00e0 budget ou \u00e0 espace limit\u00e9s. Elle se compose de deux parties principales : la section de d\u00e9p\u00f4t et le tunnel de refroidissement. Ce processus sans amidon est plus hygi\u00e9nique et plus rentable que les m\u00e9thodes traditionnelles.<\/p>\n<ul>\n<li><strong>Conception polyvalente<\/strong>: Prend en charge les dessins et les formes en 2D et en 3D, ce qui le rend parfait pour la production de bonbons g\u00e9lifi\u00e9s, de bonbons durs, de sucettes et de bonbons au caramel.<\/li>\n<li><strong>Processus hygi\u00e9nique<\/strong>: Le proc\u00e9d\u00e9 sans amidon garantit un produit plus propre et plus <a href=\"https:\/\/www.jymachinetech.com\/fr\/the-best-cake-production-line-enhancing-efficiency-and-quality\/\" title=\"La meilleure ligne de production de g\u00e2teaux : Am\u00e9liorer l&#039;efficacit\u00e9 et la qualit\u00e9\"  data-wpil-monitor-id=\"82\" target=\"_blank\">ligne de production efficace<\/a>.<\/li>\n<\/ul>\n<h2>Pourquoi nous choisir?<\/h2>\n<ul>\n<li><strong>Ventes directes \u00e0 l'usine<\/strong>: Achetez directement aupr\u00e8s de notre usine pour garantir les prix les plus bas et \u00e9viter les interm\u00e9diaires.<\/li>\n<li><strong>Expertise professionnelle<\/strong>: Forts de plusieurs d\u00e9cennies d'exp\u00e9rience dans la fabrication de machines, nous fournissons une assistance technique de premier ordre et des solutions innovantes.<\/li>\n<li><strong>Des normes de qualit\u00e9 \u00e9lev\u00e9es<\/strong>: Nos machines sont fabriqu\u00e9es dans une usine r\u00e9pondant aux normes GMP, \u00e0 l'aide de mat\u00e9riaux de haute qualit\u00e9 et d'une technologie de pr\u00e9cision.<\/li>\n<li><strong>Solutions personnalis\u00e9es<\/strong>: Nous proposons des services de planification de l'implantation des usines, de conception en 3D, de plans de projet et de conception de formes personnalis\u00e9es pour r\u00e9pondre \u00e0 vos besoins sp\u00e9cifiques.<\/li>\n<li><strong>Assistance compl\u00e8te<\/strong>: B\u00e9n\u00e9ficiez d'une assistance client\u00e8le 24h\/24 et 7j\/7 et de devis rapides pour garantir le bon d\u00e9roulement de vos op\u00e9rations.<\/li>\n<\/ul>\n<p>Choisissez notre petit syst\u00e8me automatique <a href=\"https:\/\/www.jymachinetech.com\/fr\/top-machine-gummy-candy-solutions-for-efficient-production\/\" title=\"Top Machine Gummy Candy Solutions for Efficient Production (en anglais)\"  data-wpil-monitor-id=\"66\" target=\"_blank\">production de machines \u00e0 d\u00e9poser les bonbons<\/a> pour une solution fiable, efficace et rentable \u00e0 vos besoins en mati\u00e8re de production de bonbons.<\/p>\n<p>&nbsp;<\/p>\n<div class=\"table-responsive\">\n<table style=\"width: 100%;\">\n<tbody>\n<tr>\n<td style=\"text-align: center;\">Mod\u00e8le<\/td>\n<td style=\"text-align: center;\">JYJ-40<\/td>\n<\/tr>\n<tr>\n<td style=\"text-align: center;\">Capacit\u00e9<\/td>\n<td style=\"text-align: center;\">36000 pi\u00e8ces\/heure<\/td>\n<\/tr>\n<tr>\n<td style=\"text-align: center;\">Vitesse de d\u00e9p\u00f4t<\/td>\n<td style=\"text-align: center;\">15-35 fois\/minute<\/td>\n<\/tr>\n<tr>\n<td style=\"text-align: center;\">Longueur machine<\/td>\n<td style=\"text-align: center;\">4m<\/td>\n<\/tr>\n<tr>\n<td style=\"text-align: center;\">Nom du produit<\/td>\n<td style=\"text-align: center;\">petite machine automatique de d\u00e9p\u00f4t de bonbons<\/td>\n<\/tr>\n<\/tbody>\n<\/table>\n<\/div>\n<p>&nbsp;<\/p>\n<h2><strong>Machine de d\u00e9p\u00f4t<br \/>\n<\/strong><\/h2>\n<ul>\n<li>Nettoyage facile avec<\/li>\n<li>Syst\u00e8me de pulv\u00e9risation d&#039;huile automatique<\/li>\n<li>D\u00e9moulage facile<\/li>\n<li>Syst\u00e8me CFA disponible<\/li>\n<li>Remplissage simple ou double ou central disponible<\/li>\n<\/ul>\n<p><img fetchpriority=\"high\" decoding=\"async\" class=\"alignnone size-full wp-image-1435\" title=\"petite ligne de production automatique de machine de d\u00e9p\u00f4t de bonbons \u00e0 vendre\" src=\"https:\/\/www.jymachinetech.com\/wp-content\/uploads\/2021\/12\/small-candy-deposited-1.jpg\" alt=\"petite ligne de production automatique de machine de d\u00e9p\u00f4t de bonbons \u00e0 vendre\" width=\"800\" height=\"580\" srcset=\"https:\/\/www.jymachinetech.com\/wp-content\/uploads\/2021\/12\/small-candy-deposited-1.jpg 800w, https:\/\/www.jymachinetech.com\/wp-content\/uploads\/2021\/12\/small-candy-deposited-1-18x12.jpg 18w, https:\/\/www.jymachinetech.com\/wp-content\/uploads\/2021\/12\/small-candy-deposited-1-600x435.jpg 600w\" sizes=\"(max-width: 800px) 100vw, 800px\" \/><\/p>\n<p>&nbsp;<\/p>\n<h2><strong>Tunnel de refroidissement<br \/>\n<\/strong><\/h2>\n<ul>\n<li>Cha\u00eene en acier inoxydable<\/li>\n<li>Transfert stable<\/li>\n<li>\u00c9conomiser de l&#039;espace<\/li>\n<\/ul>\n<p><img decoding=\"async\" class=\"alignnone size-full wp-image-1436\" title=\"petite ligne de production automatique de machine de d\u00e9p\u00f4t de bonbons \u00e0 vendre\" src=\"https:\/\/www.jymachinetech.com\/wp-content\/uploads\/2021\/12\/small-candy-deposited-2.jpg\" alt=\"petite ligne de production automatique de machine de d\u00e9p\u00f4t de bonbons \u00e0 vendre\" width=\"1050\" height=\"720\" srcset=\"https:\/\/www.jymachinetech.com\/wp-content\/uploads\/2021\/12\/small-candy-deposited-2.jpg 1050w, https:\/\/www.jymachinetech.com\/wp-content\/uploads\/2021\/12\/small-candy-deposited-2-18x12.jpg 18w, https:\/\/www.jymachinetech.com\/wp-content\/uploads\/2021\/12\/small-candy-deposited-2-600x411.jpg 600w\" sizes=\"(max-width: 1050px) 100vw, 1050px\" \/><\/p>\n<h2>Questions fr\u00e9quemment pos\u00e9es sur les machines \u00e0 d\u00e9poser les bonbons<\/h2>\n<h4>Q : Combien de types de bonbons votre machine peut-elle produire ?<\/h4>\n<p><strong>UN<\/strong>: Notre machine est polyvalente et peut produire diff\u00e9rents types de bonbons, notamment des bonbons g\u00e9lifi\u00e9s, des bonbons durs, des sucettes, des caramels et des bonbons au lait.<\/p>\n<h4>Q : Puis-je utiliser cette machine pour fabriquer du chocolat ?<\/h4>\n<p><strong>UN<\/strong>: Non, cette <a href=\"https:\/\/www.jymachinetech.com\/fr\/2025-top-gummy-candy-machine-for-efficient-production-and-quality-results\/\" title=\"2025 Machine \u00e0 bonbons g\u00e9lifi\u00e9s pour une production efficace et des r\u00e9sultats de qualit\u00e9\"  data-wpil-monitor-id=\"87\" target=\"_blank\">est sp\u00e9cialement con\u00e7ue pour la production de bonbons<\/a>. Il ne convient pas \u00e0 la fabrication du chocolat.<\/p>\n<h4>Q : Combien de pi\u00e8ces la machine peut-elle produire en une heure ?<\/h4>\n<p><strong>UN<\/strong>: La machine peut produire au moins 21 600 pi\u00e8ces par heure, ce qui garantit une productivit\u00e9 \u00e9lev\u00e9e.<\/p>\n<h4>Q : Quelle est la capacit\u00e9 de la machine \u00e0 bonbons g\u00e9lifi\u00e9s ?<\/h4>\n<p><strong>UN<\/strong>: Notre <a href=\"https:\/\/www.jymachinetech.com\/fr\/beginners-guide-using-gummy-candy-machine-homemade-gummies\/\" title=\"Guide du d\u00e9butant pour l&#039;utilisation d&#039;une machine \u00e0 bonbons g\u00e9lifi\u00e9s\"  data-wpil-monitor-id=\"58\" target=\"_blank\">machines \u00e0 bonbons g\u00e9lifi\u00e9s<\/a> offrent des capacit\u00e9s allant de 40 kg \u00e0 2000 kg par heure, r\u00e9pondant ainsi aux diff\u00e9rents besoins de production.<\/p>\n<h4>Q : La machine peut-elle produire des formes et des tailles personnalis\u00e9es de bonbons g\u00e9lifi\u00e9s ?<\/h4>\n<p><strong>UN<\/strong>: Oui, nous proposons des moules personnalis\u00e9s pour cr\u00e9er toutes les formes et tailles de bonbons que vous souhaitez.<\/p>\n<h4>Q : Quelles sont les bases de gomme compatibles avec votre machine \u00e0 bonbons g\u00e9lifi\u00e9s ?<\/h4>\n<p><strong>UN<\/strong>: Nos machines peuvent <a href=\"https:\/\/www.jymachinetech.com\/fr\/the-ultimate-guide-on-how-candy-is-made-from-ingredients-to-process\/\" title=\"Le guide ultime de la fabrication des bonbons : Des ingr\u00e9dients au processus\"  data-wpil-monitor-id=\"83\" target=\"_blank\">fabrication de bonbons g\u00e9lifi\u00e9s<\/a> avec diff\u00e9rentes gommes de base, notamment la pectine, la g\u00e9latine et la carragh\u00e9nane, chacune n\u00e9cessitant une m\u00e9thode de traitement unique.<\/p>\n<h4>Q : Quel type de chauffage la machine utilise-t-elle ?<\/h4>\n<p><strong>UN<\/strong>: Nos machines peuvent \u00eatre \u00e9quip\u00e9es d'un chauffage \u00e9lectrique ou d'un chauffage \u00e0 vapeur, en fonction de l'environnement et des besoins du client.<\/p>\n<h2>Pourquoi acheter une machine \u00e0 d\u00e9poser les bonbons chez nous ?<\/h2>\n<h4>V\u00e9ritable usine, pas une soci\u00e9t\u00e9 commerciale<\/h4>\n<p>Nous sommes un v\u00e9ritable fabricant, pas un interm\u00e9diaire. Nous vous invitons \u00e0 visiter notre usine et \u00e0 d\u00e9couvrir nos activit\u00e9s de premi\u00e8re main.<\/p>\n<h4>Expertise professionnelle<\/h4>\n<ul>\n<li><strong>Exp\u00e9rience<\/strong>: Avec plus de 40 ans d'exp\u00e9rience dans la fabrication de machines, nous apportons une expertise in\u00e9gal\u00e9e.<\/li>\n<li><strong>Assistance technique<\/strong>: Notre \u00e9quipe comprend 12 dessinateurs et 20 ing\u00e9nieurs professionnels qui sont pr\u00eats \u00e0 fournir une assistance technique \u00e0 tout moment et en tout lieu.<\/li>\n<\/ul>\n<h4>Fiabilit\u00e9<\/h4>\n<ul>\n<li><strong>Effectifs<\/strong>: Notre usine moderne emploie plus de 200 travailleurs qualifi\u00e9s.<\/li>\n<li><strong>Contr\u00f4le de la qualit\u00e9<\/strong>: Nous adh\u00e9rons \u00e0 des syst\u00e8mes de contr\u00f4le de la qualit\u00e9 stricts et \u00e0 des normes allemandes avanc\u00e9es.<\/li>\n<li><strong>Ing\u00e9nierie de pr\u00e9cision<\/strong>: Notre centre d'usinage CNC garantit que chaque d\u00e9tail de chaque machine est trait\u00e9 avec pr\u00e9cision.<\/li>\n<li><strong>Solutions sur mesure<\/strong>: Notre \u00e9quipe d'ing\u00e9nieurs professionnels propose des plans personnalis\u00e9s en fonction de vos besoins sp\u00e9cifiques.<\/li>\n<\/ul>\n<h4>Machines de haute qualit\u00e9<\/h4>\n<ul>\n<li><strong>Normes BPF<\/strong>: Toutes nos machines sont fabriqu\u00e9es dans une usine r\u00e9pondant aux normes GMP.<\/li>\n<li><strong>Pr\u00e9cision<\/strong>: Nous utilisons des centres CNC pour maintenir la pr\u00e9cision de nos machines.<\/li>\n<li><strong>Mat\u00e9riaux durables<\/strong>: Toutes les machines sont construites en acier inoxydable SUS304 et trait\u00e9es avec un rev\u00eatement de surface par sablage pour une meilleure durabilit\u00e9.<\/li>\n<\/ul>\n<h2>Ce que nous pouvons faire pour vous<\/h2>\n<ul>\n<li><strong>Agencement de l'usine<\/strong>: Nous vous aidons \u00e0 concevoir l'agencement optimal de votre site de production.<\/li>\n<li><strong>Conception 3D et plan de projet<\/strong>: Nous fournissons des conceptions 3D d\u00e9taill\u00e9es et une planification compl\u00e8te du projet.<\/li>\n<li><strong>Conception de forme personnalis\u00e9e<\/strong>: Nous cr\u00e9ons des formes personnalis\u00e9es pour r\u00e9pondre \u00e0 vos besoins sp\u00e9cifiques en mati\u00e8re de production de bonbons.<\/li>\n<li><strong>Formule pour les bonbons<\/strong>: Nous vous aidons \u00e0 \u00e9laborer des formules de bonbons qui correspondent \u00e0 vos objectifs de production.<\/li>\n<\/ul>\n<p>En choisissant nos machines \u00e0 d\u00e9poser les bonbons, vous vous assurez un processus de production fiable, efficace et de haute qualit\u00e9, adapt\u00e9 \u00e0 vos besoins sp\u00e9cifiques.<\/p>","protected":false},"excerpt":{"rendered":"<p>#1 Ligne de production de d\u00e9p\u00f4t de bonbons Grossiste D\u00e9couvrez la ligne de production de d\u00e9p\u00f4t de bonbons parfaite adapt\u00e9e \u00e0 vos besoins. En achetant directement aupr\u00e8s de notre usine de confiance, vous \u00e9liminez les interm\u00e9diaires, ce qui vous assure les meilleurs prix et les garanties directes de l'industrie. B\u00e9n\u00e9ficiez d'une assistance 24\/7 et recevez un devis en 5 minutes ou moins. Notre ligne de production de d\u00e9p\u00f4t de bonbons offre [...]<\/p>","protected":false},"featured_media":4924,"comment_status":"closed","ping_status":"closed","template":"","meta":[],"product_brand":[],"product_cat":[16,98],"product_tag":[],"class_list":{"0":"post-1434","1":"product","2":"type-product","3":"status-publish","4":"has-post-thumbnail","6":"product_cat-candy-machine","7":"product_cat-gummy-candy-machine","9":"first","10":"instock","11":"shipping-taxable","12":"product-type-simple"},"_links":{"self":[{"href":"https:\/\/www.jymachinetech.com\/fr\/wp-json\/wp\/v2\/product\/1434","targetHints":{"allow":["GET"]}}],"collection":[{"href":"https:\/\/www.jymachinetech.com\/fr\/wp-json\/wp\/v2\/product"}],"about":[{"href":"https:\/\/www.jymachinetech.com\/fr\/wp-json\/wp\/v2\/types\/product"}],"replies":[{"embeddable":true,"href":"https:\/\/www.jymachinetech.com\/fr\/wp-json\/wp\/v2\/comments?post=1434"}],"version-history":[{"count":12,"href":"https:\/\/www.jymachinetech.com\/fr\/wp-json\/wp\/v2\/product\/1434\/revisions"}],"predecessor-version":[{"id":7332,"href":"https:\/\/www.jymachinetech.com\/fr\/wp-json\/wp\/v2\/product\/1434\/revisions\/7332"}],"wp:featuredmedia":[{"embeddable":true,"href":"https:\/\/www.jymachinetech.com\/fr\/wp-json\/wp\/v2\/media\/4924"}],"wp:attachment":[{"href":"https:\/\/www.jymachinetech.com\/fr\/wp-json\/wp\/v2\/media?parent=1434"}],"wp:term":[{"taxonomy":"product_brand","embeddable":true,"href":"https:\/\/www.jymachinetech.com\/fr\/wp-json\/wp\/v2\/product_brand?post=1434"},{"taxonomy":"product_cat","embeddable":true,"href":"https:\/\/www.jymachinetech.com\/fr\/wp-json\/wp\/v2\/product_cat?post=1434"},{"taxonomy":"product_tag","embeddable":true,"href":"https:\/\/www.jymachinetech.com\/fr\/wp-json\/wp\/v2\/product_tag?post=1434"}],"curies":[{"name":"wp","href":"https:\/\/api.w.org\/{rel}","templated":true}]}}