{"id":1426,"date":"2021-12-22T09:47:26","date_gmt":"2021-12-22T09:47:26","guid":{"rendered":"https:\/\/www.jymachinetech.com\/?post_type=product&#038;p=1426"},"modified":"2025-07-25T06:01:41","modified_gmt":"2025-07-25T06:01:41","slug":"starch-mogul-tray","status":"publish","type":"product","link":"https:\/\/www.jymachinetech.com\/fr\/product\/starch-mogul-tray\/","title":{"rendered":"Plateau mogul en amidon | fournisseurs de ligne de mougle d&#039;amidon"},"content":{"rendered":"<h2>Bac \u00e0 gommes en amidon ABS : La solution moderne pour la production de bonbons g\u00e9lifi\u00e9s<\/h2>\n<p><strong>Pr\u00e9sentation du produit :<\/strong> Le plateau d'amidon ABS est un produit r\u00e9volutionnaire con\u00e7u pour am\u00e9liorer l'efficacit\u00e9 et la s\u00e9curit\u00e9 de la production de bonbons g\u00e9lifi\u00e9s. Les plateaux traditionnels en bois sont utilis\u00e9s depuis longtemps dans la ligne de fabrication des bonbons g\u00e9lifi\u00e9s, mais ils ne sont souvent pas \u00e0 la hauteur en termes de durabilit\u00e9 et de normes d'hygi\u00e8ne. Nos plateaux en ABS offrent une alternative sup\u00e9rieure qui r\u00e9pond aux exigences rigoureuses de la fabrication alimentaire moderne.<\/p>\n<h2><strong>Principales caract\u00e9ristiques et avantages\u00a0:<\/strong><\/h2>\n<ul>\n<li><strong>Construction durable :<\/strong>\u00a0Fabriqu\u00e9s en plastique ABS tr\u00e8s r\u00e9sistant, nos plateaux sont con\u00e7us pour r\u00e9sister aux rigueurs d'une utilisation quotidienne sans se casser ni se d\u00e9former.<\/li>\n<li><strong>Surface lisse :<\/strong>\u00a0La finition lisse du mat\u00e9riau ABS facilite le nettoyage et r\u00e9duit le risque de d\u00e9veloppement bact\u00e9rien, ce qui est essentiel pour la s\u00e9curit\u00e9 alimentaire.<\/li>\n<li><strong>Stabilit\u00e9 et uniformit\u00e9 :<\/strong>\u00a0Chaque plateau est con\u00e7u pour conserver sa forme et son rang pendant le processus de transfert et de production, ce qui garantit l'uniformit\u00e9 de la formation des bonbons g\u00e9lifi\u00e9s.<\/li>\n<li><strong>Efficacit\u00e9 spatiale :<\/strong>\u00a0La l\u00e9g\u00e8ret\u00e9 et le caract\u00e8re empilable de nos plateaux permettent de gagner de l'espace dans votre zone de production et vos installations de stockage.<\/li>\n<li><strong>Utilisations multiples :<\/strong>\u00a0Il convient non seulement aux bonbons g\u00e9lifi\u00e9s, mais aussi au transfert d'une grande vari\u00e9t\u00e9 de produits alimentaires et de boissons.<\/li>\n<\/ul>\n<h2><strong>Sp\u00e9cifications techniques :<\/strong><\/h2>\n<ul>\n<li><strong>Taille :<\/strong>\u00a0400mm x 800mm x 7mm<\/li>\n<li><strong>Mat\u00e9riel:<\/strong>\u00a0ABS (Acrylonitrile Butadi\u00e8ne Styr\u00e8ne)<\/li>\n<li><strong>Poids du plateau :<\/strong>\u00a03,5 kg<\/li>\n<\/ul>\n<h2><strong>Avantages par rapport aux plateaux en bois :<\/strong><\/h2>\n<ul>\n<li><strong>PLUS DE BOIS !<\/strong>\u00a0Passer \u00e0 un mat\u00e9riau plus hygi\u00e9nique et plus durable.<\/li>\n<li><strong>Long\u00e9vit\u00e9 :<\/strong>\u00a0Les plateaux en ABS peuvent \u00eatre utilis\u00e9s plusieurs fois, offrant ainsi une solution rentable au fil du temps.<\/li>\n<li><strong>Facilit\u00e9 de nettoyage :<\/strong>\u00a0Les surfaces lisses facilitent le nettoyage et l'entretien, r\u00e9duisant ainsi le risque de contamination.<\/li>\n<li><strong>Des performances constantes :<\/strong>\u00a0Contrairement au bois, qui peut \u00eatre endommag\u00e9, les plateaux en ABS conservent leur int\u00e9grit\u00e9 structurelle.<\/li>\n<\/ul>\n<h2><strong>Applications :<\/strong><\/h2>\n<ul>\n<li>Id\u00e9al pour l'amidonnerie <a href=\"https:\/\/www.jymachinetech.com\/fr\/the-best-gummy-candy-production-line-a-complete-guide-for-beginners\/\" title=\"La meilleure ligne de production de bonbons g\u00e9lifi\u00e9s : Un guide complet pour les d\u00e9butants\"  data-wpil-monitor-id=\"25\" target=\"_blank\">Ligne de production de bonbons g\u00e9lifi\u00e9s<\/a>, Ils servent \u00e0 transf\u00e9rer et \u00e0 soutenir les bonbons pendant le processus de moulage.<\/li>\n<\/ul>\n<h2><strong>Assistance et services \u00e0 la client\u00e8le :<\/strong><\/h2>\n<ul>\n<li><strong>Services de personnalisation :<\/strong>\u00a0Nous offrons la possibilit\u00e9 de personnaliser les plateaux pour r\u00e9pondre aux exigences et aux pr\u00e9f\u00e9rences sp\u00e9cifiques de la ligne de production.<\/li>\n<li><strong>Assurance qualit\u00e9:<\/strong>\u00a0Chaque plateau est fabriqu\u00e9 selon des normes de haute qualit\u00e9, ce qui garantit sa fiabilit\u00e9 et sa r\u00e9gularit\u00e9.<\/li>\n<\/ul>\n<h2><strong>Pourquoi choisir notre plateau \u00e0 amidon ABS ?<\/strong><\/h2>\n<ul>\n<li><strong>Innovation et durabilit\u00e9 :<\/strong>\u00a0D\u00e9passez les plateaux traditionnels en bois gr\u00e2ce \u00e0 notre solution ABS innovante et durable.<\/li>\n<li><strong>Hygi\u00e8ne et s\u00e9curit\u00e9 :<\/strong>\u00a0Garantissez les normes les plus strictes en mati\u00e8re de s\u00e9curit\u00e9 alimentaire gr\u00e2ce \u00e0 nos plateaux faciles \u00e0 nettoyer.<\/li>\n<li><strong>Efficacit\u00e9 et rentabilit\u00e9 :<\/strong>\u00a0R\u00e9duisez vos co\u00fbts de production gr\u00e2ce \u00e0 des plateaux qui sont con\u00e7us pour durer et qui r\u00e9duisent le besoin de remplacements fr\u00e9quents.<\/li>\n<\/ul>\n<p><strong>Obtenez un devis maintenant :<\/strong> Pour obtenir un prix personnalis\u00e9 et en savoir plus sur la fa\u00e7on dont notre plateau de broyage d'amidon ABS peut rationaliser votre production de bonbons g\u00e9lifi\u00e9s, contactez-nous d\u00e8s aujourd'hui.<\/p>\n<p><img fetchpriority=\"high\" decoding=\"async\" class=\"alignnone size-full wp-image-1427\" title=\"plateau de magnat de l&#039;amidon | fournisseurs de ligne d&#039;amidon mougle\" src=\"https:\/\/www.jymachinetech.com\/wp-content\/uploads\/2021\/12\/1623116753_Starch-mogul-tray4.png\" alt=\"plateau de magnat de l&#039;amidon | fournisseurs de ligne d&#039;amidon mougle\" width=\"800\" height=\"599\" srcset=\"https:\/\/www.jymachinetech.com\/wp-content\/uploads\/2021\/12\/1623116753_Starch-mogul-tray4.png 800w, https:\/\/www.jymachinetech.com\/wp-content\/uploads\/2021\/12\/1623116753_Starch-mogul-tray4-16x12.png 16w, https:\/\/www.jymachinetech.com\/wp-content\/uploads\/2021\/12\/1623116753_Starch-mogul-tray4-600x449.png 600w\" sizes=\"(max-width: 800px) 100vw, 800px\" \/><\/p>\n<p><img decoding=\"async\" class=\"alignnone size-full wp-image-1428\" title=\"plateau de magnat de l&#039;amidon | fournisseurs de ligne d&#039;amidon mougle\" src=\"https:\/\/www.jymachinetech.com\/wp-content\/uploads\/2021\/12\/1623116817_Starch-mogul-tray3.jpg\" alt=\"plateau de magnat de l&#039;amidon | fournisseurs de ligne d&#039;amidon mougle\" width=\"800\" height=\"599\" srcset=\"https:\/\/www.jymachinetech.com\/wp-content\/uploads\/2021\/12\/1623116817_Starch-mogul-tray3.jpg 800w, https:\/\/www.jymachinetech.com\/wp-content\/uploads\/2021\/12\/1623116817_Starch-mogul-tray3-16x12.jpg 16w, https:\/\/www.jymachinetech.com\/wp-content\/uploads\/2021\/12\/1623116817_Starch-mogul-tray3-600x449.jpg 600w\" sizes=\"(max-width: 800px) 100vw, 800px\" \/><\/p>\n<p><img decoding=\"async\" class=\"alignnone size-full wp-image-1430\" title=\"plateau de magnat de l&#039;amidon | fournisseurs de ligne d&#039;amidon mougle\" src=\"https:\/\/www.jymachinetech.com\/wp-content\/uploads\/2021\/12\/1623116882_Starch-mogul-tray2.jpg\" alt=\"plateau de magnat de l&#039;amidon | fournisseurs de ligne d&#039;amidon mougle\" width=\"800\" height=\"447\" srcset=\"https:\/\/www.jymachinetech.com\/wp-content\/uploads\/2021\/12\/1623116882_Starch-mogul-tray2.jpg 800w, https:\/\/www.jymachinetech.com\/wp-content\/uploads\/2021\/12\/1623116882_Starch-mogul-tray2-18x10.jpg 18w, https:\/\/www.jymachinetech.com\/wp-content\/uploads\/2021\/12\/1623116882_Starch-mogul-tray2-600x335.jpg 600w\" sizes=\"(max-width: 800px) 100vw, 800px\" \/><\/p>\n<p><img loading=\"lazy\" decoding=\"async\" class=\"alignnone size-full wp-image-1429\" title=\"plateau de magnat de l&#039;amidon | fournisseurs de ligne d&#039;amidon mougle\" src=\"https:\/\/www.jymachinetech.com\/wp-content\/uploads\/2021\/12\/1623116873_Starch-mogul-tray1.jpg\" alt=\"plateau de magnat de l&#039;amidon | fournisseurs de ligne d&#039;amidon mougle\" width=\"800\" height=\"447\" srcset=\"https:\/\/www.jymachinetech.com\/wp-content\/uploads\/2021\/12\/1623116873_Starch-mogul-tray1.jpg 800w, https:\/\/www.jymachinetech.com\/wp-content\/uploads\/2021\/12\/1623116873_Starch-mogul-tray1-18x10.jpg 18w, https:\/\/www.jymachinetech.com\/wp-content\/uploads\/2021\/12\/1623116873_Starch-mogul-tray1-600x335.jpg 600w\" sizes=\"(max-width: 800px) 100vw, 800px\" \/><\/p>\n<p><img loading=\"lazy\" decoding=\"async\" class=\"alignnone size-full wp-image-1432\" title=\"plateau de magnat de l&#039;amidon | fournisseurs de ligne d&#039;amidon mougle\" src=\"https:\/\/www.jymachinetech.com\/wp-content\/uploads\/2021\/12\/1623116892_Starch-mogul-tray5.jpg\" alt=\"plateau de magnat de l&#039;amidon | fournisseurs de ligne d&#039;amidon mougle\" width=\"800\" height=\"447\" srcset=\"https:\/\/www.jymachinetech.com\/wp-content\/uploads\/2021\/12\/1623116892_Starch-mogul-tray5.jpg 800w, https:\/\/www.jymachinetech.com\/wp-content\/uploads\/2021\/12\/1623116892_Starch-mogul-tray5-18x10.jpg 18w, https:\/\/www.jymachinetech.com\/wp-content\/uploads\/2021\/12\/1623116892_Starch-mogul-tray5-600x335.jpg 600w\" sizes=\"(max-width: 800px) 100vw, 800px\" \/><\/p>\n<p>&nbsp;<\/p>","protected":false},"excerpt":{"rendered":"<div class=\"content-style\">\n<p>Ce plateau de transfert est plus adapt\u00e9 \u00e0 la gamme de moguls d&#039;amidon.<\/p>\n<\/div>","protected":false},"featured_media":4925,"comment_status":"closed","ping_status":"closed","template":"","meta":[],"product_brand":[],"product_cat":[16,98],"product_tag":[],"class_list":{"0":"post-1426","1":"product","2":"type-product","3":"status-publish","4":"has-post-thumbnail","6":"product_cat-candy-machine","7":"product_cat-gummy-candy-machine","9":"first","10":"instock","11":"shipping-taxable","12":"product-type-simple"},"_links":{"self":[{"href":"https:\/\/www.jymachinetech.com\/fr\/wp-json\/wp\/v2\/product\/1426","targetHints":{"allow":["GET"]}}],"collection":[{"href":"https:\/\/www.jymachinetech.com\/fr\/wp-json\/wp\/v2\/product"}],"about":[{"href":"https:\/\/www.jymachinetech.com\/fr\/wp-json\/wp\/v2\/types\/product"}],"replies":[{"embeddable":true,"href":"https:\/\/www.jymachinetech.com\/fr\/wp-json\/wp\/v2\/comments?post=1426"}],"version-history":[{"count":2,"href":"https:\/\/www.jymachinetech.com\/fr\/wp-json\/wp\/v2\/product\/1426\/revisions"}],"predecessor-version":[{"id":7252,"href":"https:\/\/www.jymachinetech.com\/fr\/wp-json\/wp\/v2\/product\/1426\/revisions\/7252"}],"wp:featuredmedia":[{"embeddable":true,"href":"https:\/\/www.jymachinetech.com\/fr\/wp-json\/wp\/v2\/media\/4925"}],"wp:attachment":[{"href":"https:\/\/www.jymachinetech.com\/fr\/wp-json\/wp\/v2\/media?parent=1426"}],"wp:term":[{"taxonomy":"product_brand","embeddable":true,"href":"https:\/\/www.jymachinetech.com\/fr\/wp-json\/wp\/v2\/product_brand?post=1426"},{"taxonomy":"product_cat","embeddable":true,"href":"https:\/\/www.jymachinetech.com\/fr\/wp-json\/wp\/v2\/product_cat?post=1426"},{"taxonomy":"product_tag","embeddable":true,"href":"https:\/\/www.jymachinetech.com\/fr\/wp-json\/wp\/v2\/product_tag?post=1426"}],"curies":[{"name":"wp","href":"https:\/\/api.w.org\/{rel}","templated":true}]}}