{"id":1277,"date":"2021-12-21T08:23:11","date_gmt":"2021-12-21T08:23:11","guid":{"rendered":"https:\/\/www.jymachinetech.com\/?post_type=product&#038;p=1277"},"modified":"2025-04-02T02:15:20","modified_gmt":"2025-04-02T02:15:20","slug":"gummy-jelly-candy-making-machine","status":"publish","type":"product","link":"https:\/\/www.jymachinetech.com\/fr\/product\/gummy-jelly-candy-making-machine\/","title":{"rendered":"Machine automatique de fabrication de gel\u00e9es et de bonbons g\u00e9lifi\u00e9s : 80 kg\/heure 150 kg\/heure 300 kg\/heure"},"content":{"rendered":"<p>La ligne de d\u00e9p\u00f4t de bonbons g\u00e9lifi\u00e9s\/gommes\/g\u00e9latine\/pectine\/carrageenan est la solution ultime pour produire des confiseries de haute qualit\u00e9 avec une coh\u00e9rence exceptionnelle. Con\u00e7ue pour r\u00e9pondre aux exigences de la production moderne de bonbons, cette ligne offre non seulement une qualit\u00e9 de produit sup\u00e9rieure mais aussi une efficacit\u00e9 op\u00e9rationnelle accrue.<\/p>\n<p><iframe title=\"M600 machine de d\u00e9p\u00f4t de bonbons g\u00e9lifi\u00e9s v\u00e9g\u00e9taliens \u00e9quipement de fabrication de bonbons g\u00e9lifi\u00e9s avec syst\u00e8me de pesage automatique\" width=\"800\" height=\"450\" src=\"https:\/\/www.youtube.com\/embed\/9Zd8-zGJfWo?feature=oembed\" frameborder=\"0\" allow=\"accelerometer; autoplay; clipboard-write; encrypted-media; gyroscope; picture-in-picture; web-share\" referrerpolicy=\"strict-origin-when-cross-origin\" allowfullscreen><\/iframe><\/p>\n<table>\n<tbody>\n<tr>\n<td>Mod\u00e8le<\/td>\n<td>M80<\/td>\n<td>M150<\/td>\n<td>M300<\/td>\n<td>M450<\/td>\n<td>M600<\/td>\n<\/tr>\n<tr>\n<td>Capacit\u00e9 de production<\/td>\n<td>80 kg\/heure<\/td>\n<td>150kg\/heure<\/td>\n<td>300kg\/heure<\/td>\n<td>450kg\/heure<\/td>\n<td>600kg\/heure<\/td>\n<\/tr>\n<tr>\n<td>Puissance \u00e9lectrique<\/td>\n<td>2-8 g\/ou plus personnalis\u00e9<\/td>\n<td>2-8 g\/ou plus personnalis\u00e9<\/td>\n<td>2-8 g\/ou plus personnalis\u00e9<\/td>\n<td>2-8 g\/ou plus personnalis\u00e9<\/td>\n<td>2-8 g\/ou plus personnalis\u00e9<\/td>\n<\/tr>\n<tr>\n<td>Longueur totale<\/td>\n<td>7m<\/td>\n<td>17m<\/td>\n<td>17m<\/td>\n<td>18m<\/td>\n<td>18m<\/td>\n<\/tr>\n<tr>\n<td>Quantit\u00e9 de moules<\/td>\n<td>160 pi\u00e8ces<\/td>\n<td>240 pi\u00e8ces<\/td>\n<td>480 pi\u00e8ces<\/td>\n<td>720 pi\u00e8ces<\/td>\n<td>960 pi\u00e8ces<\/td>\n<\/tr>\n<\/tbody>\n<\/table>\n<p>Cette ligne se compose principalement d'un cuiseur \u00e0 veste, d'un r\u00e9servoir de stockage, d'un syst\u00e8me de pes\u00e9e et de m\u00e9lange, d'un d\u00e9positaire et d'une machine de refroidissement. Elle int\u00e8gre un syst\u00e8me de contr\u00f4le servo avanc\u00e9 pour un fonctionnement pr\u00e9cis et efficace.<\/p>\n<p>&nbsp;<\/p>\n<p><img fetchpriority=\"high\" decoding=\"async\" width=\"800\" height=\"800\" class=\"wp-image-4825\" src=\"https:\/\/www.jymachinetech.com\/wp-content\/uploads\/2021\/12\/300.jpeg\" alt=\"300\" srcset=\"https:\/\/www.jymachinetech.com\/wp-content\/uploads\/2021\/12\/300.jpeg 800w, https:\/\/www.jymachinetech.com\/wp-content\/uploads\/2021\/12\/300-12x12.jpeg 12w, https:\/\/www.jymachinetech.com\/wp-content\/uploads\/2021\/12\/300-300x300.jpeg 300w, https:\/\/www.jymachinetech.com\/wp-content\/uploads\/2021\/12\/300-600x600.jpeg 600w, https:\/\/www.jymachinetech.com\/wp-content\/uploads\/2021\/12\/300-100x100.jpeg 100w\" sizes=\"(max-width: 800px) 100vw, 800px\" \/><\/p>\n<p><img decoding=\"async\" width=\"866\" height=\"578\" class=\"wp-image-4826\" src=\"https:\/\/www.jymachinetech.com\/wp-content\/uploads\/2021\/12\/img_3130.jpeg\" alt=\"IMG_3130\" srcset=\"https:\/\/www.jymachinetech.com\/wp-content\/uploads\/2021\/12\/img_3130.jpeg 866w, https:\/\/www.jymachinetech.com\/wp-content\/uploads\/2021\/12\/img_3130-18x12.jpeg 18w, https:\/\/www.jymachinetech.com\/wp-content\/uploads\/2021\/12\/img_3130-600x400.jpeg 600w\" sizes=\"(max-width: 866px) 100vw, 866px\" \/><\/p>\n<p><img decoding=\"async\" width=\"1299\" height=\"974\" class=\"wp-image-4827\" src=\"https:\/\/www.jymachinetech.com\/wp-content\/uploads\/2021\/12\/1.jpeg\" alt=\"Cuisson 1\" srcset=\"https:\/\/www.jymachinetech.com\/wp-content\/uploads\/2021\/12\/1.jpeg 1299w, https:\/\/www.jymachinetech.com\/wp-content\/uploads\/2021\/12\/1-16x12.jpeg 16w, https:\/\/www.jymachinetech.com\/wp-content\/uploads\/2021\/12\/1-600x450.jpeg 600w\" sizes=\"(max-width: 1299px) 100vw, 1299px\" \/><\/p>\n<p>Le r\u00e9servoir de m\u00e9lange \u00e0 veste et le r\u00e9servoir de stockage \u00e0 veste sont con\u00e7us avec des fonctionnalit\u00e9s avanc\u00e9es pour garantir des performances optimales. Les deux r\u00e9servoirs utilisent un syst\u00e8me de circulation d'eau chaude dans la veste et la tuyauterie pour un chauffage efficace et uniforme, assurant un contr\u00f4le pr\u00e9cis de la temp\u00e9rature pendant la cuisson.<\/p>\n<p>Les r\u00e9servoirs sont \u00e9galement \u00e9quip\u00e9s d'une pompe \u00e0 vide puissante, qui aide \u00e0 \u00e9liminer l'air et l'humidit\u00e9 du m\u00e9lange, am\u00e9liorant la qualit\u00e9 et la texture du produit. Fabriqu\u00e9s en acier inoxydable de qualit\u00e9 alimentaire 304 durable, ces r\u00e9servoirs sont con\u00e7us pour r\u00e9sister \u00e0 des temp\u00e9ratures \u00e9lev\u00e9es et offrir une r\u00e9sistance exceptionnelle \u00e0 la corrosion, ce qui les rend id\u00e9aux pour une utilisation continue dans un environnement de production \u00e0 forte demande.<\/p>\n<p><iframe title=\"Vitrine d&#039;\u00e9quipement professionnel pour bonbons g\u00e9lifi\u00e9s | Machines \u00e0 gummy JUNYU\" width=\"800\" height=\"450\" src=\"https:\/\/www.youtube.com\/embed\/ELv7mN-7sCg?feature=oembed\" frameborder=\"0\" allow=\"accelerometer; autoplay; clipboard-write; encrypted-media; gyroscope; picture-in-picture; web-share\" referrerpolicy=\"strict-origin-when-cross-origin\" allowfullscreen><\/iframe><\/p>\n<p>Le syst\u00e8me de cuisson est polyvalent et peut \u00eatre utilis\u00e9 pour cuire du sirop de bonbon, dissoudre de la g\u00e9latine et stocker le sirop de mani\u00e8re contr\u00f4l\u00e9e, garantissant un flux de production fluide et ininterrompu. Cette int\u00e9gration transparente de la cuisson et du stockage du sirop assure des r\u00e9sultats coh\u00e9rents et de haute qualit\u00e9 \u00e0 chaque lot. Con\u00e7u pour les fabricants souhaitant am\u00e9liorer leurs capacit\u00e9s de production de bonbons, ce syst\u00e8me garantit efficacit\u00e9, coh\u00e9rence du produit et fiabilit\u00e9 op\u00e9rationnelle, vous aidant \u00e0 r\u00e9pondre aux demandes croissantes du march\u00e9 des bonbons.<\/p>\n<p><img loading=\"lazy\" decoding=\"async\" width=\"574\" height=\"422\" class=\"wp-image-4828\" src=\"https:\/\/www.jymachinetech.com\/wp-content\/uploads\/2021\/12\/word-image-1277-4.png\" alt=\"\" srcset=\"https:\/\/www.jymachinetech.com\/wp-content\/uploads\/2021\/12\/word-image-1277-4.png 574w, https:\/\/www.jymachinetech.com\/wp-content\/uploads\/2021\/12\/word-image-1277-4-16x12.png 16w\" sizes=\"(max-width: 574px) 100vw, 574px\" \/><\/p>\n<p>Le m\u00e9langeur en ligne dynamique et statique est un syst\u00e8me haute efficacit\u00e9 con\u00e7u pour int\u00e9grer de mani\u00e8re transparente la coloration, la saveur et l'acide dans votre ligne de production. Ce m\u00e9langeur avanc\u00e9 offre des capacit\u00e9s de m\u00e9lange dynamique et statique, assurant une homog\u00e9n\u00e9it\u00e9 et une consistance parfaites des ingr\u00e9dients en temps r\u00e9el.<\/p>\n<p>Avec une dose automatique de couleur, saveur et acide, ce syst\u00e8me am\u00e9liore la vitesse et la pr\u00e9cision de la production tout en r\u00e9duisant le besoin d'intervention manuelle. Il est sp\u00e9cialement con\u00e7u pour la commodit\u00e9, facilitant la configuration, l'utilisation et l'entretien. La capacit\u00e9 \u00e0 contr\u00f4ler automatiquement les proportions des additifs garantit une qualit\u00e9 constante du produit \u00e0 chaque lot, tandis que le processus de m\u00e9lange rapide minimise les temps d'arr\u00eat et maximise l'efficacit\u00e9 de la production.<\/p>\n<p>Que vous produisiez des gummies, des bonbons ou d'autres confiseries, ce m\u00e9langeur rationalise l'ensemble du processus, am\u00e9liorant \u00e0 la fois la qualit\u00e9 et la rapidit\u00e9 de vos op\u00e9rations. Son design convivial et ses fonctionnalit\u00e9s d'automatisation offrent aux fabricants de bonbons une solution fiable et \u00e9conomique en temps, pour r\u00e9pondre aux exigences du march\u00e9 actuel en \u00e9volution rapide.<\/p>\n<p><img loading=\"lazy\" decoding=\"async\" width=\"849\" height=\"566\" class=\"wp-image-4829\" src=\"https:\/\/www.jymachinetech.com\/wp-content\/uploads\/2021\/12\/img_3293.jpeg\" alt=\"IMG_3293\" srcset=\"https:\/\/www.jymachinetech.com\/wp-content\/uploads\/2021\/12\/img_3293.jpeg 849w, https:\/\/www.jymachinetech.com\/wp-content\/uploads\/2021\/12\/img_3293-18x12.jpeg 18w, https:\/\/www.jymachinetech.com\/wp-content\/uploads\/2021\/12\/img_3293-600x400.jpeg 600w\" sizes=\"(max-width: 849px) 100vw, 849px\" \/><\/p>\n<p>Con\u00e7u pour r\u00e9duire la main-d'\u0153uvre manuelle, notre syst\u00e8me est \u00e9quip\u00e9 d'un syst\u00e8me de pulv\u00e9risation d'huile automatique, facilitant le d\u00e9moulage des bonbons. Cette fonctionnalit\u00e9 avanc\u00e9e garantit un processus de production plus fluide, en \u00e9conomisant du temps et en am\u00e9liorant l'efficacit\u00e9 op\u00e9rationnelle en minimisant l'intervention manuelle lors de l'\u00e9tape de d\u00e9moulage.<\/p>\n<p>Notre machine de d\u00e9p\u00f4t est tr\u00e8s polyvalente et peut produire une large gamme de bonbons, y compris des bonbons monocolores, bicolores et en sandwich. Cette flexibilit\u00e9 permet aux fabricants de cr\u00e9er facilement une diversit\u00e9 de produits, r\u00e9pondant aux demandes du march\u00e9 et offrant des possibilit\u00e9s cr\u00e9atives pour \u00e9largir leur gamme de produits.<\/p>\n<p>Avec son fonctionnement sans faille, ses fonctionnalit\u00e9s d'\u00e9conomie de temps et sa capacit\u00e9 \u00e0 produire diff\u00e9rents types de bonbons, notre machine de d\u00e9p\u00f4t est la solution id\u00e9ale pour les fabricants souhaitant rationaliser la production tout en maintenant la qualit\u00e9 et la coh\u00e9rence du produit.<\/p>\n<p><img loading=\"lazy\" decoding=\"async\" width=\"408\" height=\"386\" class=\"wp-image-4830 alignleft\" src=\"https:\/\/www.jymachinetech.com\/wp-content\/uploads\/2021\/12\/word-image-1277-6.png\" alt=\"\" srcset=\"https:\/\/www.jymachinetech.com\/wp-content\/uploads\/2021\/12\/word-image-1277-6.png 408w, https:\/\/www.jymachinetech.com\/wp-content\/uploads\/2021\/12\/word-image-1277-6-13x12.png 13w\" sizes=\"(max-width: 408px) 100vw, 408px\" \/><\/p>\n<p><img loading=\"lazy\" decoding=\"async\" width=\"433\" height=\"406\" class=\"wp-image-4831 alignleft\" src=\"https:\/\/www.jymachinetech.com\/wp-content\/uploads\/2021\/12\/word-image-1277-7.png\" alt=\"\" srcset=\"https:\/\/www.jymachinetech.com\/wp-content\/uploads\/2021\/12\/word-image-1277-7.png 433w, https:\/\/www.jymachinetech.com\/wp-content\/uploads\/2021\/12\/word-image-1277-7-13x12.png 13w\" sizes=\"(max-width: 433px) 100vw, 433px\" \/><\/p>\n<p><img loading=\"lazy\" decoding=\"async\" width=\"414\" height=\"284\" class=\"wp-image-4832 alignleft\" src=\"https:\/\/www.jymachinetech.com\/wp-content\/uploads\/2021\/12\/word-image-1277-8.png\" alt=\"\" srcset=\"https:\/\/www.jymachinetech.com\/wp-content\/uploads\/2021\/12\/word-image-1277-8.png 414w, https:\/\/www.jymachinetech.com\/wp-content\/uploads\/2021\/12\/word-image-1277-8-18x12.png 18w\" sizes=\"(max-width: 414px) 100vw, 414px\" \/><\/p>\n<p><img loading=\"lazy\" decoding=\"async\" width=\"347\" height=\"347\" class=\"wp-image-4833\" src=\"https:\/\/www.jymachinetech.com\/wp-content\/uploads\/2021\/12\/word-image-1277-9.png\" alt=\"\" srcset=\"https:\/\/www.jymachinetech.com\/wp-content\/uploads\/2021\/12\/word-image-1277-9.png 347w, https:\/\/www.jymachinetech.com\/wp-content\/uploads\/2021\/12\/word-image-1277-9-12x12.png 12w, https:\/\/www.jymachinetech.com\/wp-content\/uploads\/2021\/12\/word-image-1277-9-300x300.png 300w, https:\/\/www.jymachinetech.com\/wp-content\/uploads\/2021\/12\/word-image-1277-9-100x100.png 100w\" sizes=\"(max-width: 347px) 100vw, 347px\" \/> <img loading=\"lazy\" decoding=\"async\" width=\"347\" height=\"347\" class=\"wp-image-4834\" src=\"https:\/\/www.jymachinetech.com\/wp-content\/uploads\/2021\/12\/word-image-1277-10.png\" alt=\"\" srcset=\"https:\/\/www.jymachinetech.com\/wp-content\/uploads\/2021\/12\/word-image-1277-10.png 347w, https:\/\/www.jymachinetech.com\/wp-content\/uploads\/2021\/12\/word-image-1277-10-12x12.png 12w, https:\/\/www.jymachinetech.com\/wp-content\/uploads\/2021\/12\/word-image-1277-10-300x300.png 300w, https:\/\/www.jymachinetech.com\/wp-content\/uploads\/2021\/12\/word-image-1277-10-100x100.png 100w\" sizes=\"(max-width: 347px) 100vw, 347px\" \/> <img loading=\"lazy\" decoding=\"async\" width=\"343\" height=\"331\" class=\"wp-image-4835\" src=\"https:\/\/www.jymachinetech.com\/wp-content\/uploads\/2021\/12\/word-image-1277-11.png\" alt=\"\" srcset=\"https:\/\/www.jymachinetech.com\/wp-content\/uploads\/2021\/12\/word-image-1277-11.png 343w, https:\/\/www.jymachinetech.com\/wp-content\/uploads\/2021\/12\/word-image-1277-11-12x12.png 12w\" sizes=\"(max-width: 343px) 100vw, 343px\" \/><\/p>\n<p><img loading=\"lazy\" decoding=\"async\" width=\"1098\" height=\"824\" class=\"wp-image-4836\" src=\"https:\/\/www.jymachinetech.com\/wp-content\/uploads\/2021\/12\/img_1659.jpeg\" alt=\"IMG_1659\" srcset=\"https:\/\/www.jymachinetech.com\/wp-content\/uploads\/2021\/12\/img_1659.jpeg 1098w, https:\/\/www.jymachinetech.com\/wp-content\/uploads\/2021\/12\/img_1659-16x12.jpeg 16w, https:\/\/www.jymachinetech.com\/wp-content\/uploads\/2021\/12\/img_1659-600x450.jpeg 600w\" sizes=\"(max-width: 1098px) 100vw, 1098px\" \/><\/p>\n<p>Notre tunnel de refroidissement est construit avec un cadre en acier inoxydable SUS304 robuste, reconnu pour sa durabilit\u00e9 exceptionnelle et sa r\u00e9sistance \u00e0 la corrosion. Le cadre est \u00e9paissi pour une stabilit\u00e9 accrue lors de l'utilisation, garantissant une performance fluide avec un minimum de vibrations et de bruit, m\u00eame lors d'une utilisation prolong\u00e9e. Ce design am\u00e9liore non seulement la fiabilit\u00e9 de l'\u00e9quipement, mais contribue \u00e9galement \u00e0 une dur\u00e9e de vie plus longue, faisant de lui un choix \u00e9conomique pour des besoins de production \u00e0 long terme.<\/p>\n<p>Nous avons \u00e9quip\u00e9 notre tunnel de refroidissement de syst\u00e8mes de r\u00e9frig\u00e9ration de haute qualit\u00e9, optimis\u00e9s pour une efficacit\u00e9 de refroidissement sup\u00e9rieure. Ces syst\u00e8mes avanc\u00e9s assurent un contr\u00f4le rapide et constant de la temp\u00e9rature, am\u00e9liorant le processus de production global en r\u00e9duisant les temps de refroidissement et en maintenant l'int\u00e9grit\u00e9 des bonbons.<\/p>\n<p>De plus, notre \u00e9quipement pr\u00e9sente des surfaces lisses et bien finies, y compris les poign\u00e9es de porte, qui sont non seulement esth\u00e9tiques mais aussi faciles \u00e0 entretenir et \u00e0 nettoyer. Le design \u00e9l\u00e9gant et robuste garantit que le tunnel de refroidissement est \u00e0 la fois attrayant visuellement et con\u00e7u pour r\u00e9sister aux exigences d'une utilisation continue dans un environnement haute performance.<\/p>\n<p><img loading=\"lazy\" decoding=\"async\" width=\"808\" height=\"539\" class=\"wp-image-4837\" src=\"https:\/\/www.jymachinetech.com\/wp-content\/uploads\/2021\/12\/img_3374.jpeg\" alt=\"IMG_3374\" srcset=\"https:\/\/www.jymachinetech.com\/wp-content\/uploads\/2021\/12\/img_3374.jpeg 808w, https:\/\/www.jymachinetech.com\/wp-content\/uploads\/2021\/12\/img_3374-18x12.jpeg 18w, https:\/\/www.jymachinetech.com\/wp-content\/uploads\/2021\/12\/img_3374-600x400.jpeg 600w\" sizes=\"(max-width: 808px) 100vw, 808px\" \/><\/p>\n<p><img loading=\"lazy\" decoding=\"async\" width=\"709\" height=\"532\" class=\"wp-image-4838\" src=\"https:\/\/www.jymachinetech.com\/wp-content\/uploads\/2021\/12\/20240618153005.jpeg\" alt=\"Image WeChat_20240618153005\" srcset=\"https:\/\/www.jymachinetech.com\/wp-content\/uploads\/2021\/12\/20240618153005.jpeg 709w, https:\/\/www.jymachinetech.com\/wp-content\/uploads\/2021\/12\/20240618153005-16x12.jpeg 16w, https:\/\/www.jymachinetech.com\/wp-content\/uploads\/2021\/12\/20240618153005-600x450.jpeg 600w\" sizes=\"(max-width: 709px) 100vw, 709px\" \/><\/p>\n<p><img loading=\"lazy\" decoding=\"async\" width=\"688\" height=\"459\" class=\"wp-image-4839\" src=\"https:\/\/www.jymachinetech.com\/wp-content\/uploads\/2021\/12\/img_3353.png\" alt=\"IMG_3353\" srcset=\"https:\/\/www.jymachinetech.com\/wp-content\/uploads\/2021\/12\/img_3353.png 688w, https:\/\/www.jymachinetech.com\/wp-content\/uploads\/2021\/12\/img_3353-18x12.png 18w, https:\/\/www.jymachinetech.com\/wp-content\/uploads\/2021\/12\/img_3353-600x400.png 600w\" sizes=\"(max-width: 688px) 100vw, 688px\" \/> <img loading=\"lazy\" decoding=\"async\" width=\"640\" height=\"470\" class=\"wp-image-4840\" src=\"https:\/\/www.jymachinetech.com\/wp-content\/uploads\/2021\/12\/word-image-1277-16.png\" alt=\"\" srcset=\"https:\/\/www.jymachinetech.com\/wp-content\/uploads\/2021\/12\/word-image-1277-16.png 640w, https:\/\/www.jymachinetech.com\/wp-content\/uploads\/2021\/12\/word-image-1277-16-16x12.png 16w, https:\/\/www.jymachinetech.com\/wp-content\/uploads\/2021\/12\/word-image-1277-16-600x441.png 600w\" sizes=\"(max-width: 640px) 100vw, 640px\" \/><\/p>\n<p><img loading=\"lazy\" decoding=\"async\" width=\"757\" height=\"576\" class=\"wp-image-4841\" src=\"https:\/\/www.jymachinetech.com\/wp-content\/uploads\/2021\/12\/20240618153001.jpeg\" alt=\"Image WeChat_20240618153001\" srcset=\"https:\/\/www.jymachinetech.com\/wp-content\/uploads\/2021\/12\/20240618153001.jpeg 757w, https:\/\/www.jymachinetech.com\/wp-content\/uploads\/2021\/12\/20240618153001-16x12.jpeg 16w, https:\/\/www.jymachinetech.com\/wp-content\/uploads\/2021\/12\/20240618153001-600x457.jpeg 600w\" sizes=\"(max-width: 757px) 100vw, 757px\" \/> <img loading=\"lazy\" decoding=\"async\" width=\"605\" height=\"454\" class=\"wp-image-4842\" src=\"https:\/\/www.jymachinetech.com\/wp-content\/uploads\/2021\/12\/20240618153018.jpeg\" alt=\"Image WeChat_20240618153018\" srcset=\"https:\/\/www.jymachinetech.com\/wp-content\/uploads\/2021\/12\/20240618153018.jpeg 605w, https:\/\/www.jymachinetech.com\/wp-content\/uploads\/2021\/12\/20240618153018-16x12.jpeg 16w, https:\/\/www.jymachinetech.com\/wp-content\/uploads\/2021\/12\/20240618153018-600x450.jpeg 600w\" sizes=\"(max-width: 605px) 100vw, 605px\" \/><\/p>\n<p>Le contr\u00f4leur mobile ajoute une couche suppl\u00e9mentaire de flexibilit\u00e9 et de commodit\u00e9 \u00e0 vos op\u00e9rations, permettant aux op\u00e9rateurs d'ajuster facilement les r\u00e9glages et de g\u00e9rer le syst\u00e8me depuis diff\u00e9rentes positions dans la zone de production. Ce design intuitif facilite la surveillance et le contr\u00f4le de l'ensemble du processus, am\u00e9liorant le flux de travail et r\u00e9duisant le temps consacr\u00e9 aux ajustements manuels.<\/p>\n<p>De plus, le moule et la cha\u00eene sont fix\u00e9s de mani\u00e8re s\u00e9curis\u00e9e et stable, garantissant un processus de production fiable et coh\u00e9rent. Cette configuration stable minimise le risque de dysfonctionnements et assure que chaque lot est produit avec la plus grande pr\u00e9cision, maintenant des normes de haute qualit\u00e9 tout au long de la production.<\/p>\n<p><img loading=\"lazy\" decoding=\"async\" width=\"705\" height=\"705\" class=\"wp-image-4843\" src=\"https:\/\/www.jymachinetech.com\/wp-content\/uploads\/2021\/12\/unnamed-file.png\" alt=\"\u88f9\u6cb9\u673a\" srcset=\"https:\/\/www.jymachinetech.com\/wp-content\/uploads\/2021\/12\/unnamed-file.png 705w, https:\/\/www.jymachinetech.com\/wp-content\/uploads\/2021\/12\/unnamed-file-12x12.png 12w, https:\/\/www.jymachinetech.com\/wp-content\/uploads\/2021\/12\/unnamed-file-300x300.png 300w, https:\/\/www.jymachinetech.com\/wp-content\/uploads\/2021\/12\/unnamed-file-600x600.png 600w, https:\/\/www.jymachinetech.com\/wp-content\/uploads\/2021\/12\/unnamed-file-100x100.png 100w\" sizes=\"(max-width: 705px) 100vw, 705px\" \/> <img loading=\"lazy\" decoding=\"async\" width=\"1265\" height=\"843\" class=\"wp-image-4844\" src=\"https:\/\/www.jymachinetech.com\/wp-content\/uploads\/2021\/12\/unnamed-file.jpeg\" alt=\"\u88f9\u6cb9\u673a\" srcset=\"https:\/\/www.jymachinetech.com\/wp-content\/uploads\/2021\/12\/unnamed-file.jpeg 1265w, https:\/\/www.jymachinetech.com\/wp-content\/uploads\/2021\/12\/unnamed-file-18x12.jpeg 18w, https:\/\/www.jymachinetech.com\/wp-content\/uploads\/2021\/12\/unnamed-file-600x400.jpeg 600w\" sizes=\"(max-width: 1265px) 100vw, 1265px\" \/><\/p>\n<p>La machine \u00e0 emballer sucre\/huile est con\u00e7ue pour assurer une couverture uniforme du sucre granul\u00e9 sur chaque bonbon mou apr\u00e8s un traitement rotatif \u00e0 plusieurs niveaux. Ce syst\u00e8me avanc\u00e9 garantit que chaque pi\u00e8ce est uniform\u00e9ment enrob\u00e9e, am\u00e9liorant \u00e0 la fois l'apparence et la texture du bonbon.<\/p>\n<p>Fabriqu\u00e9e en acier inoxydable de haute qualit\u00e9, la machine offre une capacit\u00e9 de charge sup\u00e9rieure, assurant durabilit\u00e9 et fiabilit\u00e9 m\u00eame lors d'une utilisation prolong\u00e9e. La conception permet \u00e9galement un ajustement facile de la capacit\u00e9 et de la hauteur, la rendant adaptable \u00e0 divers besoins de production et \u00e0 diff\u00e9rentes tailles de bonbons, assurant une flexibilit\u00e9 pour r\u00e9pondre \u00e0 diverses exigences de fabrication.<\/p>\n<p>Que vous produisiez de petites s\u00e9ries ou des productions \u00e0 grande \u00e9chelle, cette machine est con\u00e7ue pour fournir des r\u00e9sultats coh\u00e9rents et de haute qualit\u00e9, rationalisant le processus d'emballage et am\u00e9liorant l'efficacit\u00e9 globale de la production.<\/p>\n<p>&nbsp;<\/p>","protected":false},"excerpt":{"rendered":"<p>En int\u00e9grant une technologie avanc\u00e9e et des processus rationalis\u00e9s, cette ligne aide les fabricants de bonbons \u00e0 augmenter leur productivit\u00e9 tout en garantissant que chaque lot respecte les normes les plus \u00e9lev\u00e9es. Que vous produisiez des gel\u00e9es, des gummies ou d'autres bonbons \u00e0 base de pectine, ce syst\u00e8me offre une solution fiable et \u00e9conomique pour r\u00e9pondre \u00e0 la demande croissante du march\u00e9.<\/p>","protected":false},"featured_media":4937,"comment_status":"closed","ping_status":"closed","template":"","meta":[],"product_brand":[],"product_cat":[16,98],"product_tag":[],"class_list":{"0":"post-1277","1":"product","2":"type-product","3":"status-publish","4":"has-post-thumbnail","6":"product_cat-candy-machine","7":"product_cat-gummy-candy-machine","9":"first","10":"instock","11":"shipping-taxable","12":"product-type-simple"},"_links":{"self":[{"href":"https:\/\/www.jymachinetech.com\/fr\/wp-json\/wp\/v2\/product\/1277","targetHints":{"allow":["GET"]}}],"collection":[{"href":"https:\/\/www.jymachinetech.com\/fr\/wp-json\/wp\/v2\/product"}],"about":[{"href":"https:\/\/www.jymachinetech.com\/fr\/wp-json\/wp\/v2\/types\/product"}],"replies":[{"embeddable":true,"href":"https:\/\/www.jymachinetech.com\/fr\/wp-json\/wp\/v2\/comments?post=1277"}],"version-history":[{"count":0,"href":"https:\/\/www.jymachinetech.com\/fr\/wp-json\/wp\/v2\/product\/1277\/revisions"}],"wp:featuredmedia":[{"embeddable":true,"href":"https:\/\/www.jymachinetech.com\/fr\/wp-json\/wp\/v2\/media\/4937"}],"wp:attachment":[{"href":"https:\/\/www.jymachinetech.com\/fr\/wp-json\/wp\/v2\/media?parent=1277"}],"wp:term":[{"taxonomy":"product_brand","embeddable":true,"href":"https:\/\/www.jymachinetech.com\/fr\/wp-json\/wp\/v2\/product_brand?post=1277"},{"taxonomy":"product_cat","embeddable":true,"href":"https:\/\/www.jymachinetech.com\/fr\/wp-json\/wp\/v2\/product_cat?post=1277"},{"taxonomy":"product_tag","embeddable":true,"href":"https:\/\/www.jymachinetech.com\/fr\/wp-json\/wp\/v2\/product_tag?post=1277"}],"curies":[{"name":"wp","href":"https:\/\/api.w.org\/{rel}","templated":true}]}}